{"id":31636,"date":"2023-08-24T17:30:42","date_gmt":"2023-08-24T17:30:42","guid":{"rendered":"https:\/\/therninc.wpenginepowered.com\/winches\/electric-controls\/"},"modified":"2023-10-05T18:46:48","modified_gmt":"2023-10-05T18:46:48","slug":"electric-controls","status":"publish","type":"page","link":"https:\/\/thern.com\/es\/winches\/electric-controls\/","title":{"rendered":"Control Systems"},"content":{"rendered":"<div class=\"wpb-content-wrapper\"><p>[vc_section full_width=\u00bbstretch_row\u00bb content_placement=\u00bbmiddle\u00bb css=\u00bb.vc_custom_1692898035275{padding-top: 0px !important;background-image: url(https:\/\/thern.com\/wp-content\/uploads\/2023\/07\/Asset-1.png?id=344) !important;background-position: center !important;background-repeat: no-repeat !important;background-size: cover !important;}\u00bb][vc_row full_width=\u00bbstretch_row\u00bb css=\u00bb.vc_custom_1692898018535{padding-top: 50px !important;padding-bottom: 70px !important;background-color: rgba(0,0,0,0.5) !important;*background-color: rgb(0,0,0) !important;}\u00bb][vc_column][vc_custom_heading text=\u00bbSistemas de control\u00bb font_container=\u00bbtag:h1|text_align:left|color:%23ffffff\u00bb use_theme_fonts=\u00bbyes\u00bb css_animation=\u00bbfadeInLeft\u00bb][\/vc_column][\/vc_row][\/vc_section][vc_row full_width=\u00bbstretch_row\u00bb css=\u00bb.vc_custom_1692898264681{padding-top: 35px !important;}\u00bb el_class=\u00bbresource-btn-container\u00bb][vc_column css_animation=\u00bbfadeInUp\u00bb][vc_custom_heading text=\u00bbThern Sistemas de control el\u00e9ctrico para cabrestantes\u00bb font_container=\u00bbtag:h2|text_align:center|color:%23990000&#8243; use_theme_fonts=\u00bbyes\u00bb][vc_column_text]<\/p>\n<p style=\"text-align: center;\">Cada proyecto es diferente y Thern, Inc. comprende el valor de un sistema personalizado. Utilizando \u00fanicamente componentes UL de alta calidad, podemos dise\u00f1ar y construir un sistema de control personalizado y de valor agregado seg\u00fan sus especificaciones exactas y requisitos del proyecto.<\/p>\n<p style=\"text-align: center;\">Ofrecemos una amplia variedad de opciones de control, desde controles de motores de cabrestantes el\u00e9ctricos, sistemas de control remoto de cabrestantes, controles de motores de una sola velocidad para cabrestantes y controles de motores de velocidad variable para cabrestantes. Sistemas de control de cabrestante el\u00e9ctrico con interruptores y paneles de control que le dan a su equipo el control de sus operaciones.<\/p>\n<p>[\/vc_column_text][\/vc_column][\/vc_row][vc_row full_width=\u00bbstretch_row\u00bb css=\u00bb.vc_custom_1689106296317{padding-top: 35px !important;padding-bottom: 35px !important;}\u00bb el_class=\u00bbresource-btn-container\u00bb][vc_column css_animation=\u00bbfadeInLeft\u00bb width=\u00bb1\/2&#8243;][vc_btn title=\u00bbControles de motor de una sola velocidad\u00bb shape=\u00bbsquare\u00bb color=\u00bbwhite\u00bb size=\u00bblg\u00bb align=\u00bbcenter\u00bb button_block=\u00bbtrue\u00bb link=\u00bburl:%2Fwp-content%2Fuploads%2F2023%2F08%2FWireless-Controls-Product-Sheet.pdf|title:View%20Single-Speed%20Motor%20Controls|target:_blank\u00bb el_class=\u00bbwhite-btn\u00bb][vc_btn title=\u00bbControles inal\u00e1mbricos de motor de una sola velocidad\u00bb shape=\u00bbsquare\u00bb color=\u00bbwhite\u00bb size=\u00bblg\u00bb align=\u00bbcenter\u00bb button_block=\u00bbtrue\u00bb link=\u00bburl:%2Fwp-content%2Fuploads%2F2023%2F08%2FWireless-Controls-Product-Sheet.pdf|title:View%20Wireless%20Single-Speed%20Motor%20Controls|target:_blank\u00bb el_class=\u00bbwhite-btn\u00bb][\/vc_column][vc_column css_animation=\u00bbfadeInRight\u00bb width=\u00bb1\/2&#8243;][vc_btn title=\u00bbControles de motor de velocidad variable\u00bb shape=\u00bbsquare\u00bb color=\u00bbwhite\u00bb size=\u00bblg\u00bb align=\u00bbcenter\u00bb button_block=\u00bbtrue\u00bb link=\u00bburl:%2Fwp-content%2Fuploads%2F2023%2F08%2FWireless-Controls-Product-Sheet.pdf|title:View%20Variable-Speed%20Motor%20Controls|target:_blank\u00bb el_class=\u00bbwhite-btn\u00bb][vc_btn title=\u00bbSistemas de control personalizados\u00bb shape=\u00bbsquare\u00bb color=\u00bbwhite\u00bb size=\u00bblg\u00bb align=\u00bbcenter\u00bb button_block=\u00bbtrue\u00bb link=\u00bburl:%2Fwp-content%2Fuploads%2F2023%2F08%2FWireless-Controls-Product-Sheet.pdf|title:View%20Custom%20Control%20Systems|target:_blank\u00bb el_class=\u00bbwhite-btn\u00bb][\/vc_column][\/vc_row]<\/p>\n<\/div>","protected":false},"excerpt":{"rendered":"<p>[vc_section full_width=\u00bbstretch_row\u00bb content_placement=\u00bbmiddle\u00bb css=\u00bb.vc_custom_1692898035275{padding-top: 0px !important;background-image: url(https:\/\/thern.com\/wp-content\/uploads\/2023\/07\/Asset-1.png?id=344) !important;background-position: center !important;background-repeat: no-repeat !important;background-size: cover !important;}\u00bb][vc_row full_width=\u00bbstretch_row\u00bb css=\u00bb.vc_custom_1692898018535{padding-top: 50px !important;padding-bottom: 70px !important;background-color: rgba(0,0,0,0.5) !important;*background-color: rgb(0,0,0) !important;}\u00bb][vc_column][vc_custom_heading text=\u00bbSistemas de control\u00bb font_container=\u00bbtag:h1|text_align:left|color:%23ffffff\u00bb use_theme_fonts=\u00bbyes\u00bb css_animation=\u00bbfadeInLeft\u00bb][\/vc_column][\/vc_row][\/vc_section][vc_row full_width=\u00bbstretch_row\u00bb css=\u00bb.vc_custom_1692898264681{padding-top: 35px !important;}\u00bb el_class=\u00bbresource-btn-container\u00bb][vc_column css_animation=\u00bbfadeInUp\u00bb][vc_custom_heading text=\u00bbThern Sistemas de control el\u00e9ctrico para cabrestantes\u00bb font_container=\u00bbtag:h2|text_align:center|color:%23990000&#8243; use_theme_fonts=\u00bbyes\u00bb][vc_column_text] Cada proyecto es diferente y Thern, Inc. comprende el valor &#8230; <a title=\"Control Systems\" class=\"read-more\" href=\"https:\/\/thern.com\/es\/winches\/electric-controls\/\" aria-label=\"More on Control Systems\">Read more<\/a><\/p>\n","protected":false},"author":1,"featured_media":0,"parent":30943,"menu_order":0,"comment_status":"closed","ping_status":"closed","template":"","meta":{"footnotes":""},"class_list":["post-31636","page","type-page","status-publish"],"yoast_head":"<!-- This site is optimized with the Yoast SEO plugin v27.3 - https:\/\/yoast.com\/product\/yoast-seo-wordpress\/ -->\n<title>Sistemas de control el\u00e9ctrico para cabrestantes | Thern\u00ae Winches &amp; Cranes<\/title>\n<meta name=\"description\" content=\"Thern proporciona controles de motores de cabrestantes el\u00e9ctricos, sistemas de control remoto de cabrestantes, controles de motores de velocidad \u00fanica y variable para cabrestantes.\" \/>\n<meta name=\"robots\" content=\"index, follow, max-snippet:-1, max-image-preview:large, max-video-preview:-1\" \/>\n<link rel=\"canonical\" href=\"https:\/\/thern.com\/es\/winches\/electric-controls\/\" \/>\n<meta property=\"og:locale\" content=\"es_ES\" \/>\n<meta property=\"og:type\" content=\"article\" \/>\n<meta property=\"og:title\" content=\"Sistemas de control el\u00e9ctrico para cabrestantes | Thern\u00ae Winches &amp; Cranes\" \/>\n<meta property=\"og:description\" content=\"Thern proporciona controles de motores de cabrestantes el\u00e9ctricos, sistemas de control remoto de cabrestantes, controles de motores de velocidad \u00fanica y variable para cabrestantes.\" \/>\n<meta property=\"og:url\" content=\"https:\/\/thern.com\/es\/winches\/electric-controls\/\" \/>\n<meta property=\"og:site_name\" content=\"Thern\u00ae Winches &amp; Cranes\" \/>\n<meta property=\"article:publisher\" content=\"https:\/\/www.facebook.com\/ThernInc\/\" \/>\n<meta property=\"article:modified_time\" content=\"2023-10-05T18:46:48+00:00\" \/>\n<meta name=\"twitter:card\" content=\"summary_large_image\" \/>\n<meta name=\"twitter:label1\" content=\"Tiempo de lectura\" \/>\n\t<meta name=\"twitter:data1\" content=\"1 minuto\" \/>\n<script type=\"application\/ld+json\" class=\"yoast-schema-graph\">{\"@context\":\"https:\\\/\\\/schema.org\",\"@graph\":[{\"@type\":\"WebPage\",\"@id\":\"https:\\\/\\\/thern.com\\\/es\\\/winches\\\/electric-controls\\\/\",\"url\":\"https:\\\/\\\/thern.com\\\/es\\\/winches\\\/electric-controls\\\/\",\"name\":\"Sistemas de control el\u00e9ctrico para cabrestantes | Thern\u00ae Winches &amp; Cranes\",\"isPartOf\":{\"@id\":\"https:\\\/\\\/thern.com\\\/es\\\/#website\"},\"datePublished\":\"2023-08-24T17:30:42+00:00\",\"dateModified\":\"2023-10-05T18:46:48+00:00\",\"description\":\"Thern proporciona controles de motores de cabrestantes el\u00e9ctricos, sistemas de control remoto de cabrestantes, controles de motores de velocidad \u00fanica y variable para cabrestantes.\",\"breadcrumb\":{\"@id\":\"https:\\\/\\\/thern.com\\\/es\\\/winches\\\/electric-controls\\\/#breadcrumb\"},\"inLanguage\":\"es\",\"potentialAction\":[{\"@type\":\"ReadAction\",\"target\":[\"https:\\\/\\\/thern.com\\\/es\\\/winches\\\/electric-controls\\\/\"]}]},{\"@type\":\"BreadcrumbList\",\"@id\":\"https:\\\/\\\/thern.com\\\/es\\\/winches\\\/electric-controls\\\/#breadcrumb\",\"itemListElement\":[{\"@type\":\"ListItem\",\"position\":1,\"name\":\"Home\",\"item\":\"https:\\\/\\\/thern.com\\\/es\\\/\"},{\"@type\":\"ListItem\",\"position\":2,\"name\":\"Winches\",\"item\":\"https:\\\/\\\/thern.com\\\/es\\\/winches\\\/\"},{\"@type\":\"ListItem\",\"position\":3,\"name\":\"Control Systems\"}]},{\"@type\":\"WebSite\",\"@id\":\"https:\\\/\\\/thern.com\\\/es\\\/#website\",\"url\":\"https:\\\/\\\/thern.com\\\/es\\\/\",\"name\":\"Thern\u00ae Winches &amp; Cranes\",\"description\":\"Leave the Heavy Lifting to Us\",\"publisher\":{\"@id\":\"https:\\\/\\\/thern.com\\\/es\\\/#organization\"},\"potentialAction\":[{\"@type\":\"SearchAction\",\"target\":{\"@type\":\"EntryPoint\",\"urlTemplate\":\"https:\\\/\\\/thern.com\\\/es\\\/?s={search_term_string}\"},\"query-input\":{\"@type\":\"PropertyValueSpecification\",\"valueRequired\":true,\"valueName\":\"search_term_string\"}}],\"inLanguage\":\"es\"},{\"@type\":\"Organization\",\"@id\":\"https:\\\/\\\/thern.com\\\/es\\\/#organization\",\"name\":\"Thern\u00ae Winches &amp; Cranes\",\"url\":\"https:\\\/\\\/thern.com\\\/es\\\/\",\"logo\":{\"@type\":\"ImageObject\",\"inLanguage\":\"es\",\"@id\":\"https:\\\/\\\/thern.com\\\/es\\\/#\\\/schema\\\/logo\\\/image\\\/\",\"url\":\"https:\\\/\\\/thern.com\\\/wp-content\\\/uploads\\\/2023\\\/11\\\/Logo_SaveForWeb-outline-FINAL-01.svg\",\"contentUrl\":\"https:\\\/\\\/thern.com\\\/wp-content\\\/uploads\\\/2023\\\/11\\\/Logo_SaveForWeb-outline-FINAL-01.svg\",\"caption\":\"Thern\u00ae Winches &amp; Cranes\"},\"image\":{\"@id\":\"https:\\\/\\\/thern.com\\\/es\\\/#\\\/schema\\\/logo\\\/image\\\/\"},\"sameAs\":[\"https:\\\/\\\/www.facebook.com\\\/ThernInc\\\/\",\"https:\\\/\\\/www.linkedin.com\\\/company\\\/thern-inc-\\\/\",\"https:\\\/\\\/www.youtube.com\\\/user\\\/ThernStage\"]}]}<\/script>\n<!-- \/ Yoast SEO plugin. -->","yoast_head_json":{"title":"Sistemas de control el\u00e9ctrico para cabrestantes | Thern\u00ae Winches &amp; Cranes","description":"Thern proporciona controles de motores de cabrestantes el\u00e9ctricos, sistemas de control remoto de cabrestantes, controles de motores de velocidad \u00fanica y variable para cabrestantes.","robots":{"index":"index","follow":"follow","max-snippet":"max-snippet:-1","max-image-preview":"max-image-preview:large","max-video-preview":"max-video-preview:-1"},"canonical":"https:\/\/thern.com\/es\/winches\/electric-controls\/","og_locale":"es_ES","og_type":"article","og_title":"Sistemas de control el\u00e9ctrico para cabrestantes | Thern\u00ae Winches &amp; Cranes","og_description":"Thern proporciona controles de motores de cabrestantes el\u00e9ctricos, sistemas de control remoto de cabrestantes, controles de motores de velocidad \u00fanica y variable para cabrestantes.","og_url":"https:\/\/thern.com\/es\/winches\/electric-controls\/","og_site_name":"Thern\u00ae Winches &amp; Cranes","article_publisher":"https:\/\/www.facebook.com\/ThernInc\/","article_modified_time":"2023-10-05T18:46:48+00:00","twitter_card":"summary_large_image","twitter_misc":{"Tiempo de lectura":"1 minuto"},"schema":{"@context":"https:\/\/schema.org","@graph":[{"@type":"WebPage","@id":"https:\/\/thern.com\/es\/winches\/electric-controls\/","url":"https:\/\/thern.com\/es\/winches\/electric-controls\/","name":"Sistemas de control el\u00e9ctrico para cabrestantes | Thern\u00ae Winches &amp; Cranes","isPartOf":{"@id":"https:\/\/thern.com\/es\/#website"},"datePublished":"2023-08-24T17:30:42+00:00","dateModified":"2023-10-05T18:46:48+00:00","description":"Thern proporciona controles de motores de cabrestantes el\u00e9ctricos, sistemas de control remoto de cabrestantes, controles de motores de velocidad \u00fanica y variable para cabrestantes.","breadcrumb":{"@id":"https:\/\/thern.com\/es\/winches\/electric-controls\/#breadcrumb"},"inLanguage":"es","potentialAction":[{"@type":"ReadAction","target":["https:\/\/thern.com\/es\/winches\/electric-controls\/"]}]},{"@type":"BreadcrumbList","@id":"https:\/\/thern.com\/es\/winches\/electric-controls\/#breadcrumb","itemListElement":[{"@type":"ListItem","position":1,"name":"Home","item":"https:\/\/thern.com\/es\/"},{"@type":"ListItem","position":2,"name":"Winches","item":"https:\/\/thern.com\/es\/winches\/"},{"@type":"ListItem","position":3,"name":"Control Systems"}]},{"@type":"WebSite","@id":"https:\/\/thern.com\/es\/#website","url":"https:\/\/thern.com\/es\/","name":"Thern\u00ae Winches &amp; Cranes","description":"Leave the Heavy Lifting to Us","publisher":{"@id":"https:\/\/thern.com\/es\/#organization"},"potentialAction":[{"@type":"SearchAction","target":{"@type":"EntryPoint","urlTemplate":"https:\/\/thern.com\/es\/?s={search_term_string}"},"query-input":{"@type":"PropertyValueSpecification","valueRequired":true,"valueName":"search_term_string"}}],"inLanguage":"es"},{"@type":"Organization","@id":"https:\/\/thern.com\/es\/#organization","name":"Thern\u00ae Winches &amp; Cranes","url":"https:\/\/thern.com\/es\/","logo":{"@type":"ImageObject","inLanguage":"es","@id":"https:\/\/thern.com\/es\/#\/schema\/logo\/image\/","url":"https:\/\/thern.com\/wp-content\/uploads\/2023\/11\/Logo_SaveForWeb-outline-FINAL-01.svg","contentUrl":"https:\/\/thern.com\/wp-content\/uploads\/2023\/11\/Logo_SaveForWeb-outline-FINAL-01.svg","caption":"Thern\u00ae Winches &amp; Cranes"},"image":{"@id":"https:\/\/thern.com\/es\/#\/schema\/logo\/image\/"},"sameAs":["https:\/\/www.facebook.com\/ThernInc\/","https:\/\/www.linkedin.com\/company\/thern-inc-\/","https:\/\/www.youtube.com\/user\/ThernStage"]}]}},"_links":{"self":[{"href":"https:\/\/thern.com\/es\/wp-json\/wp\/v2\/pages\/31636","targetHints":{"allow":["GET"]}}],"collection":[{"href":"https:\/\/thern.com\/es\/wp-json\/wp\/v2\/pages"}],"about":[{"href":"https:\/\/thern.com\/es\/wp-json\/wp\/v2\/types\/page"}],"author":[{"embeddable":true,"href":"https:\/\/thern.com\/es\/wp-json\/wp\/v2\/users\/1"}],"replies":[{"embeddable":true,"href":"https:\/\/thern.com\/es\/wp-json\/wp\/v2\/comments?post=31636"}],"version-history":[{"count":0,"href":"https:\/\/thern.com\/es\/wp-json\/wp\/v2\/pages\/31636\/revisions"}],"up":[{"embeddable":true,"href":"https:\/\/thern.com\/es\/wp-json\/wp\/v2\/pages\/30943"}],"wp:attachment":[{"href":"https:\/\/thern.com\/es\/wp-json\/wp\/v2\/media?parent=31636"}],"curies":[{"name":"wp","href":"https:\/\/api.w.org\/{rel}","templated":true}]}}