{"id":31454,"date":"2023-08-16T17:50:46","date_gmt":"2023-08-16T17:50:46","guid":{"rendered":"https:\/\/therninc.wpenginepowered.com\/commander-500\/"},"modified":"2023-10-05T15:20:35","modified_gmt":"2023-10-05T15:20:35","slug":"commander-500","status":"publish","type":"page","link":"https:\/\/thern.com\/es\/cranes\/portable-davit-cranes\/commander-500\/","title":{"rendered":"COMMANDER 500"},"content":{"rendered":"<div class=\"wpb-content-wrapper\"><p>[vc_section full_width=\u00bbstretch_row\u00bb content_placement=\u00bbmiddle\u00bb css=\u00bb.vc_custom_1692043564683{padding-top: 0px !important;background-image: url(https:\/\/thern.com\/wp-content\/uploads\/2023\/08\/Thern_Thern-Advantage-Difference.jpg?id=22385) !important;background-position: center !important;background-repeat: no-repeat !important;background-size: cover !important;}\u00bb][vc_row full_width=\u00bbstretch_row\u00bb css=\u00bb.vc_custom_1691686038929{padding-top: 50px !important;padding-bottom: 70px !important;background-color: rgba(0,0,0,0.35) !important;*background-color: rgb(0,0,0) !important;}\u00bb][vc_column][vc_custom_heading text=\u00bb5PT5 Commander<sup>\u00ae<\/sup> 500 Serie\u00bb font_container=\u00bbtag:h1|text_align:left|color:%23ffffff\u00bb use_theme_fonts=\u00bbyes\u00bb css_animation=\u00bbfadeInLeft\u00bb][\/vc_column][\/vc_row][\/vc_section][vc_row full_width=\u00bbstretch_row\u00bb css=\u00bb.vc_custom_1693929835152{padding-top: 65px !important;padding-bottom: 35px !important;}\u00bb el_id=\u00bbcrane-details\u00bb][vc_column css_animation=\u00bbfadeInLeft\u00bb width=\u00bb1\/2&#8243;][vc_column_text]\u00a1Haga coincidir su gr\u00faa con el tama\u00f1o de su carga! La l\u00ednea de gr\u00faas pescante port\u00e1tiles m\u00e1s popular del mundo ahora ofrece todas las caracter\u00edsticas que usted aprecia en un modelo a\u00fan m\u00e1s liviano, perfecto para cargas m\u00e1s peque\u00f1as.[\/vc_column_text][vc_raw_html]JTNDYnV0dG9uJTIwaWQlM0QlMjJjb25maWd1cmUtY3JhbmUlMjIlM0VDb25maWd1cmFyJTIwZ3IlQzMlQkFhJTNDJTJGYnV0dG9uJTNF[\/vc_raw_html][vc_custom_heading text=\u00bbHechos r\u00e1pidos\u00bb font_container=\u00bbtag:h4|text_align:left|color:%23000000&#8243; use_theme_fonts=\u00bbyes\u00bb][vc_column_text]<\/p>\n<ul>\n<li>Capacidades de carga de hasta 650 lbs (300 kg)<\/li>\n<li>Operaci\u00f3n el\u00e9ctrica, hidr\u00e1ulica o neum\u00e1tica<\/li>\n<li>Gira 360\u00ba<\/li>\n<li>Ancla de desconexi\u00f3n r\u00e1pida<\/li>\n<li>Disponible en 5 acabados<\/li>\n<li>Garant\u00eda est\u00e1ndar de 2 a\u00f1os<\/li>\n<\/ul>\n<p>[\/vc_column_text][vc_custom_heading text=\u00bbModelos de serie\u00bb font_container=\u00bbtag:h4|text_align:left|color:%23000000&#8243; use_theme_fonts=\u00bbyes\u00bb][vc_column_text]<\/p>\n<ul>\n<li>5PT5<\/li>\n<li>5PT10<\/li>\n<li>5PT20<\/li>\n<\/ul>\n<p>[\/vc_column_text][vc_custom_heading text=\u00bb\u00bfNecesita una cotizaci\u00f3n?\u00bb font_container=\u00bbtag:h4|text_align:left|color:%23000000&#8243; use_theme_fonts=\u00bbyes\u00bb][vc_column_text]Si no est\u00e1 seguro de qu\u00e9 producto necesita y desea una cotizaci\u00f3n, complete un formulario de solicitud.[\/vc_column_text][vc_btn title=\u00bbConsigue una cotizaci\u00f3n\u00bb style=\u00bbcustom\u00bb custom_background=\u00bb#c71a32&#8243; custom_text=\u00bb#ffffff\u00bb shape=\u00bbsquare\u00bb size=\u00bblg\u00bb align=\u00bbleft\u00bb i_align=\u00bbright\u00bb i_icon_fontawesome=\u00bbfas fa-angle-right\u00bb add_icon=\u00bbtrue\u00bb link=\u00bburl:%2Fes%2Fcontact%2F%3Fquery_type%3Dcrane-inquiry|title:Crane%20Inquiry\u00bb][\/vc_column][vc_column css_animation=\u00bbfadeInRight\u00bb width=\u00bb1\/2&#8243;][vc_single_image image=\u00bb22746&#8243; img_size=\u00bbfull\u00bb alignment=\u00bbcenter\u00bb][vc_row_inner][vc_column_inner width=\u00bb1\/4&#8243;][vc_single_image image=\u00bb22667&#8243; img_size=\u00bbfull\u00bb el_class=\u00bbiso-img\u00bb][\/vc_column_inner][vc_column_inner width=\u00bb3\/4&#8243;][vc_column_text]<em><strong>Commander 500<\/strong> \u2014 Gr\u00faa modelo 5PT5.<\/em>[\/vc_column_text][\/vc_column_inner][\/vc_row_inner][\/vc_column][\/vc_row][vc_row css_animation=\u00bbfadeInUp\u00bb][vc_column][vc_raw_html]JTVCY29tbWFuZGVyJTIwc2VyaWVzJTNEJTIyNTAwJTIyJTVE[\/vc_raw_html][vc_separator border_width=\u00bb2&#8243;][\/vc_column][\/vc_row][vc_row css_animation=\u00bbfadeInUp\u00bb css=\u00bb.vc_custom_1695053448706{padding-top: 35px !important;padding-bottom: 35px !important;}\u00bb][vc_column][vc_tta_tabs section_title_tag=\u00bbp\u00bb shape=\u00bbsquare\u00bb color=\u00bbwhite\u00bb spacing=\u00bb3&#8243; active_section=\u00bb1&#8243; el_class=\u00bbproduct-table\u00bb][vc_tta_section title=\u00bbConfigurations\u00bb tab_id=\u00bb1692039789424-f80bec7a-17bd\u00bb][vc_single_image image=\u00bb30784&#8243; img_size=\u00bbfull\u00bb alignment=\u00bbcenter\u00bb onclick=\u00bbimg_link_large\u00bb][vc_single_image image=\u00bb30790&#8243; img_size=\u00bbfull\u00bb alignment=\u00bbcenter\u00bb onclick=\u00bbimg_link_large\u00bb][\/vc_tta_section][vc_tta_section title=\u00bbFeatures\u00bb tab_id=\u00bb1692207850226-d4d67dc2-b36d\u00bb][vc_raw_html]JTVCc3BfZWFzeWFjY29yZGlvbiUyMGlkJTNEJTIyMjI3NDclMjIlNUQ=[\/vc_raw_html][\/vc_tta_section][vc_tta_section title=\u00bbPerformance Specs\u00bb tab_id=\u00bb1692039789431-ca69a18a-2782&#8243;][vc_single_image image=\u00bb28395&#8243; img_size=\u00bbfull\u00bb alignment=\u00bbcenter\u00bb onclick=\u00bbimg_link_large\u00bb][vc_single_image image=\u00bb28390&#8243; img_size=\u00bbfull\u00bb alignment=\u00bbcenter\u00bb onclick=\u00bbimg_link_large\u00bb][\/vc_tta_section][vc_tta_section title=\u00bbAccessories\/Options\u00bb tab_id=\u00bb1692039948045-056967c6-6c73&#8243;][vc_raw_html]JTVCc3BfZWFzeWFjY29yZGlvbiUyMGlkJTNEJTIyMjI3NDglMjIlNUQ=[\/vc_raw_html][\/vc_tta_section][vc_tta_section title=\u00bbDimensions\u00bb tab_id=\u00bb1692039955917-a587e6bc-620b\u00bb][vc_raw_html]JTVCc3BfZWFzeWFjY29yZGlvbiUyMGlkJTNEJTIyMjI3NTElMjIlNUQ=[\/vc_raw_html][\/vc_tta_section][vc_tta_section title=\u00bbResources\u00bb tab_id=\u00bb1692039964442-bee59ceb-d9fb\u00bb][vc_column_text]<\/p>\n<h4>Owner&#8217;s Manual<\/h4>\n<p><a href=\"\/wp-content\/uploads\/2023\/08\/A12376-J_5PTCseries_0820_V3.pdf\" target=\"_blank\" rel=\"noopener\">5PTC Series (A12376-J)<\/a><\/p>\n<h4>Product Sheet<\/h4>\n<p><a href=\"\/wp-content\/uploads\/2023\/08\/Commander-500-5PT5-Davit-Crane-Product-Sheet_PS5PT5-A-0221.pdf\" target=\"_blank\" rel=\"noopener\">Commander 500 5PT5 Davit Crane Product Sheet (PS5PT5-A-0221)<\/a><\/p>\n<h4>At A Glance<\/h4>\n<p><a href=\"\/wp-content\/uploads\/2023\/08\/Thern-Davit-Cranes-at-a-Glance_DAAG-A-0221.pdf\" target=\"_blank\" rel=\"noopener\">Thern Davit Cranes At A Glance<\/a><\/p>\n<h4>Industrial Brochure<\/h4>\n<p><a href=\"\/wp-content\/uploads\/2023\/08\/Thern-Industrial-Brochure_BRIN-A-0221.pdf\" target=\"_blank\" rel=\"noopener\">Thern Industrial Brochure (BRIN-A-0221)<\/a>[\/vc_column_text][\/vc_tta_section][\/vc_tta_tabs][\/vc_column][\/vc_row][vc_row full_width=\u00bbstretch_row\u00bb css=\u00bb.vc_custom_1692043286515{padding-top: 35px !important;padding-bottom: 65px !important;background-color: #ececec !important;}\u00bb el_class=\u00bbfrequently-paired-with\u00bb][vc_column][vc_custom_heading text=\u00bbEmparejado frecuentemente con\u00bb font_container=\u00bbtag:h2|text_align:center|color:%23000000&#8243; use_theme_fonts=\u00bbyes\u00bb css_animation=\u00bbfadeInUp\u00bb css=\u00bb.vc_custom_1696346040468{padding-bottom: 35px !important;}\u00bb][\/vc_column][vc_column css_animation=\u00bbfadeInUp\u00bb width=\u00bb1\/3&#8243;][vc_single_image image=\u00bb22695&#8243; img_size=\u00bbfull\u00bb alignment=\u00bbcenter\u00bb onclick=\u00bbcustom_link\u00bb link=\u00bb\/es\/custom-engineering-services\/\u00bb][vc_custom_heading text=\u00bbGr\u00faas y cabrestantes personalizados\u00bb font_container=\u00bbtag:h4|text_align:center|color:%23000000&#8243; use_theme_fonts=\u00bbyes\u00bb][\/vc_column][vc_column css_animation=\u00bbfadeInUp\u00bb width=\u00bb1\/3&#8243;][vc_single_image image=\u00bb22696&#8243; img_size=\u00bbfull\u00bb alignment=\u00bbcenter\u00bb onclick=\u00bbcustom_link\u00bb link=\u00bb\/es\/winches\/electric-controls\/\u00bb][vc_custom_heading text=\u00bbControles el\u00e9ctricos\u00bb font_container=\u00bbtag:h4|text_align:center|color:%23000000&#8243; use_theme_fonts=\u00bbyes\u00bb][\/vc_column][vc_column css_animation=\u00bbfadeInUp\u00bb width=\u00bb1\/3&#8243;][vc_single_image image=\u00bb22697&#8243; img_size=\u00bbfull\u00bb alignment=\u00bbcenter\u00bb onclick=\u00bbcustom_link\u00bb link=\u00bb\/es\/ropes-and-rigging\/\u00bb][vc_custom_heading text=\u00bbConjuntos de cables met\u00e1licos\u00bb font_container=\u00bbtag:h4|text_align:center|color:%23000000&#8243; use_theme_fonts=\u00bbyes\u00bb][\/vc_column][\/vc_row]<\/p>\n<\/div>","protected":false},"excerpt":{"rendered":"<p>[vc_section full_width=\u00bbstretch_row\u00bb content_placement=\u00bbmiddle\u00bb css=\u00bb.vc_custom_1692043564683{padding-top: 0px !important;background-image: url(https:\/\/thern.com\/wp-content\/uploads\/2023\/08\/Thern_Thern-Advantage-Difference.jpg?id=22385) !important;background-position: center !important;background-repeat: no-repeat !important;background-size: cover !important;}\u00bb][vc_row full_width=\u00bbstretch_row\u00bb css=\u00bb.vc_custom_1691686038929{padding-top: 50px !important;padding-bottom: 70px !important;background-color: rgba(0,0,0,0.35) !important;*background-color: rgb(0,0,0) !important;}\u00bb][vc_column][vc_custom_heading text=\u00bb5PT5 Commander\u00ae 500 Serie\u00bb font_container=\u00bbtag:h1|text_align:left|color:%23ffffff\u00bb use_theme_fonts=\u00bbyes\u00bb css_animation=\u00bbfadeInLeft\u00bb][\/vc_column][\/vc_row][\/vc_section][vc_row full_width=\u00bbstretch_row\u00bb css=\u00bb.vc_custom_1693929835152{padding-top: 65px !important;padding-bottom: 35px !important;}\u00bb el_id=\u00bbcrane-details\u00bb][vc_column css_animation=\u00bbfadeInLeft\u00bb width=\u00bb1\/2&#8243;][vc_column_text]\u00a1Haga coincidir su gr\u00faa con el tama\u00f1o de su carga! La l\u00ednea de gr\u00faas pescante port\u00e1tiles &#8230; <a title=\"COMMANDER 500\" class=\"read-more\" href=\"https:\/\/thern.com\/es\/cranes\/portable-davit-cranes\/commander-500\/\" aria-label=\"More on COMMANDER 500\">Read more<\/a><\/p>\n","protected":false},"author":1,"featured_media":0,"parent":32313,"menu_order":0,"comment_status":"closed","ping_status":"closed","template":"","meta":{"footnotes":""},"class_list":["post-31454","page","type-page","status-publish"],"yoast_head":"<!-- This site is optimized with the Yoast SEO plugin v27.3 - https:\/\/yoast.com\/product\/yoast-seo-wordpress\/ -->\n<title>Gr\u00faa port\u00e1til Commander 500 | Thern\u00ae Winches &amp; Cranes<\/title>\n<meta name=\"description\" content=\"La gr\u00faa pescante port\u00e1til Thern COMMANDER 500 proporciona elevaci\u00f3n y posicionamiento superiores y est\u00e1 fabricada con orgullo en los EE. UU. \u00a1Vea las especificaciones de la gr\u00faa u obtenga una cotizaci\u00f3n!\" \/>\n<meta name=\"robots\" content=\"index, follow, max-snippet:-1, max-image-preview:large, max-video-preview:-1\" \/>\n<link rel=\"canonical\" href=\"https:\/\/thern.com\/es\/cranes\/portable-davit-cranes\/commander-500\/\" \/>\n<meta property=\"og:locale\" content=\"es_ES\" \/>\n<meta property=\"og:type\" content=\"article\" \/>\n<meta property=\"og:title\" content=\"Gr\u00faa port\u00e1til Commander 500 | Thern\u00ae Winches &amp; Cranes\" \/>\n<meta property=\"og:description\" content=\"La gr\u00faa pescante port\u00e1til Thern COMMANDER 500 proporciona elevaci\u00f3n y posicionamiento superiores y est\u00e1 fabricada con orgullo en los EE. UU. \u00a1Vea las especificaciones de la gr\u00faa u obtenga una cotizaci\u00f3n!\" \/>\n<meta property=\"og:url\" content=\"https:\/\/thern.com\/es\/cranes\/portable-davit-cranes\/commander-500\/\" \/>\n<meta property=\"og:site_name\" content=\"Thern\u00ae Winches &amp; Cranes\" \/>\n<meta property=\"article:publisher\" content=\"https:\/\/www.facebook.com\/ThernInc\/\" \/>\n<meta property=\"article:modified_time\" content=\"2023-10-05T15:20:35+00:00\" \/>\n<meta name=\"twitter:card\" content=\"summary_large_image\" \/>\n<meta name=\"twitter:label1\" content=\"Tiempo de lectura\" \/>\n\t<meta name=\"twitter:data1\" content=\"2 minutos\" \/>\n<script type=\"application\/ld+json\" class=\"yoast-schema-graph\">{\"@context\":\"https:\\\/\\\/schema.org\",\"@graph\":[{\"@type\":\"WebPage\",\"@id\":\"https:\\\/\\\/thern.com\\\/es\\\/cranes\\\/portable-davit-cranes\\\/commander-500\\\/\",\"url\":\"https:\\\/\\\/thern.com\\\/es\\\/cranes\\\/portable-davit-cranes\\\/commander-500\\\/\",\"name\":\"Gr\u00faa port\u00e1til Commander 500 | Thern\u00ae Winches &amp; Cranes\",\"isPartOf\":{\"@id\":\"https:\\\/\\\/thern.com\\\/es\\\/#website\"},\"datePublished\":\"2023-08-16T17:50:46+00:00\",\"dateModified\":\"2023-10-05T15:20:35+00:00\",\"description\":\"La gr\u00faa pescante port\u00e1til Thern COMMANDER 500 proporciona elevaci\u00f3n y posicionamiento superiores y est\u00e1 fabricada con orgullo en los EE. UU. \u00a1Vea las especificaciones de la gr\u00faa u obtenga una cotizaci\u00f3n!\",\"breadcrumb\":{\"@id\":\"https:\\\/\\\/thern.com\\\/es\\\/cranes\\\/portable-davit-cranes\\\/commander-500\\\/#breadcrumb\"},\"inLanguage\":\"es\",\"potentialAction\":[{\"@type\":\"ReadAction\",\"target\":[\"https:\\\/\\\/thern.com\\\/es\\\/cranes\\\/portable-davit-cranes\\\/commander-500\\\/\"]}]},{\"@type\":\"BreadcrumbList\",\"@id\":\"https:\\\/\\\/thern.com\\\/es\\\/cranes\\\/portable-davit-cranes\\\/commander-500\\\/#breadcrumb\",\"itemListElement\":[{\"@type\":\"ListItem\",\"position\":1,\"name\":\"Home\",\"item\":\"https:\\\/\\\/thern.com\\\/es\\\/\"},{\"@type\":\"ListItem\",\"position\":2,\"name\":\"Cranes\",\"item\":\"https:\\\/\\\/thern.com\\\/es\\\/cranes\\\/\"},{\"@type\":\"ListItem\",\"position\":3,\"name\":\"Portable Davit Cranes\",\"item\":\"https:\\\/\\\/thern.com\\\/es\\\/cranes\\\/portable-davit-cranes\\\/\"},{\"@type\":\"ListItem\",\"position\":4,\"name\":\"COMMANDER 500\"}]},{\"@type\":\"WebSite\",\"@id\":\"https:\\\/\\\/thern.com\\\/es\\\/#website\",\"url\":\"https:\\\/\\\/thern.com\\\/es\\\/\",\"name\":\"Thern\u00ae Winches &amp; Cranes\",\"description\":\"Leave the Heavy Lifting to Us\",\"publisher\":{\"@id\":\"https:\\\/\\\/thern.com\\\/es\\\/#organization\"},\"potentialAction\":[{\"@type\":\"SearchAction\",\"target\":{\"@type\":\"EntryPoint\",\"urlTemplate\":\"https:\\\/\\\/thern.com\\\/es\\\/?s={search_term_string}\"},\"query-input\":{\"@type\":\"PropertyValueSpecification\",\"valueRequired\":true,\"valueName\":\"search_term_string\"}}],\"inLanguage\":\"es\"},{\"@type\":\"Organization\",\"@id\":\"https:\\\/\\\/thern.com\\\/es\\\/#organization\",\"name\":\"Thern\u00ae Winches &amp; Cranes\",\"url\":\"https:\\\/\\\/thern.com\\\/es\\\/\",\"logo\":{\"@type\":\"ImageObject\",\"inLanguage\":\"es\",\"@id\":\"https:\\\/\\\/thern.com\\\/es\\\/#\\\/schema\\\/logo\\\/image\\\/\",\"url\":\"https:\\\/\\\/thern.com\\\/wp-content\\\/uploads\\\/2023\\\/11\\\/Logo_SaveForWeb-outline-FINAL-01.svg\",\"contentUrl\":\"https:\\\/\\\/thern.com\\\/wp-content\\\/uploads\\\/2023\\\/11\\\/Logo_SaveForWeb-outline-FINAL-01.svg\",\"caption\":\"Thern\u00ae Winches &amp; Cranes\"},\"image\":{\"@id\":\"https:\\\/\\\/thern.com\\\/es\\\/#\\\/schema\\\/logo\\\/image\\\/\"},\"sameAs\":[\"https:\\\/\\\/www.facebook.com\\\/ThernInc\\\/\",\"https:\\\/\\\/www.linkedin.com\\\/company\\\/thern-inc-\\\/\",\"https:\\\/\\\/www.youtube.com\\\/user\\\/ThernStage\"]}]}<\/script>\n<!-- \/ Yoast SEO plugin. -->","yoast_head_json":{"title":"Gr\u00faa port\u00e1til Commander 500 | Thern\u00ae Winches &amp; Cranes","description":"La gr\u00faa pescante port\u00e1til Thern COMMANDER 500 proporciona elevaci\u00f3n y posicionamiento superiores y est\u00e1 fabricada con orgullo en los EE. UU. \u00a1Vea las especificaciones de la gr\u00faa u obtenga una cotizaci\u00f3n!","robots":{"index":"index","follow":"follow","max-snippet":"max-snippet:-1","max-image-preview":"max-image-preview:large","max-video-preview":"max-video-preview:-1"},"canonical":"https:\/\/thern.com\/es\/cranes\/portable-davit-cranes\/commander-500\/","og_locale":"es_ES","og_type":"article","og_title":"Gr\u00faa port\u00e1til Commander 500 | Thern\u00ae Winches &amp; Cranes","og_description":"La gr\u00faa pescante port\u00e1til Thern COMMANDER 500 proporciona elevaci\u00f3n y posicionamiento superiores y est\u00e1 fabricada con orgullo en los EE. UU. \u00a1Vea las especificaciones de la gr\u00faa u obtenga una cotizaci\u00f3n!","og_url":"https:\/\/thern.com\/es\/cranes\/portable-davit-cranes\/commander-500\/","og_site_name":"Thern\u00ae Winches &amp; Cranes","article_publisher":"https:\/\/www.facebook.com\/ThernInc\/","article_modified_time":"2023-10-05T15:20:35+00:00","twitter_card":"summary_large_image","twitter_misc":{"Tiempo de lectura":"2 minutos"},"schema":{"@context":"https:\/\/schema.org","@graph":[{"@type":"WebPage","@id":"https:\/\/thern.com\/es\/cranes\/portable-davit-cranes\/commander-500\/","url":"https:\/\/thern.com\/es\/cranes\/portable-davit-cranes\/commander-500\/","name":"Gr\u00faa port\u00e1til Commander 500 | Thern\u00ae Winches &amp; Cranes","isPartOf":{"@id":"https:\/\/thern.com\/es\/#website"},"datePublished":"2023-08-16T17:50:46+00:00","dateModified":"2023-10-05T15:20:35+00:00","description":"La gr\u00faa pescante port\u00e1til Thern COMMANDER 500 proporciona elevaci\u00f3n y posicionamiento superiores y est\u00e1 fabricada con orgullo en los EE. UU. \u00a1Vea las especificaciones de la gr\u00faa u obtenga una cotizaci\u00f3n!","breadcrumb":{"@id":"https:\/\/thern.com\/es\/cranes\/portable-davit-cranes\/commander-500\/#breadcrumb"},"inLanguage":"es","potentialAction":[{"@type":"ReadAction","target":["https:\/\/thern.com\/es\/cranes\/portable-davit-cranes\/commander-500\/"]}]},{"@type":"BreadcrumbList","@id":"https:\/\/thern.com\/es\/cranes\/portable-davit-cranes\/commander-500\/#breadcrumb","itemListElement":[{"@type":"ListItem","position":1,"name":"Home","item":"https:\/\/thern.com\/es\/"},{"@type":"ListItem","position":2,"name":"Cranes","item":"https:\/\/thern.com\/es\/cranes\/"},{"@type":"ListItem","position":3,"name":"Portable Davit Cranes","item":"https:\/\/thern.com\/es\/cranes\/portable-davit-cranes\/"},{"@type":"ListItem","position":4,"name":"COMMANDER 500"}]},{"@type":"WebSite","@id":"https:\/\/thern.com\/es\/#website","url":"https:\/\/thern.com\/es\/","name":"Thern\u00ae Winches &amp; Cranes","description":"Leave the Heavy Lifting to Us","publisher":{"@id":"https:\/\/thern.com\/es\/#organization"},"potentialAction":[{"@type":"SearchAction","target":{"@type":"EntryPoint","urlTemplate":"https:\/\/thern.com\/es\/?s={search_term_string}"},"query-input":{"@type":"PropertyValueSpecification","valueRequired":true,"valueName":"search_term_string"}}],"inLanguage":"es"},{"@type":"Organization","@id":"https:\/\/thern.com\/es\/#organization","name":"Thern\u00ae Winches &amp; Cranes","url":"https:\/\/thern.com\/es\/","logo":{"@type":"ImageObject","inLanguage":"es","@id":"https:\/\/thern.com\/es\/#\/schema\/logo\/image\/","url":"https:\/\/thern.com\/wp-content\/uploads\/2023\/11\/Logo_SaveForWeb-outline-FINAL-01.svg","contentUrl":"https:\/\/thern.com\/wp-content\/uploads\/2023\/11\/Logo_SaveForWeb-outline-FINAL-01.svg","caption":"Thern\u00ae Winches &amp; Cranes"},"image":{"@id":"https:\/\/thern.com\/es\/#\/schema\/logo\/image\/"},"sameAs":["https:\/\/www.facebook.com\/ThernInc\/","https:\/\/www.linkedin.com\/company\/thern-inc-\/","https:\/\/www.youtube.com\/user\/ThernStage"]}]}},"_links":{"self":[{"href":"https:\/\/thern.com\/es\/wp-json\/wp\/v2\/pages\/31454","targetHints":{"allow":["GET"]}}],"collection":[{"href":"https:\/\/thern.com\/es\/wp-json\/wp\/v2\/pages"}],"about":[{"href":"https:\/\/thern.com\/es\/wp-json\/wp\/v2\/types\/page"}],"author":[{"embeddable":true,"href":"https:\/\/thern.com\/es\/wp-json\/wp\/v2\/users\/1"}],"replies":[{"embeddable":true,"href":"https:\/\/thern.com\/es\/wp-json\/wp\/v2\/comments?post=31454"}],"version-history":[{"count":0,"href":"https:\/\/thern.com\/es\/wp-json\/wp\/v2\/pages\/31454\/revisions"}],"up":[{"embeddable":true,"href":"https:\/\/thern.com\/es\/wp-json\/wp\/v2\/pages\/32313"}],"wp:attachment":[{"href":"https:\/\/thern.com\/es\/wp-json\/wp\/v2\/media?parent=31454"}],"curies":[{"name":"wp","href":"https:\/\/api.w.org\/{rel}","templated":true}]}}