{"id":31204,"date":"2023-08-22T16:22:23","date_gmt":"2023-08-22T16:22:23","guid":{"rendered":"https:\/\/therninc.wpenginepowered.com\/series-3wg4-atlas-ii-portable-power-winch\/"},"modified":"2023-10-04T13:56:33","modified_gmt":"2023-10-04T13:56:33","slug":"series-3wg4-atlas-ii-portable-power-winch","status":"publish","type":"page","link":"https:\/\/thern.com\/es\/winches\/portable-electric-winches\/series-3wg4-atlas-ii-portable-power-winch\/","title":{"rendered":"Series 3WG4 Atlas II Portable Power Winch"},"content":{"rendered":"<div class=\"wpb-content-wrapper\"><p>[vc_section full_width=\u00bbstretch_row\u00bb content_placement=\u00bbmiddle\u00bb css=\u00bb.vc_custom_1692043564683{padding-top: 0px !important;background-image: url(https:\/\/thern.com\/wp-content\/uploads\/2023\/08\/Thern_Thern-Advantage-Difference.jpg?id=22385) !important;background-position: center !important;background-repeat: no-repeat !important;background-size: cover !important;}\u00bb][vc_row full_width=\u00bbstretch_row\u00bb css=\u00bb.vc_custom_1691686038929{padding-top: 50px !important;padding-bottom: 70px !important;background-color: rgba(0,0,0,0.35) !important;*background-color: rgb(0,0,0) !important;}\u00bb][vc_column][vc_custom_heading text=\u00bb3WG4 Atlas II Worm Gear Serie\u00bb font_container=\u00bbtag:h1|text_align:left|color:%23ffffff\u00bb use_theme_fonts=\u00bbyes\u00bb css_animation=\u00bbfadeInLeft\u00bb][\/vc_column][\/vc_row][\/vc_section][vc_row full_width=\u00bbstretch_row\u00bb css=\u00bb.vc_custom_1692039753206{padding-top: 65px !important;padding-bottom: 35px !important;}\u00bb][vc_column css_animation=\u00bbfadeInLeft\u00bb width=\u00bb1\/2&#8243;][vc_column_text]<\/p>\n<h4>Capacidad de hasta 4,600 lb<\/h4>\n<p>Cuando necesita m\u00e1s potencia pero no puede perder la portabilidad, el 3WG4 es su cabrestante ideal. Con el doble de capacidad de carga que el 4WP2, obtiene la potencia que necesita con toda la comodidad de un cabrestante m\u00e1s peque\u00f1o.[\/vc_column_text][vc_custom_heading text=\u00bbHechos r\u00e1pidos\u00bb font_container=\u00bbtag:h4|text_align:left|color:%23000000&#8243; use_theme_fonts=\u00bbyes\u00bb][vc_column_text]<\/p>\n<ul>\n<li>Engranajes cortados a m\u00e1quina<\/li>\n<li>Ba\u00f1o de aceite cerrado<\/li>\n<li>Aluminio moldeado<\/li>\n<li>Freno interno mec\u00e1nico o motor.<\/li>\n<li>Rodamientos de bolas<\/li>\n<li>Asas de elevaci\u00f3n<\/li>\n<li>Anclaje de cable de doble funci\u00f3n<\/li>\n<li>Opciones de montaje<\/li>\n<li>Garant\u00eda limitada de 2 a\u00f1os<\/li>\n<\/ul>\n<p>[\/vc_column_text][vc_custom_heading text=\u00bbModelos de serie\u00bb font_container=\u00bbtag:h4|text_align:left|color:%23000000&#8243; use_theme_fonts=\u00bbyes\u00bb][vc_column_text]<\/p>\n<ul>\n<li>3WG4<\/li>\n<\/ul>\n<p>[\/vc_column_text][vc_custom_heading text=\u00bb\u00bfNecesita una cotizaci\u00f3n?\u00bb font_container=\u00bbtag:h4|text_align:left|color:%23000000&#8243; use_theme_fonts=\u00bbyes\u00bb][vc_column_text]Si no est\u00e1 seguro de qu\u00e9 producto necesita y desea una cotizaci\u00f3n, complete un formulario de solicitud.[\/vc_column_text][vc_btn title=\u00bbConsigue una cotizaci\u00f3n\u00bb style=\u00bbcustom\u00bb custom_background=\u00bb#c71a32&#8243; custom_text=\u00bb#ffffff\u00bb shape=\u00bbsquare\u00bb size=\u00bblg\u00bb align=\u00bbleft\u00bb i_align=\u00bbright\u00bb i_icon_fontawesome=\u00bbfas fa-angle-right\u00bb add_icon=\u00bbtrue\u00bb link=\u00bburl:%2Fes%2Fcontact%2F%3Fquery_type%3Dwinch-inquiry|title:Crane%20Inquiry\u00bb][\/vc_column][vc_column css_animation=\u00bbfadeInRight\u00bb width=\u00bb1\/2&#8243;][vc_single_image image=\u00bb23045&#8243; img_size=\u00bbfull\u00bb alignment=\u00bbcenter\u00bb][vc_row_inner][vc_column_inner width=\u00bb1\/4&#8243;][vc_single_image image=\u00bb22667&#8243; img_size=\u00bbfull\u00bb el_class=\u00bbiso-img\u00bb][\/vc_column_inner][vc_column_inner width=\u00bb3\/4&#8243;][vc_column_text]<em><b>3WG4 Atlas II Portable Power Winch <\/b>\u2014 Modelo 3WG4 Atlas II Cabrestante el\u00e9ctrico port\u00e1til.<\/em>[\/vc_column_text][\/vc_column_inner][\/vc_row_inner][\/vc_column][\/vc_row][vc_row css_animation=\u00bbfadeInUp\u00bb][vc_column][vc_separator border_width=\u00bb2&#8243;][\/vc_column][\/vc_row][vc_row css_animation=\u00bbfadeInUp\u00bb css=\u00bb.vc_custom_1695051928838{padding-top: 35px !important;padding-bottom: 35px !important;}\u00bb][vc_column][vc_tta_tabs section_title_tag=\u00bbp\u00bb shape=\u00bbsquare\u00bb color=\u00bbwhite\u00bb spacing=\u00bb3&#8243; active_section=\u00bb1&#8243; el_class=\u00bbproduct-table\u00bb][vc_tta_section title=\u00bbFeatures\u00bb tab_id=\u00bb1692207850226-d4d67dc2-b36d\u00bb][vc_raw_html]JTVCc3BfZWFzeWFjY29yZGlvbiUyMGlkJTNEJTIyMjMwNDYlMjIlNUQ=[\/vc_raw_html][\/vc_tta_section][vc_tta_section title=\u00bbPerformance Specs\u00bb tab_id=\u00bb1692039789431-ca69a18a-2782&#8243;][vc_single_image image=\u00bb28230&#8243; img_size=\u00bbfull\u00bb alignment=\u00bbcenter\u00bb onclick=\u00bbimg_link_large\u00bb][vc_single_image image=\u00bb29486&#8243; img_size=\u00bbfull\u00bb alignment=\u00bbcenter\u00bb onclick=\u00bbimg_link_large\u00bb][vc_row_inner][vc_column_inner width=\u00bb1\/2&#8243;][vc_single_image image=\u00bb30737&#8243; img_size=\u00bbfull\u00bb alignment=\u00bbcenter\u00bb onclick=\u00bbimg_link_large\u00bb][\/vc_column_inner][vc_column_inner width=\u00bb1\/2&#8243;][vc_single_image image=\u00bb30731&#8243; img_size=\u00bbfull\u00bb alignment=\u00bbcenter\u00bb onclick=\u00bbimg_link_large\u00bb][\/vc_column_inner][\/vc_row_inner][\/vc_tta_section][vc_tta_section title=\u00bbAccessories\/Options\u00bb tab_id=\u00bb1692039948045-056967c6-6c73&#8243;][vc_raw_html]JTVCc3BfZWFzeWFjY29yZGlvbiUyMGlkJTNEJTIyMjMwNDglMjIlNUQ=[\/vc_raw_html][\/vc_tta_section][vc_tta_section title=\u00bbDimensions\u00bb tab_id=\u00bb1692039955917-a587e6bc-620b\u00bb][vc_row_inner][vc_column_inner width=\u00bb1\/2&#8243;][vc_single_image image=\u00bb28245&#8243; img_size=\u00bbfull\u00bb alignment=\u00bbcenter\u00bb onclick=\u00bbimg_link_large\u00bb][\/vc_column_inner][vc_column_inner width=\u00bb1\/2&#8243;][vc_single_image image=\u00bb28235&#8243; img_size=\u00bbfull\u00bb alignment=\u00bbcenter\u00bb onclick=\u00bbimg_link_large\u00bb][\/vc_column_inner][vc_column_inner][vc_single_image image=\u00bb28240&#8243; img_size=\u00bbfull\u00bb alignment=\u00bbcenter\u00bb onclick=\u00bbimg_link_large\u00bb][\/vc_column_inner][\/vc_row_inner][\/vc_tta_section][vc_tta_section title=\u00bbControls\u00bb tab_id=\u00bb1695316551394-edaa20aa-4e8e\u00bb][vc_single_image image=\u00bb29481&#8243; img_size=\u00bbfull\u00bb alignment=\u00bbcenter\u00bb onclick=\u00bbimg_link_large\u00bb][\/vc_tta_section][vc_tta_section title=\u00bbResources\u00bb tab_id=\u00bb1692039964442-bee59ceb-d9fb\u00bb][vc_column_text]<\/p>\n<h4>Owner&#8217;s Manual<\/h4>\n<p><a href=\"\/wp-content\/uploads\/2023\/08\/A10513-E1118_3WG_PwrWinch.pdf\" target=\"_blank\" rel=\"noopener\">3WG Pwr Winch (A10513D-0516)<\/a><\/p>\n<h4>Product Sheet<\/h4>\n<p><a href=\"\/wp-content\/uploads\/2023\/08\/Atlas-II-3WG4-Product-Sheet_PS3WG4-A-0221.pdf\" target=\"_blank\" rel=\"noopener\">Atlas II 3WG4 Product Sheet (PS3WG4-A-0221)<\/a><\/p>\n<h4>At A Glance<\/h4>\n<p><a href=\"\/wp-content\/uploads\/2023\/08\/Thern-Winches-at-a-Glance_WAAG-A-0221.pdf\" target=\"_blank\" rel=\"noopener\">Thern Winches At A Glance<\/a><\/p>\n<h4>Industrial Brochure<\/h4>\n<p><a href=\"\/wp-content\/uploads\/2023\/08\/Thern-Industrial-Brochure_BRIN-A-0221.pdf\" target=\"_blank\" rel=\"noopener\">Thern Industrial Brochure (BRIN-A-0221)<\/a>[\/vc_column_text][\/vc_tta_section][\/vc_tta_tabs][\/vc_column][\/vc_row][vc_row full_width=\u00bbstretch_row\u00bb css=\u00bb.vc_custom_1692043286515{padding-top: 35px !important;padding-bottom: 65px !important;background-color: #ececec !important;}\u00bb el_class=\u00bbfrequently-paired-with\u00bb][vc_column][vc_custom_heading text=\u00bbEmparejado frecuentemente con\u00bb font_container=\u00bbtag:h2|text_align:center|color:%23000000&#8243; use_theme_fonts=\u00bbyes\u00bb css_animation=\u00bbfadeInUp\u00bb css=\u00bb.vc_custom_1696346040468{padding-bottom: 35px !important;}\u00bb][\/vc_column][vc_column css_animation=\u00bbfadeInUp\u00bb width=\u00bb1\/3&#8243;][vc_single_image image=\u00bb22695&#8243; img_size=\u00bbfull\u00bb alignment=\u00bbcenter\u00bb onclick=\u00bbcustom_link\u00bb link=\u00bb\/es\/custom-engineering-services\/\u00bb][vc_custom_heading text=\u00bbGr\u00faas y cabrestantes personalizados\u00bb font_container=\u00bbtag:h4|text_align:center|color:%23000000&#8243; use_theme_fonts=\u00bbyes\u00bb][\/vc_column][vc_column css_animation=\u00bbfadeInUp\u00bb width=\u00bb1\/3&#8243;][vc_single_image image=\u00bb22696&#8243; img_size=\u00bbfull\u00bb alignment=\u00bbcenter\u00bb onclick=\u00bbcustom_link\u00bb link=\u00bb\/es\/winches\/electric-controls\/\u00bb][vc_custom_heading text=\u00bbControles el\u00e9ctricos\u00bb font_container=\u00bbtag:h4|text_align:center|color:%23000000&#8243; use_theme_fonts=\u00bbyes\u00bb][\/vc_column][vc_column css_animation=\u00bbfadeInUp\u00bb width=\u00bb1\/3&#8243;][vc_single_image image=\u00bb22697&#8243; img_size=\u00bbfull\u00bb alignment=\u00bbcenter\u00bb onclick=\u00bbcustom_link\u00bb link=\u00bb\/es\/ropes-and-rigging\/\u00bb][vc_custom_heading text=\u00bbConjuntos de cables met\u00e1licos\u00bb font_container=\u00bbtag:h4|text_align:center|color:%23000000&#8243; use_theme_fonts=\u00bbyes\u00bb][\/vc_column][\/vc_row]<\/p>\n<\/div>","protected":false},"excerpt":{"rendered":"<p>[vc_section full_width=\u00bbstretch_row\u00bb content_placement=\u00bbmiddle\u00bb css=\u00bb.vc_custom_1692043564683{padding-top: 0px !important;background-image: url(https:\/\/thern.com\/wp-content\/uploads\/2023\/08\/Thern_Thern-Advantage-Difference.jpg?id=22385) !important;background-position: center !important;background-repeat: no-repeat !important;background-size: cover !important;}\u00bb][vc_row full_width=\u00bbstretch_row\u00bb css=\u00bb.vc_custom_1691686038929{padding-top: 50px !important;padding-bottom: 70px !important;background-color: rgba(0,0,0,0.35) !important;*background-color: rgb(0,0,0) !important;}\u00bb][vc_column][vc_custom_heading text=\u00bb3WG4 Atlas II Worm Gear Serie\u00bb font_container=\u00bbtag:h1|text_align:left|color:%23ffffff\u00bb use_theme_fonts=\u00bbyes\u00bb css_animation=\u00bbfadeInLeft\u00bb][\/vc_column][\/vc_row][\/vc_section][vc_row full_width=\u00bbstretch_row\u00bb css=\u00bb.vc_custom_1692039753206{padding-top: 65px !important;padding-bottom: 35px !important;}\u00bb][vc_column css_animation=\u00bbfadeInLeft\u00bb width=\u00bb1\/2&#8243;][vc_column_text] Capacidad de hasta 4,600 lb Cuando necesita m\u00e1s potencia pero no puede perder la &#8230; <a title=\"Series 3WG4 Atlas II Portable Power Winch\" class=\"read-more\" href=\"https:\/\/thern.com\/es\/winches\/portable-electric-winches\/series-3wg4-atlas-ii-portable-power-winch\/\" aria-label=\"More on Series 3WG4 Atlas II Portable Power Winch\">Read more<\/a><\/p>\n","protected":false},"author":1,"featured_media":0,"parent":32297,"menu_order":0,"comment_status":"closed","ping_status":"closed","template":"","meta":{"footnotes":""},"class_list":["post-31204","page","type-page","status-publish"],"yoast_head":"<!-- This site is optimized with the Yoast SEO plugin v27.4 - https:\/\/yoast.com\/product\/yoast-seo-wordpress\/ -->\n<title>Cabrestante el\u00e9ctrico port\u00e1til serie 3WG4 | Thern\u00ae Winches &amp; Cranes<\/title>\n<meta name=\"description\" content=\"El cabrestante el\u00e9ctrico port\u00e1til Thern 3WG4 Atlas II Series proporciona un rendimiento superior y est\u00e1 fabricado con orgullo en los EE. UU. \u00a1Vea las especificaciones del cabrestante!\" \/>\n<meta name=\"robots\" content=\"index, follow, max-snippet:-1, max-image-preview:large, max-video-preview:-1\" \/>\n<link rel=\"canonical\" href=\"https:\/\/thern.com\/es\/winches\/portable-electric-winches\/series-3wg4-atlas-ii-portable-power-winch\/\" \/>\n<meta property=\"og:locale\" content=\"es_ES\" \/>\n<meta property=\"og:type\" content=\"article\" \/>\n<meta property=\"og:title\" content=\"Cabrestante el\u00e9ctrico port\u00e1til serie 3WG4 | Thern\u00ae Winches &amp; Cranes\" \/>\n<meta property=\"og:description\" content=\"El cabrestante el\u00e9ctrico port\u00e1til Thern 3WG4 Atlas II Series proporciona un rendimiento superior y est\u00e1 fabricado con orgullo en los EE. UU. \u00a1Vea las especificaciones del cabrestante!\" \/>\n<meta property=\"og:url\" content=\"https:\/\/thern.com\/es\/winches\/portable-electric-winches\/series-3wg4-atlas-ii-portable-power-winch\/\" \/>\n<meta property=\"og:site_name\" content=\"Thern\u00ae Winches &amp; Cranes\" \/>\n<meta property=\"article:publisher\" content=\"https:\/\/www.facebook.com\/ThernInc\/\" \/>\n<meta property=\"article:modified_time\" content=\"2023-10-04T13:56:33+00:00\" \/>\n<meta name=\"twitter:card\" content=\"summary_large_image\" \/>\n<meta name=\"twitter:label1\" content=\"Tiempo de lectura\" \/>\n\t<meta name=\"twitter:data1\" content=\"2 minutos\" \/>\n<script type=\"application\/ld+json\" class=\"yoast-schema-graph\">{\"@context\":\"https:\\\/\\\/schema.org\",\"@graph\":[{\"@type\":\"WebPage\",\"@id\":\"https:\\\/\\\/thern.com\\\/es\\\/winches\\\/portable-electric-winches\\\/series-3wg4-atlas-ii-portable-power-winch\\\/\",\"url\":\"https:\\\/\\\/thern.com\\\/es\\\/winches\\\/portable-electric-winches\\\/series-3wg4-atlas-ii-portable-power-winch\\\/\",\"name\":\"Cabrestante el\u00e9ctrico port\u00e1til serie 3WG4 | Thern\u00ae Winches &amp; Cranes\",\"isPartOf\":{\"@id\":\"https:\\\/\\\/thern.com\\\/es\\\/#website\"},\"datePublished\":\"2023-08-22T16:22:23+00:00\",\"dateModified\":\"2023-10-04T13:56:33+00:00\",\"description\":\"El cabrestante el\u00e9ctrico port\u00e1til Thern 3WG4 Atlas II Series proporciona un rendimiento superior y est\u00e1 fabricado con orgullo en los EE. UU. \u00a1Vea las especificaciones del cabrestante!\",\"breadcrumb\":{\"@id\":\"https:\\\/\\\/thern.com\\\/es\\\/winches\\\/portable-electric-winches\\\/series-3wg4-atlas-ii-portable-power-winch\\\/#breadcrumb\"},\"inLanguage\":\"es\",\"potentialAction\":[{\"@type\":\"ReadAction\",\"target\":[\"https:\\\/\\\/thern.com\\\/es\\\/winches\\\/portable-electric-winches\\\/series-3wg4-atlas-ii-portable-power-winch\\\/\"]}]},{\"@type\":\"BreadcrumbList\",\"@id\":\"https:\\\/\\\/thern.com\\\/es\\\/winches\\\/portable-electric-winches\\\/series-3wg4-atlas-ii-portable-power-winch\\\/#breadcrumb\",\"itemListElement\":[{\"@type\":\"ListItem\",\"position\":1,\"name\":\"Home\",\"item\":\"https:\\\/\\\/thern.com\\\/es\\\/\"},{\"@type\":\"ListItem\",\"position\":2,\"name\":\"Winches\",\"item\":\"https:\\\/\\\/thern.com\\\/es\\\/winches\\\/\"},{\"@type\":\"ListItem\",\"position\":3,\"name\":\"Portable Electric Winches\",\"item\":\"https:\\\/\\\/thern.com\\\/es\\\/winches\\\/portable-electric-winches\\\/\"},{\"@type\":\"ListItem\",\"position\":4,\"name\":\"Series 3WG4 Atlas II Portable Power Winch\"}]},{\"@type\":\"WebSite\",\"@id\":\"https:\\\/\\\/thern.com\\\/es\\\/#website\",\"url\":\"https:\\\/\\\/thern.com\\\/es\\\/\",\"name\":\"Thern\u00ae Winches &amp; Cranes\",\"description\":\"Leave the Heavy Lifting to Us\",\"publisher\":{\"@id\":\"https:\\\/\\\/thern.com\\\/es\\\/#organization\"},\"potentialAction\":[{\"@type\":\"SearchAction\",\"target\":{\"@type\":\"EntryPoint\",\"urlTemplate\":\"https:\\\/\\\/thern.com\\\/es\\\/?s={search_term_string}\"},\"query-input\":{\"@type\":\"PropertyValueSpecification\",\"valueRequired\":true,\"valueName\":\"search_term_string\"}}],\"inLanguage\":\"es\"},{\"@type\":\"Organization\",\"@id\":\"https:\\\/\\\/thern.com\\\/es\\\/#organization\",\"name\":\"Thern\u00ae Winches &amp; Cranes\",\"url\":\"https:\\\/\\\/thern.com\\\/es\\\/\",\"logo\":{\"@type\":\"ImageObject\",\"inLanguage\":\"es\",\"@id\":\"https:\\\/\\\/thern.com\\\/es\\\/#\\\/schema\\\/logo\\\/image\\\/\",\"url\":\"https:\\\/\\\/thern.com\\\/wp-content\\\/uploads\\\/2023\\\/11\\\/Logo_SaveForWeb-outline-FINAL-01.svg\",\"contentUrl\":\"https:\\\/\\\/thern.com\\\/wp-content\\\/uploads\\\/2023\\\/11\\\/Logo_SaveForWeb-outline-FINAL-01.svg\",\"caption\":\"Thern\u00ae Winches &amp; Cranes\"},\"image\":{\"@id\":\"https:\\\/\\\/thern.com\\\/es\\\/#\\\/schema\\\/logo\\\/image\\\/\"},\"sameAs\":[\"https:\\\/\\\/www.facebook.com\\\/ThernInc\\\/\",\"https:\\\/\\\/www.linkedin.com\\\/company\\\/thern-inc-\\\/\",\"https:\\\/\\\/www.youtube.com\\\/user\\\/ThernStage\"]}]}<\/script>\n<!-- \/ Yoast SEO plugin. -->","yoast_head_json":{"title":"Cabrestante el\u00e9ctrico port\u00e1til serie 3WG4 | Thern\u00ae Winches &amp; Cranes","description":"El cabrestante el\u00e9ctrico port\u00e1til Thern 3WG4 Atlas II Series proporciona un rendimiento superior y est\u00e1 fabricado con orgullo en los EE. UU. \u00a1Vea las especificaciones del cabrestante!","robots":{"index":"index","follow":"follow","max-snippet":"max-snippet:-1","max-image-preview":"max-image-preview:large","max-video-preview":"max-video-preview:-1"},"canonical":"https:\/\/thern.com\/es\/winches\/portable-electric-winches\/series-3wg4-atlas-ii-portable-power-winch\/","og_locale":"es_ES","og_type":"article","og_title":"Cabrestante el\u00e9ctrico port\u00e1til serie 3WG4 | Thern\u00ae Winches &amp; Cranes","og_description":"El cabrestante el\u00e9ctrico port\u00e1til Thern 3WG4 Atlas II Series proporciona un rendimiento superior y est\u00e1 fabricado con orgullo en los EE. UU. \u00a1Vea las especificaciones del cabrestante!","og_url":"https:\/\/thern.com\/es\/winches\/portable-electric-winches\/series-3wg4-atlas-ii-portable-power-winch\/","og_site_name":"Thern\u00ae Winches &amp; Cranes","article_publisher":"https:\/\/www.facebook.com\/ThernInc\/","article_modified_time":"2023-10-04T13:56:33+00:00","twitter_card":"summary_large_image","twitter_misc":{"Tiempo de lectura":"2 minutos"},"schema":{"@context":"https:\/\/schema.org","@graph":[{"@type":"WebPage","@id":"https:\/\/thern.com\/es\/winches\/portable-electric-winches\/series-3wg4-atlas-ii-portable-power-winch\/","url":"https:\/\/thern.com\/es\/winches\/portable-electric-winches\/series-3wg4-atlas-ii-portable-power-winch\/","name":"Cabrestante el\u00e9ctrico port\u00e1til serie 3WG4 | Thern\u00ae Winches &amp; Cranes","isPartOf":{"@id":"https:\/\/thern.com\/es\/#website"},"datePublished":"2023-08-22T16:22:23+00:00","dateModified":"2023-10-04T13:56:33+00:00","description":"El cabrestante el\u00e9ctrico port\u00e1til Thern 3WG4 Atlas II Series proporciona un rendimiento superior y est\u00e1 fabricado con orgullo en los EE. UU. \u00a1Vea las especificaciones del cabrestante!","breadcrumb":{"@id":"https:\/\/thern.com\/es\/winches\/portable-electric-winches\/series-3wg4-atlas-ii-portable-power-winch\/#breadcrumb"},"inLanguage":"es","potentialAction":[{"@type":"ReadAction","target":["https:\/\/thern.com\/es\/winches\/portable-electric-winches\/series-3wg4-atlas-ii-portable-power-winch\/"]}]},{"@type":"BreadcrumbList","@id":"https:\/\/thern.com\/es\/winches\/portable-electric-winches\/series-3wg4-atlas-ii-portable-power-winch\/#breadcrumb","itemListElement":[{"@type":"ListItem","position":1,"name":"Home","item":"https:\/\/thern.com\/es\/"},{"@type":"ListItem","position":2,"name":"Winches","item":"https:\/\/thern.com\/es\/winches\/"},{"@type":"ListItem","position":3,"name":"Portable Electric Winches","item":"https:\/\/thern.com\/es\/winches\/portable-electric-winches\/"},{"@type":"ListItem","position":4,"name":"Series 3WG4 Atlas II Portable Power Winch"}]},{"@type":"WebSite","@id":"https:\/\/thern.com\/es\/#website","url":"https:\/\/thern.com\/es\/","name":"Thern\u00ae Winches &amp; Cranes","description":"Leave the Heavy Lifting to Us","publisher":{"@id":"https:\/\/thern.com\/es\/#organization"},"potentialAction":[{"@type":"SearchAction","target":{"@type":"EntryPoint","urlTemplate":"https:\/\/thern.com\/es\/?s={search_term_string}"},"query-input":{"@type":"PropertyValueSpecification","valueRequired":true,"valueName":"search_term_string"}}],"inLanguage":"es"},{"@type":"Organization","@id":"https:\/\/thern.com\/es\/#organization","name":"Thern\u00ae Winches &amp; Cranes","url":"https:\/\/thern.com\/es\/","logo":{"@type":"ImageObject","inLanguage":"es","@id":"https:\/\/thern.com\/es\/#\/schema\/logo\/image\/","url":"https:\/\/thern.com\/wp-content\/uploads\/2023\/11\/Logo_SaveForWeb-outline-FINAL-01.svg","contentUrl":"https:\/\/thern.com\/wp-content\/uploads\/2023\/11\/Logo_SaveForWeb-outline-FINAL-01.svg","caption":"Thern\u00ae Winches &amp; Cranes"},"image":{"@id":"https:\/\/thern.com\/es\/#\/schema\/logo\/image\/"},"sameAs":["https:\/\/www.facebook.com\/ThernInc\/","https:\/\/www.linkedin.com\/company\/thern-inc-\/","https:\/\/www.youtube.com\/user\/ThernStage"]}]}},"_links":{"self":[{"href":"https:\/\/thern.com\/es\/wp-json\/wp\/v2\/pages\/31204","targetHints":{"allow":["GET"]}}],"collection":[{"href":"https:\/\/thern.com\/es\/wp-json\/wp\/v2\/pages"}],"about":[{"href":"https:\/\/thern.com\/es\/wp-json\/wp\/v2\/types\/page"}],"author":[{"embeddable":true,"href":"https:\/\/thern.com\/es\/wp-json\/wp\/v2\/users\/1"}],"replies":[{"embeddable":true,"href":"https:\/\/thern.com\/es\/wp-json\/wp\/v2\/comments?post=31204"}],"version-history":[{"count":0,"href":"https:\/\/thern.com\/es\/wp-json\/wp\/v2\/pages\/31204\/revisions"}],"up":[{"embeddable":true,"href":"https:\/\/thern.com\/es\/wp-json\/wp\/v2\/pages\/32297"}],"wp:attachment":[{"href":"https:\/\/thern.com\/es\/wp-json\/wp\/v2\/media?parent=31204"}],"curies":[{"name":"wp","href":"https:\/\/api.w.org\/{rel}","templated":true}]}}