{"id":30645,"date":"2023-07-27T19:52:30","date_gmt":"2023-07-27T19:52:30","guid":{"rendered":"https:\/\/therninc.wpenginepowered.com\/thern-advantage\/"},"modified":"2023-09-27T01:05:07","modified_gmt":"2023-09-27T01:05:07","slug":"thern-advantage","status":"publish","type":"page","link":"https:\/\/thern.com\/es\/thern-advantage\/","title":{"rendered":"Thern Advantage"},"content":{"rendered":"<div class=\"wpb-content-wrapper\"><p>[vc_section full_width=\u00bbstretch_row\u00bb full_height=\u00bbyes\u00bb content_placement=\u00bbbottom\u00bb css=\u00bb.vc_custom_1690487607663{background-image: url(https:\/\/thern.com\/wp-content\/uploads\/2023\/07\/Thern-Inc-Thern-Advantage-Hero.jpg?id=559) !important;background-position: center !important;background-repeat: no-repeat !important;background-size: cover !important;}\u00bb][vc_row full_width=\u00bbstretch_row\u00bb css=\u00bb.vc_custom_1690487583285{padding-bottom: 95px !important;background-color: rgba(0,0,0,0.5) !important;*background-color: rgb(0,0,0) !important;}\u00bb][vc_column][vc_custom_heading text=\u00bbThern<br \/>\nAdvantage\u00bb font_container=\u00bbtag:h1|text_align:left|color:%23ffffff\u00bb use_theme_fonts=\u00bbyes\u00bb css_animation=\u00bbfadeInLeft\u00bb][\/vc_column][\/vc_row][\/vc_section][vc_row full_width=\u00bbstretch_row\u00bb equal_height=\u00bbyes\u00bb content_placement=\u00bbmiddle\u00bb css=\u00bb.vc_custom_1689180629506{padding-bottom: 35px !important;background-color: #c71a32 !important;}\u00bb][vc_column css_animation=\u00bbfadeInLeft\u00bb width=\u00bb2\/3&#8243;][vc_custom_heading text=\u00bbLa calidad excepcional est\u00e1 en todo lo que hacemos.\u00bb font_container=\u00bbtag:h2|text_align:left|color:%23ffffff\u00bb use_theme_fonts=\u00bbyes\u00bb][\/vc_column][vc_column width=\u00bb1\/3&#8243;][\/vc_column][\/vc_row][vc_section full_width=\u00bbstretch_row\u00bb full_height=\u00bbyes\u00bb content_placement=\u00bbmiddle\u00bb css=\u00bb.vc_custom_1694708355422{background-image: url(https:\/\/thern.com\/wp-content\/uploads\/2023\/07\/Asset-1-1.png?id=566) !important;background-position: center !important;background-repeat: no-repeat !important;background-size: cover !important;}\u00bb el_class=\u00bbmap-container\u00bb][vc_row content_placement=\u00bbmiddle\u00bb][vc_column css_animation=\u00bbfadeInLeft\u00bb width=\u00bb1\/2&#8243;][vc_single_image image=\u00bb567&#8243; img_size=\u00bbfull\u00bb alignment=\u00bbcenter\u00bb][\/vc_column][vc_column css_animation=\u00bbfadeInRight\u00bb width=\u00bb1\/2&#8243; el_class=\u00bbmap-content\u00bb][vc_column_text]<\/p>\n<p style=\"text-align: left;\">Cualquier fabricante puede decir que fabrica una gr\u00faa o un cabrestante mejores, pero respaldamos esa afirmaci\u00f3n con una s\u00f3lida reputaci\u00f3n de productos confiables elegidos una y otra vez por empresas de todo el mundo. Con una historia que abarca m\u00e1s de siete d\u00e9cadas, Thern ha brindado soluciones sorprendentes para algunos proyectos muy GRANDES en todo el mundo. Los nuevos clientes pueden preguntarse: \u00ab\u00bfQu\u00e9 puede hacer esa peque\u00f1a empresa del Medio Oeste?\u00bb, mientras que los clientes m\u00e1s antiguos se preguntan: \u00ab\u00bfQu\u00e9 no pueden hacer ellos?\u00bb.<\/p>\n<p>[\/vc_column_text][\/vc_column][\/vc_row][\/vc_section][vc_section full_width=\u00bbstretch_row\u00bb css=\u00bb.vc_custom_1691518704529{padding-top: 0px !important;background-image: url(https:\/\/thern.com\/wp-content\/uploads\/2023\/08\/Thern_Thern-Advantage-Difference.jpg?id=22385) !important;background-position: center !important;background-repeat: no-repeat !important;background-size: cover !important;}\u00bb el_class=\u00bbthern-difference\u00bb][vc_row full_width=\u00bbstretch_row\u00bb content_placement=\u00bbmiddle\u00bb css=\u00bb.vc_custom_1690488908709{padding-bottom: 35px !important;background-color: rgba(0,0,0,0.25) !important;*background-color: rgb(0,0,0) !important;}\u00bb][vc_column][vc_custom_heading text=\u00bbQu\u00e9 nos diferencia\u00bb font_container=\u00bbtag:h2|text_align:left|color:%23ffffff\u00bb use_theme_fonts=\u00bbyes\u00bb css_animation=\u00bbfadeInUp\u00bb][\/vc_column][\/vc_row][vc_row css=\u00bb.vc_custom_1691510870436{padding-top: 15px !important;padding-bottom: 15px !important;}\u00bb][vc_column css_animation=\u00bbfadeInUp\u00bb width=\u00bb1\/4&#8243;][vc_icon icon_fontawesome=\u00bbfas fa-cog\u00bb color=\u00bbcustom\u00bb custom_color=\u00bb#c71a32&#8243;][vc_custom_heading text=\u00bbInterno<br \/>\nIngenier\u00eda\u00bb font_container=\u00bbtag:h5|text_align:left|color:%23c71a32&#8243; use_theme_fonts=\u00bbyes\u00bb][vc_column_text]<\/p>\n<p style=\"text-align: left;\">Combinando d\u00e9cadas de conocimiento, nuestros experimentados ingenieros internos consultan, dise\u00f1an y realizan modificaciones seg\u00fan sea necesario para brindar soluciones insuperables para cualquier aplicaci\u00f3n.<\/p>\n<p>[\/vc_column_text][\/vc_column][vc_column css_animation=\u00bbfadeInUp\u00bb width=\u00bb1\/4&#8243;][vc_icon icon_fontawesome=\u00bbfas fa-trophy\u00bb color=\u00bbcustom\u00bb custom_color=\u00bb#c71a32&#8243;][vc_custom_heading text=\u00bbCALIDAD<br \/>\nNORMAS\u00bb font_container=\u00bbtag:h5|text_align:left|color:%23c71a32&#8243; use_theme_fonts=\u00bbyes\u00bb][vc_column_text]<\/p>\n<p style=\"text-align: left;\">Al ser una empresa certificada ISO 9001:2015, nos aseguramos de que cada producto que fabricamos en los EE. UU. cumpla con nuestros estrictos est\u00e1ndares de calidad y se pruebe exhaustivamente en cuanto a rendimiento y durabilidad.<\/p>\n<p>[\/vc_column_text][\/vc_column][vc_column css_animation=\u00bbfadeInUp\u00bb width=\u00bb1\/4&#8243;][vc_icon icon_fontawesome=\u00bbfas fa-history\u00bb color=\u00bbcustom\u00bb custom_color=\u00bb#c71a32&#8243;][vc_custom_heading text=\u00bbR\u00c1PIDO<br \/>\nGIRO DE VUELTA\u00bb font_container=\u00bbtag:h5|text_align:left|color:%23c71a32&#8243; use_theme_fonts=\u00bbyes\u00bb][vc_column_text]<\/p>\n<p style=\"text-align: left;\">Estamos orgullosos de ofrecer plazos de entrega excepcionales con los que puede contar. Podemos enviar la mayor\u00eda de los productos est\u00e1ndar dentro de los dos d\u00edas posteriores a la realizaci\u00f3n del pedido. Incluso nuestros productos personalizados tienen un dise\u00f1o modular con plazos de entrega que rivalizan con la entrega de productos est\u00e1ndar de la competencia.<\/p>\n<p>[\/vc_column_text][\/vc_column][vc_column css_animation=\u00bbfadeInUp\u00bb width=\u00bb1\/4&#8243;][vc_icon icon_fontawesome=\u00bbfar fa-star\u00bb color=\u00bbcustom\u00bb custom_color=\u00bb#c71a32&#8243;][vc_custom_heading text=\u00bbS\u00d3LIDO<br \/>\nGARANT\u00cdA\u00bb font_container=\u00bbtag:h5|text_align:left|color:%23c71a32&#8243; use_theme_fonts=\u00bbyes\u00bb][vc_column_text]<\/p>\n<p style=\"text-align: left;\">Tenga la tranquilidad de que garantizamos una vida \u00fatil constante para sus productos Thern al ofrecer una s\u00f3lida garant\u00eda limitada de dos a\u00f1os para garantizar la completa satisfacci\u00f3n del cliente.<\/p>\n<p>[\/vc_column_text][\/vc_column][\/vc_row][\/vc_section][vc_row css=\u00bb.vc_custom_1692303123026{padding-top: 65px !important;padding-bottom: 35px !important;}\u00bb][vc_column width=\u00bb1\/6&#8243;][\/vc_column][vc_column css_animation=\u00bbfadeInUp\u00bb width=\u00bb4\/6&#8243;][vc_custom_heading text=\u00bbEstamos aqu\u00ed para ayudar\u00bb font_container=\u00bbtag:h2|text_align:center|color:%230a0a0a\u00bb use_theme_fonts=\u00bbyes\u00bb][vc_column_text]<\/p>\n<p style=\"text-align: center;\">\u00bfTiene preguntas? El amable y experto personal de ventas y servicio de Thern est\u00e1 dispuesto a ayudarle.<\/p>\n<p>[\/vc_column_text][vc_btn title=\u00bbContacta con nosotros\u00bb style=\u00bbcustom\u00bb custom_background=\u00bb#c71a32&#8243; custom_text=\u00bb#ffffff\u00bb shape=\u00bbsquare\u00bb size=\u00bblg\u00bb align=\u00bbcenter\u00bb link=\u00bburl:%2Fes%2Fcontact%2F|title:Contact\u00bb][\/vc_column][vc_column width=\u00bb1\/6&#8243;][\/vc_column][\/vc_row]<\/p>\n<\/div>","protected":false},"excerpt":{"rendered":"<p>[vc_section full_width=\u00bbstretch_row\u00bb full_height=\u00bbyes\u00bb content_placement=\u00bbbottom\u00bb css=\u00bb.vc_custom_1690487607663{background-image: url(https:\/\/thern.com\/wp-content\/uploads\/2023\/07\/Thern-Inc-Thern-Advantage-Hero.jpg?id=559) !important;background-position: center !important;background-repeat: no-repeat !important;background-size: cover !important;}\u00bb][vc_row full_width=\u00bbstretch_row\u00bb css=\u00bb.vc_custom_1690487583285{padding-bottom: 95px !important;background-color: rgba(0,0,0,0.5) !important;*background-color: rgb(0,0,0) !important;}\u00bb][vc_column][vc_custom_heading text=\u00bbThern Advantage\u00bb font_container=\u00bbtag:h1|text_align:left|color:%23ffffff\u00bb use_theme_fonts=\u00bbyes\u00bb css_animation=\u00bbfadeInLeft\u00bb][\/vc_column][\/vc_row][\/vc_section][vc_row full_width=\u00bbstretch_row\u00bb equal_height=\u00bbyes\u00bb content_placement=\u00bbmiddle\u00bb css=\u00bb.vc_custom_1689180629506{padding-bottom: 35px !important;background-color: #c71a32 !important;}\u00bb][vc_column css_animation=\u00bbfadeInLeft\u00bb width=\u00bb2\/3&#8243;][vc_custom_heading text=\u00bbLa calidad excepcional est\u00e1 en todo lo que hacemos.\u00bb font_container=\u00bbtag:h2|text_align:left|color:%23ffffff\u00bb use_theme_fonts=\u00bbyes\u00bb][\/vc_column][vc_column width=\u00bb1\/3&#8243;][\/vc_column][\/vc_row][vc_section full_width=\u00bbstretch_row\u00bb full_height=\u00bbyes\u00bb content_placement=\u00bbmiddle\u00bb css=\u00bb.vc_custom_1694708355422{background-image: url(https:\/\/thern.com\/wp-content\/uploads\/2023\/07\/Asset-1-1.png?id=566) !important;background-position: center &#8230; <a title=\"Thern Advantage\" class=\"read-more\" href=\"https:\/\/thern.com\/es\/thern-advantage\/\" aria-label=\"More on Thern Advantage\">Read more<\/a><\/p>\n","protected":false},"author":1,"featured_media":0,"parent":0,"menu_order":0,"comment_status":"closed","ping_status":"closed","template":"","meta":{"footnotes":""},"class_list":["post-30645","page","type-page","status-publish"],"yoast_head":"<!-- This site is optimized with the Yoast SEO plugin v27.4 - https:\/\/yoast.com\/product\/yoast-seo-wordpress\/ -->\n<title>La ventaja de Thern: cabrestantes y gr\u00faas Thern | Thern, Inc.<\/title>\n<meta name=\"description\" content=\"\u00bfPor qu\u00e9 elegir Thern Winches &amp; Cranes? \u00a1Descubra Thern Advantage y conozca nuestro compromiso con la excelencia en todo lo que hacemos!\" \/>\n<meta name=\"robots\" content=\"index, follow, max-snippet:-1, max-image-preview:large, max-video-preview:-1\" \/>\n<link rel=\"canonical\" href=\"https:\/\/thern.com\/es\/thern-advantage\/\" \/>\n<meta property=\"og:locale\" content=\"es_ES\" \/>\n<meta property=\"og:type\" content=\"article\" \/>\n<meta property=\"og:title\" content=\"La ventaja de Thern: cabrestantes y gr\u00faas Thern | Thern, Inc.\" \/>\n<meta property=\"og:description\" content=\"\u00bfPor qu\u00e9 elegir Thern Winches &amp; Cranes? \u00a1Descubra Thern Advantage y conozca nuestro compromiso con la excelencia en todo lo que hacemos!\" \/>\n<meta property=\"og:url\" content=\"https:\/\/thern.com\/es\/thern-advantage\/\" \/>\n<meta property=\"og:site_name\" content=\"Thern\u00ae Winches &amp; Cranes\" \/>\n<meta property=\"article:publisher\" content=\"https:\/\/www.facebook.com\/ThernInc\/\" \/>\n<meta property=\"article:modified_time\" content=\"2023-09-27T01:05:07+00:00\" \/>\n<meta name=\"twitter:card\" content=\"summary_large_image\" \/>\n<meta name=\"twitter:label1\" content=\"Tiempo de lectura\" \/>\n\t<meta name=\"twitter:data1\" content=\"2 minutos\" \/>\n<script type=\"application\/ld+json\" class=\"yoast-schema-graph\">{\"@context\":\"https:\\\/\\\/schema.org\",\"@graph\":[{\"@type\":\"WebPage\",\"@id\":\"https:\\\/\\\/thern.com\\\/es\\\/thern-advantage\\\/\",\"url\":\"https:\\\/\\\/thern.com\\\/es\\\/thern-advantage\\\/\",\"name\":\"La ventaja de Thern: cabrestantes y gr\u00faas Thern | Thern, Inc.\",\"isPartOf\":{\"@id\":\"https:\\\/\\\/thern.com\\\/es\\\/#website\"},\"datePublished\":\"2023-07-27T19:52:30+00:00\",\"dateModified\":\"2023-09-27T01:05:07+00:00\",\"description\":\"\u00bfPor qu\u00e9 elegir Thern Winches & Cranes? \u00a1Descubra Thern Advantage y conozca nuestro compromiso con la excelencia en todo lo que hacemos!\",\"breadcrumb\":{\"@id\":\"https:\\\/\\\/thern.com\\\/es\\\/thern-advantage\\\/#breadcrumb\"},\"inLanguage\":\"es\",\"potentialAction\":[{\"@type\":\"ReadAction\",\"target\":[\"https:\\\/\\\/thern.com\\\/es\\\/thern-advantage\\\/\"]}]},{\"@type\":\"BreadcrumbList\",\"@id\":\"https:\\\/\\\/thern.com\\\/es\\\/thern-advantage\\\/#breadcrumb\",\"itemListElement\":[{\"@type\":\"ListItem\",\"position\":1,\"name\":\"Home\",\"item\":\"https:\\\/\\\/thern.com\\\/es\\\/\"},{\"@type\":\"ListItem\",\"position\":2,\"name\":\"Thern Advantage\"}]},{\"@type\":\"WebSite\",\"@id\":\"https:\\\/\\\/thern.com\\\/es\\\/#website\",\"url\":\"https:\\\/\\\/thern.com\\\/es\\\/\",\"name\":\"Thern\u00ae Winches &amp; Cranes\",\"description\":\"Leave the Heavy Lifting to Us\",\"publisher\":{\"@id\":\"https:\\\/\\\/thern.com\\\/es\\\/#organization\"},\"potentialAction\":[{\"@type\":\"SearchAction\",\"target\":{\"@type\":\"EntryPoint\",\"urlTemplate\":\"https:\\\/\\\/thern.com\\\/es\\\/?s={search_term_string}\"},\"query-input\":{\"@type\":\"PropertyValueSpecification\",\"valueRequired\":true,\"valueName\":\"search_term_string\"}}],\"inLanguage\":\"es\"},{\"@type\":\"Organization\",\"@id\":\"https:\\\/\\\/thern.com\\\/es\\\/#organization\",\"name\":\"Thern\u00ae Winches &amp; Cranes\",\"url\":\"https:\\\/\\\/thern.com\\\/es\\\/\",\"logo\":{\"@type\":\"ImageObject\",\"inLanguage\":\"es\",\"@id\":\"https:\\\/\\\/thern.com\\\/es\\\/#\\\/schema\\\/logo\\\/image\\\/\",\"url\":\"https:\\\/\\\/thern.com\\\/wp-content\\\/uploads\\\/2023\\\/11\\\/Logo_SaveForWeb-outline-FINAL-01.svg\",\"contentUrl\":\"https:\\\/\\\/thern.com\\\/wp-content\\\/uploads\\\/2023\\\/11\\\/Logo_SaveForWeb-outline-FINAL-01.svg\",\"caption\":\"Thern\u00ae Winches &amp; Cranes\"},\"image\":{\"@id\":\"https:\\\/\\\/thern.com\\\/es\\\/#\\\/schema\\\/logo\\\/image\\\/\"},\"sameAs\":[\"https:\\\/\\\/www.facebook.com\\\/ThernInc\\\/\",\"https:\\\/\\\/www.linkedin.com\\\/company\\\/thern-inc-\\\/\",\"https:\\\/\\\/www.youtube.com\\\/user\\\/ThernStage\"]}]}<\/script>\n<!-- \/ Yoast SEO plugin. -->","yoast_head_json":{"title":"La ventaja de Thern: cabrestantes y gr\u00faas Thern | Thern, Inc.","description":"\u00bfPor qu\u00e9 elegir Thern Winches & Cranes? \u00a1Descubra Thern Advantage y conozca nuestro compromiso con la excelencia en todo lo que hacemos!","robots":{"index":"index","follow":"follow","max-snippet":"max-snippet:-1","max-image-preview":"max-image-preview:large","max-video-preview":"max-video-preview:-1"},"canonical":"https:\/\/thern.com\/es\/thern-advantage\/","og_locale":"es_ES","og_type":"article","og_title":"La ventaja de Thern: cabrestantes y gr\u00faas Thern | Thern, Inc.","og_description":"\u00bfPor qu\u00e9 elegir Thern Winches & Cranes? \u00a1Descubra Thern Advantage y conozca nuestro compromiso con la excelencia en todo lo que hacemos!","og_url":"https:\/\/thern.com\/es\/thern-advantage\/","og_site_name":"Thern\u00ae Winches &amp; Cranes","article_publisher":"https:\/\/www.facebook.com\/ThernInc\/","article_modified_time":"2023-09-27T01:05:07+00:00","twitter_card":"summary_large_image","twitter_misc":{"Tiempo de lectura":"2 minutos"},"schema":{"@context":"https:\/\/schema.org","@graph":[{"@type":"WebPage","@id":"https:\/\/thern.com\/es\/thern-advantage\/","url":"https:\/\/thern.com\/es\/thern-advantage\/","name":"La ventaja de Thern: cabrestantes y gr\u00faas Thern | Thern, Inc.","isPartOf":{"@id":"https:\/\/thern.com\/es\/#website"},"datePublished":"2023-07-27T19:52:30+00:00","dateModified":"2023-09-27T01:05:07+00:00","description":"\u00bfPor qu\u00e9 elegir Thern Winches & Cranes? \u00a1Descubra Thern Advantage y conozca nuestro compromiso con la excelencia en todo lo que hacemos!","breadcrumb":{"@id":"https:\/\/thern.com\/es\/thern-advantage\/#breadcrumb"},"inLanguage":"es","potentialAction":[{"@type":"ReadAction","target":["https:\/\/thern.com\/es\/thern-advantage\/"]}]},{"@type":"BreadcrumbList","@id":"https:\/\/thern.com\/es\/thern-advantage\/#breadcrumb","itemListElement":[{"@type":"ListItem","position":1,"name":"Home","item":"https:\/\/thern.com\/es\/"},{"@type":"ListItem","position":2,"name":"Thern Advantage"}]},{"@type":"WebSite","@id":"https:\/\/thern.com\/es\/#website","url":"https:\/\/thern.com\/es\/","name":"Thern\u00ae Winches &amp; Cranes","description":"Leave the Heavy Lifting to Us","publisher":{"@id":"https:\/\/thern.com\/es\/#organization"},"potentialAction":[{"@type":"SearchAction","target":{"@type":"EntryPoint","urlTemplate":"https:\/\/thern.com\/es\/?s={search_term_string}"},"query-input":{"@type":"PropertyValueSpecification","valueRequired":true,"valueName":"search_term_string"}}],"inLanguage":"es"},{"@type":"Organization","@id":"https:\/\/thern.com\/es\/#organization","name":"Thern\u00ae Winches &amp; Cranes","url":"https:\/\/thern.com\/es\/","logo":{"@type":"ImageObject","inLanguage":"es","@id":"https:\/\/thern.com\/es\/#\/schema\/logo\/image\/","url":"https:\/\/thern.com\/wp-content\/uploads\/2023\/11\/Logo_SaveForWeb-outline-FINAL-01.svg","contentUrl":"https:\/\/thern.com\/wp-content\/uploads\/2023\/11\/Logo_SaveForWeb-outline-FINAL-01.svg","caption":"Thern\u00ae Winches &amp; Cranes"},"image":{"@id":"https:\/\/thern.com\/es\/#\/schema\/logo\/image\/"},"sameAs":["https:\/\/www.facebook.com\/ThernInc\/","https:\/\/www.linkedin.com\/company\/thern-inc-\/","https:\/\/www.youtube.com\/user\/ThernStage"]}]}},"_links":{"self":[{"href":"https:\/\/thern.com\/es\/wp-json\/wp\/v2\/pages\/30645","targetHints":{"allow":["GET"]}}],"collection":[{"href":"https:\/\/thern.com\/es\/wp-json\/wp\/v2\/pages"}],"about":[{"href":"https:\/\/thern.com\/es\/wp-json\/wp\/v2\/types\/page"}],"author":[{"embeddable":true,"href":"https:\/\/thern.com\/es\/wp-json\/wp\/v2\/users\/1"}],"replies":[{"embeddable":true,"href":"https:\/\/thern.com\/es\/wp-json\/wp\/v2\/comments?post=30645"}],"version-history":[{"count":0,"href":"https:\/\/thern.com\/es\/wp-json\/wp\/v2\/pages\/30645\/revisions"}],"wp:attachment":[{"href":"https:\/\/thern.com\/es\/wp-json\/wp\/v2\/media?parent=30645"}],"curies":[{"name":"wp","href":"https:\/\/api.w.org\/{rel}","templated":true}]}}