{"id":30620,"date":"2023-08-17T19:30:52","date_gmt":"2023-08-17T19:30:52","guid":{"rendered":"https:\/\/therninc.wpenginepowered.com\/testimonials\/ocean-plastic-recovery\/"},"modified":"2023-09-27T00:28:44","modified_gmt":"2023-09-27T00:28:44","slug":"ocean-plastic-recovery","status":"publish","type":"page","link":"https:\/\/thern.com\/es\/testimonials\/ocean-plastic-recovery\/","title":{"rendered":"Ocean Plastic Recovery"},"content":{"rendered":"<div class=\"wpb-content-wrapper\"><p>[vc_section full_width=\u00bbstretch_row\u00bb content_placement=\u00bbbottom\u00bb css=\u00bb.vc_custom_1692299549917{padding-top: 0px !important;background-image: url(https:\/\/thern.com\/wp-content\/uploads\/2023\/07\/Asset-1.png?id=344) !important;background-position: center !important;background-repeat: no-repeat !important;background-size: cover !important;}\u00bb][vc_row full_width=\u00bbstretch_row\u00bb css=\u00bb.vc_custom_1692299519679{padding-top: 50px !important;padding-bottom: 70px !important;background-color: rgba(0,0,0,0.5) !important;*background-color: rgb(0,0,0) !important;}\u00bb][vc_column][vc_custom_heading text=\u00bbOcean Plastic Recovery\u00bb font_container=\u00bbtag:h1|text_align:left|color:%23ffffff\u00bb use_theme_fonts=\u00bbyes\u00bb css_animation=\u00bbfadeInLeft\u00bb][\/vc_column][\/vc_row][\/vc_section][vc_row full_width=\u00bbstretch_row\u00bb equal_height=\u00bbyes\u00bb content_placement=\u00bbmiddle\u00bb css=\u00bb.vc_custom_1689180629506{padding-bottom: 35px !important;background-color: #c71a32 !important;}\u00bb][vc_column width=\u00bb2\/3&#8243;][vc_custom_heading text=\u00bbMuy feliz con los pescantes\u00bb font_container=\u00bbtag:h2|text_align:left|color:%23ffffff\u00bb use_theme_fonts=\u00bbyes\u00bb css_animation=\u00bbfadeInLeft\u00bb][\/vc_column][vc_column width=\u00bb1\/3&#8243;][\/vc_column][\/vc_row][vc_row equal_height=\u00bbyes\u00bb css=\u00bb.vc_custom_1692299451924{padding-bottom: 35px !important;}\u00bb][vc_column css_animation=\u00bbfadeInLeft\u00bb width=\u00bb1\/2&#8243;][vc_column_text]<\/p>\n<section class=\"av_textblock_section\">\n<div class=\"avia_textblock\">\n<div class=\"flex_column av-36ex6-099a60918886df4549534f70c60346ea av_one_half avia-builder-el-3 el_after_av_textblock el_before_av_one_half first flex_column_div av-zero-column-padding column-top-margin\">\n<section class=\"av_textblock_section\">\n<div class=\"avia_textblock\">\n<p>\u201cMi nombre es Dave Vandenabeele, trabajo con Alex Schulze (uno de los fundadores) en 4ocean. Soy el director de proyecto de la campa\u00f1a OPR (Recuperaci\u00f3n de pl\u00e1stico oce\u00e1nico), por lo que mis equipos han estado utilizando los pescantes que usted tuvo la amabilidad de proporcionarnos.<\/p>\n<p>Los pescantes nos han funcionado muy bien. La instalaci\u00f3n fue sencilla para mi ingeniero. Tampoco hemos tenido ning\u00fan problema con ninguna carga. Por eso estamos muy contentos con los pescantes en este momento\u201d.<\/p>\n<p>-Dave Vanenabeele<br \/>\nResponsable de Proyecto de la Campa\u00f1a OPR<\/p>\n<\/div>\n<\/section>\n<\/div>\n<\/div>\n<\/section>\n<p>[\/vc_column_text][vc_btn title=\u00bbVolver a Testimonios\u00bb style=\u00bbcustom\u00bb custom_background=\u00bb#c71a32&#8243; custom_text=\u00bb#ffffff\u00bb shape=\u00bbsquare\u00bb size=\u00bblg\u00bb align=\u00bbleft\u00bb i_icon_fontawesome=\u00bbfas fa-angle-left\u00bb add_icon=\u00bbtrue\u00bb link=\u00bburl:%2Fes%2Ftestimonials%2F|title:Return%20to%20Testimonials\u00bb][\/vc_column][vc_column css_animation=\u00bbfadeInRight\u00bb width=\u00bb1\/2&#8243;][vc_single_image image=\u00bb22903&#8243; img_size=\u00bbfull\u00bb alignment=\u00bbcenter\u00bb][\/vc_column][\/vc_row]<\/p>\n<\/div>","protected":false},"excerpt":{"rendered":"<p>[vc_section full_width=\u00bbstretch_row\u00bb content_placement=\u00bbbottom\u00bb css=\u00bb.vc_custom_1692299549917{padding-top: 0px !important;background-image: url(https:\/\/thern.com\/wp-content\/uploads\/2023\/07\/Asset-1.png?id=344) !important;background-position: center !important;background-repeat: no-repeat !important;background-size: cover !important;}\u00bb][vc_row full_width=\u00bbstretch_row\u00bb css=\u00bb.vc_custom_1692299519679{padding-top: 50px !important;padding-bottom: 70px !important;background-color: rgba(0,0,0,0.5) !important;*background-color: rgb(0,0,0) !important;}\u00bb][vc_column][vc_custom_heading text=\u00bbOcean Plastic Recovery\u00bb font_container=\u00bbtag:h1|text_align:left|color:%23ffffff\u00bb use_theme_fonts=\u00bbyes\u00bb css_animation=\u00bbfadeInLeft\u00bb][\/vc_column][\/vc_row][\/vc_section][vc_row full_width=\u00bbstretch_row\u00bb equal_height=\u00bbyes\u00bb content_placement=\u00bbmiddle\u00bb css=\u00bb.vc_custom_1689180629506{padding-bottom: 35px !important;background-color: #c71a32 !important;}\u00bb][vc_column width=\u00bb2\/3&#8243;][vc_custom_heading text=\u00bbMuy feliz con los pescantes\u00bb font_container=\u00bbtag:h2|text_align:left|color:%23ffffff\u00bb use_theme_fonts=\u00bbyes\u00bb css_animation=\u00bbfadeInLeft\u00bb][\/vc_column][vc_column width=\u00bb1\/3&#8243;][\/vc_column][\/vc_row][vc_row equal_height=\u00bbyes\u00bb css=\u00bb.vc_custom_1692299451924{padding-bottom: 35px !important;}\u00bb][vc_column css_animation=\u00bbfadeInLeft\u00bb width=\u00bb1\/2&#8243;][vc_column_text] \u201cMi &#8230; <a title=\"Ocean Plastic Recovery\" class=\"read-more\" href=\"https:\/\/thern.com\/es\/testimonials\/ocean-plastic-recovery\/\" aria-label=\"More on Ocean Plastic Recovery\">Read more<\/a><\/p>\n","protected":false},"author":1,"featured_media":0,"parent":30065,"menu_order":0,"comment_status":"closed","ping_status":"closed","template":"","meta":{"footnotes":""},"class_list":["post-30620","page","type-page","status-publish"],"yoast_head":"<!-- This site is optimized with the Yoast SEO plugin v27.4 - https:\/\/yoast.com\/product\/yoast-seo-wordpress\/ -->\n<title>Recuperaci\u00f3n de pl\u00e1stico oce\u00e1nico - Testimonios | Thern, Inc.<\/title>\n<meta name=\"description\" content=\"\u00a1Muy feliz con los pescantes! \u00a1Eso es lo que nuestros clientes dicen sobre nuestras gr\u00faas cuando se trata de recuperaci\u00f3n de pl\u00e1stico oce\u00e1nico!\" \/>\n<meta name=\"robots\" content=\"index, follow, max-snippet:-1, max-image-preview:large, max-video-preview:-1\" \/>\n<link rel=\"canonical\" href=\"https:\/\/thern.com\/es\/testimonials\/ocean-plastic-recovery\/\" \/>\n<meta property=\"og:locale\" content=\"es_ES\" \/>\n<meta property=\"og:type\" content=\"article\" \/>\n<meta property=\"og:title\" content=\"Recuperaci\u00f3n de pl\u00e1stico oce\u00e1nico - Testimonios | Thern, Inc.\" \/>\n<meta property=\"og:description\" content=\"\u00a1Muy feliz con los pescantes! \u00a1Eso es lo que nuestros clientes dicen sobre nuestras gr\u00faas cuando se trata de recuperaci\u00f3n de pl\u00e1stico oce\u00e1nico!\" \/>\n<meta property=\"og:url\" content=\"https:\/\/thern.com\/es\/testimonials\/ocean-plastic-recovery\/\" \/>\n<meta property=\"og:site_name\" content=\"Thern\u00ae Winches &amp; Cranes\" \/>\n<meta property=\"article:publisher\" content=\"https:\/\/www.facebook.com\/ThernInc\/\" \/>\n<meta property=\"article:modified_time\" content=\"2023-09-27T00:28:44+00:00\" \/>\n<meta name=\"twitter:card\" content=\"summary_large_image\" \/>\n<meta name=\"twitter:label1\" content=\"Tiempo de lectura\" \/>\n\t<meta name=\"twitter:data1\" content=\"1 minuto\" \/>\n<script type=\"application\/ld+json\" class=\"yoast-schema-graph\">{\"@context\":\"https:\\\/\\\/schema.org\",\"@graph\":[{\"@type\":\"WebPage\",\"@id\":\"https:\\\/\\\/thern.com\\\/es\\\/testimonials\\\/ocean-plastic-recovery\\\/\",\"url\":\"https:\\\/\\\/thern.com\\\/es\\\/testimonials\\\/ocean-plastic-recovery\\\/\",\"name\":\"Recuperaci\u00f3n de pl\u00e1stico oce\u00e1nico - Testimonios | Thern, Inc.\",\"isPartOf\":{\"@id\":\"https:\\\/\\\/thern.com\\\/es\\\/#website\"},\"datePublished\":\"2023-08-17T19:30:52+00:00\",\"dateModified\":\"2023-09-27T00:28:44+00:00\",\"description\":\"\u00a1Muy feliz con los pescantes! \u00a1Eso es lo que nuestros clientes dicen sobre nuestras gr\u00faas cuando se trata de recuperaci\u00f3n de pl\u00e1stico oce\u00e1nico!\",\"breadcrumb\":{\"@id\":\"https:\\\/\\\/thern.com\\\/es\\\/testimonials\\\/ocean-plastic-recovery\\\/#breadcrumb\"},\"inLanguage\":\"es\",\"potentialAction\":[{\"@type\":\"ReadAction\",\"target\":[\"https:\\\/\\\/thern.com\\\/es\\\/testimonials\\\/ocean-plastic-recovery\\\/\"]}]},{\"@type\":\"BreadcrumbList\",\"@id\":\"https:\\\/\\\/thern.com\\\/es\\\/testimonials\\\/ocean-plastic-recovery\\\/#breadcrumb\",\"itemListElement\":[{\"@type\":\"ListItem\",\"position\":1,\"name\":\"Home\",\"item\":\"https:\\\/\\\/thern.com\\\/es\\\/\"},{\"@type\":\"ListItem\",\"position\":2,\"name\":\"Testimonials\",\"item\":\"https:\\\/\\\/thern.com\\\/es\\\/testimonials\\\/\"},{\"@type\":\"ListItem\",\"position\":3,\"name\":\"Ocean Plastic Recovery\"}]},{\"@type\":\"WebSite\",\"@id\":\"https:\\\/\\\/thern.com\\\/es\\\/#website\",\"url\":\"https:\\\/\\\/thern.com\\\/es\\\/\",\"name\":\"Thern\u00ae Winches &amp; Cranes\",\"description\":\"Leave the Heavy Lifting to Us\",\"publisher\":{\"@id\":\"https:\\\/\\\/thern.com\\\/es\\\/#organization\"},\"potentialAction\":[{\"@type\":\"SearchAction\",\"target\":{\"@type\":\"EntryPoint\",\"urlTemplate\":\"https:\\\/\\\/thern.com\\\/es\\\/?s={search_term_string}\"},\"query-input\":{\"@type\":\"PropertyValueSpecification\",\"valueRequired\":true,\"valueName\":\"search_term_string\"}}],\"inLanguage\":\"es\"},{\"@type\":\"Organization\",\"@id\":\"https:\\\/\\\/thern.com\\\/es\\\/#organization\",\"name\":\"Thern\u00ae Winches &amp; Cranes\",\"url\":\"https:\\\/\\\/thern.com\\\/es\\\/\",\"logo\":{\"@type\":\"ImageObject\",\"inLanguage\":\"es\",\"@id\":\"https:\\\/\\\/thern.com\\\/es\\\/#\\\/schema\\\/logo\\\/image\\\/\",\"url\":\"https:\\\/\\\/thern.com\\\/wp-content\\\/uploads\\\/2023\\\/11\\\/Logo_SaveForWeb-outline-FINAL-01.svg\",\"contentUrl\":\"https:\\\/\\\/thern.com\\\/wp-content\\\/uploads\\\/2023\\\/11\\\/Logo_SaveForWeb-outline-FINAL-01.svg\",\"caption\":\"Thern\u00ae Winches &amp; Cranes\"},\"image\":{\"@id\":\"https:\\\/\\\/thern.com\\\/es\\\/#\\\/schema\\\/logo\\\/image\\\/\"},\"sameAs\":[\"https:\\\/\\\/www.facebook.com\\\/ThernInc\\\/\",\"https:\\\/\\\/www.linkedin.com\\\/company\\\/thern-inc-\\\/\",\"https:\\\/\\\/www.youtube.com\\\/user\\\/ThernStage\"]}]}<\/script>\n<!-- \/ Yoast SEO plugin. -->","yoast_head_json":{"title":"Recuperaci\u00f3n de pl\u00e1stico oce\u00e1nico - Testimonios | Thern, Inc.","description":"\u00a1Muy feliz con los pescantes! \u00a1Eso es lo que nuestros clientes dicen sobre nuestras gr\u00faas cuando se trata de recuperaci\u00f3n de pl\u00e1stico oce\u00e1nico!","robots":{"index":"index","follow":"follow","max-snippet":"max-snippet:-1","max-image-preview":"max-image-preview:large","max-video-preview":"max-video-preview:-1"},"canonical":"https:\/\/thern.com\/es\/testimonials\/ocean-plastic-recovery\/","og_locale":"es_ES","og_type":"article","og_title":"Recuperaci\u00f3n de pl\u00e1stico oce\u00e1nico - Testimonios | Thern, Inc.","og_description":"\u00a1Muy feliz con los pescantes! \u00a1Eso es lo que nuestros clientes dicen sobre nuestras gr\u00faas cuando se trata de recuperaci\u00f3n de pl\u00e1stico oce\u00e1nico!","og_url":"https:\/\/thern.com\/es\/testimonials\/ocean-plastic-recovery\/","og_site_name":"Thern\u00ae Winches &amp; Cranes","article_publisher":"https:\/\/www.facebook.com\/ThernInc\/","article_modified_time":"2023-09-27T00:28:44+00:00","twitter_card":"summary_large_image","twitter_misc":{"Tiempo de lectura":"1 minuto"},"schema":{"@context":"https:\/\/schema.org","@graph":[{"@type":"WebPage","@id":"https:\/\/thern.com\/es\/testimonials\/ocean-plastic-recovery\/","url":"https:\/\/thern.com\/es\/testimonials\/ocean-plastic-recovery\/","name":"Recuperaci\u00f3n de pl\u00e1stico oce\u00e1nico - Testimonios | Thern, Inc.","isPartOf":{"@id":"https:\/\/thern.com\/es\/#website"},"datePublished":"2023-08-17T19:30:52+00:00","dateModified":"2023-09-27T00:28:44+00:00","description":"\u00a1Muy feliz con los pescantes! \u00a1Eso es lo que nuestros clientes dicen sobre nuestras gr\u00faas cuando se trata de recuperaci\u00f3n de pl\u00e1stico oce\u00e1nico!","breadcrumb":{"@id":"https:\/\/thern.com\/es\/testimonials\/ocean-plastic-recovery\/#breadcrumb"},"inLanguage":"es","potentialAction":[{"@type":"ReadAction","target":["https:\/\/thern.com\/es\/testimonials\/ocean-plastic-recovery\/"]}]},{"@type":"BreadcrumbList","@id":"https:\/\/thern.com\/es\/testimonials\/ocean-plastic-recovery\/#breadcrumb","itemListElement":[{"@type":"ListItem","position":1,"name":"Home","item":"https:\/\/thern.com\/es\/"},{"@type":"ListItem","position":2,"name":"Testimonials","item":"https:\/\/thern.com\/es\/testimonials\/"},{"@type":"ListItem","position":3,"name":"Ocean Plastic Recovery"}]},{"@type":"WebSite","@id":"https:\/\/thern.com\/es\/#website","url":"https:\/\/thern.com\/es\/","name":"Thern\u00ae Winches &amp; Cranes","description":"Leave the Heavy Lifting to Us","publisher":{"@id":"https:\/\/thern.com\/es\/#organization"},"potentialAction":[{"@type":"SearchAction","target":{"@type":"EntryPoint","urlTemplate":"https:\/\/thern.com\/es\/?s={search_term_string}"},"query-input":{"@type":"PropertyValueSpecification","valueRequired":true,"valueName":"search_term_string"}}],"inLanguage":"es"},{"@type":"Organization","@id":"https:\/\/thern.com\/es\/#organization","name":"Thern\u00ae Winches &amp; Cranes","url":"https:\/\/thern.com\/es\/","logo":{"@type":"ImageObject","inLanguage":"es","@id":"https:\/\/thern.com\/es\/#\/schema\/logo\/image\/","url":"https:\/\/thern.com\/wp-content\/uploads\/2023\/11\/Logo_SaveForWeb-outline-FINAL-01.svg","contentUrl":"https:\/\/thern.com\/wp-content\/uploads\/2023\/11\/Logo_SaveForWeb-outline-FINAL-01.svg","caption":"Thern\u00ae Winches &amp; Cranes"},"image":{"@id":"https:\/\/thern.com\/es\/#\/schema\/logo\/image\/"},"sameAs":["https:\/\/www.facebook.com\/ThernInc\/","https:\/\/www.linkedin.com\/company\/thern-inc-\/","https:\/\/www.youtube.com\/user\/ThernStage"]}]}},"_links":{"self":[{"href":"https:\/\/thern.com\/es\/wp-json\/wp\/v2\/pages\/30620","targetHints":{"allow":["GET"]}}],"collection":[{"href":"https:\/\/thern.com\/es\/wp-json\/wp\/v2\/pages"}],"about":[{"href":"https:\/\/thern.com\/es\/wp-json\/wp\/v2\/types\/page"}],"author":[{"embeddable":true,"href":"https:\/\/thern.com\/es\/wp-json\/wp\/v2\/users\/1"}],"replies":[{"embeddable":true,"href":"https:\/\/thern.com\/es\/wp-json\/wp\/v2\/comments?post=30620"}],"version-history":[{"count":0,"href":"https:\/\/thern.com\/es\/wp-json\/wp\/v2\/pages\/30620\/revisions"}],"up":[{"embeddable":true,"href":"https:\/\/thern.com\/es\/wp-json\/wp\/v2\/pages\/30065"}],"wp:attachment":[{"href":"https:\/\/thern.com\/es\/wp-json\/wp\/v2\/media?parent=30620"}],"curies":[{"name":"wp","href":"https:\/\/api.w.org\/{rel}","templated":true}]}}