{"id":30607,"date":"2023-08-17T19:27:39","date_gmt":"2023-08-17T19:27:39","guid":{"rendered":"https:\/\/therninc.wpenginepowered.com\/testimonials\/equipcorp-united-machine-tool\/"},"modified":"2023-09-27T15:08:54","modified_gmt":"2023-09-27T15:08:54","slug":"equipcorp-united-machine-tool","status":"publish","type":"page","link":"https:\/\/thern.com\/es\/testimonials\/equipcorp-united-machine-tool\/","title":{"rendered":"Equipcorp-United Machine Tool"},"content":{"rendered":"<div class=\"wpb-content-wrapper\"><p>[vc_section full_width=\u00bbstretch_row\u00bb content_placement=\u00bbbottom\u00bb css=\u00bb.vc_custom_1692299549917{padding-top: 0px !important;background-image: url(https:\/\/thern.com\/wp-content\/uploads\/2023\/07\/Asset-1.png?id=344) !important;background-position: center !important;background-repeat: no-repeat !important;background-size: cover !important;}\u00bb][vc_row full_width=\u00bbstretch_row\u00bb css=\u00bb.vc_custom_1692299519679{padding-top: 50px !important;padding-bottom: 70px !important;background-color: rgba(0,0,0,0.5) !important;*background-color: rgb(0,0,0) !important;}\u00bb][vc_column][vc_custom_heading text=\u00bbEquipcorp-United Machine Tool\u00bb font_container=\u00bbtag:h1|text_align:left|color:%23ffffff\u00bb use_theme_fonts=\u00bbyes\u00bb css_animation=\u00bbfadeInLeft\u00bb][\/vc_column][\/vc_row][\/vc_section][vc_row full_width=\u00bbstretch_row\u00bb equal_height=\u00bbyes\u00bb content_placement=\u00bbmiddle\u00bb css=\u00bb.vc_custom_1689180629506{padding-bottom: 35px !important;background-color: #c71a32 !important;}\u00bb][vc_column width=\u00bb2\/3&#8243;][vc_custom_heading text=\u00bbThern supera las expectativas\u00bb font_container=\u00bbtag:h2|text_align:left|color:%23ffffff\u00bb use_theme_fonts=\u00bbyes\u00bb css_animation=\u00bbfadeInLeft\u00bb][\/vc_column][vc_column width=\u00bb1\/3&#8243;][\/vc_column][\/vc_row][vc_row equal_height=\u00bbyes\u00bb css=\u00bb.vc_custom_1692299451924{padding-bottom: 35px !important;}\u00bb][vc_column css_animation=\u00bbfadeInLeft\u00bb width=\u00bb1\/2&#8243;][vc_column_text]<\/p>\n<section class=\"av_textblock_section\">\n<div class=\"avia_textblock\">\n<p>Como l\u00edder en alquiler industrial con un fuerte enfoque en elevaci\u00f3n y cabrestante, es vital que Equipment Corps tenga acceso a equipos de calidad como los suministrados por Thern. Desde nuestro pedido inicial del peque\u00f1o cabrestante de construcci\u00f3n hasta nuestra \u00faltima incorporaci\u00f3n de la l\u00ednea completa de Thern Air Tuggers, su empresa ha superado nuestras expectativas con equipos de calidad, confiables y dise\u00f1ados por expertos que estamos orgullosos de ofrecer en todo Canad\u00e1.<\/p>\n<p>Su compromiso continuo de brindar soluciones de compra creativas ha garantizado que Thern sea un componente importante de nuestra oferta de flota en los a\u00f1os venideros. Personalmente nos gustar\u00eda agradecerle por todos sus esfuerzos en nuestro nombre y especialmente a Justin McProud por clasificar nuestras numerosas solicitudes y hacerlo siempre bien. Adem\u00e1s, tambi\u00e9n debo felicitar a Doug Coughlin de la empresa Raebrooke por brindar soporte experto en ventas y marketing, y por brindar muchas pistas que han resultado en ventas.<\/p>\n<p>Nuestra asociaci\u00f3n continua s\u00f3lo puede significar un gran \u00e9xito, se lo agradezco nuevamente.<\/p>\n<p>Saludos cordiales,<br \/>\nTim Bedard<br \/>\nDue\u00f1o<br \/>\nDavid Kisel<br \/>\nDirector de ventas<br \/>\nMike Orzel<br \/>\nGerente general<br \/>\nEquipment Corps Inc.\/United Machine Tool Corp.<\/p>\n<\/div>\n<\/section>\n<p>[\/vc_column_text][vc_btn title=\u00bbVolver a Testimonios\u00bb style=\u00bbcustom\u00bb custom_background=\u00bb#c71a32&#8243; custom_text=\u00bb#ffffff\u00bb shape=\u00bbsquare\u00bb size=\u00bblg\u00bb align=\u00bbleft\u00bb i_icon_fontawesome=\u00bbfas fa-angle-left\u00bb add_icon=\u00bbtrue\u00bb link=\u00bburl:%2Fes%2Ftestimonials%2F|title:Return%20to%20Testimonials\u00bb][\/vc_column][vc_column css_animation=\u00bbfadeInRight\u00bb width=\u00bb1\/2&#8243;][vc_single_image image=\u00bb22904&#8243; img_size=\u00bbfull\u00bb alignment=\u00bbcenter\u00bb][\/vc_column][\/vc_row]<\/p>\n<\/div>","protected":false},"excerpt":{"rendered":"<p>[vc_section full_width=\u00bbstretch_row\u00bb content_placement=\u00bbbottom\u00bb css=\u00bb.vc_custom_1692299549917{padding-top: 0px !important;background-image: url(https:\/\/thern.com\/wp-content\/uploads\/2023\/07\/Asset-1.png?id=344) !important;background-position: center !important;background-repeat: no-repeat !important;background-size: cover !important;}\u00bb][vc_row full_width=\u00bbstretch_row\u00bb css=\u00bb.vc_custom_1692299519679{padding-top: 50px !important;padding-bottom: 70px !important;background-color: rgba(0,0,0,0.5) !important;*background-color: rgb(0,0,0) !important;}\u00bb][vc_column][vc_custom_heading text=\u00bbEquipcorp-United Machine Tool\u00bb font_container=\u00bbtag:h1|text_align:left|color:%23ffffff\u00bb use_theme_fonts=\u00bbyes\u00bb css_animation=\u00bbfadeInLeft\u00bb][\/vc_column][\/vc_row][\/vc_section][vc_row full_width=\u00bbstretch_row\u00bb equal_height=\u00bbyes\u00bb content_placement=\u00bbmiddle\u00bb css=\u00bb.vc_custom_1689180629506{padding-bottom: 35px !important;background-color: #c71a32 !important;}\u00bb][vc_column width=\u00bb2\/3&#8243;][vc_custom_heading text=\u00bbThern supera las expectativas\u00bb font_container=\u00bbtag:h2|text_align:left|color:%23ffffff\u00bb use_theme_fonts=\u00bbyes\u00bb css_animation=\u00bbfadeInLeft\u00bb][\/vc_column][vc_column width=\u00bb1\/3&#8243;][\/vc_column][\/vc_row][vc_row equal_height=\u00bbyes\u00bb css=\u00bb.vc_custom_1692299451924{padding-bottom: 35px !important;}\u00bb][vc_column css_animation=\u00bbfadeInLeft\u00bb width=\u00bb1\/2&#8243;][vc_column_text] Como l\u00edder &#8230; <a title=\"Equipcorp-United Machine Tool\" class=\"read-more\" href=\"https:\/\/thern.com\/es\/testimonials\/equipcorp-united-machine-tool\/\" aria-label=\"More on Equipcorp-United Machine Tool\">Read more<\/a><\/p>\n","protected":false},"author":1,"featured_media":0,"parent":30065,"menu_order":0,"comment_status":"closed","ping_status":"closed","template":"","meta":{"footnotes":""},"class_list":["post-30607","page","type-page","status-publish"],"yoast_head":"<!-- This site is optimized with the Yoast SEO plugin v27.4 - https:\/\/yoast.com\/product\/yoast-seo-wordpress\/ -->\n<title>Equipment Corps - Proyectos de ingenier\u00eda personalizados | Thern, Inc.<\/title>\n<meta name=\"description\" content=\"Como l\u00edder en alquiler industrial con un fuerte enfoque en elevaci\u00f3n y cabrestante, es vital que Equipment Corps cuente con equipos de calidad suministrados por Thern.\" \/>\n<meta name=\"robots\" content=\"index, follow, max-snippet:-1, max-image-preview:large, max-video-preview:-1\" \/>\n<link rel=\"canonical\" href=\"https:\/\/thern.com\/es\/testimonials\/equipcorp-united-machine-tool\/\" \/>\n<meta property=\"og:locale\" content=\"es_ES\" \/>\n<meta property=\"og:type\" content=\"article\" \/>\n<meta property=\"og:title\" content=\"Equipment Corps - Proyectos de ingenier\u00eda personalizados | Thern, Inc.\" \/>\n<meta property=\"og:description\" content=\"Como l\u00edder en alquiler industrial con un fuerte enfoque en elevaci\u00f3n y cabrestante, es vital que Equipment Corps cuente con equipos de calidad suministrados por Thern.\" \/>\n<meta property=\"og:url\" content=\"https:\/\/thern.com\/es\/testimonials\/equipcorp-united-machine-tool\/\" \/>\n<meta property=\"og:site_name\" content=\"Thern\u00ae Winches &amp; Cranes\" \/>\n<meta property=\"article:publisher\" content=\"https:\/\/www.facebook.com\/ThernInc\/\" \/>\n<meta property=\"article:modified_time\" content=\"2023-09-27T15:08:54+00:00\" \/>\n<meta name=\"twitter:card\" content=\"summary_large_image\" \/>\n<meta name=\"twitter:label1\" content=\"Tiempo de lectura\" \/>\n\t<meta name=\"twitter:data1\" content=\"2 minutos\" \/>\n<script type=\"application\/ld+json\" class=\"yoast-schema-graph\">{\"@context\":\"https:\\\/\\\/schema.org\",\"@graph\":[{\"@type\":\"WebPage\",\"@id\":\"https:\\\/\\\/thern.com\\\/es\\\/testimonials\\\/equipcorp-united-machine-tool\\\/\",\"url\":\"https:\\\/\\\/thern.com\\\/es\\\/testimonials\\\/equipcorp-united-machine-tool\\\/\",\"name\":\"Equipment Corps - Proyectos de ingenier\u00eda personalizados | Thern, Inc.\",\"isPartOf\":{\"@id\":\"https:\\\/\\\/thern.com\\\/es\\\/#website\"},\"datePublished\":\"2023-08-17T19:27:39+00:00\",\"dateModified\":\"2023-09-27T15:08:54+00:00\",\"description\":\"Como l\u00edder en alquiler industrial con un fuerte enfoque en elevaci\u00f3n y cabrestante, es vital que Equipment Corps cuente con equipos de calidad suministrados por Thern.\",\"breadcrumb\":{\"@id\":\"https:\\\/\\\/thern.com\\\/es\\\/testimonials\\\/equipcorp-united-machine-tool\\\/#breadcrumb\"},\"inLanguage\":\"es\",\"potentialAction\":[{\"@type\":\"ReadAction\",\"target\":[\"https:\\\/\\\/thern.com\\\/es\\\/testimonials\\\/equipcorp-united-machine-tool\\\/\"]}]},{\"@type\":\"BreadcrumbList\",\"@id\":\"https:\\\/\\\/thern.com\\\/es\\\/testimonials\\\/equipcorp-united-machine-tool\\\/#breadcrumb\",\"itemListElement\":[{\"@type\":\"ListItem\",\"position\":1,\"name\":\"Home\",\"item\":\"https:\\\/\\\/thern.com\\\/es\\\/\"},{\"@type\":\"ListItem\",\"position\":2,\"name\":\"Testimonials\",\"item\":\"https:\\\/\\\/thern.com\\\/es\\\/testimonials\\\/\"},{\"@type\":\"ListItem\",\"position\":3,\"name\":\"Equipcorp-United Machine Tool\"}]},{\"@type\":\"WebSite\",\"@id\":\"https:\\\/\\\/thern.com\\\/es\\\/#website\",\"url\":\"https:\\\/\\\/thern.com\\\/es\\\/\",\"name\":\"Thern\u00ae Winches &amp; Cranes\",\"description\":\"Leave the Heavy Lifting to Us\",\"publisher\":{\"@id\":\"https:\\\/\\\/thern.com\\\/es\\\/#organization\"},\"potentialAction\":[{\"@type\":\"SearchAction\",\"target\":{\"@type\":\"EntryPoint\",\"urlTemplate\":\"https:\\\/\\\/thern.com\\\/es\\\/?s={search_term_string}\"},\"query-input\":{\"@type\":\"PropertyValueSpecification\",\"valueRequired\":true,\"valueName\":\"search_term_string\"}}],\"inLanguage\":\"es\"},{\"@type\":\"Organization\",\"@id\":\"https:\\\/\\\/thern.com\\\/es\\\/#organization\",\"name\":\"Thern\u00ae Winches &amp; Cranes\",\"url\":\"https:\\\/\\\/thern.com\\\/es\\\/\",\"logo\":{\"@type\":\"ImageObject\",\"inLanguage\":\"es\",\"@id\":\"https:\\\/\\\/thern.com\\\/es\\\/#\\\/schema\\\/logo\\\/image\\\/\",\"url\":\"https:\\\/\\\/thern.com\\\/wp-content\\\/uploads\\\/2023\\\/11\\\/Logo_SaveForWeb-outline-FINAL-01.svg\",\"contentUrl\":\"https:\\\/\\\/thern.com\\\/wp-content\\\/uploads\\\/2023\\\/11\\\/Logo_SaveForWeb-outline-FINAL-01.svg\",\"caption\":\"Thern\u00ae Winches &amp; Cranes\"},\"image\":{\"@id\":\"https:\\\/\\\/thern.com\\\/es\\\/#\\\/schema\\\/logo\\\/image\\\/\"},\"sameAs\":[\"https:\\\/\\\/www.facebook.com\\\/ThernInc\\\/\",\"https:\\\/\\\/www.linkedin.com\\\/company\\\/thern-inc-\\\/\",\"https:\\\/\\\/www.youtube.com\\\/user\\\/ThernStage\"]}]}<\/script>\n<!-- \/ Yoast SEO plugin. -->","yoast_head_json":{"title":"Equipment Corps - Proyectos de ingenier\u00eda personalizados | Thern, Inc.","description":"Como l\u00edder en alquiler industrial con un fuerte enfoque en elevaci\u00f3n y cabrestante, es vital que Equipment Corps cuente con equipos de calidad suministrados por Thern.","robots":{"index":"index","follow":"follow","max-snippet":"max-snippet:-1","max-image-preview":"max-image-preview:large","max-video-preview":"max-video-preview:-1"},"canonical":"https:\/\/thern.com\/es\/testimonials\/equipcorp-united-machine-tool\/","og_locale":"es_ES","og_type":"article","og_title":"Equipment Corps - Proyectos de ingenier\u00eda personalizados | Thern, Inc.","og_description":"Como l\u00edder en alquiler industrial con un fuerte enfoque en elevaci\u00f3n y cabrestante, es vital que Equipment Corps cuente con equipos de calidad suministrados por Thern.","og_url":"https:\/\/thern.com\/es\/testimonials\/equipcorp-united-machine-tool\/","og_site_name":"Thern\u00ae Winches &amp; Cranes","article_publisher":"https:\/\/www.facebook.com\/ThernInc\/","article_modified_time":"2023-09-27T15:08:54+00:00","twitter_card":"summary_large_image","twitter_misc":{"Tiempo de lectura":"2 minutos"},"schema":{"@context":"https:\/\/schema.org","@graph":[{"@type":"WebPage","@id":"https:\/\/thern.com\/es\/testimonials\/equipcorp-united-machine-tool\/","url":"https:\/\/thern.com\/es\/testimonials\/equipcorp-united-machine-tool\/","name":"Equipment Corps - Proyectos de ingenier\u00eda personalizados | Thern, Inc.","isPartOf":{"@id":"https:\/\/thern.com\/es\/#website"},"datePublished":"2023-08-17T19:27:39+00:00","dateModified":"2023-09-27T15:08:54+00:00","description":"Como l\u00edder en alquiler industrial con un fuerte enfoque en elevaci\u00f3n y cabrestante, es vital que Equipment Corps cuente con equipos de calidad suministrados por Thern.","breadcrumb":{"@id":"https:\/\/thern.com\/es\/testimonials\/equipcorp-united-machine-tool\/#breadcrumb"},"inLanguage":"es","potentialAction":[{"@type":"ReadAction","target":["https:\/\/thern.com\/es\/testimonials\/equipcorp-united-machine-tool\/"]}]},{"@type":"BreadcrumbList","@id":"https:\/\/thern.com\/es\/testimonials\/equipcorp-united-machine-tool\/#breadcrumb","itemListElement":[{"@type":"ListItem","position":1,"name":"Home","item":"https:\/\/thern.com\/es\/"},{"@type":"ListItem","position":2,"name":"Testimonials","item":"https:\/\/thern.com\/es\/testimonials\/"},{"@type":"ListItem","position":3,"name":"Equipcorp-United Machine Tool"}]},{"@type":"WebSite","@id":"https:\/\/thern.com\/es\/#website","url":"https:\/\/thern.com\/es\/","name":"Thern\u00ae Winches &amp; Cranes","description":"Leave the Heavy Lifting to Us","publisher":{"@id":"https:\/\/thern.com\/es\/#organization"},"potentialAction":[{"@type":"SearchAction","target":{"@type":"EntryPoint","urlTemplate":"https:\/\/thern.com\/es\/?s={search_term_string}"},"query-input":{"@type":"PropertyValueSpecification","valueRequired":true,"valueName":"search_term_string"}}],"inLanguage":"es"},{"@type":"Organization","@id":"https:\/\/thern.com\/es\/#organization","name":"Thern\u00ae Winches &amp; Cranes","url":"https:\/\/thern.com\/es\/","logo":{"@type":"ImageObject","inLanguage":"es","@id":"https:\/\/thern.com\/es\/#\/schema\/logo\/image\/","url":"https:\/\/thern.com\/wp-content\/uploads\/2023\/11\/Logo_SaveForWeb-outline-FINAL-01.svg","contentUrl":"https:\/\/thern.com\/wp-content\/uploads\/2023\/11\/Logo_SaveForWeb-outline-FINAL-01.svg","caption":"Thern\u00ae Winches &amp; Cranes"},"image":{"@id":"https:\/\/thern.com\/es\/#\/schema\/logo\/image\/"},"sameAs":["https:\/\/www.facebook.com\/ThernInc\/","https:\/\/www.linkedin.com\/company\/thern-inc-\/","https:\/\/www.youtube.com\/user\/ThernStage"]}]}},"_links":{"self":[{"href":"https:\/\/thern.com\/es\/wp-json\/wp\/v2\/pages\/30607","targetHints":{"allow":["GET"]}}],"collection":[{"href":"https:\/\/thern.com\/es\/wp-json\/wp\/v2\/pages"}],"about":[{"href":"https:\/\/thern.com\/es\/wp-json\/wp\/v2\/types\/page"}],"author":[{"embeddable":true,"href":"https:\/\/thern.com\/es\/wp-json\/wp\/v2\/users\/1"}],"replies":[{"embeddable":true,"href":"https:\/\/thern.com\/es\/wp-json\/wp\/v2\/comments?post=30607"}],"version-history":[{"count":0,"href":"https:\/\/thern.com\/es\/wp-json\/wp\/v2\/pages\/30607\/revisions"}],"up":[{"embeddable":true,"href":"https:\/\/thern.com\/es\/wp-json\/wp\/v2\/pages\/30065"}],"wp:attachment":[{"href":"https:\/\/thern.com\/es\/wp-json\/wp\/v2\/media?parent=30607"}],"curies":[{"name":"wp","href":"https:\/\/api.w.org\/{rel}","templated":true}]}}