{"id":30578,"date":"2023-08-17T19:15:26","date_gmt":"2023-08-17T19:15:26","guid":{"rendered":"https:\/\/therninc.wpenginepowered.com\/testimonials\/conexus-art-centre\/"},"modified":"2023-09-26T23:44:48","modified_gmt":"2023-09-26T23:44:48","slug":"conexus-art-centre","status":"publish","type":"page","link":"https:\/\/thern.com\/es\/testimonials\/conexus-art-centre\/","title":{"rendered":"Conexus Art Centre"},"content":{"rendered":"<div class=\"wpb-content-wrapper\"><p>[vc_section full_width=\u00bbstretch_row\u00bb content_placement=\u00bbbottom\u00bb css=\u00bb.vc_custom_1692299549917{padding-top: 0px !important;background-image: url(https:\/\/thern.com\/wp-content\/uploads\/2023\/07\/Asset-1.png?id=344) !important;background-position: center !important;background-repeat: no-repeat !important;background-size: cover !important;}\u00bb][vc_row full_width=\u00bbstretch_row\u00bb css=\u00bb.vc_custom_1692299519679{padding-top: 50px !important;padding-bottom: 70px !important;background-color: rgba(0,0,0,0.5) !important;*background-color: rgb(0,0,0) !important;}\u00bb][vc_column][vc_custom_heading text=\u00bbConexus Art Centre\u00bb font_container=\u00bbtag:h1|text_align:left|color:%23ffffff\u00bb use_theme_fonts=\u00bbyes\u00bb css_animation=\u00bbfadeInLeft\u00bb][\/vc_column][\/vc_row][\/vc_section][vc_row full_width=\u00bbstretch_row\u00bb equal_height=\u00bbyes\u00bb content_placement=\u00bbmiddle\u00bb css=\u00bb.vc_custom_1689180629506{padding-bottom: 35px !important;background-color: #c71a32 !important;}\u00bb][vc_column css_animation=\u00bbfadeInLeft\u00bb width=\u00bb1\/2&#8243;][vc_custom_heading text=\u00bbSISTEMA DE VUELO EN ESCENARIO\u00bb font_container=\u00bbtag:h2|text_align:left|color:%23ffffff\u00bb use_theme_fonts=\u00bbyes\u00bb css_animation=\u00bbnone\u00bb][\/vc_column][vc_column css_animation=\u00bbfadeInRight\u00bb width=\u00bb1\/2&#8243;][vc_column_text]<span style=\"color: #ffffff;\">El Conexus Arts Center necesitaba un sistema de vuelo de escenario de reemplazo. Thern proporcion\u00f3 una soluci\u00f3n superior y personalizada para satisfacer las necesidades del proyecto.<\/span>[\/vc_column_text][\/vc_column][\/vc_row][vc_row equal_height=\u00bbyes\u00bb css=\u00bb.vc_custom_1692299451924{padding-bottom: 35px !important;}\u00bb][vc_column css_animation=\u00bbfadeInLeft\u00bb width=\u00bb1\/2&#8243;][vc_column_text]<\/p>\n<section class=\"av_textblock_section\">\n<div class=\"avia_textblock\">\n<p><strong>Sistema de mosca de escenario | Dise\u00f1ado y construido a medida para Conexus Art Center<\/strong><\/p>\n<p>\u201cEn agosto de 2011, el Conexus Arts Center identific\u00f3 problemas con el sistema de apertura del escenario que cre\u00edamos que deb\u00edan abordarse. Se decidi\u00f3 que el mejor enfoque ser\u00eda que un consultor realizara una evaluaci\u00f3n de todo el sistema. Se contrat\u00f3 a Jay Glerum para completar la inspecci\u00f3n y proporcionar un informe sobre el estado general del sistema de moscas del Centro. El informe de Jay concluy\u00f3 que era necesario reemplazar todo el sistema de moscas.<\/p>\n<p>Con la ayuda de Jay, se redactaron las especificaciones y se inici\u00f3 el proceso de licitaci\u00f3n que result\u00f3 en una serie de propuestas de empresas interesadas. Despu\u00e9s de revisar las propuestas, sentimos que el sistema BRICKHOUSE de Thern se adaptaba mejor a nuestras necesidades y el proyecto fue adjudicado.<\/p>\n<p>Se determin\u00f3 que la \u00fanica ventana disponible para la remoci\u00f3n e instalaci\u00f3n de un nuevo sistema ser\u00eda el mes de julio de 2012. En este punto, solo quedaban aproximadamente tres meses para que el equipo fuera fabricado, ensamblado, enviado y listo para la instalaci\u00f3n.<\/p>\n<p>Las conversaciones con Thern, Jay Glerum y el Centro plantearon importantes preocupaciones con respecto al tiempo limitado disponible para fabricar y entregar el equipo. Otra preocupaci\u00f3n importante fue el poco tiempo disponible para retirar el sistema antiguo e instalar el nuevo. Est\u00e1bamos en un punto en el que pensamos que el proyecto deb\u00eda posponerse hasta un per\u00edodo posterior, ya que parec\u00eda que el plan existente ten\u00eda pocas posibilidades de \u00e9xito.<\/p>\n<p>Michael Kunz de Thern se involucr\u00f3 mucho en este punto e ide\u00f3 un cronograma detallado que describe el alcance del trabajo, los requisitos de mano de obra y la asignaci\u00f3n de tiempo para cada aspecto del proyecto. Michael nos asegur\u00f3 que podr\u00eda hacer que este plan funcionara y completar el proyecto a tiempo. Parte del plan de Michael era ir a Regina y supervisar personalmente la eliminaci\u00f3n del sistema de moscas existente; que seg\u00fan el convenio, era responsabilidad del Centro de Artes Conexus. Michael vino a Regina y reuni\u00f3 a un equipo local (algunos de los mejores t\u00e9cnicos de escena y montadores del sector) para completar el proyecto.<\/p>\n<p>Gracias al incre\u00edble conocimiento, las habilidades organizativas y la capacidad de gestionar personas de Michael, el proyecto se desarroll\u00f3 sin problemas de principio a fin. La inspecci\u00f3n final, que incluy\u00f3 a Michael Kunz y el equipo de Thern, as\u00ed como a Jay Glerum, se realiz\u00f3 a tiempo y result\u00f3 en la necesidad de realizar algunos ajustes menores en el sistema.<\/p>\n<p>Recomiendo encarecidamente a Thern y su equipo. Nos parecieron muy profesionales y sus productos de muy alta calidad en todos los aspectos. En resumen, estamos muy satisfechos con el proceso de culminaci\u00f3n de este proyecto con el resultado final\u201d. \u2013\u00a0Jim McCrum,\u00a0Director Ejecutivo | Centro de Artes Conexus<\/p>\n<\/div>\n<\/section>\n<p>[\/vc_column_text][vc_btn title=\u00bbVolver a Testimonios\u00bb style=\u00bbcustom\u00bb custom_background=\u00bb#c71a32&#8243; custom_text=\u00bb#ffffff\u00bb shape=\u00bbsquare\u00bb size=\u00bblg\u00bb align=\u00bbleft\u00bb i_icon_fontawesome=\u00bbfas fa-angle-left\u00bb add_icon=\u00bbtrue\u00bb link=\u00bburl:%2Fes%2Ftestimonials%2F|title:Return%20to%20Testimonials\u00bb][\/vc_column][vc_column css_animation=\u00bbfadeInRight\u00bb width=\u00bb1\/2&#8243;][vc_single_image image=\u00bb22902&#8243; img_size=\u00bbfull\u00bb alignment=\u00bbcenter\u00bb][\/vc_column][\/vc_row]<\/p>\n<\/div>","protected":false},"excerpt":{"rendered":"<p>[vc_section full_width=\u00bbstretch_row\u00bb content_placement=\u00bbbottom\u00bb css=\u00bb.vc_custom_1692299549917{padding-top: 0px !important;background-image: url(https:\/\/thern.com\/wp-content\/uploads\/2023\/07\/Asset-1.png?id=344) !important;background-position: center !important;background-repeat: no-repeat !important;background-size: cover !important;}\u00bb][vc_row full_width=\u00bbstretch_row\u00bb css=\u00bb.vc_custom_1692299519679{padding-top: 50px !important;padding-bottom: 70px !important;background-color: rgba(0,0,0,0.5) !important;*background-color: rgb(0,0,0) !important;}\u00bb][vc_column][vc_custom_heading text=\u00bbConexus Art Centre\u00bb font_container=\u00bbtag:h1|text_align:left|color:%23ffffff\u00bb use_theme_fonts=\u00bbyes\u00bb css_animation=\u00bbfadeInLeft\u00bb][\/vc_column][\/vc_row][\/vc_section][vc_row full_width=\u00bbstretch_row\u00bb equal_height=\u00bbyes\u00bb content_placement=\u00bbmiddle\u00bb css=\u00bb.vc_custom_1689180629506{padding-bottom: 35px !important;background-color: #c71a32 !important;}\u00bb][vc_column css_animation=\u00bbfadeInLeft\u00bb width=\u00bb1\/2&#8243;][vc_custom_heading text=\u00bbSISTEMA DE VUELO EN ESCENARIO\u00bb font_container=\u00bbtag:h2|text_align:left|color:%23ffffff\u00bb use_theme_fonts=\u00bbyes\u00bb css_animation=\u00bbnone\u00bb][\/vc_column][vc_column css_animation=\u00bbfadeInRight\u00bb width=\u00bb1\/2&#8243;][vc_column_text]El Conexus Arts Center necesitaba un &#8230; <a title=\"Conexus Art Centre\" class=\"read-more\" href=\"https:\/\/thern.com\/es\/testimonials\/conexus-art-centre\/\" aria-label=\"More on Conexus Art Centre\">Read more<\/a><\/p>\n","protected":false},"author":1,"featured_media":0,"parent":30065,"menu_order":0,"comment_status":"closed","ping_status":"closed","template":"","meta":{"footnotes":""},"class_list":["post-30578","page","type-page","status-publish"],"yoast_head":"<!-- This site is optimized with the Yoast SEO plugin v27.5 - https:\/\/yoast.com\/product\/yoast-seo-wordpress\/ -->\n<title>Stage Fly System - Proyectos de ingenier\u00eda personalizados | Thern, Inc.<\/title>\n<meta name=\"description\" content=\"El centro de arte conexus necesitaba un sistema de vuelo de escenario de reemplazo. Thern proporcion\u00f3 una soluci\u00f3n personalizada superior para satisfacer las necesidades del proyecto.\" \/>\n<meta name=\"robots\" content=\"index, follow, max-snippet:-1, max-image-preview:large, max-video-preview:-1\" \/>\n<link rel=\"canonical\" href=\"https:\/\/thern.com\/es\/testimonials\/conexus-art-centre\/\" \/>\n<meta property=\"og:locale\" content=\"es_ES\" \/>\n<meta property=\"og:type\" content=\"article\" \/>\n<meta property=\"og:title\" content=\"Stage Fly System - Proyectos de ingenier\u00eda personalizados | Thern, Inc.\" \/>\n<meta property=\"og:description\" content=\"El centro de arte conexus necesitaba un sistema de vuelo de escenario de reemplazo. Thern proporcion\u00f3 una soluci\u00f3n personalizada superior para satisfacer las necesidades del proyecto.\" \/>\n<meta property=\"og:url\" content=\"https:\/\/thern.com\/es\/testimonials\/conexus-art-centre\/\" \/>\n<meta property=\"og:site_name\" content=\"Thern\u00ae Winches &amp; Cranes\" \/>\n<meta property=\"article:publisher\" content=\"https:\/\/www.facebook.com\/ThernInc\/\" \/>\n<meta property=\"article:modified_time\" content=\"2023-09-26T23:44:48+00:00\" \/>\n<meta name=\"twitter:card\" content=\"summary_large_image\" \/>\n<meta name=\"twitter:label1\" content=\"Tiempo de lectura\" \/>\n\t<meta name=\"twitter:data1\" content=\"3 minutos\" \/>\n<script type=\"application\/ld+json\" class=\"yoast-schema-graph\">{\"@context\":\"https:\\\/\\\/schema.org\",\"@graph\":[{\"@type\":\"WebPage\",\"@id\":\"https:\\\/\\\/thern.com\\\/es\\\/testimonials\\\/conexus-art-centre\\\/\",\"url\":\"https:\\\/\\\/thern.com\\\/es\\\/testimonials\\\/conexus-art-centre\\\/\",\"name\":\"Stage Fly System - Proyectos de ingenier\u00eda personalizados | Thern, Inc.\",\"isPartOf\":{\"@id\":\"https:\\\/\\\/thern.com\\\/es\\\/#website\"},\"datePublished\":\"2023-08-17T19:15:26+00:00\",\"dateModified\":\"2023-09-26T23:44:48+00:00\",\"description\":\"El centro de arte conexus necesitaba un sistema de vuelo de escenario de reemplazo. Thern proporcion\u00f3 una soluci\u00f3n personalizada superior para satisfacer las necesidades del proyecto.\",\"breadcrumb\":{\"@id\":\"https:\\\/\\\/thern.com\\\/es\\\/testimonials\\\/conexus-art-centre\\\/#breadcrumb\"},\"inLanguage\":\"es\",\"potentialAction\":[{\"@type\":\"ReadAction\",\"target\":[\"https:\\\/\\\/thern.com\\\/es\\\/testimonials\\\/conexus-art-centre\\\/\"]}]},{\"@type\":\"BreadcrumbList\",\"@id\":\"https:\\\/\\\/thern.com\\\/es\\\/testimonials\\\/conexus-art-centre\\\/#breadcrumb\",\"itemListElement\":[{\"@type\":\"ListItem\",\"position\":1,\"name\":\"Home\",\"item\":\"https:\\\/\\\/thern.com\\\/es\\\/\"},{\"@type\":\"ListItem\",\"position\":2,\"name\":\"Testimonials\",\"item\":\"https:\\\/\\\/thern.com\\\/es\\\/testimonials\\\/\"},{\"@type\":\"ListItem\",\"position\":3,\"name\":\"Conexus Art Centre\"}]},{\"@type\":\"WebSite\",\"@id\":\"https:\\\/\\\/thern.com\\\/es\\\/#website\",\"url\":\"https:\\\/\\\/thern.com\\\/es\\\/\",\"name\":\"Thern\u00ae Winches &amp; Cranes\",\"description\":\"Leave the Heavy Lifting to Us\",\"publisher\":{\"@id\":\"https:\\\/\\\/thern.com\\\/es\\\/#organization\"},\"potentialAction\":[{\"@type\":\"SearchAction\",\"target\":{\"@type\":\"EntryPoint\",\"urlTemplate\":\"https:\\\/\\\/thern.com\\\/es\\\/?s={search_term_string}\"},\"query-input\":{\"@type\":\"PropertyValueSpecification\",\"valueRequired\":true,\"valueName\":\"search_term_string\"}}],\"inLanguage\":\"es\"},{\"@type\":\"Organization\",\"@id\":\"https:\\\/\\\/thern.com\\\/es\\\/#organization\",\"name\":\"Thern\u00ae Winches &amp; Cranes\",\"url\":\"https:\\\/\\\/thern.com\\\/es\\\/\",\"logo\":{\"@type\":\"ImageObject\",\"inLanguage\":\"es\",\"@id\":\"https:\\\/\\\/thern.com\\\/es\\\/#\\\/schema\\\/logo\\\/image\\\/\",\"url\":\"https:\\\/\\\/thern.com\\\/wp-content\\\/uploads\\\/2023\\\/11\\\/Logo_SaveForWeb-outline-FINAL-01.svg\",\"contentUrl\":\"https:\\\/\\\/thern.com\\\/wp-content\\\/uploads\\\/2023\\\/11\\\/Logo_SaveForWeb-outline-FINAL-01.svg\",\"caption\":\"Thern\u00ae Winches &amp; Cranes\"},\"image\":{\"@id\":\"https:\\\/\\\/thern.com\\\/es\\\/#\\\/schema\\\/logo\\\/image\\\/\"},\"sameAs\":[\"https:\\\/\\\/www.facebook.com\\\/ThernInc\\\/\",\"https:\\\/\\\/www.linkedin.com\\\/company\\\/thern-inc-\\\/\",\"https:\\\/\\\/www.youtube.com\\\/user\\\/ThernStage\"]}]}<\/script>\n<!-- \/ Yoast SEO plugin. -->","yoast_head_json":{"title":"Stage Fly System - Proyectos de ingenier\u00eda personalizados | Thern, Inc.","description":"El centro de arte conexus necesitaba un sistema de vuelo de escenario de reemplazo. Thern proporcion\u00f3 una soluci\u00f3n personalizada superior para satisfacer las necesidades del proyecto.","robots":{"index":"index","follow":"follow","max-snippet":"max-snippet:-1","max-image-preview":"max-image-preview:large","max-video-preview":"max-video-preview:-1"},"canonical":"https:\/\/thern.com\/es\/testimonials\/conexus-art-centre\/","og_locale":"es_ES","og_type":"article","og_title":"Stage Fly System - Proyectos de ingenier\u00eda personalizados | Thern, Inc.","og_description":"El centro de arte conexus necesitaba un sistema de vuelo de escenario de reemplazo. Thern proporcion\u00f3 una soluci\u00f3n personalizada superior para satisfacer las necesidades del proyecto.","og_url":"https:\/\/thern.com\/es\/testimonials\/conexus-art-centre\/","og_site_name":"Thern\u00ae Winches &amp; Cranes","article_publisher":"https:\/\/www.facebook.com\/ThernInc\/","article_modified_time":"2023-09-26T23:44:48+00:00","twitter_card":"summary_large_image","twitter_misc":{"Tiempo de lectura":"3 minutos"},"schema":{"@context":"https:\/\/schema.org","@graph":[{"@type":"WebPage","@id":"https:\/\/thern.com\/es\/testimonials\/conexus-art-centre\/","url":"https:\/\/thern.com\/es\/testimonials\/conexus-art-centre\/","name":"Stage Fly System - Proyectos de ingenier\u00eda personalizados | Thern, Inc.","isPartOf":{"@id":"https:\/\/thern.com\/es\/#website"},"datePublished":"2023-08-17T19:15:26+00:00","dateModified":"2023-09-26T23:44:48+00:00","description":"El centro de arte conexus necesitaba un sistema de vuelo de escenario de reemplazo. Thern proporcion\u00f3 una soluci\u00f3n personalizada superior para satisfacer las necesidades del proyecto.","breadcrumb":{"@id":"https:\/\/thern.com\/es\/testimonials\/conexus-art-centre\/#breadcrumb"},"inLanguage":"es","potentialAction":[{"@type":"ReadAction","target":["https:\/\/thern.com\/es\/testimonials\/conexus-art-centre\/"]}]},{"@type":"BreadcrumbList","@id":"https:\/\/thern.com\/es\/testimonials\/conexus-art-centre\/#breadcrumb","itemListElement":[{"@type":"ListItem","position":1,"name":"Home","item":"https:\/\/thern.com\/es\/"},{"@type":"ListItem","position":2,"name":"Testimonials","item":"https:\/\/thern.com\/es\/testimonials\/"},{"@type":"ListItem","position":3,"name":"Conexus Art Centre"}]},{"@type":"WebSite","@id":"https:\/\/thern.com\/es\/#website","url":"https:\/\/thern.com\/es\/","name":"Thern\u00ae Winches &amp; Cranes","description":"Leave the Heavy Lifting to Us","publisher":{"@id":"https:\/\/thern.com\/es\/#organization"},"potentialAction":[{"@type":"SearchAction","target":{"@type":"EntryPoint","urlTemplate":"https:\/\/thern.com\/es\/?s={search_term_string}"},"query-input":{"@type":"PropertyValueSpecification","valueRequired":true,"valueName":"search_term_string"}}],"inLanguage":"es"},{"@type":"Organization","@id":"https:\/\/thern.com\/es\/#organization","name":"Thern\u00ae Winches &amp; Cranes","url":"https:\/\/thern.com\/es\/","logo":{"@type":"ImageObject","inLanguage":"es","@id":"https:\/\/thern.com\/es\/#\/schema\/logo\/image\/","url":"https:\/\/thern.com\/wp-content\/uploads\/2023\/11\/Logo_SaveForWeb-outline-FINAL-01.svg","contentUrl":"https:\/\/thern.com\/wp-content\/uploads\/2023\/11\/Logo_SaveForWeb-outline-FINAL-01.svg","caption":"Thern\u00ae Winches &amp; Cranes"},"image":{"@id":"https:\/\/thern.com\/es\/#\/schema\/logo\/image\/"},"sameAs":["https:\/\/www.facebook.com\/ThernInc\/","https:\/\/www.linkedin.com\/company\/thern-inc-\/","https:\/\/www.youtube.com\/user\/ThernStage"]}]}},"_links":{"self":[{"href":"https:\/\/thern.com\/es\/wp-json\/wp\/v2\/pages\/30578","targetHints":{"allow":["GET"]}}],"collection":[{"href":"https:\/\/thern.com\/es\/wp-json\/wp\/v2\/pages"}],"about":[{"href":"https:\/\/thern.com\/es\/wp-json\/wp\/v2\/types\/page"}],"author":[{"embeddable":true,"href":"https:\/\/thern.com\/es\/wp-json\/wp\/v2\/users\/1"}],"replies":[{"embeddable":true,"href":"https:\/\/thern.com\/es\/wp-json\/wp\/v2\/comments?post=30578"}],"version-history":[{"count":0,"href":"https:\/\/thern.com\/es\/wp-json\/wp\/v2\/pages\/30578\/revisions"}],"up":[{"embeddable":true,"href":"https:\/\/thern.com\/es\/wp-json\/wp\/v2\/pages\/30065"}],"wp:attachment":[{"href":"https:\/\/thern.com\/es\/wp-json\/wp\/v2\/media?parent=30578"}],"curies":[{"name":"wp","href":"https:\/\/api.w.org\/{rel}","templated":true}]}}