{"id":30562,"date":"2023-08-17T19:10:29","date_gmt":"2023-08-17T19:10:29","guid":{"rendered":"https:\/\/therninc.wpenginepowered.com\/testimonials\/yorktown-mixer-hoist\/"},"modified":"2023-09-26T23:14:10","modified_gmt":"2023-09-26T23:14:10","slug":"yorktown-mixer-hoist","status":"publish","type":"page","link":"https:\/\/thern.com\/es\/testimonials\/yorktown-mixer-hoist\/","title":{"rendered":"Yorktown Mixer Hoist"},"content":{"rendered":"<div class=\"wpb-content-wrapper\"><p>[vc_section full_width=\u00bbstretch_row\u00bb content_placement=\u00bbbottom\u00bb css=\u00bb.vc_custom_1692299549917{padding-top: 0px !important;background-image: url(https:\/\/thern.com\/wp-content\/uploads\/2023\/07\/Asset-1.png?id=344) !important;background-position: center !important;background-repeat: no-repeat !important;background-size: cover !important;}\u00bb][vc_row full_width=\u00bbstretch_row\u00bb css=\u00bb.vc_custom_1692299519679{padding-top: 50px !important;padding-bottom: 70px !important;background-color: rgba(0,0,0,0.5) !important;*background-color: rgb(0,0,0) !important;}\u00bb][vc_column][vc_custom_heading text=\u00bbYorktown Mischeraufzug\u00bb font_container=\u00bbtag:h1|text_align:left|color:%23ffffff\u00bb use_theme_fonts=\u00bbyes\u00bb css_animation=\u00bbfadeInLeft\u00bb][\/vc_column][\/vc_row][\/vc_section][vc_row full_width=\u00bbstretch_row\u00bb equal_height=\u00bbyes\u00bb content_placement=\u00bbmiddle\u00bb css=\u00bb.vc_custom_1689180629506{padding-bottom: 35px !important;background-color: #c71a32 !important;}\u00bb][vc_column css_animation=\u00bbfadeInLeft\u00bb width=\u00bb1\/2&#8243;][vc_custom_heading text=\u00bbPolipasto mezclador de tanque digestor anaer\u00f3bico de Yorktown\u00bb font_container=\u00bbtag:h2|text_align:left|color:%23ffffff\u00bb use_theme_fonts=\u00bbyes\u00bb][\/vc_column][vc_column css_animation=\u00bbfadeInRight\u00bb width=\u00bb1\/2&#8243;][vc_column_text]<span style=\"color: #ffffff;\">Yorktown estaba buscando una soluci\u00f3n para levantar eficazmente su mezclador fuera de su tanque digestor anaer\u00f3bico, que se encuentra a casi 30 pies del suelo. Quer\u00edan un polipasto que pudiera levantar la mezcladora para sacarla del tanque, as\u00ed como girarla y dejarla caer en la parte trasera de un cami\u00f3n sin tener que dejar la mezcladora en el suelo para reposicionar el polipasto.<\/span>[\/vc_column_text][\/vc_column][\/vc_row][vc_row equal_height=\u00bbyes\u00bb css=\u00bb.vc_custom_1692299451924{padding-bottom: 35px !important;}\u00bb][vc_column css_animation=\u00bbfadeInLeft\u00bb width=\u00bb1\/2&#8243;][vc_column_text]<\/p>\n<section class=\"av_textblock_section\">\n<div class=\"avia_textblock\">\n<p><strong>Polipasto mezclador | Dise\u00f1ado y fabricado a medida para el mezclador de BBC Pump &amp; Equipment<\/strong><\/p>\n<p>Grant Kissel, del equipo municipal de BBC Pump &amp; Equipment, le mostr\u00f3 a Yorktown una soluci\u00f3n a su problema: la gr\u00faa pescante Thern serie 5PT30 con una capacidad de 3000 lb y m\u00e1s de 9 pies de alcance. El cliente insisti\u00f3 en que no quer\u00eda sacar manualmente la mezcladora del tanque. La soluci\u00f3n fue un cabrestante el\u00e9ctrico de 115 V con un control colgante de 6 \u2032 para facilitar la operaci\u00f3n. Montaron el pedestal de 24 \u2033 x 24 \u2033 encima del tanque de 18 \u2032 de ancho y se aseguraron de que este polipasto aguantar\u00eda el largo recorrido, por lo que hicieron una placa de montaje personalizada que se extender\u00eda sobre la peque\u00f1a plataforma que pod\u00edan asegurar. en la pared utilizando unos soportes de hierro en \u00e1ngulo de acero inoxidable. Montaron los dos orificios frontales de la placa base en la pared de concreto superior con anclajes Hilti y luego pasaron una rosca de acero inoxidable de 5\/8 \u2033 a trav\u00e9s de toda la pared del tanque para asegurar sus soportes en \u00e1ngulo de acero inoxidable. Yorktown-exteriorBBC Pump se enorgullece de decir que Yorktown est\u00e1 extremadamente satisfecho con el polipasto y su facilidad de operaci\u00f3n, as\u00ed como con la tranquilidad de que usar el nuevo polipasto Thern ser\u00e1 mucho m\u00e1s seguro y econ\u00f3mico que alquilar una gr\u00faa para tirar de su mezclador cuando necesitan darle servicio.<\/p>\n<\/div>\n<\/section>\n<p>[\/vc_column_text][vc_btn title=\u00bbVolver a Testimonios\u00bb style=\u00bbcustom\u00bb custom_background=\u00bb#c71a32&#8243; custom_text=\u00bb#ffffff\u00bb shape=\u00bbsquare\u00bb size=\u00bblg\u00bb align=\u00bbleft\u00bb i_icon_fontawesome=\u00bbfas fa-angle-left\u00bb add_icon=\u00bbtrue\u00bb link=\u00bburl:%2Fes%2Ftestimonials%2F|title:Return%20to%20Testimonials\u00bb][\/vc_column][vc_column css_animation=\u00bbfadeInRight\u00bb width=\u00bb1\/2&#8243;][vc_single_image image=\u00bb22895&#8243; img_size=\u00bbfull\u00bb alignment=\u00bbcenter\u00bb][\/vc_column][\/vc_row]<\/p>\n<\/div>","protected":false},"excerpt":{"rendered":"<p>[vc_section full_width=\u00bbstretch_row\u00bb content_placement=\u00bbbottom\u00bb css=\u00bb.vc_custom_1692299549917{padding-top: 0px !important;background-image: url(https:\/\/thern.com\/wp-content\/uploads\/2023\/07\/Asset-1.png?id=344) !important;background-position: center !important;background-repeat: no-repeat !important;background-size: cover !important;}\u00bb][vc_row full_width=\u00bbstretch_row\u00bb css=\u00bb.vc_custom_1692299519679{padding-top: 50px !important;padding-bottom: 70px !important;background-color: rgba(0,0,0,0.5) !important;*background-color: rgb(0,0,0) !important;}\u00bb][vc_column][vc_custom_heading text=\u00bbYorktown Mischeraufzug\u00bb font_container=\u00bbtag:h1|text_align:left|color:%23ffffff\u00bb use_theme_fonts=\u00bbyes\u00bb css_animation=\u00bbfadeInLeft\u00bb][\/vc_column][\/vc_row][\/vc_section][vc_row full_width=\u00bbstretch_row\u00bb equal_height=\u00bbyes\u00bb content_placement=\u00bbmiddle\u00bb css=\u00bb.vc_custom_1689180629506{padding-bottom: 35px !important;background-color: #c71a32 !important;}\u00bb][vc_column css_animation=\u00bbfadeInLeft\u00bb width=\u00bb1\/2&#8243;][vc_custom_heading text=\u00bbPolipasto mezclador de tanque digestor anaer\u00f3bico de Yorktown\u00bb font_container=\u00bbtag:h2|text_align:left|color:%23ffffff\u00bb use_theme_fonts=\u00bbyes\u00bb][\/vc_column][vc_column css_animation=\u00bbfadeInRight\u00bb width=\u00bb1\/2&#8243;][vc_column_text]Yorktown estaba buscando una soluci\u00f3n &#8230; <a title=\"Yorktown Mixer Hoist\" class=\"read-more\" href=\"https:\/\/thern.com\/es\/testimonials\/yorktown-mixer-hoist\/\" aria-label=\"More on Yorktown Mixer Hoist\">Read more<\/a><\/p>\n","protected":false},"author":1,"featured_media":0,"parent":30065,"menu_order":0,"comment_status":"closed","ping_status":"closed","template":"","meta":{"footnotes":""},"class_list":["post-30562","page","type-page","status-publish"],"yoast_head":"<!-- This site is optimized with the Yoast SEO plugin v27.3 - https:\/\/yoast.com\/product\/yoast-seo-wordpress\/ -->\n<title>Polipasto mezclador Yorktown - Proyectos de ingenier\u00eda personalizados | Thern, Inc.<\/title>\n<meta name=\"description\" content=\"Thern proporcion\u00f3 a Yorktown una soluci\u00f3n para levantar eficazmente su mezclador fuera de su tanque digestor anaer\u00f3bico, que se encuentra a casi 30 pies del suelo.\" \/>\n<meta name=\"robots\" content=\"index, follow, max-snippet:-1, max-image-preview:large, max-video-preview:-1\" \/>\n<link rel=\"canonical\" href=\"https:\/\/thern.com\/es\/testimonials\/yorktown-mixer-hoist\/\" \/>\n<meta property=\"og:locale\" content=\"es_ES\" \/>\n<meta property=\"og:type\" content=\"article\" \/>\n<meta property=\"og:title\" content=\"Polipasto mezclador Yorktown - Proyectos de ingenier\u00eda personalizados | Thern, Inc.\" \/>\n<meta property=\"og:description\" content=\"Thern proporcion\u00f3 a Yorktown una soluci\u00f3n para levantar eficazmente su mezclador fuera de su tanque digestor anaer\u00f3bico, que se encuentra a casi 30 pies del suelo.\" \/>\n<meta property=\"og:url\" content=\"https:\/\/thern.com\/es\/testimonials\/yorktown-mixer-hoist\/\" \/>\n<meta property=\"og:site_name\" content=\"Thern\u00ae Winches &amp; Cranes\" \/>\n<meta property=\"article:publisher\" content=\"https:\/\/www.facebook.com\/ThernInc\/\" \/>\n<meta property=\"article:modified_time\" content=\"2023-09-26T23:14:10+00:00\" \/>\n<meta name=\"twitter:card\" content=\"summary_large_image\" \/>\n<meta name=\"twitter:label1\" content=\"Tiempo de lectura\" \/>\n\t<meta name=\"twitter:data1\" content=\"2 minutos\" \/>\n<script type=\"application\/ld+json\" class=\"yoast-schema-graph\">{\"@context\":\"https:\\\/\\\/schema.org\",\"@graph\":[{\"@type\":\"WebPage\",\"@id\":\"https:\\\/\\\/thern.com\\\/es\\\/testimonials\\\/yorktown-mixer-hoist\\\/\",\"url\":\"https:\\\/\\\/thern.com\\\/es\\\/testimonials\\\/yorktown-mixer-hoist\\\/\",\"name\":\"Polipasto mezclador Yorktown - Proyectos de ingenier\u00eda personalizados | Thern, Inc.\",\"isPartOf\":{\"@id\":\"https:\\\/\\\/thern.com\\\/es\\\/#website\"},\"datePublished\":\"2023-08-17T19:10:29+00:00\",\"dateModified\":\"2023-09-26T23:14:10+00:00\",\"description\":\"Thern proporcion\u00f3 a Yorktown una soluci\u00f3n para levantar eficazmente su mezclador fuera de su tanque digestor anaer\u00f3bico, que se encuentra a casi 30 pies del suelo.\",\"breadcrumb\":{\"@id\":\"https:\\\/\\\/thern.com\\\/es\\\/testimonials\\\/yorktown-mixer-hoist\\\/#breadcrumb\"},\"inLanguage\":\"es\",\"potentialAction\":[{\"@type\":\"ReadAction\",\"target\":[\"https:\\\/\\\/thern.com\\\/es\\\/testimonials\\\/yorktown-mixer-hoist\\\/\"]}]},{\"@type\":\"BreadcrumbList\",\"@id\":\"https:\\\/\\\/thern.com\\\/es\\\/testimonials\\\/yorktown-mixer-hoist\\\/#breadcrumb\",\"itemListElement\":[{\"@type\":\"ListItem\",\"position\":1,\"name\":\"Home\",\"item\":\"https:\\\/\\\/thern.com\\\/es\\\/\"},{\"@type\":\"ListItem\",\"position\":2,\"name\":\"Testimonials\",\"item\":\"https:\\\/\\\/thern.com\\\/es\\\/testimonials\\\/\"},{\"@type\":\"ListItem\",\"position\":3,\"name\":\"Yorktown Mixer Hoist\"}]},{\"@type\":\"WebSite\",\"@id\":\"https:\\\/\\\/thern.com\\\/es\\\/#website\",\"url\":\"https:\\\/\\\/thern.com\\\/es\\\/\",\"name\":\"Thern\u00ae Winches &amp; Cranes\",\"description\":\"Leave the Heavy Lifting to Us\",\"publisher\":{\"@id\":\"https:\\\/\\\/thern.com\\\/es\\\/#organization\"},\"potentialAction\":[{\"@type\":\"SearchAction\",\"target\":{\"@type\":\"EntryPoint\",\"urlTemplate\":\"https:\\\/\\\/thern.com\\\/es\\\/?s={search_term_string}\"},\"query-input\":{\"@type\":\"PropertyValueSpecification\",\"valueRequired\":true,\"valueName\":\"search_term_string\"}}],\"inLanguage\":\"es\"},{\"@type\":\"Organization\",\"@id\":\"https:\\\/\\\/thern.com\\\/es\\\/#organization\",\"name\":\"Thern\u00ae Winches &amp; Cranes\",\"url\":\"https:\\\/\\\/thern.com\\\/es\\\/\",\"logo\":{\"@type\":\"ImageObject\",\"inLanguage\":\"es\",\"@id\":\"https:\\\/\\\/thern.com\\\/es\\\/#\\\/schema\\\/logo\\\/image\\\/\",\"url\":\"https:\\\/\\\/thern.com\\\/wp-content\\\/uploads\\\/2023\\\/11\\\/Logo_SaveForWeb-outline-FINAL-01.svg\",\"contentUrl\":\"https:\\\/\\\/thern.com\\\/wp-content\\\/uploads\\\/2023\\\/11\\\/Logo_SaveForWeb-outline-FINAL-01.svg\",\"caption\":\"Thern\u00ae Winches &amp; Cranes\"},\"image\":{\"@id\":\"https:\\\/\\\/thern.com\\\/es\\\/#\\\/schema\\\/logo\\\/image\\\/\"},\"sameAs\":[\"https:\\\/\\\/www.facebook.com\\\/ThernInc\\\/\",\"https:\\\/\\\/www.linkedin.com\\\/company\\\/thern-inc-\\\/\",\"https:\\\/\\\/www.youtube.com\\\/user\\\/ThernStage\"]}]}<\/script>\n<!-- \/ Yoast SEO plugin. -->","yoast_head_json":{"title":"Polipasto mezclador Yorktown - Proyectos de ingenier\u00eda personalizados | Thern, Inc.","description":"Thern proporcion\u00f3 a Yorktown una soluci\u00f3n para levantar eficazmente su mezclador fuera de su tanque digestor anaer\u00f3bico, que se encuentra a casi 30 pies del suelo.","robots":{"index":"index","follow":"follow","max-snippet":"max-snippet:-1","max-image-preview":"max-image-preview:large","max-video-preview":"max-video-preview:-1"},"canonical":"https:\/\/thern.com\/es\/testimonials\/yorktown-mixer-hoist\/","og_locale":"es_ES","og_type":"article","og_title":"Polipasto mezclador Yorktown - Proyectos de ingenier\u00eda personalizados | Thern, Inc.","og_description":"Thern proporcion\u00f3 a Yorktown una soluci\u00f3n para levantar eficazmente su mezclador fuera de su tanque digestor anaer\u00f3bico, que se encuentra a casi 30 pies del suelo.","og_url":"https:\/\/thern.com\/es\/testimonials\/yorktown-mixer-hoist\/","og_site_name":"Thern\u00ae Winches &amp; Cranes","article_publisher":"https:\/\/www.facebook.com\/ThernInc\/","article_modified_time":"2023-09-26T23:14:10+00:00","twitter_card":"summary_large_image","twitter_misc":{"Tiempo de lectura":"2 minutos"},"schema":{"@context":"https:\/\/schema.org","@graph":[{"@type":"WebPage","@id":"https:\/\/thern.com\/es\/testimonials\/yorktown-mixer-hoist\/","url":"https:\/\/thern.com\/es\/testimonials\/yorktown-mixer-hoist\/","name":"Polipasto mezclador Yorktown - Proyectos de ingenier\u00eda personalizados | Thern, Inc.","isPartOf":{"@id":"https:\/\/thern.com\/es\/#website"},"datePublished":"2023-08-17T19:10:29+00:00","dateModified":"2023-09-26T23:14:10+00:00","description":"Thern proporcion\u00f3 a Yorktown una soluci\u00f3n para levantar eficazmente su mezclador fuera de su tanque digestor anaer\u00f3bico, que se encuentra a casi 30 pies del suelo.","breadcrumb":{"@id":"https:\/\/thern.com\/es\/testimonials\/yorktown-mixer-hoist\/#breadcrumb"},"inLanguage":"es","potentialAction":[{"@type":"ReadAction","target":["https:\/\/thern.com\/es\/testimonials\/yorktown-mixer-hoist\/"]}]},{"@type":"BreadcrumbList","@id":"https:\/\/thern.com\/es\/testimonials\/yorktown-mixer-hoist\/#breadcrumb","itemListElement":[{"@type":"ListItem","position":1,"name":"Home","item":"https:\/\/thern.com\/es\/"},{"@type":"ListItem","position":2,"name":"Testimonials","item":"https:\/\/thern.com\/es\/testimonials\/"},{"@type":"ListItem","position":3,"name":"Yorktown Mixer Hoist"}]},{"@type":"WebSite","@id":"https:\/\/thern.com\/es\/#website","url":"https:\/\/thern.com\/es\/","name":"Thern\u00ae Winches &amp; Cranes","description":"Leave the Heavy Lifting to Us","publisher":{"@id":"https:\/\/thern.com\/es\/#organization"},"potentialAction":[{"@type":"SearchAction","target":{"@type":"EntryPoint","urlTemplate":"https:\/\/thern.com\/es\/?s={search_term_string}"},"query-input":{"@type":"PropertyValueSpecification","valueRequired":true,"valueName":"search_term_string"}}],"inLanguage":"es"},{"@type":"Organization","@id":"https:\/\/thern.com\/es\/#organization","name":"Thern\u00ae Winches &amp; Cranes","url":"https:\/\/thern.com\/es\/","logo":{"@type":"ImageObject","inLanguage":"es","@id":"https:\/\/thern.com\/es\/#\/schema\/logo\/image\/","url":"https:\/\/thern.com\/wp-content\/uploads\/2023\/11\/Logo_SaveForWeb-outline-FINAL-01.svg","contentUrl":"https:\/\/thern.com\/wp-content\/uploads\/2023\/11\/Logo_SaveForWeb-outline-FINAL-01.svg","caption":"Thern\u00ae Winches &amp; Cranes"},"image":{"@id":"https:\/\/thern.com\/es\/#\/schema\/logo\/image\/"},"sameAs":["https:\/\/www.facebook.com\/ThernInc\/","https:\/\/www.linkedin.com\/company\/thern-inc-\/","https:\/\/www.youtube.com\/user\/ThernStage"]}]}},"_links":{"self":[{"href":"https:\/\/thern.com\/es\/wp-json\/wp\/v2\/pages\/30562","targetHints":{"allow":["GET"]}}],"collection":[{"href":"https:\/\/thern.com\/es\/wp-json\/wp\/v2\/pages"}],"about":[{"href":"https:\/\/thern.com\/es\/wp-json\/wp\/v2\/types\/page"}],"author":[{"embeddable":true,"href":"https:\/\/thern.com\/es\/wp-json\/wp\/v2\/users\/1"}],"replies":[{"embeddable":true,"href":"https:\/\/thern.com\/es\/wp-json\/wp\/v2\/comments?post=30562"}],"version-history":[{"count":0,"href":"https:\/\/thern.com\/es\/wp-json\/wp\/v2\/pages\/30562\/revisions"}],"up":[{"embeddable":true,"href":"https:\/\/thern.com\/es\/wp-json\/wp\/v2\/pages\/30065"}],"wp:attachment":[{"href":"https:\/\/thern.com\/es\/wp-json\/wp\/v2\/media?parent=30562"}],"curies":[{"name":"wp","href":"https:\/\/api.w.org\/{rel}","templated":true}]}}