{"id":30470,"date":"2023-07-12T18:01:07","date_gmt":"2023-07-12T18:01:07","guid":{"rendered":"https:\/\/therninc.wpenginepowered.com\/industries\/"},"modified":"2023-11-01T18:35:58","modified_gmt":"2023-11-01T18:35:58","slug":"industries","status":"publish","type":"page","link":"https:\/\/thern.com\/es\/industries\/","title":{"rendered":"Industries"},"content":{"rendered":"<div class=\"wpb-content-wrapper\"><p>[vc_section full_width=\u00bbstretch_row\u00bb full_height=\u00bbyes\u00bb content_placement=\u00bbbottom\u00bb css=\u00bb.vc_custom_1689185033305{background-image: url(https:\/\/thern.com\/wp-content\/uploads\/2023\/07\/Thern-Inc_Industries-Hero.jpg?id=520) !important;background-position: center !important;background-repeat: no-repeat !important;background-size: cover !important;}\u00bb][vc_row full_width=\u00bbstretch_row\u00bb css=\u00bb.vc_custom_1689100740503{padding-bottom: 95px !important;background-color: rgba(0,0,0,0.5) !important;*background-color: rgb(0,0,0) !important;}\u00bb][vc_column][vc_custom_heading text=\u00bbIndustrias\u00bb font_container=\u00bbtag:h1|text_align:left|color:%23ffffff\u00bb use_theme_fonts=\u00bbyes\u00bb css_animation=\u00bbfadeInLeft\u00bb][\/vc_column][\/vc_row][\/vc_section][vc_row full_width=\u00bbstretch_row\u00bb equal_height=\u00bbyes\u00bb content_placement=\u00bbmiddle\u00bb css=\u00bb.vc_custom_1689180629506{padding-bottom: 35px !important;background-color: #c71a32 !important;}\u00bb][vc_column css_animation=\u00bbfadeInLeft\u00bb width=\u00bb2\/3&#8243;][vc_custom_heading text=\u00bbAplicaciones industriales para gr\u00faas y cabrestantes Thern\u00bb font_container=\u00bbtag:h2|text_align:left|color:%23ffffff\u00bb use_theme_fonts=\u00bbyes\u00bb][\/vc_column][vc_column width=\u00bb1\/3&#8243;][\/vc_column][\/vc_row][vc_row equal_height=\u00bbyes\u00bb content_placement=\u00bbbottom\u00bb][vc_column css_animation=\u00bbfadeInLeft\u00bb width=\u00bb1\/3&#8243;][vc_custom_heading text=\u00bbLOS CABRESTANTES Y GR\u00daAS SE PUEDEN ENCONTRAR LEVANTAR, TIRAR Y POSICIONAR CARGAS EN PR\u00c1CTICAMENTE TODAS LAS INDUSTRIAS IMAGINABLES:\u00bb font_container=\u00bbtag:h6|text_align:left|color:%23990000&#8243; use_theme_fonts=\u00bbyes\u00bb][vc_column_text]Desde la industria aeroespacial hasta el petr\u00f3leo y el gas, desde la miner\u00eda hasta las aguas residuales, desde la manufactura hasta la construcci\u00f3n y m\u00e1s. Nuestras gr\u00faas pescantes port\u00e1tiles se ven levantando bombas sumergibles en plantas de tratamiento de aguas residuales de todo el mundo.<\/p>\n<p>Nuestros cabrestantes manuales de resistencia industrial agilizan el trabajo con cargas pesadas en la fabricaci\u00f3n. Incluso puede encontrar nuestros cabrestantes neum\u00e1ticos de servicio pesado trabajando duro en condiciones dif\u00edciles en innumerables plataformas de perforaci\u00f3n. Cualquiera que sea la industria en la que se encuentre, los cabrestantes y las gr\u00faas de Thern hacen que cualquier trabajo sea m\u00e1s f\u00e1cil y eficiente. No importa cu\u00e1n diversas sean las aplicaciones, una cosa las conecta a todas: Thern las mueve de lo grande a lo peque\u00f1o.[\/vc_column_text][\/vc_column][vc_column css_animation=\u00bbfadeInRight\u00bb width=\u00bb2\/3&#8243;][vc_single_image image=\u00bb22372&#8243; img_size=\u00bbfull\u00bb alignment=\u00bbcenter\u00bb css=\u00bb.vc_custom_1691515491498{margin-bottom: 0px !important;}\u00bb][\/vc_column][\/vc_row][vc_section full_width=\u00bbstretch_row\u00bb css=\u00bb.vc_custom_1696003170315{background-color: #ececec !important;}\u00bb el_class=\u00bbindustries-section\u00bb][vc_row css_animation=\u00bbfadeInUp\u00bb][vc_column width=\u00bb1\/4&#8243;][vc_custom_heading text=\u00bbEXPLORA INDUSTRIAS Y APLICACIONES\u00bb font_container=\u00bbtag:h6|text_align:left|color:%23990000&#8243; use_theme_fonts=\u00bbyes\u00bb][\/vc_column][vc_column width=\u00bb3\/4&#8243;][\/vc_column][\/vc_row][vc_row gap=\u00bb3&#8243; css_animation=\u00bbfadeInUp\u00bb el_class=\u00bbindustries-row white-arrow\u00bb][vc_column width=\u00bb1\/3&#8243; css=\u00bb.vc_custom_1691512178171{background-image: url(https:\/\/thern.com\/wp-content\/uploads\/2023\/08\/Thern_Industries-WaterWastewater.jpg?id=22351) !important;background-position: center !important;background-repeat: no-repeat !important;background-size: cover !important;}\u00bb][vc_custom_heading text=\u00bbAgua \/<br \/>\nAguas<br \/>\nresiduales\u00bb font_container=\u00bbtag:h5|text_align:left|color:%23ffffff\u00bb use_theme_fonts=\u00bbyes\u00bb link=\u00bburl:%2Fes%2Findustries%2Fwater-wastewater%2F|title:View%20Water%20Wastewater%20Industry\u00bb][\/vc_column][vc_column width=\u00bb1\/3&#8243; css=\u00bb.vc_custom_1691512191088{background-image: url(https:\/\/thern.com\/wp-content\/uploads\/2023\/08\/Thern_Industries-Construction.jpg?id=22350) !important;background-position: center !important;background-repeat: no-repeat !important;background-size: cover !important;}\u00bb][vc_custom_heading text=\u00bbConstrucci\u00f3n\u00bb font_container=\u00bbtag:h5|text_align:left|color:%23ffffff\u00bb use_theme_fonts=\u00bbyes\u00bb link=\u00bburl:%2Fes%2Findustries%2Fconstruction|title:View%20Construction%20Industry\u00bb][\/vc_column][vc_column width=\u00bb1\/3&#8243; css=\u00bb.vc_custom_1691513215155{background-image: url(https:\/\/thern.com\/wp-content\/uploads\/2023\/08\/Thern_Industries-Manufacturing.jpg?id=22353) !important;background-position: center !important;background-repeat: no-repeat !important;background-size: cover !important;}\u00bb][vc_custom_heading text=\u00bbFabricaci\u00f3n\u00bb font_container=\u00bbtag:h5|text_align:left|color:%23ffffff\u00bb use_theme_fonts=\u00bbyes\u00bb link=\u00bburl:%2Fes%2Findustries%2Fmanufacturing%2F|title:View%20Manufacturing%20Industry\u00bb][\/vc_column][\/vc_row][vc_row gap=\u00bb3&#8243; css_animation=\u00bbfadeInUp\u00bb el_class=\u00bbindustries-row white-arrow\u00bb][vc_column width=\u00bb1\/3&#8243; css=\u00bb.vc_custom_1691513627295{background-image: url(https:\/\/thern.com\/wp-content\/uploads\/2023\/08\/Thern_Industries-Theater.jpg?id=22355) !important;background-position: center !important;background-repeat: no-repeat !important;background-size: cover !important;}\u00bb][vc_custom_heading text=\u00bbTeatro\u00bb font_container=\u00bbtag:h5|text_align:left|color:%23ffffff\u00bb use_theme_fonts=\u00bbyes\u00bb link=\u00bburl:%2Fes%2Findustries%2Ftheater%2F|title:View%20Theater%20Industry\u00bb][\/vc_column][vc_column width=\u00bb1\/3&#8243; css=\u00bb.vc_custom_1691514238478{background-image: url(https:\/\/thern.com\/wp-content\/uploads\/2023\/08\/Thern_Industries-Bulk-Handling.jpg?id=22357) !important;background-position: center !important;background-repeat: no-repeat !important;background-size: cover !important;}\u00bb][vc_custom_heading text=\u00bbManipulaci\u00f3n<br \/>\na granel\u00bb font_container=\u00bbtag:h5|text_align:left|color:%23ffffff\u00bb use_theme_fonts=\u00bbyes\u00bb link=\u00bburl:%2Fes%2Findustries%2Fbulk-material-handling%2F|title:View%20Bulk%20Handling%20Industry\u00bb][\/vc_column][vc_column width=\u00bb1\/3&#8243; css=\u00bb.vc_custom_1691514326905{background-image: url(https:\/\/thern.com\/wp-content\/uploads\/2023\/08\/Thern_Industries-Oil-Gas.jpg?id=22359) !important;background-position: center !important;background-repeat: no-repeat !important;background-size: cover !important;}\u00bb][vc_custom_heading text=\u00bbGas<br \/>\nde petr\u00f3leo\u00bb font_container=\u00bbtag:h5|text_align:left|color:%23ffffff\u00bb use_theme_fonts=\u00bbyes\u00bb link=\u00bburl:%2Fes%2Findustries%2Foil-and-gas%2F|title:View%20Oil%20%26%20Gas%20Industry\u00bb][\/vc_column][\/vc_row][vc_row gap=\u00bb3&#8243; css_animation=\u00bbfadeInUp\u00bb el_class=\u00bbindustries-row white-arrow\u00bb css=\u00bb.vc_custom_1698863769541{padding-bottom: 35px !important;}\u00bb][vc_column width=\u00bb1\/3&#8243; css=\u00bb.vc_custom_1691514400825{background-image: url(https:\/\/thern.com\/wp-content\/uploads\/2023\/08\/Thern_Industries-Mining.jpg?id=22361) !important;background-position: center !important;background-repeat: no-repeat !important;background-size: cover !important;}\u00bb][vc_custom_heading text=\u00bbMiner\u00eda\u00bb font_container=\u00bbtag:h5|text_align:left|color:%23ffffff\u00bb use_theme_fonts=\u00bbyes\u00bb link=\u00bburl:%2Fes%2Findustries%2Fmining%2F|title:View%20Mining%20Industry\u00bb][\/vc_column][vc_column width=\u00bb1\/3&#8243; css=\u00bb.vc_custom_1691514451237{background-image: url(https:\/\/thern.com\/wp-content\/uploads\/2023\/08\/Thern_Industries-Defense.jpg?id=22363) !important;background-position: center !important;background-repeat: no-repeat !important;background-size: cover !important;}\u00bb][vc_custom_heading text=\u00bbDefensa\u00bb font_container=\u00bbtag:h5|text_align:left|color:%23ffffff\u00bb use_theme_fonts=\u00bbyes\u00bb link=\u00bburl:%2Fes%2Findustries%2Fdefense%2F|title:View%20Defense%20Industry\u00bb][\/vc_column][vc_column width=\u00bb1\/3&#8243; css=\u00bb.vc_custom_1691514660455{background-image: url(https:\/\/thern.com\/wp-content\/uploads\/2023\/08\/Thern_Industries-OEMS.jpg?id=22365) !important;background-position: center !important;background-repeat: no-repeat !important;background-size: cover !important;}\u00bb][vc_custom_heading text=\u00bbOEMS\u00bb font_container=\u00bbtag:h5|text_align:left|color:%23ffffff\u00bb use_theme_fonts=\u00bbyes\u00bb link=\u00bburl:%2Fes%2Findustries%2Foems%2F|title:View%20OEMs%20Industry\u00bb][\/vc_column][\/vc_row][\/vc_section][vc_row css=\u00bb.vc_custom_1689183432752{padding-top: 35px !important;padding-bottom: 35px !important;}\u00bb][vc_column width=\u00bb1\/6&#8243;][\/vc_column][vc_column css_animation=\u00bbfadeInUp\u00bb width=\u00bb4\/6&#8243;][vc_custom_heading text=\u00bbEstamos aqu\u00ed para ayudar\u00bb font_container=\u00bbtag:h2|text_align:center|color:%230a0a0a\u00bb use_theme_fonts=\u00bbyes\u00bb css=\u00bb.vc_custom_1695762879227{margin-bottom: 0px !important;}\u00bb][vc_column_text]<\/p>\n<p style=\"text-align: center;\">\u00bfTiene preguntas? El amable y experto personal de ventas y servicio de Thern est\u00e1 dispuesto a ayudarle.<\/p>\n<p>[\/vc_column_text][vc_btn title=\u00bbContacta con nosotros\u00bb style=\u00bbcustom\u00bb custom_background=\u00bb#c71a32&#8243; custom_text=\u00bb#ffffff\u00bb shape=\u00bbsquare\u00bb size=\u00bblg\u00bb align=\u00bbcenter\u00bb i_align=\u00bbright\u00bb i_icon_fontawesome=\u00bbfas fa-angle-right\u00bb add_icon=\u00bbtrue\u00bb link=\u00bburl:%2Fes%2Fcontact%2F|title:Contact\u00bb][\/vc_column][vc_column width=\u00bb1\/6&#8243;][\/vc_column][\/vc_row]<\/p>\n<\/div>","protected":false},"excerpt":{"rendered":"<p>[vc_section full_width=\u00bbstretch_row\u00bb full_height=\u00bbyes\u00bb content_placement=\u00bbbottom\u00bb css=\u00bb.vc_custom_1689185033305{background-image: url(https:\/\/thern.com\/wp-content\/uploads\/2023\/07\/Thern-Inc_Industries-Hero.jpg?id=520) !important;background-position: center !important;background-repeat: no-repeat !important;background-size: cover !important;}\u00bb][vc_row full_width=\u00bbstretch_row\u00bb css=\u00bb.vc_custom_1689100740503{padding-bottom: 95px !important;background-color: rgba(0,0,0,0.5) !important;*background-color: rgb(0,0,0) !important;}\u00bb][vc_column][vc_custom_heading text=\u00bbIndustrias\u00bb font_container=\u00bbtag:h1|text_align:left|color:%23ffffff\u00bb use_theme_fonts=\u00bbyes\u00bb css_animation=\u00bbfadeInLeft\u00bb][\/vc_column][\/vc_row][\/vc_section][vc_row full_width=\u00bbstretch_row\u00bb equal_height=\u00bbyes\u00bb content_placement=\u00bbmiddle\u00bb css=\u00bb.vc_custom_1689180629506{padding-bottom: 35px !important;background-color: #c71a32 !important;}\u00bb][vc_column css_animation=\u00bbfadeInLeft\u00bb width=\u00bb2\/3&#8243;][vc_custom_heading text=\u00bbAplicaciones industriales para gr\u00faas y cabrestantes Thern\u00bb font_container=\u00bbtag:h2|text_align:left|color:%23ffffff\u00bb use_theme_fonts=\u00bbyes\u00bb][\/vc_column][vc_column width=\u00bb1\/3&#8243;][\/vc_column][\/vc_row][vc_row equal_height=\u00bbyes\u00bb content_placement=\u00bbbottom\u00bb][vc_column css_animation=\u00bbfadeInLeft\u00bb width=\u00bb1\/3&#8243;][vc_custom_heading text=\u00bbLOS CABRESTANTES Y GR\u00daAS SE PUEDEN &#8230; <a title=\"Industries\" class=\"read-more\" href=\"https:\/\/thern.com\/es\/industries\/\" aria-label=\"More on Industries\">Read more<\/a><\/p>\n","protected":false},"author":1,"featured_media":0,"parent":0,"menu_order":0,"comment_status":"closed","ping_status":"closed","template":"","meta":{"footnotes":""},"class_list":["post-30470","page","type-page","status-publish"],"yoast_head":"<!-- This site is optimized with the Yoast SEO plugin v27.4 - https:\/\/yoast.com\/product\/yoast-seo-wordpress\/ -->\n<title>Industries &amp; Applications for Cranes &amp; Winches | Thern, Inc.<\/title>\n<meta name=\"description\" content=\"Thern winches &amp; cranes can be found lifting, pulling and positioning loads in virtually every industry imaginable. Explore the industries we serve!\" \/>\n<meta name=\"robots\" content=\"index, follow, max-snippet:-1, max-image-preview:large, max-video-preview:-1\" \/>\n<link rel=\"canonical\" href=\"https:\/\/thern.com\/es\/industries\/\" \/>\n<meta property=\"og:locale\" content=\"es_ES\" \/>\n<meta property=\"og:type\" content=\"article\" \/>\n<meta property=\"og:title\" content=\"Industries &amp; Applications for Cranes &amp; Winches | Thern, Inc.\" \/>\n<meta property=\"og:description\" content=\"Thern winches &amp; cranes can be found lifting, pulling and positioning loads in virtually every industry imaginable. Explore the industries we serve!\" \/>\n<meta property=\"og:url\" content=\"https:\/\/thern.com\/es\/industries\/\" \/>\n<meta property=\"og:site_name\" content=\"Thern\u00ae Winches &amp; Cranes\" \/>\n<meta property=\"article:publisher\" content=\"https:\/\/www.facebook.com\/ThernInc\/\" \/>\n<meta property=\"article:modified_time\" content=\"2023-11-01T18:35:58+00:00\" \/>\n<meta name=\"twitter:card\" content=\"summary_large_image\" \/>\n<meta name=\"twitter:label1\" content=\"Tiempo de lectura\" \/>\n\t<meta name=\"twitter:data1\" content=\"2 minutos\" \/>\n<script type=\"application\/ld+json\" class=\"yoast-schema-graph\">{\"@context\":\"https:\\\/\\\/schema.org\",\"@graph\":[{\"@type\":\"WebPage\",\"@id\":\"https:\\\/\\\/thern.com\\\/es\\\/industries\\\/\",\"url\":\"https:\\\/\\\/thern.com\\\/es\\\/industries\\\/\",\"name\":\"Industries & Applications for Cranes & Winches | Thern, Inc.\",\"isPartOf\":{\"@id\":\"https:\\\/\\\/thern.com\\\/es\\\/#website\"},\"datePublished\":\"2023-07-12T18:01:07+00:00\",\"dateModified\":\"2023-11-01T18:35:58+00:00\",\"description\":\"Thern winches & cranes can be found lifting, pulling and positioning loads in virtually every industry imaginable. Explore the industries we serve!\",\"breadcrumb\":{\"@id\":\"https:\\\/\\\/thern.com\\\/es\\\/industries\\\/#breadcrumb\"},\"inLanguage\":\"es\",\"potentialAction\":[{\"@type\":\"ReadAction\",\"target\":[\"https:\\\/\\\/thern.com\\\/es\\\/industries\\\/\"]}]},{\"@type\":\"BreadcrumbList\",\"@id\":\"https:\\\/\\\/thern.com\\\/es\\\/industries\\\/#breadcrumb\",\"itemListElement\":[{\"@type\":\"ListItem\",\"position\":1,\"name\":\"Home\",\"item\":\"https:\\\/\\\/thern.com\\\/es\\\/\"},{\"@type\":\"ListItem\",\"position\":2,\"name\":\"Industries\"}]},{\"@type\":\"WebSite\",\"@id\":\"https:\\\/\\\/thern.com\\\/es\\\/#website\",\"url\":\"https:\\\/\\\/thern.com\\\/es\\\/\",\"name\":\"Thern\u00ae Winches &amp; Cranes\",\"description\":\"Leave the Heavy Lifting to Us\",\"publisher\":{\"@id\":\"https:\\\/\\\/thern.com\\\/es\\\/#organization\"},\"potentialAction\":[{\"@type\":\"SearchAction\",\"target\":{\"@type\":\"EntryPoint\",\"urlTemplate\":\"https:\\\/\\\/thern.com\\\/es\\\/?s={search_term_string}\"},\"query-input\":{\"@type\":\"PropertyValueSpecification\",\"valueRequired\":true,\"valueName\":\"search_term_string\"}}],\"inLanguage\":\"es\"},{\"@type\":\"Organization\",\"@id\":\"https:\\\/\\\/thern.com\\\/es\\\/#organization\",\"name\":\"Thern\u00ae Winches &amp; Cranes\",\"url\":\"https:\\\/\\\/thern.com\\\/es\\\/\",\"logo\":{\"@type\":\"ImageObject\",\"inLanguage\":\"es\",\"@id\":\"https:\\\/\\\/thern.com\\\/es\\\/#\\\/schema\\\/logo\\\/image\\\/\",\"url\":\"https:\\\/\\\/thern.com\\\/wp-content\\\/uploads\\\/2023\\\/11\\\/Logo_SaveForWeb-outline-FINAL-01.svg\",\"contentUrl\":\"https:\\\/\\\/thern.com\\\/wp-content\\\/uploads\\\/2023\\\/11\\\/Logo_SaveForWeb-outline-FINAL-01.svg\",\"caption\":\"Thern\u00ae Winches &amp; Cranes\"},\"image\":{\"@id\":\"https:\\\/\\\/thern.com\\\/es\\\/#\\\/schema\\\/logo\\\/image\\\/\"},\"sameAs\":[\"https:\\\/\\\/www.facebook.com\\\/ThernInc\\\/\",\"https:\\\/\\\/www.linkedin.com\\\/company\\\/thern-inc-\\\/\",\"https:\\\/\\\/www.youtube.com\\\/user\\\/ThernStage\"]}]}<\/script>\n<!-- \/ Yoast SEO plugin. -->","yoast_head_json":{"title":"Industries & Applications for Cranes & Winches | Thern, Inc.","description":"Thern winches & cranes can be found lifting, pulling and positioning loads in virtually every industry imaginable. Explore the industries we serve!","robots":{"index":"index","follow":"follow","max-snippet":"max-snippet:-1","max-image-preview":"max-image-preview:large","max-video-preview":"max-video-preview:-1"},"canonical":"https:\/\/thern.com\/es\/industries\/","og_locale":"es_ES","og_type":"article","og_title":"Industries & Applications for Cranes & Winches | Thern, Inc.","og_description":"Thern winches & cranes can be found lifting, pulling and positioning loads in virtually every industry imaginable. Explore the industries we serve!","og_url":"https:\/\/thern.com\/es\/industries\/","og_site_name":"Thern\u00ae Winches &amp; Cranes","article_publisher":"https:\/\/www.facebook.com\/ThernInc\/","article_modified_time":"2023-11-01T18:35:58+00:00","twitter_card":"summary_large_image","twitter_misc":{"Tiempo de lectura":"2 minutos"},"schema":{"@context":"https:\/\/schema.org","@graph":[{"@type":"WebPage","@id":"https:\/\/thern.com\/es\/industries\/","url":"https:\/\/thern.com\/es\/industries\/","name":"Industries & Applications for Cranes & Winches | Thern, Inc.","isPartOf":{"@id":"https:\/\/thern.com\/es\/#website"},"datePublished":"2023-07-12T18:01:07+00:00","dateModified":"2023-11-01T18:35:58+00:00","description":"Thern winches & cranes can be found lifting, pulling and positioning loads in virtually every industry imaginable. Explore the industries we serve!","breadcrumb":{"@id":"https:\/\/thern.com\/es\/industries\/#breadcrumb"},"inLanguage":"es","potentialAction":[{"@type":"ReadAction","target":["https:\/\/thern.com\/es\/industries\/"]}]},{"@type":"BreadcrumbList","@id":"https:\/\/thern.com\/es\/industries\/#breadcrumb","itemListElement":[{"@type":"ListItem","position":1,"name":"Home","item":"https:\/\/thern.com\/es\/"},{"@type":"ListItem","position":2,"name":"Industries"}]},{"@type":"WebSite","@id":"https:\/\/thern.com\/es\/#website","url":"https:\/\/thern.com\/es\/","name":"Thern\u00ae Winches &amp; Cranes","description":"Leave the Heavy Lifting to Us","publisher":{"@id":"https:\/\/thern.com\/es\/#organization"},"potentialAction":[{"@type":"SearchAction","target":{"@type":"EntryPoint","urlTemplate":"https:\/\/thern.com\/es\/?s={search_term_string}"},"query-input":{"@type":"PropertyValueSpecification","valueRequired":true,"valueName":"search_term_string"}}],"inLanguage":"es"},{"@type":"Organization","@id":"https:\/\/thern.com\/es\/#organization","name":"Thern\u00ae Winches &amp; Cranes","url":"https:\/\/thern.com\/es\/","logo":{"@type":"ImageObject","inLanguage":"es","@id":"https:\/\/thern.com\/es\/#\/schema\/logo\/image\/","url":"https:\/\/thern.com\/wp-content\/uploads\/2023\/11\/Logo_SaveForWeb-outline-FINAL-01.svg","contentUrl":"https:\/\/thern.com\/wp-content\/uploads\/2023\/11\/Logo_SaveForWeb-outline-FINAL-01.svg","caption":"Thern\u00ae Winches &amp; Cranes"},"image":{"@id":"https:\/\/thern.com\/es\/#\/schema\/logo\/image\/"},"sameAs":["https:\/\/www.facebook.com\/ThernInc\/","https:\/\/www.linkedin.com\/company\/thern-inc-\/","https:\/\/www.youtube.com\/user\/ThernStage"]}]}},"_links":{"self":[{"href":"https:\/\/thern.com\/es\/wp-json\/wp\/v2\/pages\/30470","targetHints":{"allow":["GET"]}}],"collection":[{"href":"https:\/\/thern.com\/es\/wp-json\/wp\/v2\/pages"}],"about":[{"href":"https:\/\/thern.com\/es\/wp-json\/wp\/v2\/types\/page"}],"author":[{"embeddable":true,"href":"https:\/\/thern.com\/es\/wp-json\/wp\/v2\/users\/1"}],"replies":[{"embeddable":true,"href":"https:\/\/thern.com\/es\/wp-json\/wp\/v2\/comments?post=30470"}],"version-history":[{"count":0,"href":"https:\/\/thern.com\/es\/wp-json\/wp\/v2\/pages\/30470\/revisions"}],"wp:attachment":[{"href":"https:\/\/thern.com\/es\/wp-json\/wp\/v2\/media?parent=30470"}],"curies":[{"name":"wp","href":"https:\/\/api.w.org\/{rel}","templated":true}]}}