{"id":30369,"date":"2023-08-17T16:35:41","date_gmt":"2023-08-17T16:35:41","guid":{"rendered":"https:\/\/therninc.wpenginepowered.com\/portfolio\/radial-gravel-stacker\/"},"modified":"2023-09-26T18:39:27","modified_gmt":"2023-09-26T18:39:27","slug":"radial-gravel-stacker","status":"publish","type":"page","link":"https:\/\/thern.com\/es\/portfolio\/radial-gravel-stacker\/","title":{"rendered":"Radial Gravel Stacker"},"content":{"rendered":"<div class=\"wpb-content-wrapper\"><p>[vc_section full_width=\u00bbstretch_row\u00bb content_placement=\u00bbmiddle\u00bb css=\u00bb.vc_custom_1693343289659{padding-top: 0px !important;background-image: url(https:\/\/thern.com\/wp-content\/uploads\/2023\/07\/Thern-Inc_Portfolio-Hero.jpg?id=481) !important;background-position: center !important;background-repeat: no-repeat !important;background-size: cover !important;}\u00bb][vc_row full_width=\u00bbstretch_row\u00bb css=\u00bb.vc_custom_1694634006505{padding-top: 50px !important;padding-bottom: 70px !important;background-color: rgba(0,0,0,0.5) !important;*background-color: rgb(0,0,0) !important;}\u00bb][vc_column][vc_custom_heading text=\u00bbPortfolio\u00bb font_container=\u00bbtag:h1|text_align:left|color:%23ffffff\u00bb use_theme_fonts=\u00bbyes\u00bb css_animation=\u00bbfadeInLeft\u00bb][\/vc_column][\/vc_row][\/vc_section][vc_row full_width=\u00bbstretch_row\u00bb equal_height=\u00bbyes\u00bb content_placement=\u00bbmiddle\u00bb css=\u00bb.vc_custom_1689180629506{padding-bottom: 35px !important;background-color: #c71a32 !important;}\u00bb][vc_column width=\u00bb2\/3&#8243;][vc_custom_heading text=\u00bbApilador de grava radial para tecnolog\u00edas imperiales\u00bb font_container=\u00bbtag:h2|text_align:left|color:%23ffffff\u00bb use_theme_fonts=\u00bbyes\u00bb css_animation=\u00bbfadeInLeft\u00bb][\/vc_column][vc_column width=\u00bb1\/3&#8243;][\/vc_column][\/vc_row][vc_row equal_height=\u00bbyes\u00bb css=\u00bb.vc_custom_1693343295351{padding-bottom: 35px !important;}\u00bb][vc_column css_animation=\u00bbfadeInLeft\u00bb width=\u00bb1\/2&#8243;][vc_column_text]<\/p>\n<section class=\"av_textblock_section\">\n<div class=\"avia_textblock\">\n<p>La manipulaci\u00f3n a granel es un gran negocio. Ya sea que se muevan toneladas de arena, granos, roca triturada o carb\u00f3n, la necesidad de energ\u00eda es grande, el equipo es grande y la ingenier\u00eda involucrada puede ser compleja. Un dise\u00f1o innovador y un equipo bien construido son imprescindibles. Entonces, cuando Imperial Technologies estaba dise\u00f1ando un nuevo apilador radial para un cliente en Alabama, recurri\u00f3 a Thern.<\/p>\n<p>Un apilador radial es un transportador que se asienta sobre un cami\u00f3n con ruedas que corre sobre una v\u00eda con rieles que forma un semic\u00edrculo radial alrededor del apilador. La ventaja del apilador radial es que le brinda al operador la opci\u00f3n de crear muchas pilas m\u00faltiples de material o una pila radial continua. El apilador gira en un extremo y el otro extremo se puede subir y bajar.<\/p>\n<p>Para este proyecto, se emple\u00f3 un cabrestante el\u00e9ctrico Thern 4WS26M26 con capacidad de carga de 19,800 libras, motor con freno para servicio severo y acabado ep\u00f3xico de tres capas para protecci\u00f3n en todo clima. Est\u00e1 colocado encima de la cinta transportadora cerca del extremo pivotante del apilador y sube y baja la pendiente del apilador en el extremo opuesto. Enrollado con 600 pies de cable met\u00e1lico y utilizando una serie de ocho poleas, Imperial crea efectivamente un levantamiento de 8 l\u00edneas con un cabrestante y un cable.<\/p>\n<p>DEL CLIENTE:<\/p>\n<p>\u201cThern ayud\u00f3 al \u00e9xito del proyecto con una respuesta oportuna para los c\u00e1lculos de los tama\u00f1os de cables y cabrestantes a medida que se refinaron los par\u00e1metros de dise\u00f1o. El equipo cumpli\u00f3 con las expectativas de nuestros clientes. No dudar\u00eda en recurrir a Thern para nuestro pr\u00f3ximo proyecto\u201d.<\/p>\n<p>~\u00a0Bruce Wagner, director de proyectos, Imperial Technologies<\/p>\n<\/div>\n<\/section>\n<p>[\/vc_column_text][vc_btn title=\u00bbVolver al Portafolio\u00bb style=\u00bbcustom\u00bb custom_background=\u00bb#c71a32&#8243; custom_text=\u00bb#ffffff\u00bb shape=\u00bbsquare\u00bb size=\u00bblg\u00bb align=\u00bbleft\u00bb i_icon_fontawesome=\u00bbfas fa-angle-left\u00bb add_icon=\u00bbtrue\u00bb link=\u00bburl:https%3A%2F%2Fthern.com%2Fes%2Fportfolio%2F|title:Portfolio\u00bb][\/vc_column][vc_column css_animation=\u00bbfadeInRight\u00bb width=\u00bb1\/2&#8243;][vc_gallery type=\u00bbflexslider_slide\u00bb interval=\u00bb0&#8243; images=\u00bb23814,23815,23816&#8243; img_size=\u00bbfull\u00bb onclick=\u00bb\u00bb][vc_single_image image=\u00bb22890&#8243; img_size=\u00bbfull\u00bb alignment=\u00bbcenter\u00bb][\/vc_column][\/vc_row][vc_row full_width=\u00bbstretch_row\u00bb css=\u00bb.vc_custom_1693343327500{padding-top: 35px !important;padding-bottom: 35px !important;background-color: #efefef !important;}\u00bb][vc_column width=\u00bb1\/6&#8243;][\/vc_column][vc_column css_animation=\u00bbfadeInUp\u00bb width=\u00bb4\/6&#8243;][vc_custom_heading text=\u00bbEstamos aqu\u00ed para ayudar\u00bb font_container=\u00bbtag:h2|text_align:center|color:%230a0a0a\u00bb use_theme_fonts=\u00bbyes\u00bb css=\u00bb.vc_custom_1695753527689{margin-bottom: 0px !important;}\u00bb][vc_column_text]<\/p>\n<p style=\"text-align: center;\">\u00bfTiene preguntas? El amable y experto personal de ventas y servicio de Thern est\u00e1 dispuesto a ayudarle.<\/p>\n<p>[\/vc_column_text][vc_btn title=\u00bbContacta con nosotros\u00bb style=\u00bbcustom\u00bb custom_background=\u00bb#c71a32&#8243; custom_text=\u00bb#ffffff\u00bb shape=\u00bbsquare\u00bb size=\u00bblg\u00bb align=\u00bbcenter\u00bb i_align=\u00bbright\u00bb i_icon_fontawesome=\u00bbfas fa-angle-right\u00bb add_icon=\u00bbtrue\u00bb link=\u00bburl:https%3A%2F%2Fthern.com%2Fes%2Fcontact%2F|title:Contact\u00bb][\/vc_column][vc_column width=\u00bb1\/6&#8243;][\/vc_column][\/vc_row]<\/p>\n<\/div>","protected":false},"excerpt":{"rendered":"<p>[vc_section full_width=\u00bbstretch_row\u00bb content_placement=\u00bbmiddle\u00bb css=\u00bb.vc_custom_1693343289659{padding-top: 0px !important;background-image: url(https:\/\/thern.com\/wp-content\/uploads\/2023\/07\/Thern-Inc_Portfolio-Hero.jpg?id=481) !important;background-position: center !important;background-repeat: no-repeat !important;background-size: cover !important;}\u00bb][vc_row full_width=\u00bbstretch_row\u00bb css=\u00bb.vc_custom_1694634006505{padding-top: 50px !important;padding-bottom: 70px !important;background-color: rgba(0,0,0,0.5) !important;*background-color: rgb(0,0,0) !important;}\u00bb][vc_column][vc_custom_heading text=\u00bbPortfolio\u00bb font_container=\u00bbtag:h1|text_align:left|color:%23ffffff\u00bb use_theme_fonts=\u00bbyes\u00bb css_animation=\u00bbfadeInLeft\u00bb][\/vc_column][\/vc_row][\/vc_section][vc_row full_width=\u00bbstretch_row\u00bb equal_height=\u00bbyes\u00bb content_placement=\u00bbmiddle\u00bb css=\u00bb.vc_custom_1689180629506{padding-bottom: 35px !important;background-color: #c71a32 !important;}\u00bb][vc_column width=\u00bb2\/3&#8243;][vc_custom_heading text=\u00bbApilador de grava radial para tecnolog\u00edas imperiales\u00bb font_container=\u00bbtag:h2|text_align:left|color:%23ffffff\u00bb use_theme_fonts=\u00bbyes\u00bb css_animation=\u00bbfadeInLeft\u00bb][\/vc_column][vc_column width=\u00bb1\/3&#8243;][\/vc_column][\/vc_row][vc_row equal_height=\u00bbyes\u00bb css=\u00bb.vc_custom_1693343295351{padding-bottom: 35px !important;}\u00bb][vc_column css_animation=\u00bbfadeInLeft\u00bb width=\u00bb1\/2&#8243;][vc_column_text] La &#8230; <a title=\"Radial Gravel Stacker\" class=\"read-more\" href=\"https:\/\/thern.com\/es\/portfolio\/radial-gravel-stacker\/\" aria-label=\"More on Radial Gravel Stacker\">Read more<\/a><\/p>\n","protected":false},"author":1,"featured_media":0,"parent":30094,"menu_order":0,"comment_status":"closed","ping_status":"closed","template":"","meta":{"footnotes":""},"class_list":["post-30369","page","type-page","status-publish"],"yoast_head":"<!-- This site is optimized with the Yoast SEO plugin v27.4 - https:\/\/yoast.com\/product\/yoast-seo-wordpress\/ -->\n<title>Cabrestantes radiales para apiladores de grava - Proyectos de ingenier\u00eda personalizados | Thern Inc<\/title>\n<meta name=\"description\" content=\"Cuando Imperial Technologies estaba dise\u00f1ando un nuevo apilador radial para un cliente en Alabama, recurri\u00f3 a Thern para que le proporcionara un cabrestante de alta calidad.\" \/>\n<meta name=\"robots\" content=\"index, follow, max-snippet:-1, max-image-preview:large, max-video-preview:-1\" \/>\n<link rel=\"canonical\" href=\"https:\/\/thern.com\/es\/portfolio\/radial-gravel-stacker\/\" \/>\n<meta property=\"og:locale\" content=\"es_ES\" \/>\n<meta property=\"og:type\" content=\"article\" \/>\n<meta property=\"og:title\" content=\"Cabrestantes radiales para apiladores de grava - Proyectos de ingenier\u00eda personalizados | Thern Inc\" \/>\n<meta property=\"og:description\" content=\"Cuando Imperial Technologies estaba dise\u00f1ando un nuevo apilador radial para un cliente en Alabama, recurri\u00f3 a Thern para que le proporcionara un cabrestante de alta calidad.\" \/>\n<meta property=\"og:url\" content=\"https:\/\/thern.com\/es\/portfolio\/radial-gravel-stacker\/\" \/>\n<meta property=\"og:site_name\" content=\"Thern\u00ae Winches &amp; Cranes\" \/>\n<meta property=\"article:publisher\" content=\"https:\/\/www.facebook.com\/ThernInc\/\" \/>\n<meta property=\"article:modified_time\" content=\"2023-09-26T18:39:27+00:00\" \/>\n<meta name=\"twitter:card\" content=\"summary_large_image\" \/>\n<meta name=\"twitter:label1\" content=\"Tiempo de lectura\" \/>\n\t<meta name=\"twitter:data1\" content=\"2 minutos\" \/>\n<script type=\"application\/ld+json\" class=\"yoast-schema-graph\">{\"@context\":\"https:\\\/\\\/schema.org\",\"@graph\":[{\"@type\":\"WebPage\",\"@id\":\"https:\\\/\\\/thern.com\\\/es\\\/portfolio\\\/radial-gravel-stacker\\\/\",\"url\":\"https:\\\/\\\/thern.com\\\/es\\\/portfolio\\\/radial-gravel-stacker\\\/\",\"name\":\"Cabrestantes radiales para apiladores de grava - Proyectos de ingenier\u00eda personalizados | Thern Inc\",\"isPartOf\":{\"@id\":\"https:\\\/\\\/thern.com\\\/es\\\/#website\"},\"datePublished\":\"2023-08-17T16:35:41+00:00\",\"dateModified\":\"2023-09-26T18:39:27+00:00\",\"description\":\"Cuando Imperial Technologies estaba dise\u00f1ando un nuevo apilador radial para un cliente en Alabama, recurri\u00f3 a Thern para que le proporcionara un cabrestante de alta calidad.\",\"breadcrumb\":{\"@id\":\"https:\\\/\\\/thern.com\\\/es\\\/portfolio\\\/radial-gravel-stacker\\\/#breadcrumb\"},\"inLanguage\":\"es\",\"potentialAction\":[{\"@type\":\"ReadAction\",\"target\":[\"https:\\\/\\\/thern.com\\\/es\\\/portfolio\\\/radial-gravel-stacker\\\/\"]}]},{\"@type\":\"BreadcrumbList\",\"@id\":\"https:\\\/\\\/thern.com\\\/es\\\/portfolio\\\/radial-gravel-stacker\\\/#breadcrumb\",\"itemListElement\":[{\"@type\":\"ListItem\",\"position\":1,\"name\":\"Home\",\"item\":\"https:\\\/\\\/thern.com\\\/es\\\/\"},{\"@type\":\"ListItem\",\"position\":2,\"name\":\"Portfolio\",\"item\":\"https:\\\/\\\/thern.com\\\/es\\\/portfolio\\\/\"},{\"@type\":\"ListItem\",\"position\":3,\"name\":\"Radial Gravel Stacker\"}]},{\"@type\":\"WebSite\",\"@id\":\"https:\\\/\\\/thern.com\\\/es\\\/#website\",\"url\":\"https:\\\/\\\/thern.com\\\/es\\\/\",\"name\":\"Thern\u00ae Winches &amp; Cranes\",\"description\":\"Leave the Heavy Lifting to Us\",\"publisher\":{\"@id\":\"https:\\\/\\\/thern.com\\\/es\\\/#organization\"},\"potentialAction\":[{\"@type\":\"SearchAction\",\"target\":{\"@type\":\"EntryPoint\",\"urlTemplate\":\"https:\\\/\\\/thern.com\\\/es\\\/?s={search_term_string}\"},\"query-input\":{\"@type\":\"PropertyValueSpecification\",\"valueRequired\":true,\"valueName\":\"search_term_string\"}}],\"inLanguage\":\"es\"},{\"@type\":\"Organization\",\"@id\":\"https:\\\/\\\/thern.com\\\/es\\\/#organization\",\"name\":\"Thern\u00ae Winches &amp; Cranes\",\"url\":\"https:\\\/\\\/thern.com\\\/es\\\/\",\"logo\":{\"@type\":\"ImageObject\",\"inLanguage\":\"es\",\"@id\":\"https:\\\/\\\/thern.com\\\/es\\\/#\\\/schema\\\/logo\\\/image\\\/\",\"url\":\"https:\\\/\\\/thern.com\\\/wp-content\\\/uploads\\\/2023\\\/11\\\/Logo_SaveForWeb-outline-FINAL-01.svg\",\"contentUrl\":\"https:\\\/\\\/thern.com\\\/wp-content\\\/uploads\\\/2023\\\/11\\\/Logo_SaveForWeb-outline-FINAL-01.svg\",\"caption\":\"Thern\u00ae Winches &amp; Cranes\"},\"image\":{\"@id\":\"https:\\\/\\\/thern.com\\\/es\\\/#\\\/schema\\\/logo\\\/image\\\/\"},\"sameAs\":[\"https:\\\/\\\/www.facebook.com\\\/ThernInc\\\/\",\"https:\\\/\\\/www.linkedin.com\\\/company\\\/thern-inc-\\\/\",\"https:\\\/\\\/www.youtube.com\\\/user\\\/ThernStage\"]}]}<\/script>\n<!-- \/ Yoast SEO plugin. -->","yoast_head_json":{"title":"Cabrestantes radiales para apiladores de grava - Proyectos de ingenier\u00eda personalizados | Thern Inc","description":"Cuando Imperial Technologies estaba dise\u00f1ando un nuevo apilador radial para un cliente en Alabama, recurri\u00f3 a Thern para que le proporcionara un cabrestante de alta calidad.","robots":{"index":"index","follow":"follow","max-snippet":"max-snippet:-1","max-image-preview":"max-image-preview:large","max-video-preview":"max-video-preview:-1"},"canonical":"https:\/\/thern.com\/es\/portfolio\/radial-gravel-stacker\/","og_locale":"es_ES","og_type":"article","og_title":"Cabrestantes radiales para apiladores de grava - Proyectos de ingenier\u00eda personalizados | Thern Inc","og_description":"Cuando Imperial Technologies estaba dise\u00f1ando un nuevo apilador radial para un cliente en Alabama, recurri\u00f3 a Thern para que le proporcionara un cabrestante de alta calidad.","og_url":"https:\/\/thern.com\/es\/portfolio\/radial-gravel-stacker\/","og_site_name":"Thern\u00ae Winches &amp; Cranes","article_publisher":"https:\/\/www.facebook.com\/ThernInc\/","article_modified_time":"2023-09-26T18:39:27+00:00","twitter_card":"summary_large_image","twitter_misc":{"Tiempo de lectura":"2 minutos"},"schema":{"@context":"https:\/\/schema.org","@graph":[{"@type":"WebPage","@id":"https:\/\/thern.com\/es\/portfolio\/radial-gravel-stacker\/","url":"https:\/\/thern.com\/es\/portfolio\/radial-gravel-stacker\/","name":"Cabrestantes radiales para apiladores de grava - Proyectos de ingenier\u00eda personalizados | Thern Inc","isPartOf":{"@id":"https:\/\/thern.com\/es\/#website"},"datePublished":"2023-08-17T16:35:41+00:00","dateModified":"2023-09-26T18:39:27+00:00","description":"Cuando Imperial Technologies estaba dise\u00f1ando un nuevo apilador radial para un cliente en Alabama, recurri\u00f3 a Thern para que le proporcionara un cabrestante de alta calidad.","breadcrumb":{"@id":"https:\/\/thern.com\/es\/portfolio\/radial-gravel-stacker\/#breadcrumb"},"inLanguage":"es","potentialAction":[{"@type":"ReadAction","target":["https:\/\/thern.com\/es\/portfolio\/radial-gravel-stacker\/"]}]},{"@type":"BreadcrumbList","@id":"https:\/\/thern.com\/es\/portfolio\/radial-gravel-stacker\/#breadcrumb","itemListElement":[{"@type":"ListItem","position":1,"name":"Home","item":"https:\/\/thern.com\/es\/"},{"@type":"ListItem","position":2,"name":"Portfolio","item":"https:\/\/thern.com\/es\/portfolio\/"},{"@type":"ListItem","position":3,"name":"Radial Gravel Stacker"}]},{"@type":"WebSite","@id":"https:\/\/thern.com\/es\/#website","url":"https:\/\/thern.com\/es\/","name":"Thern\u00ae Winches &amp; Cranes","description":"Leave the Heavy Lifting to Us","publisher":{"@id":"https:\/\/thern.com\/es\/#organization"},"potentialAction":[{"@type":"SearchAction","target":{"@type":"EntryPoint","urlTemplate":"https:\/\/thern.com\/es\/?s={search_term_string}"},"query-input":{"@type":"PropertyValueSpecification","valueRequired":true,"valueName":"search_term_string"}}],"inLanguage":"es"},{"@type":"Organization","@id":"https:\/\/thern.com\/es\/#organization","name":"Thern\u00ae Winches &amp; Cranes","url":"https:\/\/thern.com\/es\/","logo":{"@type":"ImageObject","inLanguage":"es","@id":"https:\/\/thern.com\/es\/#\/schema\/logo\/image\/","url":"https:\/\/thern.com\/wp-content\/uploads\/2023\/11\/Logo_SaveForWeb-outline-FINAL-01.svg","contentUrl":"https:\/\/thern.com\/wp-content\/uploads\/2023\/11\/Logo_SaveForWeb-outline-FINAL-01.svg","caption":"Thern\u00ae Winches &amp; Cranes"},"image":{"@id":"https:\/\/thern.com\/es\/#\/schema\/logo\/image\/"},"sameAs":["https:\/\/www.facebook.com\/ThernInc\/","https:\/\/www.linkedin.com\/company\/thern-inc-\/","https:\/\/www.youtube.com\/user\/ThernStage"]}]}},"_links":{"self":[{"href":"https:\/\/thern.com\/es\/wp-json\/wp\/v2\/pages\/30369","targetHints":{"allow":["GET"]}}],"collection":[{"href":"https:\/\/thern.com\/es\/wp-json\/wp\/v2\/pages"}],"about":[{"href":"https:\/\/thern.com\/es\/wp-json\/wp\/v2\/types\/page"}],"author":[{"embeddable":true,"href":"https:\/\/thern.com\/es\/wp-json\/wp\/v2\/users\/1"}],"replies":[{"embeddable":true,"href":"https:\/\/thern.com\/es\/wp-json\/wp\/v2\/comments?post=30369"}],"version-history":[{"count":0,"href":"https:\/\/thern.com\/es\/wp-json\/wp\/v2\/pages\/30369\/revisions"}],"up":[{"embeddable":true,"href":"https:\/\/thern.com\/es\/wp-json\/wp\/v2\/pages\/30094"}],"wp:attachment":[{"href":"https:\/\/thern.com\/es\/wp-json\/wp\/v2\/media?parent=30369"}],"curies":[{"name":"wp","href":"https:\/\/api.w.org\/{rel}","templated":true}]}}