{"id":30150,"date":"2023-08-17T15:29:54","date_gmt":"2023-08-17T15:29:54","guid":{"rendered":"https:\/\/therninc.wpenginepowered.com\/portfolio\/one-world-trade-center\/"},"modified":"2023-12-06T21:18:04","modified_gmt":"2023-12-06T21:18:04","slug":"one-world-trade-center","status":"publish","type":"page","link":"https:\/\/thern.com\/es\/portfolio\/one-world-trade-center\/","title":{"rendered":"One World Trade Center"},"content":{"rendered":"<div class=\"wpb-content-wrapper\"><p>[vc_section full_width=\u00bbstretch_row\u00bb content_placement=\u00bbmiddle\u00bb css=\u00bb.vc_custom_1693341702829{padding-top: 0px !important;background-image: url(https:\/\/thern.com\/wp-content\/uploads\/2023\/07\/Thern-Inc_Portfolio-Hero.jpg?id=481) !important;background-position: center !important;background-repeat: no-repeat !important;background-size: cover !important;}\u00bb][vc_row full_width=\u00bbstretch_row\u00bb css=\u00bb.vc_custom_1693341709009{padding-top: 50px !important;padding-bottom: 70px !important;background-color: rgba(0,0,0,0.5) !important;*background-color: rgb(0,0,0) !important;}\u00bb][vc_column][vc_custom_heading text=\u00bbPortfolio\u00bb font_container=\u00bbtag:h1|text_align:left|color:%23ffffff\u00bb use_theme_fonts=\u00bbyes\u00bb css_animation=\u00bbfadeInLeft\u00bb][\/vc_column][\/vc_row][\/vc_section][vc_row full_width=\u00bbstretch_row\u00bb equal_height=\u00bbyes\u00bb content_placement=\u00bbmiddle\u00bb css=\u00bb.vc_custom_1689180629506{padding-bottom: 35px !important;background-color: #c71a32 !important;}\u00bb][vc_column width=\u00bb2\/3&#8243;][vc_custom_heading text=\u00bbCABRESTANTE PERSONALIZADO PARA CONSTRUIR EL ONE WORLD TRADE CENTER\u00bb font_container=\u00bbtag:h2|text_align:left|color:%23ffffff\u00bb use_theme_fonts=\u00bbyes\u00bb css_animation=\u00bbfadeInLeft\u00bb][\/vc_column][vc_column width=\u00bb1\/3&#8243; el_class=\u00bbdo-not-show\u00bb][\/vc_column][\/vc_row][vc_row equal_height=\u00bbyes\u00bb][vc_column css_animation=\u00bbfadeInLeft\u00bb width=\u00bb1\/2&#8243;][vc_column_text]Para ayudar en la construcci\u00f3n del One World Trade Center, se utiliz\u00f3 un cabrestante el\u00e9ctrico de alta velocidad Thern.<\/p>\n<p>En los Estados Unidos de hoy, tal vez no haya mayor s\u00edmbolo de la resiliencia de nuestra naci\u00f3n que el imponente One World Trade Center ubicado en Manhattan. Con una altura total de 1.776 pies con aguja, es el edificio m\u00e1s alto de los Estados Unidos.<\/p>\n<p>Para ayudar en la elevaci\u00f3n de materiales de construcci\u00f3n y la instalaci\u00f3n de ascensores durante la construcci\u00f3n, el contratista recurri\u00f3 a Thern en busca de un cabrestante el\u00e9ctrico de alta velocidad capaz de soportar alturas de elevaci\u00f3n no est\u00e1ndar. A la altura de las circunstancias, Thern construy\u00f3 un cabrestante especial 4HPF25M-S17 que inclu\u00eda un sofisticado paquete de control de velocidad variable junto con un tambor capaz de sostener la longitud adicional de cable requerido.[\/vc_column_text][vc_btn title=\u00bbVOLVER AL PORTAFOLIO\u00bb style=\u00bbcustom\u00bb custom_background=\u00bb#c71a32&#8243; custom_text=\u00bb#ffffff\u00bb shape=\u00bbsquare\u00bb size=\u00bblg\u00bb align=\u00bbleft\u00bb i_icon_fontawesome=\u00bbfas fa-angle-left\u00bb add_icon=\u00bbtrue\u00bb link=\u00bburl:%2Fes%2Fportfolio%2F|title:Portfolio\u00bb][\/vc_column][vc_column css_animation=\u00bbfadeInRight\u00bb width=\u00bb1\/2&#8243;][vc_gallery type=\u00bbflexslider_slide\u00bb interval=\u00bb0&#8243; images=\u00bb23758,23759&#8243; img_size=\u00bbfull\u00bb][vc_single_image image=\u00bb22855&#8243; img_size=\u00bbfull\u00bb][\/vc_column][\/vc_row][vc_row full_width=\u00bbstretch_row\u00bb css=\u00bb.vc_custom_1693341716400{padding-top: 35px !important;padding-bottom: 35px !important;background-color: #efefef !important;}\u00bb][vc_column width=\u00bb1\/6&#8243; el_class=\u00bbdo-not-show\u00bb][\/vc_column][vc_column css_animation=\u00bbfadeInUp\u00bb width=\u00bb4\/6&#8243;][vc_custom_heading text=\u00bbESTAMOS AQU\u00cd PARA AYUDAR\u00bb font_container=\u00bbtag:h2|text_align:center|color:%230a0a0a\u00bb use_theme_fonts=\u00bbyes\u00bb css=\u00bb.vc_custom_1695745888361{margin-bottom: 0px !important;}\u00bb][vc_column_text]<\/p>\n<p style=\"text-align: center;\">\u00bfTiene preguntas? El amable y experto personal de ventas y servicio de Thern est\u00e1 dispuesto a ayudarle.<\/p>\n<p>[\/vc_column_text][vc_btn title=\u00bbCONT\u00c1CTENOS\u00bb style=\u00bbcustom\u00bb custom_background=\u00bb#c71a32&#8243; custom_text=\u00bb#ffffff\u00bb shape=\u00bbsquare\u00bb size=\u00bblg\u00bb align=\u00bbcenter\u00bb i_align=\u00bbright\u00bb i_icon_fontawesome=\u00bbfas fa-angle-right\u00bb add_icon=\u00bbtrue\u00bb link=\u00bburl:%2Fes%2Fcontact%2F|title:Neem%20contact%20op%20met\u00bb][\/vc_column][vc_column width=\u00bb1\/6&#8243; el_class=\u00bbdo-not-show\u00bb][\/vc_column][\/vc_row]<\/p>\n<\/div>","protected":false},"excerpt":{"rendered":"<p>[vc_section full_width=\u00bbstretch_row\u00bb content_placement=\u00bbmiddle\u00bb css=\u00bb.vc_custom_1693341702829{padding-top: 0px !important;background-image: url(https:\/\/thern.com\/wp-content\/uploads\/2023\/07\/Thern-Inc_Portfolio-Hero.jpg?id=481) !important;background-position: center !important;background-repeat: no-repeat !important;background-size: cover !important;}\u00bb][vc_row full_width=\u00bbstretch_row\u00bb css=\u00bb.vc_custom_1693341709009{padding-top: 50px !important;padding-bottom: 70px !important;background-color: rgba(0,0,0,0.5) !important;*background-color: rgb(0,0,0) !important;}\u00bb][vc_column][vc_custom_heading text=\u00bbPortfolio\u00bb font_container=\u00bbtag:h1|text_align:left|color:%23ffffff\u00bb use_theme_fonts=\u00bbyes\u00bb css_animation=\u00bbfadeInLeft\u00bb][\/vc_column][\/vc_row][\/vc_section][vc_row full_width=\u00bbstretch_row\u00bb equal_height=\u00bbyes\u00bb content_placement=\u00bbmiddle\u00bb css=\u00bb.vc_custom_1689180629506{padding-bottom: 35px !important;background-color: #c71a32 !important;}\u00bb][vc_column width=\u00bb2\/3&#8243;][vc_custom_heading text=\u00bbCABRESTANTE PERSONALIZADO PARA CONSTRUIR EL ONE WORLD TRADE CENTER\u00bb font_container=\u00bbtag:h2|text_align:left|color:%23ffffff\u00bb use_theme_fonts=\u00bbyes\u00bb css_animation=\u00bbfadeInLeft\u00bb][\/vc_column][vc_column width=\u00bb1\/3&#8243; el_class=\u00bbdo-not-show\u00bb][\/vc_column][\/vc_row][vc_row equal_height=\u00bbyes\u00bb][vc_column css_animation=\u00bbfadeInLeft\u00bb width=\u00bb1\/2&#8243;][vc_column_text]Para ayudar &#8230; <a title=\"One World Trade Center\" class=\"read-more\" href=\"https:\/\/thern.com\/es\/portfolio\/one-world-trade-center\/\" aria-label=\"More on One World Trade Center\">Read more<\/a><\/p>\n","protected":false},"author":1,"featured_media":0,"parent":30094,"menu_order":0,"comment_status":"closed","ping_status":"closed","template":"","meta":{"footnotes":""},"class_list":["post-30150","page","type-page","status-publish"],"yoast_head":"<!-- This site is optimized with the Yoast SEO plugin v27.3 - https:\/\/yoast.com\/product\/yoast-seo-wordpress\/ -->\n<title>One World Trade Center - Proyectos de ingenier\u00eda a medida | Thern, Inc.<\/title>\n<meta name=\"description\" content=\"Thern fue la elegida para el suministro de cabrestantes el\u00e9ctricos para ayudar con la elevaci\u00f3n de materiales de construcci\u00f3n y la instalaci\u00f3n de los ascensores durante la construcci\u00f3n del One World Trade Center.\" \/>\n<meta name=\"robots\" content=\"index, follow, max-snippet:-1, max-image-preview:large, max-video-preview:-1\" \/>\n<link rel=\"canonical\" href=\"https:\/\/thern.com\/es\/portfolio\/one-world-trade-center\/\" \/>\n<meta property=\"og:locale\" content=\"es_ES\" \/>\n<meta property=\"og:type\" content=\"article\" \/>\n<meta property=\"og:title\" content=\"One World Trade Center - Proyectos de ingenier\u00eda a medida | Thern, Inc.\" \/>\n<meta property=\"og:description\" content=\"Thern fue la elegida para el suministro de cabrestantes el\u00e9ctricos para ayudar con la elevaci\u00f3n de materiales de construcci\u00f3n y la instalaci\u00f3n de los ascensores durante la construcci\u00f3n del One World Trade Center.\" \/>\n<meta property=\"og:url\" content=\"https:\/\/thern.com\/es\/portfolio\/one-world-trade-center\/\" \/>\n<meta property=\"og:site_name\" content=\"Thern\u00ae Winches &amp; Cranes\" \/>\n<meta property=\"article:publisher\" content=\"https:\/\/www.facebook.com\/ThernInc\/\" \/>\n<meta property=\"article:modified_time\" content=\"2023-12-06T21:18:04+00:00\" \/>\n<meta name=\"twitter:card\" content=\"summary_large_image\" \/>\n<meta name=\"twitter:label1\" content=\"Tiempo de lectura\" \/>\n\t<meta name=\"twitter:data1\" content=\"2 minutos\" \/>\n<script type=\"application\/ld+json\" class=\"yoast-schema-graph\">{\"@context\":\"https:\\\/\\\/schema.org\",\"@graph\":[{\"@type\":\"WebPage\",\"@id\":\"https:\\\/\\\/thern.com\\\/es\\\/portfolio\\\/one-world-trade-center\\\/\",\"url\":\"https:\\\/\\\/thern.com\\\/es\\\/portfolio\\\/one-world-trade-center\\\/\",\"name\":\"One World Trade Center - Proyectos de ingenier\u00eda a medida | Thern, Inc.\",\"isPartOf\":{\"@id\":\"https:\\\/\\\/thern.com\\\/es\\\/#website\"},\"datePublished\":\"2023-08-17T15:29:54+00:00\",\"dateModified\":\"2023-12-06T21:18:04+00:00\",\"description\":\"Thern fue la elegida para el suministro de cabrestantes el\u00e9ctricos para ayudar con la elevaci\u00f3n de materiales de construcci\u00f3n y la instalaci\u00f3n de los ascensores durante la construcci\u00f3n del One World Trade Center.\",\"breadcrumb\":{\"@id\":\"https:\\\/\\\/thern.com\\\/es\\\/portfolio\\\/one-world-trade-center\\\/#breadcrumb\"},\"inLanguage\":\"es\",\"potentialAction\":[{\"@type\":\"ReadAction\",\"target\":[\"https:\\\/\\\/thern.com\\\/es\\\/portfolio\\\/one-world-trade-center\\\/\"]}]},{\"@type\":\"BreadcrumbList\",\"@id\":\"https:\\\/\\\/thern.com\\\/es\\\/portfolio\\\/one-world-trade-center\\\/#breadcrumb\",\"itemListElement\":[{\"@type\":\"ListItem\",\"position\":1,\"name\":\"Home\",\"item\":\"https:\\\/\\\/thern.com\\\/es\\\/\"},{\"@type\":\"ListItem\",\"position\":2,\"name\":\"Portfolio\",\"item\":\"https:\\\/\\\/thern.com\\\/es\\\/portfolio\\\/\"},{\"@type\":\"ListItem\",\"position\":3,\"name\":\"One World Trade Center\"}]},{\"@type\":\"WebSite\",\"@id\":\"https:\\\/\\\/thern.com\\\/es\\\/#website\",\"url\":\"https:\\\/\\\/thern.com\\\/es\\\/\",\"name\":\"Thern\u00ae Winches &amp; Cranes\",\"description\":\"Leave the Heavy Lifting to Us\",\"publisher\":{\"@id\":\"https:\\\/\\\/thern.com\\\/es\\\/#organization\"},\"potentialAction\":[{\"@type\":\"SearchAction\",\"target\":{\"@type\":\"EntryPoint\",\"urlTemplate\":\"https:\\\/\\\/thern.com\\\/es\\\/?s={search_term_string}\"},\"query-input\":{\"@type\":\"PropertyValueSpecification\",\"valueRequired\":true,\"valueName\":\"search_term_string\"}}],\"inLanguage\":\"es\"},{\"@type\":\"Organization\",\"@id\":\"https:\\\/\\\/thern.com\\\/es\\\/#organization\",\"name\":\"Thern\u00ae Winches &amp; Cranes\",\"url\":\"https:\\\/\\\/thern.com\\\/es\\\/\",\"logo\":{\"@type\":\"ImageObject\",\"inLanguage\":\"es\",\"@id\":\"https:\\\/\\\/thern.com\\\/es\\\/#\\\/schema\\\/logo\\\/image\\\/\",\"url\":\"https:\\\/\\\/thern.com\\\/wp-content\\\/uploads\\\/2023\\\/11\\\/Logo_SaveForWeb-outline-FINAL-01.svg\",\"contentUrl\":\"https:\\\/\\\/thern.com\\\/wp-content\\\/uploads\\\/2023\\\/11\\\/Logo_SaveForWeb-outline-FINAL-01.svg\",\"caption\":\"Thern\u00ae Winches &amp; Cranes\"},\"image\":{\"@id\":\"https:\\\/\\\/thern.com\\\/es\\\/#\\\/schema\\\/logo\\\/image\\\/\"},\"sameAs\":[\"https:\\\/\\\/www.facebook.com\\\/ThernInc\\\/\",\"https:\\\/\\\/www.linkedin.com\\\/company\\\/thern-inc-\\\/\",\"https:\\\/\\\/www.youtube.com\\\/user\\\/ThernStage\"]}]}<\/script>\n<!-- \/ Yoast SEO plugin. -->","yoast_head_json":{"title":"One World Trade Center - Proyectos de ingenier\u00eda a medida | Thern, Inc.","description":"Thern fue la elegida para el suministro de cabrestantes el\u00e9ctricos para ayudar con la elevaci\u00f3n de materiales de construcci\u00f3n y la instalaci\u00f3n de los ascensores durante la construcci\u00f3n del One World Trade Center.","robots":{"index":"index","follow":"follow","max-snippet":"max-snippet:-1","max-image-preview":"max-image-preview:large","max-video-preview":"max-video-preview:-1"},"canonical":"https:\/\/thern.com\/es\/portfolio\/one-world-trade-center\/","og_locale":"es_ES","og_type":"article","og_title":"One World Trade Center - Proyectos de ingenier\u00eda a medida | Thern, Inc.","og_description":"Thern fue la elegida para el suministro de cabrestantes el\u00e9ctricos para ayudar con la elevaci\u00f3n de materiales de construcci\u00f3n y la instalaci\u00f3n de los ascensores durante la construcci\u00f3n del One World Trade Center.","og_url":"https:\/\/thern.com\/es\/portfolio\/one-world-trade-center\/","og_site_name":"Thern\u00ae Winches &amp; Cranes","article_publisher":"https:\/\/www.facebook.com\/ThernInc\/","article_modified_time":"2023-12-06T21:18:04+00:00","twitter_card":"summary_large_image","twitter_misc":{"Tiempo de lectura":"2 minutos"},"schema":{"@context":"https:\/\/schema.org","@graph":[{"@type":"WebPage","@id":"https:\/\/thern.com\/es\/portfolio\/one-world-trade-center\/","url":"https:\/\/thern.com\/es\/portfolio\/one-world-trade-center\/","name":"One World Trade Center - Proyectos de ingenier\u00eda a medida | Thern, Inc.","isPartOf":{"@id":"https:\/\/thern.com\/es\/#website"},"datePublished":"2023-08-17T15:29:54+00:00","dateModified":"2023-12-06T21:18:04+00:00","description":"Thern fue la elegida para el suministro de cabrestantes el\u00e9ctricos para ayudar con la elevaci\u00f3n de materiales de construcci\u00f3n y la instalaci\u00f3n de los ascensores durante la construcci\u00f3n del One World Trade Center.","breadcrumb":{"@id":"https:\/\/thern.com\/es\/portfolio\/one-world-trade-center\/#breadcrumb"},"inLanguage":"es","potentialAction":[{"@type":"ReadAction","target":["https:\/\/thern.com\/es\/portfolio\/one-world-trade-center\/"]}]},{"@type":"BreadcrumbList","@id":"https:\/\/thern.com\/es\/portfolio\/one-world-trade-center\/#breadcrumb","itemListElement":[{"@type":"ListItem","position":1,"name":"Home","item":"https:\/\/thern.com\/es\/"},{"@type":"ListItem","position":2,"name":"Portfolio","item":"https:\/\/thern.com\/es\/portfolio\/"},{"@type":"ListItem","position":3,"name":"One World Trade Center"}]},{"@type":"WebSite","@id":"https:\/\/thern.com\/es\/#website","url":"https:\/\/thern.com\/es\/","name":"Thern\u00ae Winches &amp; Cranes","description":"Leave the Heavy Lifting to Us","publisher":{"@id":"https:\/\/thern.com\/es\/#organization"},"potentialAction":[{"@type":"SearchAction","target":{"@type":"EntryPoint","urlTemplate":"https:\/\/thern.com\/es\/?s={search_term_string}"},"query-input":{"@type":"PropertyValueSpecification","valueRequired":true,"valueName":"search_term_string"}}],"inLanguage":"es"},{"@type":"Organization","@id":"https:\/\/thern.com\/es\/#organization","name":"Thern\u00ae Winches &amp; Cranes","url":"https:\/\/thern.com\/es\/","logo":{"@type":"ImageObject","inLanguage":"es","@id":"https:\/\/thern.com\/es\/#\/schema\/logo\/image\/","url":"https:\/\/thern.com\/wp-content\/uploads\/2023\/11\/Logo_SaveForWeb-outline-FINAL-01.svg","contentUrl":"https:\/\/thern.com\/wp-content\/uploads\/2023\/11\/Logo_SaveForWeb-outline-FINAL-01.svg","caption":"Thern\u00ae Winches &amp; Cranes"},"image":{"@id":"https:\/\/thern.com\/es\/#\/schema\/logo\/image\/"},"sameAs":["https:\/\/www.facebook.com\/ThernInc\/","https:\/\/www.linkedin.com\/company\/thern-inc-\/","https:\/\/www.youtube.com\/user\/ThernStage"]}]}},"_links":{"self":[{"href":"https:\/\/thern.com\/es\/wp-json\/wp\/v2\/pages\/30150","targetHints":{"allow":["GET"]}}],"collection":[{"href":"https:\/\/thern.com\/es\/wp-json\/wp\/v2\/pages"}],"about":[{"href":"https:\/\/thern.com\/es\/wp-json\/wp\/v2\/types\/page"}],"author":[{"embeddable":true,"href":"https:\/\/thern.com\/es\/wp-json\/wp\/v2\/users\/1"}],"replies":[{"embeddable":true,"href":"https:\/\/thern.com\/es\/wp-json\/wp\/v2\/comments?post=30150"}],"version-history":[{"count":0,"href":"https:\/\/thern.com\/es\/wp-json\/wp\/v2\/pages\/30150\/revisions"}],"up":[{"embeddable":true,"href":"https:\/\/thern.com\/es\/wp-json\/wp\/v2\/pages\/30094"}],"wp:attachment":[{"href":"https:\/\/thern.com\/es\/wp-json\/wp\/v2\/media?parent=30150"}],"curies":[{"name":"wp","href":"https:\/\/api.w.org\/{rel}","templated":true}]}}