{"id":30121,"date":"2023-08-03T15:27:46","date_gmt":"2023-08-03T15:27:46","guid":{"rendered":"https:\/\/therninc.wpenginepowered.com\/portfolio\/times-square\/"},"modified":"2023-09-26T16:18:03","modified_gmt":"2023-09-26T16:18:03","slug":"times-square","status":"publish","type":"page","link":"https:\/\/thern.com\/es\/portfolio\/times-square\/","title":{"rendered":"Times Square"},"content":{"rendered":"<div class=\"wpb-content-wrapper\"><p>[vc_section full_width=\u00bbstretch_row\u00bb content_placement=\u00bbmiddle\u00bb css=\u00bb.vc_custom_1693341392838{padding-top: 0px !important;background-image: url(https:\/\/thern.com\/wp-content\/uploads\/2023\/07\/Thern-Inc_Portfolio-Hero.jpg?id=481) !important;background-position: center !important;background-repeat: no-repeat !important;background-size: cover !important;}\u00bb][vc_row full_width=\u00bbstretch_row\u00bb css=\u00bb.vc_custom_1693341400199{padding-top: 50px !important;padding-bottom: 70px !important;background-color: rgba(0,0,0,0.5) !important;*background-color: rgb(0,0,0) !important;}\u00bb][vc_column][vc_custom_heading text=\u00bbREFERENCIAS\u00bb font_container=\u00bbtag:h1|text_align:left|color:%23ffffff\u00bb use_theme_fonts=\u00bbyes\u00bb css_animation=\u00bbfadeInLeft\u00bb][\/vc_column][\/vc_row][\/vc_section][vc_row full_width=\u00bbstretch_row\u00bb equal_height=\u00bbyes\u00bb content_placement=\u00bbmiddle\u00bb css=\u00bb.vc_custom_1689180629506{padding-bottom: 35px !important;background-color: #c71a32 !important;}\u00bb][vc_column width=\u00bb2\/3&#8243;][vc_custom_heading text=\u00bbDESCENSO DE LA BOLA EN NOCHEVIEJA EN TIMES SQUARE\u00bb font_container=\u00bbtag:h2|text_align:left|color:%23ffffff\u00bb use_theme_fonts=\u00bbyes\u00bb css_animation=\u00bbfadeInLeft\u00bb][\/vc_column][vc_column width=\u00bb1\/3&#8243;][\/vc_column][\/vc_row][vc_row equal_height=\u00bbyes\u00bb][vc_column css_animation=\u00bbfadeInLeft\u00bb width=\u00bb1\/2&#8243;][vc_column_text]Cada Nochevieja, miles de millones de espectadores centran su atenci\u00f3n en la Times Square de Nueva York mientras la gran bola iluminada de Nochevieja desciende m\u00e1s de 141 metros por un m\u00e1stil especialmente dise\u00f1ado hasta posarse en la base coincidiendo con las campanadas de medianoche. Un espect\u00e1culo de este calado exige que todo marche sobre ruedas, de modo que no es de extra\u00f1ar que el responsable de bajar esta bola de casi 5400\u00a0kg en la noche m\u00e1s memorable del a\u00f1o sea un cabrestante personalizado Thern.<\/p>\n<p>El cabrestante motorizado 4HPF40M-S8 se ha dise\u00f1ado especialmente para permitir su montaje invertido debajo de la plataforma sobre la que est\u00e1 montado el m\u00e1stil, as\u00ed como para ofrecer velocidad de l\u00ednea precisa para que la bola descienda en sincron\u00eda con la cuenta atr\u00e1s, un sistema de l\u00ednea de circuito cerrado y un ranurado en forma de espiga en el tambor para el m\u00e1ximo control de manejo del cable de acero de 19\u00a0mm conectado a la bola.[\/vc_column_text][vc_btn title=\u00bbVolver al Portafolio\u00bb style=\u00bbcustom\u00bb custom_background=\u00bb#c71a32&#8243; custom_text=\u00bb#ffffff\u00bb shape=\u00bbsquare\u00bb size=\u00bblg\u00bb align=\u00bbleft\u00bb i_icon_fontawesome=\u00bbfas fa-angle-left\u00bb add_icon=\u00bbtrue\u00bb link=\u00bburl:%2Fes%2Fportfolio%2F|title:Portfolio\u00bb][\/vc_column][vc_column css_animation=\u00bbfadeInRight\u00bb width=\u00bb1\/2&#8243;][vc_gallery interval=\u00bb0&#8243; images=\u00bb23753,23752,23751&#8243; img_size=\u00bbfull\u00bb onclick=\u00bb\u00bb][vc_single_image image=\u00bb22382&#8243; img_size=\u00bbfull\u00bb][\/vc_column][\/vc_row][vc_row full_width=\u00bbstretch_row\u00bb css=\u00bb.vc_custom_1693341650892{padding-top: 35px !important;padding-bottom: 35px !important;background-color: #efefef !important;}\u00bb][vc_column width=\u00bb1\/6&#8243;][\/vc_column][vc_column css_animation=\u00bbfadeInUp\u00bb width=\u00bb4\/6&#8243;][vc_custom_heading text=\u00bbEstamos aqu\u00ed para ayudar\u00bb font_container=\u00bbtag:h2|text_align:center|color:%230a0a0a\u00bb use_theme_fonts=\u00bbyes\u00bb css=\u00bb.vc_custom_1695745044696{margin-bottom: 0px !important;}\u00bb][vc_column_text]<\/p>\n<p style=\"text-align: center;\">\u00bfTiene preguntas? El amable y experto personal de ventas y servicio de Thern est\u00e1 dispuesto a ayudarle.<\/p>\n<p>[\/vc_column_text][vc_btn title=\u00bbContacta con nosotros\u00bb style=\u00bbcustom\u00bb custom_background=\u00bb#c71a32&#8243; custom_text=\u00bb#ffffff\u00bb shape=\u00bbsquare\u00bb size=\u00bblg\u00bb align=\u00bbcenter\u00bb i_align=\u00bbright\u00bb i_icon_fontawesome=\u00bbfas fa-angle-right\u00bb add_icon=\u00bbtrue\u00bb link=\u00bburl:%2Fes%2Fcontact%2F|title:Contact\u00bb][\/vc_column][vc_column width=\u00bb1\/6&#8243;][\/vc_column][\/vc_row]<\/p>\n<\/div>","protected":false},"excerpt":{"rendered":"<p>[vc_section full_width=\u00bbstretch_row\u00bb content_placement=\u00bbmiddle\u00bb css=\u00bb.vc_custom_1693341392838{padding-top: 0px !important;background-image: url(https:\/\/thern.com\/wp-content\/uploads\/2023\/07\/Thern-Inc_Portfolio-Hero.jpg?id=481) !important;background-position: center !important;background-repeat: no-repeat !important;background-size: cover !important;}\u00bb][vc_row full_width=\u00bbstretch_row\u00bb css=\u00bb.vc_custom_1693341400199{padding-top: 50px !important;padding-bottom: 70px !important;background-color: rgba(0,0,0,0.5) !important;*background-color: rgb(0,0,0) !important;}\u00bb][vc_column][vc_custom_heading text=\u00bbREFERENCIAS\u00bb font_container=\u00bbtag:h1|text_align:left|color:%23ffffff\u00bb use_theme_fonts=\u00bbyes\u00bb css_animation=\u00bbfadeInLeft\u00bb][\/vc_column][\/vc_row][\/vc_section][vc_row full_width=\u00bbstretch_row\u00bb equal_height=\u00bbyes\u00bb content_placement=\u00bbmiddle\u00bb css=\u00bb.vc_custom_1689180629506{padding-bottom: 35px !important;background-color: #c71a32 !important;}\u00bb][vc_column width=\u00bb2\/3&#8243;][vc_custom_heading text=\u00bbDESCENSO DE LA BOLA EN NOCHEVIEJA EN TIMES SQUARE\u00bb font_container=\u00bbtag:h2|text_align:left|color:%23ffffff\u00bb use_theme_fonts=\u00bbyes\u00bb css_animation=\u00bbfadeInLeft\u00bb][\/vc_column][vc_column width=\u00bb1\/3&#8243;][\/vc_column][\/vc_row][vc_row equal_height=\u00bbyes\u00bb][vc_column css_animation=\u00bbfadeInLeft\u00bb width=\u00bb1\/2&#8243;][vc_column_text]Cada Nochevieja, miles &#8230; <a title=\"Times Square\" class=\"read-more\" href=\"https:\/\/thern.com\/es\/portfolio\/times-square\/\" aria-label=\"More on Times Square\">Read more<\/a><\/p>\n","protected":false},"author":1,"featured_media":0,"parent":30094,"menu_order":0,"comment_status":"closed","ping_status":"closed","template":"","meta":{"footnotes":""},"class_list":["post-30121","page","type-page","status-publish"],"yoast_head":"<!-- This site is optimized with the Yoast SEO plugin v27.5 - https:\/\/yoast.com\/product\/yoast-seo-wordpress\/ -->\n<title>Cabrestante para el descenso de la bola de Times Square - Proyectos de ingenier\u00eda a medida | Thern, Inc.<\/title>\n<meta name=\"description\" content=\"El descenso de la bola en Nochevieja en la neoyorquina Times Square se realiza con un cabrestante industrial Thern construido a medida para esta aplicaci\u00f3n.\" \/>\n<meta name=\"robots\" content=\"index, follow, max-snippet:-1, max-image-preview:large, max-video-preview:-1\" \/>\n<link rel=\"canonical\" href=\"https:\/\/thern.com\/es\/portfolio\/times-square\/\" \/>\n<meta property=\"og:locale\" content=\"es_ES\" \/>\n<meta property=\"og:type\" content=\"article\" \/>\n<meta property=\"og:title\" content=\"Cabrestante para el descenso de la bola de Times Square - Proyectos de ingenier\u00eda a medida | Thern, Inc.\" \/>\n<meta property=\"og:description\" content=\"El descenso de la bola en Nochevieja en la neoyorquina Times Square se realiza con un cabrestante industrial Thern construido a medida para esta aplicaci\u00f3n.\" \/>\n<meta property=\"og:url\" content=\"https:\/\/thern.com\/es\/portfolio\/times-square\/\" \/>\n<meta property=\"og:site_name\" content=\"Thern\u00ae Winches &amp; Cranes\" \/>\n<meta property=\"article:publisher\" content=\"https:\/\/www.facebook.com\/ThernInc\/\" \/>\n<meta property=\"article:modified_time\" content=\"2023-09-26T16:18:03+00:00\" \/>\n<meta name=\"twitter:card\" content=\"summary_large_image\" \/>\n<meta name=\"twitter:label1\" content=\"Tiempo de lectura\" \/>\n\t<meta name=\"twitter:data1\" content=\"2 minutos\" \/>\n<script type=\"application\/ld+json\" class=\"yoast-schema-graph\">{\"@context\":\"https:\\\/\\\/schema.org\",\"@graph\":[{\"@type\":\"WebPage\",\"@id\":\"https:\\\/\\\/thern.com\\\/es\\\/portfolio\\\/times-square\\\/\",\"url\":\"https:\\\/\\\/thern.com\\\/es\\\/portfolio\\\/times-square\\\/\",\"name\":\"Cabrestante para el descenso de la bola de Times Square - Proyectos de ingenier\u00eda a medida | Thern, Inc.\",\"isPartOf\":{\"@id\":\"https:\\\/\\\/thern.com\\\/es\\\/#website\"},\"datePublished\":\"2023-08-03T15:27:46+00:00\",\"dateModified\":\"2023-09-26T16:18:03+00:00\",\"description\":\"El descenso de la bola en Nochevieja en la neoyorquina Times Square se realiza con un cabrestante industrial Thern construido a medida para esta aplicaci\u00f3n.\",\"breadcrumb\":{\"@id\":\"https:\\\/\\\/thern.com\\\/es\\\/portfolio\\\/times-square\\\/#breadcrumb\"},\"inLanguage\":\"es\",\"potentialAction\":[{\"@type\":\"ReadAction\",\"target\":[\"https:\\\/\\\/thern.com\\\/es\\\/portfolio\\\/times-square\\\/\"]}]},{\"@type\":\"BreadcrumbList\",\"@id\":\"https:\\\/\\\/thern.com\\\/es\\\/portfolio\\\/times-square\\\/#breadcrumb\",\"itemListElement\":[{\"@type\":\"ListItem\",\"position\":1,\"name\":\"Home\",\"item\":\"https:\\\/\\\/thern.com\\\/es\\\/\"},{\"@type\":\"ListItem\",\"position\":2,\"name\":\"Portfolio\",\"item\":\"https:\\\/\\\/thern.com\\\/es\\\/portfolio\\\/\"},{\"@type\":\"ListItem\",\"position\":3,\"name\":\"Times Square\"}]},{\"@type\":\"WebSite\",\"@id\":\"https:\\\/\\\/thern.com\\\/es\\\/#website\",\"url\":\"https:\\\/\\\/thern.com\\\/es\\\/\",\"name\":\"Thern\u00ae Winches &amp; Cranes\",\"description\":\"Leave the Heavy Lifting to Us\",\"publisher\":{\"@id\":\"https:\\\/\\\/thern.com\\\/es\\\/#organization\"},\"potentialAction\":[{\"@type\":\"SearchAction\",\"target\":{\"@type\":\"EntryPoint\",\"urlTemplate\":\"https:\\\/\\\/thern.com\\\/es\\\/?s={search_term_string}\"},\"query-input\":{\"@type\":\"PropertyValueSpecification\",\"valueRequired\":true,\"valueName\":\"search_term_string\"}}],\"inLanguage\":\"es\"},{\"@type\":\"Organization\",\"@id\":\"https:\\\/\\\/thern.com\\\/es\\\/#organization\",\"name\":\"Thern\u00ae Winches &amp; Cranes\",\"url\":\"https:\\\/\\\/thern.com\\\/es\\\/\",\"logo\":{\"@type\":\"ImageObject\",\"inLanguage\":\"es\",\"@id\":\"https:\\\/\\\/thern.com\\\/es\\\/#\\\/schema\\\/logo\\\/image\\\/\",\"url\":\"https:\\\/\\\/thern.com\\\/wp-content\\\/uploads\\\/2023\\\/11\\\/Logo_SaveForWeb-outline-FINAL-01.svg\",\"contentUrl\":\"https:\\\/\\\/thern.com\\\/wp-content\\\/uploads\\\/2023\\\/11\\\/Logo_SaveForWeb-outline-FINAL-01.svg\",\"caption\":\"Thern\u00ae Winches &amp; Cranes\"},\"image\":{\"@id\":\"https:\\\/\\\/thern.com\\\/es\\\/#\\\/schema\\\/logo\\\/image\\\/\"},\"sameAs\":[\"https:\\\/\\\/www.facebook.com\\\/ThernInc\\\/\",\"https:\\\/\\\/www.linkedin.com\\\/company\\\/thern-inc-\\\/\",\"https:\\\/\\\/www.youtube.com\\\/user\\\/ThernStage\"]}]}<\/script>\n<!-- \/ Yoast SEO plugin. -->","yoast_head_json":{"title":"Cabrestante para el descenso de la bola de Times Square - Proyectos de ingenier\u00eda a medida | Thern, Inc.","description":"El descenso de la bola en Nochevieja en la neoyorquina Times Square se realiza con un cabrestante industrial Thern construido a medida para esta aplicaci\u00f3n.","robots":{"index":"index","follow":"follow","max-snippet":"max-snippet:-1","max-image-preview":"max-image-preview:large","max-video-preview":"max-video-preview:-1"},"canonical":"https:\/\/thern.com\/es\/portfolio\/times-square\/","og_locale":"es_ES","og_type":"article","og_title":"Cabrestante para el descenso de la bola de Times Square - Proyectos de ingenier\u00eda a medida | Thern, Inc.","og_description":"El descenso de la bola en Nochevieja en la neoyorquina Times Square se realiza con un cabrestante industrial Thern construido a medida para esta aplicaci\u00f3n.","og_url":"https:\/\/thern.com\/es\/portfolio\/times-square\/","og_site_name":"Thern\u00ae Winches &amp; Cranes","article_publisher":"https:\/\/www.facebook.com\/ThernInc\/","article_modified_time":"2023-09-26T16:18:03+00:00","twitter_card":"summary_large_image","twitter_misc":{"Tiempo de lectura":"2 minutos"},"schema":{"@context":"https:\/\/schema.org","@graph":[{"@type":"WebPage","@id":"https:\/\/thern.com\/es\/portfolio\/times-square\/","url":"https:\/\/thern.com\/es\/portfolio\/times-square\/","name":"Cabrestante para el descenso de la bola de Times Square - Proyectos de ingenier\u00eda a medida | Thern, Inc.","isPartOf":{"@id":"https:\/\/thern.com\/es\/#website"},"datePublished":"2023-08-03T15:27:46+00:00","dateModified":"2023-09-26T16:18:03+00:00","description":"El descenso de la bola en Nochevieja en la neoyorquina Times Square se realiza con un cabrestante industrial Thern construido a medida para esta aplicaci\u00f3n.","breadcrumb":{"@id":"https:\/\/thern.com\/es\/portfolio\/times-square\/#breadcrumb"},"inLanguage":"es","potentialAction":[{"@type":"ReadAction","target":["https:\/\/thern.com\/es\/portfolio\/times-square\/"]}]},{"@type":"BreadcrumbList","@id":"https:\/\/thern.com\/es\/portfolio\/times-square\/#breadcrumb","itemListElement":[{"@type":"ListItem","position":1,"name":"Home","item":"https:\/\/thern.com\/es\/"},{"@type":"ListItem","position":2,"name":"Portfolio","item":"https:\/\/thern.com\/es\/portfolio\/"},{"@type":"ListItem","position":3,"name":"Times Square"}]},{"@type":"WebSite","@id":"https:\/\/thern.com\/es\/#website","url":"https:\/\/thern.com\/es\/","name":"Thern\u00ae Winches &amp; Cranes","description":"Leave the Heavy Lifting to Us","publisher":{"@id":"https:\/\/thern.com\/es\/#organization"},"potentialAction":[{"@type":"SearchAction","target":{"@type":"EntryPoint","urlTemplate":"https:\/\/thern.com\/es\/?s={search_term_string}"},"query-input":{"@type":"PropertyValueSpecification","valueRequired":true,"valueName":"search_term_string"}}],"inLanguage":"es"},{"@type":"Organization","@id":"https:\/\/thern.com\/es\/#organization","name":"Thern\u00ae Winches &amp; Cranes","url":"https:\/\/thern.com\/es\/","logo":{"@type":"ImageObject","inLanguage":"es","@id":"https:\/\/thern.com\/es\/#\/schema\/logo\/image\/","url":"https:\/\/thern.com\/wp-content\/uploads\/2023\/11\/Logo_SaveForWeb-outline-FINAL-01.svg","contentUrl":"https:\/\/thern.com\/wp-content\/uploads\/2023\/11\/Logo_SaveForWeb-outline-FINAL-01.svg","caption":"Thern\u00ae Winches &amp; Cranes"},"image":{"@id":"https:\/\/thern.com\/es\/#\/schema\/logo\/image\/"},"sameAs":["https:\/\/www.facebook.com\/ThernInc\/","https:\/\/www.linkedin.com\/company\/thern-inc-\/","https:\/\/www.youtube.com\/user\/ThernStage"]}]}},"_links":{"self":[{"href":"https:\/\/thern.com\/es\/wp-json\/wp\/v2\/pages\/30121","targetHints":{"allow":["GET"]}}],"collection":[{"href":"https:\/\/thern.com\/es\/wp-json\/wp\/v2\/pages"}],"about":[{"href":"https:\/\/thern.com\/es\/wp-json\/wp\/v2\/types\/page"}],"author":[{"embeddable":true,"href":"https:\/\/thern.com\/es\/wp-json\/wp\/v2\/users\/1"}],"replies":[{"embeddable":true,"href":"https:\/\/thern.com\/es\/wp-json\/wp\/v2\/comments?post=30121"}],"version-history":[{"count":0,"href":"https:\/\/thern.com\/es\/wp-json\/wp\/v2\/pages\/30121\/revisions"}],"up":[{"embeddable":true,"href":"https:\/\/thern.com\/es\/wp-json\/wp\/v2\/pages\/30094"}],"wp:attachment":[{"href":"https:\/\/thern.com\/es\/wp-json\/wp\/v2\/media?parent=30121"}],"curies":[{"name":"wp","href":"https:\/\/api.w.org\/{rel}","templated":true}]}}