{"id":30094,"date":"2023-07-12T16:52:07","date_gmt":"2023-07-12T16:52:07","guid":{"rendered":"https:\/\/therninc.wpenginepowered.com\/portfolio\/"},"modified":"2023-11-01T18:43:00","modified_gmt":"2023-11-01T18:43:00","slug":"portfolio","status":"publish","type":"page","link":"https:\/\/thern.com\/es\/portfolio\/","title":{"rendered":"Portfolio"},"content":{"rendered":"<div class=\"wpb-content-wrapper\"><p>[vc_section full_width=\u00bbstretch_row\u00bb full_height=\u00bbyes\u00bb content_placement=\u00bbbottom\u00bb css=\u00bb.vc_custom_1689181163916{background-image: url(https:\/\/thern.com\/wp-content\/uploads\/2023\/07\/Thern-Inc_Portfolio-Hero.jpg?id=481) !important;background-position: center !important;background-repeat: no-repeat !important;background-size: cover !important;}\u00bb][vc_row full_width=\u00bbstretch_row\u00bb css=\u00bb.vc_custom_1689100740503{padding-bottom: 95px !important;background-color: rgba(0,0,0,0.5) !important;*background-color: rgb(0,0,0) !important;}\u00bb][vc_column][vc_custom_heading text=\u00bbCartera\u00bb font_container=\u00bbtag:h1|text_align:left|color:%23ffffff\u00bb use_theme_fonts=\u00bbyes\u00bb css_animation=\u00bbfadeInLeft\u00bb][\/vc_column][\/vc_row][\/vc_section][vc_row full_width=\u00bbstretch_row\u00bb equal_height=\u00bbyes\u00bb content_placement=\u00bbmiddle\u00bb css=\u00bb.vc_custom_1689180629506{padding-bottom: 35px !important;background-color: #c71a32 !important;}\u00bb][vc_column css_animation=\u00bbfadeInLeft\u00bb width=\u00bb1\/2&#8243;][vc_custom_heading text=\u00bbTHERN WINCH Y GR\u00daA PROYECTOS\u00bb font_container=\u00bbtag:h2|text_align:left|color:%23ffffff\u00bb use_theme_fonts=\u00bbyes\u00bb][\/vc_column][vc_column css_animation=\u00bbfadeInRight\u00bb width=\u00bb1\/2&#8243;][vc_column_text css=\u00bb.vc_custom_1695743798126{margin-bottom: 0px !important;}\u00bb]<span style=\"color: #ffffff;\">Thern gr\u00faas y cabrestantes juegan papeles vitales en el coraz\u00f3n de algunas de las industrias m\u00e1s grandes de Estados Unidos y los proyectos de alto perfil. Cuando los trabajos dif\u00edciles exigen el mejor funcionamiento, la reputaci\u00f3n de Thern para la excelencia es bien sabido. Con la maestr\u00eda para modificar nuestros productos para requisitos particulares a las especificaciones \u00fanicas del cliente, las aplicaciones para Thern las gr\u00faas y los tornos son sin fin.<\/span>[\/vc_column_text][\/vc_column][\/vc_row][vc_row full_width=\u00bbstretch_row\u00bb equal_height=\u00bbyes\u00bb content_placement=\u00bbmiddle\u00bb css=\u00bb.vc_custom_1689181121051{background-color: #ececec !important;}\u00bb][vc_column css_animation=\u00bbfadeInUp\u00bb width=\u00bb1\/2&#8243;][vc_custom_heading text=\u00bb\u00a1EXPLORE NUESTRAS SOLUCIONES DE ELEVACI\u00d3N \u00daNICAS Y PERSONALIZADAS, DISE\u00d1ADAS E IMPLEMENTADAS EN UNA AMPLIA VARIEDAD DE APLICACIONES A CONTINUACI\u00d3N!\u00bb font_container=\u00bbtag:h6|text_align:left|color:%23990000&#8243; use_theme_fonts=\u00bbyes\u00bb][\/vc_column][vc_column width=\u00bb1\/2&#8243;][\/vc_column][\/vc_row][vc_section][vc_row full_width=\u00bbstretch_row\u00bb gap=\u00bb3&#8243; css_animation=\u00bbnone\u00bb el_class=\u00bbindustries-row white-arrow\u00bb css=\u00bb.vc_custom_1698864170798{background-color: #ececec !important;}\u00bb][vc_column css_animation=\u00bbfadeInUp\u00bb width=\u00bb1\/3&#8243; css=\u00bb.vc_custom_1695047052969{background-image: url(https:\/\/thern.com\/wp-content\/uploads\/2023\/07\/Thern-TimesSquare.jpg?id=490) !important;background-position: center !important;background-repeat: no-repeat !important;background-size: cover !important;}\u00bb][vc_custom_heading text=\u00bbTimes<br \/>\nSquare\u00bb font_container=\u00bbtag:h5|text_align:left|color:%23ffffff\u00bb use_theme_fonts=\u00bbyes\u00bb link=\u00bburl:%2Fes%2Fportfolio%2Ftimes-square%2F|title:View%20Times%20Square%20Portfolio\u00bb][\/vc_column][vc_column css_animation=\u00bbfadeInUp\u00bb width=\u00bb1\/3&#8243; css=\u00bb.vc_custom_1698781803422{background-image: url(https:\/\/thern.com\/wp-content\/uploads\/2023\/10\/Thern_Germany-WW-Treatment-Plant_One.jpg?id=32616) !important;background-position: center !important;background-repeat: no-repeat !important;background-size: cover !important;}\u00bb][vc_custom_heading text=\u00bbGermany<br \/>\nWastewater<br \/>\nTreatment<br \/>\nPlant\u00bb font_container=\u00bbtag:h5|text_align:left|color:%23ffffff\u00bb use_theme_fonts=\u00bbyes\u00bb link=\u00bburl:%2Fes%2Fportfolio%2Fgermany-wastewater-treatment-plant%2F|title:View%20Germany%20Wastewater%20Treatment%20Plant\u00bb][\/vc_column][vc_column css_animation=\u00bbfadeInUp\u00bb width=\u00bb1\/3&#8243; css=\u00bb.vc_custom_1695047062315{background-image: url(https:\/\/thern.com\/wp-content\/uploads\/2023\/07\/areostatproduction1.jpg?id=494) !important;background-position: center !important;background-repeat: no-repeat !important;background-size: cover !important;}\u00bb][vc_custom_heading text=\u00bbWaupaca<br \/>\nFoundry\u00bb font_container=\u00bbtag:h5|text_align:left|color:%23ffffff\u00bb use_theme_fonts=\u00bbyes\u00bb link=\u00bburl:%2Fes%2Fportfolio%2Fwaupaca-foundry%2F|title:View%20Waepaca%20Foundry%20Portfolio\u00bb][\/vc_column][\/vc_row][vc_row full_width=\u00bbstretch_row\u00bb gap=\u00bb3&#8243; css_animation=\u00bbnone\u00bb el_class=\u00bbindustries-row white-arrow\u00bb css=\u00bb.vc_custom_1698864176039{background-color: #ececec !important;}\u00bb][vc_column css_animation=\u00bbfadeInUp\u00bb width=\u00bb1\/3&#8243; css=\u00bb.vc_custom_1695047111637{background-image: url(https:\/\/thern.com\/wp-content\/uploads\/2023\/07\/shuttle-pad4.jpg?id=506) !important;background-position: center !important;background-repeat: no-repeat !important;background-size: cover !important;}\u00bb][vc_custom_heading text=\u00bbNASA<br \/>\nShuttle<br \/>\nPad\u00bb font_container=\u00bbtag:h5|text_align:left|color:%23ffffff\u00bb use_theme_fonts=\u00bbyes\u00bb link=\u00bburl:%2Fes%2Fportfolio%2Fnasa-shuttle-pad%2F|title:View%20NASA%20Shuttle%20Pad%20Portfolio\u00bb][\/vc_column][vc_column css_animation=\u00bbfadeInUp\u00bb width=\u00bb1\/3&#8243; css=\u00bb.vc_custom_1695047116554{background-image: url(https:\/\/thern.com\/wp-content\/uploads\/2023\/07\/radial3.jpg?id=504) !important;background-position: center !important;background-repeat: no-repeat !important;background-size: cover !important;}\u00bb][vc_custom_heading text=\u00bbRadial<br \/>\nGravel<br \/>\nStacker\u00bb font_container=\u00bbtag:h5|text_align:left|color:%23ffffff\u00bb use_theme_fonts=\u00bbyes\u00bb link=\u00bburl:%2Fes%2Fportfolio%2Fradial-gravel-stacker%2F|title:View%20Radial%20Gravel%20Stacker%20Portfolio\u00bb][\/vc_column][vc_column css_animation=\u00bbfadeInUp\u00bb width=\u00bb1\/3&#8243; css=\u00bb.vc_custom_1695047121233{background-image: url(https:\/\/thern.com\/wp-content\/uploads\/2023\/07\/BARGE-POSITIONING4.jpg?id=500) !important;background-position: center !important;background-repeat: no-repeat !important;background-size: cover !important;}\u00bb][vc_custom_heading text=\u00bbBarge<br \/>\nPositioning\u00bb font_container=\u00bbtag:h5|text_align:left|color:%23ffffff\u00bb use_theme_fonts=\u00bbyes\u00bb link=\u00bburl:%2Fes%2Fportfolio%2Fbarge-positioning%2F|title:View%20Barge%20Positioning%20Portfolio\u00bb][\/vc_column][\/vc_row][vc_row full_width=\u00bbstretch_row\u00bb gap=\u00bb3&#8243; css_animation=\u00bbnone\u00bb el_class=\u00bbindustries-row white-arrow\u00bb css=\u00bb.vc_custom_1698864181747{background-color: #ececec !important;}\u00bb][vc_column css_animation=\u00bbfadeInUp\u00bb width=\u00bb1\/3&#8243; css=\u00bb.vc_custom_1698781824646{background-image: url(https:\/\/thern.com\/wp-content\/uploads\/2023\/10\/Thern_Gantry-Davit-Crane_Four.jpg?id=32690) !important;background-position: center !important;background-repeat: no-repeat !important;background-size: cover !important;}\u00bb][vc_custom_heading text=\u00bbGantry<br \/>\nDavit Crane\u00bb font_container=\u00bbtag:h5|text_align:left|color:%23ffffff\u00bb use_theme_fonts=\u00bbyes\u00bb link=\u00bburl:%2Fes%2Fportfolio%2Fgantry-davit-crane%2F|title:View%20Gantry%20Davit%20Crane\u00bb][\/vc_column][vc_column css_animation=\u00bbfadeInUp\u00bb width=\u00bb1\/3&#8243; css=\u00bb.vc_custom_1698782107938{background-image: url(https:\/\/thern.com\/wp-content\/uploads\/2023\/10\/Thern_Winch-Aerospace_Three.jpg?id=32712) !important;background-position: center !important;background-repeat: no-repeat !important;background-size: cover !important;}\u00bb][vc_custom_heading text=\u00bbSpain Winch<br \/>\nfor Aerospace\u00bb font_container=\u00bbtag:h5|text_align:left|color:%23ffffff\u00bb use_theme_fonts=\u00bbyes\u00bb link=\u00bburl:%2Fes%2Fportfolio%2Fspain-winch-for-aerospace%2F|title:Spain%20Winch%20for%20Aerospace\u00bb][\/vc_column][vc_column css_animation=\u00bbfadeInUp\u00bb width=\u00bb1\/3&#8243; css=\u00bb.vc_custom_1698782165141{background-image: url(https:\/\/thern.com\/wp-content\/uploads\/2023\/10\/Thern_Luxemburg-Wastewater_One.jpg?id=32755) !important;background-position: center !important;background-repeat: no-repeat !important;background-size: cover !important;}\u00bb][vc_custom_heading text=\u00bbLuxemburg<br \/>\nWastewater<br \/>\nTreatment<br \/>\nPlant\u00bb font_container=\u00bbtag:h5|text_align:left|color:%23ffffff\u00bb use_theme_fonts=\u00bbyes\u00bb link=\u00bburl:%2Fes%2Fportfolio%2Fluxemburg-wastewater-treatment-plant%2F|title:Luxemburg%20Wastewater%20Treatment%20Plant\u00bb][\/vc_column][\/vc_row][vc_row full_width=\u00bbstretch_row\u00bb gap=\u00bb3&#8243; css_animation=\u00bbnone\u00bb el_class=\u00bbindustries-row white-arrow\u00bb css=\u00bb.vc_custom_1698864186357{background-color: #ececec !important;}\u00bb][vc_column css_animation=\u00bbfadeInUp\u00bb width=\u00bb1\/3&#8243; css=\u00bb.vc_custom_1698782213609{background-image: url(https:\/\/thern.com\/wp-content\/uploads\/2023\/10\/Thern_Nachtmanderscheid_Seven.jpg?id=32919) !important;background-position: center !important;background-repeat: no-repeat !important;background-size: cover !important;}\u00bb][vc_custom_heading text=\u00bbLuxemburg<br \/>\nWastewater<br \/>\nNachtmander-<br \/>\nscheid and<br \/>\nPutscheid\u00bb font_container=\u00bbtag:h5|text_align:left|color:%23ffffff\u00bb use_theme_fonts=\u00bbyes\u00bb link=\u00bburl:%2Fes%2Fportfolio%2Fluxemburg-wastewater-nachtmanderscheid-putscheid%2F|title:View%20Luxemburg%20Wastewater%20Nachtmanderscheid%20and%20Putscheid\u00bb][\/vc_column][vc_column css_animation=\u00bbfadeInUp\u00bb width=\u00bb1\/3&#8243; css=\u00bb.vc_custom_1698782238184{background-image: url(https:\/\/thern.com\/wp-content\/uploads\/2023\/10\/Thern_Spain-WW-Meat-Process_One.jpg?id=32973) !important;background-position: center !important;background-repeat: no-repeat !important;background-size: cover !important;}\u00bb][vc_custom_heading text=\u00bbSpain<br \/>\nWastewater<br \/>\nfor Meat<br \/>\nProcessing\u00bb font_container=\u00bbtag:h5|text_align:left|color:%23ffffff\u00bb use_theme_fonts=\u00bbyes\u00bb link=\u00bburl:%2Fes%2Fportfolio%2Fspain-wastewater-for-meat-processing%2F|title:View%20Spain%20Wastewater%20for%20Meat%20Processing\u00bb][\/vc_column][vc_column css_animation=\u00bbfadeInUp\u00bb width=\u00bb1\/3&#8243; css=\u00bb.vc_custom_1698782262751{background-image: url(https:\/\/thern.com\/wp-content\/uploads\/2023\/10\/Thern_Denmark-WW-Treatment_Seven.jpg?id=33005) !important;background-position: center !important;background-repeat: no-repeat !important;background-size: cover !important;}\u00bb][vc_custom_heading text=\u00bbDenmark<br \/>\nWastewater<br \/>\nTreatment<br \/>\nAalborg\u00bb font_container=\u00bbtag:h5|text_align:left|color:%23ffffff\u00bb use_theme_fonts=\u00bbyes\u00bb link=\u00bburl:%2Fes%2Fportfolio%2Fdenmark-wastewater-treatment-aalborg%2F|title:View%20Denmark%20Wastewater%20Treatment%20Aalborg\u00bb][\/vc_column][\/vc_row][vc_row full_width=\u00bbstretch_row\u00bb gap=\u00bb3&#8243; css_animation=\u00bbnone\u00bb el_class=\u00bbindustries-row white-arrow\u00bb css=\u00bb.vc_custom_1698864191385{padding-bottom: 35px !important;background-color: #ececec !important;}\u00bb][vc_column css_animation=\u00bbfadeInUp\u00bb width=\u00bb1\/3&#8243; css=\u00bb.vc_custom_1698782280131{background-image: url(https:\/\/thern.com\/wp-content\/uploads\/2023\/10\/Thern_Spain-Scotland-Renewable-Energy_Five.jpg?id=33065) !important;background-position: center !important;background-repeat: no-repeat !important;background-size: cover !important;}\u00bb][vc_custom_heading text=\u00bbSpain<br \/>\nand Scotland<br \/>\nRenewable<br \/>\nEnergy\u00bb font_container=\u00bbtag:h5|text_align:left|color:%23ffffff\u00bb use_theme_fonts=\u00bbyes\u00bb link=\u00bburl:%2Fes%2Fportfolio%2Fspain-scotland-renewable-energy%2F|title:View%20Spain%20and%20Scotland%20Renewable%20Energy\u00bb][\/vc_column][vc_column css_animation=\u00bbfadeInUp\u00bb width=\u00bb1\/3&#8243; css=\u00bb.vc_custom_1698782302025{background-image: url(https:\/\/thern.com\/wp-content\/uploads\/2023\/10\/Thern_Ireland-Atex-Rated-Zone_Two.jpg?id=33124) !important;background-position: center !important;background-repeat: no-repeat !important;background-size: cover !important;}\u00bb][vc_custom_heading text=\u00bbIreland<br \/>\nAtex<br \/>\nRated Zone\u00bb font_container=\u00bbtag:h5|text_align:left|color:%23ffffff\u00bb use_theme_fonts=\u00bbyes\u00bb link=\u00bburl:%2Fes%2Fportfolio%2Fireland-atex-rated-zone%2F|title:View%20Ireland%20Atex%20Rated%20Zone\u00bb][\/vc_column][vc_column css_animation=\u00bbfadeInUp\u00bb width=\u00bb1\/3&#8243; css=\u00bb.vc_custom_1698782317262{background-image: url(https:\/\/thern.com\/wp-content\/uploads\/2023\/10\/Thern_United-Arab-Fire-Truck_One.jpg?id=33159) !important;background-position: center !important;background-repeat: no-repeat !important;background-size: cover !important;}\u00bb][vc_custom_heading text=\u00bbUnited Arab<br \/>\nEmirate<br \/>\nBristol<br \/>\nFire Truck\u00bb font_container=\u00bbtag:h5|text_align:left|color:%23ffffff\u00bb use_theme_fonts=\u00bbyes\u00bb link=\u00bburl:%2Fes%2Fportfolio%2Funited-arab-emirates-bristol-fire-truck%2F|title:View%20United%20Arab%20Emirates%20Bristol%20Fire%20Truck\u00bb][\/vc_column][\/vc_row][\/vc_section][vc_row css=\u00bb.vc_custom_1689183432752{padding-top: 35px !important;padding-bottom: 35px !important;}\u00bb][vc_column width=\u00bb1\/6&#8243;][\/vc_column][vc_column css_animation=\u00bbfadeInUp\u00bb width=\u00bb4\/6&#8243;][vc_custom_heading text=\u00bbEstamos aqu\u00ed para ayudar\u00bb font_container=\u00bbtag:h2|text_align:center|color:%230a0a0a\u00bb use_theme_fonts=\u00bbyes\u00bb css=\u00bb.vc_custom_1695755697143{margin-bottom: 0px !important;}\u00bb][vc_column_text css=\u00bb.vc_custom_1695755703222{margin-bottom: 25px !important;}\u00bb]<\/p>\n<p style=\"text-align: center;\">\u00bfTiene preguntas? El amable y experto personal de ventas y servicio de Thern est\u00e1 dispuesto a ayudarle.<\/p>\n<p>[\/vc_column_text][vc_btn title=\u00bbContacta con nosotros\u00bb style=\u00bbcustom\u00bb custom_background=\u00bb#c71a32&#8243; custom_text=\u00bb#ffffff\u00bb shape=\u00bbsquare\u00bb size=\u00bblg\u00bb align=\u00bbcenter\u00bb i_align=\u00bbright\u00bb i_icon_fontawesome=\u00bbfas fa-angle-right\u00bb add_icon=\u00bbtrue\u00bb link=\u00bburl:https%3A%2F%2Fthern.com%2Fes%2Fcontact%2F|title:Contact\u00bb][\/vc_column][vc_column width=\u00bb1\/6&#8243;][\/vc_column][\/vc_row]<\/p>\n<\/div>","protected":false},"excerpt":{"rendered":"<p>[vc_section full_width=\u00bbstretch_row\u00bb full_height=\u00bbyes\u00bb content_placement=\u00bbbottom\u00bb css=\u00bb.vc_custom_1689181163916{background-image: url(https:\/\/thern.com\/wp-content\/uploads\/2023\/07\/Thern-Inc_Portfolio-Hero.jpg?id=481) !important;background-position: center !important;background-repeat: no-repeat !important;background-size: cover !important;}\u00bb][vc_row full_width=\u00bbstretch_row\u00bb css=\u00bb.vc_custom_1689100740503{padding-bottom: 95px !important;background-color: rgba(0,0,0,0.5) !important;*background-color: rgb(0,0,0) !important;}\u00bb][vc_column][vc_custom_heading text=\u00bbCartera\u00bb font_container=\u00bbtag:h1|text_align:left|color:%23ffffff\u00bb use_theme_fonts=\u00bbyes\u00bb css_animation=\u00bbfadeInLeft\u00bb][\/vc_column][\/vc_row][\/vc_section][vc_row full_width=\u00bbstretch_row\u00bb equal_height=\u00bbyes\u00bb content_placement=\u00bbmiddle\u00bb css=\u00bb.vc_custom_1689180629506{padding-bottom: 35px !important;background-color: #c71a32 !important;}\u00bb][vc_column css_animation=\u00bbfadeInLeft\u00bb width=\u00bb1\/2&#8243;][vc_custom_heading text=\u00bbTHERN WINCH Y GR\u00daA PROYECTOS\u00bb font_container=\u00bbtag:h2|text_align:left|color:%23ffffff\u00bb use_theme_fonts=\u00bbyes\u00bb][\/vc_column][vc_column css_animation=\u00bbfadeInRight\u00bb width=\u00bb1\/2&#8243;][vc_column_text css=\u00bb.vc_custom_1695743798126{margin-bottom: 0px !important;}\u00bb]Thern gr\u00faas y cabrestantes juegan papeles vitales en el &#8230; <a title=\"Portfolio\" class=\"read-more\" href=\"https:\/\/thern.com\/es\/portfolio\/\" aria-label=\"More on Portfolio\">Read more<\/a><\/p>\n","protected":false},"author":1,"featured_media":0,"parent":0,"menu_order":0,"comment_status":"closed","ping_status":"closed","template":"","meta":{"footnotes":""},"class_list":["post-30094","page","type-page","status-publish"],"yoast_head":"<!-- This site is optimized with the Yoast SEO plugin v27.3 - https:\/\/yoast.com\/product\/yoast-seo-wordpress\/ -->\n<title>Thern, Inc: Nuestro portafolio - Explore nuestros proyectos de cabrestantes y gr\u00faas<\/title>\n<meta name=\"description\" content=\"Las soluciones de elevaci\u00f3n \u00fanicas y personalizadas de Thern se han dise\u00f1ado e implementado en una amplia variedad de aplicaciones e industrias. \u00a1Explora nuestros proyectos!\" \/>\n<meta name=\"robots\" content=\"index, follow, max-snippet:-1, max-image-preview:large, max-video-preview:-1\" \/>\n<link rel=\"canonical\" href=\"https:\/\/thern.com\/es\/portfolio\/\" \/>\n<meta property=\"og:locale\" content=\"es_ES\" \/>\n<meta property=\"og:type\" content=\"article\" \/>\n<meta property=\"og:title\" content=\"Thern, Inc: Nuestro portafolio - Explore nuestros proyectos de cabrestantes y gr\u00faas\" \/>\n<meta property=\"og:description\" content=\"Las soluciones de elevaci\u00f3n \u00fanicas y personalizadas de Thern se han dise\u00f1ado e implementado en una amplia variedad de aplicaciones e industrias. \u00a1Explora nuestros proyectos!\" \/>\n<meta property=\"og:url\" content=\"https:\/\/thern.com\/es\/portfolio\/\" \/>\n<meta property=\"og:site_name\" content=\"Thern\u00ae Winches &amp; Cranes\" \/>\n<meta property=\"article:publisher\" content=\"https:\/\/www.facebook.com\/ThernInc\/\" \/>\n<meta property=\"article:modified_time\" content=\"2023-11-01T18:43:00+00:00\" \/>\n<meta name=\"twitter:card\" content=\"summary_large_image\" \/>\n<meta name=\"twitter:label1\" content=\"Tiempo de lectura\" \/>\n\t<meta name=\"twitter:data1\" content=\"3 minutos\" \/>\n<script type=\"application\/ld+json\" class=\"yoast-schema-graph\">{\"@context\":\"https:\\\/\\\/schema.org\",\"@graph\":[{\"@type\":\"WebPage\",\"@id\":\"https:\\\/\\\/thern.com\\\/es\\\/portfolio\\\/\",\"url\":\"https:\\\/\\\/thern.com\\\/es\\\/portfolio\\\/\",\"name\":\"Thern, Inc: Nuestro portafolio - Explore nuestros proyectos de cabrestantes y gr\u00faas\",\"isPartOf\":{\"@id\":\"https:\\\/\\\/thern.com\\\/es\\\/#website\"},\"datePublished\":\"2023-07-12T16:52:07+00:00\",\"dateModified\":\"2023-11-01T18:43:00+00:00\",\"description\":\"Las soluciones de elevaci\u00f3n \u00fanicas y personalizadas de Thern se han dise\u00f1ado e implementado en una amplia variedad de aplicaciones e industrias. \u00a1Explora nuestros proyectos!\",\"breadcrumb\":{\"@id\":\"https:\\\/\\\/thern.com\\\/es\\\/portfolio\\\/#breadcrumb\"},\"inLanguage\":\"es\",\"potentialAction\":[{\"@type\":\"ReadAction\",\"target\":[\"https:\\\/\\\/thern.com\\\/es\\\/portfolio\\\/\"]}]},{\"@type\":\"BreadcrumbList\",\"@id\":\"https:\\\/\\\/thern.com\\\/es\\\/portfolio\\\/#breadcrumb\",\"itemListElement\":[{\"@type\":\"ListItem\",\"position\":1,\"name\":\"Home\",\"item\":\"https:\\\/\\\/thern.com\\\/es\\\/\"},{\"@type\":\"ListItem\",\"position\":2,\"name\":\"Portfolio\"}]},{\"@type\":\"WebSite\",\"@id\":\"https:\\\/\\\/thern.com\\\/es\\\/#website\",\"url\":\"https:\\\/\\\/thern.com\\\/es\\\/\",\"name\":\"Thern\u00ae Winches &amp; Cranes\",\"description\":\"Leave the Heavy Lifting to Us\",\"publisher\":{\"@id\":\"https:\\\/\\\/thern.com\\\/es\\\/#organization\"},\"potentialAction\":[{\"@type\":\"SearchAction\",\"target\":{\"@type\":\"EntryPoint\",\"urlTemplate\":\"https:\\\/\\\/thern.com\\\/es\\\/?s={search_term_string}\"},\"query-input\":{\"@type\":\"PropertyValueSpecification\",\"valueRequired\":true,\"valueName\":\"search_term_string\"}}],\"inLanguage\":\"es\"},{\"@type\":\"Organization\",\"@id\":\"https:\\\/\\\/thern.com\\\/es\\\/#organization\",\"name\":\"Thern\u00ae Winches &amp; Cranes\",\"url\":\"https:\\\/\\\/thern.com\\\/es\\\/\",\"logo\":{\"@type\":\"ImageObject\",\"inLanguage\":\"es\",\"@id\":\"https:\\\/\\\/thern.com\\\/es\\\/#\\\/schema\\\/logo\\\/image\\\/\",\"url\":\"https:\\\/\\\/thern.com\\\/wp-content\\\/uploads\\\/2023\\\/11\\\/Logo_SaveForWeb-outline-FINAL-01.svg\",\"contentUrl\":\"https:\\\/\\\/thern.com\\\/wp-content\\\/uploads\\\/2023\\\/11\\\/Logo_SaveForWeb-outline-FINAL-01.svg\",\"caption\":\"Thern\u00ae Winches &amp; Cranes\"},\"image\":{\"@id\":\"https:\\\/\\\/thern.com\\\/es\\\/#\\\/schema\\\/logo\\\/image\\\/\"},\"sameAs\":[\"https:\\\/\\\/www.facebook.com\\\/ThernInc\\\/\",\"https:\\\/\\\/www.linkedin.com\\\/company\\\/thern-inc-\\\/\",\"https:\\\/\\\/www.youtube.com\\\/user\\\/ThernStage\"]}]}<\/script>\n<!-- \/ Yoast SEO plugin. -->","yoast_head_json":{"title":"Thern, Inc: Nuestro portafolio - Explore nuestros proyectos de cabrestantes y gr\u00faas","description":"Las soluciones de elevaci\u00f3n \u00fanicas y personalizadas de Thern se han dise\u00f1ado e implementado en una amplia variedad de aplicaciones e industrias. \u00a1Explora nuestros proyectos!","robots":{"index":"index","follow":"follow","max-snippet":"max-snippet:-1","max-image-preview":"max-image-preview:large","max-video-preview":"max-video-preview:-1"},"canonical":"https:\/\/thern.com\/es\/portfolio\/","og_locale":"es_ES","og_type":"article","og_title":"Thern, Inc: Nuestro portafolio - Explore nuestros proyectos de cabrestantes y gr\u00faas","og_description":"Las soluciones de elevaci\u00f3n \u00fanicas y personalizadas de Thern se han dise\u00f1ado e implementado en una amplia variedad de aplicaciones e industrias. \u00a1Explora nuestros proyectos!","og_url":"https:\/\/thern.com\/es\/portfolio\/","og_site_name":"Thern\u00ae Winches &amp; Cranes","article_publisher":"https:\/\/www.facebook.com\/ThernInc\/","article_modified_time":"2023-11-01T18:43:00+00:00","twitter_card":"summary_large_image","twitter_misc":{"Tiempo de lectura":"3 minutos"},"schema":{"@context":"https:\/\/schema.org","@graph":[{"@type":"WebPage","@id":"https:\/\/thern.com\/es\/portfolio\/","url":"https:\/\/thern.com\/es\/portfolio\/","name":"Thern, Inc: Nuestro portafolio - Explore nuestros proyectos de cabrestantes y gr\u00faas","isPartOf":{"@id":"https:\/\/thern.com\/es\/#website"},"datePublished":"2023-07-12T16:52:07+00:00","dateModified":"2023-11-01T18:43:00+00:00","description":"Las soluciones de elevaci\u00f3n \u00fanicas y personalizadas de Thern se han dise\u00f1ado e implementado en una amplia variedad de aplicaciones e industrias. \u00a1Explora nuestros proyectos!","breadcrumb":{"@id":"https:\/\/thern.com\/es\/portfolio\/#breadcrumb"},"inLanguage":"es","potentialAction":[{"@type":"ReadAction","target":["https:\/\/thern.com\/es\/portfolio\/"]}]},{"@type":"BreadcrumbList","@id":"https:\/\/thern.com\/es\/portfolio\/#breadcrumb","itemListElement":[{"@type":"ListItem","position":1,"name":"Home","item":"https:\/\/thern.com\/es\/"},{"@type":"ListItem","position":2,"name":"Portfolio"}]},{"@type":"WebSite","@id":"https:\/\/thern.com\/es\/#website","url":"https:\/\/thern.com\/es\/","name":"Thern\u00ae Winches &amp; Cranes","description":"Leave the Heavy Lifting to Us","publisher":{"@id":"https:\/\/thern.com\/es\/#organization"},"potentialAction":[{"@type":"SearchAction","target":{"@type":"EntryPoint","urlTemplate":"https:\/\/thern.com\/es\/?s={search_term_string}"},"query-input":{"@type":"PropertyValueSpecification","valueRequired":true,"valueName":"search_term_string"}}],"inLanguage":"es"},{"@type":"Organization","@id":"https:\/\/thern.com\/es\/#organization","name":"Thern\u00ae Winches &amp; Cranes","url":"https:\/\/thern.com\/es\/","logo":{"@type":"ImageObject","inLanguage":"es","@id":"https:\/\/thern.com\/es\/#\/schema\/logo\/image\/","url":"https:\/\/thern.com\/wp-content\/uploads\/2023\/11\/Logo_SaveForWeb-outline-FINAL-01.svg","contentUrl":"https:\/\/thern.com\/wp-content\/uploads\/2023\/11\/Logo_SaveForWeb-outline-FINAL-01.svg","caption":"Thern\u00ae Winches &amp; Cranes"},"image":{"@id":"https:\/\/thern.com\/es\/#\/schema\/logo\/image\/"},"sameAs":["https:\/\/www.facebook.com\/ThernInc\/","https:\/\/www.linkedin.com\/company\/thern-inc-\/","https:\/\/www.youtube.com\/user\/ThernStage"]}]}},"_links":{"self":[{"href":"https:\/\/thern.com\/es\/wp-json\/wp\/v2\/pages\/30094","targetHints":{"allow":["GET"]}}],"collection":[{"href":"https:\/\/thern.com\/es\/wp-json\/wp\/v2\/pages"}],"about":[{"href":"https:\/\/thern.com\/es\/wp-json\/wp\/v2\/types\/page"}],"author":[{"embeddable":true,"href":"https:\/\/thern.com\/es\/wp-json\/wp\/v2\/users\/1"}],"replies":[{"embeddable":true,"href":"https:\/\/thern.com\/es\/wp-json\/wp\/v2\/comments?post=30094"}],"version-history":[{"count":0,"href":"https:\/\/thern.com\/es\/wp-json\/wp\/v2\/pages\/30094\/revisions"}],"wp:attachment":[{"href":"https:\/\/thern.com\/es\/wp-json\/wp\/v2\/media?parent=30094"}],"curies":[{"name":"wp","href":"https:\/\/api.w.org\/{rel}","templated":true}]}}