{"id":30065,"date":"2023-08-08T19:20:41","date_gmt":"2023-08-08T19:20:41","guid":{"rendered":"https:\/\/therninc.wpenginepowered.com\/testimonials\/"},"modified":"2023-09-26T22:59:08","modified_gmt":"2023-09-26T22:59:08","slug":"testimonials","status":"publish","type":"page","link":"https:\/\/thern.com\/es\/testimonials\/","title":{"rendered":"Testimonials"},"content":{"rendered":"<div class=\"wpb-content-wrapper\"><p>[vc_section full_width=\u00bbstretch_row\u00bb full_height=\u00bbyes\u00bb content_placement=\u00bbbottom\u00bb css=\u00bb.vc_custom_1690487607663{background-image: url(https:\/\/thern.com\/wp-content\/uploads\/2023\/07\/Thern-Inc-Thern-Advantage-Hero.jpg?id=559) !important;background-position: center !important;background-repeat: no-repeat !important;background-size: cover !important;}\u00bb][vc_row full_width=\u00bbstretch_row\u00bb css=\u00bb.vc_custom_1690487583285{padding-bottom: 95px !important;background-color: rgba(0,0,0,0.5) !important;*background-color: rgb(0,0,0) !important;}\u00bb][vc_column][vc_custom_heading text=\u00bbTESTIMONIOS\u00bb font_container=\u00bbtag:h1|text_align:left|color:%23ffffff\u00bb use_theme_fonts=\u00bbyes\u00bb css_animation=\u00bbfadeInLeft\u00bb][\/vc_column][\/vc_row][\/vc_section][vc_row full_width=\u00bbstretch_row\u00bb equal_height=\u00bbyes\u00bb content_placement=\u00bbmiddle\u00bb css=\u00bb.vc_custom_1689180629506{padding-bottom: 35px !important;background-color: #c71a32 !important;}\u00bb][vc_column css_animation=\u00bbfadeInLeft\u00bb width=\u00bb2\/3&#8243;][vc_custom_heading text=\u00bbTHERN TESTIMONIOS: LO QUE DICEN NUESTROS CLIENTES\u00bb font_container=\u00bbtag:h2|text_align:left|color:%23ffffff\u00bb use_theme_fonts=\u00bbyes\u00bb][\/vc_column][vc_column width=\u00bb1\/3&#8243;][\/vc_column][\/vc_row][vc_section full_width=\u00bbstretch_row\u00bb content_placement=\u00bbmiddle\u00bb css=\u00bb.vc_custom_1691522610573{background-image: url(https:\/\/thern.com\/wp-content\/uploads\/2023\/07\/Asset-1-1.png?id=566) !important;background-position: center !important;background-repeat: no-repeat !important;background-size: cover !important;}\u00bb][vc_row content_placement=\u00bbmiddle\u00bb css=\u00bb.vc_custom_1691522628514{padding-top: 15px !important;}\u00bb][vc_column width=\u00bb1\/6&#8243;][\/vc_column][vc_column width=\u00bb2\/3&#8243; el_class=\u00bbmap-content\u00bb][vc_column_text css_animation=\u00bbfadeInUp\u00bb]Las gr\u00faas y cabrestantes de Thern desempe\u00f1an funciones vitales en el coraz\u00f3n de algunas de las industrias m\u00e1s grandes y los proyectos de alto perfil de los Estados Unidos. Cuando los trabajos dif\u00edciles exigen el mejor rendimiento, la reputaci\u00f3n de excelencia de Thern es bien conocida. Con la experiencia para personalizar nuestros productos de acuerdo con las especificaciones \u00fanicas de los clientes, las aplicaciones para gr\u00faas y cabrestantes de Thern son infinitas.<\/p>\n<p><strong>\u00a1Lea lo que nuestros clientes tienen que decir haciendo clic en un proyecto a continuaci\u00f3n!<\/strong>[\/vc_column_text][\/vc_column][vc_column width=\u00bb1\/6&#8243;][\/vc_column][\/vc_row][vc_row equal_height=\u00bbyes\u00bb content_placement=\u00bbmiddle\u00bb css_animation=\u00bbfadeInUp\u00bb el_class=\u00bbtestimonial-containers\u00bb][vc_column width=\u00bb1\/5&#8243; css=\u00bb.vc_custom_1692298472713{background-image: url(https:\/\/thern.com\/wp-content\/uploads\/2023\/08\/BBC-PUMP-2.jpg?id=22895) !important;background-position: center !important;background-repeat: no-repeat !important;background-size: cover !important;}\u00bb][vc_custom_heading text=\u00bbBBC Pump &amp;<br \/>\nEquipment\u00bb font_container=\u00bbtag:h5|text_align:left|color:%23ffffff\u00bb use_theme_fonts=\u00bbyes\u00bb link=\u00bburl:%2Fes%2Ftestimonials%2Fyorktown-mixer-hoist%2F|title:BBC%20Pump%20Equipment%20Testimonial\u00bb][\/vc_column][vc_column width=\u00bb1\/5&#8243; css=\u00bb.vc_custom_1692298653030{background-image: url(https:\/\/thern.com\/wp-content\/uploads\/2023\/08\/Conexus-Arts-Centre2.jpg?id=22902) !important;background-position: center !important;background-repeat: no-repeat !important;background-size: cover !important;}\u00bb][vc_custom_heading text=\u00bbConexus Art<br \/>\nCentre\u00bb font_container=\u00bbtag:h5|text_align:left|color:%23ffffff\u00bb use_theme_fonts=\u00bbyes\u00bb link=\u00bburl:%2Fes%2Ftestimonials%2Fconexus-art-centre%2F|title:Conexus%20Art%20Centre\u00bb][\/vc_column][vc_column width=\u00bb1\/5&#8243; css=\u00bb.vc_custom_1692298662540{background-image: url(https:\/\/thern.com\/wp-content\/uploads\/2023\/08\/DJ-MACHINERY-B25-RECOVERY1.jpg?id=22901) !important;background-position: center !important;background-repeat: no-repeat !important;background-size: cover !important;}\u00bb][vc_custom_heading text=\u00bbD&amp;J Machinery<br \/>\nB25 Recovery\u00bb font_container=\u00bbtag:h5|text_align:left|color:%23ffffff\u00bb use_theme_fonts=\u00bbyes\u00bb link=\u00bburl:%2Fes%2Ftestimonials%2Fdj-machinery-b25-recovery%2F|title:DJ%20Machinery%20B25%20Recovery\u00bb][\/vc_column][vc_column width=\u00bb1\/5&#8243; css=\u00bb.vc_custom_1692298671348{background-image: url(https:\/\/thern.com\/wp-content\/uploads\/2023\/08\/corp1.jpg?id=22904) !important;background-position: center !important;background-repeat: no-repeat !important;background-size: cover !important;}\u00bb][vc_custom_heading text=\u00bbEquipcorp-<br \/>\nUnited Machine<br \/>\nTool\u00bb font_container=\u00bbtag:h5|text_align:left|color:%23ffffff\u00bb use_theme_fonts=\u00bbyes\u00bb link=\u00bburl:%2Fes%2Ftestimonials%2Fequipcorp-united-machine-tool%2F|title:Equipcorp%20United%20Machine%20Tool\u00bb][\/vc_column][vc_column width=\u00bb1\/5&#8243; css=\u00bb.vc_custom_1692298680081{background-image: url(https:\/\/thern.com\/wp-content\/uploads\/2023\/08\/Testimonial-5_1.png?id=22903) !important;background-position: center !important;background-repeat: no-repeat !important;background-size: cover !important;}\u00bb][vc_custom_heading text=\u00bbOcean Plastic<br \/>\nRecovery\u00bb font_container=\u00bbtag:h5|text_align:left|color:%23ffffff\u00bb use_theme_fonts=\u00bbyes\u00bb link=\u00bburl:%2Fes%2Ftestimonials%2Focean-plastic-recovery%2F|title:Ocean%20Plastic%20Recovery\u00bb][\/vc_column][\/vc_row][vc_row css=\u00bb.vc_custom_1692301434890{padding-top: 65px !important;padding-bottom: 65px !important;}\u00bb][vc_column css_animation=\u00bbfadeInUp\u00bb][vc_custom_heading text=\u00bb\u00a1Deja una rese\u00f1a en Google!\u00bb font_container=\u00bbtag:h2|text_align:center|color:%23000000&#8243; use_theme_fonts=\u00bbyes\u00bb css=\u00bb.vc_custom_1695742693424{padding-bottom: 25px !important;}\u00bb][vc_btn title=\u00bbDanos tu opini\u00f3n de Thern\u00bb style=\u00bbcustom\u00bb custom_background=\u00bb#c71a32&#8243; custom_text=\u00bb#ffffff\u00bb shape=\u00bbsquare\u00bb size=\u00bblg\u00bb align=\u00bbcenter\u00bb add_icon=\u00bbtrue\u00bb link=\u00bburl:https%3A%2F%2Fwww.google.com%2Fsearch%3Fq%3DThern%2C%2BInc.%2C%2B5712%2BIndustrial%2BPark%2BRd%2C%2BWinona%2C%2BMN%2B55987%26ludocid%3D10852204609138800457%23lrd%3D0x87f972d79f7318a7%3A0x969ac69835933749%2C3|title:Review%20Thern%20Today|target:_blank\u00bb][\/vc_column][\/vc_row][\/vc_section]<\/p>\n<\/div>","protected":false},"excerpt":{"rendered":"<p>[vc_section full_width=\u00bbstretch_row\u00bb full_height=\u00bbyes\u00bb content_placement=\u00bbbottom\u00bb css=\u00bb.vc_custom_1690487607663{background-image: url(https:\/\/thern.com\/wp-content\/uploads\/2023\/07\/Thern-Inc-Thern-Advantage-Hero.jpg?id=559) !important;background-position: center !important;background-repeat: no-repeat !important;background-size: cover !important;}\u00bb][vc_row full_width=\u00bbstretch_row\u00bb css=\u00bb.vc_custom_1690487583285{padding-bottom: 95px !important;background-color: rgba(0,0,0,0.5) !important;*background-color: rgb(0,0,0) !important;}\u00bb][vc_column][vc_custom_heading text=\u00bbTESTIMONIOS\u00bb font_container=\u00bbtag:h1|text_align:left|color:%23ffffff\u00bb use_theme_fonts=\u00bbyes\u00bb css_animation=\u00bbfadeInLeft\u00bb][\/vc_column][\/vc_row][\/vc_section][vc_row full_width=\u00bbstretch_row\u00bb equal_height=\u00bbyes\u00bb content_placement=\u00bbmiddle\u00bb css=\u00bb.vc_custom_1689180629506{padding-bottom: 35px !important;background-color: #c71a32 !important;}\u00bb][vc_column css_animation=\u00bbfadeInLeft\u00bb width=\u00bb2\/3&#8243;][vc_custom_heading text=\u00bbTHERN TESTIMONIOS: LO QUE DICEN NUESTROS CLIENTES\u00bb font_container=\u00bbtag:h2|text_align:left|color:%23ffffff\u00bb use_theme_fonts=\u00bbyes\u00bb][\/vc_column][vc_column width=\u00bb1\/3&#8243;][\/vc_column][\/vc_row][vc_section full_width=\u00bbstretch_row\u00bb content_placement=\u00bbmiddle\u00bb css=\u00bb.vc_custom_1691522610573{background-image: url(https:\/\/thern.com\/wp-content\/uploads\/2023\/07\/Asset-1-1.png?id=566) !important;background-position: center !important;background-repeat: no-repeat !important;background-size: cover &#8230; <a title=\"Testimonials\" class=\"read-more\" href=\"https:\/\/thern.com\/es\/testimonials\/\" aria-label=\"More on Testimonials\">Read more<\/a><\/p>\n","protected":false},"author":1,"featured_media":0,"parent":0,"menu_order":0,"comment_status":"closed","ping_status":"closed","template":"","meta":{"footnotes":""},"class_list":["post-30065","page","type-page","status-publish"],"yoast_head":"<!-- This site is optimized with the Yoast SEO plugin v27.4 - https:\/\/yoast.com\/product\/yoast-seo-wordpress\/ -->\n<title>Thern, Inc.: Testimonios: lo que dicen nuestros clientes<\/title>\n<meta name=\"description\" content=\"Las soluciones de elevaci\u00f3n exclusivas de Thern se han dise\u00f1ado e implementado en una amplia variedad de aplicaciones e industrias. \u00a1Vea los testimonios de nuestros clientes!\" \/>\n<meta name=\"robots\" content=\"index, follow, max-snippet:-1, max-image-preview:large, max-video-preview:-1\" \/>\n<link rel=\"canonical\" href=\"https:\/\/thern.com\/es\/testimonials\/\" \/>\n<meta property=\"og:locale\" content=\"es_ES\" \/>\n<meta property=\"og:type\" content=\"article\" \/>\n<meta property=\"og:title\" content=\"Thern, Inc.: Testimonios: lo que dicen nuestros clientes\" \/>\n<meta property=\"og:description\" content=\"Las soluciones de elevaci\u00f3n exclusivas de Thern se han dise\u00f1ado e implementado en una amplia variedad de aplicaciones e industrias. \u00a1Vea los testimonios de nuestros clientes!\" \/>\n<meta property=\"og:url\" content=\"https:\/\/thern.com\/es\/testimonials\/\" \/>\n<meta property=\"og:site_name\" content=\"Thern\u00ae Winches &amp; Cranes\" \/>\n<meta property=\"article:publisher\" content=\"https:\/\/www.facebook.com\/ThernInc\/\" \/>\n<meta property=\"article:modified_time\" content=\"2023-09-26T22:59:08+00:00\" \/>\n<meta name=\"twitter:card\" content=\"summary_large_image\" \/>\n<meta name=\"twitter:label1\" content=\"Tiempo de lectura\" \/>\n\t<meta name=\"twitter:data1\" content=\"2 minutos\" \/>\n<script type=\"application\/ld+json\" class=\"yoast-schema-graph\">{\"@context\":\"https:\\\/\\\/schema.org\",\"@graph\":[{\"@type\":\"WebPage\",\"@id\":\"https:\\\/\\\/thern.com\\\/es\\\/testimonials\\\/\",\"url\":\"https:\\\/\\\/thern.com\\\/es\\\/testimonials\\\/\",\"name\":\"Thern, Inc.: Testimonios: lo que dicen nuestros clientes\",\"isPartOf\":{\"@id\":\"https:\\\/\\\/thern.com\\\/es\\\/#website\"},\"datePublished\":\"2023-08-08T19:20:41+00:00\",\"dateModified\":\"2023-09-26T22:59:08+00:00\",\"description\":\"Las soluciones de elevaci\u00f3n exclusivas de Thern se han dise\u00f1ado e implementado en una amplia variedad de aplicaciones e industrias. \u00a1Vea los testimonios de nuestros clientes!\",\"breadcrumb\":{\"@id\":\"https:\\\/\\\/thern.com\\\/es\\\/testimonials\\\/#breadcrumb\"},\"inLanguage\":\"es\",\"potentialAction\":[{\"@type\":\"ReadAction\",\"target\":[\"https:\\\/\\\/thern.com\\\/es\\\/testimonials\\\/\"]}]},{\"@type\":\"BreadcrumbList\",\"@id\":\"https:\\\/\\\/thern.com\\\/es\\\/testimonials\\\/#breadcrumb\",\"itemListElement\":[{\"@type\":\"ListItem\",\"position\":1,\"name\":\"Home\",\"item\":\"https:\\\/\\\/thern.com\\\/es\\\/\"},{\"@type\":\"ListItem\",\"position\":2,\"name\":\"Testimonials\"}]},{\"@type\":\"WebSite\",\"@id\":\"https:\\\/\\\/thern.com\\\/es\\\/#website\",\"url\":\"https:\\\/\\\/thern.com\\\/es\\\/\",\"name\":\"Thern\u00ae Winches &amp; Cranes\",\"description\":\"Leave the Heavy Lifting to Us\",\"publisher\":{\"@id\":\"https:\\\/\\\/thern.com\\\/es\\\/#organization\"},\"potentialAction\":[{\"@type\":\"SearchAction\",\"target\":{\"@type\":\"EntryPoint\",\"urlTemplate\":\"https:\\\/\\\/thern.com\\\/es\\\/?s={search_term_string}\"},\"query-input\":{\"@type\":\"PropertyValueSpecification\",\"valueRequired\":true,\"valueName\":\"search_term_string\"}}],\"inLanguage\":\"es\"},{\"@type\":\"Organization\",\"@id\":\"https:\\\/\\\/thern.com\\\/es\\\/#organization\",\"name\":\"Thern\u00ae Winches &amp; Cranes\",\"url\":\"https:\\\/\\\/thern.com\\\/es\\\/\",\"logo\":{\"@type\":\"ImageObject\",\"inLanguage\":\"es\",\"@id\":\"https:\\\/\\\/thern.com\\\/es\\\/#\\\/schema\\\/logo\\\/image\\\/\",\"url\":\"https:\\\/\\\/thern.com\\\/wp-content\\\/uploads\\\/2023\\\/11\\\/Logo_SaveForWeb-outline-FINAL-01.svg\",\"contentUrl\":\"https:\\\/\\\/thern.com\\\/wp-content\\\/uploads\\\/2023\\\/11\\\/Logo_SaveForWeb-outline-FINAL-01.svg\",\"caption\":\"Thern\u00ae Winches &amp; Cranes\"},\"image\":{\"@id\":\"https:\\\/\\\/thern.com\\\/es\\\/#\\\/schema\\\/logo\\\/image\\\/\"},\"sameAs\":[\"https:\\\/\\\/www.facebook.com\\\/ThernInc\\\/\",\"https:\\\/\\\/www.linkedin.com\\\/company\\\/thern-inc-\\\/\",\"https:\\\/\\\/www.youtube.com\\\/user\\\/ThernStage\"]}]}<\/script>\n<!-- \/ Yoast SEO plugin. -->","yoast_head_json":{"title":"Thern, Inc.: Testimonios: lo que dicen nuestros clientes","description":"Las soluciones de elevaci\u00f3n exclusivas de Thern se han dise\u00f1ado e implementado en una amplia variedad de aplicaciones e industrias. \u00a1Vea los testimonios de nuestros clientes!","robots":{"index":"index","follow":"follow","max-snippet":"max-snippet:-1","max-image-preview":"max-image-preview:large","max-video-preview":"max-video-preview:-1"},"canonical":"https:\/\/thern.com\/es\/testimonials\/","og_locale":"es_ES","og_type":"article","og_title":"Thern, Inc.: Testimonios: lo que dicen nuestros clientes","og_description":"Las soluciones de elevaci\u00f3n exclusivas de Thern se han dise\u00f1ado e implementado en una amplia variedad de aplicaciones e industrias. \u00a1Vea los testimonios de nuestros clientes!","og_url":"https:\/\/thern.com\/es\/testimonials\/","og_site_name":"Thern\u00ae Winches &amp; Cranes","article_publisher":"https:\/\/www.facebook.com\/ThernInc\/","article_modified_time":"2023-09-26T22:59:08+00:00","twitter_card":"summary_large_image","twitter_misc":{"Tiempo de lectura":"2 minutos"},"schema":{"@context":"https:\/\/schema.org","@graph":[{"@type":"WebPage","@id":"https:\/\/thern.com\/es\/testimonials\/","url":"https:\/\/thern.com\/es\/testimonials\/","name":"Thern, Inc.: Testimonios: lo que dicen nuestros clientes","isPartOf":{"@id":"https:\/\/thern.com\/es\/#website"},"datePublished":"2023-08-08T19:20:41+00:00","dateModified":"2023-09-26T22:59:08+00:00","description":"Las soluciones de elevaci\u00f3n exclusivas de Thern se han dise\u00f1ado e implementado en una amplia variedad de aplicaciones e industrias. \u00a1Vea los testimonios de nuestros clientes!","breadcrumb":{"@id":"https:\/\/thern.com\/es\/testimonials\/#breadcrumb"},"inLanguage":"es","potentialAction":[{"@type":"ReadAction","target":["https:\/\/thern.com\/es\/testimonials\/"]}]},{"@type":"BreadcrumbList","@id":"https:\/\/thern.com\/es\/testimonials\/#breadcrumb","itemListElement":[{"@type":"ListItem","position":1,"name":"Home","item":"https:\/\/thern.com\/es\/"},{"@type":"ListItem","position":2,"name":"Testimonials"}]},{"@type":"WebSite","@id":"https:\/\/thern.com\/es\/#website","url":"https:\/\/thern.com\/es\/","name":"Thern\u00ae Winches &amp; Cranes","description":"Leave the Heavy Lifting to Us","publisher":{"@id":"https:\/\/thern.com\/es\/#organization"},"potentialAction":[{"@type":"SearchAction","target":{"@type":"EntryPoint","urlTemplate":"https:\/\/thern.com\/es\/?s={search_term_string}"},"query-input":{"@type":"PropertyValueSpecification","valueRequired":true,"valueName":"search_term_string"}}],"inLanguage":"es"},{"@type":"Organization","@id":"https:\/\/thern.com\/es\/#organization","name":"Thern\u00ae Winches &amp; Cranes","url":"https:\/\/thern.com\/es\/","logo":{"@type":"ImageObject","inLanguage":"es","@id":"https:\/\/thern.com\/es\/#\/schema\/logo\/image\/","url":"https:\/\/thern.com\/wp-content\/uploads\/2023\/11\/Logo_SaveForWeb-outline-FINAL-01.svg","contentUrl":"https:\/\/thern.com\/wp-content\/uploads\/2023\/11\/Logo_SaveForWeb-outline-FINAL-01.svg","caption":"Thern\u00ae Winches &amp; Cranes"},"image":{"@id":"https:\/\/thern.com\/es\/#\/schema\/logo\/image\/"},"sameAs":["https:\/\/www.facebook.com\/ThernInc\/","https:\/\/www.linkedin.com\/company\/thern-inc-\/","https:\/\/www.youtube.com\/user\/ThernStage"]}]}},"_links":{"self":[{"href":"https:\/\/thern.com\/es\/wp-json\/wp\/v2\/pages\/30065","targetHints":{"allow":["GET"]}}],"collection":[{"href":"https:\/\/thern.com\/es\/wp-json\/wp\/v2\/pages"}],"about":[{"href":"https:\/\/thern.com\/es\/wp-json\/wp\/v2\/types\/page"}],"author":[{"embeddable":true,"href":"https:\/\/thern.com\/es\/wp-json\/wp\/v2\/users\/1"}],"replies":[{"embeddable":true,"href":"https:\/\/thern.com\/es\/wp-json\/wp\/v2\/comments?post=30065"}],"version-history":[{"count":0,"href":"https:\/\/thern.com\/es\/wp-json\/wp\/v2\/pages\/30065\/revisions"}],"wp:attachment":[{"href":"https:\/\/thern.com\/es\/wp-json\/wp\/v2\/media?parent=30065"}],"curies":[{"name":"wp","href":"https:\/\/api.w.org\/{rel}","templated":true}]}}