{"id":25949,"date":"2023-07-11T18:48:46","date_gmt":"2023-07-11T18:48:46","guid":{"rendered":"https:\/\/therninc.wpenginepowered.com\/acerca-de\/"},"modified":"2023-09-26T22:52:40","modified_gmt":"2023-09-26T22:52:40","slug":"about","status":"publish","type":"page","link":"https:\/\/thern.com\/es\/about\/","title":{"rendered":"About"},"content":{"rendered":"<div class=\"wpb-content-wrapper\"><p>[vc_section full_width=\u00bbstretch_row\u00bb full_height=\u00bbyes\u00bb content_placement=\u00bbbottom\u00bb css=\u00bb.vc_custom_1689101152808{background-image: url(https:\/\/thern.com\/wp-content\/uploads\/2023\/07\/Thern-Inc_About-Hero.jpg?id=343) !important;background-position: center !important;background-repeat: no-repeat !important;background-size: cover !important;}\u00bb][vc_row full_width=\u00bbstretch_row\u00bb css=\u00bb.vc_custom_1689100740503{padding-bottom: 95px !important;background-color: rgba(0,0,0,0.5) !important;*background-color: rgb(0,0,0) !important;}\u00bb][vc_column][vc_custom_heading text=\u00bbAcerca de\u00bb font_container=\u00bbtag:h1|text_align:left|color:%23ffffff\u00bb use_theme_fonts=\u00bbyes\u00bb][\/vc_column][\/vc_row][\/vc_section][vc_row full_width=\u00bbstretch_row\u00bb equal_height=\u00bbyes\u00bb content_placement=\u00bbmiddle\u00bb css=\u00bb.vc_custom_1689100747582{padding-bottom: 35px !important;background-color: #c71a32 !important;}\u00bb][vc_column][vc_custom_heading text=\u00bbThern Winches &amp; Cranes\u00bb font_container=\u00bbtag:h2|text_align:left|color:%23ffffff\u00bb use_theme_fonts=\u00bbyes\u00bb][\/vc_column][\/vc_row][vc_row full_width=\u00bbstretch_row\u00bb][vc_column width=\u00bb1\/2&#8243;][vc_custom_heading text=\u00bbSOLUCIONES DE ELEVACI\u00d3N FABRICADAS POR UNA MARCA DE CONFIANZA\u00bb font_container=\u00bbtag:h6|text_align:left|color:%23990000&#8243; use_theme_fonts=\u00bbyes\u00bb][vc_column_text]Thern, Inc. es una empresa familiar fabricante de cabrestantes y gr\u00faas con sede en el coraz\u00f3n del Medio Oeste de EE.UU., un lugar donde el trabajo duro, la honestidad y la excelencia operativa siguen siendo valores fundamentales. La durabilidad, la fiabilidad, la calidad y un servicio excepcional son el centro de nuestra atenci\u00f3n. Con un s\u00f3lido equipo de ingenieros y una reputaci\u00f3n de plazos de entrega excepcionales, Thern puede hacer frente incluso a los proyectos m\u00e1s exigentes.[\/vc_column_text][\/vc_column][vc_column width=\u00bb1\/2&#8243;][vc_row_inner content_placement=\u00bbbottom\u00bb gap=\u00bb15&#8243; el_class=\u00bbwhite-arrow\u00bb][vc_column_inner width=\u00bb1\/2&#8243; css=\u00bb.vc_custom_1691520627954{background-image: url(https:\/\/thern.com\/wp-content\/uploads\/2023\/08\/Thern_About-History-1.jpg?id=22388) !important;background-position: center !important;background-repeat: no-repeat !important;background-size: cover !important;}\u00bb][vc_custom_heading text=\u00bbDescubra<br \/>\nNuestra historia\u00bb font_container=\u00bbtag:h5|text_align:left|color:%23ffffff\u00bb use_theme_fonts=\u00bbyes\u00bb link=\u00bburl:%2Fes%2Fhistory%2F|title:Ver%20el%20historial%20de%20Thern\u00bb][\/vc_column_inner][vc_column_inner width=\u00bb1\/2&#8243; css=\u00bb.vc_custom_1691521628686{background-image: url(https:\/\/thern.com\/wp-content\/uploads\/2023\/08\/Thern_About-History-2.jpg?id=22392) !important;background-position: center !important;background-repeat: no-repeat !important;background-size: cover !important;}\u00bb][vc_custom_heading text=\u00bbThe Thern<br \/>\nAdvantage\u00bb font_container=\u00bbtag:h5|text_align:left|color:%23ffffff\u00bb use_theme_fonts=\u00bbyes\u00bb link=\u00bburl:%2Fes%2Fthern-advantage%2F|title:Ver%20las%20ventajas%20de%20Thern\u00bb][\/vc_column_inner][\/vc_row_inner][\/vc_column][\/vc_row][vc_row content_placement=\u00bbmiddle\u00bb css=\u00bb.vc_custom_1691522249632{padding-bottom: 15px !important;}\u00bb][vc_column width=\u00bb1\/2&#8243;][vc_row_inner content_placement=\u00bbmiddle\u00bb el_class=\u00bbblack-arrow\u00bb][vc_column_inner width=\u00bb1\/4&#8243;][\/vc_column_inner][vc_column_inner width=\u00bb1\/2&#8243;][vc_custom_heading text=\u00bbCarreras profesionales<br \/>\nen Thern\u00bb font_container=\u00bbtag:h5|text_align:left|color:%23000000&#8243; use_theme_fonts=\u00bbyes\u00bb link=\u00bburl:%2Fes%2Fcareers%2F|title:Solicitar%20una%20carrera%20en%20Thern\u00bb][\/vc_column_inner][vc_column_inner width=\u00bb1\/4&#8243;][\/vc_column_inner][\/vc_row_inner][\/vc_column][vc_column width=\u00bb1\/2&#8243;][vc_row_inner content_placement=\u00bbmiddle\u00bb el_class=\u00bbblack-arrow\u00bb][vc_column_inner width=\u00bb1\/4&#8243;][\/vc_column_inner][vc_column_inner width=\u00bb1\/2&#8243;][vc_custom_heading text=\u00bbCliente<br \/>\nTestimonios\u00bb font_container=\u00bbtag:h5|text_align:left|color:%23000000&#8243; use_theme_fonts=\u00bbyes\u00bb link=\u00bburl:%2Fes%2Ftestimonials%2F|title:Ver%20los%20testimonios%20de%20Thern\u00bb][\/vc_column_inner][vc_column_inner width=\u00bb1\/4&#8243;][\/vc_column_inner][\/vc_row_inner][\/vc_column][\/vc_row][vc_row full_width=\u00bbstretch_row\u00bb css=\u00bb.vc_custom_1689101285854{background-image: url(https:\/\/thern.com\/wp-content\/uploads\/2023\/07\/Asset-1.png?id=344) !important;background-position: center !important;background-repeat: no-repeat !important;background-size: cover !important;}\u00bb][vc_column][vc_empty_space height=\u00bb250px\u00bb][\/vc_column][\/vc_row]<\/p>\n<\/div>","protected":false},"excerpt":{"rendered":"<p>[vc_section full_width=\u00bbstretch_row\u00bb full_height=\u00bbyes\u00bb content_placement=\u00bbbottom\u00bb css=\u00bb.vc_custom_1689101152808{background-image: url(https:\/\/thern.com\/wp-content\/uploads\/2023\/07\/Thern-Inc_About-Hero.jpg?id=343) !important;background-position: center !important;background-repeat: no-repeat !important;background-size: cover !important;}\u00bb][vc_row full_width=\u00bbstretch_row\u00bb css=\u00bb.vc_custom_1689100740503{padding-bottom: 95px !important;background-color: rgba(0,0,0,0.5) !important;*background-color: rgb(0,0,0) !important;}\u00bb][vc_column][vc_custom_heading text=\u00bbAcerca de\u00bb font_container=\u00bbtag:h1|text_align:left|color:%23ffffff\u00bb use_theme_fonts=\u00bbyes\u00bb][\/vc_column][\/vc_row][\/vc_section][vc_row full_width=\u00bbstretch_row\u00bb equal_height=\u00bbyes\u00bb content_placement=\u00bbmiddle\u00bb css=\u00bb.vc_custom_1689100747582{padding-bottom: 35px !important;background-color: #c71a32 !important;}\u00bb][vc_column][vc_custom_heading text=\u00bbThern Winches &amp; Cranes\u00bb font_container=\u00bbtag:h2|text_align:left|color:%23ffffff\u00bb use_theme_fonts=\u00bbyes\u00bb][\/vc_column][\/vc_row][vc_row full_width=\u00bbstretch_row\u00bb][vc_column width=\u00bb1\/2&#8243;][vc_custom_heading text=\u00bbSOLUCIONES DE ELEVACI\u00d3N FABRICADAS POR UNA MARCA DE CONFIANZA\u00bb font_container=\u00bbtag:h6|text_align:left|color:%23990000&#8243; use_theme_fonts=\u00bbyes\u00bb][vc_column_text]Thern, Inc. es una &#8230; <a title=\"About\" class=\"read-more\" href=\"https:\/\/thern.com\/es\/about\/\" aria-label=\"More on About\">Read more<\/a><\/p>\n","protected":false},"author":1,"featured_media":0,"parent":0,"menu_order":0,"comment_status":"closed","ping_status":"closed","template":"","meta":{"footnotes":""},"class_list":["post-25949","page","type-page","status-publish"],"yoast_head":"<!-- This site is optimized with the Yoast SEO plugin v27.3 - https:\/\/yoast.com\/product\/yoast-seo-wordpress\/ -->\n<title>Thern, Inc.: Acerca de nosotros: cabrestantes y gr\u00faas de alta calidad fabricados en EE. UU.<\/title>\n<meta name=\"description\" content=\"Thern, Inc. es un fabricante familiar de cabrestantes y gr\u00faas con sede en el coraz\u00f3n del Medio Oeste de los Estados Unidos.\" \/>\n<meta name=\"robots\" content=\"index, follow, max-snippet:-1, max-image-preview:large, max-video-preview:-1\" \/>\n<link rel=\"canonical\" href=\"https:\/\/thern.com\/es\/about\/\" \/>\n<meta property=\"og:locale\" content=\"es_ES\" \/>\n<meta property=\"og:type\" content=\"article\" \/>\n<meta property=\"og:title\" content=\"Thern, Inc.: Acerca de nosotros: cabrestantes y gr\u00faas de alta calidad fabricados en EE. UU.\" \/>\n<meta property=\"og:description\" content=\"Thern, Inc. es un fabricante familiar de cabrestantes y gr\u00faas con sede en el coraz\u00f3n del Medio Oeste de los Estados Unidos.\" \/>\n<meta property=\"og:url\" content=\"https:\/\/thern.com\/es\/about\/\" \/>\n<meta property=\"og:site_name\" content=\"Thern\u00ae Winches &amp; Cranes\" \/>\n<meta property=\"article:publisher\" content=\"https:\/\/www.facebook.com\/ThernInc\/\" \/>\n<meta property=\"article:modified_time\" content=\"2023-09-26T22:52:40+00:00\" \/>\n<meta name=\"twitter:card\" content=\"summary_large_image\" \/>\n<meta name=\"twitter:label1\" content=\"Tiempo de lectura\" \/>\n\t<meta name=\"twitter:data1\" content=\"1 minuto\" \/>\n<script type=\"application\/ld+json\" class=\"yoast-schema-graph\">{\"@context\":\"https:\\\/\\\/schema.org\",\"@graph\":[{\"@type\":\"WebPage\",\"@id\":\"https:\\\/\\\/thern.com\\\/es\\\/about\\\/\",\"url\":\"https:\\\/\\\/thern.com\\\/es\\\/about\\\/\",\"name\":\"Thern, Inc.: Acerca de nosotros: cabrestantes y gr\u00faas de alta calidad fabricados en EE. UU.\",\"isPartOf\":{\"@id\":\"https:\\\/\\\/thern.com\\\/es\\\/#website\"},\"datePublished\":\"2023-07-11T18:48:46+00:00\",\"dateModified\":\"2023-09-26T22:52:40+00:00\",\"description\":\"Thern, Inc. es un fabricante familiar de cabrestantes y gr\u00faas con sede en el coraz\u00f3n del Medio Oeste de los Estados Unidos.\",\"breadcrumb\":{\"@id\":\"https:\\\/\\\/thern.com\\\/es\\\/about\\\/#breadcrumb\"},\"inLanguage\":\"es\",\"potentialAction\":[{\"@type\":\"ReadAction\",\"target\":[\"https:\\\/\\\/thern.com\\\/es\\\/about\\\/\"]}]},{\"@type\":\"BreadcrumbList\",\"@id\":\"https:\\\/\\\/thern.com\\\/es\\\/about\\\/#breadcrumb\",\"itemListElement\":[{\"@type\":\"ListItem\",\"position\":1,\"name\":\"Home\",\"item\":\"https:\\\/\\\/thern.com\\\/es\\\/\"},{\"@type\":\"ListItem\",\"position\":2,\"name\":\"About\"}]},{\"@type\":\"WebSite\",\"@id\":\"https:\\\/\\\/thern.com\\\/es\\\/#website\",\"url\":\"https:\\\/\\\/thern.com\\\/es\\\/\",\"name\":\"Thern\u00ae Winches &amp; Cranes\",\"description\":\"Leave the Heavy Lifting to Us\",\"publisher\":{\"@id\":\"https:\\\/\\\/thern.com\\\/es\\\/#organization\"},\"potentialAction\":[{\"@type\":\"SearchAction\",\"target\":{\"@type\":\"EntryPoint\",\"urlTemplate\":\"https:\\\/\\\/thern.com\\\/es\\\/?s={search_term_string}\"},\"query-input\":{\"@type\":\"PropertyValueSpecification\",\"valueRequired\":true,\"valueName\":\"search_term_string\"}}],\"inLanguage\":\"es\"},{\"@type\":\"Organization\",\"@id\":\"https:\\\/\\\/thern.com\\\/es\\\/#organization\",\"name\":\"Thern\u00ae Winches &amp; Cranes\",\"url\":\"https:\\\/\\\/thern.com\\\/es\\\/\",\"logo\":{\"@type\":\"ImageObject\",\"inLanguage\":\"es\",\"@id\":\"https:\\\/\\\/thern.com\\\/es\\\/#\\\/schema\\\/logo\\\/image\\\/\",\"url\":\"https:\\\/\\\/thern.com\\\/wp-content\\\/uploads\\\/2023\\\/11\\\/Logo_SaveForWeb-outline-FINAL-01.svg\",\"contentUrl\":\"https:\\\/\\\/thern.com\\\/wp-content\\\/uploads\\\/2023\\\/11\\\/Logo_SaveForWeb-outline-FINAL-01.svg\",\"caption\":\"Thern\u00ae Winches &amp; Cranes\"},\"image\":{\"@id\":\"https:\\\/\\\/thern.com\\\/es\\\/#\\\/schema\\\/logo\\\/image\\\/\"},\"sameAs\":[\"https:\\\/\\\/www.facebook.com\\\/ThernInc\\\/\",\"https:\\\/\\\/www.linkedin.com\\\/company\\\/thern-inc-\\\/\",\"https:\\\/\\\/www.youtube.com\\\/user\\\/ThernStage\"]}]}<\/script>\n<!-- \/ Yoast SEO plugin. -->","yoast_head_json":{"title":"Thern, Inc.: Acerca de nosotros: cabrestantes y gr\u00faas de alta calidad fabricados en EE. UU.","description":"Thern, Inc. es un fabricante familiar de cabrestantes y gr\u00faas con sede en el coraz\u00f3n del Medio Oeste de los Estados Unidos.","robots":{"index":"index","follow":"follow","max-snippet":"max-snippet:-1","max-image-preview":"max-image-preview:large","max-video-preview":"max-video-preview:-1"},"canonical":"https:\/\/thern.com\/es\/about\/","og_locale":"es_ES","og_type":"article","og_title":"Thern, Inc.: Acerca de nosotros: cabrestantes y gr\u00faas de alta calidad fabricados en EE. UU.","og_description":"Thern, Inc. es un fabricante familiar de cabrestantes y gr\u00faas con sede en el coraz\u00f3n del Medio Oeste de los Estados Unidos.","og_url":"https:\/\/thern.com\/es\/about\/","og_site_name":"Thern\u00ae Winches &amp; Cranes","article_publisher":"https:\/\/www.facebook.com\/ThernInc\/","article_modified_time":"2023-09-26T22:52:40+00:00","twitter_card":"summary_large_image","twitter_misc":{"Tiempo de lectura":"1 minuto"},"schema":{"@context":"https:\/\/schema.org","@graph":[{"@type":"WebPage","@id":"https:\/\/thern.com\/es\/about\/","url":"https:\/\/thern.com\/es\/about\/","name":"Thern, Inc.: Acerca de nosotros: cabrestantes y gr\u00faas de alta calidad fabricados en EE. UU.","isPartOf":{"@id":"https:\/\/thern.com\/es\/#website"},"datePublished":"2023-07-11T18:48:46+00:00","dateModified":"2023-09-26T22:52:40+00:00","description":"Thern, Inc. es un fabricante familiar de cabrestantes y gr\u00faas con sede en el coraz\u00f3n del Medio Oeste de los Estados Unidos.","breadcrumb":{"@id":"https:\/\/thern.com\/es\/about\/#breadcrumb"},"inLanguage":"es","potentialAction":[{"@type":"ReadAction","target":["https:\/\/thern.com\/es\/about\/"]}]},{"@type":"BreadcrumbList","@id":"https:\/\/thern.com\/es\/about\/#breadcrumb","itemListElement":[{"@type":"ListItem","position":1,"name":"Home","item":"https:\/\/thern.com\/es\/"},{"@type":"ListItem","position":2,"name":"About"}]},{"@type":"WebSite","@id":"https:\/\/thern.com\/es\/#website","url":"https:\/\/thern.com\/es\/","name":"Thern\u00ae Winches &amp; Cranes","description":"Leave the Heavy Lifting to Us","publisher":{"@id":"https:\/\/thern.com\/es\/#organization"},"potentialAction":[{"@type":"SearchAction","target":{"@type":"EntryPoint","urlTemplate":"https:\/\/thern.com\/es\/?s={search_term_string}"},"query-input":{"@type":"PropertyValueSpecification","valueRequired":true,"valueName":"search_term_string"}}],"inLanguage":"es"},{"@type":"Organization","@id":"https:\/\/thern.com\/es\/#organization","name":"Thern\u00ae Winches &amp; Cranes","url":"https:\/\/thern.com\/es\/","logo":{"@type":"ImageObject","inLanguage":"es","@id":"https:\/\/thern.com\/es\/#\/schema\/logo\/image\/","url":"https:\/\/thern.com\/wp-content\/uploads\/2023\/11\/Logo_SaveForWeb-outline-FINAL-01.svg","contentUrl":"https:\/\/thern.com\/wp-content\/uploads\/2023\/11\/Logo_SaveForWeb-outline-FINAL-01.svg","caption":"Thern\u00ae Winches &amp; Cranes"},"image":{"@id":"https:\/\/thern.com\/es\/#\/schema\/logo\/image\/"},"sameAs":["https:\/\/www.facebook.com\/ThernInc\/","https:\/\/www.linkedin.com\/company\/thern-inc-\/","https:\/\/www.youtube.com\/user\/ThernStage"]}]}},"_links":{"self":[{"href":"https:\/\/thern.com\/es\/wp-json\/wp\/v2\/pages\/25949","targetHints":{"allow":["GET"]}}],"collection":[{"href":"https:\/\/thern.com\/es\/wp-json\/wp\/v2\/pages"}],"about":[{"href":"https:\/\/thern.com\/es\/wp-json\/wp\/v2\/types\/page"}],"author":[{"embeddable":true,"href":"https:\/\/thern.com\/es\/wp-json\/wp\/v2\/users\/1"}],"replies":[{"embeddable":true,"href":"https:\/\/thern.com\/es\/wp-json\/wp\/v2\/comments?post=25949"}],"version-history":[{"count":0,"href":"https:\/\/thern.com\/es\/wp-json\/wp\/v2\/pages\/25949\/revisions"}],"wp:attachment":[{"href":"https:\/\/thern.com\/es\/wp-json\/wp\/v2\/media?parent=25949"}],"curies":[{"name":"wp","href":"https:\/\/api.w.org\/{rel}","templated":true}]}}