{"id":33166,"date":"2023-10-31T17:52:39","date_gmt":"2023-10-31T17:52:39","guid":{"rendered":"https:\/\/therninc.wpenginepowered.com\/industries\/united-arab-emirates-bristol-fire-truck\/"},"modified":"2023-10-31T17:57:51","modified_gmt":"2023-10-31T17:57:51","slug":"united-arab-emirates-bristol-fire-truck","status":"publish","type":"page","link":"https:\/\/thern.com\/de\/portfolio\/united-arab-emirates-bristol-fire-truck\/","title":{"rendered":"United Arab Emirates Bristol Fire Truck"},"content":{"rendered":"<div class=\"wpb-content-wrapper\"><p>[vc_section full_width=&#8220;stretch_row&#8220; content_placement=&#8220;middle&#8220; css=&#8220;.vc_custom_1692983716171{padding-top: 0px !important;background: #dddddd url(https:\/\/thern.com\/wp-content\/uploads\/2023\/07\/Thern-Inc_About-Hero.jpg?id=343) !important;background-position: center !important;background-repeat: no-repeat !important;background-size: cover !important;}&#8220;][vc_row full_width=&#8220;stretch_row&#8220; css=&#8220;.vc_custom_1692983676181{padding-top: 50px !important;padding-bottom: 70px !important;background-color: rgba(0,0,0,0.5) !important;*background-color: rgb(0,0,0) !important;}&#8220;][vc_column][vc_custom_heading text=&#8220; Davit-Kran&#8220; font_container=&#8220;tag:h1|text_align:left|color:%23ffffff&#8220; use_theme_fonts=&#8220;yes&#8220; css_animation=&#8220;fadeInLeft&#8220;][\/vc_column][\/vc_row][\/vc_section][vc_row full_width=&#8220;stretch_row&#8220; equal_height=&#8220;yes&#8220; css=&#8220;.vc_custom_1692985496191{padding-top: 65px !important;padding-bottom: 35px !important;}&#8220;][vc_column css_animation=&#8220;fadeInLeft&#8220; width=&#8220;1\/2&#8243;][vc_custom_heading text=&#8220;Herausforderung: Aus- und Einladen der Ausr\u00fcstung&#8220; font_container=&#8220;tag:h4|text_align:left|color:%23900000&#8243; use_theme_fonts=&#8220;yes&#8220;][vc_column_text]Nicht alle Br\u00e4nde k\u00f6nnen mit Wasser bek\u00e4mpft und gel\u00f6scht werden, vor allem Industriebr\u00e4nde, die auf \u00d6l basieren k\u00f6nnen. Das Bespr\u00fchen eines \u00d6lbrandes mit Wasser h\u00e4tte einen gef\u00e4hrlichen Effekt: Die Flammen w\u00fcrden sich ausbreiten, da das \u00d6l auf der Wasseroberfl\u00e4che schwimmt. Das Wasser w\u00fcrde sich dann in Dampf verwandeln und sich unter der Oberfl\u00e4che des \u00d6ls ansammeln, was zu einer Explosion f\u00fchren k\u00f6nnte. Stattdessen setzen die Feuerwehrleute einen speziellen Schaum ein, der dem Feuer den Sauerstoff entzieht. Das Ger\u00e4t, das den Spezialschaum erzeugt, hei\u00dft Schaumzumischsystem und kann extrem schwer sein.<\/p>\n<p>Ein Kunde von Bristol Fire Truck ben\u00f6tigte die M\u00f6glichkeit, sein Schaumzumischsystem auf seine Feuerwehrfahrzeuge zu heben und abzusenken, und das in den Vereinigten Arabischen Emiraten ans\u00e4ssige Unternehmen wandte sich an Thern, um eine L\u00f6sung zu finden. [\/vc_column_text][vc_custom_heading text=&#8220;L\u00f6sung: eine flexible, einfache und zuverl\u00e4ssige Hebel\u00f6sung&#8220; font_container=&#8220;tag:h4|text_align:left|color:%23900000&#8243; use_theme_fonts=&#8220;yes&#8220;][vc_column_text]Thern empfahl eine wirtschaftliche L\u00f6sung, die aus einem Davit-Kran mit einem Teleskopausleger und einer einfachen Handwinde bestand. Diese L\u00f6sung bot dem Kunden zus\u00e4tzliche Flexibilit\u00e4t in Bezug auf Reichweite und H\u00f6he. Die Handwinde ist pr\u00e4zise und einfach zu bedienen.[\/vc_column_text][vc_custom_heading text=&#8220;Ergebnis&#8220; font_container=&#8220;tag:h4|text_align:left|color:%23900000&#8243; use_theme_fonts=&#8220;yes&#8220;][vc_column_text]Der Kunde von Bristol Fire Truck war mit der L\u00f6sung sehr zufrieden, und Thern wird auch weiterhin mit Bristol Fire Truck \u00fcber weitere L\u00f6sungen zur Brandbek\u00e4mpfung sprechen.[\/vc_column_text][vc_btn title=&#8220;Zur\u00fcck zu Branchen&#8220; style=&#8220;custom&#8220; custom_background=&#8220;#c71a32&#8243; custom_text=&#8220;#ffffff&#8220; shape=&#8220;square&#8220; size=&#8220;lg&#8220; align=&#8220;left&#8220; i_icon_fontawesome=&#8220;fas fa-angle-left&#8220; add_icon=&#8220;true&#8220; link=&#8220;url:%2Fde%2Findustries%2F|title:Return%20to%20Industries&#8220;][\/vc_column][vc_column css_animation=&#8220;fadeInRight&#8220; width=&#8220;1\/2&#8243;][vc_gallery interval=&#8220;0&#8243; images=&#8220;33151,33157&#8243; img_size=&#8220;full&#8220;][\/vc_column][\/vc_row][vc_row full_width=&#8220;stretch_row&#8220; css=&#8220;.vc_custom_1692985441183{padding-top: 35px !important;padding-bottom: 35px !important;}&#8220;][vc_column width=&#8220;1\/6&#8243;][\/vc_column][vc_column css_animation=&#8220;fadeInUp&#8220; width=&#8220;4\/6&#8243;][vc_custom_heading text=&#8220;Wir sind hier um zu helfen&#8220; font_container=&#8220;tag:h2|text_align:center|color:%230a0a0a&#8220; use_theme_fonts=&#8220;yes&#8220; css=&#8220;.vc_custom_1696542867360{margin-bottom: 0px !important;}&#8220;][vc_column_text]<\/p>\n<p style=\"text-align: center;\">Habe Fragen? Das freundliche und sachkundige Verkaufs- und Servicepersonal von Thern steht Ihnen gerne zur Verf\u00fcgung.<\/p>\n<p>[\/vc_column_text][vc_btn title=&#8220;Kontaktiere uns&#8220; style=&#8220;custom&#8220; custom_background=&#8220;#c71a32&#8243; custom_text=&#8220;#ffffff&#8220; shape=&#8220;square&#8220; size=&#8220;lg&#8220; align=&#8220;center&#8220; i_align=&#8220;right&#8220; i_icon_fontawesome=&#8220;fas fa-angle-right&#8220; add_icon=&#8220;true&#8220; link=&#8220;url:%2Fde%2Fcontact%2F|title:Contact&#8220;][\/vc_column][vc_column width=&#8220;1\/6&#8243;][\/vc_column][\/vc_row]<\/p>\n<\/div>","protected":false},"excerpt":{"rendered":"<p>[vc_section full_width=&#8220;stretch_row&#8220; content_placement=&#8220;middle&#8220; css=&#8220;.vc_custom_1692983716171{padding-top: 0px !important;background: #dddddd url(https:\/\/thern.com\/wp-content\/uploads\/2023\/07\/Thern-Inc_About-Hero.jpg?id=343) !important;background-position: center !important;background-repeat: no-repeat !important;background-size: cover !important;}&#8220;][vc_row full_width=&#8220;stretch_row&#8220; css=&#8220;.vc_custom_1692983676181{padding-top: 50px !important;padding-bottom: 70px !important;background-color: rgba(0,0,0,0.5) !important;*background-color: rgb(0,0,0) !important;}&#8220;][vc_column][vc_custom_heading text=&#8220; Davit-Kran&#8220; font_container=&#8220;tag:h1|text_align:left|color:%23ffffff&#8220; use_theme_fonts=&#8220;yes&#8220; css_animation=&#8220;fadeInLeft&#8220;][\/vc_column][\/vc_row][\/vc_section][vc_row full_width=&#8220;stretch_row&#8220; equal_height=&#8220;yes&#8220; css=&#8220;.vc_custom_1692985496191{padding-top: 65px !important;padding-bottom: 35px !important;}&#8220;][vc_column css_animation=&#8220;fadeInLeft&#8220; width=&#8220;1\/2&#8243;][vc_custom_heading text=&#8220;Herausforderung: Aus- und Einladen der Ausr\u00fcstung&#8220; font_container=&#8220;tag:h4|text_align:left|color:%23900000&#8243; use_theme_fonts=&#8220;yes&#8220;][vc_column_text]Nicht alle Br\u00e4nde k\u00f6nnen mit Wasser bek\u00e4mpft und gel\u00f6scht &#8230; <a title=\"United Arab Emirates Bristol Fire Truck\" class=\"read-more\" href=\"https:\/\/thern.com\/de\/portfolio\/united-arab-emirates-bristol-fire-truck\/\" aria-label=\"More on United Arab Emirates Bristol Fire Truck\">Read more<\/a><\/p>\n","protected":false},"author":1,"featured_media":0,"parent":30091,"menu_order":0,"comment_status":"closed","ping_status":"closed","template":"","meta":{"footnotes":""},"class_list":["post-33166","page","type-page","status-publish"],"yoast_head":"<!-- This site is optimized with the Yoast SEO plugin v27.5 - https:\/\/yoast.com\/product\/yoast-seo-wordpress\/ -->\n<title>Davit-Kran | Thern\u00ae Winches &amp; Cranes<\/title>\n<meta name=\"description\" content=\"Davit-Kran zum Absenken und Heben von Feuerwehrausr\u00fcstung.\" \/>\n<meta name=\"robots\" content=\"index, follow, max-snippet:-1, max-image-preview:large, max-video-preview:-1\" \/>\n<link rel=\"canonical\" href=\"https:\/\/thern.com\/de\/portfolio\/united-arab-emirates-bristol-fire-truck\/\" \/>\n<meta property=\"og:locale\" content=\"de_DE\" \/>\n<meta property=\"og:type\" content=\"article\" \/>\n<meta property=\"og:title\" content=\"Davit-Kran | Thern\u00ae Winches &amp; Cranes\" \/>\n<meta property=\"og:description\" content=\"Davit-Kran zum Absenken und Heben von Feuerwehrausr\u00fcstung.\" \/>\n<meta property=\"og:url\" content=\"https:\/\/thern.com\/de\/portfolio\/united-arab-emirates-bristol-fire-truck\/\" \/>\n<meta property=\"og:site_name\" content=\"Thern\u00ae Winches &amp; Cranes\" \/>\n<meta property=\"article:publisher\" content=\"https:\/\/www.facebook.com\/ThernInc\/\" \/>\n<meta property=\"article:modified_time\" content=\"2023-10-31T17:57:51+00:00\" \/>\n<meta name=\"twitter:card\" content=\"summary_large_image\" \/>\n<meta name=\"twitter:label1\" content=\"Gesch\u00e4tzte Lesezeit\" \/>\n\t<meta name=\"twitter:data1\" content=\"2 Minuten\" \/>\n<script type=\"application\/ld+json\" class=\"yoast-schema-graph\">{\"@context\":\"https:\\\/\\\/schema.org\",\"@graph\":[{\"@type\":\"WebPage\",\"@id\":\"https:\\\/\\\/thern.com\\\/de\\\/portfolio\\\/united-arab-emirates-bristol-fire-truck\\\/\",\"url\":\"https:\\\/\\\/thern.com\\\/de\\\/portfolio\\\/united-arab-emirates-bristol-fire-truck\\\/\",\"name\":\"Davit-Kran | Thern\u00ae Winches &amp; Cranes\",\"isPartOf\":{\"@id\":\"https:\\\/\\\/thern.com\\\/de\\\/#website\"},\"datePublished\":\"2023-10-31T17:52:39+00:00\",\"dateModified\":\"2023-10-31T17:57:51+00:00\",\"description\":\"Davit-Kran zum Absenken und Heben von Feuerwehrausr\u00fcstung.\",\"breadcrumb\":{\"@id\":\"https:\\\/\\\/thern.com\\\/de\\\/portfolio\\\/united-arab-emirates-bristol-fire-truck\\\/#breadcrumb\"},\"inLanguage\":\"de-DE\",\"potentialAction\":[{\"@type\":\"ReadAction\",\"target\":[\"https:\\\/\\\/thern.com\\\/de\\\/portfolio\\\/united-arab-emirates-bristol-fire-truck\\\/\"]}]},{\"@type\":\"BreadcrumbList\",\"@id\":\"https:\\\/\\\/thern.com\\\/de\\\/portfolio\\\/united-arab-emirates-bristol-fire-truck\\\/#breadcrumb\",\"itemListElement\":[{\"@type\":\"ListItem\",\"position\":1,\"name\":\"Home\",\"item\":\"https:\\\/\\\/thern.com\\\/de\\\/\"},{\"@type\":\"ListItem\",\"position\":2,\"name\":\"Portfolio\",\"item\":\"https:\\\/\\\/thern.com\\\/de\\\/portfolio\\\/\"},{\"@type\":\"ListItem\",\"position\":3,\"name\":\"United Arab Emirates Bristol Fire Truck\"}]},{\"@type\":\"WebSite\",\"@id\":\"https:\\\/\\\/thern.com\\\/de\\\/#website\",\"url\":\"https:\\\/\\\/thern.com\\\/de\\\/\",\"name\":\"Thern\u00ae Winches &amp; Cranes\",\"description\":\"Leave the Heavy Lifting to Us\",\"publisher\":{\"@id\":\"https:\\\/\\\/thern.com\\\/de\\\/#organization\"},\"potentialAction\":[{\"@type\":\"SearchAction\",\"target\":{\"@type\":\"EntryPoint\",\"urlTemplate\":\"https:\\\/\\\/thern.com\\\/de\\\/?s={search_term_string}\"},\"query-input\":{\"@type\":\"PropertyValueSpecification\",\"valueRequired\":true,\"valueName\":\"search_term_string\"}}],\"inLanguage\":\"de-DE\"},{\"@type\":\"Organization\",\"@id\":\"https:\\\/\\\/thern.com\\\/de\\\/#organization\",\"name\":\"Thern\u00ae Winches &amp; Cranes\",\"url\":\"https:\\\/\\\/thern.com\\\/de\\\/\",\"logo\":{\"@type\":\"ImageObject\",\"inLanguage\":\"de-DE\",\"@id\":\"https:\\\/\\\/thern.com\\\/de\\\/#\\\/schema\\\/logo\\\/image\\\/\",\"url\":\"https:\\\/\\\/thern.com\\\/wp-content\\\/uploads\\\/2023\\\/11\\\/Logo_SaveForWeb-outline-FINAL-01.svg\",\"contentUrl\":\"https:\\\/\\\/thern.com\\\/wp-content\\\/uploads\\\/2023\\\/11\\\/Logo_SaveForWeb-outline-FINAL-01.svg\",\"caption\":\"Thern\u00ae Winches &amp; Cranes\"},\"image\":{\"@id\":\"https:\\\/\\\/thern.com\\\/de\\\/#\\\/schema\\\/logo\\\/image\\\/\"},\"sameAs\":[\"https:\\\/\\\/www.facebook.com\\\/ThernInc\\\/\",\"https:\\\/\\\/www.linkedin.com\\\/company\\\/thern-inc-\\\/\",\"https:\\\/\\\/www.youtube.com\\\/user\\\/ThernStage\"]}]}<\/script>\n<!-- \/ Yoast SEO plugin. -->","yoast_head_json":{"title":"Davit-Kran | Thern\u00ae Winches &amp; Cranes","description":"Davit-Kran zum Absenken und Heben von Feuerwehrausr\u00fcstung.","robots":{"index":"index","follow":"follow","max-snippet":"max-snippet:-1","max-image-preview":"max-image-preview:large","max-video-preview":"max-video-preview:-1"},"canonical":"https:\/\/thern.com\/de\/portfolio\/united-arab-emirates-bristol-fire-truck\/","og_locale":"de_DE","og_type":"article","og_title":"Davit-Kran | Thern\u00ae Winches &amp; Cranes","og_description":"Davit-Kran zum Absenken und Heben von Feuerwehrausr\u00fcstung.","og_url":"https:\/\/thern.com\/de\/portfolio\/united-arab-emirates-bristol-fire-truck\/","og_site_name":"Thern\u00ae Winches &amp; Cranes","article_publisher":"https:\/\/www.facebook.com\/ThernInc\/","article_modified_time":"2023-10-31T17:57:51+00:00","twitter_card":"summary_large_image","twitter_misc":{"Gesch\u00e4tzte Lesezeit":"2 Minuten"},"schema":{"@context":"https:\/\/schema.org","@graph":[{"@type":"WebPage","@id":"https:\/\/thern.com\/de\/portfolio\/united-arab-emirates-bristol-fire-truck\/","url":"https:\/\/thern.com\/de\/portfolio\/united-arab-emirates-bristol-fire-truck\/","name":"Davit-Kran | Thern\u00ae Winches &amp; Cranes","isPartOf":{"@id":"https:\/\/thern.com\/de\/#website"},"datePublished":"2023-10-31T17:52:39+00:00","dateModified":"2023-10-31T17:57:51+00:00","description":"Davit-Kran zum Absenken und Heben von Feuerwehrausr\u00fcstung.","breadcrumb":{"@id":"https:\/\/thern.com\/de\/portfolio\/united-arab-emirates-bristol-fire-truck\/#breadcrumb"},"inLanguage":"de-DE","potentialAction":[{"@type":"ReadAction","target":["https:\/\/thern.com\/de\/portfolio\/united-arab-emirates-bristol-fire-truck\/"]}]},{"@type":"BreadcrumbList","@id":"https:\/\/thern.com\/de\/portfolio\/united-arab-emirates-bristol-fire-truck\/#breadcrumb","itemListElement":[{"@type":"ListItem","position":1,"name":"Home","item":"https:\/\/thern.com\/de\/"},{"@type":"ListItem","position":2,"name":"Portfolio","item":"https:\/\/thern.com\/de\/portfolio\/"},{"@type":"ListItem","position":3,"name":"United Arab Emirates Bristol Fire Truck"}]},{"@type":"WebSite","@id":"https:\/\/thern.com\/de\/#website","url":"https:\/\/thern.com\/de\/","name":"Thern\u00ae Winches &amp; Cranes","description":"Leave the Heavy Lifting to Us","publisher":{"@id":"https:\/\/thern.com\/de\/#organization"},"potentialAction":[{"@type":"SearchAction","target":{"@type":"EntryPoint","urlTemplate":"https:\/\/thern.com\/de\/?s={search_term_string}"},"query-input":{"@type":"PropertyValueSpecification","valueRequired":true,"valueName":"search_term_string"}}],"inLanguage":"de-DE"},{"@type":"Organization","@id":"https:\/\/thern.com\/de\/#organization","name":"Thern\u00ae Winches &amp; Cranes","url":"https:\/\/thern.com\/de\/","logo":{"@type":"ImageObject","inLanguage":"de-DE","@id":"https:\/\/thern.com\/de\/#\/schema\/logo\/image\/","url":"https:\/\/thern.com\/wp-content\/uploads\/2023\/11\/Logo_SaveForWeb-outline-FINAL-01.svg","contentUrl":"https:\/\/thern.com\/wp-content\/uploads\/2023\/11\/Logo_SaveForWeb-outline-FINAL-01.svg","caption":"Thern\u00ae Winches &amp; Cranes"},"image":{"@id":"https:\/\/thern.com\/de\/#\/schema\/logo\/image\/"},"sameAs":["https:\/\/www.facebook.com\/ThernInc\/","https:\/\/www.linkedin.com\/company\/thern-inc-\/","https:\/\/www.youtube.com\/user\/ThernStage"]}]}},"_links":{"self":[{"href":"https:\/\/thern.com\/de\/wp-json\/wp\/v2\/pages\/33166","targetHints":{"allow":["GET"]}}],"collection":[{"href":"https:\/\/thern.com\/de\/wp-json\/wp\/v2\/pages"}],"about":[{"href":"https:\/\/thern.com\/de\/wp-json\/wp\/v2\/types\/page"}],"author":[{"embeddable":true,"href":"https:\/\/thern.com\/de\/wp-json\/wp\/v2\/users\/1"}],"replies":[{"embeddable":true,"href":"https:\/\/thern.com\/de\/wp-json\/wp\/v2\/comments?post=33166"}],"version-history":[{"count":0,"href":"https:\/\/thern.com\/de\/wp-json\/wp\/v2\/pages\/33166\/revisions"}],"up":[{"embeddable":true,"href":"https:\/\/thern.com\/de\/wp-json\/wp\/v2\/pages\/30091"}],"wp:attachment":[{"href":"https:\/\/thern.com\/de\/wp-json\/wp\/v2\/media?parent=33166"}],"curies":[{"name":"wp","href":"https:\/\/api.w.org\/{rel}","templated":true}]}}