{"id":33042,"date":"2023-10-31T16:46:49","date_gmt":"2023-10-31T16:46:49","guid":{"rendered":"https:\/\/therninc.wpenginepowered.com\/industries\/denmark-wastewater-treatment-aalborg\/"},"modified":"2023-10-31T16:52:30","modified_gmt":"2023-10-31T16:52:30","slug":"denmark-wastewater-treatment-aalborg","status":"publish","type":"page","link":"https:\/\/thern.com\/de\/portfolio\/denmark-wastewater-treatment-aalborg\/","title":{"rendered":"Denmark Wastewater Treatment Aalborg"},"content":{"rendered":"<div class=\"wpb-content-wrapper\"><p>[vc_section full_width=&#8220;stretch_row&#8220; content_placement=&#8220;middle&#8220; css=&#8220;.vc_custom_1692983716171{padding-top: 0px !important;background: #dddddd url(https:\/\/thern.com\/wp-content\/uploads\/2023\/07\/Thern-Inc_About-Hero.jpg?id=343) !important;background-position: center !important;background-repeat: no-repeat !important;background-size: cover !important;}&#8220;][vc_row full_width=&#8220;stretch_row&#8220; css=&#8220;.vc_custom_1692983676181{padding-top: 50px !important;padding-bottom: 70px !important;background-color: rgba(0,0,0,0.5) !important;*background-color: rgb(0,0,0) !important;}&#8220;][vc_column][vc_custom_heading text=&#8220;Kl\u00e4ranlage Aalborg&#8220; font_container=&#8220;tag:h1|text_align:left|color:%23ffffff&#8220; use_theme_fonts=&#8220;yes&#8220; css_animation=&#8220;fadeInLeft&#8220;][\/vc_column][\/vc_row][\/vc_section][vc_row full_width=&#8220;stretch_row&#8220; equal_height=&#8220;yes&#8220; css=&#8220;.vc_custom_1692985496191{padding-top: 65px !important;padding-bottom: 35px !important;}&#8220;][vc_column css_animation=&#8220;fadeInLeft&#8220; width=&#8220;1\/2&#8243;][vc_custom_heading text=&#8220;Herausforderung: Reduzierung der Kosten f\u00fcr den Anlagenbau&#8220; font_container=&#8220;tag:h4|text_align:left|color:%23900000&#8243; use_theme_fonts=&#8220;yes&#8220;][vc_column_text]Aalborg, D\u00e4nemark, ist eine wachsende Gemeinde und auch ein Touristenziel. Sie hat in den letzten Jahren zwei neue Kl\u00e4ranlagen geplant und gebaut. Die eine behandelt die Abw\u00e4sser von Kreuzfahrtschiffen, die andere entfernt Makro- und Mikroverunreinigungen aus dem Abwasser des Universit\u00e4tskrankenhauses Aalborg. Um die Infrastrukturkosten f\u00fcr die j\u00fcngste Kl\u00e4ranlage zu minimieren, war der Betreiber bereit, die kosteneffizientesten M\u00f6glichkeiten f\u00fcr die Wartung und Instandhaltung der R\u00fchrwerke und Pumpen in den Kl\u00e4rtanks zu untersuchen.[\/vc_column_text][vc_custom_heading text=&#8220;L\u00f6sung: 1 Kran anstelle von 8&#8243; font_container=&#8220;tag:h4|text_align:left|color:%23900000&#8243; use_theme_fonts=&#8220;yes&#8220;][vc_column_text]Thern arbeitete mit seinem lokalen Vertriebspartner zusammen, um den Bedarf der Abwasseranlage zu ermitteln. Gemeinsam empfahlen sie eine kosteneffiziente L\u00f6sung, die den Kauf von nur einem tragbaren Davit-Kran aus Edelstahl und acht Kranbasen aus Edelstahl beinhaltete, die fest neben den Aufbereitungstanks installiert werden konnten. Anstatt acht fest installierte Krane zu kaufen und zu installieren, konnte der Betreiber den tragbaren Kran von Basis zu Basis bewegen, um Pumpen und R\u00fchrwerke zu Wartungs- oder Servicezwecken aus den Tanks zu heben und abzusenken.[\/vc_column_text][vc_custom_heading text=&#8220;Ergebnis&#8220; font_container=&#8220;tag:h4|text_align:left|color:%23900000&#8243; use_theme_fonts=&#8220;yes&#8220;][vc_column_text]Der Betreiber konnte seine anf\u00e4nglichen Infrastrukturkosten durch den Kauf eines Krans und mehrerer Basen senken. Au\u00dferdem konnte der Betreiber die j\u00e4hrliche Geb\u00fchr f\u00fcr die Inspektion und Pr\u00fcfung mehrerer Krane senken.[\/vc_column_text][vc_btn title=&#8220;Zur\u00fcck zu Branchen&#8220; style=&#8220;custom&#8220; custom_background=&#8220;#c71a32&#8243; custom_text=&#8220;#ffffff&#8220; shape=&#8220;square&#8220; size=&#8220;lg&#8220; align=&#8220;left&#8220; i_icon_fontawesome=&#8220;fas fa-angle-left&#8220; add_icon=&#8220;true&#8220; link=&#8220;url:%2Fde%2Findustries%2F|title:Return%20to%20Industries&#8220;][\/vc_column][vc_column css_animation=&#8220;fadeInRight&#8220; width=&#8220;1\/2&#8243;][vc_gallery interval=&#8220;0&#8243; images=&#8220;32997,33003,33009,33015,33021,33027,33033&#8243; img_size=&#8220;full&#8220;][\/vc_column][\/vc_row][vc_row full_width=&#8220;stretch_row&#8220; css=&#8220;.vc_custom_1692985441183{padding-top: 35px !important;padding-bottom: 35px !important;}&#8220;][vc_column width=&#8220;1\/6&#8243;][\/vc_column][vc_column css_animation=&#8220;fadeInUp&#8220; width=&#8220;4\/6&#8243;][vc_custom_heading text=&#8220;Wir sind hier um zu helfen&#8220; font_container=&#8220;tag:h2|text_align:center|color:%230a0a0a&#8220; use_theme_fonts=&#8220;yes&#8220; css=&#8220;.vc_custom_1696542867360{margin-bottom: 0px !important;}&#8220;][vc_column_text]<\/p>\n<p style=\"text-align: center;\">Habe Fragen? Das freundliche und sachkundige Verkaufs- und Servicepersonal von Thern steht Ihnen gerne zur Verf\u00fcgung.<\/p>\n<p>[\/vc_column_text][vc_btn title=&#8220;Kontaktiere uns&#8220; style=&#8220;custom&#8220; custom_background=&#8220;#c71a32&#8243; custom_text=&#8220;#ffffff&#8220; shape=&#8220;square&#8220; size=&#8220;lg&#8220; align=&#8220;center&#8220; i_align=&#8220;right&#8220; i_icon_fontawesome=&#8220;fas fa-angle-right&#8220; add_icon=&#8220;true&#8220; link=&#8220;url:%2Fde%2Fcontact%2F|title:Contact&#8220;][\/vc_column][vc_column width=&#8220;1\/6&#8243;][\/vc_column][\/vc_row]<\/p>\n<\/div>","protected":false},"excerpt":{"rendered":"<p>[vc_section full_width=&#8220;stretch_row&#8220; content_placement=&#8220;middle&#8220; css=&#8220;.vc_custom_1692983716171{padding-top: 0px !important;background: #dddddd url(https:\/\/thern.com\/wp-content\/uploads\/2023\/07\/Thern-Inc_About-Hero.jpg?id=343) !important;background-position: center !important;background-repeat: no-repeat !important;background-size: cover !important;}&#8220;][vc_row full_width=&#8220;stretch_row&#8220; css=&#8220;.vc_custom_1692983676181{padding-top: 50px !important;padding-bottom: 70px !important;background-color: rgba(0,0,0,0.5) !important;*background-color: rgb(0,0,0) !important;}&#8220;][vc_column][vc_custom_heading text=&#8220;Kl\u00e4ranlage Aalborg&#8220; font_container=&#8220;tag:h1|text_align:left|color:%23ffffff&#8220; use_theme_fonts=&#8220;yes&#8220; css_animation=&#8220;fadeInLeft&#8220;][\/vc_column][\/vc_row][\/vc_section][vc_row full_width=&#8220;stretch_row&#8220; equal_height=&#8220;yes&#8220; css=&#8220;.vc_custom_1692985496191{padding-top: 65px !important;padding-bottom: 35px !important;}&#8220;][vc_column css_animation=&#8220;fadeInLeft&#8220; width=&#8220;1\/2&#8243;][vc_custom_heading text=&#8220;Herausforderung: Reduzierung der Kosten f\u00fcr den Anlagenbau&#8220; font_container=&#8220;tag:h4|text_align:left|color:%23900000&#8243; use_theme_fonts=&#8220;yes&#8220;][vc_column_text]Aalborg, D\u00e4nemark, ist eine wachsende Gemeinde und auch &#8230; <a title=\"Denmark Wastewater Treatment Aalborg\" class=\"read-more\" href=\"https:\/\/thern.com\/de\/portfolio\/denmark-wastewater-treatment-aalborg\/\" aria-label=\"More on Denmark Wastewater Treatment Aalborg\">Read more<\/a><\/p>\n","protected":false},"author":1,"featured_media":0,"parent":30091,"menu_order":0,"comment_status":"closed","ping_status":"closed","template":"","meta":{"footnotes":""},"class_list":["post-33042","page","type-page","status-publish"],"yoast_head":"<!-- This site is optimized with the Yoast SEO plugin v27.4 - https:\/\/yoast.com\/product\/yoast-seo-wordpress\/ -->\n<title>Kl\u00e4ranlage Aalborg | Thern\u00ae Winches &amp; Cranes<\/title>\n<meta name=\"description\" content=\"Tragbare Davit-Krane zum Absenken und Heben von Pumpen.\" \/>\n<meta name=\"robots\" content=\"index, follow, max-snippet:-1, max-image-preview:large, max-video-preview:-1\" \/>\n<link rel=\"canonical\" href=\"https:\/\/thern.com\/de\/portfolio\/denmark-wastewater-treatment-aalborg\/\" \/>\n<meta property=\"og:locale\" content=\"de_DE\" \/>\n<meta property=\"og:type\" content=\"article\" \/>\n<meta property=\"og:title\" content=\"Kl\u00e4ranlage Aalborg | Thern\u00ae Winches &amp; Cranes\" \/>\n<meta property=\"og:description\" content=\"Tragbare Davit-Krane zum Absenken und Heben von Pumpen.\" \/>\n<meta property=\"og:url\" content=\"https:\/\/thern.com\/de\/portfolio\/denmark-wastewater-treatment-aalborg\/\" \/>\n<meta property=\"og:site_name\" content=\"Thern\u00ae Winches &amp; Cranes\" \/>\n<meta property=\"article:publisher\" content=\"https:\/\/www.facebook.com\/ThernInc\/\" \/>\n<meta property=\"article:modified_time\" content=\"2023-10-31T16:52:30+00:00\" \/>\n<meta name=\"twitter:card\" content=\"summary_large_image\" \/>\n<meta name=\"twitter:label1\" content=\"Gesch\u00e4tzte Lesezeit\" \/>\n\t<meta name=\"twitter:data1\" content=\"2 Minuten\" \/>\n<script type=\"application\/ld+json\" class=\"yoast-schema-graph\">{\"@context\":\"https:\\\/\\\/schema.org\",\"@graph\":[{\"@type\":\"WebPage\",\"@id\":\"https:\\\/\\\/thern.com\\\/de\\\/portfolio\\\/denmark-wastewater-treatment-aalborg\\\/\",\"url\":\"https:\\\/\\\/thern.com\\\/de\\\/portfolio\\\/denmark-wastewater-treatment-aalborg\\\/\",\"name\":\"Kl\u00e4ranlage Aalborg | Thern\u00ae Winches &amp; Cranes\",\"isPartOf\":{\"@id\":\"https:\\\/\\\/thern.com\\\/de\\\/#website\"},\"datePublished\":\"2023-10-31T16:46:49+00:00\",\"dateModified\":\"2023-10-31T16:52:30+00:00\",\"description\":\"Tragbare Davit-Krane zum Absenken und Heben von Pumpen.\",\"breadcrumb\":{\"@id\":\"https:\\\/\\\/thern.com\\\/de\\\/portfolio\\\/denmark-wastewater-treatment-aalborg\\\/#breadcrumb\"},\"inLanguage\":\"de-DE\",\"potentialAction\":[{\"@type\":\"ReadAction\",\"target\":[\"https:\\\/\\\/thern.com\\\/de\\\/portfolio\\\/denmark-wastewater-treatment-aalborg\\\/\"]}]},{\"@type\":\"BreadcrumbList\",\"@id\":\"https:\\\/\\\/thern.com\\\/de\\\/portfolio\\\/denmark-wastewater-treatment-aalborg\\\/#breadcrumb\",\"itemListElement\":[{\"@type\":\"ListItem\",\"position\":1,\"name\":\"Home\",\"item\":\"https:\\\/\\\/thern.com\\\/de\\\/\"},{\"@type\":\"ListItem\",\"position\":2,\"name\":\"Portfolio\",\"item\":\"https:\\\/\\\/thern.com\\\/de\\\/portfolio\\\/\"},{\"@type\":\"ListItem\",\"position\":3,\"name\":\"Denmark Wastewater Treatment Aalborg\"}]},{\"@type\":\"WebSite\",\"@id\":\"https:\\\/\\\/thern.com\\\/de\\\/#website\",\"url\":\"https:\\\/\\\/thern.com\\\/de\\\/\",\"name\":\"Thern\u00ae Winches &amp; Cranes\",\"description\":\"Leave the Heavy Lifting to Us\",\"publisher\":{\"@id\":\"https:\\\/\\\/thern.com\\\/de\\\/#organization\"},\"potentialAction\":[{\"@type\":\"SearchAction\",\"target\":{\"@type\":\"EntryPoint\",\"urlTemplate\":\"https:\\\/\\\/thern.com\\\/de\\\/?s={search_term_string}\"},\"query-input\":{\"@type\":\"PropertyValueSpecification\",\"valueRequired\":true,\"valueName\":\"search_term_string\"}}],\"inLanguage\":\"de-DE\"},{\"@type\":\"Organization\",\"@id\":\"https:\\\/\\\/thern.com\\\/de\\\/#organization\",\"name\":\"Thern\u00ae Winches &amp; Cranes\",\"url\":\"https:\\\/\\\/thern.com\\\/de\\\/\",\"logo\":{\"@type\":\"ImageObject\",\"inLanguage\":\"de-DE\",\"@id\":\"https:\\\/\\\/thern.com\\\/de\\\/#\\\/schema\\\/logo\\\/image\\\/\",\"url\":\"https:\\\/\\\/thern.com\\\/wp-content\\\/uploads\\\/2023\\\/11\\\/Logo_SaveForWeb-outline-FINAL-01.svg\",\"contentUrl\":\"https:\\\/\\\/thern.com\\\/wp-content\\\/uploads\\\/2023\\\/11\\\/Logo_SaveForWeb-outline-FINAL-01.svg\",\"caption\":\"Thern\u00ae Winches &amp; Cranes\"},\"image\":{\"@id\":\"https:\\\/\\\/thern.com\\\/de\\\/#\\\/schema\\\/logo\\\/image\\\/\"},\"sameAs\":[\"https:\\\/\\\/www.facebook.com\\\/ThernInc\\\/\",\"https:\\\/\\\/www.linkedin.com\\\/company\\\/thern-inc-\\\/\",\"https:\\\/\\\/www.youtube.com\\\/user\\\/ThernStage\"]}]}<\/script>\n<!-- \/ Yoast SEO plugin. -->","yoast_head_json":{"title":"Kl\u00e4ranlage Aalborg | Thern\u00ae Winches &amp; Cranes","description":"Tragbare Davit-Krane zum Absenken und Heben von Pumpen.","robots":{"index":"index","follow":"follow","max-snippet":"max-snippet:-1","max-image-preview":"max-image-preview:large","max-video-preview":"max-video-preview:-1"},"canonical":"https:\/\/thern.com\/de\/portfolio\/denmark-wastewater-treatment-aalborg\/","og_locale":"de_DE","og_type":"article","og_title":"Kl\u00e4ranlage Aalborg | Thern\u00ae Winches &amp; Cranes","og_description":"Tragbare Davit-Krane zum Absenken und Heben von Pumpen.","og_url":"https:\/\/thern.com\/de\/portfolio\/denmark-wastewater-treatment-aalborg\/","og_site_name":"Thern\u00ae Winches &amp; Cranes","article_publisher":"https:\/\/www.facebook.com\/ThernInc\/","article_modified_time":"2023-10-31T16:52:30+00:00","twitter_card":"summary_large_image","twitter_misc":{"Gesch\u00e4tzte Lesezeit":"2 Minuten"},"schema":{"@context":"https:\/\/schema.org","@graph":[{"@type":"WebPage","@id":"https:\/\/thern.com\/de\/portfolio\/denmark-wastewater-treatment-aalborg\/","url":"https:\/\/thern.com\/de\/portfolio\/denmark-wastewater-treatment-aalborg\/","name":"Kl\u00e4ranlage Aalborg | Thern\u00ae Winches &amp; Cranes","isPartOf":{"@id":"https:\/\/thern.com\/de\/#website"},"datePublished":"2023-10-31T16:46:49+00:00","dateModified":"2023-10-31T16:52:30+00:00","description":"Tragbare Davit-Krane zum Absenken und Heben von Pumpen.","breadcrumb":{"@id":"https:\/\/thern.com\/de\/portfolio\/denmark-wastewater-treatment-aalborg\/#breadcrumb"},"inLanguage":"de-DE","potentialAction":[{"@type":"ReadAction","target":["https:\/\/thern.com\/de\/portfolio\/denmark-wastewater-treatment-aalborg\/"]}]},{"@type":"BreadcrumbList","@id":"https:\/\/thern.com\/de\/portfolio\/denmark-wastewater-treatment-aalborg\/#breadcrumb","itemListElement":[{"@type":"ListItem","position":1,"name":"Home","item":"https:\/\/thern.com\/de\/"},{"@type":"ListItem","position":2,"name":"Portfolio","item":"https:\/\/thern.com\/de\/portfolio\/"},{"@type":"ListItem","position":3,"name":"Denmark Wastewater Treatment Aalborg"}]},{"@type":"WebSite","@id":"https:\/\/thern.com\/de\/#website","url":"https:\/\/thern.com\/de\/","name":"Thern\u00ae Winches &amp; Cranes","description":"Leave the Heavy Lifting to Us","publisher":{"@id":"https:\/\/thern.com\/de\/#organization"},"potentialAction":[{"@type":"SearchAction","target":{"@type":"EntryPoint","urlTemplate":"https:\/\/thern.com\/de\/?s={search_term_string}"},"query-input":{"@type":"PropertyValueSpecification","valueRequired":true,"valueName":"search_term_string"}}],"inLanguage":"de-DE"},{"@type":"Organization","@id":"https:\/\/thern.com\/de\/#organization","name":"Thern\u00ae Winches &amp; Cranes","url":"https:\/\/thern.com\/de\/","logo":{"@type":"ImageObject","inLanguage":"de-DE","@id":"https:\/\/thern.com\/de\/#\/schema\/logo\/image\/","url":"https:\/\/thern.com\/wp-content\/uploads\/2023\/11\/Logo_SaveForWeb-outline-FINAL-01.svg","contentUrl":"https:\/\/thern.com\/wp-content\/uploads\/2023\/11\/Logo_SaveForWeb-outline-FINAL-01.svg","caption":"Thern\u00ae Winches &amp; Cranes"},"image":{"@id":"https:\/\/thern.com\/de\/#\/schema\/logo\/image\/"},"sameAs":["https:\/\/www.facebook.com\/ThernInc\/","https:\/\/www.linkedin.com\/company\/thern-inc-\/","https:\/\/www.youtube.com\/user\/ThernStage"]}]}},"_links":{"self":[{"href":"https:\/\/thern.com\/de\/wp-json\/wp\/v2\/pages\/33042","targetHints":{"allow":["GET"]}}],"collection":[{"href":"https:\/\/thern.com\/de\/wp-json\/wp\/v2\/pages"}],"about":[{"href":"https:\/\/thern.com\/de\/wp-json\/wp\/v2\/types\/page"}],"author":[{"embeddable":true,"href":"https:\/\/thern.com\/de\/wp-json\/wp\/v2\/users\/1"}],"replies":[{"embeddable":true,"href":"https:\/\/thern.com\/de\/wp-json\/wp\/v2\/comments?post=33042"}],"version-history":[{"count":0,"href":"https:\/\/thern.com\/de\/wp-json\/wp\/v2\/pages\/33042\/revisions"}],"up":[{"embeddable":true,"href":"https:\/\/thern.com\/de\/wp-json\/wp\/v2\/pages\/30091"}],"wp:attachment":[{"href":"https:\/\/thern.com\/de\/wp-json\/wp\/v2\/media?parent=33042"}],"curies":[{"name":"wp","href":"https:\/\/api.w.org\/{rel}","templated":true}]}}