{"id":32980,"date":"2023-10-31T16:22:48","date_gmt":"2023-10-31T16:22:48","guid":{"rendered":"https:\/\/therninc.wpenginepowered.com\/industries\/spain-wastewater-for-meat-processing\/"},"modified":"2023-12-06T18:20:18","modified_gmt":"2023-12-06T18:20:18","slug":"spain-wastewater-for-meat-processing","status":"publish","type":"page","link":"https:\/\/thern.com\/de\/portfolio\/spain-wastewater-for-meat-processing\/","title":{"rendered":"Spain Wastewater for Meat Processing"},"content":{"rendered":"<div class=\"wpb-content-wrapper\"><p>[vc_section full_width=&#8220;stretch_row&#8220; content_placement=&#8220;middle&#8220; css=&#8220;.vc_custom_1692983716171{padding-top: 0px !important;background: #dddddd url(https:\/\/thern.com\/wp-content\/uploads\/2023\/07\/Thern-Inc_About-Hero.jpg?id=343) !important;background-position: center !important;background-repeat: no-repeat !important;background-size: cover !important;}&#8220;][vc_row full_width=&#8220;stretch_row&#8220; css=&#8220;.vc_custom_1692983676181{padding-top: 50px !important;padding-bottom: 70px !important;background-color: rgba(0,0,0,0.5) !important;*background-color: rgb(0,0,0) !important;}&#8220;][vc_column][vc_custom_heading text=&#8220;Industrielle Kl\u00e4ranlage f\u00fcr die Fleischverarbeitung&#8220; font_container=&#8220;tag:h1|text_align:left|color:%23ffffff&#8220; use_theme_fonts=&#8220;yes&#8220; css_animation=&#8220;fadeInLeft&#8220;][\/vc_column][\/vc_row][\/vc_section][vc_row full_width=&#8220;stretch_row&#8220; equal_height=&#8220;yes&#8220; css=&#8220;.vc_custom_1692985496191{padding-top: 65px !important;padding-bottom: 35px !important;}&#8220;][vc_column css_animation=&#8220;fadeInLeft&#8220; width=&#8220;1\/2&#8243;][vc_custom_heading text=&#8220;Herausforderung: Reduzierung der j\u00e4hrlichen Kosten f\u00fcr die Inspektion von Hebeger\u00e4ten&#8220; font_container=&#8220;tag:h4|text_align:left|color:%23900000&#8243; use_theme_fonts=&#8220;yes&#8220;][vc_column_text]Eine Abwasseraufbereitungsanlage in Spanien dient einem \u00f6rtlichen Fleischverarbeitungsbetrieb zur Aufbereitung seines Prozesswassers. Wie alle Kl\u00e4ranlagen m\u00fcssen die Pumpen und R\u00fchrwerke j\u00e4hrlich inspiziert und getestet werden, um den ordnungsgem\u00e4\u00dfen Betrieb und die Effizienz sicherzustellen.<\/p>\n<p>Normalerweise werden die Pumpen und R\u00fchrwerke mit fest installierten Kranen, die j\u00e4hrlich inspiziert und getestet werden m\u00fcssen, aus den Aufbereitungstanks gehoben. Ein mit der Anlage verbundenes Planungs- und Bauunternehmen war der Ansicht, dass die Investition in fest installierte Hebevorrichtungen, die nur einmal im Jahr benutzt werden, eine schlechte Investition sei. Es sprach sich f\u00fcr den Einsatz von tragbaren Kranen und festen Kranbasen aus, die in der N\u00e4he jedes Behandlungstanks verankert werden k\u00f6nnten. Bei diesem Ansatz k\u00f6nnte der Betreiber der Anlage den Mobilkran je nach Bedarf von Basis zu Basis (und von Tank zu Tank) bewegen.<br \/>\n[\/vc_column_text][vc_custom_heading text=&#8220;L\u00f6sung: weniger Krane, geringere Investitionen und geringere j\u00e4hrliche Kosten&#8220; font_container=&#8220;tag:h4|text_align:left|color:%23900000&#8243; use_theme_fonts=&#8220;yes&#8220;][vc_column_text]Der Betreiber kaufte stattdessen einen tragbaren Davit-Kran mit f\u00fcnf Basen von Thern. Die tragbaren Davit-Kr\u00e4ne von Thern sind leicht, mobil und einfach zu installieren. Die tragbare L\u00f6sung schloss den Kauf mehrerer Krane aus, die eine j\u00e4hrliche Pr\u00fcfung und Wartung erfordern w\u00fcrden.[\/vc_column_text][vc_custom_heading text=&#8220;Ergebnis&#8220; font_container=&#8220;tag:h4|text_align:left|color:%23900000&#8243; use_theme_fonts=&#8220;yes&#8220;][vc_column_text]Durch die Verringerung der Anzahl von Kranen, die zum Heben und Senken von R\u00fchrwerken und Pumpen in und aus den Aufbereitungstanks erforderlich sind, konnte das Planungs- und Bauunternehmen die Investitionen des Betreibers in die Ausr\u00fcstung senken und gleichzeitig die mit mehreren Kranen verbundenen j\u00e4hrlichen Inspektions- und Pr\u00fcfkosten reduzieren.<\/p>\n<p>Der Kunde ist mit der L\u00f6sung zufrieden, und Thern arbeitet an weiteren Projekten mit der Design\/Build-Firma. Das Unternehmen hat neue Auftr\u00e4ge f\u00fcr die Lieferung von Davit-Kranen, Basen und mehr f\u00fcr andere Projekte von der Design\/Build-Firma erhalten.<br \/>\n[\/vc_column_text][vc_btn title=&#8220;Zur\u00fcck zu Branchen&#8220; style=&#8220;custom&#8220; custom_background=&#8220;#c71a32&#8243; custom_text=&#8220;#ffffff&#8220; shape=&#8220;square&#8220; size=&#8220;lg&#8220; align=&#8220;left&#8220; i_icon_fontawesome=&#8220;fas fa-angle-left&#8220; add_icon=&#8220;true&#8220; link=&#8220;url:%2Fde%2Findustries%2F|title:Return%20to%20Industries&#8220;][\/vc_column][vc_column css_animation=&#8220;fadeInRight&#8220; width=&#8220;1\/2&#8243;][vc_gallery interval=&#8220;0&#8243; images=&#8220;32965,32971&#8243; img_size=&#8220;full&#8220;][\/vc_column][\/vc_row][vc_row full_width=&#8220;stretch_row&#8220; css=&#8220;.vc_custom_1692985441183{padding-top: 35px !important;padding-bottom: 35px !important;}&#8220;][vc_column width=&#8220;1\/6&#8243;][\/vc_column][vc_column css_animation=&#8220;fadeInUp&#8220; width=&#8220;4\/6&#8243;][vc_custom_heading text=&#8220;Wir sind hier um zu helfen&#8220; font_container=&#8220;tag:h2|text_align:center|color:%230a0a0a&#8220; use_theme_fonts=&#8220;yes&#8220; css=&#8220;.vc_custom_1696542867360{margin-bottom: 0px !important;}&#8220;][vc_column_text]<\/p>\n<p style=\"text-align: center;\">Habe Fragen? Das freundliche und sachkundige Verkaufs- und Servicepersonal von Thern steht Ihnen gerne zur Verf\u00fcgung.<\/p>\n<p>[\/vc_column_text][vc_btn title=&#8220;Kontaktiere uns&#8220; style=&#8220;custom&#8220; custom_background=&#8220;#c71a32&#8243; custom_text=&#8220;#ffffff&#8220; shape=&#8220;square&#8220; size=&#8220;lg&#8220; align=&#8220;center&#8220; i_align=&#8220;right&#8220; i_icon_fontawesome=&#8220;fas fa-angle-right&#8220; add_icon=&#8220;true&#8220; link=&#8220;url:%2Fde%2Fcontact%2F|title:Contact&#8220;][\/vc_column][vc_column width=&#8220;1\/6&#8243;][\/vc_column][\/vc_row]<\/p>\n<\/div>","protected":false},"excerpt":{"rendered":"<p>[vc_section full_width=&#8220;stretch_row&#8220; content_placement=&#8220;middle&#8220; css=&#8220;.vc_custom_1692983716171{padding-top: 0px !important;background: #dddddd url(https:\/\/thern.com\/wp-content\/uploads\/2023\/07\/Thern-Inc_About-Hero.jpg?id=343) !important;background-position: center !important;background-repeat: no-repeat !important;background-size: cover !important;}&#8220;][vc_row full_width=&#8220;stretch_row&#8220; css=&#8220;.vc_custom_1692983676181{padding-top: 50px !important;padding-bottom: 70px !important;background-color: rgba(0,0,0,0.5) !important;*background-color: rgb(0,0,0) !important;}&#8220;][vc_column][vc_custom_heading text=&#8220;Industrielle Kl\u00e4ranlage f\u00fcr die Fleischverarbeitung&#8220; font_container=&#8220;tag:h1|text_align:left|color:%23ffffff&#8220; use_theme_fonts=&#8220;yes&#8220; css_animation=&#8220;fadeInLeft&#8220;][\/vc_column][\/vc_row][\/vc_section][vc_row full_width=&#8220;stretch_row&#8220; equal_height=&#8220;yes&#8220; css=&#8220;.vc_custom_1692985496191{padding-top: 65px !important;padding-bottom: 35px !important;}&#8220;][vc_column css_animation=&#8220;fadeInLeft&#8220; width=&#8220;1\/2&#8243;][vc_custom_heading text=&#8220;Herausforderung: Reduzierung der j\u00e4hrlichen Kosten f\u00fcr die Inspektion von Hebeger\u00e4ten&#8220; font_container=&#8220;tag:h4|text_align:left|color:%23900000&#8243; use_theme_fonts=&#8220;yes&#8220;][vc_column_text]Eine Abwasseraufbereitungsanlage &#8230; <a title=\"Spain Wastewater for Meat Processing\" class=\"read-more\" href=\"https:\/\/thern.com\/de\/portfolio\/spain-wastewater-for-meat-processing\/\" aria-label=\"More on Spain Wastewater for Meat Processing\">Read more<\/a><\/p>\n","protected":false},"author":1,"featured_media":0,"parent":30091,"menu_order":0,"comment_status":"closed","ping_status":"closed","template":"","meta":{"footnotes":""},"class_list":["post-32980","page","type-page","status-publish"],"yoast_head":"<!-- This site is optimized with the Yoast SEO plugin v27.5 - https:\/\/yoast.com\/product\/yoast-seo-wordpress\/ -->\n<title>Industrielle Kl\u00e4ranlage f\u00fcr die Fleischverarbeitung | Thern\u00ae Winches &amp; Cranes<\/title>\n<meta name=\"description\" content=\"Eine Abwasseraufbereitungsanlage in Spanien dient einem \u00f6rtlichen Fleischverarbeitungsbetrieb zur Aufbereitung seines Prozesswassers.\" \/>\n<meta name=\"robots\" content=\"noindex, nofollow\" \/>\n<meta property=\"og:locale\" content=\"de_DE\" \/>\n<meta property=\"og:type\" content=\"article\" \/>\n<meta property=\"og:title\" content=\"Industrielle Kl\u00e4ranlage f\u00fcr die Fleischverarbeitung | Thern\u00ae Winches &amp; Cranes\" \/>\n<meta property=\"og:description\" content=\"Eine Abwasseraufbereitungsanlage in Spanien dient einem \u00f6rtlichen Fleischverarbeitungsbetrieb zur Aufbereitung seines Prozesswassers.\" \/>\n<meta property=\"og:url\" content=\"https:\/\/thern.com\/de\/portfolio\/spain-wastewater-for-meat-processing\/\" \/>\n<meta property=\"og:site_name\" content=\"Thern\u00ae Winches &amp; Cranes\" \/>\n<meta property=\"article:publisher\" content=\"https:\/\/www.facebook.com\/ThernInc\/\" \/>\n<meta property=\"article:modified_time\" content=\"2023-12-06T18:20:18+00:00\" \/>\n<meta name=\"twitter:card\" content=\"summary_large_image\" \/>\n<meta name=\"twitter:label1\" content=\"Gesch\u00e4tzte Lesezeit\" \/>\n\t<meta name=\"twitter:data1\" content=\"2 Minuten\" \/>\n<script type=\"application\/ld+json\" class=\"yoast-schema-graph\">{\"@context\":\"https:\\\/\\\/schema.org\",\"@graph\":[{\"@type\":\"WebPage\",\"@id\":\"https:\\\/\\\/thern.com\\\/de\\\/portfolio\\\/spain-wastewater-for-meat-processing\\\/\",\"url\":\"https:\\\/\\\/thern.com\\\/de\\\/portfolio\\\/spain-wastewater-for-meat-processing\\\/\",\"name\":\"Industrielle Kl\u00e4ranlage f\u00fcr die Fleischverarbeitung | Thern\u00ae Winches &amp; Cranes\",\"isPartOf\":{\"@id\":\"https:\\\/\\\/thern.com\\\/de\\\/#website\"},\"datePublished\":\"2023-10-31T16:22:48+00:00\",\"dateModified\":\"2023-12-06T18:20:18+00:00\",\"description\":\"Eine Abwasseraufbereitungsanlage in Spanien dient einem \u00f6rtlichen Fleischverarbeitungsbetrieb zur Aufbereitung seines Prozesswassers.\",\"breadcrumb\":{\"@id\":\"https:\\\/\\\/thern.com\\\/de\\\/portfolio\\\/spain-wastewater-for-meat-processing\\\/#breadcrumb\"},\"inLanguage\":\"de-DE\",\"potentialAction\":[{\"@type\":\"ReadAction\",\"target\":[\"https:\\\/\\\/thern.com\\\/de\\\/portfolio\\\/spain-wastewater-for-meat-processing\\\/\"]}]},{\"@type\":\"BreadcrumbList\",\"@id\":\"https:\\\/\\\/thern.com\\\/de\\\/portfolio\\\/spain-wastewater-for-meat-processing\\\/#breadcrumb\",\"itemListElement\":[{\"@type\":\"ListItem\",\"position\":1,\"name\":\"Home\",\"item\":\"https:\\\/\\\/thern.com\\\/de\\\/\"},{\"@type\":\"ListItem\",\"position\":2,\"name\":\"Portfolio\",\"item\":\"https:\\\/\\\/thern.com\\\/de\\\/portfolio\\\/\"},{\"@type\":\"ListItem\",\"position\":3,\"name\":\"Spain Wastewater for Meat Processing\"}]},{\"@type\":\"WebSite\",\"@id\":\"https:\\\/\\\/thern.com\\\/de\\\/#website\",\"url\":\"https:\\\/\\\/thern.com\\\/de\\\/\",\"name\":\"Thern\u00ae Winches &amp; Cranes\",\"description\":\"Leave the Heavy Lifting to Us\",\"publisher\":{\"@id\":\"https:\\\/\\\/thern.com\\\/de\\\/#organization\"},\"potentialAction\":[{\"@type\":\"SearchAction\",\"target\":{\"@type\":\"EntryPoint\",\"urlTemplate\":\"https:\\\/\\\/thern.com\\\/de\\\/?s={search_term_string}\"},\"query-input\":{\"@type\":\"PropertyValueSpecification\",\"valueRequired\":true,\"valueName\":\"search_term_string\"}}],\"inLanguage\":\"de-DE\"},{\"@type\":\"Organization\",\"@id\":\"https:\\\/\\\/thern.com\\\/de\\\/#organization\",\"name\":\"Thern\u00ae Winches &amp; Cranes\",\"url\":\"https:\\\/\\\/thern.com\\\/de\\\/\",\"logo\":{\"@type\":\"ImageObject\",\"inLanguage\":\"de-DE\",\"@id\":\"https:\\\/\\\/thern.com\\\/de\\\/#\\\/schema\\\/logo\\\/image\\\/\",\"url\":\"https:\\\/\\\/thern.com\\\/wp-content\\\/uploads\\\/2023\\\/11\\\/Logo_SaveForWeb-outline-FINAL-01.svg\",\"contentUrl\":\"https:\\\/\\\/thern.com\\\/wp-content\\\/uploads\\\/2023\\\/11\\\/Logo_SaveForWeb-outline-FINAL-01.svg\",\"caption\":\"Thern\u00ae Winches &amp; Cranes\"},\"image\":{\"@id\":\"https:\\\/\\\/thern.com\\\/de\\\/#\\\/schema\\\/logo\\\/image\\\/\"},\"sameAs\":[\"https:\\\/\\\/www.facebook.com\\\/ThernInc\\\/\",\"https:\\\/\\\/www.linkedin.com\\\/company\\\/thern-inc-\\\/\",\"https:\\\/\\\/www.youtube.com\\\/user\\\/ThernStage\"]}]}<\/script>\n<!-- \/ Yoast SEO plugin. -->","yoast_head_json":{"title":"Industrielle Kl\u00e4ranlage f\u00fcr die Fleischverarbeitung | Thern\u00ae Winches &amp; Cranes","description":"Eine Abwasseraufbereitungsanlage in Spanien dient einem \u00f6rtlichen Fleischverarbeitungsbetrieb zur Aufbereitung seines Prozesswassers.","robots":{"index":"noindex","follow":"nofollow"},"og_locale":"de_DE","og_type":"article","og_title":"Industrielle Kl\u00e4ranlage f\u00fcr die Fleischverarbeitung | Thern\u00ae Winches &amp; Cranes","og_description":"Eine Abwasseraufbereitungsanlage in Spanien dient einem \u00f6rtlichen Fleischverarbeitungsbetrieb zur Aufbereitung seines Prozesswassers.","og_url":"https:\/\/thern.com\/de\/portfolio\/spain-wastewater-for-meat-processing\/","og_site_name":"Thern\u00ae Winches &amp; Cranes","article_publisher":"https:\/\/www.facebook.com\/ThernInc\/","article_modified_time":"2023-12-06T18:20:18+00:00","twitter_card":"summary_large_image","twitter_misc":{"Gesch\u00e4tzte Lesezeit":"2 Minuten"},"schema":{"@context":"https:\/\/schema.org","@graph":[{"@type":"WebPage","@id":"https:\/\/thern.com\/de\/portfolio\/spain-wastewater-for-meat-processing\/","url":"https:\/\/thern.com\/de\/portfolio\/spain-wastewater-for-meat-processing\/","name":"Industrielle Kl\u00e4ranlage f\u00fcr die Fleischverarbeitung | Thern\u00ae Winches &amp; Cranes","isPartOf":{"@id":"https:\/\/thern.com\/de\/#website"},"datePublished":"2023-10-31T16:22:48+00:00","dateModified":"2023-12-06T18:20:18+00:00","description":"Eine Abwasseraufbereitungsanlage in Spanien dient einem \u00f6rtlichen Fleischverarbeitungsbetrieb zur Aufbereitung seines Prozesswassers.","breadcrumb":{"@id":"https:\/\/thern.com\/de\/portfolio\/spain-wastewater-for-meat-processing\/#breadcrumb"},"inLanguage":"de-DE","potentialAction":[{"@type":"ReadAction","target":["https:\/\/thern.com\/de\/portfolio\/spain-wastewater-for-meat-processing\/"]}]},{"@type":"BreadcrumbList","@id":"https:\/\/thern.com\/de\/portfolio\/spain-wastewater-for-meat-processing\/#breadcrumb","itemListElement":[{"@type":"ListItem","position":1,"name":"Home","item":"https:\/\/thern.com\/de\/"},{"@type":"ListItem","position":2,"name":"Portfolio","item":"https:\/\/thern.com\/de\/portfolio\/"},{"@type":"ListItem","position":3,"name":"Spain Wastewater for Meat Processing"}]},{"@type":"WebSite","@id":"https:\/\/thern.com\/de\/#website","url":"https:\/\/thern.com\/de\/","name":"Thern\u00ae Winches &amp; Cranes","description":"Leave the Heavy Lifting to Us","publisher":{"@id":"https:\/\/thern.com\/de\/#organization"},"potentialAction":[{"@type":"SearchAction","target":{"@type":"EntryPoint","urlTemplate":"https:\/\/thern.com\/de\/?s={search_term_string}"},"query-input":{"@type":"PropertyValueSpecification","valueRequired":true,"valueName":"search_term_string"}}],"inLanguage":"de-DE"},{"@type":"Organization","@id":"https:\/\/thern.com\/de\/#organization","name":"Thern\u00ae Winches &amp; Cranes","url":"https:\/\/thern.com\/de\/","logo":{"@type":"ImageObject","inLanguage":"de-DE","@id":"https:\/\/thern.com\/de\/#\/schema\/logo\/image\/","url":"https:\/\/thern.com\/wp-content\/uploads\/2023\/11\/Logo_SaveForWeb-outline-FINAL-01.svg","contentUrl":"https:\/\/thern.com\/wp-content\/uploads\/2023\/11\/Logo_SaveForWeb-outline-FINAL-01.svg","caption":"Thern\u00ae Winches &amp; Cranes"},"image":{"@id":"https:\/\/thern.com\/de\/#\/schema\/logo\/image\/"},"sameAs":["https:\/\/www.facebook.com\/ThernInc\/","https:\/\/www.linkedin.com\/company\/thern-inc-\/","https:\/\/www.youtube.com\/user\/ThernStage"]}]}},"_links":{"self":[{"href":"https:\/\/thern.com\/de\/wp-json\/wp\/v2\/pages\/32980","targetHints":{"allow":["GET"]}}],"collection":[{"href":"https:\/\/thern.com\/de\/wp-json\/wp\/v2\/pages"}],"about":[{"href":"https:\/\/thern.com\/de\/wp-json\/wp\/v2\/types\/page"}],"author":[{"embeddable":true,"href":"https:\/\/thern.com\/de\/wp-json\/wp\/v2\/users\/1"}],"replies":[{"embeddable":true,"href":"https:\/\/thern.com\/de\/wp-json\/wp\/v2\/comments?post=32980"}],"version-history":[{"count":0,"href":"https:\/\/thern.com\/de\/wp-json\/wp\/v2\/pages\/32980\/revisions"}],"up":[{"embeddable":true,"href":"https:\/\/thern.com\/de\/wp-json\/wp\/v2\/pages\/30091"}],"wp:attachment":[{"href":"https:\/\/thern.com\/de\/wp-json\/wp\/v2\/media?parent=32980"}],"curies":[{"name":"wp","href":"https:\/\/api.w.org\/{rel}","templated":true}]}}