{"id":32858,"date":"2023-10-31T14:08:32","date_gmt":"2023-10-31T14:08:32","guid":{"rendered":"https:\/\/therninc.wpenginepowered.com\/industries\/luxemburg-wastewater-treatment-plant\/"},"modified":"2023-10-31T14:23:41","modified_gmt":"2023-10-31T14:23:41","slug":"luxemburg-wastewater-treatment-plant","status":"publish","type":"page","link":"https:\/\/thern.com\/de\/portfolio\/luxemburg-wastewater-treatment-plant\/","title":{"rendered":"Luxemburg Wastewater Treatment Plant"},"content":{"rendered":"<div class=\"wpb-content-wrapper\"><p>[vc_section full_width=&#8220;stretch_row&#8220; content_placement=&#8220;middle&#8220; css=&#8220;.vc_custom_1692983716171{padding-top: 0px !important;background: #dddddd url(https:\/\/thern.com\/wp-content\/uploads\/2023\/07\/Thern-Inc_About-Hero.jpg?id=343) !important;background-position: center !important;background-repeat: no-repeat !important;background-size: cover !important;}&#8220;][vc_row full_width=&#8220;stretch_row&#8220; css=&#8220;.vc_custom_1692983676181{padding-top: 50px !important;padding-bottom: 70px !important;background-color: rgba(0,0,0,0.5) !important;*background-color: rgb(0,0,0) !important;}&#8220;][vc_column][vc_custom_heading text=&#8220;Kl\u00e4ranlage Petingen&#8220; font_container=&#8220;tag:h1|text_align:left|color:%23ffffff&#8220; use_theme_fonts=&#8220;yes&#8220; css_animation=&#8220;fadeInLeft&#8220;][\/vc_column][\/vc_row][\/vc_section][vc_row full_width=&#8220;stretch_row&#8220; equal_height=&#8220;yes&#8220; css=&#8220;.vc_custom_1692985496191{padding-top: 65px !important;padding-bottom: 35px !important;}&#8220;][vc_column css_animation=&#8220;fadeInLeft&#8220; width=&#8220;1\/2&#8243;][vc_custom_heading text=&#8220;Herausforderung: Steigerung der Effizienz ohne Abstriche bei der Sicherheit&#8220; font_container=&#8220;tag:h4|text_align:left|color:%23900000&#8243; use_theme_fonts=&#8220;yes&#8220;][vc_column_text]Die Kl\u00e4ranlage in Petingen, Luxemburg, ist eine zweistufige Belebungsanlage mit jeweils drei Kaskaden. Sie wird derzeit modernisiert, um die Kapazit\u00e4t von 50.000 EW auf 115.000 EW zu erh\u00f6hen. Neben der Kapazit\u00e4tserh\u00f6hung wollte das Management die betriebliche Effizienz verbessern und gleichzeitig den Energieverbrauch senken. Ein weiteres Ziel der Modernisierung war die Erh\u00f6hung der Sicherheit.<\/p>\n<p>Zur Infrastruktur geh\u00f6ren eine Reihe von Pumpen und R\u00fchrwerken, die f\u00fcr die Abwasserreinigung unerl\u00e4sslich sind. Die Pumpen und R\u00fchrwerke m\u00fcssen regelm\u00e4\u00dfig zur Inspektion und Wartung aus den Kl\u00e4rbecken gehoben werden, wof\u00fcr ein Kran und eine Winde erforderlich sind.<\/p>\n<p>Die station\u00e4ren Krane, die der Anlagenbetreiber verwendete, waren gro\u00df, schwer und schwierig zu bedienen. Daher beschloss der Eigent\u00fcmer\/Betreiber, im Rahmen der Modernisierung nach Alternativen zu suchen. Die Hebezeuge sollten in der Lage sein, die schweren R\u00fchrwerke und Pumpen \u00fcber die Tankschutzwand zu heben. Au\u00dferdem sollten sie leichter, einfacher zu bedienen und mobil sein.<br \/>\n[\/vc_column_text][vc_custom_heading text=&#8220;L\u00f6sung: Passgenauigkeit und sicherer Betrieb&#8220; font_container=&#8220;tag:h4|text_align:left|color:%23900000&#8243; use_theme_fonts=&#8220;yes&#8220;][vc_column_text]Thern empfahl hoch belastbare tragbare Davit-Krane mit Basisverl\u00e4ngerungen, um ihre Arbeitsh\u00f6he zu erh\u00f6hen. Die Basisverl\u00e4ngerungen erm\u00f6glichen es den Kranauslegern, die Pumpen und R\u00fchrwerke problemlos \u00fcber die Sicherheitsgel\u00e4nder in die Tanks zu schwenken. Die Bediener bleiben dabei stets hinter dem Gel\u00e4nder, was die Sicherheit der Bediener erh\u00f6ht. Thern empfahl au\u00dferdem mehrere Kranbasen, die der Bediener dauerhaft neben den Tanks verankern kann. Letztere erm\u00f6glichen es dem Bediener, die tragbaren Krane schnell und effizient von einer Station zur anderen zu bewegen, wodurch sich der Bedarf an zus\u00e4tzlichen Kranen verringert.[\/vc_column_text][vc_custom_heading text=&#8220;Ergebnis&#8220; font_container=&#8220;tag:h4|text_align:left|color:%23900000&#8243; use_theme_fonts=&#8220;yes&#8220;][vc_column_text]Der Eigent\u00fcmer\/Betreiber stimmte der L\u00f6sung zu und kaufte zwei tragbare Davit-Krane von Thern sowie gen\u00fcgend Basen, um jeden Tank mit einer Pumpe und\/oder einem R\u00fchrwerk unterzubringen. Die Krane werden nicht nur f\u00fcr Inspektionen und Wartungsarbeiten eingesetzt, sondern auch, um die H\u00f6he der R\u00fchrwerke an ver\u00e4nderte Bedingungen anzupassen.<br \/>\n[\/vc_column_text][vc_btn title=&#8220;Zur\u00fcck zu Branchen&#8220; style=&#8220;custom&#8220; custom_background=&#8220;#c71a32&#8243; custom_text=&#8220;#ffffff&#8220; shape=&#8220;square&#8220; size=&#8220;lg&#8220; align=&#8220;left&#8220; i_icon_fontawesome=&#8220;fas fa-angle-left&#8220; add_icon=&#8220;true&#8220; link=&#8220;url:%2Fde%2Findustries%2F|title:Return%20to%20Industries&#8220;][\/vc_column][vc_column css_animation=&#8220;fadeInRight&#8220; width=&#8220;1\/2&#8243;][vc_gallery type=&#8220;nivo&#8220; interval=&#8220;0&#8243; images=&#8220;32759,32765,32771,32777,32783,32789,32795,32801,32807,32813,32819,32825,32831,32837,32843,32849&#8243; img_size=&#8220;full&#8220;][\/vc_column][\/vc_row][vc_row full_width=&#8220;stretch_row&#8220; css=&#8220;.vc_custom_1692985441183{padding-top: 35px !important;padding-bottom: 35px !important;}&#8220;][vc_column width=&#8220;1\/6&#8243;][\/vc_column][vc_column css_animation=&#8220;fadeInUp&#8220; width=&#8220;4\/6&#8243;][vc_custom_heading text=&#8220;Wir sind hier um zu helfen&#8220; font_container=&#8220;tag:h2|text_align:center|color:%230a0a0a&#8220; use_theme_fonts=&#8220;yes&#8220; css=&#8220;.vc_custom_1696542867360{margin-bottom: 0px !important;}&#8220;][vc_column_text]<\/p>\n<p style=\"text-align: center;\">Habe Fragen? Das freundliche und sachkundige Verkaufs- und Servicepersonal von Thern steht Ihnen gerne zur Verf\u00fcgung.<\/p>\n<p>[\/vc_column_text][vc_btn title=&#8220;Kontaktiere uns&#8220; style=&#8220;custom&#8220; custom_background=&#8220;#c71a32&#8243; custom_text=&#8220;#ffffff&#8220; shape=&#8220;square&#8220; size=&#8220;lg&#8220; align=&#8220;center&#8220; i_align=&#8220;right&#8220; i_icon_fontawesome=&#8220;fas fa-angle-right&#8220; add_icon=&#8220;true&#8220; link=&#8220;url:%2Fde%2Fcontact%2F|title:Contact&#8220;][\/vc_column][vc_column width=&#8220;1\/6&#8243;][\/vc_column][\/vc_row]<\/p>\n<\/div>","protected":false},"excerpt":{"rendered":"<p>[vc_section full_width=&#8220;stretch_row&#8220; content_placement=&#8220;middle&#8220; css=&#8220;.vc_custom_1692983716171{padding-top: 0px !important;background: #dddddd url(https:\/\/thern.com\/wp-content\/uploads\/2023\/07\/Thern-Inc_About-Hero.jpg?id=343) !important;background-position: center !important;background-repeat: no-repeat !important;background-size: cover !important;}&#8220;][vc_row full_width=&#8220;stretch_row&#8220; css=&#8220;.vc_custom_1692983676181{padding-top: 50px !important;padding-bottom: 70px !important;background-color: rgba(0,0,0,0.5) !important;*background-color: rgb(0,0,0) !important;}&#8220;][vc_column][vc_custom_heading text=&#8220;Kl\u00e4ranlage Petingen&#8220; font_container=&#8220;tag:h1|text_align:left|color:%23ffffff&#8220; use_theme_fonts=&#8220;yes&#8220; css_animation=&#8220;fadeInLeft&#8220;][\/vc_column][\/vc_row][\/vc_section][vc_row full_width=&#8220;stretch_row&#8220; equal_height=&#8220;yes&#8220; css=&#8220;.vc_custom_1692985496191{padding-top: 65px !important;padding-bottom: 35px !important;}&#8220;][vc_column css_animation=&#8220;fadeInLeft&#8220; width=&#8220;1\/2&#8243;][vc_custom_heading text=&#8220;Herausforderung: Steigerung der Effizienz ohne Abstriche bei der Sicherheit&#8220; font_container=&#8220;tag:h4|text_align:left|color:%23900000&#8243; use_theme_fonts=&#8220;yes&#8220;][vc_column_text]Die Kl\u00e4ranlage in Petingen, Luxemburg, ist &#8230; <a title=\"Luxemburg Wastewater Treatment Plant\" class=\"read-more\" href=\"https:\/\/thern.com\/de\/portfolio\/luxemburg-wastewater-treatment-plant\/\" aria-label=\"More on Luxemburg Wastewater Treatment Plant\">Read more<\/a><\/p>\n","protected":false},"author":1,"featured_media":0,"parent":30091,"menu_order":0,"comment_status":"closed","ping_status":"closed","template":"","meta":{"footnotes":""},"class_list":["post-32858","page","type-page","status-publish"],"yoast_head":"<!-- This site is optimized with the Yoast SEO plugin v27.3 - https:\/\/yoast.com\/product\/yoast-seo-wordpress\/ -->\n<title>Kl\u00e4ranlage Petingen | Thern\u00ae Winches &amp; Cranes<\/title>\n<meta name=\"description\" content=\"Tragbare Davit-Krane zum Absenken und Anheben von Pumpen und R\u00fchrwerken.\" \/>\n<meta name=\"robots\" content=\"index, follow, max-snippet:-1, max-image-preview:large, max-video-preview:-1\" \/>\n<link rel=\"canonical\" href=\"https:\/\/thern.com\/de\/portfolio\/luxemburg-wastewater-treatment-plant\/\" \/>\n<meta property=\"og:locale\" content=\"de_DE\" \/>\n<meta property=\"og:type\" content=\"article\" \/>\n<meta property=\"og:title\" content=\"Kl\u00e4ranlage Petingen | Thern\u00ae Winches &amp; Cranes\" \/>\n<meta property=\"og:description\" content=\"Tragbare Davit-Krane zum Absenken und Anheben von Pumpen und R\u00fchrwerken.\" \/>\n<meta property=\"og:url\" content=\"https:\/\/thern.com\/de\/portfolio\/luxemburg-wastewater-treatment-plant\/\" \/>\n<meta property=\"og:site_name\" content=\"Thern\u00ae Winches &amp; Cranes\" \/>\n<meta property=\"article:publisher\" content=\"https:\/\/www.facebook.com\/ThernInc\/\" \/>\n<meta property=\"article:modified_time\" content=\"2023-10-31T14:23:41+00:00\" \/>\n<meta name=\"twitter:card\" content=\"summary_large_image\" \/>\n<meta name=\"twitter:label1\" content=\"Gesch\u00e4tzte Lesezeit\" \/>\n\t<meta name=\"twitter:data1\" content=\"2 Minuten\" \/>\n<script type=\"application\/ld+json\" class=\"yoast-schema-graph\">{\"@context\":\"https:\\\/\\\/schema.org\",\"@graph\":[{\"@type\":\"WebPage\",\"@id\":\"https:\\\/\\\/thern.com\\\/de\\\/portfolio\\\/luxemburg-wastewater-treatment-plant\\\/\",\"url\":\"https:\\\/\\\/thern.com\\\/de\\\/portfolio\\\/luxemburg-wastewater-treatment-plant\\\/\",\"name\":\"Kl\u00e4ranlage Petingen | Thern\u00ae Winches &amp; Cranes\",\"isPartOf\":{\"@id\":\"https:\\\/\\\/thern.com\\\/de\\\/#website\"},\"datePublished\":\"2023-10-31T14:08:32+00:00\",\"dateModified\":\"2023-10-31T14:23:41+00:00\",\"description\":\"Tragbare Davit-Krane zum Absenken und Anheben von Pumpen und R\u00fchrwerken.\",\"breadcrumb\":{\"@id\":\"https:\\\/\\\/thern.com\\\/de\\\/portfolio\\\/luxemburg-wastewater-treatment-plant\\\/#breadcrumb\"},\"inLanguage\":\"de-DE\",\"potentialAction\":[{\"@type\":\"ReadAction\",\"target\":[\"https:\\\/\\\/thern.com\\\/de\\\/portfolio\\\/luxemburg-wastewater-treatment-plant\\\/\"]}]},{\"@type\":\"BreadcrumbList\",\"@id\":\"https:\\\/\\\/thern.com\\\/de\\\/portfolio\\\/luxemburg-wastewater-treatment-plant\\\/#breadcrumb\",\"itemListElement\":[{\"@type\":\"ListItem\",\"position\":1,\"name\":\"Home\",\"item\":\"https:\\\/\\\/thern.com\\\/de\\\/\"},{\"@type\":\"ListItem\",\"position\":2,\"name\":\"Portfolio\",\"item\":\"https:\\\/\\\/thern.com\\\/de\\\/portfolio\\\/\"},{\"@type\":\"ListItem\",\"position\":3,\"name\":\"Luxemburg Wastewater Treatment Plant\"}]},{\"@type\":\"WebSite\",\"@id\":\"https:\\\/\\\/thern.com\\\/de\\\/#website\",\"url\":\"https:\\\/\\\/thern.com\\\/de\\\/\",\"name\":\"Thern\u00ae Winches &amp; Cranes\",\"description\":\"Leave the Heavy Lifting to Us\",\"publisher\":{\"@id\":\"https:\\\/\\\/thern.com\\\/de\\\/#organization\"},\"potentialAction\":[{\"@type\":\"SearchAction\",\"target\":{\"@type\":\"EntryPoint\",\"urlTemplate\":\"https:\\\/\\\/thern.com\\\/de\\\/?s={search_term_string}\"},\"query-input\":{\"@type\":\"PropertyValueSpecification\",\"valueRequired\":true,\"valueName\":\"search_term_string\"}}],\"inLanguage\":\"de-DE\"},{\"@type\":\"Organization\",\"@id\":\"https:\\\/\\\/thern.com\\\/de\\\/#organization\",\"name\":\"Thern\u00ae Winches &amp; Cranes\",\"url\":\"https:\\\/\\\/thern.com\\\/de\\\/\",\"logo\":{\"@type\":\"ImageObject\",\"inLanguage\":\"de-DE\",\"@id\":\"https:\\\/\\\/thern.com\\\/de\\\/#\\\/schema\\\/logo\\\/image\\\/\",\"url\":\"https:\\\/\\\/thern.com\\\/wp-content\\\/uploads\\\/2023\\\/11\\\/Logo_SaveForWeb-outline-FINAL-01.svg\",\"contentUrl\":\"https:\\\/\\\/thern.com\\\/wp-content\\\/uploads\\\/2023\\\/11\\\/Logo_SaveForWeb-outline-FINAL-01.svg\",\"caption\":\"Thern\u00ae Winches &amp; Cranes\"},\"image\":{\"@id\":\"https:\\\/\\\/thern.com\\\/de\\\/#\\\/schema\\\/logo\\\/image\\\/\"},\"sameAs\":[\"https:\\\/\\\/www.facebook.com\\\/ThernInc\\\/\",\"https:\\\/\\\/www.linkedin.com\\\/company\\\/thern-inc-\\\/\",\"https:\\\/\\\/www.youtube.com\\\/user\\\/ThernStage\"]}]}<\/script>\n<!-- \/ Yoast SEO plugin. -->","yoast_head_json":{"title":"Kl\u00e4ranlage Petingen | Thern\u00ae Winches &amp; Cranes","description":"Tragbare Davit-Krane zum Absenken und Anheben von Pumpen und R\u00fchrwerken.","robots":{"index":"index","follow":"follow","max-snippet":"max-snippet:-1","max-image-preview":"max-image-preview:large","max-video-preview":"max-video-preview:-1"},"canonical":"https:\/\/thern.com\/de\/portfolio\/luxemburg-wastewater-treatment-plant\/","og_locale":"de_DE","og_type":"article","og_title":"Kl\u00e4ranlage Petingen | Thern\u00ae Winches &amp; Cranes","og_description":"Tragbare Davit-Krane zum Absenken und Anheben von Pumpen und R\u00fchrwerken.","og_url":"https:\/\/thern.com\/de\/portfolio\/luxemburg-wastewater-treatment-plant\/","og_site_name":"Thern\u00ae Winches &amp; Cranes","article_publisher":"https:\/\/www.facebook.com\/ThernInc\/","article_modified_time":"2023-10-31T14:23:41+00:00","twitter_card":"summary_large_image","twitter_misc":{"Gesch\u00e4tzte Lesezeit":"2 Minuten"},"schema":{"@context":"https:\/\/schema.org","@graph":[{"@type":"WebPage","@id":"https:\/\/thern.com\/de\/portfolio\/luxemburg-wastewater-treatment-plant\/","url":"https:\/\/thern.com\/de\/portfolio\/luxemburg-wastewater-treatment-plant\/","name":"Kl\u00e4ranlage Petingen | Thern\u00ae Winches &amp; Cranes","isPartOf":{"@id":"https:\/\/thern.com\/de\/#website"},"datePublished":"2023-10-31T14:08:32+00:00","dateModified":"2023-10-31T14:23:41+00:00","description":"Tragbare Davit-Krane zum Absenken und Anheben von Pumpen und R\u00fchrwerken.","breadcrumb":{"@id":"https:\/\/thern.com\/de\/portfolio\/luxemburg-wastewater-treatment-plant\/#breadcrumb"},"inLanguage":"de-DE","potentialAction":[{"@type":"ReadAction","target":["https:\/\/thern.com\/de\/portfolio\/luxemburg-wastewater-treatment-plant\/"]}]},{"@type":"BreadcrumbList","@id":"https:\/\/thern.com\/de\/portfolio\/luxemburg-wastewater-treatment-plant\/#breadcrumb","itemListElement":[{"@type":"ListItem","position":1,"name":"Home","item":"https:\/\/thern.com\/de\/"},{"@type":"ListItem","position":2,"name":"Portfolio","item":"https:\/\/thern.com\/de\/portfolio\/"},{"@type":"ListItem","position":3,"name":"Luxemburg Wastewater Treatment Plant"}]},{"@type":"WebSite","@id":"https:\/\/thern.com\/de\/#website","url":"https:\/\/thern.com\/de\/","name":"Thern\u00ae Winches &amp; Cranes","description":"Leave the Heavy Lifting to Us","publisher":{"@id":"https:\/\/thern.com\/de\/#organization"},"potentialAction":[{"@type":"SearchAction","target":{"@type":"EntryPoint","urlTemplate":"https:\/\/thern.com\/de\/?s={search_term_string}"},"query-input":{"@type":"PropertyValueSpecification","valueRequired":true,"valueName":"search_term_string"}}],"inLanguage":"de-DE"},{"@type":"Organization","@id":"https:\/\/thern.com\/de\/#organization","name":"Thern\u00ae Winches &amp; Cranes","url":"https:\/\/thern.com\/de\/","logo":{"@type":"ImageObject","inLanguage":"de-DE","@id":"https:\/\/thern.com\/de\/#\/schema\/logo\/image\/","url":"https:\/\/thern.com\/wp-content\/uploads\/2023\/11\/Logo_SaveForWeb-outline-FINAL-01.svg","contentUrl":"https:\/\/thern.com\/wp-content\/uploads\/2023\/11\/Logo_SaveForWeb-outline-FINAL-01.svg","caption":"Thern\u00ae Winches &amp; Cranes"},"image":{"@id":"https:\/\/thern.com\/de\/#\/schema\/logo\/image\/"},"sameAs":["https:\/\/www.facebook.com\/ThernInc\/","https:\/\/www.linkedin.com\/company\/thern-inc-\/","https:\/\/www.youtube.com\/user\/ThernStage"]}]}},"_links":{"self":[{"href":"https:\/\/thern.com\/de\/wp-json\/wp\/v2\/pages\/32858","targetHints":{"allow":["GET"]}}],"collection":[{"href":"https:\/\/thern.com\/de\/wp-json\/wp\/v2\/pages"}],"about":[{"href":"https:\/\/thern.com\/de\/wp-json\/wp\/v2\/types\/page"}],"author":[{"embeddable":true,"href":"https:\/\/thern.com\/de\/wp-json\/wp\/v2\/users\/1"}],"replies":[{"embeddable":true,"href":"https:\/\/thern.com\/de\/wp-json\/wp\/v2\/comments?post=32858"}],"version-history":[{"count":0,"href":"https:\/\/thern.com\/de\/wp-json\/wp\/v2\/pages\/32858\/revisions"}],"up":[{"embeddable":true,"href":"https:\/\/thern.com\/de\/wp-json\/wp\/v2\/pages\/30091"}],"wp:attachment":[{"href":"https:\/\/thern.com\/de\/wp-json\/wp\/v2\/media?parent=32858"}],"curies":[{"name":"wp","href":"https:\/\/api.w.org\/{rel}","templated":true}]}}