{"id":32396,"date":"2023-08-28T17:38:58","date_gmt":"2023-08-28T17:38:58","guid":{"rendered":"https:\/\/therninc.wpenginepowered.com\/industries\/construction\/"},"modified":"2023-10-09T19:55:25","modified_gmt":"2023-10-09T19:55:25","slug":"construction","status":"publish","type":"page","link":"https:\/\/thern.com\/de\/industries\/construction\/","title":{"rendered":"Construction"},"content":{"rendered":"<div class=\"wpb-content-wrapper\"><p>[vc_section full_width=&#8220;stretch_row&#8220; content_placement=&#8220;middle&#8220; css=&#8220;.vc_custom_1693244379282{padding-top: 0px !important;background-image: url(https:\/\/thern.com\/wp-content\/uploads\/2023\/08\/Thern-Industry-Header-Banners-Construction-.jpg?id=23480) !important;background-position: center !important;background-repeat: no-repeat !important;background-size: cover !important;}&#8220;][vc_row full_width=&#8220;stretch_row&#8220; css=&#8220;.vc_custom_1691686038929{padding-top: 50px !important;padding-bottom: 70px !important;background-color: rgba(0,0,0,0.35) !important;*background-color: rgb(0,0,0) !important;}&#8220;][vc_column][vc_custom_heading text=&#8220;Konstruktion&#8220; font_container=&#8220;tag:h1|text_align:left|color:%23ffffff&#8220; use_theme_fonts=&#8220;yes&#8220; css_animation=&#8220;fadeInLeft&#8220;][\/vc_column][\/vc_row][\/vc_section][vc_row full_width=&#8220;stretch_row&#8220; equal_height=&#8220;yes&#8220; content_placement=&#8220;middle&#8220; css=&#8220;.vc_custom_1689180629506{padding-bottom: 35px !important;background-color: #c71a32 !important;}&#8220;][vc_column css_animation=&#8220;fadeInLeft&#8220; width=&#8220;2\/3&#8243;][vc_custom_heading text=&#8220;Kr\u00e4ne und Winden f\u00fcr den Bau&#8220; font_container=&#8220;tag:h2|text_align:left|color:%23ffffff&#8220; use_theme_fonts=&#8220;yes&#8220;][\/vc_column][vc_column width=&#8220;1\/3&#8243; el_class=&#8220;do-not-show&#8220;][\/vc_column][\/vc_row][vc_row css=&#8220;.vc_custom_1691698080911{padding-top: 15px !important;}&#8220;][vc_column width=&#8220;1\/6&#8243; el_class=&#8220;do-not-show&#8220;][\/vc_column][vc_column css_animation=&#8220;fadeInUp&#8220; width=&#8220;2\/3&#8243;][vc_column_text]<\/p>\n<p style=\"text-align: center;\">Auf Baustellen gibt es viele Einsatzm\u00f6glichkeiten f\u00fcr tragbare Bauwinden und Baukr\u00e4ne. Bauunternehmer ben\u00f6tigen h\u00e4ufig Bauhebeger\u00e4te an mehreren Standorten. Winden und Kr\u00e4ne von Thern versorgen sie in tragbaren, kompakten Einheiten mit der ben\u00f6tigten Lasthandhabungsleistung.<\/p>\n<p style=\"text-align: center;\">Entdecken Sie unten die ma\u00dfgeschneiderten Kr\u00e4ne und Winden, die wir f\u00fcr Bauanwendungen entwickelt haben!<\/p>\n<p>[\/vc_column_text][\/vc_column][vc_column width=&#8220;1\/6&#8243; el_class=&#8220;do-not-show&#8220;][\/vc_column][\/vc_row][vc_section el_id=&#8220;rotate-containers&#8220; css=&#8220;.vc_custom_1692817472416{padding-top: 35px !important;padding-bottom: 35px !important;}&#8220;][vc_row css_animation=&#8220;fadeInUp&#8220; el_id=&#8220;product-change&#8220;][vc_column][vc_row_inner el_class=&#8220;headline-container&#8220;][vc_column_inner width=&#8220;1\/3&#8243;][vc_custom_heading text=&#8220;Schr\u00e4gseilwinden&#8220; font_container=&#8220;tag:h6|text_align:left|color:%23990000&#8243; use_theme_fonts=&#8220;yes&#8220; css=&#8220;.vc_custom_1696881165330{margin-bottom: 0px !important;}&#8220; el_class=&#8220;headline-one active&#8220;][\/vc_column_inner][vc_column_inner width=&#8220;1\/3&#8243;][vc_custom_heading text=&#8220;Wartungs-\/Reparaturwinden&#8220; font_container=&#8220;tag:h6|text_align:left|color:%23990000&#8243; use_theme_fonts=&#8220;yes&#8220; css=&#8220;.vc_custom_1696881171673{margin-bottom: 0px !important;}&#8220; el_class=&#8220;headline-two&#8220;][\/vc_column_inner][vc_column_inner width=&#8220;1\/3&#8243;][vc_custom_heading text=&#8220;Aufzugsinstallationsaufz\u00fcge&#8220; font_container=&#8220;tag:h6|text_align:left|color:%23990000&#8243; use_theme_fonts=&#8220;yes&#8220; css=&#8220;.vc_custom_1696881176955{margin-bottom: 0px !important;}&#8220; el_class=&#8220;headline-three&#8220;][\/vc_column_inner][vc_column_inner width=&#8220;1\/3&#8243;][vc_custom_heading text=&#8220;Dachkr\u00e4ne&#8220; font_container=&#8220;tag:h6|text_align:left|color:%23990000&#8243; use_theme_fonts=&#8220;yes&#8220; css=&#8220;.vc_custom_1696881182800{margin-bottom: 0px !important;}&#8220; el_class=&#8220;headline-four&#8220;][\/vc_column_inner][vc_column_inner width=&#8220;1\/3&#8243;][vc_custom_heading text=&#8220;Turmdrehkrane&#8220; font_container=&#8220;tag:h6|text_align:left|color:%23990000&#8243; use_theme_fonts=&#8220;yes&#8220; css=&#8220;.vc_custom_1696881188550{margin-bottom: 0px !important;}&#8220; el_class=&#8220;headline-five&#8220;][\/vc_column_inner][vc_column_inner width=&#8220;1\/3&#8243;][vc_custom_heading text=&#8220;Spezialwinden&#8220; font_container=&#8220;tag:h6|text_align:left|color:%23990000&#8243; use_theme_fonts=&#8220;yes&#8220; css=&#8220;.vc_custom_1696881194574{margin-bottom: 0px !important;}&#8220; el_class=&#8220;headline-six&#8220;][\/vc_column_inner][\/vc_row_inner][\/vc_column][\/vc_row][vc_row css_animation=&#8220;fadeInUp&#8220; el_class=&#8220;container-one active&#8220; el_id=&#8220;container-one&#8220;][vc_column][vc_single_image image=&#8220;23473&#8243; img_size=&#8220;full&#8220; alignment=&#8220;center&#8220;][vc_row_inner][vc_column_inner width=&#8220;1\/2&#8243;][vc_column_text el_class=&#8220;content-one active&#8220;]<\/p>\n<h3><span style=\"color: #900000;\">Schr\u00e4gseilwinde<\/span><\/h3>\n<p>[\/vc_column_text][\/vc_column_inner][vc_column_inner width=&#8220;1\/2&#8243;][vc_btn title=&#8220;Erfahren Sie mehr&#8220; style=&#8220;custom&#8220; custom_background=&#8220;#c71a32&#8243; custom_text=&#8220;#ffffff&#8220; shape=&#8220;square&#8220; size=&#8220;lg&#8220; align=&#8220;center&#8220; i_align=&#8220;right&#8220; i_icon_fontawesome=&#8220;fas fa-angle-right&#8220; add_icon=&#8220;true&#8220; el_class=&#8220;button-one active&#8220; link=&#8220;url:%2Fde%2Findustries%2Fconstruction%2Fcable-stay-winches%2F|title:Explore%20Cable%20Stay%20Winches&#8220;][\/vc_column_inner][\/vc_row_inner][\/vc_column][\/vc_row][vc_row el_class=&#8220;container-two&#8220; el_id=&#8220;container-two&#8220;][vc_column][vc_single_image image=&#8220;23478&#8243; img_size=&#8220;full&#8220; alignment=&#8220;center&#8220;][vc_row_inner][vc_column_inner width=&#8220;1\/2&#8243;][vc_column_text el_class=&#8220;content-one active&#8220;]<\/p>\n<h3><span style=\"color: #900000;\">Wartungs-\/Reparaturwinde<\/span><\/h3>\n<p>[\/vc_column_text][\/vc_column_inner][vc_column_inner width=&#8220;1\/2&#8243;][vc_btn title=&#8220;Erfahren Sie mehr&#8220; style=&#8220;custom&#8220; custom_background=&#8220;#c71a32&#8243; custom_text=&#8220;#ffffff&#8220; shape=&#8220;square&#8220; size=&#8220;lg&#8220; align=&#8220;center&#8220; i_align=&#8220;right&#8220; i_icon_fontawesome=&#8220;fas fa-angle-right&#8220; add_icon=&#8220;true&#8220; el_class=&#8220;button-one active&#8220; link=&#8220;url:%2Fde%2Findustries%2Fconstruction%2Fmaintenance-repair-winches%2F|title:Explore%20Maintenance%2FRepair%20Winches&#8220;][\/vc_column_inner][\/vc_row_inner][\/vc_column][\/vc_row][vc_row el_class=&#8220;container-three&#8220; el_id=&#8220;container-three&#8220;][vc_column][vc_single_image image=&#8220;23477&#8243; img_size=&#8220;full&#8220; alignment=&#8220;center&#8220;][vc_row_inner][vc_column_inner width=&#8220;1\/2&#8243;][vc_column_text el_class=&#8220;content-one active&#8220;]<\/p>\n<h3><span style=\"color: #900000;\">Aufzugsinstallationsaufzug<\/span><\/h3>\n<p>[\/vc_column_text][\/vc_column_inner][vc_column_inner width=&#8220;1\/2&#8243;][vc_btn title=&#8220;Erfahren Sie mehr&#8220; style=&#8220;custom&#8220; custom_background=&#8220;#c71a32&#8243; custom_text=&#8220;#ffffff&#8220; shape=&#8220;square&#8220; size=&#8220;lg&#8220; align=&#8220;center&#8220; i_align=&#8220;right&#8220; i_icon_fontawesome=&#8220;fas fa-angle-right&#8220; add_icon=&#8220;true&#8220; el_class=&#8220;button-one active&#8220; link=&#8220;url:%2Fde%2Findustries%2Fconstruction%2Felevator-installation-hoists%2F|title:Explore%20Elevator%20Installation%20Hoists&#8220;][\/vc_column_inner][\/vc_row_inner][\/vc_column][\/vc_row][vc_row el_class=&#8220;container-four&#8220; el_id=&#8220;container-four&#8220;][vc_column][vc_single_image image=&#8220;23476&#8243; img_size=&#8220;full&#8220; alignment=&#8220;center&#8220;][vc_row_inner][vc_column_inner width=&#8220;1\/2&#8243;][vc_column_text el_class=&#8220;content-one active&#8220;]<\/p>\n<h3><span style=\"color: #900000;\">Dachkran<\/span><\/h3>\n<p>[\/vc_column_text][\/vc_column_inner][vc_column_inner width=&#8220;1\/2&#8243;][vc_btn title=&#8220;Erfahren Sie mehr&#8220; style=&#8220;custom&#8220; custom_background=&#8220;#c71a32&#8243; custom_text=&#8220;#ffffff&#8220; shape=&#8220;square&#8220; size=&#8220;lg&#8220; align=&#8220;center&#8220; i_align=&#8220;right&#8220; i_icon_fontawesome=&#8220;fas fa-angle-right&#8220; add_icon=&#8220;true&#8220; el_class=&#8220;button-one active&#8220; link=&#8220;url:%2Fde%2Findustries%2Fconstruction%2Frooftop-cranes%2F|title:Explore%20Rooftop%20Cranes&#8220;][\/vc_column_inner][\/vc_row_inner][\/vc_column][\/vc_row][vc_row el_class=&#8220;container-five&#8220; el_id=&#8220;container-five&#8220;][vc_column][vc_single_image image=&#8220;23475&#8243; img_size=&#8220;full&#8220; alignment=&#8220;center&#8220;][vc_row_inner][vc_column_inner width=&#8220;1\/2&#8243;][vc_column_text el_class=&#8220;content-one active&#8220;]<\/p>\n<h3><span style=\"color: #900000;\">Turmdrehkran<\/span><\/h3>\n<p>[\/vc_column_text][\/vc_column_inner][vc_column_inner width=&#8220;1\/2&#8243;][vc_btn title=&#8220;Erfahren Sie mehr&#8220; style=&#8220;custom&#8220; custom_background=&#8220;#c71a32&#8243; custom_text=&#8220;#ffffff&#8220; shape=&#8220;square&#8220; size=&#8220;lg&#8220; align=&#8220;center&#8220; i_align=&#8220;right&#8220; i_icon_fontawesome=&#8220;fas fa-angle-right&#8220; add_icon=&#8220;true&#8220; el_class=&#8220;button-one active&#8220; link=&#8220;url:%2Fde%2Findustries%2Fconstruction%2Ftower-cranes%2F|title:Explore%20Tower%20Winches&#8220;][\/vc_column_inner][\/vc_row_inner][\/vc_column][\/vc_row][vc_row el_class=&#8220;container-six&#8220; el_id=&#8220;container-six&#8220;][vc_column][vc_single_image image=&#8220;23474&#8243; img_size=&#8220;full&#8220; alignment=&#8220;center&#8220;][vc_row_inner][vc_column_inner width=&#8220;1\/2&#8243;][vc_column_text el_class=&#8220;content-one active&#8220;]<\/p>\n<h3><span style=\"color: #900000;\">Spezialwinde<\/span><\/h3>\n<p>[\/vc_column_text][\/vc_column_inner][vc_column_inner width=&#8220;1\/2&#8243;][vc_btn title=&#8220;Erfahren Sie mehr&#8220; style=&#8220;custom&#8220; custom_background=&#8220;#c71a32&#8243; custom_text=&#8220;#ffffff&#8220; shape=&#8220;square&#8220; size=&#8220;lg&#8220; align=&#8220;center&#8220; i_align=&#8220;right&#8220; i_icon_fontawesome=&#8220;fas fa-angle-right&#8220; add_icon=&#8220;true&#8220; el_class=&#8220;button-one active&#8220; link=&#8220;url:%2Fde%2Findustries%2Fconstruction%2Fspecial-purpose-winches%2F|title:Explore%20Special%20Purpose%20Winches&#8220;][\/vc_column_inner][\/vc_row_inner][\/vc_column][\/vc_row][\/vc_section][vc_row full_width=&#8220;stretch_row&#8220; css=&#8220;.vc_custom_1689696517169{padding-top: 35px !important;padding-bottom: 35px !important;background-color: #ececec !important;}&#8220;][vc_column][vc_custom_heading text=&#8220;Sie sehen nicht, wonach Sie suchen?&#8220; font_container=&#8220;tag:h2|text_align:center|color:%230a0a0a&#8220; use_theme_fonts=&#8220;yes&#8220; css_animation=&#8220;fadeInUp&#8220; css=&#8220;.vc_custom_1696803601222{margin-bottom: 0px !important;}&#8220;][\/vc_column][vc_column width=&#8220;1\/6&#8243; el_class=&#8220;do-not-show&#8220;][\/vc_column][vc_column css_animation=&#8220;fadeInUp&#8220; width=&#8220;2\/3&#8243;][vc_column_text]<\/p>\n<p style=\"text-align: center;\">Wenn Sie spezielle Produktw\u00fcnsche haben, rufen Sie uns einfach an! Unsere Entwicklungs- und Produktionsteams sind Experten darin, bestehende Modelle zu modifizieren und eine ma\u00dfgeschneiderte Winde f\u00fcr Ihre spezifischen Anforderungen zu entwerfen. Tats\u00e4chlich handelt es sich bei \u00fcber 60 % unseres Gesch\u00e4fts um kundenspezifische Konstruktionen. Z\u00f6gern Sie also nicht, uns zu kontaktieren, wenn Sie auf unserer Website oder in unserem Katalog nicht finden, was Sie suchen. Wir sind auf die schnelle Abwicklung von Sonderanfertigungen spezialisiert.<\/p>\n<p>[\/vc_column_text][vc_btn title=&#8220;Kundenspezifische Ingenieurdienstleistungen&#8220; style=&#8220;custom&#8220; custom_background=&#8220;#c71a32&#8243; custom_text=&#8220;#ffffff&#8220; shape=&#8220;square&#8220; size=&#8220;lg&#8220; align=&#8220;center&#8220; i_align=&#8220;right&#8220; i_icon_fontawesome=&#8220;fas fa-angle-right&#8220; add_icon=&#8220;true&#8220; link=&#8220;url:%2Fde%2Fcustom-engineering-services%2F|title:Custom%20Engineering%20Services&#8220;][\/vc_column][vc_column width=&#8220;1\/6&#8243; el_class=&#8220;do-not-show&#8220;][\/vc_column][\/vc_row]<\/p>\n<\/div>","protected":false},"excerpt":{"rendered":"<p>[vc_section full_width=&#8220;stretch_row&#8220; content_placement=&#8220;middle&#8220; css=&#8220;.vc_custom_1693244379282{padding-top: 0px !important;background-image: url(https:\/\/thern.com\/wp-content\/uploads\/2023\/08\/Thern-Industry-Header-Banners-Construction-.jpg?id=23480) !important;background-position: center !important;background-repeat: no-repeat !important;background-size: cover !important;}&#8220;][vc_row full_width=&#8220;stretch_row&#8220; css=&#8220;.vc_custom_1691686038929{padding-top: 50px !important;padding-bottom: 70px !important;background-color: rgba(0,0,0,0.35) !important;*background-color: rgb(0,0,0) !important;}&#8220;][vc_column][vc_custom_heading text=&#8220;Konstruktion&#8220; font_container=&#8220;tag:h1|text_align:left|color:%23ffffff&#8220; use_theme_fonts=&#8220;yes&#8220; css_animation=&#8220;fadeInLeft&#8220;][\/vc_column][\/vc_row][\/vc_section][vc_row full_width=&#8220;stretch_row&#8220; equal_height=&#8220;yes&#8220; content_placement=&#8220;middle&#8220; css=&#8220;.vc_custom_1689180629506{padding-bottom: 35px !important;background-color: #c71a32 !important;}&#8220;][vc_column css_animation=&#8220;fadeInLeft&#8220; width=&#8220;2\/3&#8243;][vc_custom_heading text=&#8220;Kr\u00e4ne und Winden f\u00fcr den Bau&#8220; font_container=&#8220;tag:h2|text_align:left|color:%23ffffff&#8220; use_theme_fonts=&#8220;yes&#8220;][\/vc_column][vc_column width=&#8220;1\/3&#8243; el_class=&#8220;do-not-show&#8220;][\/vc_column][\/vc_row][vc_row css=&#8220;.vc_custom_1691698080911{padding-top: 15px !important;}&#8220;][vc_column width=&#8220;1\/6&#8243; el_class=&#8220;do-not-show&#8220;][\/vc_column][vc_column css_animation=&#8220;fadeInUp&#8220; width=&#8220;2\/3&#8243;][vc_column_text] &#8230; <a title=\"Construction\" class=\"read-more\" href=\"https:\/\/thern.com\/de\/industries\/construction\/\" aria-label=\"More on Construction\">Read more<\/a><\/p>\n","protected":false},"author":1,"featured_media":0,"parent":30467,"menu_order":0,"comment_status":"closed","ping_status":"closed","template":"","meta":{"footnotes":""},"class_list":["post-32396","page","type-page","status-publish"],"yoast_head":"<!-- This site is optimized with the Yoast SEO plugin v27.3 - https:\/\/yoast.com\/product\/yoast-seo-wordpress\/ -->\n<title>Bauhebeger\u00e4te \u2013 Kr\u00e4ne und Winden | Thern\u00ae Winches &amp; Cranes<\/title>\n<meta name=\"description\" content=\"Die Winden und Kr\u00e4ne von Thern liefern die Lasthandhabungsleistung, die Bauhebeger\u00e4te ben\u00f6tigen, um die Arbeit in tragbaren, kompakten Einheiten zu erledigen.\" \/>\n<meta name=\"robots\" content=\"index, follow, max-snippet:-1, max-image-preview:large, max-video-preview:-1\" \/>\n<link rel=\"canonical\" href=\"https:\/\/thern.com\/de\/industries\/construction\/\" \/>\n<meta property=\"og:locale\" content=\"de_DE\" \/>\n<meta property=\"og:type\" content=\"article\" \/>\n<meta property=\"og:title\" content=\"Bauhebeger\u00e4te \u2013 Kr\u00e4ne und Winden | Thern\u00ae Winches &amp; Cranes\" \/>\n<meta property=\"og:description\" content=\"Die Winden und Kr\u00e4ne von Thern liefern die Lasthandhabungsleistung, die Bauhebeger\u00e4te ben\u00f6tigen, um die Arbeit in tragbaren, kompakten Einheiten zu erledigen.\" \/>\n<meta property=\"og:url\" content=\"https:\/\/thern.com\/de\/industries\/construction\/\" \/>\n<meta property=\"og:site_name\" content=\"Thern\u00ae Winches &amp; Cranes\" \/>\n<meta property=\"article:publisher\" content=\"https:\/\/www.facebook.com\/ThernInc\/\" \/>\n<meta property=\"article:modified_time\" content=\"2023-10-09T19:55:25+00:00\" \/>\n<meta name=\"twitter:card\" content=\"summary_large_image\" \/>\n<meta name=\"twitter:label1\" content=\"Gesch\u00e4tzte Lesezeit\" \/>\n\t<meta name=\"twitter:data1\" content=\"2 Minuten\" \/>\n<script type=\"application\/ld+json\" class=\"yoast-schema-graph\">{\"@context\":\"https:\\\/\\\/schema.org\",\"@graph\":[{\"@type\":\"WebPage\",\"@id\":\"https:\\\/\\\/thern.com\\\/de\\\/industries\\\/construction\\\/\",\"url\":\"https:\\\/\\\/thern.com\\\/de\\\/industries\\\/construction\\\/\",\"name\":\"Bauhebeger\u00e4te \u2013 Kr\u00e4ne und Winden | Thern\u00ae Winches &amp; Cranes\",\"isPartOf\":{\"@id\":\"https:\\\/\\\/thern.com\\\/de\\\/#website\"},\"datePublished\":\"2023-08-28T17:38:58+00:00\",\"dateModified\":\"2023-10-09T19:55:25+00:00\",\"description\":\"Die Winden und Kr\u00e4ne von Thern liefern die Lasthandhabungsleistung, die Bauhebeger\u00e4te ben\u00f6tigen, um die Arbeit in tragbaren, kompakten Einheiten zu erledigen.\",\"breadcrumb\":{\"@id\":\"https:\\\/\\\/thern.com\\\/de\\\/industries\\\/construction\\\/#breadcrumb\"},\"inLanguage\":\"de-DE\",\"potentialAction\":[{\"@type\":\"ReadAction\",\"target\":[\"https:\\\/\\\/thern.com\\\/de\\\/industries\\\/construction\\\/\"]}]},{\"@type\":\"BreadcrumbList\",\"@id\":\"https:\\\/\\\/thern.com\\\/de\\\/industries\\\/construction\\\/#breadcrumb\",\"itemListElement\":[{\"@type\":\"ListItem\",\"position\":1,\"name\":\"Home\",\"item\":\"https:\\\/\\\/thern.com\\\/de\\\/\"},{\"@type\":\"ListItem\",\"position\":2,\"name\":\"Industries\",\"item\":\"https:\\\/\\\/thern.com\\\/de\\\/industries\\\/\"},{\"@type\":\"ListItem\",\"position\":3,\"name\":\"Construction\"}]},{\"@type\":\"WebSite\",\"@id\":\"https:\\\/\\\/thern.com\\\/de\\\/#website\",\"url\":\"https:\\\/\\\/thern.com\\\/de\\\/\",\"name\":\"Thern\u00ae Winches &amp; Cranes\",\"description\":\"Leave the Heavy Lifting to Us\",\"publisher\":{\"@id\":\"https:\\\/\\\/thern.com\\\/de\\\/#organization\"},\"potentialAction\":[{\"@type\":\"SearchAction\",\"target\":{\"@type\":\"EntryPoint\",\"urlTemplate\":\"https:\\\/\\\/thern.com\\\/de\\\/?s={search_term_string}\"},\"query-input\":{\"@type\":\"PropertyValueSpecification\",\"valueRequired\":true,\"valueName\":\"search_term_string\"}}],\"inLanguage\":\"de-DE\"},{\"@type\":\"Organization\",\"@id\":\"https:\\\/\\\/thern.com\\\/de\\\/#organization\",\"name\":\"Thern\u00ae Winches &amp; Cranes\",\"url\":\"https:\\\/\\\/thern.com\\\/de\\\/\",\"logo\":{\"@type\":\"ImageObject\",\"inLanguage\":\"de-DE\",\"@id\":\"https:\\\/\\\/thern.com\\\/de\\\/#\\\/schema\\\/logo\\\/image\\\/\",\"url\":\"https:\\\/\\\/thern.com\\\/wp-content\\\/uploads\\\/2023\\\/11\\\/Logo_SaveForWeb-outline-FINAL-01.svg\",\"contentUrl\":\"https:\\\/\\\/thern.com\\\/wp-content\\\/uploads\\\/2023\\\/11\\\/Logo_SaveForWeb-outline-FINAL-01.svg\",\"caption\":\"Thern\u00ae Winches &amp; Cranes\"},\"image\":{\"@id\":\"https:\\\/\\\/thern.com\\\/de\\\/#\\\/schema\\\/logo\\\/image\\\/\"},\"sameAs\":[\"https:\\\/\\\/www.facebook.com\\\/ThernInc\\\/\",\"https:\\\/\\\/www.linkedin.com\\\/company\\\/thern-inc-\\\/\",\"https:\\\/\\\/www.youtube.com\\\/user\\\/ThernStage\"]}]}<\/script>\n<!-- \/ Yoast SEO plugin. -->","yoast_head_json":{"title":"Bauhebeger\u00e4te \u2013 Kr\u00e4ne und Winden | Thern\u00ae Winches &amp; Cranes","description":"Die Winden und Kr\u00e4ne von Thern liefern die Lasthandhabungsleistung, die Bauhebeger\u00e4te ben\u00f6tigen, um die Arbeit in tragbaren, kompakten Einheiten zu erledigen.","robots":{"index":"index","follow":"follow","max-snippet":"max-snippet:-1","max-image-preview":"max-image-preview:large","max-video-preview":"max-video-preview:-1"},"canonical":"https:\/\/thern.com\/de\/industries\/construction\/","og_locale":"de_DE","og_type":"article","og_title":"Bauhebeger\u00e4te \u2013 Kr\u00e4ne und Winden | Thern\u00ae Winches &amp; Cranes","og_description":"Die Winden und Kr\u00e4ne von Thern liefern die Lasthandhabungsleistung, die Bauhebeger\u00e4te ben\u00f6tigen, um die Arbeit in tragbaren, kompakten Einheiten zu erledigen.","og_url":"https:\/\/thern.com\/de\/industries\/construction\/","og_site_name":"Thern\u00ae Winches &amp; Cranes","article_publisher":"https:\/\/www.facebook.com\/ThernInc\/","article_modified_time":"2023-10-09T19:55:25+00:00","twitter_card":"summary_large_image","twitter_misc":{"Gesch\u00e4tzte Lesezeit":"2 Minuten"},"schema":{"@context":"https:\/\/schema.org","@graph":[{"@type":"WebPage","@id":"https:\/\/thern.com\/de\/industries\/construction\/","url":"https:\/\/thern.com\/de\/industries\/construction\/","name":"Bauhebeger\u00e4te \u2013 Kr\u00e4ne und Winden | Thern\u00ae Winches &amp; Cranes","isPartOf":{"@id":"https:\/\/thern.com\/de\/#website"},"datePublished":"2023-08-28T17:38:58+00:00","dateModified":"2023-10-09T19:55:25+00:00","description":"Die Winden und Kr\u00e4ne von Thern liefern die Lasthandhabungsleistung, die Bauhebeger\u00e4te ben\u00f6tigen, um die Arbeit in tragbaren, kompakten Einheiten zu erledigen.","breadcrumb":{"@id":"https:\/\/thern.com\/de\/industries\/construction\/#breadcrumb"},"inLanguage":"de-DE","potentialAction":[{"@type":"ReadAction","target":["https:\/\/thern.com\/de\/industries\/construction\/"]}]},{"@type":"BreadcrumbList","@id":"https:\/\/thern.com\/de\/industries\/construction\/#breadcrumb","itemListElement":[{"@type":"ListItem","position":1,"name":"Home","item":"https:\/\/thern.com\/de\/"},{"@type":"ListItem","position":2,"name":"Industries","item":"https:\/\/thern.com\/de\/industries\/"},{"@type":"ListItem","position":3,"name":"Construction"}]},{"@type":"WebSite","@id":"https:\/\/thern.com\/de\/#website","url":"https:\/\/thern.com\/de\/","name":"Thern\u00ae Winches &amp; Cranes","description":"Leave the Heavy Lifting to Us","publisher":{"@id":"https:\/\/thern.com\/de\/#organization"},"potentialAction":[{"@type":"SearchAction","target":{"@type":"EntryPoint","urlTemplate":"https:\/\/thern.com\/de\/?s={search_term_string}"},"query-input":{"@type":"PropertyValueSpecification","valueRequired":true,"valueName":"search_term_string"}}],"inLanguage":"de-DE"},{"@type":"Organization","@id":"https:\/\/thern.com\/de\/#organization","name":"Thern\u00ae Winches &amp; Cranes","url":"https:\/\/thern.com\/de\/","logo":{"@type":"ImageObject","inLanguage":"de-DE","@id":"https:\/\/thern.com\/de\/#\/schema\/logo\/image\/","url":"https:\/\/thern.com\/wp-content\/uploads\/2023\/11\/Logo_SaveForWeb-outline-FINAL-01.svg","contentUrl":"https:\/\/thern.com\/wp-content\/uploads\/2023\/11\/Logo_SaveForWeb-outline-FINAL-01.svg","caption":"Thern\u00ae Winches &amp; Cranes"},"image":{"@id":"https:\/\/thern.com\/de\/#\/schema\/logo\/image\/"},"sameAs":["https:\/\/www.facebook.com\/ThernInc\/","https:\/\/www.linkedin.com\/company\/thern-inc-\/","https:\/\/www.youtube.com\/user\/ThernStage"]}]}},"_links":{"self":[{"href":"https:\/\/thern.com\/de\/wp-json\/wp\/v2\/pages\/32396","targetHints":{"allow":["GET"]}}],"collection":[{"href":"https:\/\/thern.com\/de\/wp-json\/wp\/v2\/pages"}],"about":[{"href":"https:\/\/thern.com\/de\/wp-json\/wp\/v2\/types\/page"}],"author":[{"embeddable":true,"href":"https:\/\/thern.com\/de\/wp-json\/wp\/v2\/users\/1"}],"replies":[{"embeddable":true,"href":"https:\/\/thern.com\/de\/wp-json\/wp\/v2\/comments?post=32396"}],"version-history":[{"count":0,"href":"https:\/\/thern.com\/de\/wp-json\/wp\/v2\/pages\/32396\/revisions"}],"up":[{"embeddable":true,"href":"https:\/\/thern.com\/de\/wp-json\/wp\/v2\/pages\/30467"}],"wp:attachment":[{"href":"https:\/\/thern.com\/de\/wp-json\/wp\/v2\/media?parent=32396"}],"curies":[{"name":"wp","href":"https:\/\/api.w.org\/{rel}","templated":true}]}}