{"id":32378,"date":"2023-08-28T16:56:18","date_gmt":"2023-08-28T16:56:18","guid":{"rendered":"https:\/\/therninc.wpenginepowered.com\/industries\/bulk-material-handling\/"},"modified":"2023-10-09T19:27:06","modified_gmt":"2023-10-09T19:27:06","slug":"bulk-material-handling","status":"publish","type":"page","link":"https:\/\/thern.com\/de\/industries\/bulk-material-handling\/","title":{"rendered":"Bulk Material Handling"},"content":{"rendered":"<div class=\"wpb-content-wrapper\"><p>[vc_section full_width=&#8220;stretch_row&#8220; content_placement=&#8220;middle&#8220; css=&#8220;.vc_custom_1693243763362{padding-top: 0px !important;background-image: url(https:\/\/thern.com\/wp-content\/uploads\/2023\/08\/Thern-Industry-Header-Banners-Bulk-Handing-.jpg?id=23436) !important;background-position: center !important;background-repeat: no-repeat !important;background-size: cover !important;}&#8220;][vc_row full_width=&#8220;stretch_row&#8220; css=&#8220;.vc_custom_1691686038929{padding-top: 50px !important;padding-bottom: 70px !important;background-color: rgba(0,0,0,0.35) !important;*background-color: rgb(0,0,0) !important;}&#8220;][vc_column][vc_custom_heading text=&#8220;Sch\u00fcttguttransport&#8220; font_container=&#8220;tag:h1|text_align:left|color:%23ffffff&#8220; use_theme_fonts=&#8220;yes&#8220; css_animation=&#8220;fadeInLeft&#8220;][\/vc_column][\/vc_row][\/vc_section][vc_row full_width=&#8220;stretch_row&#8220; equal_height=&#8220;yes&#8220; content_placement=&#8220;middle&#8220; css=&#8220;.vc_custom_1689180629506{padding-bottom: 35px !important;background-color: #c71a32 !important;}&#8220;][vc_column css_animation=&#8220;fadeInLeft&#8220; width=&#8220;2\/3&#8243;][vc_custom_heading text=&#8220;Kr\u00e4ne und Winden f\u00fcr den Sch\u00fcttguttransport&#8220; font_container=&#8220;tag:h2|text_align:left|color:%23ffffff&#8220; use_theme_fonts=&#8220;yes&#8220;][\/vc_column][vc_column width=&#8220;1\/3&#8243; el_class=&#8220;do-not-show&#8220;][\/vc_column][\/vc_row][vc_row css=&#8220;.vc_custom_1691698080911{padding-top: 15px !important;}&#8220;][vc_column width=&#8220;1\/6&#8243; el_class=&#8220;do-not-show&#8220;][\/vc_column][vc_column css_animation=&#8220;fadeInUp&#8220; width=&#8220;2\/3&#8243;][vc_column_text]<\/p>\n<p style=\"text-align: center;\">Auf dem G\u00fcterbahnhof, in der Werft oder \u00fcberall dort, wo Ger\u00e4te zum Heben von Sch\u00fcttgut ben\u00f6tigt werden, bieten Thern-Kraftwinden die n\u00f6tige Leistung und Kontrolle f\u00fcr den zuverl\u00e4ssigen Sch\u00fcttguttransport schwerer Lasten. Unser breites Produktangebot, darunter Sch\u00fcttgutkr\u00e4ne und Sch\u00fcttgutwinden, bietet die optimale L\u00f6sung f\u00fcr Ihre Anwendung und spart Ihrem Betrieb wertvolle Zeit und Geld.<\/p>\n<p style=\"text-align: center;\">Entdecken Sie unten die ma\u00dfgeschneiderten Kr\u00e4ne und Winden, die wir f\u00fcr den Sch\u00fcttguttransport entwickelt haben!<\/p>\n<p>[\/vc_column_text][\/vc_column][vc_column width=&#8220;1\/6&#8243; el_class=&#8220;do-not-show&#8220;][\/vc_column][\/vc_row][vc_section el_id=&#8220;rotate-containers&#8220; css=&#8220;.vc_custom_1692817472416{padding-top: 35px !important;padding-bottom: 35px !important;}&#8220;][vc_row css_animation=&#8220;fadeInUp&#8220; el_id=&#8220;product-change&#8220;][vc_column][vc_row_inner el_class=&#8220;headline-container&#8220;][vc_column_inner width=&#8220;1\/3&#8243;][vc_custom_heading text=&#8220;F\u00f6rderer-Aufwickelwinden&#8220; font_container=&#8220;tag:h6|text_align:left|color:%23990000&#8243; use_theme_fonts=&#8220;yes&#8220; css=&#8220;.vc_custom_1696879372922{margin-bottom: 0px !important;}&#8220; el_class=&#8220;headline-one active&#8220;][\/vc_column_inner][vc_column_inner width=&#8220;1\/3&#8243;][vc_custom_heading text=&#8220;Winden zur Positionierung von Binnenschiffen&#8220; font_container=&#8220;tag:h6|text_align:left|color:%23990000&#8243; use_theme_fonts=&#8220;yes&#8220; css=&#8220;.vc_custom_1696879379559{margin-bottom: 0px !important;}&#8220; el_class=&#8220;headline-two&#8220;][\/vc_column_inner][vc_column_inner width=&#8220;1\/3&#8243;][vc_custom_heading text=&#8220;Positionierungswinden f\u00fcr Triebwagen&#8220; font_container=&#8220;tag:h6|text_align:left|color:%23990000&#8243; use_theme_fonts=&#8220;yes&#8220; css=&#8220;.vc_custom_1696879388053{margin-bottom: 0px !important;}&#8220; el_class=&#8220;headline-three&#8220;][\/vc_column_inner][vc_column_inner width=&#8220;1\/3&#8243;][vc_custom_heading text=&#8220;Langhub-Silo-Versorgungskrane&#8220; font_container=&#8220;tag:h6|text_align:left|color:%23990000&#8243; use_theme_fonts=&#8220;yes&#8220; css=&#8220;.vc_custom_1696879396053{margin-bottom: 0px !important;}&#8220; el_class=&#8220;headline-four&#8220;][\/vc_column_inner][vc_column_inner width=&#8220;1\/3&#8243;][vc_custom_heading text=&#8220;Ausladeschurrenwinden&#8220; font_container=&#8220;tag:h6|text_align:left|color:%23990000&#8243; use_theme_fonts=&#8220;yes&#8220; css=&#8220;.vc_custom_1696879405192{margin-bottom: 0px !important;}&#8220; el_class=&#8220;headline-five&#8220;][\/vc_column_inner][vc_column_inner width=&#8220;1\/3&#8243;][vc_custom_heading text=&#8220;Radialstaplerwinden&#8220; font_container=&#8220;tag:h6|text_align:left|color:%23990000&#8243; use_theme_fonts=&#8220;yes&#8220; css=&#8220;.vc_custom_1696879410915{margin-bottom: 0px !important;}&#8220; el_class=&#8220;headline-six&#8220;][\/vc_column_inner][\/vc_row_inner][\/vc_column][\/vc_row][vc_row css_animation=&#8220;fadeInUp&#8220; el_class=&#8220;container-one active&#8220; el_id=&#8220;container-one&#8220;][vc_column][vc_single_image image=&#8220;28783&#8243; img_size=&#8220;full&#8220; alignment=&#8220;center&#8220;][vc_row_inner][vc_column_inner width=&#8220;1\/2&#8243;][vc_column_text el_class=&#8220;content-one active&#8220;]<\/p>\n<h3><span style=\"color: #900000;\">F\u00f6rderband-Aufwickelwinde<\/span><\/h3>\n<p>[\/vc_column_text][\/vc_column_inner][vc_column_inner width=&#8220;1\/2&#8243;][vc_btn title=&#8220;Erfahren Sie mehr&#8220; style=&#8220;custom&#8220; custom_background=&#8220;#c71a32&#8243; custom_text=&#8220;#ffffff&#8220; shape=&#8220;square&#8220; size=&#8220;lg&#8220; align=&#8220;center&#8220; i_align=&#8220;right&#8220; i_icon_fontawesome=&#8220;fas fa-angle-right&#8220; add_icon=&#8220;true&#8220; el_class=&#8220;button-one active&#8220; link=&#8220;url:%2Fde%2Findustries%2Fbulk-material-handling%2Fconveyor-take-up-winches%2F|title:Explore%20Conveyor%20Winches&#8220;][\/vc_column_inner][\/vc_row_inner][\/vc_column][\/vc_row][vc_row el_class=&#8220;container-two&#8220; el_id=&#8220;container-two&#8220;][vc_column][vc_single_image image=&#8220;23422&#8243; img_size=&#8220;full&#8220; alignment=&#8220;center&#8220;][vc_row_inner][vc_column_inner width=&#8220;1\/2&#8243;][vc_column_text el_class=&#8220;content-one active&#8220;]<\/p>\n<h3><span style=\"color: #900000;\">Winde zur Positionierung des Lastkahns<\/span><\/h3>\n<p>[\/vc_column_text][\/vc_column_inner][vc_column_inner width=&#8220;1\/2&#8243;][vc_btn title=&#8220;Erfahren Sie mehr&#8220; style=&#8220;custom&#8220; custom_background=&#8220;#c71a32&#8243; custom_text=&#8220;#ffffff&#8220; shape=&#8220;square&#8220; size=&#8220;lg&#8220; align=&#8220;center&#8220; i_align=&#8220;right&#8220; i_icon_fontawesome=&#8220;fas fa-angle-right&#8220; add_icon=&#8220;true&#8220; el_class=&#8220;button-one active&#8220; link=&#8220;url:%2Fde%2Findustries%2Fbulk-material-handling%2Fbarge-positioning-winches%2F|title:Explore%20Barge%20Positioning%20Winches&#8220;][\/vc_column_inner][\/vc_row_inner][\/vc_column][\/vc_row][vc_row el_class=&#8220;container-three&#8220; el_id=&#8220;container-three&#8220;][vc_column][vc_single_image image=&#8220;23421&#8243; img_size=&#8220;full&#8220; alignment=&#8220;center&#8220;][vc_row_inner][vc_column_inner width=&#8220;1\/2&#8243;][vc_column_text el_class=&#8220;content-one active&#8220;]<\/p>\n<h3><span style=\"color: #900000;\">Positionierungswinde f\u00fcr Triebwagen<\/span><\/h3>\n<p>[\/vc_column_text][\/vc_column_inner][vc_column_inner width=&#8220;1\/2&#8243;][vc_btn title=&#8220;Erfahren Sie mehr&#8220; style=&#8220;custom&#8220; custom_background=&#8220;#c71a32&#8243; custom_text=&#8220;#ffffff&#8220; shape=&#8220;square&#8220; size=&#8220;lg&#8220; align=&#8220;center&#8220; i_align=&#8220;right&#8220; i_icon_fontawesome=&#8220;fas fa-angle-right&#8220; add_icon=&#8220;true&#8220; el_class=&#8220;button-one active&#8220; link=&#8220;url:%2Fde%2Findustries%2Fbulk-material-handling%2Frail-car-positioning%2F|title:Explore%20Railcar%20Positioning%20Winches&#8220;][\/vc_column_inner][\/vc_row_inner][\/vc_column][\/vc_row][vc_row el_class=&#8220;container-four&#8220; el_id=&#8220;container-four&#8220;][vc_column][vc_single_image image=&#8220;23420&#8243; img_size=&#8220;full&#8220; alignment=&#8220;center&#8220;][vc_row_inner][vc_column_inner width=&#8220;1\/2&#8243;][vc_column_text el_class=&#8220;content-one active&#8220;]<\/p>\n<h3><span style=\"color: #900000;\">Silo-Versorgungskran mit langem Hub<\/span><\/h3>\n<p>[\/vc_column_text][\/vc_column_inner][vc_column_inner width=&#8220;1\/2&#8243;][vc_btn title=&#8220;Erfahren Sie mehr&#8220; style=&#8220;custom&#8220; custom_background=&#8220;#c71a32&#8243; custom_text=&#8220;#ffffff&#8220; shape=&#8220;square&#8220; size=&#8220;lg&#8220; align=&#8220;center&#8220; i_align=&#8220;right&#8220; i_icon_fontawesome=&#8220;fas fa-angle-right&#8220; add_icon=&#8220;true&#8220; el_class=&#8220;button-one active&#8220; link=&#8220;url:%2Fde%2Findustries%2Fbulk-material-handling%2Flong-lift-silo-utility-cranes%2F|title:Explore%20Long%20Lift%20Silo%20Utility%20Cranes&#8220;][\/vc_column_inner][\/vc_row_inner][\/vc_column][\/vc_row][vc_row el_class=&#8220;container-five&#8220; el_id=&#8220;container-five&#8220;][vc_column][vc_single_image image=&#8220;23459&#8243; img_size=&#8220;full&#8220; alignment=&#8220;center&#8220;][vc_row_inner][vc_column_inner width=&#8220;1\/2&#8243;][vc_column_text el_class=&#8220;content-one active&#8220;]<\/p>\n<h3><span style=\"color: #900000;\">Entladeschurrenwinde<\/span><\/h3>\n<p>[\/vc_column_text][\/vc_column_inner][vc_column_inner width=&#8220;1\/2&#8243;][vc_btn title=&#8220;Erfahren Sie mehr&#8220; style=&#8220;custom&#8220; custom_background=&#8220;#c71a32&#8243; custom_text=&#8220;#ffffff&#8220; shape=&#8220;square&#8220; size=&#8220;lg&#8220; align=&#8220;center&#8220; i_align=&#8220;right&#8220; i_icon_fontawesome=&#8220;fas fa-angle-right&#8220; add_icon=&#8220;true&#8220; el_class=&#8220;button-one active&#8220; link=&#8220;url:%2Fde%2Findustries%2Fbulk-material-handling%2Fload-out-chute-winches%2F|title:Explore%20Load-Out%20Chute%20Winches&#8220;][\/vc_column_inner][\/vc_row_inner][\/vc_column][\/vc_row][vc_row el_class=&#8220;container-six&#8220; el_id=&#8220;container-six&#8220;][vc_column][vc_single_image image=&#8220;23467&#8243; img_size=&#8220;full&#8220; alignment=&#8220;center&#8220;][vc_row_inner][vc_column_inner width=&#8220;1\/2&#8243;][vc_column_text el_class=&#8220;content-one active&#8220;]<\/p>\n<h3><span style=\"color: #900000;\">Radialstaplerwinde<\/span><\/h3>\n<p>[\/vc_column_text][\/vc_column_inner][vc_column_inner width=&#8220;1\/2&#8243;][vc_btn title=&#8220;Erfahren Sie mehr&#8220; style=&#8220;custom&#8220; custom_background=&#8220;#c71a32&#8243; custom_text=&#8220;#ffffff&#8220; shape=&#8220;square&#8220; size=&#8220;lg&#8220; align=&#8220;center&#8220; i_align=&#8220;right&#8220; i_icon_fontawesome=&#8220;fas fa-angle-right&#8220; add_icon=&#8220;true&#8220; el_class=&#8220;button-one active&#8220; link=&#8220;url:%2Fde%2Findustries%2Fbulk-material-handling%2Fradial-stacker-winches%2F|title:Explore%20Radial%20Stacker%20Winches&#8220;][\/vc_column_inner][\/vc_row_inner][\/vc_column][\/vc_row][\/vc_section][vc_row full_width=&#8220;stretch_row&#8220; css=&#8220;.vc_custom_1689696517169{padding-top: 35px !important;padding-bottom: 35px !important;background-color: #ececec !important;}&#8220;][vc_column][vc_custom_heading text=&#8220;Sie sehen nicht, wonach Sie suchen?&#8220; font_container=&#8220;tag:h2|text_align:center|color:%230a0a0a&#8220; use_theme_fonts=&#8220;yes&#8220; css_animation=&#8220;fadeInUp&#8220; css=&#8220;.vc_custom_1696803601222{margin-bottom: 0px !important;}&#8220;][\/vc_column][vc_column width=&#8220;1\/6&#8243; el_class=&#8220;do-not-show&#8220;][\/vc_column][vc_column css_animation=&#8220;fadeInUp&#8220; width=&#8220;2\/3&#8243;][vc_column_text]<\/p>\n<p style=\"text-align: center;\">Wenn Sie spezielle Produktw\u00fcnsche haben, rufen Sie uns einfach an! Unsere Entwicklungs- und Produktionsteams sind Experten darin, bestehende Modelle zu modifizieren und eine ma\u00dfgeschneiderte Winde f\u00fcr Ihre spezifischen Anforderungen zu entwerfen. Tats\u00e4chlich handelt es sich bei \u00fcber 60 % unseres Gesch\u00e4fts um kundenspezifische Konstruktionen. Z\u00f6gern Sie also nicht, uns zu kontaktieren, wenn Sie auf unserer Website oder in unserem Katalog nicht finden, was Sie suchen. Wir sind auf die schnelle Abwicklung von Sonderanfertigungen spezialisiert.<\/p>\n<p>[\/vc_column_text][vc_btn title=&#8220;Kundenspezifische Ingenieurdienstleistungen&#8220; style=&#8220;custom&#8220; custom_background=&#8220;#c71a32&#8243; custom_text=&#8220;#ffffff&#8220; shape=&#8220;square&#8220; size=&#8220;lg&#8220; align=&#8220;center&#8220; i_align=&#8220;right&#8220; i_icon_fontawesome=&#8220;fas fa-angle-right&#8220; add_icon=&#8220;true&#8220; link=&#8220;url:%2Fde%2Fcustom-engineering-services%2F|title:Custom%20Engineering%20Services&#8220;][\/vc_column][vc_column width=&#8220;1\/6&#8243; el_class=&#8220;do-not-show&#8220;][\/vc_column][\/vc_row]<\/p>\n<\/div>","protected":false},"excerpt":{"rendered":"<p>[vc_section full_width=&#8220;stretch_row&#8220; content_placement=&#8220;middle&#8220; css=&#8220;.vc_custom_1693243763362{padding-top: 0px !important;background-image: url(https:\/\/thern.com\/wp-content\/uploads\/2023\/08\/Thern-Industry-Header-Banners-Bulk-Handing-.jpg?id=23436) !important;background-position: center !important;background-repeat: no-repeat !important;background-size: cover !important;}&#8220;][vc_row full_width=&#8220;stretch_row&#8220; css=&#8220;.vc_custom_1691686038929{padding-top: 50px !important;padding-bottom: 70px !important;background-color: rgba(0,0,0,0.35) !important;*background-color: rgb(0,0,0) !important;}&#8220;][vc_column][vc_custom_heading text=&#8220;Sch\u00fcttguttransport&#8220; font_container=&#8220;tag:h1|text_align:left|color:%23ffffff&#8220; use_theme_fonts=&#8220;yes&#8220; css_animation=&#8220;fadeInLeft&#8220;][\/vc_column][\/vc_row][\/vc_section][vc_row full_width=&#8220;stretch_row&#8220; equal_height=&#8220;yes&#8220; content_placement=&#8220;middle&#8220; css=&#8220;.vc_custom_1689180629506{padding-bottom: 35px !important;background-color: #c71a32 !important;}&#8220;][vc_column css_animation=&#8220;fadeInLeft&#8220; width=&#8220;2\/3&#8243;][vc_custom_heading text=&#8220;Kr\u00e4ne und Winden f\u00fcr den Sch\u00fcttguttransport&#8220; font_container=&#8220;tag:h2|text_align:left|color:%23ffffff&#8220; use_theme_fonts=&#8220;yes&#8220;][\/vc_column][vc_column width=&#8220;1\/3&#8243; el_class=&#8220;do-not-show&#8220;][\/vc_column][\/vc_row][vc_row css=&#8220;.vc_custom_1691698080911{padding-top: 15px !important;}&#8220;][vc_column width=&#8220;1\/6&#8243; el_class=&#8220;do-not-show&#8220;][\/vc_column][vc_column css_animation=&#8220;fadeInUp&#8220; width=&#8220;2\/3&#8243;][vc_column_text] &#8230; <a title=\"Bulk Material Handling\" class=\"read-more\" href=\"https:\/\/thern.com\/de\/industries\/bulk-material-handling\/\" aria-label=\"More on Bulk Material Handling\">Read more<\/a><\/p>\n","protected":false},"author":1,"featured_media":0,"parent":30467,"menu_order":0,"comment_status":"closed","ping_status":"closed","template":"","meta":{"footnotes":""},"class_list":["post-32378","page","type-page","status-publish"],"yoast_head":"<!-- This site is optimized with the Yoast SEO plugin v27.3 - https:\/\/yoast.com\/product\/yoast-seo-wordpress\/ -->\n<title>Ger\u00e4te f\u00fcr den Sch\u00fcttguttransport \u2013 Kr\u00e4ne und Winden | Thern\u00ae Winches &amp; Cranes<\/title>\n<meta name=\"description\" content=\"Das breite Produktangebot von Thern, einschlie\u00dflich Sch\u00fcttgutkranen und Winden, bietet eine optimale L\u00f6sung, um Ihrem Betrieb wertvolle Zeit und Geld zu sparen.\" \/>\n<meta name=\"robots\" content=\"index, follow, max-snippet:-1, max-image-preview:large, max-video-preview:-1\" \/>\n<link rel=\"canonical\" href=\"https:\/\/thern.com\/de\/industries\/bulk-material-handling\/\" \/>\n<meta property=\"og:locale\" content=\"de_DE\" \/>\n<meta property=\"og:type\" content=\"article\" \/>\n<meta property=\"og:title\" content=\"Ger\u00e4te f\u00fcr den Sch\u00fcttguttransport \u2013 Kr\u00e4ne und Winden | Thern\u00ae Winches &amp; Cranes\" \/>\n<meta property=\"og:description\" content=\"Das breite Produktangebot von Thern, einschlie\u00dflich Sch\u00fcttgutkranen und Winden, bietet eine optimale L\u00f6sung, um Ihrem Betrieb wertvolle Zeit und Geld zu sparen.\" \/>\n<meta property=\"og:url\" content=\"https:\/\/thern.com\/de\/industries\/bulk-material-handling\/\" \/>\n<meta property=\"og:site_name\" content=\"Thern\u00ae Winches &amp; Cranes\" \/>\n<meta property=\"article:publisher\" content=\"https:\/\/www.facebook.com\/ThernInc\/\" \/>\n<meta property=\"article:modified_time\" content=\"2023-10-09T19:27:06+00:00\" \/>\n<meta name=\"twitter:card\" content=\"summary_large_image\" \/>\n<meta name=\"twitter:label1\" content=\"Gesch\u00e4tzte Lesezeit\" \/>\n\t<meta name=\"twitter:data1\" content=\"3 Minuten\" \/>\n<script type=\"application\/ld+json\" class=\"yoast-schema-graph\">{\"@context\":\"https:\\\/\\\/schema.org\",\"@graph\":[{\"@type\":\"WebPage\",\"@id\":\"https:\\\/\\\/thern.com\\\/de\\\/industries\\\/bulk-material-handling\\\/\",\"url\":\"https:\\\/\\\/thern.com\\\/de\\\/industries\\\/bulk-material-handling\\\/\",\"name\":\"Ger\u00e4te f\u00fcr den Sch\u00fcttguttransport \u2013 Kr\u00e4ne und Winden | Thern\u00ae Winches &amp; Cranes\",\"isPartOf\":{\"@id\":\"https:\\\/\\\/thern.com\\\/de\\\/#website\"},\"datePublished\":\"2023-08-28T16:56:18+00:00\",\"dateModified\":\"2023-10-09T19:27:06+00:00\",\"description\":\"Das breite Produktangebot von Thern, einschlie\u00dflich Sch\u00fcttgutkranen und Winden, bietet eine optimale L\u00f6sung, um Ihrem Betrieb wertvolle Zeit und Geld zu sparen.\",\"breadcrumb\":{\"@id\":\"https:\\\/\\\/thern.com\\\/de\\\/industries\\\/bulk-material-handling\\\/#breadcrumb\"},\"inLanguage\":\"de-DE\",\"potentialAction\":[{\"@type\":\"ReadAction\",\"target\":[\"https:\\\/\\\/thern.com\\\/de\\\/industries\\\/bulk-material-handling\\\/\"]}]},{\"@type\":\"BreadcrumbList\",\"@id\":\"https:\\\/\\\/thern.com\\\/de\\\/industries\\\/bulk-material-handling\\\/#breadcrumb\",\"itemListElement\":[{\"@type\":\"ListItem\",\"position\":1,\"name\":\"Home\",\"item\":\"https:\\\/\\\/thern.com\\\/de\\\/\"},{\"@type\":\"ListItem\",\"position\":2,\"name\":\"Industries\",\"item\":\"https:\\\/\\\/thern.com\\\/de\\\/industries\\\/\"},{\"@type\":\"ListItem\",\"position\":3,\"name\":\"Bulk Material Handling\"}]},{\"@type\":\"WebSite\",\"@id\":\"https:\\\/\\\/thern.com\\\/de\\\/#website\",\"url\":\"https:\\\/\\\/thern.com\\\/de\\\/\",\"name\":\"Thern\u00ae Winches &amp; Cranes\",\"description\":\"Leave the Heavy Lifting to Us\",\"publisher\":{\"@id\":\"https:\\\/\\\/thern.com\\\/de\\\/#organization\"},\"potentialAction\":[{\"@type\":\"SearchAction\",\"target\":{\"@type\":\"EntryPoint\",\"urlTemplate\":\"https:\\\/\\\/thern.com\\\/de\\\/?s={search_term_string}\"},\"query-input\":{\"@type\":\"PropertyValueSpecification\",\"valueRequired\":true,\"valueName\":\"search_term_string\"}}],\"inLanguage\":\"de-DE\"},{\"@type\":\"Organization\",\"@id\":\"https:\\\/\\\/thern.com\\\/de\\\/#organization\",\"name\":\"Thern\u00ae Winches &amp; Cranes\",\"url\":\"https:\\\/\\\/thern.com\\\/de\\\/\",\"logo\":{\"@type\":\"ImageObject\",\"inLanguage\":\"de-DE\",\"@id\":\"https:\\\/\\\/thern.com\\\/de\\\/#\\\/schema\\\/logo\\\/image\\\/\",\"url\":\"https:\\\/\\\/thern.com\\\/wp-content\\\/uploads\\\/2023\\\/11\\\/Logo_SaveForWeb-outline-FINAL-01.svg\",\"contentUrl\":\"https:\\\/\\\/thern.com\\\/wp-content\\\/uploads\\\/2023\\\/11\\\/Logo_SaveForWeb-outline-FINAL-01.svg\",\"caption\":\"Thern\u00ae Winches &amp; Cranes\"},\"image\":{\"@id\":\"https:\\\/\\\/thern.com\\\/de\\\/#\\\/schema\\\/logo\\\/image\\\/\"},\"sameAs\":[\"https:\\\/\\\/www.facebook.com\\\/ThernInc\\\/\",\"https:\\\/\\\/www.linkedin.com\\\/company\\\/thern-inc-\\\/\",\"https:\\\/\\\/www.youtube.com\\\/user\\\/ThernStage\"]}]}<\/script>\n<!-- \/ Yoast SEO plugin. -->","yoast_head_json":{"title":"Ger\u00e4te f\u00fcr den Sch\u00fcttguttransport \u2013 Kr\u00e4ne und Winden | Thern\u00ae Winches &amp; Cranes","description":"Das breite Produktangebot von Thern, einschlie\u00dflich Sch\u00fcttgutkranen und Winden, bietet eine optimale L\u00f6sung, um Ihrem Betrieb wertvolle Zeit und Geld zu sparen.","robots":{"index":"index","follow":"follow","max-snippet":"max-snippet:-1","max-image-preview":"max-image-preview:large","max-video-preview":"max-video-preview:-1"},"canonical":"https:\/\/thern.com\/de\/industries\/bulk-material-handling\/","og_locale":"de_DE","og_type":"article","og_title":"Ger\u00e4te f\u00fcr den Sch\u00fcttguttransport \u2013 Kr\u00e4ne und Winden | Thern\u00ae Winches &amp; Cranes","og_description":"Das breite Produktangebot von Thern, einschlie\u00dflich Sch\u00fcttgutkranen und Winden, bietet eine optimale L\u00f6sung, um Ihrem Betrieb wertvolle Zeit und Geld zu sparen.","og_url":"https:\/\/thern.com\/de\/industries\/bulk-material-handling\/","og_site_name":"Thern\u00ae Winches &amp; Cranes","article_publisher":"https:\/\/www.facebook.com\/ThernInc\/","article_modified_time":"2023-10-09T19:27:06+00:00","twitter_card":"summary_large_image","twitter_misc":{"Gesch\u00e4tzte Lesezeit":"3 Minuten"},"schema":{"@context":"https:\/\/schema.org","@graph":[{"@type":"WebPage","@id":"https:\/\/thern.com\/de\/industries\/bulk-material-handling\/","url":"https:\/\/thern.com\/de\/industries\/bulk-material-handling\/","name":"Ger\u00e4te f\u00fcr den Sch\u00fcttguttransport \u2013 Kr\u00e4ne und Winden | Thern\u00ae Winches &amp; Cranes","isPartOf":{"@id":"https:\/\/thern.com\/de\/#website"},"datePublished":"2023-08-28T16:56:18+00:00","dateModified":"2023-10-09T19:27:06+00:00","description":"Das breite Produktangebot von Thern, einschlie\u00dflich Sch\u00fcttgutkranen und Winden, bietet eine optimale L\u00f6sung, um Ihrem Betrieb wertvolle Zeit und Geld zu sparen.","breadcrumb":{"@id":"https:\/\/thern.com\/de\/industries\/bulk-material-handling\/#breadcrumb"},"inLanguage":"de-DE","potentialAction":[{"@type":"ReadAction","target":["https:\/\/thern.com\/de\/industries\/bulk-material-handling\/"]}]},{"@type":"BreadcrumbList","@id":"https:\/\/thern.com\/de\/industries\/bulk-material-handling\/#breadcrumb","itemListElement":[{"@type":"ListItem","position":1,"name":"Home","item":"https:\/\/thern.com\/de\/"},{"@type":"ListItem","position":2,"name":"Industries","item":"https:\/\/thern.com\/de\/industries\/"},{"@type":"ListItem","position":3,"name":"Bulk Material Handling"}]},{"@type":"WebSite","@id":"https:\/\/thern.com\/de\/#website","url":"https:\/\/thern.com\/de\/","name":"Thern\u00ae Winches &amp; Cranes","description":"Leave the Heavy Lifting to Us","publisher":{"@id":"https:\/\/thern.com\/de\/#organization"},"potentialAction":[{"@type":"SearchAction","target":{"@type":"EntryPoint","urlTemplate":"https:\/\/thern.com\/de\/?s={search_term_string}"},"query-input":{"@type":"PropertyValueSpecification","valueRequired":true,"valueName":"search_term_string"}}],"inLanguage":"de-DE"},{"@type":"Organization","@id":"https:\/\/thern.com\/de\/#organization","name":"Thern\u00ae Winches &amp; Cranes","url":"https:\/\/thern.com\/de\/","logo":{"@type":"ImageObject","inLanguage":"de-DE","@id":"https:\/\/thern.com\/de\/#\/schema\/logo\/image\/","url":"https:\/\/thern.com\/wp-content\/uploads\/2023\/11\/Logo_SaveForWeb-outline-FINAL-01.svg","contentUrl":"https:\/\/thern.com\/wp-content\/uploads\/2023\/11\/Logo_SaveForWeb-outline-FINAL-01.svg","caption":"Thern\u00ae Winches &amp; Cranes"},"image":{"@id":"https:\/\/thern.com\/de\/#\/schema\/logo\/image\/"},"sameAs":["https:\/\/www.facebook.com\/ThernInc\/","https:\/\/www.linkedin.com\/company\/thern-inc-\/","https:\/\/www.youtube.com\/user\/ThernStage"]}]}},"_links":{"self":[{"href":"https:\/\/thern.com\/de\/wp-json\/wp\/v2\/pages\/32378","targetHints":{"allow":["GET"]}}],"collection":[{"href":"https:\/\/thern.com\/de\/wp-json\/wp\/v2\/pages"}],"about":[{"href":"https:\/\/thern.com\/de\/wp-json\/wp\/v2\/types\/page"}],"author":[{"embeddable":true,"href":"https:\/\/thern.com\/de\/wp-json\/wp\/v2\/users\/1"}],"replies":[{"embeddable":true,"href":"https:\/\/thern.com\/de\/wp-json\/wp\/v2\/comments?post=32378"}],"version-history":[{"count":0,"href":"https:\/\/thern.com\/de\/wp-json\/wp\/v2\/pages\/32378\/revisions"}],"up":[{"embeddable":true,"href":"https:\/\/thern.com\/de\/wp-json\/wp\/v2\/pages\/30467"}],"wp:attachment":[{"href":"https:\/\/thern.com\/de\/wp-json\/wp\/v2\/media?parent=32378"}],"curies":[{"name":"wp","href":"https:\/\/api.w.org\/{rel}","templated":true}]}}