{"id":32295,"date":"2023-08-22T20:19:33","date_gmt":"2023-08-22T20:19:33","guid":{"rendered":"https:\/\/therninc.wpenginepowered.com\/winches\/portable-electric-winches\/"},"modified":"2023-10-09T15:37:45","modified_gmt":"2023-10-09T15:37:45","slug":"portable-electric-winches","status":"publish","type":"page","link":"https:\/\/thern.com\/de\/winches\/portable-electric-winches\/","title":{"rendered":"Portable Electric Winches"},"content":{"rendered":"<div class=\"wpb-content-wrapper\"><p>[vc_section full_width=&#8220;stretch_row&#8220; content_placement=&#8220;middle&#8220; css=&#8220;.vc_custom_1692902198468{padding-top: 0px !important;background-image: url(https:\/\/thern.com\/wp-content\/uploads\/2023\/08\/Thern_Winches-Hero.jpg?id=22442) !important;background-position: center !important;background-repeat: no-repeat !important;background-size: cover !important;}&#8220;][vc_row full_width=&#8220;stretch_row&#8220; css=&#8220;.vc_custom_1692902190152{padding-top: 50px !important;padding-bottom: 70px !important;background-color: rgba(0,0,0,0.5) !important;*background-color: rgb(0,0,0) !important;}&#8220;][vc_column][vc_custom_heading text=&#8220;Tragbare elektrische Winden&#8220; font_container=&#8220;tag:h1|text_align:left|color:%23ffffff&#8220; use_theme_fonts=&#8220;yes&#8220; css_animation=&#8220;fadeInLeft&#8220;][\/vc_column][\/vc_row][\/vc_section][vc_row full_width=&#8220;stretch_row&#8220; equal_height=&#8220;yes&#8220; content_placement=&#8220;middle&#8220; css=&#8220;.vc_custom_1689180629506{padding-bottom: 35px !important;background-color: #c71a32 !important;}&#8220;][vc_column css_animation=&#8220;fadeInLeft&#8220; width=&#8220;1\/2&#8243;][vc_custom_heading text=&#8220;Thern Winden&#8220; font_container=&#8220;tag:h2|text_align:left|color:%23ffffff&#8220; use_theme_fonts=&#8220;yes&#8220;][vc_custom_heading text=&#8220;Mit Zuversicht ziehen, heben, positionieren und spannen&#8220; font_container=&#8220;tag:h3|text_align:left|color:%23ffffff&#8220; use_theme_fonts=&#8220;yes&#8220;][\/vc_column][vc_column width=&#8220;1\/2&#8243; el_class=&#8220;do-not-show&#8220;][\/vc_column][\/vc_row][vc_section el_id=&#8220;rotate-containers&#8220; css=&#8220;.vc_custom_1692817472416{padding-top: 35px !important;padding-bottom: 35px !important;}&#8220;][vc_row][vc_column width=&#8220;1\/6&#8243; el_class=&#8220;do-not-show&#8220;][\/vc_column][vc_column width=&#8220;2\/3&#8243;][vc_column_text css_animation=&#8220;fadeInUp&#8220;]<\/p>\n<p style=\"text-align: center;\">Bewegen Sie mit einer tragbaren elektrischen Winde von Thern sicher bis zu 4.600 Pfund. Diese leichten, tragbaren Kraftwinden bestehen aus Aluminiumguss und sind darauf ausgelegt, die Kraft dort zu entfalten, wo und wann Sie sie ben\u00f6tigen \u2013 auf der Baustelle, in den Minen, in der Abwasseraufbereitungsanlage und sogar in Luft- und Raumfahrtanlagen.<\/p>\n<p>[\/vc_column_text][\/vc_column][vc_column width=&#8220;1\/6&#8243; el_class=&#8220;do-not-show&#8220;][\/vc_column][\/vc_row][vc_row el_id=&#8220;product-change&#8220;][vc_column css_animation=&#8220;fadeInUp&#8220;][vc_row_inner content_placement=&#8220;middle&#8220; el_class=&#8220;headline-container&#8220;][vc_column_inner width=&#8220;1\/5&#8243;][vc_custom_heading text=&#8220;Liberty<sup>\u00ae<\/sup> Serie&#8220; font_container=&#8220;tag:h6|text_align:center|color:%23990000&#8243; use_theme_fonts=&#8220;yes&#8220; css=&#8220;.vc_custom_1696865607607{margin-bottom: 0px !important;}&#8220; el_class=&#8220;headline-one active&#8220;][\/vc_column_inner][vc_column_inner width=&#8220;1\/5&#8243;][vc_custom_heading text=&#8220;Atlas Worm<br \/>\nGear Serie&#8220; font_container=&#8220;tag:h6|text_align:center|color:%23990000&#8243; use_theme_fonts=&#8220;yes&#8220; css=&#8220;.vc_custom_1696865612433{margin-bottom: 0px !important;}&#8220; el_class=&#8220;headline-two&#8220;][\/vc_column_inner][vc_column_inner width=&#8220;1\/5&#8243;][vc_custom_heading text=&#8220;High Speed<br \/>\nWorm Gear Serie&#8220; font_container=&#8220;tag:h6|text_align:center|color:%23990000&#8243; use_theme_fonts=&#8220;yes&#8220; css=&#8220;.vc_custom_1696865616016{margin-bottom: 0px !important;}&#8220; el_class=&#8220;headline-three&#8220;][\/vc_column_inner][vc_column_inner width=&#8220;1\/5&#8243;][vc_custom_heading text=&#8220;Dura-Hoist<br \/>\nHelical\/Worm<br \/>\nGear Serie&#8220; font_container=&#8220;tag:h6|text_align:center|color:%23990000&#8243; use_theme_fonts=&#8220;yes&#8220; css=&#8220;.vc_custom_1696865619807{margin-bottom: 0px !important;}&#8220; el_class=&#8220;headline-four&#8220;][\/vc_column_inner][vc_column_inner width=&#8220;1\/5&#8243;][vc_custom_heading text=&#8220;Atlas II<br \/>\nWorm Gear<br \/>\nSerie&#8220; font_container=&#8220;tag:h6|text_align:center|color:%23990000&#8243; use_theme_fonts=&#8220;yes&#8220; css=&#8220;.vc_custom_1696865623947{margin-bottom: 0px !important;}&#8220; el_class=&#8220;headline-five&#8220;][\/vc_column_inner][\/vc_row_inner][\/vc_column][\/vc_row][vc_row css_animation=&#8220;fadeIn&#8220; el_class=&#8220;container-one active&#8220; el_id=&#8220;container-one&#8220;][vc_column][vc_single_image image=&#8220;23005&#8243; img_size=&#8220;full&#8220; alignment=&#8220;center&#8220;][vc_row_inner][vc_column_inner width=&#8220;1\/2&#8243;][vc_column_text el_class=&#8220;content-one active&#8220;]<\/p>\n<h3><span style=\"color: #900000;\">3CP1S-AFS \/ 3CP1M-AFS Capstan Winde<\/span><\/h3>\n<p><strong><span style=\"color: #900000;\">LIBERTY<sup>\u00ae<\/sup> SERIE<\/span><\/strong><br \/>\n<strong><span style=\"color: #900000;\">Bis zu 2.000 Pfund Kapazit\u00e4t<\/span><\/strong>[\/vc_column_text][\/vc_column_inner][vc_column_inner width=&#8220;1\/2&#8243;][vc_btn title=&#8220;Erkunden Liberty Serie&#8220; style=&#8220;custom&#8220; custom_background=&#8220;#c71a32&#8243; custom_text=&#8220;#ffffff&#8220; shape=&#8220;square&#8220; size=&#8220;lg&#8220; align=&#8220;center&#8220; i_align=&#8220;right&#8220; i_icon_fontawesome=&#8220;fas fa-angle-right&#8220; add_icon=&#8220;true&#8220; el_class=&#8220;button-one active&#8220; link=&#8220;url:%2Fde%2Fwinches%2Fportable-electric-winches%2Fcapstan-winch%2F|title:Explore%20Capstan%20WInch&#8220;][vc_btn title=&#8220;Entdecken Sie alle Winden&#8220; style=&#8220;custom&#8220; custom_background=&#8220;#666666&#8243; custom_text=&#8220;#ffffff&#8220; shape=&#8220;square&#8220; size=&#8220;lg&#8220; align=&#8220;center&#8220; i_align=&#8220;right&#8220; i_icon_fontawesome=&#8220;fas fa-angle-right&#8220; add_icon=&#8220;true&#8220; el_class=&#8220;button-one active grey-btn&#8220; link=&#8220;url:%2Fde%2Fwinches%2F|title:Portable%20Electric%20Winches&#8220;][\/vc_column_inner][\/vc_row_inner][\/vc_column][\/vc_row][vc_row css_animation=&#8220;fadeIn&#8220; el_class=&#8220;container-two&#8220; el_id=&#8220;container-two&#8220;][vc_column][vc_single_image image=&#8220;23017&#8243; img_size=&#8220;full&#8220; alignment=&#8220;center&#8220;][vc_row_inner][vc_column_inner width=&#8220;1\/2&#8243;][vc_column_text el_class=&#8220;content-one active&#8220;]<\/p>\n<h3><span style=\"color: #900000;\">4WP2T8 Elektrische Winde<\/span><\/h3>\n<p><strong><span style=\"color: #900000;\">ATLAS WORM GEAR SERIE<\/span><\/strong><br \/>\n<strong><span style=\"color: #900000;\">Bis zu 2.000 Pfund Kapazit\u00e4t<\/span><\/strong>[\/vc_column_text][\/vc_column_inner][vc_column_inner width=&#8220;1\/2&#8243;][vc_btn title=&#8220;Erkunden Atlas Worm Gear Serie&#8220; style=&#8220;custom&#8220; custom_background=&#8220;#c71a32&#8243; custom_text=&#8220;#ffffff&#8220; shape=&#8220;square&#8220; size=&#8220;lg&#8220; align=&#8220;center&#8220; i_align=&#8220;right&#8220; i_icon_fontawesome=&#8220;fas fa-angle-right&#8220; add_icon=&#8220;true&#8220; el_class=&#8220;button-one active&#8220; link=&#8220;url:%2Fde%2Fwinches%2Fportable-electric-winches%2Fseries-4wp2-atlas-worm-gear-portable-power-winch%2F|title:Explore%20Atlas%20Worm%20Gear%20Series&#8220;][vc_btn title=&#8220;Entdecken Sie alle Winden&#8220; style=&#8220;custom&#8220; custom_background=&#8220;#666666&#8243; custom_text=&#8220;#ffffff&#8220; shape=&#8220;square&#8220; size=&#8220;lg&#8220; align=&#8220;center&#8220; i_align=&#8220;right&#8220; i_icon_fontawesome=&#8220;fas fa-angle-right&#8220; add_icon=&#8220;true&#8220; el_class=&#8220;button-one active grey-btn&#8220; link=&#8220;url:%2Fde%2Fwinches%2F|title:Portable%20Electric%20Winches&#8220;][\/vc_column_inner][\/vc_row_inner][\/vc_column][\/vc_row][vc_row css_animation=&#8220;fadeIn&#8220; el_class=&#8220;container-three&#8220; el_id=&#8220;container-three&#8220;][vc_column][vc_single_image image=&#8220;23026&#8243; img_size=&#8220;full&#8220; alignment=&#8220;center&#8220;][vc_row_inner][vc_column_inner width=&#8220;1\/2&#8243;][vc_column_text el_class=&#8220;content-one active&#8220;]<\/p>\n<h3><span style=\"color: #900000;\">4WP2D8 Elektrische Winde<\/span><\/h3>\n<p><strong><span style=\"color: #900000;\">HIGH SPEED WORM GEAR SERIE<\/span><\/strong><br \/>\n<strong><span style=\"color: #900000;\">Bis zu 1.500 Pfund Kapazit\u00e4t<\/span><\/strong>[\/vc_column_text][\/vc_column_inner][vc_column_inner width=&#8220;1\/2&#8243;][vc_btn title=&#8220;Erkunden High Speed Worm Gear Serie&#8220; style=&#8220;custom&#8220; custom_background=&#8220;#c71a32&#8243; custom_text=&#8220;#ffffff&#8220; shape=&#8220;square&#8220; size=&#8220;lg&#8220; align=&#8220;center&#8220; i_align=&#8220;right&#8220; i_icon_fontawesome=&#8220;fas fa-angle-right&#8220; add_icon=&#8220;true&#8220; el_class=&#8220;button-one active&#8220; link=&#8220;url:%2Fde%2Fwinches%2Fportable-electric-winches%2Fseries-4wp2d-high-speed-worm-gear-portable-power-winch%2F|title:Explore%20High%20Speed%20Worm%20Gear%20Series&#8220;][vc_btn title=&#8220;Entdecken Sie alle Winden&#8220; style=&#8220;custom&#8220; custom_background=&#8220;#666666&#8243; custom_text=&#8220;#ffffff&#8220; shape=&#8220;square&#8220; size=&#8220;lg&#8220; align=&#8220;center&#8220; i_align=&#8220;right&#8220; i_icon_fontawesome=&#8220;fas fa-angle-right&#8220; add_icon=&#8220;true&#8220; el_class=&#8220;button-one active grey-btn&#8220; link=&#8220;url:%2Fde%2Fwinches%2F|title:Portable%20Electric%20Winches&#8220;][\/vc_column_inner][\/vc_row_inner][\/vc_column][\/vc_row][vc_row css_animation=&#8220;fadeIn&#8220; el_class=&#8220;container-four&#8220; el_id=&#8220;container-four&#8220;][vc_column][vc_single_image image=&#8220;23035&#8243; img_size=&#8220;full&#8220; alignment=&#8220;center&#8220;][vc_row_inner][vc_column_inner width=&#8220;1\/2&#8243;][vc_column_text el_class=&#8220;content-one active&#8220;]<\/p>\n<h3><span style=\"color: #900000;\">4771 Elektrische Winde<\/span><\/h3>\n<p><strong><span style=\"color: #900000;\">DURA-HOIST HELICAL\/WORM GEAR SERIE<\/span><\/strong><br \/>\n<strong><span style=\"color: #900000;\">Bis zu 2.000 Pfund Kapazit\u00e4t<\/span><\/strong>[\/vc_column_text][\/vc_column_inner][vc_column_inner width=&#8220;1\/2&#8243;][vc_btn title=&#8220;Erkunden Dura-Hoist Helical\/Worm Gear Serie&#8220; style=&#8220;custom&#8220; custom_background=&#8220;#c71a32&#8243; custom_text=&#8220;#ffffff&#8220; shape=&#8220;square&#8220; size=&#8220;lg&#8220; align=&#8220;center&#8220; i_align=&#8220;right&#8220; i_icon_fontawesome=&#8220;fas fa-angle-right&#8220; add_icon=&#8220;true&#8220; el_class=&#8220;button-one active&#8220; link=&#8220;url:%2Fde%2Fwinches%2Fportable-electric-winches%2F%2Fseries-477-dura-hoist-helical-worm-gear%2F|title:Explore%20Dura-Hoist%20Helical%2FWorm%20Gear%20Series&#8220;][vc_btn title=&#8220;Entdecken Sie alle Winden&#8220; style=&#8220;custom&#8220; custom_background=&#8220;#666666&#8243; custom_text=&#8220;#ffffff&#8220; shape=&#8220;square&#8220; size=&#8220;lg&#8220; align=&#8220;center&#8220; i_align=&#8220;right&#8220; i_icon_fontawesome=&#8220;fas fa-angle-right&#8220; add_icon=&#8220;true&#8220; el_class=&#8220;button-one active grey-btn&#8220; link=&#8220;url:%2Fde%2Fwinches%2F|title:Portable%20Electric%20Winches&#8220;][\/vc_column_inner][\/vc_row_inner][\/vc_column][\/vc_row][vc_row css_animation=&#8220;fadeIn&#8220; el_class=&#8220;container-five&#8220; el_id=&#8220;container-five&#8220;][vc_column][vc_single_image image=&#8220;23045&#8243; img_size=&#8220;full&#8220; alignment=&#8220;center&#8220;][vc_row_inner][vc_column_inner width=&#8220;1\/2&#8243;][vc_column_text el_class=&#8220;content-one active&#8220;]<\/p>\n<h3><span style=\"color: #900000;\">3WG4 Elektrische Winde<\/span><\/h3>\n<p><strong><span style=\"color: #900000;\">ATLAS II WORM GEAR SERIE<\/span><\/strong><br \/>\n<strong><span style=\"color: #900000;\">Bis zu 4.600 Pfund Kapazit\u00e4t<\/span><\/strong>[\/vc_column_text][\/vc_column_inner][vc_column_inner width=&#8220;1\/2&#8243;][vc_btn title=&#8220;Erkunden Atlas II Worm Gear Serie&#8220; style=&#8220;custom&#8220; custom_background=&#8220;#c71a32&#8243; custom_text=&#8220;#ffffff&#8220; shape=&#8220;square&#8220; size=&#8220;lg&#8220; align=&#8220;center&#8220; i_align=&#8220;right&#8220; i_icon_fontawesome=&#8220;fas fa-angle-right&#8220; add_icon=&#8220;true&#8220; el_class=&#8220;button-one active&#8220; link=&#8220;url:%2Fde%2Fwinches%2Fportable-electric-winches%2Fseries-3wg4-atlas-ii-portable-power-winch%2F|title:Explore%20Atlas%20II%20Worm%20Gear%20Series&#8220;][vc_btn title=&#8220;Entdecken Sie alle Winden&#8220; style=&#8220;custom&#8220; custom_background=&#8220;#666666&#8243; custom_text=&#8220;#ffffff&#8220; shape=&#8220;square&#8220; size=&#8220;lg&#8220; align=&#8220;center&#8220; i_align=&#8220;right&#8220; i_icon_fontawesome=&#8220;fas fa-angle-right&#8220; add_icon=&#8220;true&#8220; el_class=&#8220;button-one active grey-btn&#8220; link=&#8220;url:%2Fde%2Fwinches%2F|title:Portable%20Electric%20Winches&#8220;][\/vc_column_inner][\/vc_row_inner][\/vc_column][\/vc_row][\/vc_section][vc_row full_width=&#8220;stretch_row&#8220; css=&#8220;.vc_custom_1689696517169{padding-top: 35px !important;padding-bottom: 35px !important;background-color: #ececec !important;}&#8220;][vc_column][vc_custom_heading text=&#8220;Sie sehen nicht, wonach Sie suchen?&#8220; font_container=&#8220;tag:h2|text_align:center|color:%230a0a0a&#8220; use_theme_fonts=&#8220;yes&#8220; css_animation=&#8220;fadeInUp&#8220; css=&#8220;.vc_custom_1696803601222{margin-bottom: 0px !important;}&#8220;][\/vc_column][vc_column width=&#8220;1\/6&#8243; el_class=&#8220;do-not-show&#8220;][\/vc_column][vc_column css_animation=&#8220;fadeInUp&#8220; width=&#8220;2\/3&#8243;][vc_column_text]<\/p>\n<p style=\"text-align: center;\">Wenn Sie spezielle Produktw\u00fcnsche haben, rufen Sie uns einfach an! Unsere Entwicklungs- und Produktionsteams sind Experten darin, bestehende Modelle zu modifizieren und eine ma\u00dfgeschneiderte Winde f\u00fcr Ihre spezifischen Anforderungen zu entwerfen. Tats\u00e4chlich handelt es sich bei \u00fcber 60 % unseres Gesch\u00e4fts um kundenspezifische Konstruktionen. Z\u00f6gern Sie also nicht, uns zu kontaktieren, wenn Sie auf unserer Website oder in unserem Katalog nicht finden, was Sie suchen. Wir sind auf die schnelle Abwicklung von Sonderanfertigungen spezialisiert.<\/p>\n<p>[\/vc_column_text][vc_btn title=&#8220;Kundenspezifische Ingenieurdienstleistungen&#8220; style=&#8220;custom&#8220; custom_background=&#8220;#c71a32&#8243; custom_text=&#8220;#ffffff&#8220; shape=&#8220;square&#8220; size=&#8220;lg&#8220; align=&#8220;center&#8220; i_align=&#8220;right&#8220; i_icon_fontawesome=&#8220;fas fa-angle-right&#8220; add_icon=&#8220;true&#8220; link=&#8220;url:%2Fde%2Fcustom-engineering-services%2F|title:Custom%20Engineering%20Services&#8220;][\/vc_column][vc_column width=&#8220;1\/6&#8243; el_class=&#8220;do-not-show&#8220;][\/vc_column][\/vc_row]<\/p>\n<\/div>","protected":false},"excerpt":{"rendered":"<p>[vc_section full_width=&#8220;stretch_row&#8220; content_placement=&#8220;middle&#8220; css=&#8220;.vc_custom_1692902198468{padding-top: 0px !important;background-image: url(https:\/\/thern.com\/wp-content\/uploads\/2023\/08\/Thern_Winches-Hero.jpg?id=22442) !important;background-position: center !important;background-repeat: no-repeat !important;background-size: cover !important;}&#8220;][vc_row full_width=&#8220;stretch_row&#8220; css=&#8220;.vc_custom_1692902190152{padding-top: 50px !important;padding-bottom: 70px !important;background-color: rgba(0,0,0,0.5) !important;*background-color: rgb(0,0,0) !important;}&#8220;][vc_column][vc_custom_heading text=&#8220;Tragbare elektrische Winden&#8220; font_container=&#8220;tag:h1|text_align:left|color:%23ffffff&#8220; use_theme_fonts=&#8220;yes&#8220; css_animation=&#8220;fadeInLeft&#8220;][\/vc_column][\/vc_row][\/vc_section][vc_row full_width=&#8220;stretch_row&#8220; equal_height=&#8220;yes&#8220; content_placement=&#8220;middle&#8220; css=&#8220;.vc_custom_1689180629506{padding-bottom: 35px !important;background-color: #c71a32 !important;}&#8220;][vc_column css_animation=&#8220;fadeInLeft&#8220; width=&#8220;1\/2&#8243;][vc_custom_heading text=&#8220;Thern Winden&#8220; font_container=&#8220;tag:h2|text_align:left|color:%23ffffff&#8220; use_theme_fonts=&#8220;yes&#8220;][vc_custom_heading text=&#8220;Mit Zuversicht ziehen, heben, positionieren und spannen&#8220; font_container=&#8220;tag:h3|text_align:left|color:%23ffffff&#8220; use_theme_fonts=&#8220;yes&#8220;][\/vc_column][vc_column width=&#8220;1\/2&#8243; el_class=&#8220;do-not-show&#8220;][\/vc_column][\/vc_row][vc_section &#8230; <a title=\"Portable Electric Winches\" class=\"read-more\" href=\"https:\/\/thern.com\/de\/winches\/portable-electric-winches\/\" aria-label=\"More on Portable Electric Winches\">Read more<\/a><\/p>\n","protected":false},"author":1,"featured_media":0,"parent":30940,"menu_order":0,"comment_status":"closed","ping_status":"closed","template":"","meta":{"footnotes":""},"class_list":["post-32295","page","type-page","status-publish"],"yoast_head":"<!-- This site is optimized with the Yoast SEO plugin v27.3 - https:\/\/yoast.com\/product\/yoast-seo-wordpress\/ -->\n<title>Tragbare elektrische Winden \u2013 Thern-Hochleistungswinden | Thern\u00ae Winches &amp; Cranes<\/title>\n<meta name=\"description\" content=\"Die robusten tragbaren Elektrowinden von Thern sind f\u00fcr h\u00f6here Seilgeschwindigkeiten ausgelegt und bieten Ihnen ultimative Kontrolle, Pr\u00e4zision und Leistung.\" \/>\n<meta name=\"robots\" content=\"index, follow, max-snippet:-1, max-image-preview:large, max-video-preview:-1\" \/>\n<link rel=\"canonical\" href=\"https:\/\/thern.com\/de\/winches\/portable-electric-winches\/\" \/>\n<meta property=\"og:locale\" content=\"de_DE\" \/>\n<meta property=\"og:type\" content=\"article\" \/>\n<meta property=\"og:title\" content=\"Tragbare elektrische Winden \u2013 Thern-Hochleistungswinden | Thern\u00ae Winches &amp; Cranes\" \/>\n<meta property=\"og:description\" content=\"Die robusten tragbaren Elektrowinden von Thern sind f\u00fcr h\u00f6here Seilgeschwindigkeiten ausgelegt und bieten Ihnen ultimative Kontrolle, Pr\u00e4zision und Leistung.\" \/>\n<meta property=\"og:url\" content=\"https:\/\/thern.com\/de\/winches\/portable-electric-winches\/\" \/>\n<meta property=\"og:site_name\" content=\"Thern\u00ae Winches &amp; Cranes\" \/>\n<meta property=\"article:publisher\" content=\"https:\/\/www.facebook.com\/ThernInc\/\" \/>\n<meta property=\"article:modified_time\" content=\"2023-10-09T15:37:45+00:00\" \/>\n<meta name=\"twitter:card\" content=\"summary_large_image\" \/>\n<meta name=\"twitter:label1\" content=\"Gesch\u00e4tzte Lesezeit\" \/>\n\t<meta name=\"twitter:data1\" content=\"3 Minuten\" \/>\n<script type=\"application\/ld+json\" class=\"yoast-schema-graph\">{\"@context\":\"https:\\\/\\\/schema.org\",\"@graph\":[{\"@type\":\"WebPage\",\"@id\":\"https:\\\/\\\/thern.com\\\/de\\\/winches\\\/portable-electric-winches\\\/\",\"url\":\"https:\\\/\\\/thern.com\\\/de\\\/winches\\\/portable-electric-winches\\\/\",\"name\":\"Tragbare elektrische Winden \u2013 Thern-Hochleistungswinden | Thern\u00ae Winches &amp; Cranes\",\"isPartOf\":{\"@id\":\"https:\\\/\\\/thern.com\\\/de\\\/#website\"},\"datePublished\":\"2023-08-22T20:19:33+00:00\",\"dateModified\":\"2023-10-09T15:37:45+00:00\",\"description\":\"Die robusten tragbaren Elektrowinden von Thern sind f\u00fcr h\u00f6here Seilgeschwindigkeiten ausgelegt und bieten Ihnen ultimative Kontrolle, Pr\u00e4zision und Leistung.\",\"breadcrumb\":{\"@id\":\"https:\\\/\\\/thern.com\\\/de\\\/winches\\\/portable-electric-winches\\\/#breadcrumb\"},\"inLanguage\":\"de-DE\",\"potentialAction\":[{\"@type\":\"ReadAction\",\"target\":[\"https:\\\/\\\/thern.com\\\/de\\\/winches\\\/portable-electric-winches\\\/\"]}]},{\"@type\":\"BreadcrumbList\",\"@id\":\"https:\\\/\\\/thern.com\\\/de\\\/winches\\\/portable-electric-winches\\\/#breadcrumb\",\"itemListElement\":[{\"@type\":\"ListItem\",\"position\":1,\"name\":\"Home\",\"item\":\"https:\\\/\\\/thern.com\\\/de\\\/\"},{\"@type\":\"ListItem\",\"position\":2,\"name\":\"Winches\",\"item\":\"https:\\\/\\\/thern.com\\\/de\\\/winches\\\/\"},{\"@type\":\"ListItem\",\"position\":3,\"name\":\"Portable Electric Winches\"}]},{\"@type\":\"WebSite\",\"@id\":\"https:\\\/\\\/thern.com\\\/de\\\/#website\",\"url\":\"https:\\\/\\\/thern.com\\\/de\\\/\",\"name\":\"Thern\u00ae Winches &amp; Cranes\",\"description\":\"Leave the Heavy Lifting to Us\",\"publisher\":{\"@id\":\"https:\\\/\\\/thern.com\\\/de\\\/#organization\"},\"potentialAction\":[{\"@type\":\"SearchAction\",\"target\":{\"@type\":\"EntryPoint\",\"urlTemplate\":\"https:\\\/\\\/thern.com\\\/de\\\/?s={search_term_string}\"},\"query-input\":{\"@type\":\"PropertyValueSpecification\",\"valueRequired\":true,\"valueName\":\"search_term_string\"}}],\"inLanguage\":\"de-DE\"},{\"@type\":\"Organization\",\"@id\":\"https:\\\/\\\/thern.com\\\/de\\\/#organization\",\"name\":\"Thern\u00ae Winches &amp; Cranes\",\"url\":\"https:\\\/\\\/thern.com\\\/de\\\/\",\"logo\":{\"@type\":\"ImageObject\",\"inLanguage\":\"de-DE\",\"@id\":\"https:\\\/\\\/thern.com\\\/de\\\/#\\\/schema\\\/logo\\\/image\\\/\",\"url\":\"https:\\\/\\\/thern.com\\\/wp-content\\\/uploads\\\/2023\\\/11\\\/Logo_SaveForWeb-outline-FINAL-01.svg\",\"contentUrl\":\"https:\\\/\\\/thern.com\\\/wp-content\\\/uploads\\\/2023\\\/11\\\/Logo_SaveForWeb-outline-FINAL-01.svg\",\"caption\":\"Thern\u00ae Winches &amp; Cranes\"},\"image\":{\"@id\":\"https:\\\/\\\/thern.com\\\/de\\\/#\\\/schema\\\/logo\\\/image\\\/\"},\"sameAs\":[\"https:\\\/\\\/www.facebook.com\\\/ThernInc\\\/\",\"https:\\\/\\\/www.linkedin.com\\\/company\\\/thern-inc-\\\/\",\"https:\\\/\\\/www.youtube.com\\\/user\\\/ThernStage\"]}]}<\/script>\n<!-- \/ Yoast SEO plugin. -->","yoast_head_json":{"title":"Tragbare elektrische Winden \u2013 Thern-Hochleistungswinden | Thern\u00ae Winches &amp; Cranes","description":"Die robusten tragbaren Elektrowinden von Thern sind f\u00fcr h\u00f6here Seilgeschwindigkeiten ausgelegt und bieten Ihnen ultimative Kontrolle, Pr\u00e4zision und Leistung.","robots":{"index":"index","follow":"follow","max-snippet":"max-snippet:-1","max-image-preview":"max-image-preview:large","max-video-preview":"max-video-preview:-1"},"canonical":"https:\/\/thern.com\/de\/winches\/portable-electric-winches\/","og_locale":"de_DE","og_type":"article","og_title":"Tragbare elektrische Winden \u2013 Thern-Hochleistungswinden | Thern\u00ae Winches &amp; Cranes","og_description":"Die robusten tragbaren Elektrowinden von Thern sind f\u00fcr h\u00f6here Seilgeschwindigkeiten ausgelegt und bieten Ihnen ultimative Kontrolle, Pr\u00e4zision und Leistung.","og_url":"https:\/\/thern.com\/de\/winches\/portable-electric-winches\/","og_site_name":"Thern\u00ae Winches &amp; Cranes","article_publisher":"https:\/\/www.facebook.com\/ThernInc\/","article_modified_time":"2023-10-09T15:37:45+00:00","twitter_card":"summary_large_image","twitter_misc":{"Gesch\u00e4tzte Lesezeit":"3 Minuten"},"schema":{"@context":"https:\/\/schema.org","@graph":[{"@type":"WebPage","@id":"https:\/\/thern.com\/de\/winches\/portable-electric-winches\/","url":"https:\/\/thern.com\/de\/winches\/portable-electric-winches\/","name":"Tragbare elektrische Winden \u2013 Thern-Hochleistungswinden | Thern\u00ae Winches &amp; Cranes","isPartOf":{"@id":"https:\/\/thern.com\/de\/#website"},"datePublished":"2023-08-22T20:19:33+00:00","dateModified":"2023-10-09T15:37:45+00:00","description":"Die robusten tragbaren Elektrowinden von Thern sind f\u00fcr h\u00f6here Seilgeschwindigkeiten ausgelegt und bieten Ihnen ultimative Kontrolle, Pr\u00e4zision und Leistung.","breadcrumb":{"@id":"https:\/\/thern.com\/de\/winches\/portable-electric-winches\/#breadcrumb"},"inLanguage":"de-DE","potentialAction":[{"@type":"ReadAction","target":["https:\/\/thern.com\/de\/winches\/portable-electric-winches\/"]}]},{"@type":"BreadcrumbList","@id":"https:\/\/thern.com\/de\/winches\/portable-electric-winches\/#breadcrumb","itemListElement":[{"@type":"ListItem","position":1,"name":"Home","item":"https:\/\/thern.com\/de\/"},{"@type":"ListItem","position":2,"name":"Winches","item":"https:\/\/thern.com\/de\/winches\/"},{"@type":"ListItem","position":3,"name":"Portable Electric Winches"}]},{"@type":"WebSite","@id":"https:\/\/thern.com\/de\/#website","url":"https:\/\/thern.com\/de\/","name":"Thern\u00ae Winches &amp; Cranes","description":"Leave the Heavy Lifting to Us","publisher":{"@id":"https:\/\/thern.com\/de\/#organization"},"potentialAction":[{"@type":"SearchAction","target":{"@type":"EntryPoint","urlTemplate":"https:\/\/thern.com\/de\/?s={search_term_string}"},"query-input":{"@type":"PropertyValueSpecification","valueRequired":true,"valueName":"search_term_string"}}],"inLanguage":"de-DE"},{"@type":"Organization","@id":"https:\/\/thern.com\/de\/#organization","name":"Thern\u00ae Winches &amp; Cranes","url":"https:\/\/thern.com\/de\/","logo":{"@type":"ImageObject","inLanguage":"de-DE","@id":"https:\/\/thern.com\/de\/#\/schema\/logo\/image\/","url":"https:\/\/thern.com\/wp-content\/uploads\/2023\/11\/Logo_SaveForWeb-outline-FINAL-01.svg","contentUrl":"https:\/\/thern.com\/wp-content\/uploads\/2023\/11\/Logo_SaveForWeb-outline-FINAL-01.svg","caption":"Thern\u00ae Winches &amp; Cranes"},"image":{"@id":"https:\/\/thern.com\/de\/#\/schema\/logo\/image\/"},"sameAs":["https:\/\/www.facebook.com\/ThernInc\/","https:\/\/www.linkedin.com\/company\/thern-inc-\/","https:\/\/www.youtube.com\/user\/ThernStage"]}]}},"_links":{"self":[{"href":"https:\/\/thern.com\/de\/wp-json\/wp\/v2\/pages\/32295","targetHints":{"allow":["GET"]}}],"collection":[{"href":"https:\/\/thern.com\/de\/wp-json\/wp\/v2\/pages"}],"about":[{"href":"https:\/\/thern.com\/de\/wp-json\/wp\/v2\/types\/page"}],"author":[{"embeddable":true,"href":"https:\/\/thern.com\/de\/wp-json\/wp\/v2\/users\/1"}],"replies":[{"embeddable":true,"href":"https:\/\/thern.com\/de\/wp-json\/wp\/v2\/comments?post=32295"}],"version-history":[{"count":0,"href":"https:\/\/thern.com\/de\/wp-json\/wp\/v2\/pages\/32295\/revisions"}],"up":[{"embeddable":true,"href":"https:\/\/thern.com\/de\/wp-json\/wp\/v2\/pages\/30940"}],"wp:attachment":[{"href":"https:\/\/thern.com\/de\/wp-json\/wp\/v2\/media?parent=32295"}],"curies":[{"name":"wp","href":"https:\/\/api.w.org\/{rel}","templated":true}]}}