{"id":32100,"date":"2023-08-29T14:45:19","date_gmt":"2023-08-29T14:45:19","guid":{"rendered":"https:\/\/therninc.wpenginepowered.com\/conveyer-tensioning-winches\/"},"modified":"2023-10-06T03:17:24","modified_gmt":"2023-10-06T03:17:24","slug":"conveyer-tensioning-winches","status":"publish","type":"page","link":"https:\/\/thern.com\/de\/industries\/mining\/conveyer-tensioning-winches\/","title":{"rendered":"Tensioning &#038; Conveyor Take-Up Winches"},"content":{"rendered":"<div class=\"wpb-content-wrapper\"><p>[vc_section full_width=&#8220;stretch_row&#8220; content_placement=&#8220;middle&#8220; css=&#8220;.vc_custom_1693320243905{padding-top: 0px !important;background-image: url(https:\/\/thern.com\/wp-content\/uploads\/2023\/08\/Thern-Industry-Header-Banners-mining.jpg?id=23602) !important;background-position: center !important;background-repeat: no-repeat !important;background-size: cover !important;}&#8220;][vc_row full_width=&#8220;stretch_row&#8220; css=&#8220;.vc_custom_1692983676181{padding-top: 50px !important;padding-bottom: 70px !important;background-color: rgba(0,0,0,0.5) !important;*background-color: rgb(0,0,0) !important;}&#8220;][vc_column][vc_custom_heading text=&#8220;Spann- und F\u00f6rderband-Aufwickelwinden&#8220; font_container=&#8220;tag:h1|text_align:left|color:%23ffffff&#8220; use_theme_fonts=&#8220;yes&#8220; css_animation=&#8220;fadeInLeft&#8220;][\/vc_column][\/vc_row][\/vc_section][vc_row equal_height=&#8220;yes&#8220; css=&#8220;.vc_custom_1692984692373{padding-top: 65px !important;padding-bottom: 35px !important;}&#8220;][vc_column css_animation=&#8220;fadeInLeft&#8220; width=&#8220;1\/2&#8243;][vc_column_text]Elektrische F\u00f6rderwinden sind ideal f\u00fcr die kontinuierliche Spannungs- und Aufnahmeeinstellung und k\u00f6nnen leistungsstarke und wirtschaftliche L\u00f6sungen in einem einzigen Windenpaket bieten.<\/p>\n<p>F\u00f6rderwinden | Ma\u00dfgeschneidert f\u00fcr eine Kupfer- und Goldmine<\/p>\n<p>Thern lieferte 15 hydraulische Wartungs- und Gegengewichtswinden f\u00fcr eine Kupfer- und Goldmine im Norden Perus.<\/p>\n<p>Wir haben unsere Winde der 4HPF-Serie als Basismodell verwendet und dann die 20M-, 25M-, 40M-, 70M- und 80M-Winden an die Anforderungen des Projekts angepasst. Die Produktion der Mine soll in den ersten f\u00fcnf Jahren eine durchschnittliche Jahresproduktion von 580.000 bis 680.000 Unzen Gold und 155 bis 235 Millionen Pfund Kupfer erreichen.<\/p>\n<p>F\u00f6rderbandspanner-Hebewinde | Ma\u00dfgeschneidert f\u00fcr das peruanische Bergbauprojekt<\/p>\n<p>Thern lieferte eine F\u00f6rderbandspanner-Hebewinde f\u00fcr eine der gr\u00f6\u00dften Kupferminen der Welt in Las Bambas, Peru. Die beiden neuen \u00dcberlandf\u00f6rderer in der Kupfermine Las Bambas werden jeweils etwa 2,5 Kilometer lang sein und das Erz von der Mine zur Verarbeitungsanlage transportieren. Die B\u00e4nder sind 1.830 Millimeter breit, bewegen sich mit 6,5 Metern pro Sekunde und sind f\u00fcr den Transport von etwa 9.400 Tonnen Material pro Stunde ausgelegt.[\/vc_column_text][vc_btn title=&#8220;Zur\u00fcck zu Branchen&#8220; style=&#8220;custom&#8220; custom_background=&#8220;#c71a32&#8243; custom_text=&#8220;#ffffff&#8220; shape=&#8220;square&#8220; size=&#8220;lg&#8220; align=&#8220;left&#8220; i_icon_fontawesome=&#8220;fas fa-angle-left&#8220; add_icon=&#8220;true&#8220; link=&#8220;url:%2Fde%2Findustries%2F|title:Return%20to%20Industries&#8220;][\/vc_column][vc_column css_animation=&#8220;fadeInRight&#8220; width=&#8220;1\/2&#8243;][vc_gallery type=&#8220;flexslider_slide&#8220; interval=&#8220;0&#8243; images=&#8220;23603,23605&#8243; img_size=&#8220;full&#8220; onclick=&#8220;&#8220;][vc_single_image image=&#8220;23604&#8243; img_size=&#8220;full&#8220; alignment=&#8220;center&#8220;][\/vc_column][\/vc_row][vc_row full_width=&#8220;stretch_row&#8220; css=&#8220;.vc_custom_1692985441183{padding-top: 35px !important;padding-bottom: 35px !important;}&#8220;][vc_column width=&#8220;1\/6&#8243;][\/vc_column][vc_column css_animation=&#8220;fadeInUp&#8220; width=&#8220;4\/6&#8243;][vc_custom_heading text=&#8220;Wir sind hier um zu helfen&#8220; font_container=&#8220;tag:h2|text_align:center|color:%230a0a0a&#8220; use_theme_fonts=&#8220;yes&#8220; css=&#8220;.vc_custom_1696542867360{margin-bottom: 0px !important;}&#8220;][vc_column_text]<\/p>\n<p style=\"text-align: center;\">Habe Fragen? Das freundliche und sachkundige Verkaufs- und Servicepersonal von Thern steht Ihnen gerne zur Verf\u00fcgung.<\/p>\n<p>[\/vc_column_text][vc_btn title=&#8220;Kontaktiere uns&#8220; style=&#8220;custom&#8220; custom_background=&#8220;#c71a32&#8243; custom_text=&#8220;#ffffff&#8220; shape=&#8220;square&#8220; size=&#8220;lg&#8220; align=&#8220;center&#8220; i_align=&#8220;right&#8220; i_icon_fontawesome=&#8220;fas fa-angle-right&#8220; add_icon=&#8220;true&#8220; link=&#8220;url:%2Fde%2Fcontact%2F|title:Contact&#8220;][\/vc_column][vc_column width=&#8220;1\/6&#8243;][\/vc_column][\/vc_row]<\/p>\n<\/div>","protected":false},"excerpt":{"rendered":"<p>[vc_section full_width=&#8220;stretch_row&#8220; content_placement=&#8220;middle&#8220; css=&#8220;.vc_custom_1693320243905{padding-top: 0px !important;background-image: url(https:\/\/thern.com\/wp-content\/uploads\/2023\/08\/Thern-Industry-Header-Banners-mining.jpg?id=23602) !important;background-position: center !important;background-repeat: no-repeat !important;background-size: cover !important;}&#8220;][vc_row full_width=&#8220;stretch_row&#8220; css=&#8220;.vc_custom_1692983676181{padding-top: 50px !important;padding-bottom: 70px !important;background-color: rgba(0,0,0,0.5) !important;*background-color: rgb(0,0,0) !important;}&#8220;][vc_column][vc_custom_heading text=&#8220;Spann- und F\u00f6rderband-Aufwickelwinden&#8220; font_container=&#8220;tag:h1|text_align:left|color:%23ffffff&#8220; use_theme_fonts=&#8220;yes&#8220; css_animation=&#8220;fadeInLeft&#8220;][\/vc_column][\/vc_row][\/vc_section][vc_row equal_height=&#8220;yes&#8220; css=&#8220;.vc_custom_1692984692373{padding-top: 65px !important;padding-bottom: 35px !important;}&#8220;][vc_column css_animation=&#8220;fadeInLeft&#8220; width=&#8220;1\/2&#8243;][vc_column_text]Elektrische F\u00f6rderwinden sind ideal f\u00fcr die kontinuierliche Spannungs- und Aufnahmeeinstellung und k\u00f6nnen leistungsstarke und wirtschaftliche L\u00f6sungen in einem &#8230; <a title=\"Tensioning &#038; Conveyor Take-Up Winches\" class=\"read-more\" href=\"https:\/\/thern.com\/de\/industries\/mining\/conveyer-tensioning-winches\/\" aria-label=\"More on Tensioning &#038; Conveyor Take-Up Winches\">Read more<\/a><\/p>\n","protected":false},"author":1,"featured_media":0,"parent":32462,"menu_order":0,"comment_status":"closed","ping_status":"closed","template":"","meta":{"footnotes":""},"class_list":["post-32100","page","type-page","status-publish"],"yoast_head":"<!-- This site is optimized with the Yoast SEO plugin v27.4 - https:\/\/yoast.com\/product\/yoast-seo-wordpress\/ -->\n<title>Spann- und F\u00f6rderwinden \u2013 Hebezeuge f\u00fcr den Bergbau | Thern\u00ae Winches &amp; Cranes<\/title>\n<meta name=\"description\" content=\"Die elektrischen F\u00f6rderwinden von Thern bieten leistungsstarke und wirtschaftliche Hebel\u00f6sungen in einem einzigen Windenpaket, ideal f\u00fcr kontinuierliches Spannen und Aufnehmen.\" \/>\n<meta name=\"robots\" content=\"index, follow, max-snippet:-1, max-image-preview:large, max-video-preview:-1\" \/>\n<link rel=\"canonical\" href=\"https:\/\/thern.com\/de\/industries\/mining\/conveyer-tensioning-winches\/\" \/>\n<meta property=\"og:locale\" content=\"de_DE\" \/>\n<meta property=\"og:type\" content=\"article\" \/>\n<meta property=\"og:title\" content=\"Spann- und F\u00f6rderwinden \u2013 Hebezeuge f\u00fcr den Bergbau | Thern\u00ae Winches &amp; Cranes\" \/>\n<meta property=\"og:description\" content=\"Die elektrischen F\u00f6rderwinden von Thern bieten leistungsstarke und wirtschaftliche Hebel\u00f6sungen in einem einzigen Windenpaket, ideal f\u00fcr kontinuierliches Spannen und Aufnehmen.\" \/>\n<meta property=\"og:url\" content=\"https:\/\/thern.com\/de\/industries\/mining\/conveyer-tensioning-winches\/\" \/>\n<meta property=\"og:site_name\" content=\"Thern\u00ae Winches &amp; Cranes\" \/>\n<meta property=\"article:publisher\" content=\"https:\/\/www.facebook.com\/ThernInc\/\" \/>\n<meta property=\"article:modified_time\" content=\"2023-10-06T03:17:24+00:00\" \/>\n<meta name=\"twitter:card\" content=\"summary_large_image\" \/>\n<meta name=\"twitter:label1\" content=\"Gesch\u00e4tzte Lesezeit\" \/>\n\t<meta name=\"twitter:data1\" content=\"2 Minuten\" \/>\n<script type=\"application\/ld+json\" class=\"yoast-schema-graph\">{\"@context\":\"https:\\\/\\\/schema.org\",\"@graph\":[{\"@type\":\"WebPage\",\"@id\":\"https:\\\/\\\/thern.com\\\/de\\\/industries\\\/mining\\\/conveyer-tensioning-winches\\\/\",\"url\":\"https:\\\/\\\/thern.com\\\/de\\\/industries\\\/mining\\\/conveyer-tensioning-winches\\\/\",\"name\":\"Spann- und F\u00f6rderwinden \u2013 Hebezeuge f\u00fcr den Bergbau | Thern\u00ae Winches &amp; Cranes\",\"isPartOf\":{\"@id\":\"https:\\\/\\\/thern.com\\\/de\\\/#website\"},\"datePublished\":\"2023-08-29T14:45:19+00:00\",\"dateModified\":\"2023-10-06T03:17:24+00:00\",\"description\":\"Die elektrischen F\u00f6rderwinden von Thern bieten leistungsstarke und wirtschaftliche Hebel\u00f6sungen in einem einzigen Windenpaket, ideal f\u00fcr kontinuierliches Spannen und Aufnehmen.\",\"breadcrumb\":{\"@id\":\"https:\\\/\\\/thern.com\\\/de\\\/industries\\\/mining\\\/conveyer-tensioning-winches\\\/#breadcrumb\"},\"inLanguage\":\"de-DE\",\"potentialAction\":[{\"@type\":\"ReadAction\",\"target\":[\"https:\\\/\\\/thern.com\\\/de\\\/industries\\\/mining\\\/conveyer-tensioning-winches\\\/\"]}]},{\"@type\":\"BreadcrumbList\",\"@id\":\"https:\\\/\\\/thern.com\\\/de\\\/industries\\\/mining\\\/conveyer-tensioning-winches\\\/#breadcrumb\",\"itemListElement\":[{\"@type\":\"ListItem\",\"position\":1,\"name\":\"Home\",\"item\":\"https:\\\/\\\/thern.com\\\/de\\\/\"},{\"@type\":\"ListItem\",\"position\":2,\"name\":\"Industries\",\"item\":\"https:\\\/\\\/thern.com\\\/de\\\/industries\\\/\"},{\"@type\":\"ListItem\",\"position\":3,\"name\":\"Mining\",\"item\":\"https:\\\/\\\/thern.com\\\/de\\\/industries\\\/mining\\\/\"},{\"@type\":\"ListItem\",\"position\":4,\"name\":\"Tensioning &#038; Conveyor Take-Up Winches\"}]},{\"@type\":\"WebSite\",\"@id\":\"https:\\\/\\\/thern.com\\\/de\\\/#website\",\"url\":\"https:\\\/\\\/thern.com\\\/de\\\/\",\"name\":\"Thern\u00ae Winches &amp; Cranes\",\"description\":\"Leave the Heavy Lifting to Us\",\"publisher\":{\"@id\":\"https:\\\/\\\/thern.com\\\/de\\\/#organization\"},\"potentialAction\":[{\"@type\":\"SearchAction\",\"target\":{\"@type\":\"EntryPoint\",\"urlTemplate\":\"https:\\\/\\\/thern.com\\\/de\\\/?s={search_term_string}\"},\"query-input\":{\"@type\":\"PropertyValueSpecification\",\"valueRequired\":true,\"valueName\":\"search_term_string\"}}],\"inLanguage\":\"de-DE\"},{\"@type\":\"Organization\",\"@id\":\"https:\\\/\\\/thern.com\\\/de\\\/#organization\",\"name\":\"Thern\u00ae Winches &amp; Cranes\",\"url\":\"https:\\\/\\\/thern.com\\\/de\\\/\",\"logo\":{\"@type\":\"ImageObject\",\"inLanguage\":\"de-DE\",\"@id\":\"https:\\\/\\\/thern.com\\\/de\\\/#\\\/schema\\\/logo\\\/image\\\/\",\"url\":\"https:\\\/\\\/thern.com\\\/wp-content\\\/uploads\\\/2023\\\/11\\\/Logo_SaveForWeb-outline-FINAL-01.svg\",\"contentUrl\":\"https:\\\/\\\/thern.com\\\/wp-content\\\/uploads\\\/2023\\\/11\\\/Logo_SaveForWeb-outline-FINAL-01.svg\",\"caption\":\"Thern\u00ae Winches &amp; Cranes\"},\"image\":{\"@id\":\"https:\\\/\\\/thern.com\\\/de\\\/#\\\/schema\\\/logo\\\/image\\\/\"},\"sameAs\":[\"https:\\\/\\\/www.facebook.com\\\/ThernInc\\\/\",\"https:\\\/\\\/www.linkedin.com\\\/company\\\/thern-inc-\\\/\",\"https:\\\/\\\/www.youtube.com\\\/user\\\/ThernStage\"]}]}<\/script>\n<!-- \/ Yoast SEO plugin. -->","yoast_head_json":{"title":"Spann- und F\u00f6rderwinden \u2013 Hebezeuge f\u00fcr den Bergbau | Thern\u00ae Winches &amp; Cranes","description":"Die elektrischen F\u00f6rderwinden von Thern bieten leistungsstarke und wirtschaftliche Hebel\u00f6sungen in einem einzigen Windenpaket, ideal f\u00fcr kontinuierliches Spannen und Aufnehmen.","robots":{"index":"index","follow":"follow","max-snippet":"max-snippet:-1","max-image-preview":"max-image-preview:large","max-video-preview":"max-video-preview:-1"},"canonical":"https:\/\/thern.com\/de\/industries\/mining\/conveyer-tensioning-winches\/","og_locale":"de_DE","og_type":"article","og_title":"Spann- und F\u00f6rderwinden \u2013 Hebezeuge f\u00fcr den Bergbau | Thern\u00ae Winches &amp; Cranes","og_description":"Die elektrischen F\u00f6rderwinden von Thern bieten leistungsstarke und wirtschaftliche Hebel\u00f6sungen in einem einzigen Windenpaket, ideal f\u00fcr kontinuierliches Spannen und Aufnehmen.","og_url":"https:\/\/thern.com\/de\/industries\/mining\/conveyer-tensioning-winches\/","og_site_name":"Thern\u00ae Winches &amp; Cranes","article_publisher":"https:\/\/www.facebook.com\/ThernInc\/","article_modified_time":"2023-10-06T03:17:24+00:00","twitter_card":"summary_large_image","twitter_misc":{"Gesch\u00e4tzte Lesezeit":"2 Minuten"},"schema":{"@context":"https:\/\/schema.org","@graph":[{"@type":"WebPage","@id":"https:\/\/thern.com\/de\/industries\/mining\/conveyer-tensioning-winches\/","url":"https:\/\/thern.com\/de\/industries\/mining\/conveyer-tensioning-winches\/","name":"Spann- und F\u00f6rderwinden \u2013 Hebezeuge f\u00fcr den Bergbau | Thern\u00ae Winches &amp; Cranes","isPartOf":{"@id":"https:\/\/thern.com\/de\/#website"},"datePublished":"2023-08-29T14:45:19+00:00","dateModified":"2023-10-06T03:17:24+00:00","description":"Die elektrischen F\u00f6rderwinden von Thern bieten leistungsstarke und wirtschaftliche Hebel\u00f6sungen in einem einzigen Windenpaket, ideal f\u00fcr kontinuierliches Spannen und Aufnehmen.","breadcrumb":{"@id":"https:\/\/thern.com\/de\/industries\/mining\/conveyer-tensioning-winches\/#breadcrumb"},"inLanguage":"de-DE","potentialAction":[{"@type":"ReadAction","target":["https:\/\/thern.com\/de\/industries\/mining\/conveyer-tensioning-winches\/"]}]},{"@type":"BreadcrumbList","@id":"https:\/\/thern.com\/de\/industries\/mining\/conveyer-tensioning-winches\/#breadcrumb","itemListElement":[{"@type":"ListItem","position":1,"name":"Home","item":"https:\/\/thern.com\/de\/"},{"@type":"ListItem","position":2,"name":"Industries","item":"https:\/\/thern.com\/de\/industries\/"},{"@type":"ListItem","position":3,"name":"Mining","item":"https:\/\/thern.com\/de\/industries\/mining\/"},{"@type":"ListItem","position":4,"name":"Tensioning &#038; Conveyor Take-Up Winches"}]},{"@type":"WebSite","@id":"https:\/\/thern.com\/de\/#website","url":"https:\/\/thern.com\/de\/","name":"Thern\u00ae Winches &amp; Cranes","description":"Leave the Heavy Lifting to Us","publisher":{"@id":"https:\/\/thern.com\/de\/#organization"},"potentialAction":[{"@type":"SearchAction","target":{"@type":"EntryPoint","urlTemplate":"https:\/\/thern.com\/de\/?s={search_term_string}"},"query-input":{"@type":"PropertyValueSpecification","valueRequired":true,"valueName":"search_term_string"}}],"inLanguage":"de-DE"},{"@type":"Organization","@id":"https:\/\/thern.com\/de\/#organization","name":"Thern\u00ae Winches &amp; Cranes","url":"https:\/\/thern.com\/de\/","logo":{"@type":"ImageObject","inLanguage":"de-DE","@id":"https:\/\/thern.com\/de\/#\/schema\/logo\/image\/","url":"https:\/\/thern.com\/wp-content\/uploads\/2023\/11\/Logo_SaveForWeb-outline-FINAL-01.svg","contentUrl":"https:\/\/thern.com\/wp-content\/uploads\/2023\/11\/Logo_SaveForWeb-outline-FINAL-01.svg","caption":"Thern\u00ae Winches &amp; Cranes"},"image":{"@id":"https:\/\/thern.com\/de\/#\/schema\/logo\/image\/"},"sameAs":["https:\/\/www.facebook.com\/ThernInc\/","https:\/\/www.linkedin.com\/company\/thern-inc-\/","https:\/\/www.youtube.com\/user\/ThernStage"]}]}},"_links":{"self":[{"href":"https:\/\/thern.com\/de\/wp-json\/wp\/v2\/pages\/32100","targetHints":{"allow":["GET"]}}],"collection":[{"href":"https:\/\/thern.com\/de\/wp-json\/wp\/v2\/pages"}],"about":[{"href":"https:\/\/thern.com\/de\/wp-json\/wp\/v2\/types\/page"}],"author":[{"embeddable":true,"href":"https:\/\/thern.com\/de\/wp-json\/wp\/v2\/users\/1"}],"replies":[{"embeddable":true,"href":"https:\/\/thern.com\/de\/wp-json\/wp\/v2\/comments?post=32100"}],"version-history":[{"count":0,"href":"https:\/\/thern.com\/de\/wp-json\/wp\/v2\/pages\/32100\/revisions"}],"up":[{"embeddable":true,"href":"https:\/\/thern.com\/de\/wp-json\/wp\/v2\/pages\/32462"}],"wp:attachment":[{"href":"https:\/\/thern.com\/de\/wp-json\/wp\/v2\/media?parent=32100"}],"curies":[{"name":"wp","href":"https:\/\/api.w.org\/{rel}","templated":true}]}}