{"id":31948,"date":"2023-08-28T17:46:58","date_gmt":"2023-08-28T17:46:58","guid":{"rendered":"https:\/\/therninc.wpenginepowered.com\/elevator-installation-hoists\/"},"modified":"2023-10-06T01:18:23","modified_gmt":"2023-10-06T01:18:23","slug":"elevator-installation-hoists","status":"publish","type":"page","link":"https:\/\/thern.com\/de\/industries\/construction\/elevator-installation-hoists\/","title":{"rendered":"Elevator Installation Hoists"},"content":{"rendered":"<div class=\"wpb-content-wrapper\"><p>[vc_section full_width=&#8220;stretch_row&#8220; content_placement=&#8220;middle&#8220; css=&#8220;.vc_custom_1693242578193{padding-top: 0px !important;background-image: url(https:\/\/thern.com\/wp-content\/uploads\/2023\/08\/Thern-Industry-Header-Banners-Bulk-Handing-.jpg?id=23436) !important;background-position: center !important;background-repeat: no-repeat !important;background-size: cover !important;}&#8220;][vc_row full_width=&#8220;stretch_row&#8220; css=&#8220;.vc_custom_1692983676181{padding-top: 50px !important;padding-bottom: 70px !important;background-color: rgba(0,0,0,0.5) !important;*background-color: rgb(0,0,0) !important;}&#8220;][vc_column][vc_custom_heading text=&#8220;Aufzugsinstallationsaufz\u00fcge&#8220; font_container=&#8220;tag:h1|text_align:left|color:%23ffffff&#8220; use_theme_fonts=&#8220;yes&#8220; css_animation=&#8220;fadeInLeft&#8220;][\/vc_column][\/vc_row][\/vc_section][vc_row equal_height=&#8220;yes&#8220; css=&#8220;.vc_custom_1692984692373{padding-top: 65px !important;padding-bottom: 35px !important;}&#8220;][vc_column css_animation=&#8220;fadeInLeft&#8220; width=&#8220;1\/2&#8243;][vc_column_text]Nicht standardm\u00e4\u00dfige Hubh\u00f6hen sind bei Aufz\u00fcgen und Aufzugsinstallationen eine h\u00e4ufige \u00dcberlegung. Die elektrischen Winden von Thern k\u00f6nnen die Hubkraft mit gr\u00f6\u00dferen Trommeln und speziellen Steuerungspaketen kombinieren, um gro\u00dfe Hubkapazit\u00e4ten in gr\u00f6\u00dferen H\u00f6hen pr\u00e4zise zu bew\u00e4ltigen.<\/p>\n<p>Aufzugsinstallationsaufzug | Ma\u00dfgeschneidert f\u00fcr das One World Trade Center<\/p>\n<p>In New York City erfordert ein gro\u00dfer Job gro\u00dfe Verantwortung und Thern ist kein Unbekannter auf der gro\u00dfen B\u00fchne. Aus diesem Grund beauftragte ein gro\u00dfes Industrieaufzugsunternehmen Thern mit dem Bau einer Winde, die den h\u00e4rtesten Aufgaben gewachsen ist. Die spezielle 4HPF25M-Kraftwinde wurde auf der Baustelle des One World Trade Center Tower 1 zum Heben von Materialien f\u00fcr die Installation und Positionierung des Aufzugs w\u00e4hrend des Baus des Turms eingesetzt. Der Kunde hatte eine Liste mit besonderen Anforderungen, die Thern alle mit einer ma\u00dfgeschneiderten Winde erf\u00fcllte. Zu den wichtigsten Konstruktionsmerkmalen geh\u00f6ren eine erh\u00f6hte Drahtseilkapazit\u00e4t zur Erleichterung nicht standardm\u00e4\u00dfiger Hubh\u00f6hen, eine hohe Seilgeschwindigkeit und ein ausgekl\u00fcgeltes, an der Einheit montiertes Paket zur variablen Geschwindigkeitsregelung. Dar\u00fcber hinaus musste die Winde bestimmte Gr\u00f6\u00dfenbeschr\u00e4nkungen erf\u00fcllen und mit einem Palettenhubwagen vollst\u00e4ndig transportierbar sein. Die Winde von Thern wurde verwendet, um die Aufzugsf\u00fchrungsschienen auf die daf\u00fcr vorgesehenen Etagen zu heben, um sie zu lagern und leicht zug\u00e4nglich zu machen. Anschlie\u00dfend wurde die Winde dann verwendet, um die siebzehn 21.000-Pfund-Schienen sowie die 9.000-Pfund-Kabel f\u00fcr den Einbau an ihren Platz zu man\u00f6vrieren. Nachdem alle F\u00fchrungsschienen installiert waren, wurde die Winde von Therns verwendet, um die 50.000 Pfund schweren Aufzugkabinen anzuheben und zu installieren. Die Fertigstellung des Turms 1 ist f\u00fcr 2014 geplant und wird eine Gesamth\u00f6he von 1.776 Fu\u00df mit Turm erreichen. Die H\u00f6he von 1.776 Fu\u00df wurde gew\u00e4hlt, um das Jahr zu kennzeichnen, in dem die Vereinigten Staaten ihre Unabh\u00e4ngigkeit erkl\u00e4rten.[\/vc_column_text][vc_btn title=&#8220;Zur\u00fcck zu Branchen&#8220; style=&#8220;custom&#8220; custom_background=&#8220;#c71a32&#8243; custom_text=&#8220;#ffffff&#8220; shape=&#8220;square&#8220; size=&#8220;lg&#8220; align=&#8220;left&#8220; i_icon_fontawesome=&#8220;fas fa-angle-left&#8220; add_icon=&#8220;true&#8220; link=&#8220;url:%2Fde%2Findustries%2F|title:Return%20to%20Industries&#8220;][\/vc_column][vc_column css_animation=&#8220;fadeInRight&#8220; width=&#8220;1\/2&#8243;][vc_gallery type=&#8220;flexslider_slide&#8220; interval=&#8220;0&#8243; images=&#8220;23496,23497&#8243; img_size=&#8220;full&#8220; onclick=&#8220;&#8220; css=&#8220;.vc_custom_1693244821708{margin-bottom: 0px !important;}&#8220;][vc_single_image image=&#8220;23477&#8243; img_size=&#8220;full&#8220; alignment=&#8220;center&#8220;][\/vc_column][\/vc_row][vc_row full_width=&#8220;stretch_row&#8220; css=&#8220;.vc_custom_1692985441183{padding-top: 35px !important;padding-bottom: 35px !important;}&#8220;][vc_column width=&#8220;1\/6&#8243;][\/vc_column][vc_column css_animation=&#8220;fadeInUp&#8220; width=&#8220;4\/6&#8243;][vc_custom_heading text=&#8220;Wir sind hier um zu helfen&#8220; font_container=&#8220;tag:h2|text_align:center|color:%230a0a0a&#8220; use_theme_fonts=&#8220;yes&#8220; css=&#8220;.vc_custom_1696542867360{margin-bottom: 0px !important;}&#8220;][vc_column_text]<\/p>\n<p style=\"text-align: center;\">Habe Fragen? Das freundliche und sachkundige Verkaufs- und Servicepersonal von Thern steht Ihnen gerne zur Verf\u00fcgung.<\/p>\n<p>[\/vc_column_text][vc_btn title=&#8220;Kontaktiere uns&#8220; style=&#8220;custom&#8220; custom_background=&#8220;#c71a32&#8243; custom_text=&#8220;#ffffff&#8220; shape=&#8220;square&#8220; size=&#8220;lg&#8220; align=&#8220;center&#8220; i_align=&#8220;right&#8220; i_icon_fontawesome=&#8220;fas fa-angle-right&#8220; add_icon=&#8220;true&#8220; link=&#8220;url:%2Fde%2Fcontact%2F|title:Contact&#8220;][\/vc_column][vc_column width=&#8220;1\/6&#8243;][\/vc_column][\/vc_row]<\/p>\n<\/div>","protected":false},"excerpt":{"rendered":"<p>[vc_section full_width=&#8220;stretch_row&#8220; content_placement=&#8220;middle&#8220; css=&#8220;.vc_custom_1693242578193{padding-top: 0px !important;background-image: url(https:\/\/thern.com\/wp-content\/uploads\/2023\/08\/Thern-Industry-Header-Banners-Bulk-Handing-.jpg?id=23436) !important;background-position: center !important;background-repeat: no-repeat !important;background-size: cover !important;}&#8220;][vc_row full_width=&#8220;stretch_row&#8220; css=&#8220;.vc_custom_1692983676181{padding-top: 50px !important;padding-bottom: 70px !important;background-color: rgba(0,0,0,0.5) !important;*background-color: rgb(0,0,0) !important;}&#8220;][vc_column][vc_custom_heading text=&#8220;Aufzugsinstallationsaufz\u00fcge&#8220; font_container=&#8220;tag:h1|text_align:left|color:%23ffffff&#8220; use_theme_fonts=&#8220;yes&#8220; css_animation=&#8220;fadeInLeft&#8220;][\/vc_column][\/vc_row][\/vc_section][vc_row equal_height=&#8220;yes&#8220; css=&#8220;.vc_custom_1692984692373{padding-top: 65px !important;padding-bottom: 35px !important;}&#8220;][vc_column css_animation=&#8220;fadeInLeft&#8220; width=&#8220;1\/2&#8243;][vc_column_text]Nicht standardm\u00e4\u00dfige Hubh\u00f6hen sind bei Aufz\u00fcgen und Aufzugsinstallationen eine h\u00e4ufige \u00dcberlegung. Die elektrischen Winden von Thern k\u00f6nnen die Hubkraft mit &#8230; <a title=\"Elevator Installation Hoists\" class=\"read-more\" href=\"https:\/\/thern.com\/de\/industries\/construction\/elevator-installation-hoists\/\" aria-label=\"More on Elevator Installation Hoists\">Read more<\/a><\/p>\n","protected":false},"author":1,"featured_media":0,"parent":32396,"menu_order":0,"comment_status":"closed","ping_status":"closed","template":"","meta":{"footnotes":""},"class_list":["post-31948","page","type-page","status-publish"],"yoast_head":"<!-- This site is optimized with the Yoast SEO plugin v27.3 - https:\/\/yoast.com\/product\/yoast-seo-wordpress\/ -->\n<title>Aufzugsmontageaufz\u00fcge \u2013 Hebeger\u00e4te f\u00fcr den Bau | Thern\u00ae Winches &amp; Cranes<\/title>\n<meta name=\"description\" content=\"Die Aufzugswinden von Thern vereinen Hubkraft und spezielle Steuerung, um Aufz\u00fcge mit gro\u00dfer Kapazit\u00e4t in gr\u00f6\u00dferen H\u00f6hen pr\u00e4zise durchf\u00fchren zu k\u00f6nnen.\" \/>\n<meta name=\"robots\" content=\"index, follow, max-snippet:-1, max-image-preview:large, max-video-preview:-1\" \/>\n<link rel=\"canonical\" href=\"https:\/\/thern.com\/de\/industries\/construction\/elevator-installation-hoists\/\" \/>\n<meta property=\"og:locale\" content=\"de_DE\" \/>\n<meta property=\"og:type\" content=\"article\" \/>\n<meta property=\"og:title\" content=\"Aufzugsmontageaufz\u00fcge \u2013 Hebeger\u00e4te f\u00fcr den Bau | Thern\u00ae Winches &amp; Cranes\" \/>\n<meta property=\"og:description\" content=\"Die Aufzugswinden von Thern vereinen Hubkraft und spezielle Steuerung, um Aufz\u00fcge mit gro\u00dfer Kapazit\u00e4t in gr\u00f6\u00dferen H\u00f6hen pr\u00e4zise durchf\u00fchren zu k\u00f6nnen.\" \/>\n<meta property=\"og:url\" content=\"https:\/\/thern.com\/de\/industries\/construction\/elevator-installation-hoists\/\" \/>\n<meta property=\"og:site_name\" content=\"Thern\u00ae Winches &amp; Cranes\" \/>\n<meta property=\"article:publisher\" content=\"https:\/\/www.facebook.com\/ThernInc\/\" \/>\n<meta property=\"article:modified_time\" content=\"2023-10-06T01:18:23+00:00\" \/>\n<meta name=\"twitter:card\" content=\"summary_large_image\" \/>\n<meta name=\"twitter:label1\" content=\"Gesch\u00e4tzte Lesezeit\" \/>\n\t<meta name=\"twitter:data1\" content=\"2 Minuten\" \/>\n<script type=\"application\/ld+json\" class=\"yoast-schema-graph\">{\"@context\":\"https:\\\/\\\/schema.org\",\"@graph\":[{\"@type\":\"WebPage\",\"@id\":\"https:\\\/\\\/thern.com\\\/de\\\/industries\\\/construction\\\/elevator-installation-hoists\\\/\",\"url\":\"https:\\\/\\\/thern.com\\\/de\\\/industries\\\/construction\\\/elevator-installation-hoists\\\/\",\"name\":\"Aufzugsmontageaufz\u00fcge \u2013 Hebeger\u00e4te f\u00fcr den Bau | Thern\u00ae Winches &amp; Cranes\",\"isPartOf\":{\"@id\":\"https:\\\/\\\/thern.com\\\/de\\\/#website\"},\"datePublished\":\"2023-08-28T17:46:58+00:00\",\"dateModified\":\"2023-10-06T01:18:23+00:00\",\"description\":\"Die Aufzugswinden von Thern vereinen Hubkraft und spezielle Steuerung, um Aufz\u00fcge mit gro\u00dfer Kapazit\u00e4t in gr\u00f6\u00dferen H\u00f6hen pr\u00e4zise durchf\u00fchren zu k\u00f6nnen.\",\"breadcrumb\":{\"@id\":\"https:\\\/\\\/thern.com\\\/de\\\/industries\\\/construction\\\/elevator-installation-hoists\\\/#breadcrumb\"},\"inLanguage\":\"de-DE\",\"potentialAction\":[{\"@type\":\"ReadAction\",\"target\":[\"https:\\\/\\\/thern.com\\\/de\\\/industries\\\/construction\\\/elevator-installation-hoists\\\/\"]}]},{\"@type\":\"BreadcrumbList\",\"@id\":\"https:\\\/\\\/thern.com\\\/de\\\/industries\\\/construction\\\/elevator-installation-hoists\\\/#breadcrumb\",\"itemListElement\":[{\"@type\":\"ListItem\",\"position\":1,\"name\":\"Home\",\"item\":\"https:\\\/\\\/thern.com\\\/de\\\/\"},{\"@type\":\"ListItem\",\"position\":2,\"name\":\"Industries\",\"item\":\"https:\\\/\\\/thern.com\\\/de\\\/industries\\\/\"},{\"@type\":\"ListItem\",\"position\":3,\"name\":\"Construction\",\"item\":\"https:\\\/\\\/thern.com\\\/de\\\/industries\\\/construction\\\/\"},{\"@type\":\"ListItem\",\"position\":4,\"name\":\"Elevator Installation Hoists\"}]},{\"@type\":\"WebSite\",\"@id\":\"https:\\\/\\\/thern.com\\\/de\\\/#website\",\"url\":\"https:\\\/\\\/thern.com\\\/de\\\/\",\"name\":\"Thern\u00ae Winches &amp; Cranes\",\"description\":\"Leave the Heavy Lifting to Us\",\"publisher\":{\"@id\":\"https:\\\/\\\/thern.com\\\/de\\\/#organization\"},\"potentialAction\":[{\"@type\":\"SearchAction\",\"target\":{\"@type\":\"EntryPoint\",\"urlTemplate\":\"https:\\\/\\\/thern.com\\\/de\\\/?s={search_term_string}\"},\"query-input\":{\"@type\":\"PropertyValueSpecification\",\"valueRequired\":true,\"valueName\":\"search_term_string\"}}],\"inLanguage\":\"de-DE\"},{\"@type\":\"Organization\",\"@id\":\"https:\\\/\\\/thern.com\\\/de\\\/#organization\",\"name\":\"Thern\u00ae Winches &amp; Cranes\",\"url\":\"https:\\\/\\\/thern.com\\\/de\\\/\",\"logo\":{\"@type\":\"ImageObject\",\"inLanguage\":\"de-DE\",\"@id\":\"https:\\\/\\\/thern.com\\\/de\\\/#\\\/schema\\\/logo\\\/image\\\/\",\"url\":\"https:\\\/\\\/thern.com\\\/wp-content\\\/uploads\\\/2023\\\/11\\\/Logo_SaveForWeb-outline-FINAL-01.svg\",\"contentUrl\":\"https:\\\/\\\/thern.com\\\/wp-content\\\/uploads\\\/2023\\\/11\\\/Logo_SaveForWeb-outline-FINAL-01.svg\",\"caption\":\"Thern\u00ae Winches &amp; Cranes\"},\"image\":{\"@id\":\"https:\\\/\\\/thern.com\\\/de\\\/#\\\/schema\\\/logo\\\/image\\\/\"},\"sameAs\":[\"https:\\\/\\\/www.facebook.com\\\/ThernInc\\\/\",\"https:\\\/\\\/www.linkedin.com\\\/company\\\/thern-inc-\\\/\",\"https:\\\/\\\/www.youtube.com\\\/user\\\/ThernStage\"]}]}<\/script>\n<!-- \/ Yoast SEO plugin. -->","yoast_head_json":{"title":"Aufzugsmontageaufz\u00fcge \u2013 Hebeger\u00e4te f\u00fcr den Bau | Thern\u00ae Winches &amp; Cranes","description":"Die Aufzugswinden von Thern vereinen Hubkraft und spezielle Steuerung, um Aufz\u00fcge mit gro\u00dfer Kapazit\u00e4t in gr\u00f6\u00dferen H\u00f6hen pr\u00e4zise durchf\u00fchren zu k\u00f6nnen.","robots":{"index":"index","follow":"follow","max-snippet":"max-snippet:-1","max-image-preview":"max-image-preview:large","max-video-preview":"max-video-preview:-1"},"canonical":"https:\/\/thern.com\/de\/industries\/construction\/elevator-installation-hoists\/","og_locale":"de_DE","og_type":"article","og_title":"Aufzugsmontageaufz\u00fcge \u2013 Hebeger\u00e4te f\u00fcr den Bau | Thern\u00ae Winches &amp; Cranes","og_description":"Die Aufzugswinden von Thern vereinen Hubkraft und spezielle Steuerung, um Aufz\u00fcge mit gro\u00dfer Kapazit\u00e4t in gr\u00f6\u00dferen H\u00f6hen pr\u00e4zise durchf\u00fchren zu k\u00f6nnen.","og_url":"https:\/\/thern.com\/de\/industries\/construction\/elevator-installation-hoists\/","og_site_name":"Thern\u00ae Winches &amp; Cranes","article_publisher":"https:\/\/www.facebook.com\/ThernInc\/","article_modified_time":"2023-10-06T01:18:23+00:00","twitter_card":"summary_large_image","twitter_misc":{"Gesch\u00e4tzte Lesezeit":"2 Minuten"},"schema":{"@context":"https:\/\/schema.org","@graph":[{"@type":"WebPage","@id":"https:\/\/thern.com\/de\/industries\/construction\/elevator-installation-hoists\/","url":"https:\/\/thern.com\/de\/industries\/construction\/elevator-installation-hoists\/","name":"Aufzugsmontageaufz\u00fcge \u2013 Hebeger\u00e4te f\u00fcr den Bau | Thern\u00ae Winches &amp; Cranes","isPartOf":{"@id":"https:\/\/thern.com\/de\/#website"},"datePublished":"2023-08-28T17:46:58+00:00","dateModified":"2023-10-06T01:18:23+00:00","description":"Die Aufzugswinden von Thern vereinen Hubkraft und spezielle Steuerung, um Aufz\u00fcge mit gro\u00dfer Kapazit\u00e4t in gr\u00f6\u00dferen H\u00f6hen pr\u00e4zise durchf\u00fchren zu k\u00f6nnen.","breadcrumb":{"@id":"https:\/\/thern.com\/de\/industries\/construction\/elevator-installation-hoists\/#breadcrumb"},"inLanguage":"de-DE","potentialAction":[{"@type":"ReadAction","target":["https:\/\/thern.com\/de\/industries\/construction\/elevator-installation-hoists\/"]}]},{"@type":"BreadcrumbList","@id":"https:\/\/thern.com\/de\/industries\/construction\/elevator-installation-hoists\/#breadcrumb","itemListElement":[{"@type":"ListItem","position":1,"name":"Home","item":"https:\/\/thern.com\/de\/"},{"@type":"ListItem","position":2,"name":"Industries","item":"https:\/\/thern.com\/de\/industries\/"},{"@type":"ListItem","position":3,"name":"Construction","item":"https:\/\/thern.com\/de\/industries\/construction\/"},{"@type":"ListItem","position":4,"name":"Elevator Installation Hoists"}]},{"@type":"WebSite","@id":"https:\/\/thern.com\/de\/#website","url":"https:\/\/thern.com\/de\/","name":"Thern\u00ae Winches &amp; Cranes","description":"Leave the Heavy Lifting to Us","publisher":{"@id":"https:\/\/thern.com\/de\/#organization"},"potentialAction":[{"@type":"SearchAction","target":{"@type":"EntryPoint","urlTemplate":"https:\/\/thern.com\/de\/?s={search_term_string}"},"query-input":{"@type":"PropertyValueSpecification","valueRequired":true,"valueName":"search_term_string"}}],"inLanguage":"de-DE"},{"@type":"Organization","@id":"https:\/\/thern.com\/de\/#organization","name":"Thern\u00ae Winches &amp; Cranes","url":"https:\/\/thern.com\/de\/","logo":{"@type":"ImageObject","inLanguage":"de-DE","@id":"https:\/\/thern.com\/de\/#\/schema\/logo\/image\/","url":"https:\/\/thern.com\/wp-content\/uploads\/2023\/11\/Logo_SaveForWeb-outline-FINAL-01.svg","contentUrl":"https:\/\/thern.com\/wp-content\/uploads\/2023\/11\/Logo_SaveForWeb-outline-FINAL-01.svg","caption":"Thern\u00ae Winches &amp; Cranes"},"image":{"@id":"https:\/\/thern.com\/de\/#\/schema\/logo\/image\/"},"sameAs":["https:\/\/www.facebook.com\/ThernInc\/","https:\/\/www.linkedin.com\/company\/thern-inc-\/","https:\/\/www.youtube.com\/user\/ThernStage"]}]}},"_links":{"self":[{"href":"https:\/\/thern.com\/de\/wp-json\/wp\/v2\/pages\/31948","targetHints":{"allow":["GET"]}}],"collection":[{"href":"https:\/\/thern.com\/de\/wp-json\/wp\/v2\/pages"}],"about":[{"href":"https:\/\/thern.com\/de\/wp-json\/wp\/v2\/types\/page"}],"author":[{"embeddable":true,"href":"https:\/\/thern.com\/de\/wp-json\/wp\/v2\/users\/1"}],"replies":[{"embeddable":true,"href":"https:\/\/thern.com\/de\/wp-json\/wp\/v2\/comments?post=31948"}],"version-history":[{"count":0,"href":"https:\/\/thern.com\/de\/wp-json\/wp\/v2\/pages\/31948\/revisions"}],"up":[{"embeddable":true,"href":"https:\/\/thern.com\/de\/wp-json\/wp\/v2\/pages\/32396"}],"wp:attachment":[{"href":"https:\/\/thern.com\/de\/wp-json\/wp\/v2\/media?parent=31948"}],"curies":[{"name":"wp","href":"https:\/\/api.w.org\/{rel}","templated":true}]}}