{"id":31917,"date":"2023-08-28T17:43:11","date_gmt":"2023-08-28T17:43:11","guid":{"rendered":"https:\/\/therninc.wpenginepowered.com\/cable-stay-winches\/"},"modified":"2023-10-06T01:01:52","modified_gmt":"2023-10-06T01:01:52","slug":"cable-stay-winches","status":"publish","type":"page","link":"https:\/\/thern.com\/de\/industries\/construction\/cable-stay-winches\/","title":{"rendered":"Cable Stay Winches"},"content":{"rendered":"<div class=\"wpb-content-wrapper\"><p>[vc_section full_width=&#8220;stretch_row&#8220; content_placement=&#8220;middle&#8220; css=&#8220;.vc_custom_1693242578193{padding-top: 0px !important;background-image: url(https:\/\/thern.com\/wp-content\/uploads\/2023\/08\/Thern-Industry-Header-Banners-Bulk-Handing-.jpg?id=23436) !important;background-position: center !important;background-repeat: no-repeat !important;background-size: cover !important;}&#8220;][vc_row full_width=&#8220;stretch_row&#8220; css=&#8220;.vc_custom_1692983676181{padding-top: 50px !important;padding-bottom: 70px !important;background-color: rgba(0,0,0,0.5) !important;*background-color: rgb(0,0,0) !important;}&#8220;][vc_column][vc_custom_heading text=&#8220;Schr\u00e4gseilwinden&#8220; font_container=&#8220;tag:h1|text_align:left|color:%23ffffff&#8220; use_theme_fonts=&#8220;yes&#8220; css_animation=&#8220;fadeInLeft&#8220;][\/vc_column][\/vc_row][\/vc_section][vc_row equal_height=&#8220;yes&#8220; css=&#8220;.vc_custom_1692984692373{padding-top: 65px !important;padding-bottom: 35px !important;}&#8220;][vc_column css_animation=&#8220;fadeInLeft&#8220; width=&#8220;1\/2&#8243;][vc_column_text]Kabelstreben sind von entscheidender Bedeutung, um das Gewicht einiger der gr\u00f6\u00dften Bauwerke w\u00e4hrend des Baus zu tragen. Hochleistungswinden von Thern liefern die n\u00f6tige Kraft, um diese Kabel w\u00e4hrend der Neupositionierung zu halten und zu bewegen, und stellen so sicher, dass Sie bei jedem Schritt des Prozesses maximale Lastkontrolle haben.<\/p>\n<p>Selbst die gr\u00f6\u00dften Arbeiten sind mit der richtigen Winde zu bew\u00e4ltigen. Mit einer speziell angefertigten Elektrowinde k\u00f6nnen Sie die Ausgabewinkel des Staplers bequem und effizient anpassen und einen zuverl\u00e4ssigen, langlebigen Betrieb gew\u00e4hrleisten, wodurch Ausfallzeiten vermieden und Kosten gesenkt werden.<\/p>\n<p>Schr\u00e4gseilwinde | Ma\u00dfgeschneidert f\u00fcr die Hoover-Staudamm-Umgehungsbr\u00fccke<\/p>\n<p>Thern lieferte sechs Thern 4HS26M-Elektrowinden mit einer Tragf\u00e4higkeit von 26.000 Pfund und einer Seilzugkraft von 15.000 Pfund.<\/p>\n<p>Obayashi\/PSM Jv., der Auftragnehmer f\u00fcr das Projekt, arbeitete direkt mit Thern, Inc. zusammen, um die leistungsstarken elektrischen Winden zu beschaffen, die zur Positionierung der Kabelstreben bei jeder Platzierung verwendet werden. W\u00e4hrend der Platzierung der Kabelstrebe wirkte das Windensystem Kr\u00e4ften von \u00fcber 16.000 Pfund entgegen. Die Thern-Winden gaben Obayashi die erforderliche Kraft und Kontrolle, um die Streben anzuheben und zu positionieren, w\u00e4hrend jedes Bogensegment vorgeschoben wurde.<\/p>\n<p>Die Br\u00fccke ist fast 2.000 Fu\u00df lang und \u00fcberspannt die Schlucht des Colorado River.[\/vc_column_text][vc_btn title=&#8220;Zur\u00fcck zu Branchen&#8220; style=&#8220;custom&#8220; custom_background=&#8220;#c71a32&#8243; custom_text=&#8220;#ffffff&#8220; shape=&#8220;square&#8220; size=&#8220;lg&#8220; align=&#8220;left&#8220; i_icon_fontawesome=&#8220;fas fa-angle-left&#8220; add_icon=&#8220;true&#8220; link=&#8220;url:%2Fde%2Findustries%2F|title:Return%20to%20Industries&#8220;][\/vc_column][vc_column css_animation=&#8220;fadeInRight&#8220; width=&#8220;1\/2&#8243;][vc_gallery type=&#8220;flexslider_slide&#8220; interval=&#8220;0&#8243; images=&#8220;23486,23487,23488&#8243; img_size=&#8220;full&#8220; onclick=&#8220;&#8220; css=&#8220;.vc_custom_1693244591870{margin-bottom: 0px !important;}&#8220;][vc_single_image image=&#8220;23473&#8243; img_size=&#8220;full&#8220; alignment=&#8220;center&#8220;][\/vc_column][\/vc_row][vc_row full_width=&#8220;stretch_row&#8220; css=&#8220;.vc_custom_1692985441183{padding-top: 35px !important;padding-bottom: 35px !important;}&#8220;][vc_column width=&#8220;1\/6&#8243;][\/vc_column][vc_column css_animation=&#8220;fadeInUp&#8220; width=&#8220;4\/6&#8243;][vc_custom_heading text=&#8220;Wir sind hier um zu helfen&#8220; font_container=&#8220;tag:h2|text_align:center|color:%230a0a0a&#8220; use_theme_fonts=&#8220;yes&#8220; css=&#8220;.vc_custom_1696542867360{margin-bottom: 0px !important;}&#8220;][vc_column_text]<\/p>\n<p style=\"text-align: center;\">Habe Fragen? Das freundliche und sachkundige Verkaufs- und Servicepersonal von Thern steht Ihnen gerne zur Verf\u00fcgung.<\/p>\n<p>[\/vc_column_text][vc_btn title=&#8220;Kontaktiere uns&#8220; style=&#8220;custom&#8220; custom_background=&#8220;#c71a32&#8243; custom_text=&#8220;#ffffff&#8220; shape=&#8220;square&#8220; size=&#8220;lg&#8220; align=&#8220;center&#8220; i_align=&#8220;right&#8220; i_icon_fontawesome=&#8220;fas fa-angle-right&#8220; add_icon=&#8220;true&#8220; link=&#8220;url:%2Fde%2Fcontact%2F|title:Contact&#8220;][\/vc_column][vc_column width=&#8220;1\/6&#8243;][\/vc_column][\/vc_row]<\/p>\n<\/div>","protected":false},"excerpt":{"rendered":"<p>[vc_section full_width=&#8220;stretch_row&#8220; content_placement=&#8220;middle&#8220; css=&#8220;.vc_custom_1693242578193{padding-top: 0px !important;background-image: url(https:\/\/thern.com\/wp-content\/uploads\/2023\/08\/Thern-Industry-Header-Banners-Bulk-Handing-.jpg?id=23436) !important;background-position: center !important;background-repeat: no-repeat !important;background-size: cover !important;}&#8220;][vc_row full_width=&#8220;stretch_row&#8220; css=&#8220;.vc_custom_1692983676181{padding-top: 50px !important;padding-bottom: 70px !important;background-color: rgba(0,0,0,0.5) !important;*background-color: rgb(0,0,0) !important;}&#8220;][vc_column][vc_custom_heading text=&#8220;Schr\u00e4gseilwinden&#8220; font_container=&#8220;tag:h1|text_align:left|color:%23ffffff&#8220; use_theme_fonts=&#8220;yes&#8220; css_animation=&#8220;fadeInLeft&#8220;][\/vc_column][\/vc_row][\/vc_section][vc_row equal_height=&#8220;yes&#8220; css=&#8220;.vc_custom_1692984692373{padding-top: 65px !important;padding-bottom: 35px !important;}&#8220;][vc_column css_animation=&#8220;fadeInLeft&#8220; width=&#8220;1\/2&#8243;][vc_column_text]Kabelstreben sind von entscheidender Bedeutung, um das Gewicht einiger der gr\u00f6\u00dften Bauwerke w\u00e4hrend des Baus zu tragen. Hochleistungswinden von Thern &#8230; <a title=\"Cable Stay Winches\" class=\"read-more\" href=\"https:\/\/thern.com\/de\/industries\/construction\/cable-stay-winches\/\" aria-label=\"More on Cable Stay Winches\">Read more<\/a><\/p>\n","protected":false},"author":1,"featured_media":0,"parent":32396,"menu_order":0,"comment_status":"closed","ping_status":"closed","template":"","meta":{"footnotes":""},"class_list":["post-31917","page","type-page","status-publish"],"yoast_head":"<!-- This site is optimized with the Yoast SEO plugin v27.4 - https:\/\/yoast.com\/product\/yoast-seo-wordpress\/ -->\n<title>Schr\u00e4gseilwinden \u2013 Bauhebeger\u00e4te | Thern\u00ae Winches &amp; Cranes<\/title>\n<meta name=\"description\" content=\"Hochleistungs-Schr\u00e4gseilwinden von Thern liefern die n\u00f6tige Kraft, um Seile w\u00e4hrend der Neupositionierung zu halten und zu bewegen, und sorgen so f\u00fcr maximale Lastkontrolle.\" \/>\n<meta name=\"robots\" content=\"index, follow, max-snippet:-1, max-image-preview:large, max-video-preview:-1\" \/>\n<link rel=\"canonical\" href=\"https:\/\/thern.com\/de\/industries\/construction\/cable-stay-winches\/\" \/>\n<meta property=\"og:locale\" content=\"de_DE\" \/>\n<meta property=\"og:type\" content=\"article\" \/>\n<meta property=\"og:title\" content=\"Schr\u00e4gseilwinden \u2013 Bauhebeger\u00e4te | Thern\u00ae Winches &amp; Cranes\" \/>\n<meta property=\"og:description\" content=\"Hochleistungs-Schr\u00e4gseilwinden von Thern liefern die n\u00f6tige Kraft, um Seile w\u00e4hrend der Neupositionierung zu halten und zu bewegen, und sorgen so f\u00fcr maximale Lastkontrolle.\" \/>\n<meta property=\"og:url\" content=\"https:\/\/thern.com\/de\/industries\/construction\/cable-stay-winches\/\" \/>\n<meta property=\"og:site_name\" content=\"Thern\u00ae Winches &amp; Cranes\" \/>\n<meta property=\"article:publisher\" content=\"https:\/\/www.facebook.com\/ThernInc\/\" \/>\n<meta property=\"article:modified_time\" content=\"2023-10-06T01:01:52+00:00\" \/>\n<meta name=\"twitter:card\" content=\"summary_large_image\" \/>\n<meta name=\"twitter:label1\" content=\"Gesch\u00e4tzte Lesezeit\" \/>\n\t<meta name=\"twitter:data1\" content=\"2 Minuten\" \/>\n<script type=\"application\/ld+json\" class=\"yoast-schema-graph\">{\"@context\":\"https:\\\/\\\/schema.org\",\"@graph\":[{\"@type\":\"WebPage\",\"@id\":\"https:\\\/\\\/thern.com\\\/de\\\/industries\\\/construction\\\/cable-stay-winches\\\/\",\"url\":\"https:\\\/\\\/thern.com\\\/de\\\/industries\\\/construction\\\/cable-stay-winches\\\/\",\"name\":\"Schr\u00e4gseilwinden \u2013 Bauhebeger\u00e4te | Thern\u00ae Winches &amp; Cranes\",\"isPartOf\":{\"@id\":\"https:\\\/\\\/thern.com\\\/de\\\/#website\"},\"datePublished\":\"2023-08-28T17:43:11+00:00\",\"dateModified\":\"2023-10-06T01:01:52+00:00\",\"description\":\"Hochleistungs-Schr\u00e4gseilwinden von Thern liefern die n\u00f6tige Kraft, um Seile w\u00e4hrend der Neupositionierung zu halten und zu bewegen, und sorgen so f\u00fcr maximale Lastkontrolle.\",\"breadcrumb\":{\"@id\":\"https:\\\/\\\/thern.com\\\/de\\\/industries\\\/construction\\\/cable-stay-winches\\\/#breadcrumb\"},\"inLanguage\":\"de-DE\",\"potentialAction\":[{\"@type\":\"ReadAction\",\"target\":[\"https:\\\/\\\/thern.com\\\/de\\\/industries\\\/construction\\\/cable-stay-winches\\\/\"]}]},{\"@type\":\"BreadcrumbList\",\"@id\":\"https:\\\/\\\/thern.com\\\/de\\\/industries\\\/construction\\\/cable-stay-winches\\\/#breadcrumb\",\"itemListElement\":[{\"@type\":\"ListItem\",\"position\":1,\"name\":\"Home\",\"item\":\"https:\\\/\\\/thern.com\\\/de\\\/\"},{\"@type\":\"ListItem\",\"position\":2,\"name\":\"Industries\",\"item\":\"https:\\\/\\\/thern.com\\\/de\\\/industries\\\/\"},{\"@type\":\"ListItem\",\"position\":3,\"name\":\"Construction\",\"item\":\"https:\\\/\\\/thern.com\\\/de\\\/industries\\\/construction\\\/\"},{\"@type\":\"ListItem\",\"position\":4,\"name\":\"Cable Stay Winches\"}]},{\"@type\":\"WebSite\",\"@id\":\"https:\\\/\\\/thern.com\\\/de\\\/#website\",\"url\":\"https:\\\/\\\/thern.com\\\/de\\\/\",\"name\":\"Thern\u00ae Winches &amp; Cranes\",\"description\":\"Leave the Heavy Lifting to Us\",\"publisher\":{\"@id\":\"https:\\\/\\\/thern.com\\\/de\\\/#organization\"},\"potentialAction\":[{\"@type\":\"SearchAction\",\"target\":{\"@type\":\"EntryPoint\",\"urlTemplate\":\"https:\\\/\\\/thern.com\\\/de\\\/?s={search_term_string}\"},\"query-input\":{\"@type\":\"PropertyValueSpecification\",\"valueRequired\":true,\"valueName\":\"search_term_string\"}}],\"inLanguage\":\"de-DE\"},{\"@type\":\"Organization\",\"@id\":\"https:\\\/\\\/thern.com\\\/de\\\/#organization\",\"name\":\"Thern\u00ae Winches &amp; Cranes\",\"url\":\"https:\\\/\\\/thern.com\\\/de\\\/\",\"logo\":{\"@type\":\"ImageObject\",\"inLanguage\":\"de-DE\",\"@id\":\"https:\\\/\\\/thern.com\\\/de\\\/#\\\/schema\\\/logo\\\/image\\\/\",\"url\":\"https:\\\/\\\/thern.com\\\/wp-content\\\/uploads\\\/2023\\\/11\\\/Logo_SaveForWeb-outline-FINAL-01.svg\",\"contentUrl\":\"https:\\\/\\\/thern.com\\\/wp-content\\\/uploads\\\/2023\\\/11\\\/Logo_SaveForWeb-outline-FINAL-01.svg\",\"caption\":\"Thern\u00ae Winches &amp; Cranes\"},\"image\":{\"@id\":\"https:\\\/\\\/thern.com\\\/de\\\/#\\\/schema\\\/logo\\\/image\\\/\"},\"sameAs\":[\"https:\\\/\\\/www.facebook.com\\\/ThernInc\\\/\",\"https:\\\/\\\/www.linkedin.com\\\/company\\\/thern-inc-\\\/\",\"https:\\\/\\\/www.youtube.com\\\/user\\\/ThernStage\"]}]}<\/script>\n<!-- \/ Yoast SEO plugin. -->","yoast_head_json":{"title":"Schr\u00e4gseilwinden \u2013 Bauhebeger\u00e4te | Thern\u00ae Winches &amp; Cranes","description":"Hochleistungs-Schr\u00e4gseilwinden von Thern liefern die n\u00f6tige Kraft, um Seile w\u00e4hrend der Neupositionierung zu halten und zu bewegen, und sorgen so f\u00fcr maximale Lastkontrolle.","robots":{"index":"index","follow":"follow","max-snippet":"max-snippet:-1","max-image-preview":"max-image-preview:large","max-video-preview":"max-video-preview:-1"},"canonical":"https:\/\/thern.com\/de\/industries\/construction\/cable-stay-winches\/","og_locale":"de_DE","og_type":"article","og_title":"Schr\u00e4gseilwinden \u2013 Bauhebeger\u00e4te | Thern\u00ae Winches &amp; Cranes","og_description":"Hochleistungs-Schr\u00e4gseilwinden von Thern liefern die n\u00f6tige Kraft, um Seile w\u00e4hrend der Neupositionierung zu halten und zu bewegen, und sorgen so f\u00fcr maximale Lastkontrolle.","og_url":"https:\/\/thern.com\/de\/industries\/construction\/cable-stay-winches\/","og_site_name":"Thern\u00ae Winches &amp; Cranes","article_publisher":"https:\/\/www.facebook.com\/ThernInc\/","article_modified_time":"2023-10-06T01:01:52+00:00","twitter_card":"summary_large_image","twitter_misc":{"Gesch\u00e4tzte Lesezeit":"2 Minuten"},"schema":{"@context":"https:\/\/schema.org","@graph":[{"@type":"WebPage","@id":"https:\/\/thern.com\/de\/industries\/construction\/cable-stay-winches\/","url":"https:\/\/thern.com\/de\/industries\/construction\/cable-stay-winches\/","name":"Schr\u00e4gseilwinden \u2013 Bauhebeger\u00e4te | Thern\u00ae Winches &amp; Cranes","isPartOf":{"@id":"https:\/\/thern.com\/de\/#website"},"datePublished":"2023-08-28T17:43:11+00:00","dateModified":"2023-10-06T01:01:52+00:00","description":"Hochleistungs-Schr\u00e4gseilwinden von Thern liefern die n\u00f6tige Kraft, um Seile w\u00e4hrend der Neupositionierung zu halten und zu bewegen, und sorgen so f\u00fcr maximale Lastkontrolle.","breadcrumb":{"@id":"https:\/\/thern.com\/de\/industries\/construction\/cable-stay-winches\/#breadcrumb"},"inLanguage":"de-DE","potentialAction":[{"@type":"ReadAction","target":["https:\/\/thern.com\/de\/industries\/construction\/cable-stay-winches\/"]}]},{"@type":"BreadcrumbList","@id":"https:\/\/thern.com\/de\/industries\/construction\/cable-stay-winches\/#breadcrumb","itemListElement":[{"@type":"ListItem","position":1,"name":"Home","item":"https:\/\/thern.com\/de\/"},{"@type":"ListItem","position":2,"name":"Industries","item":"https:\/\/thern.com\/de\/industries\/"},{"@type":"ListItem","position":3,"name":"Construction","item":"https:\/\/thern.com\/de\/industries\/construction\/"},{"@type":"ListItem","position":4,"name":"Cable Stay Winches"}]},{"@type":"WebSite","@id":"https:\/\/thern.com\/de\/#website","url":"https:\/\/thern.com\/de\/","name":"Thern\u00ae Winches &amp; Cranes","description":"Leave the Heavy Lifting to Us","publisher":{"@id":"https:\/\/thern.com\/de\/#organization"},"potentialAction":[{"@type":"SearchAction","target":{"@type":"EntryPoint","urlTemplate":"https:\/\/thern.com\/de\/?s={search_term_string}"},"query-input":{"@type":"PropertyValueSpecification","valueRequired":true,"valueName":"search_term_string"}}],"inLanguage":"de-DE"},{"@type":"Organization","@id":"https:\/\/thern.com\/de\/#organization","name":"Thern\u00ae Winches &amp; Cranes","url":"https:\/\/thern.com\/de\/","logo":{"@type":"ImageObject","inLanguage":"de-DE","@id":"https:\/\/thern.com\/de\/#\/schema\/logo\/image\/","url":"https:\/\/thern.com\/wp-content\/uploads\/2023\/11\/Logo_SaveForWeb-outline-FINAL-01.svg","contentUrl":"https:\/\/thern.com\/wp-content\/uploads\/2023\/11\/Logo_SaveForWeb-outline-FINAL-01.svg","caption":"Thern\u00ae Winches &amp; Cranes"},"image":{"@id":"https:\/\/thern.com\/de\/#\/schema\/logo\/image\/"},"sameAs":["https:\/\/www.facebook.com\/ThernInc\/","https:\/\/www.linkedin.com\/company\/thern-inc-\/","https:\/\/www.youtube.com\/user\/ThernStage"]}]}},"_links":{"self":[{"href":"https:\/\/thern.com\/de\/wp-json\/wp\/v2\/pages\/31917","targetHints":{"allow":["GET"]}}],"collection":[{"href":"https:\/\/thern.com\/de\/wp-json\/wp\/v2\/pages"}],"about":[{"href":"https:\/\/thern.com\/de\/wp-json\/wp\/v2\/types\/page"}],"author":[{"embeddable":true,"href":"https:\/\/thern.com\/de\/wp-json\/wp\/v2\/users\/1"}],"replies":[{"embeddable":true,"href":"https:\/\/thern.com\/de\/wp-json\/wp\/v2\/comments?post=31917"}],"version-history":[{"count":0,"href":"https:\/\/thern.com\/de\/wp-json\/wp\/v2\/pages\/31917\/revisions"}],"up":[{"embeddable":true,"href":"https:\/\/thern.com\/de\/wp-json\/wp\/v2\/pages\/32396"}],"wp:attachment":[{"href":"https:\/\/thern.com\/de\/wp-json\/wp\/v2\/media?parent=31917"}],"curies":[{"name":"wp","href":"https:\/\/api.w.org\/{rel}","templated":true}]}}