{"id":31808,"date":"2023-08-25T17:42:29","date_gmt":"2023-08-25T17:42:29","guid":{"rendered":"https:\/\/therninc.wpenginepowered.com\/aerator-dredge-positioning-winches\/"},"modified":"2023-10-05T23:35:52","modified_gmt":"2023-10-05T23:35:52","slug":"aerator-dredge-positioning-winches","status":"publish","type":"page","link":"https:\/\/thern.com\/de\/industries\/water-wastewater\/aerator-dredge-positioning-winches\/","title":{"rendered":"Aerator\/Dredge Positioning Winches"},"content":{"rendered":"<div class=\"wpb-content-wrapper\"><p>[vc_section full_width=&#8220;stretch_row&#8220; content_placement=&#8220;middle&#8220; css=&#8220;.vc_custom_1692984542564{padding-top: 0px !important;background-image: url(https:\/\/thern.com\/wp-content\/uploads\/2023\/07\/Thern-Inc_About-Hero.jpg?id=343) !important;background-position: center !important;background-repeat: no-repeat !important;background-size: cover !important;}&#8220;][vc_row full_width=&#8220;stretch_row&#8220; css=&#8220;.vc_custom_1692983676181{padding-top: 50px !important;padding-bottom: 70px !important;background-color: rgba(0,0,0,0.5) !important;*background-color: rgb(0,0,0) !important;}&#8220;][vc_column][vc_custom_heading text=&#8220;Positionierungswinden f\u00fcr Bel\u00fcfter\/Bagger&#8220; font_container=&#8220;tag:h1|text_align:left|color:%23ffffff&#8220; use_theme_fonts=&#8220;yes&#8220; css_animation=&#8220;fadeInLeft&#8220;][\/vc_column][\/vc_row][\/vc_section][vc_row equal_height=&#8220;yes&#8220; css=&#8220;.vc_custom_1692984692373{padding-top: 65px !important;padding-bottom: 35px !important;}&#8220;][vc_column css_animation=&#8220;fadeInLeft&#8220; width=&#8220;1\/2&#8243;][vc_column_text]<\/p>\n<section class=\"av_textblock_section\">\n<div class=\"avia_textblock\">\n<p>Ganz gleich, ob Ihr Teich gro\u00df oder klein ist, Thern entwirft auf Ihre Spezifikationen zugeschnittene Baggerpositionierungswindensysteme, komplett mit hochentwickelten Steuerungspaketen, die h\u00f6chste Genauigkeit bieten.<\/p>\n<p>Baggerpositionierungswinde | Ma\u00dfgeschneidert f\u00fcr das Aqu\u00e4duktprojekt in Washington DC<\/p>\n<p>Das Aqu\u00e4duktprojekt war f\u00fcr das US Army Corps of Engineers in Washington DC. Es waren 15 Baggerwinden mit konstanter Spannung und VFD-Steuereinheiten erforderlich. Die vollst\u00e4ndig programmierbare \u201eSmart Winch\u201c-Technologie von Thern nutzt Tensiometer, um die Leinen auf einer konstanten Spannung zu halten. Die Winden werden zur automatischen Positionierung und Steuerung schwimmender Baggersysteme auf den \u00fcber 10 Hektar gro\u00dfen Teichen eingesetzt.<\/p>\n<\/div>\n<\/section>\n<p>[\/vc_column_text][vc_btn title=&#8220;Zur\u00fcck zu Branchen&#8220; style=&#8220;custom&#8220; custom_background=&#8220;#c71a32&#8243; custom_text=&#8220;#ffffff&#8220; shape=&#8220;square&#8220; size=&#8220;lg&#8220; align=&#8220;left&#8220; i_icon_fontawesome=&#8220;fas fa-angle-left&#8220; add_icon=&#8220;true&#8220; link=&#8220;url:%2Fde%2Findustries%2F|title:Return%20to%20Industries&#8220;][\/vc_column][vc_column css_animation=&#8220;fadeInRight&#8220; width=&#8220;1\/2&#8243;][vc_gallery type=&#8220;flexslider_slide&#8220; interval=&#8220;0&#8243; images=&#8220;23409,23408,23407&#8243; img_size=&#8220;full&#8220;][vc_single_image image=&#8220;23406&#8243; img_size=&#8220;full&#8220; alignment=&#8220;center&#8220;][\/vc_column][\/vc_row][vc_row full_width=&#8220;stretch_row&#8220; css=&#8220;.vc_custom_1692985441183{padding-top: 35px !important;padding-bottom: 35px !important;}&#8220;][vc_column width=&#8220;1\/6&#8243;][\/vc_column][vc_column css_animation=&#8220;fadeInUp&#8220; width=&#8220;4\/6&#8243;][vc_custom_heading text=&#8220;Wir sind hier um zu helfen&#8220; font_container=&#8220;tag:h2|text_align:center|color:%230a0a0a&#8220; use_theme_fonts=&#8220;yes&#8220; css=&#8220;.vc_custom_1696542867360{margin-bottom: 0px !important;}&#8220;][vc_column_text]<\/p>\n<p style=\"text-align: center;\">Habe Fragen? Das freundliche und sachkundige Verkaufs- und Servicepersonal von Thern steht Ihnen gerne zur Verf\u00fcgung.<\/p>\n<p>[\/vc_column_text][vc_btn title=&#8220;Kontaktiere uns&#8220; style=&#8220;custom&#8220; custom_background=&#8220;#c71a32&#8243; custom_text=&#8220;#ffffff&#8220; shape=&#8220;square&#8220; size=&#8220;lg&#8220; align=&#8220;center&#8220; i_align=&#8220;right&#8220; i_icon_fontawesome=&#8220;fas fa-angle-right&#8220; add_icon=&#8220;true&#8220; link=&#8220;url:%2Fde%2Fcontact%2F|title:Contact&#8220;][\/vc_column][vc_column width=&#8220;1\/6&#8243;][\/vc_column][\/vc_row]<\/p>\n<\/div>","protected":false},"excerpt":{"rendered":"<p>[vc_section full_width=&#8220;stretch_row&#8220; content_placement=&#8220;middle&#8220; css=&#8220;.vc_custom_1692984542564{padding-top: 0px !important;background-image: url(https:\/\/thern.com\/wp-content\/uploads\/2023\/07\/Thern-Inc_About-Hero.jpg?id=343) !important;background-position: center !important;background-repeat: no-repeat !important;background-size: cover !important;}&#8220;][vc_row full_width=&#8220;stretch_row&#8220; css=&#8220;.vc_custom_1692983676181{padding-top: 50px !important;padding-bottom: 70px !important;background-color: rgba(0,0,0,0.5) !important;*background-color: rgb(0,0,0) !important;}&#8220;][vc_column][vc_custom_heading text=&#8220;Positionierungswinden f\u00fcr Bel\u00fcfter\/Bagger&#8220; font_container=&#8220;tag:h1|text_align:left|color:%23ffffff&#8220; use_theme_fonts=&#8220;yes&#8220; css_animation=&#8220;fadeInLeft&#8220;][\/vc_column][\/vc_row][\/vc_section][vc_row equal_height=&#8220;yes&#8220; css=&#8220;.vc_custom_1692984692373{padding-top: 65px !important;padding-bottom: 35px !important;}&#8220;][vc_column css_animation=&#8220;fadeInLeft&#8220; width=&#8220;1\/2&#8243;][vc_column_text] Ganz gleich, ob Ihr Teich gro\u00df oder klein ist, Thern entwirft auf Ihre Spezifikationen zugeschnittene Baggerpositionierungswindensysteme, komplett &#8230; <a title=\"Aerator\/Dredge Positioning Winches\" class=\"read-more\" href=\"https:\/\/thern.com\/de\/industries\/water-wastewater\/aerator-dredge-positioning-winches\/\" aria-label=\"More on Aerator\/Dredge Positioning Winches\">Read more<\/a><\/p>\n","protected":false},"author":1,"featured_media":0,"parent":32355,"menu_order":0,"comment_status":"closed","ping_status":"closed","template":"","meta":{"footnotes":""},"class_list":["post-31808","page","type-page","status-publish"],"yoast_head":"<!-- This site is optimized with the Yoast SEO plugin v27.4 - https:\/\/yoast.com\/product\/yoast-seo-wordpress\/ -->\n<title>Baggerpositionierungswinde \u2013 Hebeausr\u00fcstung f\u00fcr Abwasseranlagen | Thern\u00ae Winches &amp; Cranes<\/title>\n<meta name=\"description\" content=\"Thern baut Baggerwinden nach Ihren Vorgaben, komplett mit hochentwickelten Steuerungspaketen, die h\u00f6chste Genauigkeit bieten.\" \/>\n<meta name=\"robots\" content=\"index, follow, max-snippet:-1, max-image-preview:large, max-video-preview:-1\" \/>\n<link rel=\"canonical\" href=\"https:\/\/thern.com\/de\/industries\/water-wastewater\/aerator-dredge-positioning-winches\/\" \/>\n<meta property=\"og:locale\" content=\"de_DE\" \/>\n<meta property=\"og:type\" content=\"article\" \/>\n<meta property=\"og:title\" content=\"Baggerpositionierungswinde \u2013 Hebeausr\u00fcstung f\u00fcr Abwasseranlagen | Thern\u00ae Winches &amp; Cranes\" \/>\n<meta property=\"og:description\" content=\"Thern baut Baggerwinden nach Ihren Vorgaben, komplett mit hochentwickelten Steuerungspaketen, die h\u00f6chste Genauigkeit bieten.\" \/>\n<meta property=\"og:url\" content=\"https:\/\/thern.com\/de\/industries\/water-wastewater\/aerator-dredge-positioning-winches\/\" \/>\n<meta property=\"og:site_name\" content=\"Thern\u00ae Winches &amp; Cranes\" \/>\n<meta property=\"article:publisher\" content=\"https:\/\/www.facebook.com\/ThernInc\/\" \/>\n<meta property=\"article:modified_time\" content=\"2023-10-05T23:35:52+00:00\" \/>\n<meta name=\"twitter:card\" content=\"summary_large_image\" \/>\n<meta name=\"twitter:label1\" content=\"Gesch\u00e4tzte Lesezeit\" \/>\n\t<meta name=\"twitter:data1\" content=\"1 Minute\" \/>\n<script type=\"application\/ld+json\" class=\"yoast-schema-graph\">{\"@context\":\"https:\\\/\\\/schema.org\",\"@graph\":[{\"@type\":\"WebPage\",\"@id\":\"https:\\\/\\\/thern.com\\\/de\\\/industries\\\/water-wastewater\\\/aerator-dredge-positioning-winches\\\/\",\"url\":\"https:\\\/\\\/thern.com\\\/de\\\/industries\\\/water-wastewater\\\/aerator-dredge-positioning-winches\\\/\",\"name\":\"Baggerpositionierungswinde \u2013 Hebeausr\u00fcstung f\u00fcr Abwasseranlagen | Thern\u00ae Winches &amp; Cranes\",\"isPartOf\":{\"@id\":\"https:\\\/\\\/thern.com\\\/de\\\/#website\"},\"datePublished\":\"2023-08-25T17:42:29+00:00\",\"dateModified\":\"2023-10-05T23:35:52+00:00\",\"description\":\"Thern baut Baggerwinden nach Ihren Vorgaben, komplett mit hochentwickelten Steuerungspaketen, die h\u00f6chste Genauigkeit bieten.\",\"breadcrumb\":{\"@id\":\"https:\\\/\\\/thern.com\\\/de\\\/industries\\\/water-wastewater\\\/aerator-dredge-positioning-winches\\\/#breadcrumb\"},\"inLanguage\":\"de-DE\",\"potentialAction\":[{\"@type\":\"ReadAction\",\"target\":[\"https:\\\/\\\/thern.com\\\/de\\\/industries\\\/water-wastewater\\\/aerator-dredge-positioning-winches\\\/\"]}]},{\"@type\":\"BreadcrumbList\",\"@id\":\"https:\\\/\\\/thern.com\\\/de\\\/industries\\\/water-wastewater\\\/aerator-dredge-positioning-winches\\\/#breadcrumb\",\"itemListElement\":[{\"@type\":\"ListItem\",\"position\":1,\"name\":\"Home\",\"item\":\"https:\\\/\\\/thern.com\\\/de\\\/\"},{\"@type\":\"ListItem\",\"position\":2,\"name\":\"Industries\",\"item\":\"https:\\\/\\\/thern.com\\\/de\\\/industries\\\/\"},{\"@type\":\"ListItem\",\"position\":3,\"name\":\"Water Wastewater\",\"item\":\"https:\\\/\\\/thern.com\\\/de\\\/industries\\\/water-wastewater\\\/\"},{\"@type\":\"ListItem\",\"position\":4,\"name\":\"Aerator\\\/Dredge Positioning Winches\"}]},{\"@type\":\"WebSite\",\"@id\":\"https:\\\/\\\/thern.com\\\/de\\\/#website\",\"url\":\"https:\\\/\\\/thern.com\\\/de\\\/\",\"name\":\"Thern\u00ae Winches &amp; Cranes\",\"description\":\"Leave the Heavy Lifting to Us\",\"publisher\":{\"@id\":\"https:\\\/\\\/thern.com\\\/de\\\/#organization\"},\"potentialAction\":[{\"@type\":\"SearchAction\",\"target\":{\"@type\":\"EntryPoint\",\"urlTemplate\":\"https:\\\/\\\/thern.com\\\/de\\\/?s={search_term_string}\"},\"query-input\":{\"@type\":\"PropertyValueSpecification\",\"valueRequired\":true,\"valueName\":\"search_term_string\"}}],\"inLanguage\":\"de-DE\"},{\"@type\":\"Organization\",\"@id\":\"https:\\\/\\\/thern.com\\\/de\\\/#organization\",\"name\":\"Thern\u00ae Winches &amp; Cranes\",\"url\":\"https:\\\/\\\/thern.com\\\/de\\\/\",\"logo\":{\"@type\":\"ImageObject\",\"inLanguage\":\"de-DE\",\"@id\":\"https:\\\/\\\/thern.com\\\/de\\\/#\\\/schema\\\/logo\\\/image\\\/\",\"url\":\"https:\\\/\\\/thern.com\\\/wp-content\\\/uploads\\\/2023\\\/11\\\/Logo_SaveForWeb-outline-FINAL-01.svg\",\"contentUrl\":\"https:\\\/\\\/thern.com\\\/wp-content\\\/uploads\\\/2023\\\/11\\\/Logo_SaveForWeb-outline-FINAL-01.svg\",\"caption\":\"Thern\u00ae Winches &amp; Cranes\"},\"image\":{\"@id\":\"https:\\\/\\\/thern.com\\\/de\\\/#\\\/schema\\\/logo\\\/image\\\/\"},\"sameAs\":[\"https:\\\/\\\/www.facebook.com\\\/ThernInc\\\/\",\"https:\\\/\\\/www.linkedin.com\\\/company\\\/thern-inc-\\\/\",\"https:\\\/\\\/www.youtube.com\\\/user\\\/ThernStage\"]}]}<\/script>\n<!-- \/ Yoast SEO plugin. -->","yoast_head_json":{"title":"Baggerpositionierungswinde \u2013 Hebeausr\u00fcstung f\u00fcr Abwasseranlagen | Thern\u00ae Winches &amp; Cranes","description":"Thern baut Baggerwinden nach Ihren Vorgaben, komplett mit hochentwickelten Steuerungspaketen, die h\u00f6chste Genauigkeit bieten.","robots":{"index":"index","follow":"follow","max-snippet":"max-snippet:-1","max-image-preview":"max-image-preview:large","max-video-preview":"max-video-preview:-1"},"canonical":"https:\/\/thern.com\/de\/industries\/water-wastewater\/aerator-dredge-positioning-winches\/","og_locale":"de_DE","og_type":"article","og_title":"Baggerpositionierungswinde \u2013 Hebeausr\u00fcstung f\u00fcr Abwasseranlagen | Thern\u00ae Winches &amp; Cranes","og_description":"Thern baut Baggerwinden nach Ihren Vorgaben, komplett mit hochentwickelten Steuerungspaketen, die h\u00f6chste Genauigkeit bieten.","og_url":"https:\/\/thern.com\/de\/industries\/water-wastewater\/aerator-dredge-positioning-winches\/","og_site_name":"Thern\u00ae Winches &amp; Cranes","article_publisher":"https:\/\/www.facebook.com\/ThernInc\/","article_modified_time":"2023-10-05T23:35:52+00:00","twitter_card":"summary_large_image","twitter_misc":{"Gesch\u00e4tzte Lesezeit":"1 Minute"},"schema":{"@context":"https:\/\/schema.org","@graph":[{"@type":"WebPage","@id":"https:\/\/thern.com\/de\/industries\/water-wastewater\/aerator-dredge-positioning-winches\/","url":"https:\/\/thern.com\/de\/industries\/water-wastewater\/aerator-dredge-positioning-winches\/","name":"Baggerpositionierungswinde \u2013 Hebeausr\u00fcstung f\u00fcr Abwasseranlagen | Thern\u00ae Winches &amp; Cranes","isPartOf":{"@id":"https:\/\/thern.com\/de\/#website"},"datePublished":"2023-08-25T17:42:29+00:00","dateModified":"2023-10-05T23:35:52+00:00","description":"Thern baut Baggerwinden nach Ihren Vorgaben, komplett mit hochentwickelten Steuerungspaketen, die h\u00f6chste Genauigkeit bieten.","breadcrumb":{"@id":"https:\/\/thern.com\/de\/industries\/water-wastewater\/aerator-dredge-positioning-winches\/#breadcrumb"},"inLanguage":"de-DE","potentialAction":[{"@type":"ReadAction","target":["https:\/\/thern.com\/de\/industries\/water-wastewater\/aerator-dredge-positioning-winches\/"]}]},{"@type":"BreadcrumbList","@id":"https:\/\/thern.com\/de\/industries\/water-wastewater\/aerator-dredge-positioning-winches\/#breadcrumb","itemListElement":[{"@type":"ListItem","position":1,"name":"Home","item":"https:\/\/thern.com\/de\/"},{"@type":"ListItem","position":2,"name":"Industries","item":"https:\/\/thern.com\/de\/industries\/"},{"@type":"ListItem","position":3,"name":"Water Wastewater","item":"https:\/\/thern.com\/de\/industries\/water-wastewater\/"},{"@type":"ListItem","position":4,"name":"Aerator\/Dredge Positioning Winches"}]},{"@type":"WebSite","@id":"https:\/\/thern.com\/de\/#website","url":"https:\/\/thern.com\/de\/","name":"Thern\u00ae Winches &amp; Cranes","description":"Leave the Heavy Lifting to Us","publisher":{"@id":"https:\/\/thern.com\/de\/#organization"},"potentialAction":[{"@type":"SearchAction","target":{"@type":"EntryPoint","urlTemplate":"https:\/\/thern.com\/de\/?s={search_term_string}"},"query-input":{"@type":"PropertyValueSpecification","valueRequired":true,"valueName":"search_term_string"}}],"inLanguage":"de-DE"},{"@type":"Organization","@id":"https:\/\/thern.com\/de\/#organization","name":"Thern\u00ae Winches &amp; Cranes","url":"https:\/\/thern.com\/de\/","logo":{"@type":"ImageObject","inLanguage":"de-DE","@id":"https:\/\/thern.com\/de\/#\/schema\/logo\/image\/","url":"https:\/\/thern.com\/wp-content\/uploads\/2023\/11\/Logo_SaveForWeb-outline-FINAL-01.svg","contentUrl":"https:\/\/thern.com\/wp-content\/uploads\/2023\/11\/Logo_SaveForWeb-outline-FINAL-01.svg","caption":"Thern\u00ae Winches &amp; Cranes"},"image":{"@id":"https:\/\/thern.com\/de\/#\/schema\/logo\/image\/"},"sameAs":["https:\/\/www.facebook.com\/ThernInc\/","https:\/\/www.linkedin.com\/company\/thern-inc-\/","https:\/\/www.youtube.com\/user\/ThernStage"]}]}},"_links":{"self":[{"href":"https:\/\/thern.com\/de\/wp-json\/wp\/v2\/pages\/31808","targetHints":{"allow":["GET"]}}],"collection":[{"href":"https:\/\/thern.com\/de\/wp-json\/wp\/v2\/pages"}],"about":[{"href":"https:\/\/thern.com\/de\/wp-json\/wp\/v2\/types\/page"}],"author":[{"embeddable":true,"href":"https:\/\/thern.com\/de\/wp-json\/wp\/v2\/users\/1"}],"replies":[{"embeddable":true,"href":"https:\/\/thern.com\/de\/wp-json\/wp\/v2\/comments?post=31808"}],"version-history":[{"count":0,"href":"https:\/\/thern.com\/de\/wp-json\/wp\/v2\/pages\/31808\/revisions"}],"up":[{"embeddable":true,"href":"https:\/\/thern.com\/de\/wp-json\/wp\/v2\/pages\/32355"}],"wp:attachment":[{"href":"https:\/\/thern.com\/de\/wp-json\/wp\/v2\/media?parent=31808"}],"curies":[{"name":"wp","href":"https:\/\/api.w.org\/{rel}","templated":true}]}}