{"id":31733,"date":"2023-08-25T17:17:13","date_gmt":"2023-08-25T17:17:13","guid":{"rendered":"https:\/\/therninc.wpenginepowered.com\/pump-hoists\/"},"modified":"2023-10-05T21:55:07","modified_gmt":"2023-10-05T21:55:07","slug":"pump-hoists","status":"publish","type":"page","link":"https:\/\/thern.com\/de\/industries\/water-wastewater\/pump-hoists\/","title":{"rendered":"Pump Hoists"},"content":{"rendered":"<div class=\"wpb-content-wrapper\"><p>[vc_section full_width=&#8220;stretch_row&#8220; content_placement=&#8220;middle&#8220; css=&#8220;.vc_custom_1692983716171{padding-top: 0px !important;background: #dddddd url(https:\/\/thern.com\/wp-content\/uploads\/2023\/07\/Thern-Inc_About-Hero.jpg?id=343) !important;background-position: center !important;background-repeat: no-repeat !important;background-size: cover !important;}&#8220;][vc_row full_width=&#8220;stretch_row&#8220; css=&#8220;.vc_custom_1692983676181{padding-top: 50px !important;padding-bottom: 70px !important;background-color: rgba(0,0,0,0.5) !important;*background-color: rgb(0,0,0) !important;}&#8220;][vc_column][vc_custom_heading text=&#8220;Pumpenaufz\u00fcge&#8220; font_container=&#8220;tag:h1|text_align:left|color:%23ffffff&#8220; use_theme_fonts=&#8220;yes&#8220; css_animation=&#8220;fadeInLeft&#8220;][\/vc_column][\/vc_row][\/vc_section][vc_row full_width=&#8220;stretch_row&#8220; equal_height=&#8220;yes&#8220; css=&#8220;.vc_custom_1692985496191{padding-top: 65px !important;padding-bottom: 35px !important;}&#8220;][vc_column css_animation=&#8220;fadeInLeft&#8220; width=&#8220;1\/2&#8243;][vc_custom_heading text=&#8220;Welcher Kran eignet sich am besten zum Heben meiner Wasser-\/Abwasserpumpe?&#8220; font_container=&#8220;tag:h4|text_align:left|color:%23900000&#8243; use_theme_fonts=&#8220;yes&#8220;][vc_column_text]Der beste Kran zum Heben einer Wasser-\/Abwasserpumpe ist ein Davitkran, da er langlebig und benutzerfreundlich ist und einen sicheren und effizienten Aus- und Einbau der Ausr\u00fcstung erm\u00f6glicht. Davit-Kr\u00e4ne k\u00f6nnen bei Bedarf an bestimmte Wasser-\/Abwasseranlagenbetriebe angepasst und angepasst werden, was sie im Vergleich zu anderen Wasser-\/Abwasserpumpenaufz\u00fcgen oder tempor\u00e4ren Ersatzger\u00e4ten zur besten Wahl zum Heben, Senken und Bewegen von Pumpen macht.<\/p>\n<p>Die Spezialpumpenaufz\u00fcge von Thern sind die bevorzugte Wahl unter den Abwasseraufbereitungsanlagen und verf\u00fcgen \u00fcber tragbare oder station\u00e4re Davitkr\u00e4ne, die entweder mit Hand- oder Motorwinden ausgestattet sind. Manuelle Winden bieten eine effektive Hebel\u00f6sung, wenn keine Stromquelle verf\u00fcgbar ist. Wenn Strom verf\u00fcgbar ist, bietet Thern Wechselstrom-, Gleichstrom-, Pneumatik- oder Hydraulikbetrieb an, um Pumpen f\u00fcr Wartungs- oder Reparaturzwecke schnell anzuheben. Tragbare Davitkr\u00e4ne lassen sich leicht transportieren und schnell an Hebestationen aufbauen; Wenn Ihr Standort jedoch eine gr\u00f6\u00dfere Reichweite erfordert, ist ein station\u00e4rer Davitkran die ideale Wahl. Entdecken Sie unten unsere am h\u00e4ufigsten gestellten Fragen und die entsprechenden Antworten. Wir sind hier, um Ihnen zu helfen. Nehmen Sie also Kontakt mit uns auf, um ein Gespr\u00e4ch zu beginnen![\/vc_column_text][vc_btn title=&#8220;Zur\u00fcck zu Branchen&#8220; style=&#8220;custom&#8220; custom_background=&#8220;#c71a32&#8243; custom_text=&#8220;#ffffff&#8220; shape=&#8220;square&#8220; size=&#8220;lg&#8220; align=&#8220;left&#8220; i_icon_fontawesome=&#8220;fas fa-angle-left&#8220; add_icon=&#8220;true&#8220; link=&#8220;url:%2Fde%2Findustries%2F|title:Return%20to%20Industries&#8220;][\/vc_column][vc_column css_animation=&#8220;fadeInRight&#8220; width=&#8220;1\/2&#8243;][vc_single_image image=&#8220;23373&#8243; img_size=&#8220;full&#8220;][\/vc_column][\/vc_row][vc_row full_width=&#8220;stretch_row&#8220; css=&#8220;.vc_custom_1692985479997{padding-top: 35px !important;padding-bottom: 35px !important;background-color: #efefef !important;}&#8220;][vc_column css_animation=&#8220;fadeInLeft&#8220; width=&#8220;1\/6&#8243;][vc_single_image image=&#8220;23379&#8243; img_size=&#8220;full&#8220; alignment=&#8220;center&#8220;][\/vc_column][vc_column css_animation=&#8220;fadeInUp&#8220; width=&#8220;2\/3&#8243;][vc_custom_heading text=&#8220;FAQs zu Pumpenhebezeugen&#8220; font_container=&#8220;tag:h4|text_align:center|color:%23900000&#8243; use_theme_fonts=&#8220;yes&#8220;][vc_tta_accordion][vc_tta_section title=&#8220;What crane is best for me to lift my water\/wastewater pump that weighs under 1,000 lbs?&#8220; tab_id=&#8220;1692984126546-6564ddb6-82dd&#8220;][vc_column_text]Our First Mate, Ensign 500, and Commander 500 portable davit cranes with capacities of 500\u2013850 lbs are recommended for lifts under 1,000 lbs. Each of these models will provide users with features such as extra hook height, streamlined set-up\/disassembly, ergonomic operation, and more. Contact us for product suggestions that are customized to your unique requirements, technical specifications, and facility design.[\/vc_column_text][\/vc_tta_section][vc_tta_section title=&#8220;What crane is best for me to lift my water\/wastewater pump that weighs over 1,000 lbs?&#8220; tab_id=&#8220;1692984179205-9de5cb33-02bb&#8220;][vc_column_text]Our Ensign 1000, Commander 1000, and Commander 2000 portable davit cranes with capacities of 1,200\u20132,000 lbs are recommended for lifts over 1,000 lbs. Depending on the model, the cranes offer varying features such as multiple boom lengths\/angles, streamlined set-up\/disassembly, ergonomic operation, and more. Contact us for product suggestions that are customized to your unique requirements, technical specifications, and facility design.[\/vc_column_text][\/vc_tta_section][vc_tta_section title=&#8220;What crane is best for me to lift my water\/wastewater pump that weighs over 2,000 lbs?&#8220; tab_id=&#8220;1692984195864-17c16340-135a&#8220;][vc_column_text]For pump lifts of up to 3,000 lbs, our stationary Captain 2000, Captain 2500, and Admiral 3000 cranes are an ideal solution. Each of these models will provide users with features such as extended boom lengths, 360\u00b0 rotation, a quick-disconnect anchor, and more. Contact us for product suggestions that are customized to your unique requirements, technical specifications, and facility design.[\/vc_column_text][\/vc_tta_section][vc_tta_section title=&#8220;I work at a small water\/wastewater facility, so which cranes provide the most economical solution for a lighter load?&#8220; tab_id=&#8220;1692984217880-cefba368-3b0e&#8220;][vc_column_text]Our First Mate portable davit crane is affordable, lightweight, and perfect for a wide variety of simple jobs, up to 850 lbs, where adjustable reach is not required. Other economical options to lift a lighter load include our Ensign 500 and Commander 500 portable davit cranes with capacities of 500 lbs and 650 lbs, respectively. The Ensign 500 is specially designed for clearance, lift height, and ergonomic operation, while the Commander 500 is a popular lightweight model with an adjustable boom that\u2019s ideal for smaller loads. Contact us for product suggestions that are customized to your unique requirements, technical specifications, and facility design.[\/vc_column_text][\/vc_tta_section][vc_tta_section title=&#8220;I work at a large water\/wastewater facility, so which cranes provide the most effective and cost-saving solution for lifting numerous pumps?&#8220; tab_id=&#8220;1692984230458-b4a6e878-478c&#8220;][vc_column_text]Since this can be a complicated question that requires a more in-depth conversation, we encourage you to contact us directly. Depending on your situation, you may benefit from buying many bases and fewer cranes to meet your project goals and budget. Larger cranes may also be ideal based on the sizes of the pumps.[\/vc_column_text][\/vc_tta_section][vc_tta_section title=&#8220;What cranes can effectively lift duplex or triplex pumps?&#8220; tab_id=&#8220;1692984245101-6ed28c45-d8a2&#8243;][vc_column_text]Start a conversation with us to discuss base placement and the reach required to lift each pump. We can provide product suggestions that are customized to your unique requirements, technical specifications, and facility design.[\/vc_column_text][\/vc_tta_section][vc_tta_section title=&#8220;Which cranes can be easily transported for quick set up at lift stations?&#8220; tab_id=&#8220;1692984259113-9bb2546a-9b51&#8243;][vc_column_text]Thern\u2019s entire collection of portable davit cranes offer easy assembly and quick disassembly for effortless transport from base to base or storage. Contact us for product suggestions that are customized to your unique requirements, technical specifications, and facility design.[\/vc_column_text][\/vc_tta_section][vc_tta_section title=&#8220;Do you have cranes that feature extended booms and hook heights to accommodate lifts over tall railings or obstructions?&#8220; tab_id=&#8220;1692984275133-59ffbb8d-4cec&#8220;][vc_column_text]Our economical Ensign 500 and Ensign 1000 portable davit cranes are specially designed for clearance, lift height, and ergonomic operation. Our Commander series also offers maximum flexibility with multiple boom lengths and angles to choose from. An optional base extension is available to provide additional hook height without affecting the rating of the crane for our First Mate and Commander Series. Contact us for product suggestions that are customized to your unique requirements, technical specifications, and facility design.[\/vc_column_text][\/vc_tta_section][\/vc_tta_accordion][\/vc_column][vc_column css_animation=&#8220;fadeInRight&#8220; width=&#8220;1\/6&#8243;][vc_single_image image=&#8220;23380&#8243; img_size=&#8220;full&#8220; alignment=&#8220;center&#8220;][\/vc_column][\/vc_row][vc_row full_width=&#8220;stretch_row&#8220; css=&#8220;.vc_custom_1696542897689{padding-top: 35px !important;padding-bottom: 35px !important;}&#8220;][vc_column width=&#8220;1\/6&#8243;][\/vc_column][vc_column css_animation=&#8220;fadeInUp&#8220; width=&#8220;4\/6&#8243;][vc_custom_heading text=&#8220;Wir sind hier um zu helfen&#8220; font_container=&#8220;tag:h2|text_align:center|color:%230a0a0a&#8220; use_theme_fonts=&#8220;yes&#8220; css=&#8220;.vc_custom_1696542867360{margin-bottom: 0px !important;}&#8220;][vc_column_text]<\/p>\n<p style=\"text-align: center;\">Habe Fragen? Das freundliche und sachkundige Verkaufs- und Servicepersonal von Thern steht Ihnen gerne zur Verf\u00fcgung.<\/p>\n<p>[\/vc_column_text][vc_btn title=&#8220;Kontaktiere uns&#8220; style=&#8220;custom&#8220; custom_background=&#8220;#c71a32&#8243; custom_text=&#8220;#ffffff&#8220; shape=&#8220;square&#8220; size=&#8220;lg&#8220; align=&#8220;center&#8220; i_align=&#8220;right&#8220; i_icon_fontawesome=&#8220;fas fa-angle-right&#8220; add_icon=&#8220;true&#8220; link=&#8220;url:%2Fde%2Fcontact%2F|title:Contact&#8220;][\/vc_column][vc_column width=&#8220;1\/6&#8243;][\/vc_column][\/vc_row]<\/p>\n<\/div>","protected":false},"excerpt":{"rendered":"<p>[vc_section full_width=&#8220;stretch_row&#8220; content_placement=&#8220;middle&#8220; css=&#8220;.vc_custom_1692983716171{padding-top: 0px !important;background: #dddddd url(https:\/\/thern.com\/wp-content\/uploads\/2023\/07\/Thern-Inc_About-Hero.jpg?id=343) !important;background-position: center !important;background-repeat: no-repeat !important;background-size: cover !important;}&#8220;][vc_row full_width=&#8220;stretch_row&#8220; css=&#8220;.vc_custom_1692983676181{padding-top: 50px !important;padding-bottom: 70px !important;background-color: rgba(0,0,0,0.5) !important;*background-color: rgb(0,0,0) !important;}&#8220;][vc_column][vc_custom_heading text=&#8220;Pumpenaufz\u00fcge&#8220; font_container=&#8220;tag:h1|text_align:left|color:%23ffffff&#8220; use_theme_fonts=&#8220;yes&#8220; css_animation=&#8220;fadeInLeft&#8220;][\/vc_column][\/vc_row][\/vc_section][vc_row full_width=&#8220;stretch_row&#8220; equal_height=&#8220;yes&#8220; css=&#8220;.vc_custom_1692985496191{padding-top: 65px !important;padding-bottom: 35px !important;}&#8220;][vc_column css_animation=&#8220;fadeInLeft&#8220; width=&#8220;1\/2&#8243;][vc_custom_heading text=&#8220;Welcher Kran eignet sich am besten zum Heben meiner Wasser-\/Abwasserpumpe?&#8220; font_container=&#8220;tag:h4|text_align:left|color:%23900000&#8243; use_theme_fonts=&#8220;yes&#8220;][vc_column_text]Der beste Kran zum Heben einer &#8230; <a title=\"Pump Hoists\" class=\"read-more\" href=\"https:\/\/thern.com\/de\/industries\/water-wastewater\/pump-hoists\/\" aria-label=\"More on Pump Hoists\">Read more<\/a><\/p>\n","protected":false},"author":1,"featured_media":0,"parent":32355,"menu_order":0,"comment_status":"closed","ping_status":"closed","template":"","meta":{"footnotes":""},"class_list":["post-31733","page","type-page","status-publish"],"yoast_head":"<!-- This site is optimized with the Yoast SEO plugin v27.6 - https:\/\/yoast.com\/product\/yoast-seo-wordpress\/ -->\n<title>Wasser-\/Abwasserpumpe | Thern\u00ae Winches &amp; Cranes<\/title>\n<meta name=\"description\" content=\"Welcher Kran eignet sich am besten zum Heben einer Wasser-\/Abwasserpumpe? Ein Davitkran, weil er langlebig und benutzerfreundlich ist und an jede Anwendung angepasst werden kann.\" \/>\n<meta name=\"robots\" content=\"index, follow, max-snippet:-1, max-image-preview:large, max-video-preview:-1\" \/>\n<link rel=\"canonical\" href=\"https:\/\/thern.com\/de\/industries\/water-wastewater\/pump-hoists\/\" \/>\n<meta property=\"og:locale\" content=\"de_DE\" \/>\n<meta property=\"og:type\" content=\"article\" \/>\n<meta property=\"og:title\" content=\"Wasser-\/Abwasserpumpe | Thern\u00ae Winches &amp; Cranes\" \/>\n<meta property=\"og:description\" content=\"Welcher Kran eignet sich am besten zum Heben einer Wasser-\/Abwasserpumpe? Ein Davitkran, weil er langlebig und benutzerfreundlich ist und an jede Anwendung angepasst werden kann.\" \/>\n<meta property=\"og:url\" content=\"https:\/\/thern.com\/de\/industries\/water-wastewater\/pump-hoists\/\" \/>\n<meta property=\"og:site_name\" content=\"Thern\u00ae Winches &amp; Cranes\" \/>\n<meta property=\"article:publisher\" content=\"https:\/\/www.facebook.com\/ThernInc\/\" \/>\n<meta property=\"article:modified_time\" content=\"2023-10-05T21:55:07+00:00\" \/>\n<meta name=\"twitter:card\" content=\"summary_large_image\" \/>\n<meta name=\"twitter:label1\" content=\"Gesch\u00e4tzte Lesezeit\" \/>\n\t<meta name=\"twitter:data1\" content=\"5 Minuten\" \/>\n<script type=\"application\/ld+json\" class=\"yoast-schema-graph\">{\"@context\":\"https:\\\/\\\/schema.org\",\"@graph\":[{\"@type\":\"WebPage\",\"@id\":\"https:\\\/\\\/thern.com\\\/de\\\/industries\\\/water-wastewater\\\/pump-hoists\\\/\",\"url\":\"https:\\\/\\\/thern.com\\\/de\\\/industries\\\/water-wastewater\\\/pump-hoists\\\/\",\"name\":\"Wasser-\\\/Abwasserpumpe | Thern\u00ae Winches &amp; Cranes\",\"isPartOf\":{\"@id\":\"https:\\\/\\\/thern.com\\\/de\\\/#website\"},\"datePublished\":\"2023-08-25T17:17:13+00:00\",\"dateModified\":\"2023-10-05T21:55:07+00:00\",\"description\":\"Welcher Kran eignet sich am besten zum Heben einer Wasser-\\\/Abwasserpumpe? Ein Davitkran, weil er langlebig und benutzerfreundlich ist und an jede Anwendung angepasst werden kann.\",\"breadcrumb\":{\"@id\":\"https:\\\/\\\/thern.com\\\/de\\\/industries\\\/water-wastewater\\\/pump-hoists\\\/#breadcrumb\"},\"inLanguage\":\"de-DE\",\"potentialAction\":[{\"@type\":\"ReadAction\",\"target\":[\"https:\\\/\\\/thern.com\\\/de\\\/industries\\\/water-wastewater\\\/pump-hoists\\\/\"]}]},{\"@type\":\"BreadcrumbList\",\"@id\":\"https:\\\/\\\/thern.com\\\/de\\\/industries\\\/water-wastewater\\\/pump-hoists\\\/#breadcrumb\",\"itemListElement\":[{\"@type\":\"ListItem\",\"position\":1,\"name\":\"Home\",\"item\":\"https:\\\/\\\/thern.com\\\/de\\\/\"},{\"@type\":\"ListItem\",\"position\":2,\"name\":\"Industries\",\"item\":\"https:\\\/\\\/thern.com\\\/de\\\/industries\\\/\"},{\"@type\":\"ListItem\",\"position\":3,\"name\":\"Water Wastewater\",\"item\":\"https:\\\/\\\/thern.com\\\/de\\\/industries\\\/water-wastewater\\\/\"},{\"@type\":\"ListItem\",\"position\":4,\"name\":\"Pump Hoists\"}]},{\"@type\":\"WebSite\",\"@id\":\"https:\\\/\\\/thern.com\\\/de\\\/#website\",\"url\":\"https:\\\/\\\/thern.com\\\/de\\\/\",\"name\":\"Thern\u00ae Winches &amp; Cranes\",\"description\":\"Leave the Heavy Lifting to Us\",\"publisher\":{\"@id\":\"https:\\\/\\\/thern.com\\\/de\\\/#organization\"},\"potentialAction\":[{\"@type\":\"SearchAction\",\"target\":{\"@type\":\"EntryPoint\",\"urlTemplate\":\"https:\\\/\\\/thern.com\\\/de\\\/?s={search_term_string}\"},\"query-input\":{\"@type\":\"PropertyValueSpecification\",\"valueRequired\":true,\"valueName\":\"search_term_string\"}}],\"inLanguage\":\"de-DE\"},{\"@type\":\"Organization\",\"@id\":\"https:\\\/\\\/thern.com\\\/de\\\/#organization\",\"name\":\"Thern\u00ae Winches &amp; Cranes\",\"url\":\"https:\\\/\\\/thern.com\\\/de\\\/\",\"logo\":{\"@type\":\"ImageObject\",\"inLanguage\":\"de-DE\",\"@id\":\"https:\\\/\\\/thern.com\\\/de\\\/#\\\/schema\\\/logo\\\/image\\\/\",\"url\":\"https:\\\/\\\/thern.com\\\/wp-content\\\/uploads\\\/2023\\\/11\\\/Logo_SaveForWeb-outline-FINAL-01.svg\",\"contentUrl\":\"https:\\\/\\\/thern.com\\\/wp-content\\\/uploads\\\/2023\\\/11\\\/Logo_SaveForWeb-outline-FINAL-01.svg\",\"caption\":\"Thern\u00ae Winches &amp; Cranes\"},\"image\":{\"@id\":\"https:\\\/\\\/thern.com\\\/de\\\/#\\\/schema\\\/logo\\\/image\\\/\"},\"sameAs\":[\"https:\\\/\\\/www.facebook.com\\\/ThernInc\\\/\",\"https:\\\/\\\/www.linkedin.com\\\/company\\\/thern-inc-\\\/\",\"https:\\\/\\\/www.youtube.com\\\/user\\\/ThernStage\"]}]}<\/script>\n<!-- \/ Yoast SEO plugin. -->","yoast_head_json":{"title":"Wasser-\/Abwasserpumpe | Thern\u00ae Winches &amp; Cranes","description":"Welcher Kran eignet sich am besten zum Heben einer Wasser-\/Abwasserpumpe? Ein Davitkran, weil er langlebig und benutzerfreundlich ist und an jede Anwendung angepasst werden kann.","robots":{"index":"index","follow":"follow","max-snippet":"max-snippet:-1","max-image-preview":"max-image-preview:large","max-video-preview":"max-video-preview:-1"},"canonical":"https:\/\/thern.com\/de\/industries\/water-wastewater\/pump-hoists\/","og_locale":"de_DE","og_type":"article","og_title":"Wasser-\/Abwasserpumpe | Thern\u00ae Winches &amp; Cranes","og_description":"Welcher Kran eignet sich am besten zum Heben einer Wasser-\/Abwasserpumpe? Ein Davitkran, weil er langlebig und benutzerfreundlich ist und an jede Anwendung angepasst werden kann.","og_url":"https:\/\/thern.com\/de\/industries\/water-wastewater\/pump-hoists\/","og_site_name":"Thern\u00ae Winches &amp; Cranes","article_publisher":"https:\/\/www.facebook.com\/ThernInc\/","article_modified_time":"2023-10-05T21:55:07+00:00","twitter_card":"summary_large_image","twitter_misc":{"Gesch\u00e4tzte Lesezeit":"5 Minuten"},"schema":{"@context":"https:\/\/schema.org","@graph":[{"@type":"WebPage","@id":"https:\/\/thern.com\/de\/industries\/water-wastewater\/pump-hoists\/","url":"https:\/\/thern.com\/de\/industries\/water-wastewater\/pump-hoists\/","name":"Wasser-\/Abwasserpumpe | Thern\u00ae Winches &amp; Cranes","isPartOf":{"@id":"https:\/\/thern.com\/de\/#website"},"datePublished":"2023-08-25T17:17:13+00:00","dateModified":"2023-10-05T21:55:07+00:00","description":"Welcher Kran eignet sich am besten zum Heben einer Wasser-\/Abwasserpumpe? Ein Davitkran, weil er langlebig und benutzerfreundlich ist und an jede Anwendung angepasst werden kann.","breadcrumb":{"@id":"https:\/\/thern.com\/de\/industries\/water-wastewater\/pump-hoists\/#breadcrumb"},"inLanguage":"de-DE","potentialAction":[{"@type":"ReadAction","target":["https:\/\/thern.com\/de\/industries\/water-wastewater\/pump-hoists\/"]}]},{"@type":"BreadcrumbList","@id":"https:\/\/thern.com\/de\/industries\/water-wastewater\/pump-hoists\/#breadcrumb","itemListElement":[{"@type":"ListItem","position":1,"name":"Home","item":"https:\/\/thern.com\/de\/"},{"@type":"ListItem","position":2,"name":"Industries","item":"https:\/\/thern.com\/de\/industries\/"},{"@type":"ListItem","position":3,"name":"Water Wastewater","item":"https:\/\/thern.com\/de\/industries\/water-wastewater\/"},{"@type":"ListItem","position":4,"name":"Pump Hoists"}]},{"@type":"WebSite","@id":"https:\/\/thern.com\/de\/#website","url":"https:\/\/thern.com\/de\/","name":"Thern\u00ae Winches &amp; Cranes","description":"Leave the Heavy Lifting to Us","publisher":{"@id":"https:\/\/thern.com\/de\/#organization"},"potentialAction":[{"@type":"SearchAction","target":{"@type":"EntryPoint","urlTemplate":"https:\/\/thern.com\/de\/?s={search_term_string}"},"query-input":{"@type":"PropertyValueSpecification","valueRequired":true,"valueName":"search_term_string"}}],"inLanguage":"de-DE"},{"@type":"Organization","@id":"https:\/\/thern.com\/de\/#organization","name":"Thern\u00ae Winches &amp; Cranes","url":"https:\/\/thern.com\/de\/","logo":{"@type":"ImageObject","inLanguage":"de-DE","@id":"https:\/\/thern.com\/de\/#\/schema\/logo\/image\/","url":"https:\/\/thern.com\/wp-content\/uploads\/2023\/11\/Logo_SaveForWeb-outline-FINAL-01.svg","contentUrl":"https:\/\/thern.com\/wp-content\/uploads\/2023\/11\/Logo_SaveForWeb-outline-FINAL-01.svg","caption":"Thern\u00ae Winches &amp; Cranes"},"image":{"@id":"https:\/\/thern.com\/de\/#\/schema\/logo\/image\/"},"sameAs":["https:\/\/www.facebook.com\/ThernInc\/","https:\/\/www.linkedin.com\/company\/thern-inc-\/","https:\/\/www.youtube.com\/user\/ThernStage"]}]}},"_links":{"self":[{"href":"https:\/\/thern.com\/de\/wp-json\/wp\/v2\/pages\/31733","targetHints":{"allow":["GET"]}}],"collection":[{"href":"https:\/\/thern.com\/de\/wp-json\/wp\/v2\/pages"}],"about":[{"href":"https:\/\/thern.com\/de\/wp-json\/wp\/v2\/types\/page"}],"author":[{"embeddable":true,"href":"https:\/\/thern.com\/de\/wp-json\/wp\/v2\/users\/1"}],"replies":[{"embeddable":true,"href":"https:\/\/thern.com\/de\/wp-json\/wp\/v2\/comments?post=31733"}],"version-history":[{"count":0,"href":"https:\/\/thern.com\/de\/wp-json\/wp\/v2\/pages\/31733\/revisions"}],"up":[{"embeddable":true,"href":"https:\/\/thern.com\/de\/wp-json\/wp\/v2\/pages\/32355"}],"wp:attachment":[{"href":"https:\/\/thern.com\/de\/wp-json\/wp\/v2\/media?parent=31733"}],"curies":[{"name":"wp","href":"https:\/\/api.w.org\/{rel}","templated":true}]}}