{"id":31682,"date":"2023-08-24T17:38:00","date_gmt":"2023-08-24T17:38:00","guid":{"rendered":"https:\/\/therninc.wpenginepowered.com\/ropes-and-rigging\/"},"modified":"2023-10-05T19:26:40","modified_gmt":"2023-10-05T19:26:40","slug":"ropes-and-rigging","status":"publish","type":"page","link":"https:\/\/thern.com\/de\/ropes-and-rigging\/","title":{"rendered":"Ropes &#038; Rigging"},"content":{"rendered":"<div class=\"wpb-content-wrapper\"><p>[vc_section full_width=&#8220;stretch_row&#8220; content_placement=&#8220;middle&#8220; css=&#8220;.vc_custom_1692287170022{padding-top: 0px !important;background-image: url(https:\/\/thern.com\/wp-content\/uploads\/2023\/08\/Winch-rental_production.jpg?id=22860) !important;background-position: center !important;background-repeat: no-repeat !important;background-size: cover !important;}&#8220;][vc_row full_width=&#8220;stretch_row&#8220; css=&#8220;.vc_custom_1691686038929{padding-top: 50px !important;padding-bottom: 70px !important;background-color: rgba(0,0,0,0.35) !important;*background-color: rgb(0,0,0) !important;}&#8220;][vc_column][vc_custom_heading text=&#8220;Seile und Takelage&#8220; font_container=&#8220;tag:h1|text_align:left|color:%23ffffff&#8220; use_theme_fonts=&#8220;yes&#8220; css_animation=&#8220;fadeInLeft&#8220;][\/vc_column][\/vc_row][\/vc_section][vc_row full_width=&#8220;stretch_row&#8220; equal_height=&#8220;yes&#8220; content_placement=&#8220;middle&#8220; css=&#8220;.vc_custom_1689180629506{padding-bottom: 35px !important;background-color: #c71a32 !important;}&#8220;][vc_column][vc_custom_heading text=&#8220;Seile und Takelage f\u00fcr Winden und Kr\u00e4ne: Ma\u00dfgeschneidert auf Bestellung&#8220; font_container=&#8220;tag:h2|text_align:left|color:%23ffffff&#8220; use_theme_fonts=&#8220;yes&#8220; css_animation=&#8220;fadeInUp&#8220;][\/vc_column][\/vc_row][vc_row full_width=&#8220;stretch_row&#8220; css=&#8220;.vc_custom_1695324691958{padding-top: 35px !important;}&#8220;][vc_column css_animation=&#8220;fadeInLeft&#8220; width=&#8220;1\/2&#8243;][vc_custom_heading text=&#8220;Vertical Lead Block&#8220; font_container=&#8220;tag:h6|text_align:left|color:%23990000&#8243; use_theme_fonts=&#8220;yes&#8220;][vc_custom_heading text=&#8220;F\u00fcr Seile zwischen 1\/4\u2033 und 1\/2\u2033 Durchmesser&#8220; font_container=&#8220;tag:h4|text_align:left|color:%23990000&#8243; use_theme_fonts=&#8220;yes&#8220;][vc_column_text]Die Redline-Serie wird verwendet, um die Richtung des Seils zu \u00e4ndern, sodass die Winde an einem geeigneten Ort montiert werden kann und der Redline-Bleiblock den Weg des Seils steuert, um Hindernissen auszuweichen, Gefahren zu reduzieren und den Seilverschlei\u00df zu verbessern.[\/vc_column_text][vc_btn title=&#8220;Entdecken Sie die Redline-Serie&#8220; style=&#8220;custom&#8220; custom_background=&#8220;#c71a32&#8243; custom_text=&#8220;#ffffff&#8220; shape=&#8220;square&#8220; size=&#8220;lg&#8220; align=&#8220;left&#8220; i_align=&#8220;right&#8220; i_icon_fontawesome=&#8220;fas fa-angle-right&#8220; add_icon=&#8220;true&#8220; link=&#8220;url:%2Fde%2Fropes-and-rigging%2Fvertical-lead-block%2F|title:Explore%20Vertical%20Lead%20Block&#8220;][\/vc_column][vc_column css_animation=&#8220;fadeInRight&#8220; width=&#8220;1\/2&#8243;][vc_single_image image=&#8220;22835&#8243; img_size=&#8220;full&#8220;][\/vc_column][\/vc_row][vc_row css_animation=&#8220;fadeInUp&#8220;][vc_column][vc_separator border_width=&#8220;2&#8243;][\/vc_column][\/vc_row][vc_row css_animation=&#8220;fadeInUp&#8220; css=&#8220;.vc_custom_1695324727550{padding-top: 35px !important;padding-bottom: 65px !important;}&#8220;][vc_column width=&#8220;1\/3&#8243;][vc_single_image image=&#8220;29746&#8243; img_size=&#8220;full&#8220;][\/vc_column][vc_column width=&#8220;2\/3&#8243;][vc_column_text]Thern bietet Drahtseilbaugruppen an, die speziell f\u00fcr den Einsatz mit unseren Winden und Kr\u00e4nen entwickelt wurden. Dar\u00fcber hinaus bieten wir eine gro\u00dfe Auswahl an Haken und speziellen Endbeschl\u00e4gen an, mit denen wir eine Drahtseilbaugruppe individuell an Ihre Anwendung anpassen k\u00f6nnen.<\/p>\n<p>Ganz gleich, ob Sie Windenseile oder Kranseile, verzinkte Edelstahl- oder Kunststoffseile ben\u00f6tigen, wir helfen Ihnen bei der Auswahl der richtigen Drahtseilkonfektion f\u00fcr Ihre Anforderungen.[\/vc_column_text][vc_custom_heading text=&#8220;Ressourcen&#8220; font_container=&#8220;tag:h6|text_align:left|color:%23990000&#8243; use_theme_fonts=&#8220;yes&#8220;][vc_column_text]<\/p>\n<p style=\"text-align: left;\"><span style=\"color: #990000;\"><a style=\"color: #990000;\" href=\"\/wp-content\/uploads\/2023\/08\/Wire-Rope-Product-Sheet_FMCS-0721.pdf\" target=\"_blank\" rel=\"noopener\">Produktblatt f\u00fcr Drahtseile (FMCS-0721)<\/a><\/span><\/p>\n<p>[\/vc_column_text][vc_btn title=&#8220;Ein Angebot bekommen&#8220; style=&#8220;custom&#8220; custom_background=&#8220;#c71a32&#8243; custom_text=&#8220;#ffffff&#8220; shape=&#8220;square&#8220; size=&#8220;lg&#8220; align=&#8220;left&#8220; i_align=&#8220;right&#8220; i_icon_fontawesome=&#8220;fas fa-angle-right&#8220; add_icon=&#8220;true&#8220; link=&#8220;url:%2Fde%2Fcontact%2F|title:Get%20a%20Quote&#8220;][\/vc_column][\/vc_row]<\/p>\n<\/div>","protected":false},"excerpt":{"rendered":"<p>[vc_section full_width=&#8220;stretch_row&#8220; content_placement=&#8220;middle&#8220; css=&#8220;.vc_custom_1692287170022{padding-top: 0px !important;background-image: url(https:\/\/thern.com\/wp-content\/uploads\/2023\/08\/Winch-rental_production.jpg?id=22860) !important;background-position: center !important;background-repeat: no-repeat !important;background-size: cover !important;}&#8220;][vc_row full_width=&#8220;stretch_row&#8220; css=&#8220;.vc_custom_1691686038929{padding-top: 50px !important;padding-bottom: 70px !important;background-color: rgba(0,0,0,0.35) !important;*background-color: rgb(0,0,0) !important;}&#8220;][vc_column][vc_custom_heading text=&#8220;Seile und Takelage&#8220; font_container=&#8220;tag:h1|text_align:left|color:%23ffffff&#8220; use_theme_fonts=&#8220;yes&#8220; css_animation=&#8220;fadeInLeft&#8220;][\/vc_column][\/vc_row][\/vc_section][vc_row full_width=&#8220;stretch_row&#8220; equal_height=&#8220;yes&#8220; content_placement=&#8220;middle&#8220; css=&#8220;.vc_custom_1689180629506{padding-bottom: 35px !important;background-color: #c71a32 !important;}&#8220;][vc_column][vc_custom_heading text=&#8220;Seile und Takelage f\u00fcr Winden und Kr\u00e4ne: Ma\u00dfgeschneidert auf Bestellung&#8220; font_container=&#8220;tag:h2|text_align:left|color:%23ffffff&#8220; use_theme_fonts=&#8220;yes&#8220; css_animation=&#8220;fadeInUp&#8220;][\/vc_column][\/vc_row][vc_row full_width=&#8220;stretch_row&#8220; css=&#8220;.vc_custom_1695324691958{padding-top: 35px !important;}&#8220;][vc_column &#8230; <a title=\"Ropes &#038; Rigging\" class=\"read-more\" href=\"https:\/\/thern.com\/de\/ropes-and-rigging\/\" aria-label=\"More on Ropes &#038; Rigging\">Read more<\/a><\/p>\n","protected":false},"author":1,"featured_media":0,"parent":0,"menu_order":0,"comment_status":"closed","ping_status":"closed","template":"","meta":{"footnotes":""},"class_list":["post-31682","page","type-page","status-publish"],"yoast_head":"<!-- This site is optimized with the Yoast SEO plugin v27.5 - https:\/\/yoast.com\/product\/yoast-seo-wordpress\/ -->\n<title>Seile und Takelage f\u00fcr Winden und Kr\u00e4ne | Thern\u00ae Winches &amp; Cranes<\/title>\n<meta name=\"description\" content=\"Thern liefert Drahtseil- und Takelagebaugruppen f\u00fcr Winden und Kr\u00e4ne und bietet eine Vielzahl von Haken und speziellen Endbeschl\u00e4gen passend zu Ihrer Anwendung.\" \/>\n<meta name=\"robots\" content=\"index, follow, max-snippet:-1, max-image-preview:large, max-video-preview:-1\" \/>\n<link rel=\"canonical\" href=\"https:\/\/thern.com\/de\/ropes-and-rigging\/\" \/>\n<meta property=\"og:locale\" content=\"de_DE\" \/>\n<meta property=\"og:type\" content=\"article\" \/>\n<meta property=\"og:title\" content=\"Seile und Takelage f\u00fcr Winden und Kr\u00e4ne | Thern\u00ae Winches &amp; Cranes\" \/>\n<meta property=\"og:description\" content=\"Thern liefert Drahtseil- und Takelagebaugruppen f\u00fcr Winden und Kr\u00e4ne und bietet eine Vielzahl von Haken und speziellen Endbeschl\u00e4gen passend zu Ihrer Anwendung.\" \/>\n<meta property=\"og:url\" content=\"https:\/\/thern.com\/de\/ropes-and-rigging\/\" \/>\n<meta property=\"og:site_name\" content=\"Thern\u00ae Winches &amp; Cranes\" \/>\n<meta property=\"article:publisher\" content=\"https:\/\/www.facebook.com\/ThernInc\/\" \/>\n<meta property=\"article:modified_time\" content=\"2023-10-05T19:26:40+00:00\" \/>\n<meta name=\"twitter:card\" content=\"summary_large_image\" \/>\n<meta name=\"twitter:label1\" content=\"Gesch\u00e4tzte Lesezeit\" \/>\n\t<meta name=\"twitter:data1\" content=\"1 Minute\" \/>\n<script type=\"application\/ld+json\" class=\"yoast-schema-graph\">{\"@context\":\"https:\\\/\\\/schema.org\",\"@graph\":[{\"@type\":\"WebPage\",\"@id\":\"https:\\\/\\\/thern.com\\\/de\\\/ropes-and-rigging\\\/\",\"url\":\"https:\\\/\\\/thern.com\\\/de\\\/ropes-and-rigging\\\/\",\"name\":\"Seile und Takelage f\u00fcr Winden und Kr\u00e4ne | Thern\u00ae Winches &amp; Cranes\",\"isPartOf\":{\"@id\":\"https:\\\/\\\/thern.com\\\/de\\\/#website\"},\"datePublished\":\"2023-08-24T17:38:00+00:00\",\"dateModified\":\"2023-10-05T19:26:40+00:00\",\"description\":\"Thern liefert Drahtseil- und Takelagebaugruppen f\u00fcr Winden und Kr\u00e4ne und bietet eine Vielzahl von Haken und speziellen Endbeschl\u00e4gen passend zu Ihrer Anwendung.\",\"breadcrumb\":{\"@id\":\"https:\\\/\\\/thern.com\\\/de\\\/ropes-and-rigging\\\/#breadcrumb\"},\"inLanguage\":\"de-DE\",\"potentialAction\":[{\"@type\":\"ReadAction\",\"target\":[\"https:\\\/\\\/thern.com\\\/de\\\/ropes-and-rigging\\\/\"]}]},{\"@type\":\"BreadcrumbList\",\"@id\":\"https:\\\/\\\/thern.com\\\/de\\\/ropes-and-rigging\\\/#breadcrumb\",\"itemListElement\":[{\"@type\":\"ListItem\",\"position\":1,\"name\":\"Home\",\"item\":\"https:\\\/\\\/thern.com\\\/de\\\/\"},{\"@type\":\"ListItem\",\"position\":2,\"name\":\"Ropes &#038; Rigging\"}]},{\"@type\":\"WebSite\",\"@id\":\"https:\\\/\\\/thern.com\\\/de\\\/#website\",\"url\":\"https:\\\/\\\/thern.com\\\/de\\\/\",\"name\":\"Thern\u00ae Winches &amp; Cranes\",\"description\":\"Leave the Heavy Lifting to Us\",\"publisher\":{\"@id\":\"https:\\\/\\\/thern.com\\\/de\\\/#organization\"},\"potentialAction\":[{\"@type\":\"SearchAction\",\"target\":{\"@type\":\"EntryPoint\",\"urlTemplate\":\"https:\\\/\\\/thern.com\\\/de\\\/?s={search_term_string}\"},\"query-input\":{\"@type\":\"PropertyValueSpecification\",\"valueRequired\":true,\"valueName\":\"search_term_string\"}}],\"inLanguage\":\"de-DE\"},{\"@type\":\"Organization\",\"@id\":\"https:\\\/\\\/thern.com\\\/de\\\/#organization\",\"name\":\"Thern\u00ae Winches &amp; Cranes\",\"url\":\"https:\\\/\\\/thern.com\\\/de\\\/\",\"logo\":{\"@type\":\"ImageObject\",\"inLanguage\":\"de-DE\",\"@id\":\"https:\\\/\\\/thern.com\\\/de\\\/#\\\/schema\\\/logo\\\/image\\\/\",\"url\":\"https:\\\/\\\/thern.com\\\/wp-content\\\/uploads\\\/2023\\\/11\\\/Logo_SaveForWeb-outline-FINAL-01.svg\",\"contentUrl\":\"https:\\\/\\\/thern.com\\\/wp-content\\\/uploads\\\/2023\\\/11\\\/Logo_SaveForWeb-outline-FINAL-01.svg\",\"caption\":\"Thern\u00ae Winches &amp; Cranes\"},\"image\":{\"@id\":\"https:\\\/\\\/thern.com\\\/de\\\/#\\\/schema\\\/logo\\\/image\\\/\"},\"sameAs\":[\"https:\\\/\\\/www.facebook.com\\\/ThernInc\\\/\",\"https:\\\/\\\/www.linkedin.com\\\/company\\\/thern-inc-\\\/\",\"https:\\\/\\\/www.youtube.com\\\/user\\\/ThernStage\"]}]}<\/script>\n<!-- \/ Yoast SEO plugin. -->","yoast_head_json":{"title":"Seile und Takelage f\u00fcr Winden und Kr\u00e4ne | Thern\u00ae Winches &amp; Cranes","description":"Thern liefert Drahtseil- und Takelagebaugruppen f\u00fcr Winden und Kr\u00e4ne und bietet eine Vielzahl von Haken und speziellen Endbeschl\u00e4gen passend zu Ihrer Anwendung.","robots":{"index":"index","follow":"follow","max-snippet":"max-snippet:-1","max-image-preview":"max-image-preview:large","max-video-preview":"max-video-preview:-1"},"canonical":"https:\/\/thern.com\/de\/ropes-and-rigging\/","og_locale":"de_DE","og_type":"article","og_title":"Seile und Takelage f\u00fcr Winden und Kr\u00e4ne | Thern\u00ae Winches &amp; Cranes","og_description":"Thern liefert Drahtseil- und Takelagebaugruppen f\u00fcr Winden und Kr\u00e4ne und bietet eine Vielzahl von Haken und speziellen Endbeschl\u00e4gen passend zu Ihrer Anwendung.","og_url":"https:\/\/thern.com\/de\/ropes-and-rigging\/","og_site_name":"Thern\u00ae Winches &amp; Cranes","article_publisher":"https:\/\/www.facebook.com\/ThernInc\/","article_modified_time":"2023-10-05T19:26:40+00:00","twitter_card":"summary_large_image","twitter_misc":{"Gesch\u00e4tzte Lesezeit":"1 Minute"},"schema":{"@context":"https:\/\/schema.org","@graph":[{"@type":"WebPage","@id":"https:\/\/thern.com\/de\/ropes-and-rigging\/","url":"https:\/\/thern.com\/de\/ropes-and-rigging\/","name":"Seile und Takelage f\u00fcr Winden und Kr\u00e4ne | Thern\u00ae Winches &amp; Cranes","isPartOf":{"@id":"https:\/\/thern.com\/de\/#website"},"datePublished":"2023-08-24T17:38:00+00:00","dateModified":"2023-10-05T19:26:40+00:00","description":"Thern liefert Drahtseil- und Takelagebaugruppen f\u00fcr Winden und Kr\u00e4ne und bietet eine Vielzahl von Haken und speziellen Endbeschl\u00e4gen passend zu Ihrer Anwendung.","breadcrumb":{"@id":"https:\/\/thern.com\/de\/ropes-and-rigging\/#breadcrumb"},"inLanguage":"de-DE","potentialAction":[{"@type":"ReadAction","target":["https:\/\/thern.com\/de\/ropes-and-rigging\/"]}]},{"@type":"BreadcrumbList","@id":"https:\/\/thern.com\/de\/ropes-and-rigging\/#breadcrumb","itemListElement":[{"@type":"ListItem","position":1,"name":"Home","item":"https:\/\/thern.com\/de\/"},{"@type":"ListItem","position":2,"name":"Ropes &#038; Rigging"}]},{"@type":"WebSite","@id":"https:\/\/thern.com\/de\/#website","url":"https:\/\/thern.com\/de\/","name":"Thern\u00ae Winches &amp; Cranes","description":"Leave the Heavy Lifting to Us","publisher":{"@id":"https:\/\/thern.com\/de\/#organization"},"potentialAction":[{"@type":"SearchAction","target":{"@type":"EntryPoint","urlTemplate":"https:\/\/thern.com\/de\/?s={search_term_string}"},"query-input":{"@type":"PropertyValueSpecification","valueRequired":true,"valueName":"search_term_string"}}],"inLanguage":"de-DE"},{"@type":"Organization","@id":"https:\/\/thern.com\/de\/#organization","name":"Thern\u00ae Winches &amp; Cranes","url":"https:\/\/thern.com\/de\/","logo":{"@type":"ImageObject","inLanguage":"de-DE","@id":"https:\/\/thern.com\/de\/#\/schema\/logo\/image\/","url":"https:\/\/thern.com\/wp-content\/uploads\/2023\/11\/Logo_SaveForWeb-outline-FINAL-01.svg","contentUrl":"https:\/\/thern.com\/wp-content\/uploads\/2023\/11\/Logo_SaveForWeb-outline-FINAL-01.svg","caption":"Thern\u00ae Winches &amp; Cranes"},"image":{"@id":"https:\/\/thern.com\/de\/#\/schema\/logo\/image\/"},"sameAs":["https:\/\/www.facebook.com\/ThernInc\/","https:\/\/www.linkedin.com\/company\/thern-inc-\/","https:\/\/www.youtube.com\/user\/ThernStage"]}]}},"_links":{"self":[{"href":"https:\/\/thern.com\/de\/wp-json\/wp\/v2\/pages\/31682","targetHints":{"allow":["GET"]}}],"collection":[{"href":"https:\/\/thern.com\/de\/wp-json\/wp\/v2\/pages"}],"about":[{"href":"https:\/\/thern.com\/de\/wp-json\/wp\/v2\/types\/page"}],"author":[{"embeddable":true,"href":"https:\/\/thern.com\/de\/wp-json\/wp\/v2\/users\/1"}],"replies":[{"embeddable":true,"href":"https:\/\/thern.com\/de\/wp-json\/wp\/v2\/comments?post=31682"}],"version-history":[{"count":0,"href":"https:\/\/thern.com\/de\/wp-json\/wp\/v2\/pages\/31682\/revisions"}],"wp:attachment":[{"href":"https:\/\/thern.com\/de\/wp-json\/wp\/v2\/media?parent=31682"}],"curies":[{"name":"wp","href":"https:\/\/api.w.org\/{rel}","templated":true}]}}