{"id":31634,"date":"2023-08-24T17:30:42","date_gmt":"2023-08-24T17:30:42","guid":{"rendered":"https:\/\/therninc.wpenginepowered.com\/winches\/electric-controls\/"},"modified":"2023-10-05T18:45:22","modified_gmt":"2023-10-05T18:45:22","slug":"electric-controls","status":"publish","type":"page","link":"https:\/\/thern.com\/de\/winches\/electric-controls\/","title":{"rendered":"Control Systems"},"content":{"rendered":"<div class=\"wpb-content-wrapper\"><p>[vc_section full_width=&#8220;stretch_row&#8220; content_placement=&#8220;middle&#8220; css=&#8220;.vc_custom_1692898035275{padding-top: 0px !important;background-image: url(https:\/\/thern.com\/wp-content\/uploads\/2023\/07\/Asset-1.png?id=344) !important;background-position: center !important;background-repeat: no-repeat !important;background-size: cover !important;}&#8220;][vc_row full_width=&#8220;stretch_row&#8220; css=&#8220;.vc_custom_1692898018535{padding-top: 50px !important;padding-bottom: 70px !important;background-color: rgba(0,0,0,0.5) !important;*background-color: rgb(0,0,0) !important;}&#8220;][vc_column][vc_custom_heading text=&#8220;Kontroll systeme&#8220; font_container=&#8220;tag:h1|text_align:left|color:%23ffffff&#8220; use_theme_fonts=&#8220;yes&#8220; css_animation=&#8220;fadeInLeft&#8220;][\/vc_column][\/vc_row][\/vc_section][vc_row full_width=&#8220;stretch_row&#8220; css=&#8220;.vc_custom_1692898264681{padding-top: 35px !important;}&#8220; el_class=&#8220;resource-btn-container&#8220;][vc_column css_animation=&#8220;fadeInUp&#8220;][vc_custom_heading text=&#8220;Thern elektrische Steuerungssysteme f\u00fcr Winden&#8220; font_container=&#8220;tag:h2|text_align:center|color:%23990000&#8243; use_theme_fonts=&#8220;yes&#8220;][vc_column_text]<\/p>\n<p style=\"text-align: center;\">Jedes Projekt ist anders und Thern, Inc. versteht den Wert eines ma\u00dfgeschneiderten Systems. Unter Verwendung ausschlie\u00dflich hochwertiger UL-Komponenten k\u00f6nnen wir ein ma\u00dfgeschneidertes, wertsch\u00f6pfendes Steuerungssystem entwerfen und bauen, das genau Ihren Spezifikationen und Projektanforderungen entspricht.<\/p>\n<p style=\"text-align: center;\">Wir bieten eine Vielzahl von Steuerungsoptionen an, von elektrischen Windenmotorsteuerungen \u00fcber Windenfernsteuerungssysteme bis hin zu Motorsteuerungen mit einer Geschwindigkeit f\u00fcr Winden und Motorsteuerungen mit variabler Geschwindigkeit f\u00fcr Winden. Elektrische Windensteuerungssysteme mit Steuerschaltern und Bedienfeldern, die Ihrem Team die Kontrolle \u00fcber Ihre Abl\u00e4ufe geben.<\/p>\n<p>[\/vc_column_text][\/vc_column][\/vc_row][vc_row full_width=&#8220;stretch_row&#8220; css=&#8220;.vc_custom_1689106296317{padding-top: 35px !important;padding-bottom: 35px !important;}&#8220; el_class=&#8220;resource-btn-container&#8220;][vc_column css_animation=&#8220;fadeInLeft&#8220; width=&#8220;1\/2&#8243;][vc_btn title=&#8220;Motorsteuerung mit einer Geschwindigkeit&#8220; shape=&#8220;square&#8220; color=&#8220;white&#8220; size=&#8220;lg&#8220; align=&#8220;center&#8220; button_block=&#8220;true&#8220; link=&#8220;url:%2Fwp-content%2Fuploads%2F2023%2F08%2FWireless-Controls-Product-Sheet.pdf|title:View%20Single-Speed%20Motor%20Controls|target:_blank&#8220; el_class=&#8220;white-btn&#8220;][vc_btn title=&#8220;Drahtlose Motorsteuerung mit einer Geschwindigkeit&#8220; shape=&#8220;square&#8220; color=&#8220;white&#8220; size=&#8220;lg&#8220; align=&#8220;center&#8220; button_block=&#8220;true&#8220; link=&#8220;url:%2Fwp-content%2Fuploads%2F2023%2F08%2FWireless-Controls-Product-Sheet.pdf|title:View%20Wireless%20Single-Speed%20Motor%20Controls|target:_blank&#8220; el_class=&#8220;white-btn&#8220;][\/vc_column][vc_column css_animation=&#8220;fadeInRight&#8220; width=&#8220;1\/2&#8243;][vc_btn title=&#8220;Motorsteuerung mit variabler Geschwindigkeit&#8220; shape=&#8220;square&#8220; color=&#8220;white&#8220; size=&#8220;lg&#8220; align=&#8220;center&#8220; button_block=&#8220;true&#8220; link=&#8220;url:%2Fwp-content%2Fuploads%2F2023%2F08%2FWireless-Controls-Product-Sheet.pdf|title:View%20Variable-Speed%20Motor%20Controls|target:_blank&#8220; el_class=&#8220;white-btn&#8220;][vc_btn title=&#8220;Kundenspezifische Steuerungssysteme&#8220; shape=&#8220;square&#8220; color=&#8220;white&#8220; size=&#8220;lg&#8220; align=&#8220;center&#8220; button_block=&#8220;true&#8220; link=&#8220;url:%2Fwp-content%2Fuploads%2F2023%2F08%2FWireless-Controls-Product-Sheet.pdf|title:View%20Custom%20Control%20Systems|target:_blank&#8220; el_class=&#8220;white-btn&#8220;][\/vc_column][\/vc_row]<\/p>\n<\/div>","protected":false},"excerpt":{"rendered":"<p>[vc_section full_width=&#8220;stretch_row&#8220; content_placement=&#8220;middle&#8220; css=&#8220;.vc_custom_1692898035275{padding-top: 0px !important;background-image: url(https:\/\/thern.com\/wp-content\/uploads\/2023\/07\/Asset-1.png?id=344) !important;background-position: center !important;background-repeat: no-repeat !important;background-size: cover !important;}&#8220;][vc_row full_width=&#8220;stretch_row&#8220; css=&#8220;.vc_custom_1692898018535{padding-top: 50px !important;padding-bottom: 70px !important;background-color: rgba(0,0,0,0.5) !important;*background-color: rgb(0,0,0) !important;}&#8220;][vc_column][vc_custom_heading text=&#8220;Kontroll systeme&#8220; font_container=&#8220;tag:h1|text_align:left|color:%23ffffff&#8220; use_theme_fonts=&#8220;yes&#8220; css_animation=&#8220;fadeInLeft&#8220;][\/vc_column][\/vc_row][\/vc_section][vc_row full_width=&#8220;stretch_row&#8220; css=&#8220;.vc_custom_1692898264681{padding-top: 35px !important;}&#8220; el_class=&#8220;resource-btn-container&#8220;][vc_column css_animation=&#8220;fadeInUp&#8220;][vc_custom_heading text=&#8220;Thern elektrische Steuerungssysteme f\u00fcr Winden&#8220; font_container=&#8220;tag:h2|text_align:center|color:%23990000&#8243; use_theme_fonts=&#8220;yes&#8220;][vc_column_text] Jedes Projekt ist anders und Thern, Inc. versteht den Wert eines ma\u00dfgeschneiderten Systems. &#8230; <a title=\"Control Systems\" class=\"read-more\" href=\"https:\/\/thern.com\/de\/winches\/electric-controls\/\" aria-label=\"More on Control Systems\">Read more<\/a><\/p>\n","protected":false},"author":1,"featured_media":0,"parent":30940,"menu_order":0,"comment_status":"closed","ping_status":"closed","template":"","meta":{"footnotes":""},"class_list":["post-31634","page","type-page","status-publish"],"yoast_head":"<!-- This site is optimized with the Yoast SEO plugin v27.3 - https:\/\/yoast.com\/product\/yoast-seo-wordpress\/ -->\n<title>Elektrische Steuerungssysteme f\u00fcr Winden | Thern\u00ae Winches &amp; Cranes<\/title>\n<meta name=\"description\" content=\"Thern bietet elektrische Windenmotorsteuerungen, Windenfernsteuerungssysteme sowie Motorsteuerungen mit Einzel- und variabler Geschwindigkeit f\u00fcr Winden.\" \/>\n<meta name=\"robots\" content=\"index, follow, max-snippet:-1, max-image-preview:large, max-video-preview:-1\" \/>\n<link rel=\"canonical\" href=\"https:\/\/thern.com\/de\/winches\/electric-controls\/\" \/>\n<meta property=\"og:locale\" content=\"de_DE\" \/>\n<meta property=\"og:type\" content=\"article\" \/>\n<meta property=\"og:title\" content=\"Elektrische Steuerungssysteme f\u00fcr Winden | Thern\u00ae Winches &amp; Cranes\" \/>\n<meta property=\"og:description\" content=\"Thern bietet elektrische Windenmotorsteuerungen, Windenfernsteuerungssysteme sowie Motorsteuerungen mit Einzel- und variabler Geschwindigkeit f\u00fcr Winden.\" \/>\n<meta property=\"og:url\" content=\"https:\/\/thern.com\/de\/winches\/electric-controls\/\" \/>\n<meta property=\"og:site_name\" content=\"Thern\u00ae Winches &amp; Cranes\" \/>\n<meta property=\"article:publisher\" content=\"https:\/\/www.facebook.com\/ThernInc\/\" \/>\n<meta property=\"article:modified_time\" content=\"2023-10-05T18:45:22+00:00\" \/>\n<meta name=\"twitter:card\" content=\"summary_large_image\" \/>\n<meta name=\"twitter:label1\" content=\"Gesch\u00e4tzte Lesezeit\" \/>\n\t<meta name=\"twitter:data1\" content=\"1 Minute\" \/>\n<script type=\"application\/ld+json\" class=\"yoast-schema-graph\">{\"@context\":\"https:\\\/\\\/schema.org\",\"@graph\":[{\"@type\":\"WebPage\",\"@id\":\"https:\\\/\\\/thern.com\\\/de\\\/winches\\\/electric-controls\\\/\",\"url\":\"https:\\\/\\\/thern.com\\\/de\\\/winches\\\/electric-controls\\\/\",\"name\":\"Elektrische Steuerungssysteme f\u00fcr Winden | Thern\u00ae Winches &amp; Cranes\",\"isPartOf\":{\"@id\":\"https:\\\/\\\/thern.com\\\/de\\\/#website\"},\"datePublished\":\"2023-08-24T17:30:42+00:00\",\"dateModified\":\"2023-10-05T18:45:22+00:00\",\"description\":\"Thern bietet elektrische Windenmotorsteuerungen, Windenfernsteuerungssysteme sowie Motorsteuerungen mit Einzel- und variabler Geschwindigkeit f\u00fcr Winden.\",\"breadcrumb\":{\"@id\":\"https:\\\/\\\/thern.com\\\/de\\\/winches\\\/electric-controls\\\/#breadcrumb\"},\"inLanguage\":\"de-DE\",\"potentialAction\":[{\"@type\":\"ReadAction\",\"target\":[\"https:\\\/\\\/thern.com\\\/de\\\/winches\\\/electric-controls\\\/\"]}]},{\"@type\":\"BreadcrumbList\",\"@id\":\"https:\\\/\\\/thern.com\\\/de\\\/winches\\\/electric-controls\\\/#breadcrumb\",\"itemListElement\":[{\"@type\":\"ListItem\",\"position\":1,\"name\":\"Home\",\"item\":\"https:\\\/\\\/thern.com\\\/de\\\/\"},{\"@type\":\"ListItem\",\"position\":2,\"name\":\"Winches\",\"item\":\"https:\\\/\\\/thern.com\\\/de\\\/winches\\\/\"},{\"@type\":\"ListItem\",\"position\":3,\"name\":\"Control Systems\"}]},{\"@type\":\"WebSite\",\"@id\":\"https:\\\/\\\/thern.com\\\/de\\\/#website\",\"url\":\"https:\\\/\\\/thern.com\\\/de\\\/\",\"name\":\"Thern\u00ae Winches &amp; Cranes\",\"description\":\"Leave the Heavy Lifting to Us\",\"publisher\":{\"@id\":\"https:\\\/\\\/thern.com\\\/de\\\/#organization\"},\"potentialAction\":[{\"@type\":\"SearchAction\",\"target\":{\"@type\":\"EntryPoint\",\"urlTemplate\":\"https:\\\/\\\/thern.com\\\/de\\\/?s={search_term_string}\"},\"query-input\":{\"@type\":\"PropertyValueSpecification\",\"valueRequired\":true,\"valueName\":\"search_term_string\"}}],\"inLanguage\":\"de-DE\"},{\"@type\":\"Organization\",\"@id\":\"https:\\\/\\\/thern.com\\\/de\\\/#organization\",\"name\":\"Thern\u00ae Winches &amp; Cranes\",\"url\":\"https:\\\/\\\/thern.com\\\/de\\\/\",\"logo\":{\"@type\":\"ImageObject\",\"inLanguage\":\"de-DE\",\"@id\":\"https:\\\/\\\/thern.com\\\/de\\\/#\\\/schema\\\/logo\\\/image\\\/\",\"url\":\"https:\\\/\\\/thern.com\\\/wp-content\\\/uploads\\\/2023\\\/11\\\/Logo_SaveForWeb-outline-FINAL-01.svg\",\"contentUrl\":\"https:\\\/\\\/thern.com\\\/wp-content\\\/uploads\\\/2023\\\/11\\\/Logo_SaveForWeb-outline-FINAL-01.svg\",\"caption\":\"Thern\u00ae Winches &amp; Cranes\"},\"image\":{\"@id\":\"https:\\\/\\\/thern.com\\\/de\\\/#\\\/schema\\\/logo\\\/image\\\/\"},\"sameAs\":[\"https:\\\/\\\/www.facebook.com\\\/ThernInc\\\/\",\"https:\\\/\\\/www.linkedin.com\\\/company\\\/thern-inc-\\\/\",\"https:\\\/\\\/www.youtube.com\\\/user\\\/ThernStage\"]}]}<\/script>\n<!-- \/ Yoast SEO plugin. -->","yoast_head_json":{"title":"Elektrische Steuerungssysteme f\u00fcr Winden | Thern\u00ae Winches &amp; Cranes","description":"Thern bietet elektrische Windenmotorsteuerungen, Windenfernsteuerungssysteme sowie Motorsteuerungen mit Einzel- und variabler Geschwindigkeit f\u00fcr Winden.","robots":{"index":"index","follow":"follow","max-snippet":"max-snippet:-1","max-image-preview":"max-image-preview:large","max-video-preview":"max-video-preview:-1"},"canonical":"https:\/\/thern.com\/de\/winches\/electric-controls\/","og_locale":"de_DE","og_type":"article","og_title":"Elektrische Steuerungssysteme f\u00fcr Winden | Thern\u00ae Winches &amp; Cranes","og_description":"Thern bietet elektrische Windenmotorsteuerungen, Windenfernsteuerungssysteme sowie Motorsteuerungen mit Einzel- und variabler Geschwindigkeit f\u00fcr Winden.","og_url":"https:\/\/thern.com\/de\/winches\/electric-controls\/","og_site_name":"Thern\u00ae Winches &amp; Cranes","article_publisher":"https:\/\/www.facebook.com\/ThernInc\/","article_modified_time":"2023-10-05T18:45:22+00:00","twitter_card":"summary_large_image","twitter_misc":{"Gesch\u00e4tzte Lesezeit":"1 Minute"},"schema":{"@context":"https:\/\/schema.org","@graph":[{"@type":"WebPage","@id":"https:\/\/thern.com\/de\/winches\/electric-controls\/","url":"https:\/\/thern.com\/de\/winches\/electric-controls\/","name":"Elektrische Steuerungssysteme f\u00fcr Winden | Thern\u00ae Winches &amp; Cranes","isPartOf":{"@id":"https:\/\/thern.com\/de\/#website"},"datePublished":"2023-08-24T17:30:42+00:00","dateModified":"2023-10-05T18:45:22+00:00","description":"Thern bietet elektrische Windenmotorsteuerungen, Windenfernsteuerungssysteme sowie Motorsteuerungen mit Einzel- und variabler Geschwindigkeit f\u00fcr Winden.","breadcrumb":{"@id":"https:\/\/thern.com\/de\/winches\/electric-controls\/#breadcrumb"},"inLanguage":"de-DE","potentialAction":[{"@type":"ReadAction","target":["https:\/\/thern.com\/de\/winches\/electric-controls\/"]}]},{"@type":"BreadcrumbList","@id":"https:\/\/thern.com\/de\/winches\/electric-controls\/#breadcrumb","itemListElement":[{"@type":"ListItem","position":1,"name":"Home","item":"https:\/\/thern.com\/de\/"},{"@type":"ListItem","position":2,"name":"Winches","item":"https:\/\/thern.com\/de\/winches\/"},{"@type":"ListItem","position":3,"name":"Control Systems"}]},{"@type":"WebSite","@id":"https:\/\/thern.com\/de\/#website","url":"https:\/\/thern.com\/de\/","name":"Thern\u00ae Winches &amp; Cranes","description":"Leave the Heavy Lifting to Us","publisher":{"@id":"https:\/\/thern.com\/de\/#organization"},"potentialAction":[{"@type":"SearchAction","target":{"@type":"EntryPoint","urlTemplate":"https:\/\/thern.com\/de\/?s={search_term_string}"},"query-input":{"@type":"PropertyValueSpecification","valueRequired":true,"valueName":"search_term_string"}}],"inLanguage":"de-DE"},{"@type":"Organization","@id":"https:\/\/thern.com\/de\/#organization","name":"Thern\u00ae Winches &amp; Cranes","url":"https:\/\/thern.com\/de\/","logo":{"@type":"ImageObject","inLanguage":"de-DE","@id":"https:\/\/thern.com\/de\/#\/schema\/logo\/image\/","url":"https:\/\/thern.com\/wp-content\/uploads\/2023\/11\/Logo_SaveForWeb-outline-FINAL-01.svg","contentUrl":"https:\/\/thern.com\/wp-content\/uploads\/2023\/11\/Logo_SaveForWeb-outline-FINAL-01.svg","caption":"Thern\u00ae Winches &amp; Cranes"},"image":{"@id":"https:\/\/thern.com\/de\/#\/schema\/logo\/image\/"},"sameAs":["https:\/\/www.facebook.com\/ThernInc\/","https:\/\/www.linkedin.com\/company\/thern-inc-\/","https:\/\/www.youtube.com\/user\/ThernStage"]}]}},"_links":{"self":[{"href":"https:\/\/thern.com\/de\/wp-json\/wp\/v2\/pages\/31634","targetHints":{"allow":["GET"]}}],"collection":[{"href":"https:\/\/thern.com\/de\/wp-json\/wp\/v2\/pages"}],"about":[{"href":"https:\/\/thern.com\/de\/wp-json\/wp\/v2\/types\/page"}],"author":[{"embeddable":true,"href":"https:\/\/thern.com\/de\/wp-json\/wp\/v2\/users\/1"}],"replies":[{"embeddable":true,"href":"https:\/\/thern.com\/de\/wp-json\/wp\/v2\/comments?post=31634"}],"version-history":[{"count":0,"href":"https:\/\/thern.com\/de\/wp-json\/wp\/v2\/pages\/31634\/revisions"}],"up":[{"embeddable":true,"href":"https:\/\/thern.com\/de\/wp-json\/wp\/v2\/pages\/30940"}],"wp:attachment":[{"href":"https:\/\/thern.com\/de\/wp-json\/wp\/v2\/media?parent=31634"}],"curies":[{"name":"wp","href":"https:\/\/api.w.org\/{rel}","templated":true}]}}