{"id":31577,"date":"2023-08-17T14:16:24","date_gmt":"2023-08-17T14:16:24","guid":{"rendered":"https:\/\/therninc.wpenginepowered.com\/captain-4000\/"},"modified":"2023-10-05T17:36:41","modified_gmt":"2023-10-05T17:36:41","slug":"captain-4000","status":"publish","type":"page","link":"https:\/\/thern.com\/de\/cranes\/stationary-davit-cranes\/captain-4000\/","title":{"rendered":"Captain 4000"},"content":{"rendered":"<div class=\"wpb-content-wrapper\"><p>[vc_section full_width=&#8220;stretch_row&#8220; content_placement=&#8220;middle&#8220; css=&#8220;.vc_custom_1692043564683{padding-top: 0px !important;background-image: url(https:\/\/thern.com\/wp-content\/uploads\/2023\/08\/Thern_Thern-Advantage-Difference.jpg?id=22385) !important;background-position: center !important;background-repeat: no-repeat !important;background-size: cover !important;}&#8220;][vc_row full_width=&#8220;stretch_row&#8220; css=&#8220;.vc_custom_1691686038929{padding-top: 50px !important;padding-bottom: 70px !important;background-color: rgba(0,0,0,0.35) !important;*background-color: rgb(0,0,0) !important;}&#8220;][vc_column][vc_custom_heading text=&#8220;5FT40 Captain<sup>\u00ae<\/sup> 4000 Serie&#8220; font_container=&#8220;tag:h1|text_align:left|color:%23ffffff&#8220; use_theme_fonts=&#8220;yes&#8220; css_animation=&#8220;fadeInLeft&#8220;][\/vc_column][\/vc_row][\/vc_section][vc_row full_width=&#8220;stretch_row&#8220; css=&#8220;.vc_custom_1694118975059{padding-top: 65px !important;padding-bottom: 35px !important;}&#8220; el_id=&#8220;crane-details&#8220;][vc_column css_animation=&#8220;fadeInLeft&#8220; width=&#8220;1\/2&#8243;][vc_column_text]Der station\u00e4re Davitkran Captain 4000 ist f\u00fcr die dauerhafte Installation und reibungslose Rotation konzipiert und kann schwere Lasten bis zu 2.500 kg (5.500 Pfund) bew\u00e4ltigen. Er verf\u00fcgt \u00fcber eine erweiterte Reichweite von 10 Fu\u00df sowie eine maximale Hakenh\u00f6he von 12 Fu\u00df. Dieser Kran eignet sich perfekt f\u00fcr Windenergie-, Schifffahrts-, Bau-, Wasser-\/Abwasser- sowie \u00d6l- und Gasanwendungen.[\/vc_column_text][vc_raw_html]JTNDYnV0dG9uJTIwaWQlM0QlMjJjb25maWd1cmUtY3JhbmUlMjIlM0VLcmFuJTIwa29uZmlndXJpZXJlbiUzQyUyRmJ1dHRvbiUzRQ==[\/vc_raw_html][vc_custom_heading text=&#8220;Schnelle Fakten&#8220; font_container=&#8220;tag:h4|text_align:left|color:%23000000&#8243; use_theme_fonts=&#8220;yes&#8220;][vc_column_text]<\/p>\n<ul>\n<li>Massive Hebekraft bis zu 2.500 kg (5.500 Pfund)<\/li>\n<li>Manueller, bohrantriebsbetriebener, elektrischer, hydraulischer oder pneumatischer Betrieb<\/li>\n<li>Der neue integrierte Schwenkantrieb erm\u00f6glicht eine sanfte und einfache Drehung um 360\u00b0<\/li>\n<li>Erh\u00e4ltlich in drei Ausf\u00fchrungen<\/li>\n<li>Optionales Paket zur hydraulischen Auslegerverstellung<\/li>\n<li>Branchenf\u00fchrende Garantie<\/li>\n<\/ul>\n<p>[\/vc_column_text][vc_custom_heading text=&#8220;Serienmodelle&#8220; font_container=&#8220;tag:h4|text_align:left|color:%23000000&#8243; use_theme_fonts=&#8220;yes&#8220;][vc_column_text]<\/p>\n<ul>\n<li>5FT20<\/li>\n<li>5FT25<\/li>\n<li>5FT40<\/li>\n<li>5FT40H<\/li>\n<\/ul>\n<p>[\/vc_column_text][vc_custom_heading text=&#8220;Ben\u00f6tigen Sie ein Angebot?&#8220; font_container=&#8220;tag:h4|text_align:left|color:%23000000&#8243; use_theme_fonts=&#8220;yes&#8220;][vc_column_text]Wenn Sie nicht sicher sind, welches Produkt Sie ben\u00f6tigen und ein Angebot w\u00fcnschen, f\u00fcllen Sie bitte ein Anfrageformular aus.[\/vc_column_text][vc_btn title=&#8220;Ein Angebot bekommen&#8220; style=&#8220;custom&#8220; custom_background=&#8220;#c71a32&#8243; custom_text=&#8220;#ffffff&#8220; shape=&#8220;square&#8220; size=&#8220;lg&#8220; align=&#8220;left&#8220; i_align=&#8220;right&#8220; i_icon_fontawesome=&#8220;fas fa-angle-right&#8220; add_icon=&#8220;true&#8220; link=&#8220;url:%2Fde%2Fcontact%2F%3Fquery_type%3Dcrane-inquiry|title:Crane%20Inquiry&#8220;][\/vc_column][vc_column css_animation=&#8220;fadeInRight&#8220; width=&#8220;1\/2&#8243;][vc_single_image image=&#8220;22817&#8243; img_size=&#8220;full&#8220; alignment=&#8220;center&#8220;][vc_row_inner][vc_column_inner width=&#8220;1\/4&#8243;][vc_single_image image=&#8220;22667&#8243; img_size=&#8220;full&#8220;][\/vc_column_inner][vc_column_inner width=&#8220;3\/4&#8243;][vc_column_text]<em><strong>Captain 4000<\/strong> \u2014 Kranmodell 5FT40-E2.<\/em>[\/vc_column_text][\/vc_column_inner][\/vc_row_inner][\/vc_column][\/vc_row][vc_row css_animation=&#8220;fadeInUp&#8220;][vc_column][vc_raw_html]JTVCY29tbWFuZGVyJTIwc2VyaWVzJTNEJTIyY2FwdGFpbi00MDAwJTIyJTVE[\/vc_raw_html][vc_separator border_width=&#8220;2&#8243;][\/vc_column][\/vc_row][vc_row css_animation=&#8220;fadeInUp&#8220; css=&#8220;.vc_custom_1695054238387{padding-top: 35px !important;padding-bottom: 35px !important;}&#8220;][vc_column][vc_tta_tabs section_title_tag=&#8220;p&#8220; shape=&#8220;square&#8220; color=&#8220;white&#8220; spacing=&#8220;3&#8243; active_section=&#8220;1&#8243; el_class=&#8220;product-table&#8220;][vc_tta_section title=&#8220;Configurations&#8220; tab_id=&#8220;1692039789424-f80bec7a-17bd&#8220;][vc_single_image image=&#8220;30855&#8243; img_size=&#8220;full&#8220; alignment=&#8220;center&#8220; onclick=&#8220;img_link_large&#8220;][vc_single_image image=&#8220;30849&#8243; img_size=&#8220;full&#8220; alignment=&#8220;center&#8220; onclick=&#8220;img_link_large&#8220;][\/vc_tta_section][vc_tta_section title=&#8220;Features&#8220; tab_id=&#8220;1692207850226-d4d67dc2-b36d&#8220;][vc_raw_html]JTVCc3BfZWFzeWFjY29yZGlvbiUyMGlkJTNEJTIyMjI4MTklMjIlNUQ=[\/vc_raw_html][\/vc_tta_section][vc_tta_section title=&#8220;Performance Specs&#8220; tab_id=&#8220;1692039789431-ca69a18a-2782&#8243;][vc_single_image image=&#8220;28516&#8243; img_size=&#8220;full&#8220; alignment=&#8220;center&#8220; onclick=&#8220;img_link_large&#8220;][vc_single_image image=&#8220;29367&#8243; img_size=&#8220;full&#8220; alignment=&#8220;center&#8220; onclick=&#8220;img_link_large&#8220;][\/vc_tta_section][vc_tta_section title=&#8220;Accessories\/Options&#8220; tab_id=&#8220;1692039948045-056967c6-6c73&#8243;][vc_raw_html]JTVCc3BfZWFzeWFjY29yZGlvbiUyMGlkJTNEJTIyMjI4MjElMjIlNUQ=[\/vc_raw_html][\/vc_tta_section][vc_tta_section title=&#8220;Resources&#8220; tab_id=&#8220;1692039964442-bee59ceb-d9fb&#8220;][vc_column_text]<\/p>\n<h4>Owner&#8217;s Manual<\/h4>\n<p><a href=\"\/wp-content\/uploads\/2023\/08\/A27607-A-1120_5FT40series-V2.pdf\" target=\"_blank\" rel=\"noopener\">5FT40 Captain Davit Crane (A27607-A-1120)<\/a><\/p>\n<h4>Product Sheet<\/h4>\n<p><a href=\"\/wp-content\/uploads\/2023\/08\/Captain-4000-5FT40-Davit-Crane-Product-Sheet_PS5FT40-A-0221.pdf\" target=\"_blank\" rel=\"noopener\">Captain 4000 5FT40 Davit Crane Product Sheet (PS5FT40-A-0221)<\/a><\/p>\n<h4>At A Glance<\/h4>\n<p><a href=\"\/wp-content\/uploads\/2023\/08\/Thern-Davit-Cranes-at-a-Glance_DAAG-A-0221.pdf\" target=\"_blank\" rel=\"noopener\">Thern Davit Cranes At A Glance<\/a><\/p>\n<h4>Industrial Brochure<\/h4>\n<p><a href=\"\/wp-content\/uploads\/2023\/08\/Thern-Industrial-Brochure_BRIN-A-0221.pdf\" target=\"_blank\" rel=\"noopener\">Thern Industrial Brochure (BRIN-A-0221)<\/a>[\/vc_column_text][\/vc_tta_section][\/vc_tta_tabs][\/vc_column][\/vc_row][vc_row full_width=&#8220;stretch_row&#8220; css=&#8220;.vc_custom_1692043286515{padding-top: 35px !important;padding-bottom: 65px !important;background-color: #ececec !important;}&#8220; el_class=&#8220;frequently-paired-with&#8220;][vc_column][vc_custom_heading text=&#8220;H\u00e4ufig gepaart mit&#8220; font_container=&#8220;tag:h2|text_align:center|color:%23000000&#8243; use_theme_fonts=&#8220;yes&#8220; css_animation=&#8220;fadeInUp&#8220; css=&#8220;.vc_custom_1696347013041{padding-bottom: 35px !important;}&#8220;][\/vc_column][vc_column css_animation=&#8220;fadeInUp&#8220; width=&#8220;1\/3&#8243;][vc_single_image image=&#8220;22695&#8243; img_size=&#8220;full&#8220; alignment=&#8220;center&#8220; onclick=&#8220;custom_link&#8220; link=&#8220;\/de\/custom-engineering-services\/&#8220;][vc_custom_heading text=&#8220;Kundenspezifische Kr\u00e4ne und Winden&#8220; font_container=&#8220;tag:h4|text_align:center|color:%23000000&#8243; use_theme_fonts=&#8220;yes&#8220;][\/vc_column][vc_column css_animation=&#8220;fadeInUp&#8220; width=&#8220;1\/3&#8243;][vc_single_image image=&#8220;22696&#8243; img_size=&#8220;full&#8220; alignment=&#8220;center&#8220; onclick=&#8220;custom_link&#8220; link=&#8220;\/de\/winches\/electric-controls\/&#8220;][vc_custom_heading text=&#8220;Elektrische Steuerungen&#8220; font_container=&#8220;tag:h4|text_align:center|color:%23000000&#8243; use_theme_fonts=&#8220;yes&#8220;][\/vc_column][vc_column css_animation=&#8220;fadeInUp&#8220; width=&#8220;1\/3&#8243;][vc_single_image image=&#8220;22697&#8243; img_size=&#8220;full&#8220; alignment=&#8220;center&#8220; onclick=&#8220;custom_link&#8220; link=&#8220;\/de\/ropes-and-rigging\/&#8220;][vc_custom_heading text=&#8220;Drahtseilbaugruppen&#8220; font_container=&#8220;tag:h4|text_align:center|color:%23000000&#8243; use_theme_fonts=&#8220;yes&#8220;][\/vc_column][\/vc_row]<\/p>\n<\/div>","protected":false},"excerpt":{"rendered":"<p>[vc_section full_width=&#8220;stretch_row&#8220; content_placement=&#8220;middle&#8220; css=&#8220;.vc_custom_1692043564683{padding-top: 0px !important;background-image: url(https:\/\/thern.com\/wp-content\/uploads\/2023\/08\/Thern_Thern-Advantage-Difference.jpg?id=22385) !important;background-position: center !important;background-repeat: no-repeat !important;background-size: cover !important;}&#8220;][vc_row full_width=&#8220;stretch_row&#8220; css=&#8220;.vc_custom_1691686038929{padding-top: 50px !important;padding-bottom: 70px !important;background-color: rgba(0,0,0,0.35) !important;*background-color: rgb(0,0,0) !important;}&#8220;][vc_column][vc_custom_heading text=&#8220;5FT40 Captain\u00ae 4000 Serie&#8220; font_container=&#8220;tag:h1|text_align:left|color:%23ffffff&#8220; use_theme_fonts=&#8220;yes&#8220; css_animation=&#8220;fadeInLeft&#8220;][\/vc_column][\/vc_row][\/vc_section][vc_row full_width=&#8220;stretch_row&#8220; css=&#8220;.vc_custom_1694118975059{padding-top: 65px !important;padding-bottom: 35px !important;}&#8220; el_id=&#8220;crane-details&#8220;][vc_column css_animation=&#8220;fadeInLeft&#8220; width=&#8220;1\/2&#8243;][vc_column_text]Der station\u00e4re Davitkran Captain 4000 ist f\u00fcr die dauerhafte Installation und reibungslose Rotation konzipiert und kann &#8230; <a title=\"Captain 4000\" class=\"read-more\" href=\"https:\/\/thern.com\/de\/cranes\/stationary-davit-cranes\/captain-4000\/\" aria-label=\"More on Captain 4000\">Read more<\/a><\/p>\n","protected":false},"author":1,"featured_media":0,"parent":32328,"menu_order":0,"comment_status":"closed","ping_status":"closed","template":"","meta":{"footnotes":""},"class_list":["post-31577","page","type-page","status-publish"],"yoast_head":"<!-- This site is optimized with the Yoast SEO plugin v27.4 - https:\/\/yoast.com\/product\/yoast-seo-wordpress\/ -->\n<title>Station\u00e4rer Kran Captain 4000 | Thern\u00ae Winches &amp; Cranes<\/title>\n<meta name=\"description\" content=\"Der station\u00e4re Davitkran CAPTAIN 4000 von Thern bietet hervorragende Hebe- und Positionierungsm\u00f6glichkeiten und wird mit Stolz in den USA hergestellt. Sehen Sie sich die Kranspezifikationen an oder fordern Sie ein Angebot an!\" \/>\n<meta name=\"robots\" content=\"index, follow, max-snippet:-1, max-image-preview:large, max-video-preview:-1\" \/>\n<link rel=\"canonical\" href=\"https:\/\/thern.com\/de\/cranes\/stationary-davit-cranes\/captain-4000\/\" \/>\n<meta property=\"og:locale\" content=\"de_DE\" \/>\n<meta property=\"og:type\" content=\"article\" \/>\n<meta property=\"og:title\" content=\"Station\u00e4rer Kran Captain 4000 | Thern\u00ae Winches &amp; Cranes\" \/>\n<meta property=\"og:description\" content=\"Der station\u00e4re Davitkran CAPTAIN 4000 von Thern bietet hervorragende Hebe- und Positionierungsm\u00f6glichkeiten und wird mit Stolz in den USA hergestellt. Sehen Sie sich die Kranspezifikationen an oder fordern Sie ein Angebot an!\" \/>\n<meta property=\"og:url\" content=\"https:\/\/thern.com\/de\/cranes\/stationary-davit-cranes\/captain-4000\/\" \/>\n<meta property=\"og:site_name\" content=\"Thern\u00ae Winches &amp; Cranes\" \/>\n<meta property=\"article:publisher\" content=\"https:\/\/www.facebook.com\/ThernInc\/\" \/>\n<meta property=\"article:modified_time\" content=\"2023-10-05T17:36:41+00:00\" \/>\n<meta name=\"twitter:card\" content=\"summary_large_image\" \/>\n<meta name=\"twitter:label1\" content=\"Gesch\u00e4tzte Lesezeit\" \/>\n\t<meta name=\"twitter:data1\" content=\"2 Minuten\" \/>\n<script type=\"application\/ld+json\" class=\"yoast-schema-graph\">{\"@context\":\"https:\\\/\\\/schema.org\",\"@graph\":[{\"@type\":\"WebPage\",\"@id\":\"https:\\\/\\\/thern.com\\\/de\\\/cranes\\\/stationary-davit-cranes\\\/captain-4000\\\/\",\"url\":\"https:\\\/\\\/thern.com\\\/de\\\/cranes\\\/stationary-davit-cranes\\\/captain-4000\\\/\",\"name\":\"Station\u00e4rer Kran Captain 4000 | Thern\u00ae Winches &amp; Cranes\",\"isPartOf\":{\"@id\":\"https:\\\/\\\/thern.com\\\/de\\\/#website\"},\"datePublished\":\"2023-08-17T14:16:24+00:00\",\"dateModified\":\"2023-10-05T17:36:41+00:00\",\"description\":\"Der station\u00e4re Davitkran CAPTAIN 4000 von Thern bietet hervorragende Hebe- und Positionierungsm\u00f6glichkeiten und wird mit Stolz in den USA hergestellt. Sehen Sie sich die Kranspezifikationen an oder fordern Sie ein Angebot an!\",\"breadcrumb\":{\"@id\":\"https:\\\/\\\/thern.com\\\/de\\\/cranes\\\/stationary-davit-cranes\\\/captain-4000\\\/#breadcrumb\"},\"inLanguage\":\"de-DE\",\"potentialAction\":[{\"@type\":\"ReadAction\",\"target\":[\"https:\\\/\\\/thern.com\\\/de\\\/cranes\\\/stationary-davit-cranes\\\/captain-4000\\\/\"]}]},{\"@type\":\"BreadcrumbList\",\"@id\":\"https:\\\/\\\/thern.com\\\/de\\\/cranes\\\/stationary-davit-cranes\\\/captain-4000\\\/#breadcrumb\",\"itemListElement\":[{\"@type\":\"ListItem\",\"position\":1,\"name\":\"Home\",\"item\":\"https:\\\/\\\/thern.com\\\/de\\\/\"},{\"@type\":\"ListItem\",\"position\":2,\"name\":\"Cranes\",\"item\":\"https:\\\/\\\/thern.com\\\/de\\\/cranes\\\/\"},{\"@type\":\"ListItem\",\"position\":3,\"name\":\"Stationary Davit Cranes\",\"item\":\"https:\\\/\\\/thern.com\\\/de\\\/cranes\\\/stationary-davit-cranes\\\/\"},{\"@type\":\"ListItem\",\"position\":4,\"name\":\"Captain 4000\"}]},{\"@type\":\"WebSite\",\"@id\":\"https:\\\/\\\/thern.com\\\/de\\\/#website\",\"url\":\"https:\\\/\\\/thern.com\\\/de\\\/\",\"name\":\"Thern\u00ae Winches &amp; Cranes\",\"description\":\"Leave the Heavy Lifting to Us\",\"publisher\":{\"@id\":\"https:\\\/\\\/thern.com\\\/de\\\/#organization\"},\"potentialAction\":[{\"@type\":\"SearchAction\",\"target\":{\"@type\":\"EntryPoint\",\"urlTemplate\":\"https:\\\/\\\/thern.com\\\/de\\\/?s={search_term_string}\"},\"query-input\":{\"@type\":\"PropertyValueSpecification\",\"valueRequired\":true,\"valueName\":\"search_term_string\"}}],\"inLanguage\":\"de-DE\"},{\"@type\":\"Organization\",\"@id\":\"https:\\\/\\\/thern.com\\\/de\\\/#organization\",\"name\":\"Thern\u00ae Winches &amp; Cranes\",\"url\":\"https:\\\/\\\/thern.com\\\/de\\\/\",\"logo\":{\"@type\":\"ImageObject\",\"inLanguage\":\"de-DE\",\"@id\":\"https:\\\/\\\/thern.com\\\/de\\\/#\\\/schema\\\/logo\\\/image\\\/\",\"url\":\"https:\\\/\\\/thern.com\\\/wp-content\\\/uploads\\\/2023\\\/11\\\/Logo_SaveForWeb-outline-FINAL-01.svg\",\"contentUrl\":\"https:\\\/\\\/thern.com\\\/wp-content\\\/uploads\\\/2023\\\/11\\\/Logo_SaveForWeb-outline-FINAL-01.svg\",\"caption\":\"Thern\u00ae Winches &amp; Cranes\"},\"image\":{\"@id\":\"https:\\\/\\\/thern.com\\\/de\\\/#\\\/schema\\\/logo\\\/image\\\/\"},\"sameAs\":[\"https:\\\/\\\/www.facebook.com\\\/ThernInc\\\/\",\"https:\\\/\\\/www.linkedin.com\\\/company\\\/thern-inc-\\\/\",\"https:\\\/\\\/www.youtube.com\\\/user\\\/ThernStage\"]}]}<\/script>\n<!-- \/ Yoast SEO plugin. -->","yoast_head_json":{"title":"Station\u00e4rer Kran Captain 4000 | Thern\u00ae Winches &amp; Cranes","description":"Der station\u00e4re Davitkran CAPTAIN 4000 von Thern bietet hervorragende Hebe- und Positionierungsm\u00f6glichkeiten und wird mit Stolz in den USA hergestellt. Sehen Sie sich die Kranspezifikationen an oder fordern Sie ein Angebot an!","robots":{"index":"index","follow":"follow","max-snippet":"max-snippet:-1","max-image-preview":"max-image-preview:large","max-video-preview":"max-video-preview:-1"},"canonical":"https:\/\/thern.com\/de\/cranes\/stationary-davit-cranes\/captain-4000\/","og_locale":"de_DE","og_type":"article","og_title":"Station\u00e4rer Kran Captain 4000 | Thern\u00ae Winches &amp; Cranes","og_description":"Der station\u00e4re Davitkran CAPTAIN 4000 von Thern bietet hervorragende Hebe- und Positionierungsm\u00f6glichkeiten und wird mit Stolz in den USA hergestellt. Sehen Sie sich die Kranspezifikationen an oder fordern Sie ein Angebot an!","og_url":"https:\/\/thern.com\/de\/cranes\/stationary-davit-cranes\/captain-4000\/","og_site_name":"Thern\u00ae Winches &amp; Cranes","article_publisher":"https:\/\/www.facebook.com\/ThernInc\/","article_modified_time":"2023-10-05T17:36:41+00:00","twitter_card":"summary_large_image","twitter_misc":{"Gesch\u00e4tzte Lesezeit":"2 Minuten"},"schema":{"@context":"https:\/\/schema.org","@graph":[{"@type":"WebPage","@id":"https:\/\/thern.com\/de\/cranes\/stationary-davit-cranes\/captain-4000\/","url":"https:\/\/thern.com\/de\/cranes\/stationary-davit-cranes\/captain-4000\/","name":"Station\u00e4rer Kran Captain 4000 | Thern\u00ae Winches &amp; Cranes","isPartOf":{"@id":"https:\/\/thern.com\/de\/#website"},"datePublished":"2023-08-17T14:16:24+00:00","dateModified":"2023-10-05T17:36:41+00:00","description":"Der station\u00e4re Davitkran CAPTAIN 4000 von Thern bietet hervorragende Hebe- und Positionierungsm\u00f6glichkeiten und wird mit Stolz in den USA hergestellt. Sehen Sie sich die Kranspezifikationen an oder fordern Sie ein Angebot an!","breadcrumb":{"@id":"https:\/\/thern.com\/de\/cranes\/stationary-davit-cranes\/captain-4000\/#breadcrumb"},"inLanguage":"de-DE","potentialAction":[{"@type":"ReadAction","target":["https:\/\/thern.com\/de\/cranes\/stationary-davit-cranes\/captain-4000\/"]}]},{"@type":"BreadcrumbList","@id":"https:\/\/thern.com\/de\/cranes\/stationary-davit-cranes\/captain-4000\/#breadcrumb","itemListElement":[{"@type":"ListItem","position":1,"name":"Home","item":"https:\/\/thern.com\/de\/"},{"@type":"ListItem","position":2,"name":"Cranes","item":"https:\/\/thern.com\/de\/cranes\/"},{"@type":"ListItem","position":3,"name":"Stationary Davit Cranes","item":"https:\/\/thern.com\/de\/cranes\/stationary-davit-cranes\/"},{"@type":"ListItem","position":4,"name":"Captain 4000"}]},{"@type":"WebSite","@id":"https:\/\/thern.com\/de\/#website","url":"https:\/\/thern.com\/de\/","name":"Thern\u00ae Winches &amp; Cranes","description":"Leave the Heavy Lifting to Us","publisher":{"@id":"https:\/\/thern.com\/de\/#organization"},"potentialAction":[{"@type":"SearchAction","target":{"@type":"EntryPoint","urlTemplate":"https:\/\/thern.com\/de\/?s={search_term_string}"},"query-input":{"@type":"PropertyValueSpecification","valueRequired":true,"valueName":"search_term_string"}}],"inLanguage":"de-DE"},{"@type":"Organization","@id":"https:\/\/thern.com\/de\/#organization","name":"Thern\u00ae Winches &amp; Cranes","url":"https:\/\/thern.com\/de\/","logo":{"@type":"ImageObject","inLanguage":"de-DE","@id":"https:\/\/thern.com\/de\/#\/schema\/logo\/image\/","url":"https:\/\/thern.com\/wp-content\/uploads\/2023\/11\/Logo_SaveForWeb-outline-FINAL-01.svg","contentUrl":"https:\/\/thern.com\/wp-content\/uploads\/2023\/11\/Logo_SaveForWeb-outline-FINAL-01.svg","caption":"Thern\u00ae Winches &amp; Cranes"},"image":{"@id":"https:\/\/thern.com\/de\/#\/schema\/logo\/image\/"},"sameAs":["https:\/\/www.facebook.com\/ThernInc\/","https:\/\/www.linkedin.com\/company\/thern-inc-\/","https:\/\/www.youtube.com\/user\/ThernStage"]}]}},"_links":{"self":[{"href":"https:\/\/thern.com\/de\/wp-json\/wp\/v2\/pages\/31577","targetHints":{"allow":["GET"]}}],"collection":[{"href":"https:\/\/thern.com\/de\/wp-json\/wp\/v2\/pages"}],"about":[{"href":"https:\/\/thern.com\/de\/wp-json\/wp\/v2\/types\/page"}],"author":[{"embeddable":true,"href":"https:\/\/thern.com\/de\/wp-json\/wp\/v2\/users\/1"}],"replies":[{"embeddable":true,"href":"https:\/\/thern.com\/de\/wp-json\/wp\/v2\/comments?post=31577"}],"version-history":[{"count":0,"href":"https:\/\/thern.com\/de\/wp-json\/wp\/v2\/pages\/31577\/revisions"}],"up":[{"embeddable":true,"href":"https:\/\/thern.com\/de\/wp-json\/wp\/v2\/pages\/32328"}],"wp:attachment":[{"href":"https:\/\/thern.com\/de\/wp-json\/wp\/v2\/media?parent=31577"}],"curies":[{"name":"wp","href":"https:\/\/api.w.org\/{rel}","templated":true}]}}