{"id":31516,"date":"2023-08-16T20:13:24","date_gmt":"2023-08-16T20:13:24","guid":{"rendered":"https:\/\/therninc.wpenginepowered.com\/rescue-rated-series\/"},"modified":"2023-12-06T18:19:00","modified_gmt":"2023-12-06T18:19:00","slug":"rescue-rated-series","status":"publish","type":"page","link":"https:\/\/thern.com\/de\/cranes\/portable-davit-cranes\/rescue-rated-series\/","title":{"rendered":"Rescue-Rated Series"},"content":{"rendered":"<div class=\"wpb-content-wrapper\"><p>[vc_section full_width=&#8220;stretch_row&#8220; content_placement=&#8220;middle&#8220; css=&#8220;.vc_custom_1692043564683{padding-top: 0px !important;background-image: url(https:\/\/thern.com\/wp-content\/uploads\/2023\/08\/Thern_Thern-Advantage-Difference.jpg?id=22385) !important;background-position: center !important;background-repeat: no-repeat !important;background-size: cover !important;}&#8220;][vc_row full_width=&#8220;stretch_row&#8220; css=&#8220;.vc_custom_1691686038929{padding-top: 50px !important;padding-bottom: 70px !important;background-color: rgba(0,0,0,0.35) !important;*background-color: rgb(0,0,0) !important;}&#8220;][vc_column][vc_custom_heading text=&#8220;Rescue-Rated Serie&#8220; font_container=&#8220;tag:h1|text_align:left|color:%23ffffff&#8220; use_theme_fonts=&#8220;yes&#8220; css_animation=&#8220;fadeInLeft&#8220;][\/vc_column][\/vc_row][\/vc_section][vc_row full_width=&#8220;stretch_row&#8220; css=&#8220;.vc_custom_1692039753206{padding-top: 65px !important;padding-bottom: 35px !important;}&#8220;][vc_column css_animation=&#8220;fadeInLeft&#8220; width=&#8220;1\/2&#8243;][vc_column_text]Die Krane der Rescue-Rated-Serie bieten die gleichen Qualit\u00e4ts- und Materialhandhabungsvorteile wie die urspr\u00fcngliche Commander\u00ae-Serie und sind jetzt in neuen Konfigurationen erh\u00e4ltlich, die ihre \u00fcberlegene Leistung auf den Bereich der Personenrettung ausweiten.[\/vc_column_text][vc_custom_heading text=&#8220;Schnelle Fakten&#8220; font_container=&#8220;tag:h4|text_align:left|color:%23000000&#8243; use_theme_fonts=&#8220;yes&#8220;][vc_column_text]<\/p>\n<ul>\n<li>Tragf\u00e4higkeiten bis zu 905 kg (2.000 lbs)<\/li>\n<li>Robust und erschwinglich<\/li>\n<li>Handbetrieb<\/li>\n<li>Um 360\u00b0 drehbar<\/li>\n<li>tragbar<\/li>\n<li>Werkzeuglose Montage\/Demontage<\/li>\n<li>5 korrosionsbest\u00e4ndige Oberfl\u00e4chen<\/li>\n<li>Vielzahl von Basen<\/li>\n<li>2 Jahre Standardgarantie<\/li>\n<\/ul>\n<p>[\/vc_column_text][vc_custom_heading text=&#8220;Serienmodelle&#8220; font_container=&#8220;tag:h4|text_align:left|color:%23000000&#8243; use_theme_fonts=&#8220;yes&#8220;][vc_column_text]<\/p>\n<ul>\n<li>5PT10R-M2R<\/li>\n<li>5PT10RS-M2R<\/li>\n<li>5PT10RS-M2RX<\/li>\n<li>5PT20R-M2R<\/li>\n<li>5PT20RS-M2R<\/li>\n<li>5PT20RS-M2RX<\/li>\n<\/ul>\n<p>[\/vc_column_text][vc_custom_heading text=&#8220;Ben\u00f6tigen Sie ein Angebot?&#8220; font_container=&#8220;tag:h4|text_align:left|color:%23000000&#8243; use_theme_fonts=&#8220;yes&#8220;][vc_column_text]Wenn Sie nicht sicher sind, welches Produkt Sie ben\u00f6tigen und ein Angebot w\u00fcnschen, f\u00fcllen Sie bitte ein Anfrageformular aus.[\/vc_column_text][vc_btn title=&#8220;Ein Angebot bekommen&#8220; style=&#8220;custom&#8220; custom_background=&#8220;#c71a32&#8243; custom_text=&#8220;#ffffff&#8220; shape=&#8220;square&#8220; size=&#8220;lg&#8220; align=&#8220;left&#8220; i_align=&#8220;right&#8220; i_icon_fontawesome=&#8220;fas fa-angle-right&#8220; add_icon=&#8220;true&#8220; link=&#8220;url:%2Fde%2Fcontact%2F%3Fquery_type%3Dcrane-inquiry|title:Crane%20Inquiry&#8220;][\/vc_column][vc_column css_animation=&#8220;fadeInRight&#8220; width=&#8220;1\/2&#8243;][vc_single_image image=&#8220;22790&#8243; img_size=&#8220;full&#8220; alignment=&#8220;center&#8220;][vc_row_inner][vc_column_inner width=&#8220;1\/4&#8243;][vc_single_image image=&#8220;22667&#8243; img_size=&#8220;full&#8220; el_class=&#8220;iso-img&#8220;][\/vc_column_inner][vc_column_inner width=&#8220;3\/4&#8243;][vc_column_text]<em><strong>Rescue-Rated Series<\/strong> \u2014 Kranmodell 5PT20R-M2R.<\/em>[\/vc_column_text][\/vc_column_inner][\/vc_row_inner][\/vc_column][\/vc_row][vc_row css_animation=&#8220;fadeInUp&#8220;][vc_column][vc_separator border_width=&#8220;2&#8243;][\/vc_column][\/vc_row][vc_row css_animation=&#8220;fadeInUp&#8220; css=&#8220;.vc_custom_1695053825712{padding-top: 35px !important;padding-bottom: 35px !important;}&#8220;][vc_column][vc_tta_tabs section_title_tag=&#8220;p&#8220; shape=&#8220;square&#8220; color=&#8220;white&#8220; spacing=&#8220;3&#8243; active_section=&#8220;1&#8243; el_class=&#8220;product-table&#8220;][vc_tta_section title=&#8220;Configurations&#8220; tab_id=&#8220;1692039789424-f80bec7a-17bd&#8220;][vc_single_image image=&#8220;28482&#8243; img_size=&#8220;full&#8220; alignment=&#8220;center&#8220; onclick=&#8220;img_link_large&#8220;][\/vc_tta_section][vc_tta_section title=&#8220;Features&#8220; tab_id=&#8220;1692207850226-d4d67dc2-b36d&#8220;][vc_raw_html]JTVCc3BfZWFzeWFjY29yZGlvbiUyMGlkJTNEJTIyMjI3OTMlMjIlNUQ=[\/vc_raw_html][\/vc_tta_section][vc_tta_section title=&#8220;Performance Specs&#8220; tab_id=&#8220;1692039789431-ca69a18a-2782&#8243;][vc_single_image image=&#8220;23333&#8243; img_size=&#8220;full&#8220; alignment=&#8220;center&#8220; onclick=&#8220;img_link_large&#8220;][vc_raw_html]JTVCc3BfZWFzeWFjY29yZGlvbiUyMGlkJTNEJTIyMjI3OTQlMjIlNUQ=[\/vc_raw_html][\/vc_tta_section][vc_tta_section title=&#8220;Dimensions&#8220; tab_id=&#8220;1692039955917-a587e6bc-620b&#8220;][vc_raw_html]JTVCc3BfZWFzeWFjY29yZGlvbiUyMGlkJTNEJTIyMjI3OTYlMjIlNUQ=[\/vc_raw_html][\/vc_tta_section][vc_tta_section title=&#8220;Resources&#8220; tab_id=&#8220;1692039964442-bee59ceb-d9fb&#8220;][vc_column_text]<\/p>\n<h4>Owner&#8217;s Manual<\/h4>\n<p><a href=\"\/wp-content\/uploads\/2023\/08\/A30470-5PT-R-supplement.pdf\" target=\"_blank\" rel=\"noopener\">Rescue-Rated Series (A30470-5PT-R)<\/a><\/p>\n<h4>Product Sheet<\/h4>\n<p><a href=\"\/wp-content\/uploads\/2023\/08\/PSRRDC-A-0623.pdf\" target=\"_blank\" rel=\"noopener\">Rescue-Rated Series (PSRRDC-A-0623)<\/a><\/p>\n<h4>At A Glance<\/h4>\n<p><a href=\"\/wp-content\/uploads\/2023\/08\/Thern-Davit-Cranes-at-a-Glance_DAAG-A-0221.pdf\" target=\"_blank\" rel=\"noopener\">Thern Davit Cranes At A Glance<\/a><\/p>\n<h4>Industrial Brochure<\/h4>\n<p><a href=\"\/wp-content\/uploads\/2023\/08\/Thern-Industrial-Brochure_BRIN-A-0221.pdf\" target=\"_blank\" rel=\"noopener\">Thern Industrial Brochure (BRIN-A-0221)<\/a>[\/vc_column_text][\/vc_tta_section][\/vc_tta_tabs][\/vc_column][\/vc_row][vc_row full_width=&#8220;stretch_row&#8220; css=&#8220;.vc_custom_1692043286515{padding-top: 35px !important;padding-bottom: 65px !important;background-color: #ececec !important;}&#8220; el_class=&#8220;frequently-paired-with&#8220;][vc_column][vc_custom_heading text=&#8220;H\u00e4ufig gepaart mit&#8220; font_container=&#8220;tag:h2|text_align:center|color:%23000000&#8243; use_theme_fonts=&#8220;yes&#8220; css_animation=&#8220;fadeInUp&#8220; css=&#8220;.vc_custom_1696347013041{padding-bottom: 35px !important;}&#8220;][\/vc_column][vc_column css_animation=&#8220;fadeInUp&#8220; width=&#8220;1\/3&#8243;][vc_single_image image=&#8220;22695&#8243; img_size=&#8220;full&#8220; alignment=&#8220;center&#8220; onclick=&#8220;custom_link&#8220; link=&#8220;\/de\/custom-engineering-services\/&#8220;][vc_custom_heading text=&#8220;Kundenspezifische Kr\u00e4ne und Winden&#8220; font_container=&#8220;tag:h4|text_align:center|color:%23000000&#8243; use_theme_fonts=&#8220;yes&#8220;][\/vc_column][vc_column css_animation=&#8220;fadeInUp&#8220; width=&#8220;1\/3&#8243;][vc_single_image image=&#8220;22696&#8243; img_size=&#8220;full&#8220; alignment=&#8220;center&#8220; onclick=&#8220;custom_link&#8220; link=&#8220;\/de\/winches\/electric-controls\/&#8220;][vc_custom_heading text=&#8220;Elektrische Steuerungen&#8220; font_container=&#8220;tag:h4|text_align:center|color:%23000000&#8243; use_theme_fonts=&#8220;yes&#8220;][\/vc_column][vc_column css_animation=&#8220;fadeInUp&#8220; width=&#8220;1\/3&#8243;][vc_single_image image=&#8220;22697&#8243; img_size=&#8220;full&#8220; alignment=&#8220;center&#8220; onclick=&#8220;custom_link&#8220; link=&#8220;\/de\/ropes-and-rigging\/&#8220;][vc_custom_heading text=&#8220;Drahtseilbaugruppen&#8220; font_container=&#8220;tag:h4|text_align:center|color:%23000000&#8243; use_theme_fonts=&#8220;yes&#8220;][\/vc_column][\/vc_row]<\/p>\n<\/div>","protected":false},"excerpt":{"rendered":"<p>[vc_section full_width=&#8220;stretch_row&#8220; content_placement=&#8220;middle&#8220; css=&#8220;.vc_custom_1692043564683{padding-top: 0px !important;background-image: url(https:\/\/thern.com\/wp-content\/uploads\/2023\/08\/Thern_Thern-Advantage-Difference.jpg?id=22385) !important;background-position: center !important;background-repeat: no-repeat !important;background-size: cover !important;}&#8220;][vc_row full_width=&#8220;stretch_row&#8220; css=&#8220;.vc_custom_1691686038929{padding-top: 50px !important;padding-bottom: 70px !important;background-color: rgba(0,0,0,0.35) !important;*background-color: rgb(0,0,0) !important;}&#8220;][vc_column][vc_custom_heading text=&#8220;Rescue-Rated Serie&#8220; font_container=&#8220;tag:h1|text_align:left|color:%23ffffff&#8220; use_theme_fonts=&#8220;yes&#8220; css_animation=&#8220;fadeInLeft&#8220;][\/vc_column][\/vc_row][\/vc_section][vc_row full_width=&#8220;stretch_row&#8220; css=&#8220;.vc_custom_1692039753206{padding-top: 65px !important;padding-bottom: 35px !important;}&#8220;][vc_column css_animation=&#8220;fadeInLeft&#8220; width=&#8220;1\/2&#8243;][vc_column_text]Die Krane der Rescue-Rated-Serie bieten die gleichen Qualit\u00e4ts- und Materialhandhabungsvorteile wie die urspr\u00fcngliche Commander\u00ae-Serie und sind jetzt in neuen &#8230; <a title=\"Rescue-Rated Series\" class=\"read-more\" href=\"https:\/\/thern.com\/de\/cranes\/portable-davit-cranes\/rescue-rated-series\/\" aria-label=\"More on Rescue-Rated Series\">Read more<\/a><\/p>\n","protected":false},"author":1,"featured_media":0,"parent":32311,"menu_order":0,"comment_status":"closed","ping_status":"closed","template":"","meta":{"footnotes":""},"class_list":["post-31516","page","type-page","status-publish"],"yoast_head":"<!-- This site is optimized with the Yoast SEO plugin v27.4 - https:\/\/yoast.com\/product\/yoast-seo-wordpress\/ -->\n<title>Serie mit Rettungsbewertung | Thern\u00ae Winches &amp; Cranes<\/title>\n<meta name=\"description\" content=\"Die Krane der Rescue-Rated-Serie bieten die gleichen Qualit\u00e4ts- und Materialhandhabungsvorteile wie die urspr\u00fcngliche Commander\u00ae-Serie und sind jetzt in neuen Konfigurationen erh\u00e4ltlich, die ihre \u00fcberlegene Leistung auf den Bereich der Personenrettung ausweiten.\" \/>\n<meta name=\"robots\" content=\"index, follow, max-snippet:-1, max-image-preview:large, max-video-preview:-1\" \/>\n<link rel=\"canonical\" href=\"https:\/\/thern.com\/de\/cranes\/portable-davit-cranes\/rescue-rated-series\/\" \/>\n<meta property=\"og:locale\" content=\"de_DE\" \/>\n<meta property=\"og:type\" content=\"article\" \/>\n<meta property=\"og:title\" content=\"Serie mit Rettungsbewertung | Thern\u00ae Winches &amp; Cranes\" \/>\n<meta property=\"og:description\" content=\"Die Krane der Rescue-Rated-Serie bieten die gleichen Qualit\u00e4ts- und Materialhandhabungsvorteile wie die urspr\u00fcngliche Commander\u00ae-Serie und sind jetzt in neuen Konfigurationen erh\u00e4ltlich, die ihre \u00fcberlegene Leistung auf den Bereich der Personenrettung ausweiten.\" \/>\n<meta property=\"og:url\" content=\"https:\/\/thern.com\/de\/cranes\/portable-davit-cranes\/rescue-rated-series\/\" \/>\n<meta property=\"og:site_name\" content=\"Thern\u00ae Winches &amp; Cranes\" \/>\n<meta property=\"article:publisher\" content=\"https:\/\/www.facebook.com\/ThernInc\/\" \/>\n<meta property=\"article:modified_time\" content=\"2023-12-06T18:19:00+00:00\" \/>\n<meta name=\"twitter:card\" content=\"summary_large_image\" \/>\n<meta name=\"twitter:label1\" content=\"Gesch\u00e4tzte Lesezeit\" \/>\n\t<meta name=\"twitter:data1\" content=\"2 Minuten\" \/>\n<script type=\"application\/ld+json\" class=\"yoast-schema-graph\">{\"@context\":\"https:\\\/\\\/schema.org\",\"@graph\":[{\"@type\":\"WebPage\",\"@id\":\"https:\\\/\\\/thern.com\\\/de\\\/cranes\\\/portable-davit-cranes\\\/rescue-rated-series\\\/\",\"url\":\"https:\\\/\\\/thern.com\\\/de\\\/cranes\\\/portable-davit-cranes\\\/rescue-rated-series\\\/\",\"name\":\"Serie mit Rettungsbewertung | Thern\u00ae Winches &amp; Cranes\",\"isPartOf\":{\"@id\":\"https:\\\/\\\/thern.com\\\/de\\\/#website\"},\"datePublished\":\"2023-08-16T20:13:24+00:00\",\"dateModified\":\"2023-12-06T18:19:00+00:00\",\"description\":\"Die Krane der Rescue-Rated-Serie bieten die gleichen Qualit\u00e4ts- und Materialhandhabungsvorteile wie die urspr\u00fcngliche Commander\u00ae-Serie und sind jetzt in neuen Konfigurationen erh\u00e4ltlich, die ihre \u00fcberlegene Leistung auf den Bereich der Personenrettung ausweiten.\",\"breadcrumb\":{\"@id\":\"https:\\\/\\\/thern.com\\\/de\\\/cranes\\\/portable-davit-cranes\\\/rescue-rated-series\\\/#breadcrumb\"},\"inLanguage\":\"de-DE\",\"potentialAction\":[{\"@type\":\"ReadAction\",\"target\":[\"https:\\\/\\\/thern.com\\\/de\\\/cranes\\\/portable-davit-cranes\\\/rescue-rated-series\\\/\"]}]},{\"@type\":\"BreadcrumbList\",\"@id\":\"https:\\\/\\\/thern.com\\\/de\\\/cranes\\\/portable-davit-cranes\\\/rescue-rated-series\\\/#breadcrumb\",\"itemListElement\":[{\"@type\":\"ListItem\",\"position\":1,\"name\":\"Home\",\"item\":\"https:\\\/\\\/thern.com\\\/de\\\/\"},{\"@type\":\"ListItem\",\"position\":2,\"name\":\"Cranes\",\"item\":\"https:\\\/\\\/thern.com\\\/de\\\/cranes\\\/\"},{\"@type\":\"ListItem\",\"position\":3,\"name\":\"Portable Davit Cranes\",\"item\":\"https:\\\/\\\/thern.com\\\/de\\\/cranes\\\/portable-davit-cranes\\\/\"},{\"@type\":\"ListItem\",\"position\":4,\"name\":\"Rescue-Rated Series\"}]},{\"@type\":\"WebSite\",\"@id\":\"https:\\\/\\\/thern.com\\\/de\\\/#website\",\"url\":\"https:\\\/\\\/thern.com\\\/de\\\/\",\"name\":\"Thern\u00ae Winches &amp; Cranes\",\"description\":\"Leave the Heavy Lifting to Us\",\"publisher\":{\"@id\":\"https:\\\/\\\/thern.com\\\/de\\\/#organization\"},\"potentialAction\":[{\"@type\":\"SearchAction\",\"target\":{\"@type\":\"EntryPoint\",\"urlTemplate\":\"https:\\\/\\\/thern.com\\\/de\\\/?s={search_term_string}\"},\"query-input\":{\"@type\":\"PropertyValueSpecification\",\"valueRequired\":true,\"valueName\":\"search_term_string\"}}],\"inLanguage\":\"de-DE\"},{\"@type\":\"Organization\",\"@id\":\"https:\\\/\\\/thern.com\\\/de\\\/#organization\",\"name\":\"Thern\u00ae Winches &amp; Cranes\",\"url\":\"https:\\\/\\\/thern.com\\\/de\\\/\",\"logo\":{\"@type\":\"ImageObject\",\"inLanguage\":\"de-DE\",\"@id\":\"https:\\\/\\\/thern.com\\\/de\\\/#\\\/schema\\\/logo\\\/image\\\/\",\"url\":\"https:\\\/\\\/thern.com\\\/wp-content\\\/uploads\\\/2023\\\/11\\\/Logo_SaveForWeb-outline-FINAL-01.svg\",\"contentUrl\":\"https:\\\/\\\/thern.com\\\/wp-content\\\/uploads\\\/2023\\\/11\\\/Logo_SaveForWeb-outline-FINAL-01.svg\",\"caption\":\"Thern\u00ae Winches &amp; Cranes\"},\"image\":{\"@id\":\"https:\\\/\\\/thern.com\\\/de\\\/#\\\/schema\\\/logo\\\/image\\\/\"},\"sameAs\":[\"https:\\\/\\\/www.facebook.com\\\/ThernInc\\\/\",\"https:\\\/\\\/www.linkedin.com\\\/company\\\/thern-inc-\\\/\",\"https:\\\/\\\/www.youtube.com\\\/user\\\/ThernStage\"]}]}<\/script>\n<!-- \/ Yoast SEO plugin. -->","yoast_head_json":{"title":"Serie mit Rettungsbewertung | Thern\u00ae Winches &amp; Cranes","description":"Die Krane der Rescue-Rated-Serie bieten die gleichen Qualit\u00e4ts- und Materialhandhabungsvorteile wie die urspr\u00fcngliche Commander\u00ae-Serie und sind jetzt in neuen Konfigurationen erh\u00e4ltlich, die ihre \u00fcberlegene Leistung auf den Bereich der Personenrettung ausweiten.","robots":{"index":"index","follow":"follow","max-snippet":"max-snippet:-1","max-image-preview":"max-image-preview:large","max-video-preview":"max-video-preview:-1"},"canonical":"https:\/\/thern.com\/de\/cranes\/portable-davit-cranes\/rescue-rated-series\/","og_locale":"de_DE","og_type":"article","og_title":"Serie mit Rettungsbewertung | Thern\u00ae Winches &amp; Cranes","og_description":"Die Krane der Rescue-Rated-Serie bieten die gleichen Qualit\u00e4ts- und Materialhandhabungsvorteile wie die urspr\u00fcngliche Commander\u00ae-Serie und sind jetzt in neuen Konfigurationen erh\u00e4ltlich, die ihre \u00fcberlegene Leistung auf den Bereich der Personenrettung ausweiten.","og_url":"https:\/\/thern.com\/de\/cranes\/portable-davit-cranes\/rescue-rated-series\/","og_site_name":"Thern\u00ae Winches &amp; Cranes","article_publisher":"https:\/\/www.facebook.com\/ThernInc\/","article_modified_time":"2023-12-06T18:19:00+00:00","twitter_card":"summary_large_image","twitter_misc":{"Gesch\u00e4tzte Lesezeit":"2 Minuten"},"schema":{"@context":"https:\/\/schema.org","@graph":[{"@type":"WebPage","@id":"https:\/\/thern.com\/de\/cranes\/portable-davit-cranes\/rescue-rated-series\/","url":"https:\/\/thern.com\/de\/cranes\/portable-davit-cranes\/rescue-rated-series\/","name":"Serie mit Rettungsbewertung | Thern\u00ae Winches &amp; Cranes","isPartOf":{"@id":"https:\/\/thern.com\/de\/#website"},"datePublished":"2023-08-16T20:13:24+00:00","dateModified":"2023-12-06T18:19:00+00:00","description":"Die Krane der Rescue-Rated-Serie bieten die gleichen Qualit\u00e4ts- und Materialhandhabungsvorteile wie die urspr\u00fcngliche Commander\u00ae-Serie und sind jetzt in neuen Konfigurationen erh\u00e4ltlich, die ihre \u00fcberlegene Leistung auf den Bereich der Personenrettung ausweiten.","breadcrumb":{"@id":"https:\/\/thern.com\/de\/cranes\/portable-davit-cranes\/rescue-rated-series\/#breadcrumb"},"inLanguage":"de-DE","potentialAction":[{"@type":"ReadAction","target":["https:\/\/thern.com\/de\/cranes\/portable-davit-cranes\/rescue-rated-series\/"]}]},{"@type":"BreadcrumbList","@id":"https:\/\/thern.com\/de\/cranes\/portable-davit-cranes\/rescue-rated-series\/#breadcrumb","itemListElement":[{"@type":"ListItem","position":1,"name":"Home","item":"https:\/\/thern.com\/de\/"},{"@type":"ListItem","position":2,"name":"Cranes","item":"https:\/\/thern.com\/de\/cranes\/"},{"@type":"ListItem","position":3,"name":"Portable Davit Cranes","item":"https:\/\/thern.com\/de\/cranes\/portable-davit-cranes\/"},{"@type":"ListItem","position":4,"name":"Rescue-Rated Series"}]},{"@type":"WebSite","@id":"https:\/\/thern.com\/de\/#website","url":"https:\/\/thern.com\/de\/","name":"Thern\u00ae Winches &amp; Cranes","description":"Leave the Heavy Lifting to Us","publisher":{"@id":"https:\/\/thern.com\/de\/#organization"},"potentialAction":[{"@type":"SearchAction","target":{"@type":"EntryPoint","urlTemplate":"https:\/\/thern.com\/de\/?s={search_term_string}"},"query-input":{"@type":"PropertyValueSpecification","valueRequired":true,"valueName":"search_term_string"}}],"inLanguage":"de-DE"},{"@type":"Organization","@id":"https:\/\/thern.com\/de\/#organization","name":"Thern\u00ae Winches &amp; Cranes","url":"https:\/\/thern.com\/de\/","logo":{"@type":"ImageObject","inLanguage":"de-DE","@id":"https:\/\/thern.com\/de\/#\/schema\/logo\/image\/","url":"https:\/\/thern.com\/wp-content\/uploads\/2023\/11\/Logo_SaveForWeb-outline-FINAL-01.svg","contentUrl":"https:\/\/thern.com\/wp-content\/uploads\/2023\/11\/Logo_SaveForWeb-outline-FINAL-01.svg","caption":"Thern\u00ae Winches &amp; Cranes"},"image":{"@id":"https:\/\/thern.com\/de\/#\/schema\/logo\/image\/"},"sameAs":["https:\/\/www.facebook.com\/ThernInc\/","https:\/\/www.linkedin.com\/company\/thern-inc-\/","https:\/\/www.youtube.com\/user\/ThernStage"]}]}},"_links":{"self":[{"href":"https:\/\/thern.com\/de\/wp-json\/wp\/v2\/pages\/31516","targetHints":{"allow":["GET"]}}],"collection":[{"href":"https:\/\/thern.com\/de\/wp-json\/wp\/v2\/pages"}],"about":[{"href":"https:\/\/thern.com\/de\/wp-json\/wp\/v2\/types\/page"}],"author":[{"embeddable":true,"href":"https:\/\/thern.com\/de\/wp-json\/wp\/v2\/users\/1"}],"replies":[{"embeddable":true,"href":"https:\/\/thern.com\/de\/wp-json\/wp\/v2\/comments?post=31516"}],"version-history":[{"count":0,"href":"https:\/\/thern.com\/de\/wp-json\/wp\/v2\/pages\/31516\/revisions"}],"up":[{"embeddable":true,"href":"https:\/\/thern.com\/de\/wp-json\/wp\/v2\/pages\/32311"}],"wp:attachment":[{"href":"https:\/\/thern.com\/de\/wp-json\/wp\/v2\/media?parent=31516"}],"curies":[{"name":"wp","href":"https:\/\/api.w.org\/{rel}","templated":true}]}}