{"id":31368,"date":"2023-08-22T19:48:30","date_gmt":"2023-08-22T19:48:30","guid":{"rendered":"https:\/\/therninc.wpenginepowered.com\/winches\/hydraulic-winches\/"},"modified":"2023-10-04T19:44:36","modified_gmt":"2023-10-04T19:44:36","slug":"hydraulic-winches","status":"publish","type":"page","link":"https:\/\/thern.com\/de\/winches\/hydraulic-winches\/","title":{"rendered":"Hydraulic Winches"},"content":{"rendered":"<div class=\"wpb-content-wrapper\"><p>[vc_section full_width=&#8220;stretch_row&#8220; content_placement=&#8220;middle&#8220; css=&#8220;.vc_custom_1692043564683{padding-top: 0px !important;background-image: url(https:\/\/thern.com\/wp-content\/uploads\/2023\/08\/Thern_Thern-Advantage-Difference.jpg?id=22385) !important;background-position: center !important;background-repeat: no-repeat !important;background-size: cover !important;}&#8220;][vc_row full_width=&#8220;stretch_row&#8220; css=&#8220;.vc_custom_1691686038929{padding-top: 50px !important;padding-bottom: 70px !important;background-color: rgba(0,0,0,0.35) !important;*background-color: rgb(0,0,0) !important;}&#8220;][vc_column][vc_custom_heading text=&#8220;Hydraulische Winden&#8220; font_container=&#8220;tag:h1|text_align:left|color:%23ffffff&#8220; use_theme_fonts=&#8220;yes&#8220; css_animation=&#8220;fadeInLeft&#8220;][\/vc_column][\/vc_row][\/vc_section][vc_row full_width=&#8220;stretch_row&#8220; equal_height=&#8220;yes&#8220; content_placement=&#8220;middle&#8220; css=&#8220;.vc_custom_1689180629506{padding-bottom: 35px !important;background-color: #c71a32 !important;}&#8220;][vc_column width=&#8220;1\/2&#8243;][vc_custom_heading text=&#8220;Thern-Winden ziehen, heben, positionieren und spannen mit Zuversicht&#8220; font_container=&#8220;tag:h2|text_align:left|color:%23ffffff&#8220; use_theme_fonts=&#8220;yes&#8220; css_animation=&#8220;fadeInLeft&#8220;][\/vc_column][vc_column width=&#8220;1\/2&#8243;][vc_column_text css_animation=&#8220;fadeInRight&#8220;]<\/p>\n<p style=\"text-align: left;\"><span style=\"color: #ffffff;\">W\u00e4hrend nur eine unserer beliebten Winden standardm\u00e4\u00dfig mit hydraulischer Leistung ausgestattet ist, k\u00f6nnen wir nahezu jedes unserer Angebote an elektrischen Winden modifizieren, um Ihren Anforderungen an die hydraulische Leistung gerecht zu werden oder diese zu \u00fcbertreffen. Von kleinen Nutzwinden bis hin zu Winden mit gro\u00dfer Kapazit\u00e4t haben unsere Experten Hunderte von Winden auf hydraulische Kraft umgestellt, um den Anforderungen unserer Kunden gerecht zu werden. Wenn Ihre Anwendung hydraulische Leistung erfordert, k\u00f6nnen Sie sicher sein, dass Thern Ihren Anforderungen gerecht werden kann.<\/span><\/p>\n<p>[\/vc_column_text][\/vc_column][\/vc_row][vc_row full_width=&#8220;stretch_row&#8220; css=&#8220;.vc_custom_1695327846531{padding-bottom: 35px !important;}&#8220;][vc_column css_animation=&#8220;fadeInLeft&#8220; width=&#8220;1\/2&#8243;][vc_custom_heading text=&#8220;477 Hydraulic Dura-Hoist Helical\/Worm Gear Serie&#8220; font_container=&#8220;tag:h3|text_align:left|color:%23900000&#8243; use_theme_fonts=&#8220;yes&#8220;][vc_column_text]<\/p>\n<h4>Bis zu 2.000 Pfund Kapazit\u00e4t<\/h4>\n<p>Thern bietet die hydraulische Winde 4771HY mit 2.000 lbs an. Kapazit\u00e4t auf der ersten Lage Drahtseil mit 5\/16 Zoll Durchmesser, 1.500 Pfund. bei Trommelmitte und 1.200 lbs. bei voller Trommel. Wir bieten auch ma\u00dfgeschneiderte Hydraulikl\u00f6sungen f\u00fcr nahezu jede unserer elektrischen Winden an. Alle hydraulischen Winden von Thern k\u00f6nnen au\u00dferdem mit einer Vielzahl kundenspezifischer Steuerungen ausgestattet werden, von vollhydraulischen Handhebeln und Fernsteuerung bis hin zu elektrischen Magnetventilsteuerungen. Diese Steuerungen k\u00f6nnen auch zus\u00e4tzliche Sicherheitsfunktionen wie einen Not-Aus-Schalter, Drehwegbegrenzungen, Schlaffseilerkennung, Lastbegrenzung, Geschwindigkeitsbegrenzung und redundante Pausen umfassen.[\/vc_column_text][vc_custom_heading text=&#8220;Schnelle Fakten&#8220; font_container=&#8220;tag:h4|text_align:left|color:%23000000&#8243; use_theme_fonts=&#8220;yes&#8220;][vc_column_text]<\/p>\n<ul>\n<li>Maschinell geschnittene Zahnr\u00e4der<\/li>\n<li>Geschlossenes \u00d6lbad<\/li>\n<li>Interne mechanische Bremse<\/li>\n<li>Aluminiumguss<\/li>\n<li>Kugellager<\/li>\n<li>Trommeln mit gro\u00dfem Durchmesser<\/li>\n<li>Montagem\u00f6glichkeiten<\/li>\n<li>2 Jahre eingeschr\u00e4nkte Garantie<\/li>\n<\/ul>\n<p>[\/vc_column_text][vc_custom_heading text=&#8220;Ben\u00f6tigen Sie ein Angebot?&#8220; font_container=&#8220;tag:h4|text_align:left|color:%23000000&#8243; use_theme_fonts=&#8220;yes&#8220;][vc_column_text]Wenn Sie nicht sicher sind, welches Produkt Sie ben\u00f6tigen und ein Angebot w\u00fcnschen, f\u00fcllen Sie bitte ein Anfrageformular aus.[\/vc_column_text][vc_btn title=&#8220;Ein Angebot bekommen&#8220; style=&#8220;custom&#8220; custom_background=&#8220;#c71a32&#8243; custom_text=&#8220;#ffffff&#8220; shape=&#8220;square&#8220; size=&#8220;lg&#8220; align=&#8220;left&#8220; i_align=&#8220;right&#8220; i_icon_fontawesome=&#8220;fas fa-angle-right&#8220; add_icon=&#8220;true&#8220; link=&#8220;url:%2Fde%2Fcontact%2F%3Fquery_type%3Dwinch-inquiry|title:Crane%20Inquiry&#8220;][\/vc_column][vc_column css_animation=&#8220;fadeInRight&#8220; width=&#8220;1\/2&#8243;][vc_single_image image=&#8220;23035&#8243; img_size=&#8220;full&#8220; alignment=&#8220;center&#8220;][vc_row_inner][vc_column_inner width=&#8220;1\/4&#8243;][vc_single_image image=&#8220;22667&#8243; img_size=&#8220;full&#8220;][\/vc_column_inner][vc_column_inner width=&#8220;3\/4&#8243;][vc_column_text]<em><b>477 Dura-Hoist Helical\/Worm Gear <\/b>\u2014 Model 4WS1M6C Worm\/Spur Gear Power Winch with Clutch.<\/em>[\/vc_column_text][\/vc_column_inner][\/vc_row_inner][\/vc_column][\/vc_row][vc_row full_width=&#8220;stretch_row&#8220; css=&#8220;.vc_custom_1692043286515{padding-top: 35px !important;padding-bottom: 65px !important;background-color: #ececec !important;}&#8220; el_class=&#8220;frequently-paired-with&#8220;][vc_column][vc_custom_heading text=&#8220;H\u00e4ufig gepaart mit&#8220; font_container=&#8220;tag:h2|text_align:center|color:%23000000&#8243; use_theme_fonts=&#8220;yes&#8220; css_animation=&#8220;fadeInUp&#8220; css=&#8220;.vc_custom_1696347013041{padding-bottom: 35px !important;}&#8220;][\/vc_column][vc_column css_animation=&#8220;fadeInUp&#8220; width=&#8220;1\/3&#8243;][vc_single_image image=&#8220;22695&#8243; img_size=&#8220;full&#8220; alignment=&#8220;center&#8220; onclick=&#8220;custom_link&#8220; link=&#8220;\/de\/custom-engineering-services\/&#8220;][vc_custom_heading text=&#8220;Kundenspezifische Kr\u00e4ne und Winden&#8220; font_container=&#8220;tag:h4|text_align:center|color:%23000000&#8243; use_theme_fonts=&#8220;yes&#8220;][\/vc_column][vc_column css_animation=&#8220;fadeInUp&#8220; width=&#8220;1\/3&#8243;][vc_single_image image=&#8220;22696&#8243; img_size=&#8220;full&#8220; alignment=&#8220;center&#8220; onclick=&#8220;custom_link&#8220; link=&#8220;\/de\/winches\/electric-controls\/&#8220;][vc_custom_heading text=&#8220;Elektrische Steuerungen&#8220; font_container=&#8220;tag:h4|text_align:center|color:%23000000&#8243; use_theme_fonts=&#8220;yes&#8220;][\/vc_column][vc_column css_animation=&#8220;fadeInUp&#8220; width=&#8220;1\/3&#8243;][vc_single_image image=&#8220;22697&#8243; img_size=&#8220;full&#8220; alignment=&#8220;center&#8220; onclick=&#8220;custom_link&#8220; link=&#8220;\/de\/ropes-and-rigging\/&#8220;][vc_custom_heading text=&#8220;Drahtseilbaugruppen&#8220; font_container=&#8220;tag:h4|text_align:center|color:%23000000&#8243; use_theme_fonts=&#8220;yes&#8220;][\/vc_column][\/vc_row]<\/p>\n<\/div>","protected":false},"excerpt":{"rendered":"<p>[vc_section full_width=&#8220;stretch_row&#8220; content_placement=&#8220;middle&#8220; css=&#8220;.vc_custom_1692043564683{padding-top: 0px !important;background-image: url(https:\/\/thern.com\/wp-content\/uploads\/2023\/08\/Thern_Thern-Advantage-Difference.jpg?id=22385) !important;background-position: center !important;background-repeat: no-repeat !important;background-size: cover !important;}&#8220;][vc_row full_width=&#8220;stretch_row&#8220; css=&#8220;.vc_custom_1691686038929{padding-top: 50px !important;padding-bottom: 70px !important;background-color: rgba(0,0,0,0.35) !important;*background-color: rgb(0,0,0) !important;}&#8220;][vc_column][vc_custom_heading text=&#8220;Hydraulische Winden&#8220; font_container=&#8220;tag:h1|text_align:left|color:%23ffffff&#8220; use_theme_fonts=&#8220;yes&#8220; css_animation=&#8220;fadeInLeft&#8220;][\/vc_column][\/vc_row][\/vc_section][vc_row full_width=&#8220;stretch_row&#8220; equal_height=&#8220;yes&#8220; content_placement=&#8220;middle&#8220; css=&#8220;.vc_custom_1689180629506{padding-bottom: 35px !important;background-color: #c71a32 !important;}&#8220;][vc_column width=&#8220;1\/2&#8243;][vc_custom_heading text=&#8220;Thern-Winden ziehen, heben, positionieren und spannen mit Zuversicht&#8220; font_container=&#8220;tag:h2|text_align:left|color:%23ffffff&#8220; use_theme_fonts=&#8220;yes&#8220; css_animation=&#8220;fadeInLeft&#8220;][\/vc_column][vc_column width=&#8220;1\/2&#8243;][vc_column_text css_animation=&#8220;fadeInRight&#8220;] W\u00e4hrend nur eine unserer &#8230; <a title=\"Hydraulic Winches\" class=\"read-more\" href=\"https:\/\/thern.com\/de\/winches\/hydraulic-winches\/\" aria-label=\"More on Hydraulic Winches\">Read more<\/a><\/p>\n","protected":false},"author":1,"featured_media":0,"parent":30940,"menu_order":0,"comment_status":"closed","ping_status":"closed","template":"","meta":{"footnotes":""},"class_list":["post-31368","page","type-page","status-publish"],"yoast_head":"<!-- This site is optimized with the Yoast SEO plugin v27.4 - https:\/\/yoast.com\/product\/yoast-seo-wordpress\/ -->\n<title>Dann hydraulische Hochleistungswinden | Thern\u00ae Winches &amp; Cranes<\/title>\n<meta name=\"description\" content=\"Die Hochleistungs-Hydraulikwinden von Thern sind auf Langlebigkeit ausgelegt und bieten \u00fcberragende Leistung sowie ultimative Kontrolle und Pr\u00e4zision.\" \/>\n<meta name=\"robots\" content=\"index, follow, max-snippet:-1, max-image-preview:large, max-video-preview:-1\" \/>\n<link rel=\"canonical\" href=\"https:\/\/thern.com\/de\/winches\/hydraulic-winches\/\" \/>\n<meta property=\"og:locale\" content=\"de_DE\" \/>\n<meta property=\"og:type\" content=\"article\" \/>\n<meta property=\"og:title\" content=\"Dann hydraulische Hochleistungswinden | Thern\u00ae Winches &amp; Cranes\" \/>\n<meta property=\"og:description\" content=\"Die Hochleistungs-Hydraulikwinden von Thern sind auf Langlebigkeit ausgelegt und bieten \u00fcberragende Leistung sowie ultimative Kontrolle und Pr\u00e4zision.\" \/>\n<meta property=\"og:url\" content=\"https:\/\/thern.com\/de\/winches\/hydraulic-winches\/\" \/>\n<meta property=\"og:site_name\" content=\"Thern\u00ae Winches &amp; Cranes\" \/>\n<meta property=\"article:publisher\" content=\"https:\/\/www.facebook.com\/ThernInc\/\" \/>\n<meta property=\"article:modified_time\" content=\"2023-10-04T19:44:36+00:00\" \/>\n<meta name=\"twitter:card\" content=\"summary_large_image\" \/>\n<meta name=\"twitter:label1\" content=\"Gesch\u00e4tzte Lesezeit\" \/>\n\t<meta name=\"twitter:data1\" content=\"2 Minuten\" \/>\n<script type=\"application\/ld+json\" class=\"yoast-schema-graph\">{\"@context\":\"https:\\\/\\\/schema.org\",\"@graph\":[{\"@type\":\"WebPage\",\"@id\":\"https:\\\/\\\/thern.com\\\/de\\\/winches\\\/hydraulic-winches\\\/\",\"url\":\"https:\\\/\\\/thern.com\\\/de\\\/winches\\\/hydraulic-winches\\\/\",\"name\":\"Dann hydraulische Hochleistungswinden | Thern\u00ae Winches &amp; Cranes\",\"isPartOf\":{\"@id\":\"https:\\\/\\\/thern.com\\\/de\\\/#website\"},\"datePublished\":\"2023-08-22T19:48:30+00:00\",\"dateModified\":\"2023-10-04T19:44:36+00:00\",\"description\":\"Die Hochleistungs-Hydraulikwinden von Thern sind auf Langlebigkeit ausgelegt und bieten \u00fcberragende Leistung sowie ultimative Kontrolle und Pr\u00e4zision.\",\"breadcrumb\":{\"@id\":\"https:\\\/\\\/thern.com\\\/de\\\/winches\\\/hydraulic-winches\\\/#breadcrumb\"},\"inLanguage\":\"de-DE\",\"potentialAction\":[{\"@type\":\"ReadAction\",\"target\":[\"https:\\\/\\\/thern.com\\\/de\\\/winches\\\/hydraulic-winches\\\/\"]}]},{\"@type\":\"BreadcrumbList\",\"@id\":\"https:\\\/\\\/thern.com\\\/de\\\/winches\\\/hydraulic-winches\\\/#breadcrumb\",\"itemListElement\":[{\"@type\":\"ListItem\",\"position\":1,\"name\":\"Home\",\"item\":\"https:\\\/\\\/thern.com\\\/de\\\/\"},{\"@type\":\"ListItem\",\"position\":2,\"name\":\"Winches\",\"item\":\"https:\\\/\\\/thern.com\\\/de\\\/winches\\\/\"},{\"@type\":\"ListItem\",\"position\":3,\"name\":\"Hydraulic Winches\"}]},{\"@type\":\"WebSite\",\"@id\":\"https:\\\/\\\/thern.com\\\/de\\\/#website\",\"url\":\"https:\\\/\\\/thern.com\\\/de\\\/\",\"name\":\"Thern\u00ae Winches &amp; Cranes\",\"description\":\"Leave the Heavy Lifting to Us\",\"publisher\":{\"@id\":\"https:\\\/\\\/thern.com\\\/de\\\/#organization\"},\"potentialAction\":[{\"@type\":\"SearchAction\",\"target\":{\"@type\":\"EntryPoint\",\"urlTemplate\":\"https:\\\/\\\/thern.com\\\/de\\\/?s={search_term_string}\"},\"query-input\":{\"@type\":\"PropertyValueSpecification\",\"valueRequired\":true,\"valueName\":\"search_term_string\"}}],\"inLanguage\":\"de-DE\"},{\"@type\":\"Organization\",\"@id\":\"https:\\\/\\\/thern.com\\\/de\\\/#organization\",\"name\":\"Thern\u00ae Winches &amp; Cranes\",\"url\":\"https:\\\/\\\/thern.com\\\/de\\\/\",\"logo\":{\"@type\":\"ImageObject\",\"inLanguage\":\"de-DE\",\"@id\":\"https:\\\/\\\/thern.com\\\/de\\\/#\\\/schema\\\/logo\\\/image\\\/\",\"url\":\"https:\\\/\\\/thern.com\\\/wp-content\\\/uploads\\\/2023\\\/11\\\/Logo_SaveForWeb-outline-FINAL-01.svg\",\"contentUrl\":\"https:\\\/\\\/thern.com\\\/wp-content\\\/uploads\\\/2023\\\/11\\\/Logo_SaveForWeb-outline-FINAL-01.svg\",\"caption\":\"Thern\u00ae Winches &amp; Cranes\"},\"image\":{\"@id\":\"https:\\\/\\\/thern.com\\\/de\\\/#\\\/schema\\\/logo\\\/image\\\/\"},\"sameAs\":[\"https:\\\/\\\/www.facebook.com\\\/ThernInc\\\/\",\"https:\\\/\\\/www.linkedin.com\\\/company\\\/thern-inc-\\\/\",\"https:\\\/\\\/www.youtube.com\\\/user\\\/ThernStage\"]}]}<\/script>\n<!-- \/ Yoast SEO plugin. -->","yoast_head_json":{"title":"Dann hydraulische Hochleistungswinden | Thern\u00ae Winches &amp; Cranes","description":"Die Hochleistungs-Hydraulikwinden von Thern sind auf Langlebigkeit ausgelegt und bieten \u00fcberragende Leistung sowie ultimative Kontrolle und Pr\u00e4zision.","robots":{"index":"index","follow":"follow","max-snippet":"max-snippet:-1","max-image-preview":"max-image-preview:large","max-video-preview":"max-video-preview:-1"},"canonical":"https:\/\/thern.com\/de\/winches\/hydraulic-winches\/","og_locale":"de_DE","og_type":"article","og_title":"Dann hydraulische Hochleistungswinden | Thern\u00ae Winches &amp; Cranes","og_description":"Die Hochleistungs-Hydraulikwinden von Thern sind auf Langlebigkeit ausgelegt und bieten \u00fcberragende Leistung sowie ultimative Kontrolle und Pr\u00e4zision.","og_url":"https:\/\/thern.com\/de\/winches\/hydraulic-winches\/","og_site_name":"Thern\u00ae Winches &amp; Cranes","article_publisher":"https:\/\/www.facebook.com\/ThernInc\/","article_modified_time":"2023-10-04T19:44:36+00:00","twitter_card":"summary_large_image","twitter_misc":{"Gesch\u00e4tzte Lesezeit":"2 Minuten"},"schema":{"@context":"https:\/\/schema.org","@graph":[{"@type":"WebPage","@id":"https:\/\/thern.com\/de\/winches\/hydraulic-winches\/","url":"https:\/\/thern.com\/de\/winches\/hydraulic-winches\/","name":"Dann hydraulische Hochleistungswinden | Thern\u00ae Winches &amp; Cranes","isPartOf":{"@id":"https:\/\/thern.com\/de\/#website"},"datePublished":"2023-08-22T19:48:30+00:00","dateModified":"2023-10-04T19:44:36+00:00","description":"Die Hochleistungs-Hydraulikwinden von Thern sind auf Langlebigkeit ausgelegt und bieten \u00fcberragende Leistung sowie ultimative Kontrolle und Pr\u00e4zision.","breadcrumb":{"@id":"https:\/\/thern.com\/de\/winches\/hydraulic-winches\/#breadcrumb"},"inLanguage":"de-DE","potentialAction":[{"@type":"ReadAction","target":["https:\/\/thern.com\/de\/winches\/hydraulic-winches\/"]}]},{"@type":"BreadcrumbList","@id":"https:\/\/thern.com\/de\/winches\/hydraulic-winches\/#breadcrumb","itemListElement":[{"@type":"ListItem","position":1,"name":"Home","item":"https:\/\/thern.com\/de\/"},{"@type":"ListItem","position":2,"name":"Winches","item":"https:\/\/thern.com\/de\/winches\/"},{"@type":"ListItem","position":3,"name":"Hydraulic Winches"}]},{"@type":"WebSite","@id":"https:\/\/thern.com\/de\/#website","url":"https:\/\/thern.com\/de\/","name":"Thern\u00ae Winches &amp; Cranes","description":"Leave the Heavy Lifting to Us","publisher":{"@id":"https:\/\/thern.com\/de\/#organization"},"potentialAction":[{"@type":"SearchAction","target":{"@type":"EntryPoint","urlTemplate":"https:\/\/thern.com\/de\/?s={search_term_string}"},"query-input":{"@type":"PropertyValueSpecification","valueRequired":true,"valueName":"search_term_string"}}],"inLanguage":"de-DE"},{"@type":"Organization","@id":"https:\/\/thern.com\/de\/#organization","name":"Thern\u00ae Winches &amp; Cranes","url":"https:\/\/thern.com\/de\/","logo":{"@type":"ImageObject","inLanguage":"de-DE","@id":"https:\/\/thern.com\/de\/#\/schema\/logo\/image\/","url":"https:\/\/thern.com\/wp-content\/uploads\/2023\/11\/Logo_SaveForWeb-outline-FINAL-01.svg","contentUrl":"https:\/\/thern.com\/wp-content\/uploads\/2023\/11\/Logo_SaveForWeb-outline-FINAL-01.svg","caption":"Thern\u00ae Winches &amp; Cranes"},"image":{"@id":"https:\/\/thern.com\/de\/#\/schema\/logo\/image\/"},"sameAs":["https:\/\/www.facebook.com\/ThernInc\/","https:\/\/www.linkedin.com\/company\/thern-inc-\/","https:\/\/www.youtube.com\/user\/ThernStage"]}]}},"_links":{"self":[{"href":"https:\/\/thern.com\/de\/wp-json\/wp\/v2\/pages\/31368","targetHints":{"allow":["GET"]}}],"collection":[{"href":"https:\/\/thern.com\/de\/wp-json\/wp\/v2\/pages"}],"about":[{"href":"https:\/\/thern.com\/de\/wp-json\/wp\/v2\/types\/page"}],"author":[{"embeddable":true,"href":"https:\/\/thern.com\/de\/wp-json\/wp\/v2\/users\/1"}],"replies":[{"embeddable":true,"href":"https:\/\/thern.com\/de\/wp-json\/wp\/v2\/comments?post=31368"}],"version-history":[{"count":0,"href":"https:\/\/thern.com\/de\/wp-json\/wp\/v2\/pages\/31368\/revisions"}],"up":[{"embeddable":true,"href":"https:\/\/thern.com\/de\/wp-json\/wp\/v2\/pages\/30940"}],"wp:attachment":[{"href":"https:\/\/thern.com\/de\/wp-json\/wp\/v2\/media?parent=31368"}],"curies":[{"name":"wp","href":"https:\/\/api.w.org\/{rel}","templated":true}]}}