{"id":31269,"date":"2023-08-22T16:56:14","date_gmt":"2023-08-22T16:56:14","guid":{"rendered":"https:\/\/therninc.wpenginepowered.com\/worm-gear-series-2000-lb\/"},"modified":"2023-12-07T19:14:27","modified_gmt":"2023-12-07T19:14:27","slug":"worm-gear-series-2000-lb","status":"publish","type":"page","link":"https:\/\/thern.com\/de\/winches\/hand-winches\/worm-gear-series-2000-lb\/","title":{"rendered":"Worm Gear Series &#8211; 2000 lb"},"content":{"rendered":"<div class=\"wpb-content-wrapper\"><p>[vc_section full_width=&#8220;stretch_row&#8220; content_placement=&#8220;middle&#8220; css=&#8220;.vc_custom_1692043564683{padding-top: 0px !important;background-image: url(https:\/\/thern.com\/wp-content\/uploads\/2023\/08\/Thern_Thern-Advantage-Difference.jpg?id=22385) !important;background-position: center !important;background-repeat: no-repeat !important;background-size: cover !important;}&#8220;][vc_row full_width=&#8220;stretch_row&#8220; css=&#8220;.vc_custom_1691686038929{padding-top: 50px !important;padding-bottom: 70px !important;background-color: rgba(0,0,0,0.35) !important;*background-color: rgb(0,0,0) !important;}&#8220;][vc_column][vc_custom_heading text=&#8220;Worm Gear Serie&#8220; font_container=&#8220;tag:h1|text_align:left|color:%23ffffff&#8220; use_theme_fonts=&#8220;yes&#8220; css_animation=&#8220;fadeInLeft&#8220;][\/vc_column][\/vc_row][\/vc_section][vc_row full_width=&#8220;stretch_row&#8220; css=&#8220;.vc_custom_1692039753206{padding-top: 65px !important;padding-bottom: 35px !important;}&#8220;][vc_column css_animation=&#8220;fadeInLeft&#8220; width=&#8220;1\/2&#8243;][vc_column_text]<\/p>\n<h4>Bis zu 2.000 Pfund Kapazit\u00e4t<\/h4>\n<p>Wenn Sie eine schwere Last heben, senken oder positionieren m\u00fcssen, sind die Handwinden mit Schneckengetriebe von Thern so konzipiert, dass sie unabh\u00e4ngig von Ihrer Anwendung hervorragende Leistung und lange Lebensdauer liefern.[\/vc_column_text][vc_custom_heading text=&#8220;Schnelle Fakten&#8220; font_container=&#8220;tag:h4|text_align:left|color:%23000000&#8243; use_theme_fonts=&#8220;yes&#8220;][vc_column_text]<\/p>\n<ul>\n<li>Bis zu 907 kg Tragf\u00e4higkeit<\/li>\n<li>Maschinell gefertigte Schneckenr\u00e4der<\/li>\n<li>Modelle mit automatischer Bremse<\/li>\n<li>Montagem\u00f6glichkeiten<\/li>\n<li>Korrosionsbest\u00e4ndig<\/li>\n<li>Zweij\u00e4hrige eingeschr\u00e4nkte Garantie<\/li>\n<\/ul>\n<p>[\/vc_column_text][vc_custom_heading text=&#8220;Serienmodelle&#8220; font_container=&#8220;tag:h4|text_align:left|color:%23000000&#8243; use_theme_fonts=&#8220;yes&#8220;][vc_column_text]<\/p>\n<ul>\n<li>465<\/li>\n<li>462<\/li>\n<li>4622PB<\/li>\n<li>472<\/li>\n<li>4WM2<\/li>\n<\/ul>\n<p>[\/vc_column_text][vc_custom_heading text=&#8220;Ben\u00f6tigen Sie ein Angebot?&#8220; font_container=&#8220;tag:h4|text_align:left|color:%23000000&#8243; use_theme_fonts=&#8220;yes&#8220;][vc_column_text]Wenn Sie nicht sicher sind, welches Produkt Sie ben\u00f6tigen und ein Angebot w\u00fcnschen, f\u00fcllen Sie bitte ein Anfrageformular aus.[\/vc_column_text][vc_btn title=&#8220;Ein Angebot bekommen&#8220; style=&#8220;custom&#8220; custom_background=&#8220;#c71a32&#8243; custom_text=&#8220;#ffffff&#8220; shape=&#8220;square&#8220; size=&#8220;lg&#8220; align=&#8220;left&#8220; i_align=&#8220;right&#8220; i_icon_fontawesome=&#8220;fas fa-angle-right&#8220; add_icon=&#8220;true&#8220; link=&#8220;url:%2Fde%2Fcontact%2F%3Fquery_type%3Dwinch-inquiry|title:Crane%20Inquiry&#8220;][\/vc_column][vc_column css_animation=&#8220;fadeInRight&#8220; width=&#8220;1\/2&#8243;][vc_single_image image=&#8220;23069&#8243; img_size=&#8220;full&#8220; alignment=&#8220;center&#8220;][vc_row_inner][vc_column_inner width=&#8220;1\/4&#8243;][vc_single_image image=&#8220;22667&#8243; img_size=&#8220;full&#8220; el_class=&#8220;iso-img&#8220;][\/vc_column_inner][vc_column_inner width=&#8220;3\/4&#8243;][vc_column_text]<em><b>Worm Gear Series <\/b>\u2014 Modell 465 &amp; 4WM2.<\/em>[\/vc_column_text][\/vc_column_inner][\/vc_row_inner][\/vc_column][\/vc_row][vc_row css_animation=&#8220;fadeInUp&#8220;][vc_column][vc_separator border_width=&#8220;2&#8243;][\/vc_column][\/vc_row][vc_row css_animation=&#8220;fadeInUp&#8220; css=&#8220;.vc_custom_1695052207257{padding-top: 35px !important;padding-bottom: 35px !important;}&#8220;][vc_column][vc_tta_tabs section_title_tag=&#8220;p&#8220; shape=&#8220;square&#8220; color=&#8220;white&#8220; spacing=&#8220;3&#8243; active_section=&#8220;1&#8243; el_class=&#8220;product-table&#8220;][vc_tta_section title=&#8220;Features&#8220; tab_id=&#8220;1692207850226-d4d67dc2-b36d&#8220;][vc_raw_html]JTVCc3BfZWFzeWFjY29yZGlvbiUyMGlkJTNEJTIyMjMwNzAlMjIlNUQ=[\/vc_raw_html][\/vc_tta_section][vc_tta_section title=&#8220;Performance Specs&#8220; tab_id=&#8220;1692039789431-ca69a18a-2782&#8243;][vc_single_image image=&#8220;28279&#8243; img_size=&#8220;full&#8220; alignment=&#8220;center&#8220; onclick=&#8220;img_link_large&#8220;][vc_single_image image=&#8220;29558&#8243; img_size=&#8220;full&#8220; alignment=&#8220;center&#8220; onclick=&#8220;img_link_large&#8220;][vc_single_image image=&#8220;30669&#8243; img_size=&#8220;full&#8220; alignment=&#8220;center&#8220; onclick=&#8220;img_link_large&#8220;][\/vc_tta_section][vc_tta_section title=&#8220;Accessories\/Options&#8220; tab_id=&#8220;1692039948045-056967c6-6c73&#8243;][vc_raw_html]JTVCc3BfZWFzeWFjY29yZGlvbiUyMGlkJTNEJTIyMjMwNzMlMjIlNUQ=[\/vc_raw_html][\/vc_tta_section][vc_tta_section title=&#8220;Dimensions&#8220; tab_id=&#8220;1692039955917-a587e6bc-620b&#8220;][vc_single_image image=&#8220;29548&#8243; img_size=&#8220;full&#8220; alignment=&#8220;center&#8220; onclick=&#8220;img_link_large&#8220;][vc_single_image image=&#8220;29553&#8243; img_size=&#8220;full&#8220; alignment=&#8220;center&#8220; onclick=&#8220;img_link_large&#8220;][\/vc_tta_section][vc_tta_section title=&#8220;Resources&#8220; tab_id=&#8220;1692039964442-bee59ceb-d9fb&#8220;][vc_column_text]<\/p>\n<h4>Owner&#8217;s Manual<\/h4>\n<p><a href=\"\/wp-content\/uploads\/2023\/08\/A5368-F0218_465-Worm-Gear-Hand-Winch.pdf\" target=\"_blank\" rel=\"noopener\">465 (A5368F-0218)<\/a><\/p>\n<h4>Product Sheet<\/h4>\n<p><a href=\"\/wp-content\/uploads\/2023\/08\/Worm-Gear-Product-Sheet_PSWG-A-0221.pdf\" target=\"_blank\" rel=\"noopener\">Worm Gear Product Sheet (PSWG-A-0221)<\/a><\/p>\n<h4>At A Glance<\/h4>\n<p><a href=\"\/wp-content\/uploads\/2023\/08\/Thern-Winches-at-a-Glance_WAAG-A-0221.pdf\" target=\"_blank\" rel=\"noopener\">Thern Winches At A Glance<\/a><\/p>\n<h4>Industrial Brochure<\/h4>\n<p><a href=\"\/wp-content\/uploads\/2023\/08\/Thern-Industrial-Brochure_BRIN-A-0221.pdf\" target=\"_blank\" rel=\"noopener\">Thern Industrial Brochure (BRIN-A-0221)<\/a>[\/vc_column_text][\/vc_tta_section][\/vc_tta_tabs][\/vc_column][\/vc_row][vc_row full_width=&#8220;stretch_row&#8220; css=&#8220;.vc_custom_1692043286515{padding-top: 35px !important;padding-bottom: 65px !important;background-color: #ececec !important;}&#8220; el_class=&#8220;frequently-paired-with&#8220;][vc_column][vc_custom_heading text=&#8220;H\u00e4ufig gepaart mit&#8220; font_container=&#8220;tag:h2|text_align:center|color:%23000000&#8243; use_theme_fonts=&#8220;yes&#8220; css_animation=&#8220;fadeInUp&#8220; css=&#8220;.vc_custom_1696347013041{padding-bottom: 35px !important;}&#8220;][\/vc_column][vc_column css_animation=&#8220;fadeInUp&#8220; width=&#8220;1\/3&#8243;][vc_single_image image=&#8220;22695&#8243; img_size=&#8220;full&#8220; alignment=&#8220;center&#8220; onclick=&#8220;custom_link&#8220; link=&#8220;\/de\/custom-engineering-services\/&#8220;][vc_custom_heading text=&#8220;Kundenspezifische Kr\u00e4ne und Winden&#8220; font_container=&#8220;tag:h4|text_align:center|color:%23000000&#8243; use_theme_fonts=&#8220;yes&#8220;][\/vc_column][vc_column css_animation=&#8220;fadeInUp&#8220; width=&#8220;1\/3&#8243;][vc_single_image image=&#8220;22696&#8243; img_size=&#8220;full&#8220; alignment=&#8220;center&#8220; onclick=&#8220;custom_link&#8220; link=&#8220;\/de\/winches\/electric-controls\/&#8220;][vc_custom_heading text=&#8220;Elektrische Steuerungen&#8220; font_container=&#8220;tag:h4|text_align:center|color:%23000000&#8243; use_theme_fonts=&#8220;yes&#8220;][\/vc_column][vc_column css_animation=&#8220;fadeInUp&#8220; width=&#8220;1\/3&#8243;][vc_single_image image=&#8220;22697&#8243; img_size=&#8220;full&#8220; alignment=&#8220;center&#8220; onclick=&#8220;custom_link&#8220; link=&#8220;\/de\/ropes-and-rigging\/&#8220;][vc_custom_heading text=&#8220;Drahtseilbaugruppen&#8220; font_container=&#8220;tag:h4|text_align:center|color:%23000000&#8243; use_theme_fonts=&#8220;yes&#8220;][\/vc_column][\/vc_row]<\/p>\n<\/div>","protected":false},"excerpt":{"rendered":"<p>[vc_section full_width=&#8220;stretch_row&#8220; content_placement=&#8220;middle&#8220; css=&#8220;.vc_custom_1692043564683{padding-top: 0px !important;background-image: url(https:\/\/thern.com\/wp-content\/uploads\/2023\/08\/Thern_Thern-Advantage-Difference.jpg?id=22385) !important;background-position: center !important;background-repeat: no-repeat !important;background-size: cover !important;}&#8220;][vc_row full_width=&#8220;stretch_row&#8220; css=&#8220;.vc_custom_1691686038929{padding-top: 50px !important;padding-bottom: 70px !important;background-color: rgba(0,0,0,0.35) !important;*background-color: rgb(0,0,0) !important;}&#8220;][vc_column][vc_custom_heading text=&#8220;Worm Gear Serie&#8220; font_container=&#8220;tag:h1|text_align:left|color:%23ffffff&#8220; use_theme_fonts=&#8220;yes&#8220; css_animation=&#8220;fadeInLeft&#8220;][\/vc_column][\/vc_row][\/vc_section][vc_row full_width=&#8220;stretch_row&#8220; css=&#8220;.vc_custom_1692039753206{padding-top: 65px !important;padding-bottom: 35px !important;}&#8220;][vc_column css_animation=&#8220;fadeInLeft&#8220; width=&#8220;1\/2&#8243;][vc_column_text] Bis zu 2.000 Pfund Kapazit\u00e4t Wenn Sie eine schwere Last heben, senken oder positionieren m\u00fcssen, sind die &#8230; <a title=\"Worm Gear Series &#8211; 2000 lb\" class=\"read-more\" href=\"https:\/\/thern.com\/de\/winches\/hand-winches\/worm-gear-series-2000-lb\/\" aria-label=\"More on Worm Gear Series &#8211; 2000 lb\">Read more<\/a><\/p>\n","protected":false},"author":1,"featured_media":0,"parent":32482,"menu_order":0,"comment_status":"closed","ping_status":"closed","template":"","meta":{"footnotes":""},"class_list":["post-31269","page","type-page","status-publish"],"yoast_head":"<!-- This site is optimized with the Yoast SEO plugin v27.4 - https:\/\/yoast.com\/product\/yoast-seo-wordpress\/ -->\n<title>Handwinde der Schneckengetriebeserie 2.000 pfund | Thern\u00ae Winches &amp; Cranes<\/title>\n<meta name=\"description\" content=\"Die Handwinde der Worm Gear-Serie von Thern mit einer Tragkraft von 2.000 Pfund bietet \u00fcberlegene manuelle Leistung und wird mit Stolz in den USA hergestellt. Windenspezifikationen ansehen!\" \/>\n<meta name=\"robots\" content=\"index, follow, max-snippet:-1, max-image-preview:large, max-video-preview:-1\" \/>\n<link rel=\"canonical\" href=\"https:\/\/thern.com\/de\/winches\/hand-winches\/worm-gear-series-2000-lb\/\" \/>\n<meta property=\"og:locale\" content=\"de_DE\" \/>\n<meta property=\"og:type\" content=\"article\" \/>\n<meta property=\"og:title\" content=\"Handwinde der Schneckengetriebeserie 2.000 pfund | Thern\u00ae Winches &amp; Cranes\" \/>\n<meta property=\"og:description\" content=\"Die Handwinde der Worm Gear-Serie von Thern mit einer Tragkraft von 2.000 Pfund bietet \u00fcberlegene manuelle Leistung und wird mit Stolz in den USA hergestellt. Windenspezifikationen ansehen!\" \/>\n<meta property=\"og:url\" content=\"https:\/\/thern.com\/de\/winches\/hand-winches\/worm-gear-series-2000-lb\/\" \/>\n<meta property=\"og:site_name\" content=\"Thern\u00ae Winches &amp; Cranes\" \/>\n<meta property=\"article:publisher\" content=\"https:\/\/www.facebook.com\/ThernInc\/\" \/>\n<meta property=\"article:modified_time\" content=\"2023-12-07T19:14:27+00:00\" \/>\n<meta name=\"twitter:card\" content=\"summary_large_image\" \/>\n<meta name=\"twitter:label1\" content=\"Gesch\u00e4tzte Lesezeit\" \/>\n\t<meta name=\"twitter:data1\" content=\"2 Minuten\" \/>\n<script type=\"application\/ld+json\" class=\"yoast-schema-graph\">{\"@context\":\"https:\\\/\\\/schema.org\",\"@graph\":[{\"@type\":\"WebPage\",\"@id\":\"https:\\\/\\\/thern.com\\\/de\\\/winches\\\/hand-winches\\\/worm-gear-series-2000-lb\\\/\",\"url\":\"https:\\\/\\\/thern.com\\\/de\\\/winches\\\/hand-winches\\\/worm-gear-series-2000-lb\\\/\",\"name\":\"Handwinde der Schneckengetriebeserie 2.000 pfund | Thern\u00ae Winches &amp; Cranes\",\"isPartOf\":{\"@id\":\"https:\\\/\\\/thern.com\\\/de\\\/#website\"},\"datePublished\":\"2023-08-22T16:56:14+00:00\",\"dateModified\":\"2023-12-07T19:14:27+00:00\",\"description\":\"Die Handwinde der Worm Gear-Serie von Thern mit einer Tragkraft von 2.000 Pfund bietet \u00fcberlegene manuelle Leistung und wird mit Stolz in den USA hergestellt. Windenspezifikationen ansehen!\",\"breadcrumb\":{\"@id\":\"https:\\\/\\\/thern.com\\\/de\\\/winches\\\/hand-winches\\\/worm-gear-series-2000-lb\\\/#breadcrumb\"},\"inLanguage\":\"de-DE\",\"potentialAction\":[{\"@type\":\"ReadAction\",\"target\":[\"https:\\\/\\\/thern.com\\\/de\\\/winches\\\/hand-winches\\\/worm-gear-series-2000-lb\\\/\"]}]},{\"@type\":\"BreadcrumbList\",\"@id\":\"https:\\\/\\\/thern.com\\\/de\\\/winches\\\/hand-winches\\\/worm-gear-series-2000-lb\\\/#breadcrumb\",\"itemListElement\":[{\"@type\":\"ListItem\",\"position\":1,\"name\":\"Home\",\"item\":\"https:\\\/\\\/thern.com\\\/de\\\/\"},{\"@type\":\"ListItem\",\"position\":2,\"name\":\"Winches\",\"item\":\"https:\\\/\\\/thern.com\\\/de\\\/winches\\\/\"},{\"@type\":\"ListItem\",\"position\":3,\"name\":\"Hand Winches\",\"item\":\"https:\\\/\\\/thern.com\\\/de\\\/winches\\\/hand-winches\\\/\"},{\"@type\":\"ListItem\",\"position\":4,\"name\":\"Worm Gear Series &#8211; 2000 lb\"}]},{\"@type\":\"WebSite\",\"@id\":\"https:\\\/\\\/thern.com\\\/de\\\/#website\",\"url\":\"https:\\\/\\\/thern.com\\\/de\\\/\",\"name\":\"Thern\u00ae Winches &amp; Cranes\",\"description\":\"Leave the Heavy Lifting to Us\",\"publisher\":{\"@id\":\"https:\\\/\\\/thern.com\\\/de\\\/#organization\"},\"potentialAction\":[{\"@type\":\"SearchAction\",\"target\":{\"@type\":\"EntryPoint\",\"urlTemplate\":\"https:\\\/\\\/thern.com\\\/de\\\/?s={search_term_string}\"},\"query-input\":{\"@type\":\"PropertyValueSpecification\",\"valueRequired\":true,\"valueName\":\"search_term_string\"}}],\"inLanguage\":\"de-DE\"},{\"@type\":\"Organization\",\"@id\":\"https:\\\/\\\/thern.com\\\/de\\\/#organization\",\"name\":\"Thern\u00ae Winches &amp; Cranes\",\"url\":\"https:\\\/\\\/thern.com\\\/de\\\/\",\"logo\":{\"@type\":\"ImageObject\",\"inLanguage\":\"de-DE\",\"@id\":\"https:\\\/\\\/thern.com\\\/de\\\/#\\\/schema\\\/logo\\\/image\\\/\",\"url\":\"https:\\\/\\\/thern.com\\\/wp-content\\\/uploads\\\/2023\\\/11\\\/Logo_SaveForWeb-outline-FINAL-01.svg\",\"contentUrl\":\"https:\\\/\\\/thern.com\\\/wp-content\\\/uploads\\\/2023\\\/11\\\/Logo_SaveForWeb-outline-FINAL-01.svg\",\"caption\":\"Thern\u00ae Winches &amp; Cranes\"},\"image\":{\"@id\":\"https:\\\/\\\/thern.com\\\/de\\\/#\\\/schema\\\/logo\\\/image\\\/\"},\"sameAs\":[\"https:\\\/\\\/www.facebook.com\\\/ThernInc\\\/\",\"https:\\\/\\\/www.linkedin.com\\\/company\\\/thern-inc-\\\/\",\"https:\\\/\\\/www.youtube.com\\\/user\\\/ThernStage\"]}]}<\/script>\n<!-- \/ Yoast SEO plugin. -->","yoast_head_json":{"title":"Handwinde der Schneckengetriebeserie 2.000 pfund | Thern\u00ae Winches &amp; Cranes","description":"Die Handwinde der Worm Gear-Serie von Thern mit einer Tragkraft von 2.000 Pfund bietet \u00fcberlegene manuelle Leistung und wird mit Stolz in den USA hergestellt. Windenspezifikationen ansehen!","robots":{"index":"index","follow":"follow","max-snippet":"max-snippet:-1","max-image-preview":"max-image-preview:large","max-video-preview":"max-video-preview:-1"},"canonical":"https:\/\/thern.com\/de\/winches\/hand-winches\/worm-gear-series-2000-lb\/","og_locale":"de_DE","og_type":"article","og_title":"Handwinde der Schneckengetriebeserie 2.000 pfund | Thern\u00ae Winches &amp; Cranes","og_description":"Die Handwinde der Worm Gear-Serie von Thern mit einer Tragkraft von 2.000 Pfund bietet \u00fcberlegene manuelle Leistung und wird mit Stolz in den USA hergestellt. Windenspezifikationen ansehen!","og_url":"https:\/\/thern.com\/de\/winches\/hand-winches\/worm-gear-series-2000-lb\/","og_site_name":"Thern\u00ae Winches &amp; Cranes","article_publisher":"https:\/\/www.facebook.com\/ThernInc\/","article_modified_time":"2023-12-07T19:14:27+00:00","twitter_card":"summary_large_image","twitter_misc":{"Gesch\u00e4tzte Lesezeit":"2 Minuten"},"schema":{"@context":"https:\/\/schema.org","@graph":[{"@type":"WebPage","@id":"https:\/\/thern.com\/de\/winches\/hand-winches\/worm-gear-series-2000-lb\/","url":"https:\/\/thern.com\/de\/winches\/hand-winches\/worm-gear-series-2000-lb\/","name":"Handwinde der Schneckengetriebeserie 2.000 pfund | Thern\u00ae Winches &amp; Cranes","isPartOf":{"@id":"https:\/\/thern.com\/de\/#website"},"datePublished":"2023-08-22T16:56:14+00:00","dateModified":"2023-12-07T19:14:27+00:00","description":"Die Handwinde der Worm Gear-Serie von Thern mit einer Tragkraft von 2.000 Pfund bietet \u00fcberlegene manuelle Leistung und wird mit Stolz in den USA hergestellt. Windenspezifikationen ansehen!","breadcrumb":{"@id":"https:\/\/thern.com\/de\/winches\/hand-winches\/worm-gear-series-2000-lb\/#breadcrumb"},"inLanguage":"de-DE","potentialAction":[{"@type":"ReadAction","target":["https:\/\/thern.com\/de\/winches\/hand-winches\/worm-gear-series-2000-lb\/"]}]},{"@type":"BreadcrumbList","@id":"https:\/\/thern.com\/de\/winches\/hand-winches\/worm-gear-series-2000-lb\/#breadcrumb","itemListElement":[{"@type":"ListItem","position":1,"name":"Home","item":"https:\/\/thern.com\/de\/"},{"@type":"ListItem","position":2,"name":"Winches","item":"https:\/\/thern.com\/de\/winches\/"},{"@type":"ListItem","position":3,"name":"Hand Winches","item":"https:\/\/thern.com\/de\/winches\/hand-winches\/"},{"@type":"ListItem","position":4,"name":"Worm Gear Series &#8211; 2000 lb"}]},{"@type":"WebSite","@id":"https:\/\/thern.com\/de\/#website","url":"https:\/\/thern.com\/de\/","name":"Thern\u00ae Winches &amp; Cranes","description":"Leave the Heavy Lifting to Us","publisher":{"@id":"https:\/\/thern.com\/de\/#organization"},"potentialAction":[{"@type":"SearchAction","target":{"@type":"EntryPoint","urlTemplate":"https:\/\/thern.com\/de\/?s={search_term_string}"},"query-input":{"@type":"PropertyValueSpecification","valueRequired":true,"valueName":"search_term_string"}}],"inLanguage":"de-DE"},{"@type":"Organization","@id":"https:\/\/thern.com\/de\/#organization","name":"Thern\u00ae Winches &amp; Cranes","url":"https:\/\/thern.com\/de\/","logo":{"@type":"ImageObject","inLanguage":"de-DE","@id":"https:\/\/thern.com\/de\/#\/schema\/logo\/image\/","url":"https:\/\/thern.com\/wp-content\/uploads\/2023\/11\/Logo_SaveForWeb-outline-FINAL-01.svg","contentUrl":"https:\/\/thern.com\/wp-content\/uploads\/2023\/11\/Logo_SaveForWeb-outline-FINAL-01.svg","caption":"Thern\u00ae Winches &amp; Cranes"},"image":{"@id":"https:\/\/thern.com\/de\/#\/schema\/logo\/image\/"},"sameAs":["https:\/\/www.facebook.com\/ThernInc\/","https:\/\/www.linkedin.com\/company\/thern-inc-\/","https:\/\/www.youtube.com\/user\/ThernStage"]}]}},"_links":{"self":[{"href":"https:\/\/thern.com\/de\/wp-json\/wp\/v2\/pages\/31269","targetHints":{"allow":["GET"]}}],"collection":[{"href":"https:\/\/thern.com\/de\/wp-json\/wp\/v2\/pages"}],"about":[{"href":"https:\/\/thern.com\/de\/wp-json\/wp\/v2\/types\/page"}],"author":[{"embeddable":true,"href":"https:\/\/thern.com\/de\/wp-json\/wp\/v2\/users\/1"}],"replies":[{"embeddable":true,"href":"https:\/\/thern.com\/de\/wp-json\/wp\/v2\/comments?post=31269"}],"version-history":[{"count":0,"href":"https:\/\/thern.com\/de\/wp-json\/wp\/v2\/pages\/31269\/revisions"}],"up":[{"embeddable":true,"href":"https:\/\/thern.com\/de\/wp-json\/wp\/v2\/pages\/32482"}],"wp:attachment":[{"href":"https:\/\/thern.com\/de\/wp-json\/wp\/v2\/media?parent=31269"}],"curies":[{"name":"wp","href":"https:\/\/api.w.org\/{rel}","templated":true}]}}