{"id":31099,"date":"2023-08-22T14:56:42","date_gmt":"2023-08-22T14:56:42","guid":{"rendered":"https:\/\/therninc.wpenginepowered.com\/capstan-winch\/"},"modified":"2023-10-03T19:03:16","modified_gmt":"2023-10-03T19:03:16","slug":"capstan-winch","status":"publish","type":"page","link":"https:\/\/thern.com\/de\/winches\/portable-electric-winches\/capstan-winch\/","title":{"rendered":"Capstan Winch"},"content":{"rendered":"<div class=\"wpb-content-wrapper\"><p>[vc_section full_width=&#8220;stretch_row&#8220; full_height=&#8220;yes&#8220; content_placement=&#8220;bottom&#8220; video_bg=&#8220;yes&#8220; video_bg_url=&#8220;https:\/\/www.youtube.com\/watch?v=hHLPI_wtZ3w&#8220; css=&#8220;.vc_custom_1695830183207{padding-top: 0px !important;background-color: #000000 !important;background-position: center !important;background-repeat: no-repeat !important;background-size: cover !important;}&#8220;][vc_row full_width=&#8220;stretch_row&#8220; css=&#8220;.vc_custom_1691686038929{padding-top: 50px !important;padding-bottom: 70px !important;background-color: rgba(0,0,0,0.35) !important;*background-color: rgb(0,0,0) !important;}&#8220;][vc_column][vc_custom_heading text=&#8220;Liberty<sup>\u00ae<\/sup> Serie&#8220; font_container=&#8220;tag:h1|text_align:left|color:%23ffffff&#8220; use_theme_fonts=&#8220;yes&#8220; css_animation=&#8220;fadeInLeft&#8220;][\/vc_column][\/vc_row][\/vc_section][vc_row full_width=&#8220;stretch_row&#8220; css=&#8220;.vc_custom_1692039753206{padding-top: 65px !important;padding-bottom: 35px !important;}&#8220;][vc_column css_animation=&#8220;fadeInLeft&#8220; width=&#8220;1\/2&#8243;][vc_column_text]<\/p>\n<h4>TRAGBARE Spillwinde mit drehbarer Basis<\/h4>\n<p>Die Spillwinde der Thern Liberty\u00ae-Serie mit integrierter Drehbasis bietet tragbare Kraft zum Heben, Ziehen und Spannen in nahezu jedem Winkel. Noch wichtiger ist, dass der leise Betrieb die Teamkommunikation verbessert und so die Produktivit\u00e4t steigert. Unter anderem eignet es sich perfekt f\u00fcr den Bau von Aufzugssch\u00e4chten und Mobilfunkmasten. Die Pulverbeschichtung und die korrosionsbest\u00e4ndigen Komponenten gew\u00e4hrleisten einen zuverl\u00e4ssigen Betrieb \u00fcber viele Jahre.[\/vc_column_text][vc_custom_heading text=&#8220;Schnelle Fakten&#8220; font_container=&#8220;tag:h4|text_align:left|color:%23000000&#8243; use_theme_fonts=&#8220;yes&#8220;][vc_column_text]<\/p>\n<ul>\n<li>Bis zu 2.000 lb Kapazit\u00e4t (900 kg)<\/li>\n<li>Leiser Betrieb<\/li>\n<li>Erweiterter Arbeitszyklus<\/li>\n<li>Extrem tragbar<\/li>\n<li>Erweiterte Sicherheitsfunktionen<\/li>\n<li>Erh\u00f6hte Produktivit\u00e4t<\/li>\n<li>Wartungsfrei<\/li>\n<li>Branchenf\u00fchrende Garantie<\/li>\n<\/ul>\n<p>[\/vc_column_text][vc_custom_heading text=&#8220;Serienmodelle&#8220; font_container=&#8220;tag:h4|text_align:left|color:%23000000&#8243; use_theme_fonts=&#8220;yes&#8220;][vc_column_text]<\/p>\n<ul>\n<li>3CP1S-AFS<\/li>\n<li>3CP1M-AFS<\/li>\n<li>3CP2S-AFS<\/li>\n<\/ul>\n<p>[\/vc_column_text][vc_custom_heading text=&#8220;Ben\u00f6tigen Sie ein Angebot?&#8220; font_container=&#8220;tag:h4|text_align:left|color:%23000000&#8243; use_theme_fonts=&#8220;yes&#8220;][vc_column_text]Wenn Sie nicht sicher sind, welches Produkt Sie ben\u00f6tigen und ein Angebot w\u00fcnschen, f\u00fcllen Sie bitte ein Anfrageformular aus.[\/vc_column_text][vc_btn title=&#8220;Ein Angebot bekommen&#8220; style=&#8220;custom&#8220; custom_background=&#8220;#c71a32&#8243; custom_text=&#8220;#ffffff&#8220; shape=&#8220;square&#8220; size=&#8220;lg&#8220; align=&#8220;left&#8220; i_align=&#8220;right&#8220; i_icon_fontawesome=&#8220;fas fa-angle-right&#8220; add_icon=&#8220;true&#8220; link=&#8220;url:%2Fde%2Fcontact%2F%3Fquery_type%3Dwinch-inquiry|title:Crane%20Inquiry&#8220;][\/vc_column][vc_column css_animation=&#8220;fadeInRight&#8220; width=&#8220;1\/2&#8243;][vc_single_image image=&#8220;23005&#8243; img_size=&#8220;full&#8220; alignment=&#8220;center&#8220;][vc_row_inner][vc_column_inner width=&#8220;1\/4&#8243;][vc_single_image image=&#8220;22667&#8243; img_size=&#8220;full&#8220; el_class=&#8220;iso-img&#8220;][\/vc_column_inner][vc_column_inner width=&#8220;3\/4&#8243;][vc_column_text]<em><b>Capstan Winch <\/b>\u2014 3CP1S-AFS \/ 3CP1M-AFS (Schwenkmontage \/ Feste Montage).<\/em>[\/vc_column_text][\/vc_column_inner][\/vc_row_inner][\/vc_column][\/vc_row][vc_row css_animation=&#8220;fadeInUp&#8220;][vc_column][vc_separator border_width=&#8220;2&#8243;][\/vc_column][\/vc_row][vc_row css_animation=&#8220;fadeInUp&#8220; css=&#8220;.vc_custom_1695051560180{padding-top: 35px !important;padding-bottom: 35px !important;}&#8220;][vc_column][vc_tta_tabs section_title_tag=&#8220;p&#8220; shape=&#8220;square&#8220; color=&#8220;white&#8220; spacing=&#8220;3&#8243; active_section=&#8220;1&#8243; el_class=&#8220;product-table&#8220;][vc_tta_section title=&#8220;Features&#8220; tab_id=&#8220;1692207850226-d4d67dc2-b36d&#8220;][vc_raw_html]JTVCc3BfZWFzeWFjY29yZGlvbiUyMGlkJTNEJTIyMjMwMDYlMjIlNUQ=[\/vc_raw_html][\/vc_tta_section][vc_tta_section title=&#8220;Performance Specs&#8220; tab_id=&#8220;1692039789431-ca69a18a-2782&#8243;][vc_single_image image=&#8220;23739&#8243; img_size=&#8220;full&#8220; alignment=&#8220;center&#8220; onclick=&#8220;img_link_large&#8220;][\/vc_tta_section][vc_tta_section title=&#8220;Accessories\/Options&#8220; tab_id=&#8220;1692039948045-056967c6-6c73&#8243;][vc_raw_html]JTVCc3BfZWFzeWFjY29yZGlvbiUyMGlkJTNEJTIyMjMwMDglMjIlNUQ=[\/vc_raw_html][\/vc_tta_section][vc_tta_section title=&#8220;Dimensions&#8220; tab_id=&#8220;1692039955917-a587e6bc-620b&#8220;][vc_single_image image=&#8220;23738&#8243; img_size=&#8220;full&#8220; alignment=&#8220;center&#8220; onclick=&#8220;img_link_large&#8220;][vc_single_image image=&#8220;23737&#8243; img_size=&#8220;full&#8220; alignment=&#8220;center&#8220; onclick=&#8220;img_link_large&#8220;][\/vc_tta_section][vc_tta_section title=&#8220;Resources&#8220; tab_id=&#8220;1692039964442-bee59ceb-d9fb&#8220;][vc_column_text]<\/p>\n<h4>Owner&#8217;s Manual<\/h4>\n<p><a href=\"\/wp-content\/uploads\/2023\/08\/A21392-E-1122_3CP-Liberty-Series-Capstan-Winches.pdf\" target=\"_blank\" rel=\"noopener\">3CP Liberty Series Capstan Winches (A21392-E-1122)<\/a><\/p>\n<h4>Product Sheet<\/h4>\n<p><a href=\"\/wp-content\/uploads\/2023\/08\/Liberty-Capstan-Product-Sheet_PS3CP-B-0922.pdf\" target=\"_blank\" rel=\"noopener\">Liberty Capstan Product Sheet (PS3CP-B-0922)<\/a><\/p>\n<h4>At A Glance<\/h4>\n<p><a href=\"\/wp-content\/uploads\/2023\/08\/Thern-Winches-at-a-Glance_WAAG-A-0221.pdf\" target=\"_blank\" rel=\"noopener\">Thern Winches At A Glance<\/a><\/p>\n<h4>Industrial Brochure<\/h4>\n<p><a href=\"\/wp-content\/uploads\/2023\/08\/Thern-Industrial-Brochure_BRIN-A-0221.pdf\" target=\"_blank\" rel=\"noopener\">Thern Industrial Brochure (BRIN-A-0221)<\/a>[\/vc_column_text][\/vc_tta_section][\/vc_tta_tabs][\/vc_column][\/vc_row][vc_row full_width=&#8220;stretch_row&#8220; css=&#8220;.vc_custom_1692043286515{padding-top: 35px !important;padding-bottom: 65px !important;background-color: #ececec !important;}&#8220; el_class=&#8220;frequently-paired-with&#8220;][vc_column][vc_custom_heading text=&#8220;H\u00e4ufig gepaart mit&#8220; font_container=&#8220;tag:h2|text_align:center|color:%23000000&#8243; use_theme_fonts=&#8220;yes&#8220; css_animation=&#8220;fadeInUp&#8220; css=&#8220;.vc_custom_1696347013041{padding-bottom: 35px !important;}&#8220;][\/vc_column][vc_column css_animation=&#8220;fadeInUp&#8220; width=&#8220;1\/3&#8243;][vc_single_image image=&#8220;22695&#8243; img_size=&#8220;full&#8220; alignment=&#8220;center&#8220; onclick=&#8220;custom_link&#8220; link=&#8220;\/de\/custom-engineering-services\/&#8220;][vc_custom_heading text=&#8220;Kundenspezifische Kr\u00e4ne und Winden&#8220; font_container=&#8220;tag:h4|text_align:center|color:%23000000&#8243; use_theme_fonts=&#8220;yes&#8220;][\/vc_column][vc_column css_animation=&#8220;fadeInUp&#8220; width=&#8220;1\/3&#8243;][vc_single_image image=&#8220;22696&#8243; img_size=&#8220;full&#8220; alignment=&#8220;center&#8220; onclick=&#8220;custom_link&#8220; link=&#8220;\/de\/winches\/electric-controls\/&#8220;][vc_custom_heading text=&#8220;Elektrische Steuerungen&#8220; font_container=&#8220;tag:h4|text_align:center|color:%23000000&#8243; use_theme_fonts=&#8220;yes&#8220;][\/vc_column][vc_column css_animation=&#8220;fadeInUp&#8220; width=&#8220;1\/3&#8243;][vc_single_image image=&#8220;22697&#8243; img_size=&#8220;full&#8220; alignment=&#8220;center&#8220; onclick=&#8220;custom_link&#8220; link=&#8220;\/de\/ropes-and-rigging\/&#8220;][vc_custom_heading text=&#8220;Drahtseilbaugruppen&#8220; font_container=&#8220;tag:h4|text_align:center|color:%23000000&#8243; use_theme_fonts=&#8220;yes&#8220;][\/vc_column][\/vc_row]<\/p>\n<\/div>","protected":false},"excerpt":{"rendered":"<p>[vc_section full_width=&#8220;stretch_row&#8220; full_height=&#8220;yes&#8220; content_placement=&#8220;bottom&#8220; video_bg=&#8220;yes&#8220; video_bg_url=&#8220;https:\/\/www.youtube.com\/watch?v=hHLPI_wtZ3w&#8220; css=&#8220;.vc_custom_1695830183207{padding-top: 0px !important;background-color: #000000 !important;background-position: center !important;background-repeat: no-repeat !important;background-size: cover !important;}&#8220;][vc_row full_width=&#8220;stretch_row&#8220; css=&#8220;.vc_custom_1691686038929{padding-top: 50px !important;padding-bottom: 70px !important;background-color: rgba(0,0,0,0.35) !important;*background-color: rgb(0,0,0) !important;}&#8220;][vc_column][vc_custom_heading text=&#8220;Liberty\u00ae Serie&#8220; font_container=&#8220;tag:h1|text_align:left|color:%23ffffff&#8220; use_theme_fonts=&#8220;yes&#8220; css_animation=&#8220;fadeInLeft&#8220;][\/vc_column][\/vc_row][\/vc_section][vc_row full_width=&#8220;stretch_row&#8220; css=&#8220;.vc_custom_1692039753206{padding-top: 65px !important;padding-bottom: 35px !important;}&#8220;][vc_column css_animation=&#8220;fadeInLeft&#8220; width=&#8220;1\/2&#8243;][vc_column_text] TRAGBARE Spillwinde mit drehbarer Basis Die Spillwinde der Thern Liberty\u00ae-Serie mit integrierter Drehbasis bietet tragbare &#8230; <a title=\"Capstan Winch\" class=\"read-more\" href=\"https:\/\/thern.com\/de\/winches\/portable-electric-winches\/capstan-winch\/\" aria-label=\"More on Capstan Winch\">Read more<\/a><\/p>\n","protected":false},"author":1,"featured_media":0,"parent":32295,"menu_order":0,"comment_status":"closed","ping_status":"closed","template":"","meta":{"footnotes":""},"class_list":["post-31099","page","type-page","status-publish"],"yoast_head":"<!-- This site is optimized with the Yoast SEO plugin v27.5 - https:\/\/yoast.com\/product\/yoast-seo-wordpress\/ -->\n<title>Liberty-Serie \u2013 Tragbare St\u00e4rke und Leistung | Thern\u00ae Winches &amp; Cranes<\/title>\n<meta name=\"description\" content=\"Die Spillwinde der Thern Liberty-Serie bietet tragbare St\u00e4rke und Leistung. Noch wichtiger: leiser Betrieb f\u00fcr h\u00f6here Produktivit\u00e4t.\" \/>\n<meta name=\"robots\" content=\"index, follow, max-snippet:-1, max-image-preview:large, max-video-preview:-1\" \/>\n<link rel=\"canonical\" href=\"https:\/\/thern.com\/de\/winches\/portable-electric-winches\/capstan-winch\/\" \/>\n<meta property=\"og:locale\" content=\"de_DE\" \/>\n<meta property=\"og:type\" content=\"article\" \/>\n<meta property=\"og:title\" content=\"Liberty-Serie \u2013 Tragbare St\u00e4rke und Leistung | Thern\u00ae Winches &amp; Cranes\" \/>\n<meta property=\"og:description\" content=\"Die Spillwinde der Thern Liberty-Serie bietet tragbare St\u00e4rke und Leistung. Noch wichtiger: leiser Betrieb f\u00fcr h\u00f6here Produktivit\u00e4t.\" \/>\n<meta property=\"og:url\" content=\"https:\/\/thern.com\/de\/winches\/portable-electric-winches\/capstan-winch\/\" \/>\n<meta property=\"og:site_name\" content=\"Thern\u00ae Winches &amp; Cranes\" \/>\n<meta property=\"article:publisher\" content=\"https:\/\/www.facebook.com\/ThernInc\/\" \/>\n<meta property=\"article:modified_time\" content=\"2023-10-03T19:03:16+00:00\" \/>\n<meta name=\"twitter:card\" content=\"summary_large_image\" \/>\n<meta name=\"twitter:label1\" content=\"Gesch\u00e4tzte Lesezeit\" \/>\n\t<meta name=\"twitter:data1\" content=\"2 Minuten\" \/>\n<script type=\"application\/ld+json\" class=\"yoast-schema-graph\">{\"@context\":\"https:\\\/\\\/schema.org\",\"@graph\":[{\"@type\":\"WebPage\",\"@id\":\"https:\\\/\\\/thern.com\\\/de\\\/winches\\\/portable-electric-winches\\\/capstan-winch\\\/\",\"url\":\"https:\\\/\\\/thern.com\\\/de\\\/winches\\\/portable-electric-winches\\\/capstan-winch\\\/\",\"name\":\"Liberty-Serie \u2013 Tragbare St\u00e4rke und Leistung | Thern\u00ae Winches &amp; Cranes\",\"isPartOf\":{\"@id\":\"https:\\\/\\\/thern.com\\\/de\\\/#website\"},\"datePublished\":\"2023-08-22T14:56:42+00:00\",\"dateModified\":\"2023-10-03T19:03:16+00:00\",\"description\":\"Die Spillwinde der Thern Liberty-Serie bietet tragbare St\u00e4rke und Leistung. Noch wichtiger: leiser Betrieb f\u00fcr h\u00f6here Produktivit\u00e4t.\",\"breadcrumb\":{\"@id\":\"https:\\\/\\\/thern.com\\\/de\\\/winches\\\/portable-electric-winches\\\/capstan-winch\\\/#breadcrumb\"},\"inLanguage\":\"de-DE\",\"potentialAction\":[{\"@type\":\"ReadAction\",\"target\":[\"https:\\\/\\\/thern.com\\\/de\\\/winches\\\/portable-electric-winches\\\/capstan-winch\\\/\"]}]},{\"@type\":\"BreadcrumbList\",\"@id\":\"https:\\\/\\\/thern.com\\\/de\\\/winches\\\/portable-electric-winches\\\/capstan-winch\\\/#breadcrumb\",\"itemListElement\":[{\"@type\":\"ListItem\",\"position\":1,\"name\":\"Home\",\"item\":\"https:\\\/\\\/thern.com\\\/de\\\/\"},{\"@type\":\"ListItem\",\"position\":2,\"name\":\"Winches\",\"item\":\"https:\\\/\\\/thern.com\\\/de\\\/winches\\\/\"},{\"@type\":\"ListItem\",\"position\":3,\"name\":\"Portable Electric Winches\",\"item\":\"https:\\\/\\\/thern.com\\\/de\\\/winches\\\/portable-electric-winches\\\/\"},{\"@type\":\"ListItem\",\"position\":4,\"name\":\"Capstan Winch\"}]},{\"@type\":\"WebSite\",\"@id\":\"https:\\\/\\\/thern.com\\\/de\\\/#website\",\"url\":\"https:\\\/\\\/thern.com\\\/de\\\/\",\"name\":\"Thern\u00ae Winches &amp; Cranes\",\"description\":\"Leave the Heavy Lifting to Us\",\"publisher\":{\"@id\":\"https:\\\/\\\/thern.com\\\/de\\\/#organization\"},\"potentialAction\":[{\"@type\":\"SearchAction\",\"target\":{\"@type\":\"EntryPoint\",\"urlTemplate\":\"https:\\\/\\\/thern.com\\\/de\\\/?s={search_term_string}\"},\"query-input\":{\"@type\":\"PropertyValueSpecification\",\"valueRequired\":true,\"valueName\":\"search_term_string\"}}],\"inLanguage\":\"de-DE\"},{\"@type\":\"Organization\",\"@id\":\"https:\\\/\\\/thern.com\\\/de\\\/#organization\",\"name\":\"Thern\u00ae Winches &amp; Cranes\",\"url\":\"https:\\\/\\\/thern.com\\\/de\\\/\",\"logo\":{\"@type\":\"ImageObject\",\"inLanguage\":\"de-DE\",\"@id\":\"https:\\\/\\\/thern.com\\\/de\\\/#\\\/schema\\\/logo\\\/image\\\/\",\"url\":\"https:\\\/\\\/thern.com\\\/wp-content\\\/uploads\\\/2023\\\/11\\\/Logo_SaveForWeb-outline-FINAL-01.svg\",\"contentUrl\":\"https:\\\/\\\/thern.com\\\/wp-content\\\/uploads\\\/2023\\\/11\\\/Logo_SaveForWeb-outline-FINAL-01.svg\",\"caption\":\"Thern\u00ae Winches &amp; Cranes\"},\"image\":{\"@id\":\"https:\\\/\\\/thern.com\\\/de\\\/#\\\/schema\\\/logo\\\/image\\\/\"},\"sameAs\":[\"https:\\\/\\\/www.facebook.com\\\/ThernInc\\\/\",\"https:\\\/\\\/www.linkedin.com\\\/company\\\/thern-inc-\\\/\",\"https:\\\/\\\/www.youtube.com\\\/user\\\/ThernStage\"]}]}<\/script>\n<!-- \/ Yoast SEO plugin. -->","yoast_head_json":{"title":"Liberty-Serie \u2013 Tragbare St\u00e4rke und Leistung | Thern\u00ae Winches &amp; Cranes","description":"Die Spillwinde der Thern Liberty-Serie bietet tragbare St\u00e4rke und Leistung. Noch wichtiger: leiser Betrieb f\u00fcr h\u00f6here Produktivit\u00e4t.","robots":{"index":"index","follow":"follow","max-snippet":"max-snippet:-1","max-image-preview":"max-image-preview:large","max-video-preview":"max-video-preview:-1"},"canonical":"https:\/\/thern.com\/de\/winches\/portable-electric-winches\/capstan-winch\/","og_locale":"de_DE","og_type":"article","og_title":"Liberty-Serie \u2013 Tragbare St\u00e4rke und Leistung | Thern\u00ae Winches &amp; Cranes","og_description":"Die Spillwinde der Thern Liberty-Serie bietet tragbare St\u00e4rke und Leistung. Noch wichtiger: leiser Betrieb f\u00fcr h\u00f6here Produktivit\u00e4t.","og_url":"https:\/\/thern.com\/de\/winches\/portable-electric-winches\/capstan-winch\/","og_site_name":"Thern\u00ae Winches &amp; Cranes","article_publisher":"https:\/\/www.facebook.com\/ThernInc\/","article_modified_time":"2023-10-03T19:03:16+00:00","twitter_card":"summary_large_image","twitter_misc":{"Gesch\u00e4tzte Lesezeit":"2 Minuten"},"schema":{"@context":"https:\/\/schema.org","@graph":[{"@type":"WebPage","@id":"https:\/\/thern.com\/de\/winches\/portable-electric-winches\/capstan-winch\/","url":"https:\/\/thern.com\/de\/winches\/portable-electric-winches\/capstan-winch\/","name":"Liberty-Serie \u2013 Tragbare St\u00e4rke und Leistung | Thern\u00ae Winches &amp; Cranes","isPartOf":{"@id":"https:\/\/thern.com\/de\/#website"},"datePublished":"2023-08-22T14:56:42+00:00","dateModified":"2023-10-03T19:03:16+00:00","description":"Die Spillwinde der Thern Liberty-Serie bietet tragbare St\u00e4rke und Leistung. Noch wichtiger: leiser Betrieb f\u00fcr h\u00f6here Produktivit\u00e4t.","breadcrumb":{"@id":"https:\/\/thern.com\/de\/winches\/portable-electric-winches\/capstan-winch\/#breadcrumb"},"inLanguage":"de-DE","potentialAction":[{"@type":"ReadAction","target":["https:\/\/thern.com\/de\/winches\/portable-electric-winches\/capstan-winch\/"]}]},{"@type":"BreadcrumbList","@id":"https:\/\/thern.com\/de\/winches\/portable-electric-winches\/capstan-winch\/#breadcrumb","itemListElement":[{"@type":"ListItem","position":1,"name":"Home","item":"https:\/\/thern.com\/de\/"},{"@type":"ListItem","position":2,"name":"Winches","item":"https:\/\/thern.com\/de\/winches\/"},{"@type":"ListItem","position":3,"name":"Portable Electric Winches","item":"https:\/\/thern.com\/de\/winches\/portable-electric-winches\/"},{"@type":"ListItem","position":4,"name":"Capstan Winch"}]},{"@type":"WebSite","@id":"https:\/\/thern.com\/de\/#website","url":"https:\/\/thern.com\/de\/","name":"Thern\u00ae Winches &amp; Cranes","description":"Leave the Heavy Lifting to Us","publisher":{"@id":"https:\/\/thern.com\/de\/#organization"},"potentialAction":[{"@type":"SearchAction","target":{"@type":"EntryPoint","urlTemplate":"https:\/\/thern.com\/de\/?s={search_term_string}"},"query-input":{"@type":"PropertyValueSpecification","valueRequired":true,"valueName":"search_term_string"}}],"inLanguage":"de-DE"},{"@type":"Organization","@id":"https:\/\/thern.com\/de\/#organization","name":"Thern\u00ae Winches &amp; Cranes","url":"https:\/\/thern.com\/de\/","logo":{"@type":"ImageObject","inLanguage":"de-DE","@id":"https:\/\/thern.com\/de\/#\/schema\/logo\/image\/","url":"https:\/\/thern.com\/wp-content\/uploads\/2023\/11\/Logo_SaveForWeb-outline-FINAL-01.svg","contentUrl":"https:\/\/thern.com\/wp-content\/uploads\/2023\/11\/Logo_SaveForWeb-outline-FINAL-01.svg","caption":"Thern\u00ae Winches &amp; Cranes"},"image":{"@id":"https:\/\/thern.com\/de\/#\/schema\/logo\/image\/"},"sameAs":["https:\/\/www.facebook.com\/ThernInc\/","https:\/\/www.linkedin.com\/company\/thern-inc-\/","https:\/\/www.youtube.com\/user\/ThernStage"]}]}},"_links":{"self":[{"href":"https:\/\/thern.com\/de\/wp-json\/wp\/v2\/pages\/31099","targetHints":{"allow":["GET"]}}],"collection":[{"href":"https:\/\/thern.com\/de\/wp-json\/wp\/v2\/pages"}],"about":[{"href":"https:\/\/thern.com\/de\/wp-json\/wp\/v2\/types\/page"}],"author":[{"embeddable":true,"href":"https:\/\/thern.com\/de\/wp-json\/wp\/v2\/users\/1"}],"replies":[{"embeddable":true,"href":"https:\/\/thern.com\/de\/wp-json\/wp\/v2\/comments?post=31099"}],"version-history":[{"count":0,"href":"https:\/\/thern.com\/de\/wp-json\/wp\/v2\/pages\/31099\/revisions"}],"up":[{"embeddable":true,"href":"https:\/\/thern.com\/de\/wp-json\/wp\/v2\/pages\/32295"}],"wp:attachment":[{"href":"https:\/\/thern.com\/de\/wp-json\/wp\/v2\/media?parent=31099"}],"curies":[{"name":"wp","href":"https:\/\/api.w.org\/{rel}","templated":true}]}}