{"id":30642,"date":"2023-07-27T19:52:30","date_gmt":"2023-07-27T19:52:30","guid":{"rendered":"https:\/\/therninc.wpenginepowered.com\/thern-advantage\/"},"modified":"2023-09-27T00:59:48","modified_gmt":"2023-09-27T00:59:48","slug":"thern-advantage","status":"publish","type":"page","link":"https:\/\/thern.com\/de\/thern-advantage\/","title":{"rendered":"Thern Advantage"},"content":{"rendered":"<div class=\"wpb-content-wrapper\"><p>[vc_section full_width=&#8220;stretch_row&#8220; full_height=&#8220;yes&#8220; content_placement=&#8220;bottom&#8220; css=&#8220;.vc_custom_1690487607663{background-image: url(https:\/\/thern.com\/wp-content\/uploads\/2023\/07\/Thern-Inc-Thern-Advantage-Hero.jpg?id=559) !important;background-position: center !important;background-repeat: no-repeat !important;background-size: cover !important;}&#8220;][vc_row full_width=&#8220;stretch_row&#8220; css=&#8220;.vc_custom_1690487583285{padding-bottom: 95px !important;background-color: rgba(0,0,0,0.5) !important;*background-color: rgb(0,0,0) !important;}&#8220;][vc_column][vc_custom_heading text=&#8220;Thern<br \/>\nAdvantage&#8220; font_container=&#8220;tag:h1|text_align:left|color:%23ffffff&#8220; use_theme_fonts=&#8220;yes&#8220; css_animation=&#8220;fadeInLeft&#8220;][\/vc_column][\/vc_row][\/vc_section][vc_row full_width=&#8220;stretch_row&#8220; equal_height=&#8220;yes&#8220; content_placement=&#8220;middle&#8220; css=&#8220;.vc_custom_1689180629506{padding-bottom: 35px !important;background-color: #c71a32 !important;}&#8220;][vc_column css_animation=&#8220;fadeInLeft&#8220; width=&#8220;2\/3&#8243;][vc_custom_heading text=&#8220;Au\u00dfergew\u00f6hnliche Qualit\u00e4t steckt in allem, was wir tun&#8220; font_container=&#8220;tag:h2|text_align:left|color:%23ffffff&#8220; use_theme_fonts=&#8220;yes&#8220;][\/vc_column][vc_column width=&#8220;1\/3&#8243;][\/vc_column][\/vc_row][vc_section full_width=&#8220;stretch_row&#8220; full_height=&#8220;yes&#8220; content_placement=&#8220;middle&#8220; css=&#8220;.vc_custom_1694708355422{background-image: url(https:\/\/thern.com\/wp-content\/uploads\/2023\/07\/Asset-1-1.png?id=566) !important;background-position: center !important;background-repeat: no-repeat !important;background-size: cover !important;}&#8220; el_class=&#8220;map-container&#8220;][vc_row content_placement=&#8220;middle&#8220;][vc_column css_animation=&#8220;fadeInLeft&#8220; width=&#8220;1\/2&#8243;][vc_single_image image=&#8220;567&#8243; img_size=&#8220;full&#8220; alignment=&#8220;center&#8220;][\/vc_column][vc_column css_animation=&#8220;fadeInRight&#8220; width=&#8220;1\/2&#8243; el_class=&#8220;map-content&#8220;][vc_column_text]<\/p>\n<p style=\"text-align: left;\">Jeder Hersteller kann sagen, dass er einen besseren Kran oder eine bessere Winde baut, aber wir stehen hinter diesem Anspruch und haben einen festen Ruf f\u00fcr zuverl\u00e4ssige Produkte, die immer wieder von Unternehmen auf der ganzen Welt ausgew\u00e4hlt werden. Mit einer \u00fcber sieben Jahrzehnte w\u00e4hrenden Geschichte hat Thern erstaunliche L\u00f6sungen f\u00fcr einige sehr GROSSE Projekte auf der ganzen Welt bereitgestellt. Neue Kunden fragen sich vielleicht: \u201eWas kann dieses kleine Unternehmen aus dem Mittleren Westen?\u201c, w\u00e4hrend sich langj\u00e4hrige Kunden fragen: \u201eWas k\u00f6nnen sie nicht?\u201c<\/p>\n<p>[\/vc_column_text][\/vc_column][\/vc_row][\/vc_section][vc_section full_width=&#8220;stretch_row&#8220; css=&#8220;.vc_custom_1691518704529{padding-top: 0px !important;background-image: url(https:\/\/thern.com\/wp-content\/uploads\/2023\/08\/Thern_Thern-Advantage-Difference.jpg?id=22385) !important;background-position: center !important;background-repeat: no-repeat !important;background-size: cover !important;}&#8220; el_class=&#8220;thern-difference&#8220;][vc_row full_width=&#8220;stretch_row&#8220; content_placement=&#8220;middle&#8220; css=&#8220;.vc_custom_1690488908709{padding-bottom: 35px !important;background-color: rgba(0,0,0,0.25) !important;*background-color: rgb(0,0,0) !important;}&#8220;][vc_column][vc_custom_heading text=&#8220;Was uns unterscheidet&#8220; font_container=&#8220;tag:h2|text_align:left|color:%23ffffff&#8220; use_theme_fonts=&#8220;yes&#8220; css_animation=&#8220;fadeInUp&#8220;][\/vc_column][\/vc_row][vc_row css=&#8220;.vc_custom_1691510870436{padding-top: 15px !important;padding-bottom: 15px !important;}&#8220;][vc_column css_animation=&#8220;fadeInUp&#8220; width=&#8220;1\/4&#8243;][vc_icon icon_fontawesome=&#8220;fas fa-cog&#8220; color=&#8220;custom&#8220; custom_color=&#8220;#c71a32&#8243;][vc_custom_heading text=&#8220;Inhouse<br \/>\nMaschinenbau&#8220; font_container=&#8220;tag:h5|text_align:left|color:%23c71a32&#8243; use_theme_fonts=&#8220;yes&#8220;][vc_column_text]<\/p>\n<p style=\"text-align: left;\">Unsere erfahrenen internen Ingenieure b\u00fcndeln ihr jahrzehntelanges Wissen und beraten, entwerfen und nehmen bei Bedarf \u00c4nderungen vor, um un\u00fcbertroffene L\u00f6sungen f\u00fcr jede Anwendung bereitzustellen.<\/p>\n<p>[\/vc_column_text][\/vc_column][vc_column css_animation=&#8220;fadeInUp&#8220; width=&#8220;1\/4&#8243;][vc_icon icon_fontawesome=&#8220;fas fa-trophy&#8220; color=&#8220;custom&#8220; custom_color=&#8220;#c71a32&#8243;][vc_custom_heading text=&#8220;QUALIT\u00c4T<br \/>\nSTANDARDS&#8220; font_container=&#8220;tag:h5|text_align:left|color:%23c71a32&#8243; use_theme_fonts=&#8220;yes&#8220;][vc_column_text]<\/p>\n<p style=\"text-align: left;\">Als ISO 9001:2015-zertifiziertes Unternehmen stellen wir sicher, dass jedes Produkt, das wir in den USA herstellen, unseren strengen Qualit\u00e4tsstandards entspricht und gr\u00fcndlich auf Leistung und Haltbarkeit getestet wird.<\/p>\n<p>[\/vc_column_text][\/vc_column][vc_column css_animation=&#8220;fadeInUp&#8220; width=&#8220;1\/4&#8243;][vc_icon icon_fontawesome=&#8220;fas fa-history&#8220; color=&#8220;custom&#8220; custom_color=&#8220;#c71a32&#8243;][vc_custom_heading text=&#8220;SCHNELL<br \/>\nUMDREHEN&#8220; font_container=&#8220;tag:h5|text_align:left|color:%23c71a32&#8243; use_theme_fonts=&#8220;yes&#8220;][vc_column_text]<\/p>\n<p style=\"text-align: left;\">Wir sind stolz darauf, Ihnen au\u00dfergew\u00f6hnliche Lieferzeiten anbieten zu k\u00f6nnen, auf die Sie sich verlassen k\u00f6nnen. Wir k\u00f6nnen die meisten Standardprodukte innerhalb von zwei Tagen nach Auftragserteilung versenden. Sogar unsere kundenspezifischen Produkte sind modular aufgebaut und haben Lieferzeiten, die mit der Lieferung von Standardprodukten der Konkurrenz mithalten k\u00f6nnen.<\/p>\n<p>[\/vc_column_text][\/vc_column][vc_column css_animation=&#8220;fadeInUp&#8220; width=&#8220;1\/4&#8243;][vc_icon icon_fontawesome=&#8220;far fa-star&#8220; color=&#8220;custom&#8220; custom_color=&#8220;#c71a32&#8243;][vc_custom_heading text=&#8220;SOLIDE<br \/>\nGARANTIE&#8220; font_container=&#8220;tag:h5|text_align:left|color:%23c71a32&#8243; use_theme_fonts=&#8220;yes&#8220;][vc_column_text]<\/p>\n<p style=\"text-align: left;\">Seien Sie beruhigt, denn wir garantieren eine gleichbleibende Lebensdauer Ihrer Thern-Produkte, indem wir eine zweij\u00e4hrige eingeschr\u00e4nkte Solid-Garantie anbieten, um vollst\u00e4ndige Kundenzufriedenheit zu gew\u00e4hrleisten.<\/p>\n<p>[\/vc_column_text][\/vc_column][\/vc_row][\/vc_section][vc_row css=&#8220;.vc_custom_1692303123026{padding-top: 65px !important;padding-bottom: 35px !important;}&#8220;][vc_column width=&#8220;1\/6&#8243;][\/vc_column][vc_column css_animation=&#8220;fadeInUp&#8220; width=&#8220;4\/6&#8243;][vc_custom_heading text=&#8220;Wir sind hier um zu helfen&#8220; font_container=&#8220;tag:h2|text_align:center|color:%230a0a0a&#8220; use_theme_fonts=&#8220;yes&#8220;][vc_column_text]<\/p>\n<p style=\"text-align: center;\">Habe Fragen? Das freundliche und sachkundige Verkaufs- und Servicepersonal von Thern steht Ihnen gerne zur Verf\u00fcgung.<\/p>\n<p>[\/vc_column_text][vc_btn title=&#8220;Kontaktiere uns&#8220; style=&#8220;custom&#8220; custom_background=&#8220;#c71a32&#8243; custom_text=&#8220;#ffffff&#8220; shape=&#8220;square&#8220; size=&#8220;lg&#8220; align=&#8220;center&#8220; link=&#8220;url:%2Fde%2Fcontact%2F|title:Contact&#8220;][\/vc_column][vc_column width=&#8220;1\/6&#8243;][\/vc_column][\/vc_row]<\/p>\n<\/div>","protected":false},"excerpt":{"rendered":"<p>[vc_section full_width=&#8220;stretch_row&#8220; full_height=&#8220;yes&#8220; content_placement=&#8220;bottom&#8220; css=&#8220;.vc_custom_1690487607663{background-image: url(https:\/\/thern.com\/wp-content\/uploads\/2023\/07\/Thern-Inc-Thern-Advantage-Hero.jpg?id=559) !important;background-position: center !important;background-repeat: no-repeat !important;background-size: cover !important;}&#8220;][vc_row full_width=&#8220;stretch_row&#8220; css=&#8220;.vc_custom_1690487583285{padding-bottom: 95px !important;background-color: rgba(0,0,0,0.5) !important;*background-color: rgb(0,0,0) !important;}&#8220;][vc_column][vc_custom_heading text=&#8220;Thern Advantage&#8220; font_container=&#8220;tag:h1|text_align:left|color:%23ffffff&#8220; use_theme_fonts=&#8220;yes&#8220; css_animation=&#8220;fadeInLeft&#8220;][\/vc_column][\/vc_row][\/vc_section][vc_row full_width=&#8220;stretch_row&#8220; equal_height=&#8220;yes&#8220; content_placement=&#8220;middle&#8220; css=&#8220;.vc_custom_1689180629506{padding-bottom: 35px !important;background-color: #c71a32 !important;}&#8220;][vc_column css_animation=&#8220;fadeInLeft&#8220; width=&#8220;2\/3&#8243;][vc_custom_heading text=&#8220;Au\u00dfergew\u00f6hnliche Qualit\u00e4t steckt in allem, was wir tun&#8220; font_container=&#8220;tag:h2|text_align:left|color:%23ffffff&#8220; use_theme_fonts=&#8220;yes&#8220;][\/vc_column][vc_column width=&#8220;1\/3&#8243;][\/vc_column][\/vc_row][vc_section full_width=&#8220;stretch_row&#8220; full_height=&#8220;yes&#8220; content_placement=&#8220;middle&#8220; css=&#8220;.vc_custom_1694708355422{background-image: url(https:\/\/thern.com\/wp-content\/uploads\/2023\/07\/Asset-1-1.png?id=566) !important;background-position: center !important;background-repeat: &#8230; <a title=\"Thern Advantage\" class=\"read-more\" href=\"https:\/\/thern.com\/de\/thern-advantage\/\" aria-label=\"More on Thern Advantage\">Read more<\/a><\/p>\n","protected":false},"author":1,"featured_media":0,"parent":0,"menu_order":0,"comment_status":"closed","ping_status":"closed","template":"","meta":{"footnotes":""},"class_list":["post-30642","page","type-page","status-publish"],"yoast_head":"<!-- This site is optimized with the Yoast SEO plugin v27.3 - https:\/\/yoast.com\/product\/yoast-seo-wordpress\/ -->\n<title>Der Thern-Vorteil \u2013 Thern-Winden und Kr\u00e4ne | Thern, Inc.<\/title>\n<meta name=\"description\" content=\"Warum sollten Sie sich f\u00fcr Winden und Kr\u00e4ne von Thern entscheiden? Entdecken Sie den Thern-Vorteil und erfahren Sie mehr \u00fcber unser Engagement f\u00fcr Spitzenleistungen in allem, was wir tun!\" \/>\n<meta name=\"robots\" content=\"index, follow, max-snippet:-1, max-image-preview:large, max-video-preview:-1\" \/>\n<link rel=\"canonical\" href=\"https:\/\/thern.com\/de\/thern-advantage\/\" \/>\n<meta property=\"og:locale\" content=\"de_DE\" \/>\n<meta property=\"og:type\" content=\"article\" \/>\n<meta property=\"og:title\" content=\"Der Thern-Vorteil \u2013 Thern-Winden und Kr\u00e4ne | Thern, Inc.\" \/>\n<meta property=\"og:description\" content=\"Warum sollten Sie sich f\u00fcr Winden und Kr\u00e4ne von Thern entscheiden? Entdecken Sie den Thern-Vorteil und erfahren Sie mehr \u00fcber unser Engagement f\u00fcr Spitzenleistungen in allem, was wir tun!\" \/>\n<meta property=\"og:url\" content=\"https:\/\/thern.com\/de\/thern-advantage\/\" \/>\n<meta property=\"og:site_name\" content=\"Thern\u00ae Winches &amp; Cranes\" \/>\n<meta property=\"article:publisher\" content=\"https:\/\/www.facebook.com\/ThernInc\/\" \/>\n<meta property=\"article:modified_time\" content=\"2023-09-27T00:59:48+00:00\" \/>\n<meta name=\"twitter:card\" content=\"summary_large_image\" \/>\n<meta name=\"twitter:label1\" content=\"Gesch\u00e4tzte Lesezeit\" \/>\n\t<meta name=\"twitter:data1\" content=\"2 Minuten\" \/>\n<script type=\"application\/ld+json\" class=\"yoast-schema-graph\">{\"@context\":\"https:\\\/\\\/schema.org\",\"@graph\":[{\"@type\":\"WebPage\",\"@id\":\"https:\\\/\\\/thern.com\\\/de\\\/thern-advantage\\\/\",\"url\":\"https:\\\/\\\/thern.com\\\/de\\\/thern-advantage\\\/\",\"name\":\"Der Thern-Vorteil \u2013 Thern-Winden und Kr\u00e4ne | Thern, Inc.\",\"isPartOf\":{\"@id\":\"https:\\\/\\\/thern.com\\\/de\\\/#website\"},\"datePublished\":\"2023-07-27T19:52:30+00:00\",\"dateModified\":\"2023-09-27T00:59:48+00:00\",\"description\":\"Warum sollten Sie sich f\u00fcr Winden und Kr\u00e4ne von Thern entscheiden? Entdecken Sie den Thern-Vorteil und erfahren Sie mehr \u00fcber unser Engagement f\u00fcr Spitzenleistungen in allem, was wir tun!\",\"breadcrumb\":{\"@id\":\"https:\\\/\\\/thern.com\\\/de\\\/thern-advantage\\\/#breadcrumb\"},\"inLanguage\":\"de-DE\",\"potentialAction\":[{\"@type\":\"ReadAction\",\"target\":[\"https:\\\/\\\/thern.com\\\/de\\\/thern-advantage\\\/\"]}]},{\"@type\":\"BreadcrumbList\",\"@id\":\"https:\\\/\\\/thern.com\\\/de\\\/thern-advantage\\\/#breadcrumb\",\"itemListElement\":[{\"@type\":\"ListItem\",\"position\":1,\"name\":\"Home\",\"item\":\"https:\\\/\\\/thern.com\\\/de\\\/\"},{\"@type\":\"ListItem\",\"position\":2,\"name\":\"Thern Advantage\"}]},{\"@type\":\"WebSite\",\"@id\":\"https:\\\/\\\/thern.com\\\/de\\\/#website\",\"url\":\"https:\\\/\\\/thern.com\\\/de\\\/\",\"name\":\"Thern\u00ae Winches &amp; Cranes\",\"description\":\"Leave the Heavy Lifting to Us\",\"publisher\":{\"@id\":\"https:\\\/\\\/thern.com\\\/de\\\/#organization\"},\"potentialAction\":[{\"@type\":\"SearchAction\",\"target\":{\"@type\":\"EntryPoint\",\"urlTemplate\":\"https:\\\/\\\/thern.com\\\/de\\\/?s={search_term_string}\"},\"query-input\":{\"@type\":\"PropertyValueSpecification\",\"valueRequired\":true,\"valueName\":\"search_term_string\"}}],\"inLanguage\":\"de-DE\"},{\"@type\":\"Organization\",\"@id\":\"https:\\\/\\\/thern.com\\\/de\\\/#organization\",\"name\":\"Thern\u00ae Winches &amp; Cranes\",\"url\":\"https:\\\/\\\/thern.com\\\/de\\\/\",\"logo\":{\"@type\":\"ImageObject\",\"inLanguage\":\"de-DE\",\"@id\":\"https:\\\/\\\/thern.com\\\/de\\\/#\\\/schema\\\/logo\\\/image\\\/\",\"url\":\"https:\\\/\\\/thern.com\\\/wp-content\\\/uploads\\\/2023\\\/11\\\/Logo_SaveForWeb-outline-FINAL-01.svg\",\"contentUrl\":\"https:\\\/\\\/thern.com\\\/wp-content\\\/uploads\\\/2023\\\/11\\\/Logo_SaveForWeb-outline-FINAL-01.svg\",\"caption\":\"Thern\u00ae Winches &amp; Cranes\"},\"image\":{\"@id\":\"https:\\\/\\\/thern.com\\\/de\\\/#\\\/schema\\\/logo\\\/image\\\/\"},\"sameAs\":[\"https:\\\/\\\/www.facebook.com\\\/ThernInc\\\/\",\"https:\\\/\\\/www.linkedin.com\\\/company\\\/thern-inc-\\\/\",\"https:\\\/\\\/www.youtube.com\\\/user\\\/ThernStage\"]}]}<\/script>\n<!-- \/ Yoast SEO plugin. -->","yoast_head_json":{"title":"Der Thern-Vorteil \u2013 Thern-Winden und Kr\u00e4ne | Thern, Inc.","description":"Warum sollten Sie sich f\u00fcr Winden und Kr\u00e4ne von Thern entscheiden? Entdecken Sie den Thern-Vorteil und erfahren Sie mehr \u00fcber unser Engagement f\u00fcr Spitzenleistungen in allem, was wir tun!","robots":{"index":"index","follow":"follow","max-snippet":"max-snippet:-1","max-image-preview":"max-image-preview:large","max-video-preview":"max-video-preview:-1"},"canonical":"https:\/\/thern.com\/de\/thern-advantage\/","og_locale":"de_DE","og_type":"article","og_title":"Der Thern-Vorteil \u2013 Thern-Winden und Kr\u00e4ne | Thern, Inc.","og_description":"Warum sollten Sie sich f\u00fcr Winden und Kr\u00e4ne von Thern entscheiden? Entdecken Sie den Thern-Vorteil und erfahren Sie mehr \u00fcber unser Engagement f\u00fcr Spitzenleistungen in allem, was wir tun!","og_url":"https:\/\/thern.com\/de\/thern-advantage\/","og_site_name":"Thern\u00ae Winches &amp; Cranes","article_publisher":"https:\/\/www.facebook.com\/ThernInc\/","article_modified_time":"2023-09-27T00:59:48+00:00","twitter_card":"summary_large_image","twitter_misc":{"Gesch\u00e4tzte Lesezeit":"2 Minuten"},"schema":{"@context":"https:\/\/schema.org","@graph":[{"@type":"WebPage","@id":"https:\/\/thern.com\/de\/thern-advantage\/","url":"https:\/\/thern.com\/de\/thern-advantage\/","name":"Der Thern-Vorteil \u2013 Thern-Winden und Kr\u00e4ne | Thern, Inc.","isPartOf":{"@id":"https:\/\/thern.com\/de\/#website"},"datePublished":"2023-07-27T19:52:30+00:00","dateModified":"2023-09-27T00:59:48+00:00","description":"Warum sollten Sie sich f\u00fcr Winden und Kr\u00e4ne von Thern entscheiden? Entdecken Sie den Thern-Vorteil und erfahren Sie mehr \u00fcber unser Engagement f\u00fcr Spitzenleistungen in allem, was wir tun!","breadcrumb":{"@id":"https:\/\/thern.com\/de\/thern-advantage\/#breadcrumb"},"inLanguage":"de-DE","potentialAction":[{"@type":"ReadAction","target":["https:\/\/thern.com\/de\/thern-advantage\/"]}]},{"@type":"BreadcrumbList","@id":"https:\/\/thern.com\/de\/thern-advantage\/#breadcrumb","itemListElement":[{"@type":"ListItem","position":1,"name":"Home","item":"https:\/\/thern.com\/de\/"},{"@type":"ListItem","position":2,"name":"Thern Advantage"}]},{"@type":"WebSite","@id":"https:\/\/thern.com\/de\/#website","url":"https:\/\/thern.com\/de\/","name":"Thern\u00ae Winches &amp; Cranes","description":"Leave the Heavy Lifting to Us","publisher":{"@id":"https:\/\/thern.com\/de\/#organization"},"potentialAction":[{"@type":"SearchAction","target":{"@type":"EntryPoint","urlTemplate":"https:\/\/thern.com\/de\/?s={search_term_string}"},"query-input":{"@type":"PropertyValueSpecification","valueRequired":true,"valueName":"search_term_string"}}],"inLanguage":"de-DE"},{"@type":"Organization","@id":"https:\/\/thern.com\/de\/#organization","name":"Thern\u00ae Winches &amp; Cranes","url":"https:\/\/thern.com\/de\/","logo":{"@type":"ImageObject","inLanguage":"de-DE","@id":"https:\/\/thern.com\/de\/#\/schema\/logo\/image\/","url":"https:\/\/thern.com\/wp-content\/uploads\/2023\/11\/Logo_SaveForWeb-outline-FINAL-01.svg","contentUrl":"https:\/\/thern.com\/wp-content\/uploads\/2023\/11\/Logo_SaveForWeb-outline-FINAL-01.svg","caption":"Thern\u00ae Winches &amp; Cranes"},"image":{"@id":"https:\/\/thern.com\/de\/#\/schema\/logo\/image\/"},"sameAs":["https:\/\/www.facebook.com\/ThernInc\/","https:\/\/www.linkedin.com\/company\/thern-inc-\/","https:\/\/www.youtube.com\/user\/ThernStage"]}]}},"_links":{"self":[{"href":"https:\/\/thern.com\/de\/wp-json\/wp\/v2\/pages\/30642","targetHints":{"allow":["GET"]}}],"collection":[{"href":"https:\/\/thern.com\/de\/wp-json\/wp\/v2\/pages"}],"about":[{"href":"https:\/\/thern.com\/de\/wp-json\/wp\/v2\/types\/page"}],"author":[{"embeddable":true,"href":"https:\/\/thern.com\/de\/wp-json\/wp\/v2\/users\/1"}],"replies":[{"embeddable":true,"href":"https:\/\/thern.com\/de\/wp-json\/wp\/v2\/comments?post=30642"}],"version-history":[{"count":0,"href":"https:\/\/thern.com\/de\/wp-json\/wp\/v2\/pages\/30642\/revisions"}],"wp:attachment":[{"href":"https:\/\/thern.com\/de\/wp-json\/wp\/v2\/media?parent=30642"}],"curies":[{"name":"wp","href":"https:\/\/api.w.org\/{rel}","templated":true}]}}