{"id":30631,"date":"2023-08-10T16:41:25","date_gmt":"2023-08-10T16:41:25","guid":{"rendered":"https:\/\/therninc.wpenginepowered.com\/history\/"},"modified":"2023-09-27T00:36:20","modified_gmt":"2023-09-27T00:36:20","slug":"history","status":"publish","type":"page","link":"https:\/\/thern.com\/de\/history\/","title":{"rendered":"History"},"content":{"rendered":"<div class=\"wpb-content-wrapper\"><p>[vc_section full_width=&#8220;stretch_row&#8220; content_placement=&#8220;middle&#8220; css=&#8220;.vc_custom_1695398076418{padding-top: 0px !important;background-image: url(https:\/\/thern.com\/wp-content\/uploads\/2023\/07\/Asset-1.png?id=344) !important;background-position: center !important;background-repeat: no-repeat !important;background-size: cover !important;}&#8220; el_class=&#8220;adjust-bknd&#8220;][vc_row full_width=&#8220;stretch_row&#8220; css=&#8220;.vc_custom_1691686038929{padding-top: 50px !important;padding-bottom: 70px !important;background-color: rgba(0,0,0,0.35) !important;*background-color: rgb(0,0,0) !important;}&#8220;][vc_column][vc_custom_heading text=&#8220;Geschichte&#8220; font_container=&#8220;tag:h1|text_align:left|color:%23ffffff&#8220; use_theme_fonts=&#8220;yes&#8220; css_animation=&#8220;fadeInLeft&#8220;][\/vc_column][\/vc_row][\/vc_section][vc_row full_width=&#8220;stretch_row&#8220; content_placement=&#8220;middle&#8220; css=&#8220;.vc_custom_1691685776243{padding-top: 35px !important;padding-bottom: 35px !important;}&#8220;][vc_column css_animation=&#8220;fadeInLeft&#8220; width=&#8220;1\/2&#8243;][vc_custom_heading text=&#8220;Unsere Geschichte&#8220; font_container=&#8220;tag:h6|text_align:left|color:%23990000&#8243; use_theme_fonts=&#8220;yes&#8220;][vc_column_text]Thern Incorporated wurde in Winona, Minnesota, von dem handwerklich versierten Royal G. Thern und seiner Frau Lucille w\u00e4hrend des Booms nach dem Zweiten Weltkrieg gegr\u00fcndet und begann mit einer Handvoll einfacher Winden und anderer verschiedener Werkzeuge. Nach dem Krieg lie\u00dfen sich Royal und Lucille in der kleinen, bl\u00fchenden Stadt Winona am Ufer des Mississippi nieder, wo sie einen Maissch\u00e4ler, einen hebelbetriebenen Kettenzug, einen Cordwood-S\u00e4gerahmen und einen Differentialkettenzug herstellten. Diese innovativen Produkte bildeten die Grundlage f\u00fcr die Hebe-, Zug- und Positionierungsl\u00f6sungen, die das Unternehmen heute herstellt. Mehr als 70 Jahre sp\u00e4ter hat sich Thern einen guten Ruf als Hersteller der zuverl\u00e4ssigsten, leistungsst\u00e4rksten und langlebigsten L\u00f6sungen f\u00fcr den Transport von Lasten aller Gr\u00f6\u00dfen erworben. Unsere umfangreiche Auswahl an Standardmodellen und die F\u00e4higkeit, ma\u00dfgeschneiderte L\u00f6sungen zu entwickeln, sind der Grund, warum sich Kunden auf M\u00e4rkten auf der ganzen Welt f\u00fcr Winden und Kr\u00e4ne von Thern entscheiden.[\/vc_column_text][vc_btn add_icon=&#8220;true&#8220; el_class=&#8220;do-not-show&#8220;][\/vc_column][vc_column css_animation=&#8220;fadeInRight&#8220; width=&#8220;1\/2&#8243;][vc_single_image image=&#8220;22388&#8243; img_size=&#8220;full&#8220;][\/vc_column][\/vc_row]<\/p>\n<\/div>","protected":false},"excerpt":{"rendered":"<p>[vc_section full_width=&#8220;stretch_row&#8220; content_placement=&#8220;middle&#8220; css=&#8220;.vc_custom_1695398076418{padding-top: 0px !important;background-image: url(https:\/\/thern.com\/wp-content\/uploads\/2023\/07\/Asset-1.png?id=344) !important;background-position: center !important;background-repeat: no-repeat !important;background-size: cover !important;}&#8220; el_class=&#8220;adjust-bknd&#8220;][vc_row full_width=&#8220;stretch_row&#8220; css=&#8220;.vc_custom_1691686038929{padding-top: 50px !important;padding-bottom: 70px !important;background-color: rgba(0,0,0,0.35) !important;*background-color: rgb(0,0,0) !important;}&#8220;][vc_column][vc_custom_heading text=&#8220;Geschichte&#8220; font_container=&#8220;tag:h1|text_align:left|color:%23ffffff&#8220; use_theme_fonts=&#8220;yes&#8220; css_animation=&#8220;fadeInLeft&#8220;][\/vc_column][\/vc_row][\/vc_section][vc_row full_width=&#8220;stretch_row&#8220; content_placement=&#8220;middle&#8220; css=&#8220;.vc_custom_1691685776243{padding-top: 35px !important;padding-bottom: 35px !important;}&#8220;][vc_column css_animation=&#8220;fadeInLeft&#8220; width=&#8220;1\/2&#8243;][vc_custom_heading text=&#8220;Unsere Geschichte&#8220; font_container=&#8220;tag:h6|text_align:left|color:%23990000&#8243; use_theme_fonts=&#8220;yes&#8220;][vc_column_text]Thern Incorporated wurde in Winona, Minnesota, von dem handwerklich versierten Royal G. Thern und &#8230; <a title=\"History\" class=\"read-more\" href=\"https:\/\/thern.com\/de\/history\/\" aria-label=\"More on History\">Read more<\/a><\/p>\n","protected":false},"author":1,"featured_media":0,"parent":0,"menu_order":0,"comment_status":"closed","ping_status":"closed","template":"","meta":{"footnotes":""},"class_list":["post-30631","page","type-page","status-publish"],"yoast_head":"<!-- This site is optimized with the Yoast SEO plugin v27.6 - https:\/\/yoast.com\/product\/yoast-seo-wordpress\/ -->\n<title>Thern Winden und Kr\u00e4ne: Unsere Geschichte | Thern, Inc.<\/title>\n<meta name=\"description\" content=\"Thern Incorporated wurde in Winona, Minnesota, von dem mechanisch versierten Royal G. Thern gegr\u00fcndet und begann mit nur einer Handvoll einfacher Winden.\" \/>\n<meta name=\"robots\" content=\"index, follow, max-snippet:-1, max-image-preview:large, max-video-preview:-1\" \/>\n<link rel=\"canonical\" href=\"https:\/\/thern.com\/de\/history\/\" \/>\n<meta property=\"og:locale\" content=\"de_DE\" \/>\n<meta property=\"og:type\" content=\"article\" \/>\n<meta property=\"og:title\" content=\"Thern Winden und Kr\u00e4ne: Unsere Geschichte | Thern, Inc.\" \/>\n<meta property=\"og:description\" content=\"Thern Incorporated wurde in Winona, Minnesota, von dem mechanisch versierten Royal G. Thern gegr\u00fcndet und begann mit nur einer Handvoll einfacher Winden.\" \/>\n<meta property=\"og:url\" content=\"https:\/\/thern.com\/de\/history\/\" \/>\n<meta property=\"og:site_name\" content=\"Thern\u00ae Winches &amp; Cranes\" \/>\n<meta property=\"article:publisher\" content=\"https:\/\/www.facebook.com\/ThernInc\/\" \/>\n<meta property=\"article:modified_time\" content=\"2023-09-27T00:36:20+00:00\" \/>\n<meta name=\"twitter:card\" content=\"summary_large_image\" \/>\n<meta name=\"twitter:label1\" content=\"Gesch\u00e4tzte Lesezeit\" \/>\n\t<meta name=\"twitter:data1\" content=\"1 Minute\" \/>\n<script type=\"application\/ld+json\" class=\"yoast-schema-graph\">{\"@context\":\"https:\\\/\\\/schema.org\",\"@graph\":[{\"@type\":\"WebPage\",\"@id\":\"https:\\\/\\\/thern.com\\\/de\\\/history\\\/\",\"url\":\"https:\\\/\\\/thern.com\\\/de\\\/history\\\/\",\"name\":\"Thern Winden und Kr\u00e4ne: Unsere Geschichte | Thern, Inc.\",\"isPartOf\":{\"@id\":\"https:\\\/\\\/thern.com\\\/de\\\/#website\"},\"datePublished\":\"2023-08-10T16:41:25+00:00\",\"dateModified\":\"2023-09-27T00:36:20+00:00\",\"description\":\"Thern Incorporated wurde in Winona, Minnesota, von dem mechanisch versierten Royal G. Thern gegr\u00fcndet und begann mit nur einer Handvoll einfacher Winden.\",\"breadcrumb\":{\"@id\":\"https:\\\/\\\/thern.com\\\/de\\\/history\\\/#breadcrumb\"},\"inLanguage\":\"de-DE\",\"potentialAction\":[{\"@type\":\"ReadAction\",\"target\":[\"https:\\\/\\\/thern.com\\\/de\\\/history\\\/\"]}]},{\"@type\":\"BreadcrumbList\",\"@id\":\"https:\\\/\\\/thern.com\\\/de\\\/history\\\/#breadcrumb\",\"itemListElement\":[{\"@type\":\"ListItem\",\"position\":1,\"name\":\"Home\",\"item\":\"https:\\\/\\\/thern.com\\\/de\\\/\"},{\"@type\":\"ListItem\",\"position\":2,\"name\":\"History\"}]},{\"@type\":\"WebSite\",\"@id\":\"https:\\\/\\\/thern.com\\\/de\\\/#website\",\"url\":\"https:\\\/\\\/thern.com\\\/de\\\/\",\"name\":\"Thern\u00ae Winches &amp; Cranes\",\"description\":\"Leave the Heavy Lifting to Us\",\"publisher\":{\"@id\":\"https:\\\/\\\/thern.com\\\/de\\\/#organization\"},\"potentialAction\":[{\"@type\":\"SearchAction\",\"target\":{\"@type\":\"EntryPoint\",\"urlTemplate\":\"https:\\\/\\\/thern.com\\\/de\\\/?s={search_term_string}\"},\"query-input\":{\"@type\":\"PropertyValueSpecification\",\"valueRequired\":true,\"valueName\":\"search_term_string\"}}],\"inLanguage\":\"de-DE\"},{\"@type\":\"Organization\",\"@id\":\"https:\\\/\\\/thern.com\\\/de\\\/#organization\",\"name\":\"Thern\u00ae Winches &amp; Cranes\",\"url\":\"https:\\\/\\\/thern.com\\\/de\\\/\",\"logo\":{\"@type\":\"ImageObject\",\"inLanguage\":\"de-DE\",\"@id\":\"https:\\\/\\\/thern.com\\\/de\\\/#\\\/schema\\\/logo\\\/image\\\/\",\"url\":\"https:\\\/\\\/thern.com\\\/wp-content\\\/uploads\\\/2023\\\/11\\\/Logo_SaveForWeb-outline-FINAL-01.svg\",\"contentUrl\":\"https:\\\/\\\/thern.com\\\/wp-content\\\/uploads\\\/2023\\\/11\\\/Logo_SaveForWeb-outline-FINAL-01.svg\",\"caption\":\"Thern\u00ae Winches &amp; Cranes\"},\"image\":{\"@id\":\"https:\\\/\\\/thern.com\\\/de\\\/#\\\/schema\\\/logo\\\/image\\\/\"},\"sameAs\":[\"https:\\\/\\\/www.facebook.com\\\/ThernInc\\\/\",\"https:\\\/\\\/www.linkedin.com\\\/company\\\/thern-inc-\\\/\",\"https:\\\/\\\/www.youtube.com\\\/user\\\/ThernStage\"]}]}<\/script>\n<!-- \/ Yoast SEO plugin. -->","yoast_head_json":{"title":"Thern Winden und Kr\u00e4ne: Unsere Geschichte | Thern, Inc.","description":"Thern Incorporated wurde in Winona, Minnesota, von dem mechanisch versierten Royal G. Thern gegr\u00fcndet und begann mit nur einer Handvoll einfacher Winden.","robots":{"index":"index","follow":"follow","max-snippet":"max-snippet:-1","max-image-preview":"max-image-preview:large","max-video-preview":"max-video-preview:-1"},"canonical":"https:\/\/thern.com\/de\/history\/","og_locale":"de_DE","og_type":"article","og_title":"Thern Winden und Kr\u00e4ne: Unsere Geschichte | Thern, Inc.","og_description":"Thern Incorporated wurde in Winona, Minnesota, von dem mechanisch versierten Royal G. Thern gegr\u00fcndet und begann mit nur einer Handvoll einfacher Winden.","og_url":"https:\/\/thern.com\/de\/history\/","og_site_name":"Thern\u00ae Winches &amp; Cranes","article_publisher":"https:\/\/www.facebook.com\/ThernInc\/","article_modified_time":"2023-09-27T00:36:20+00:00","twitter_card":"summary_large_image","twitter_misc":{"Gesch\u00e4tzte Lesezeit":"1 Minute"},"schema":{"@context":"https:\/\/schema.org","@graph":[{"@type":"WebPage","@id":"https:\/\/thern.com\/de\/history\/","url":"https:\/\/thern.com\/de\/history\/","name":"Thern Winden und Kr\u00e4ne: Unsere Geschichte | Thern, Inc.","isPartOf":{"@id":"https:\/\/thern.com\/de\/#website"},"datePublished":"2023-08-10T16:41:25+00:00","dateModified":"2023-09-27T00:36:20+00:00","description":"Thern Incorporated wurde in Winona, Minnesota, von dem mechanisch versierten Royal G. Thern gegr\u00fcndet und begann mit nur einer Handvoll einfacher Winden.","breadcrumb":{"@id":"https:\/\/thern.com\/de\/history\/#breadcrumb"},"inLanguage":"de-DE","potentialAction":[{"@type":"ReadAction","target":["https:\/\/thern.com\/de\/history\/"]}]},{"@type":"BreadcrumbList","@id":"https:\/\/thern.com\/de\/history\/#breadcrumb","itemListElement":[{"@type":"ListItem","position":1,"name":"Home","item":"https:\/\/thern.com\/de\/"},{"@type":"ListItem","position":2,"name":"History"}]},{"@type":"WebSite","@id":"https:\/\/thern.com\/de\/#website","url":"https:\/\/thern.com\/de\/","name":"Thern\u00ae Winches &amp; Cranes","description":"Leave the Heavy Lifting to Us","publisher":{"@id":"https:\/\/thern.com\/de\/#organization"},"potentialAction":[{"@type":"SearchAction","target":{"@type":"EntryPoint","urlTemplate":"https:\/\/thern.com\/de\/?s={search_term_string}"},"query-input":{"@type":"PropertyValueSpecification","valueRequired":true,"valueName":"search_term_string"}}],"inLanguage":"de-DE"},{"@type":"Organization","@id":"https:\/\/thern.com\/de\/#organization","name":"Thern\u00ae Winches &amp; Cranes","url":"https:\/\/thern.com\/de\/","logo":{"@type":"ImageObject","inLanguage":"de-DE","@id":"https:\/\/thern.com\/de\/#\/schema\/logo\/image\/","url":"https:\/\/thern.com\/wp-content\/uploads\/2023\/11\/Logo_SaveForWeb-outline-FINAL-01.svg","contentUrl":"https:\/\/thern.com\/wp-content\/uploads\/2023\/11\/Logo_SaveForWeb-outline-FINAL-01.svg","caption":"Thern\u00ae Winches &amp; Cranes"},"image":{"@id":"https:\/\/thern.com\/de\/#\/schema\/logo\/image\/"},"sameAs":["https:\/\/www.facebook.com\/ThernInc\/","https:\/\/www.linkedin.com\/company\/thern-inc-\/","https:\/\/www.youtube.com\/user\/ThernStage"]}]}},"_links":{"self":[{"href":"https:\/\/thern.com\/de\/wp-json\/wp\/v2\/pages\/30631","targetHints":{"allow":["GET"]}}],"collection":[{"href":"https:\/\/thern.com\/de\/wp-json\/wp\/v2\/pages"}],"about":[{"href":"https:\/\/thern.com\/de\/wp-json\/wp\/v2\/types\/page"}],"author":[{"embeddable":true,"href":"https:\/\/thern.com\/de\/wp-json\/wp\/v2\/users\/1"}],"replies":[{"embeddable":true,"href":"https:\/\/thern.com\/de\/wp-json\/wp\/v2\/comments?post=30631"}],"version-history":[{"count":0,"href":"https:\/\/thern.com\/de\/wp-json\/wp\/v2\/pages\/30631\/revisions"}],"wp:attachment":[{"href":"https:\/\/thern.com\/de\/wp-json\/wp\/v2\/media?parent=30631"}],"curies":[{"name":"wp","href":"https:\/\/api.w.org\/{rel}","templated":true}]}}