{"id":30605,"date":"2023-08-17T19:27:39","date_gmt":"2023-08-17T19:27:39","guid":{"rendered":"https:\/\/therninc.wpenginepowered.com\/testimonials\/equipcorp-united-machine-tool\/"},"modified":"2023-09-27T15:08:22","modified_gmt":"2023-09-27T15:08:22","slug":"equipcorp-united-machine-tool","status":"publish","type":"page","link":"https:\/\/thern.com\/de\/testimonials\/equipcorp-united-machine-tool\/","title":{"rendered":"Equipcorp-United Machine Tool"},"content":{"rendered":"<div class=\"wpb-content-wrapper\"><p>[vc_section full_width=&#8220;stretch_row&#8220; content_placement=&#8220;bottom&#8220; css=&#8220;.vc_custom_1692299549917{padding-top: 0px !important;background-image: url(https:\/\/thern.com\/wp-content\/uploads\/2023\/07\/Asset-1.png?id=344) !important;background-position: center !important;background-repeat: no-repeat !important;background-size: cover !important;}&#8220;][vc_row full_width=&#8220;stretch_row&#8220; css=&#8220;.vc_custom_1692299519679{padding-top: 50px !important;padding-bottom: 70px !important;background-color: rgba(0,0,0,0.5) !important;*background-color: rgb(0,0,0) !important;}&#8220;][vc_column][vc_custom_heading text=&#8220;Equipcorp-United Machine Tool&#8220; font_container=&#8220;tag:h1|text_align:left|color:%23ffffff&#8220; use_theme_fonts=&#8220;yes&#8220; css_animation=&#8220;fadeInLeft&#8220;][\/vc_column][\/vc_row][\/vc_section][vc_row full_width=&#8220;stretch_row&#8220; equal_height=&#8220;yes&#8220; content_placement=&#8220;middle&#8220; css=&#8220;.vc_custom_1689180629506{padding-bottom: 35px !important;background-color: #c71a32 !important;}&#8220;][vc_column width=&#8220;2\/3&#8243;][vc_custom_heading text=&#8220;Thern \u00fcbertrifft die Erwartungen&#8220; font_container=&#8220;tag:h2|text_align:left|color:%23ffffff&#8220; use_theme_fonts=&#8220;yes&#8220; css_animation=&#8220;fadeInLeft&#8220;][\/vc_column][vc_column width=&#8220;1\/3&#8243;][\/vc_column][\/vc_row][vc_row equal_height=&#8220;yes&#8220; css=&#8220;.vc_custom_1692299451924{padding-bottom: 35px !important;}&#8220;][vc_column css_animation=&#8220;fadeInLeft&#8220; width=&#8220;1\/2&#8243;][vc_column_text]<\/p>\n<section class=\"av_textblock_section\">\n<div class=\"avia_textblock\">\n<p>Als f\u00fchrender Anbieter von Industrievermietungen mit einem starken Fokus auf Hebe- und Windenarbeiten ist es f\u00fcr Equipment Corps von entscheidender Bedeutung, Zugriff auf hochwertige Ausr\u00fcstung wie die von Thern gelieferte zu haben. Seit unserer ersten Bestellung der kleinen Bauwinde bis hin zu unserer neuesten Erg\u00e4nzung der gesamten Thern Air Tuggers-Reihe hat Ihr Unternehmen unsere Erwartungen mit hochwertigen, zuverl\u00e4ssigen und fachm\u00e4nnisch konstruierten Ger\u00e4ten \u00fcbertroffen, die wir mit Stolz in ganz Kanada anbieten k\u00f6nnen.<\/p>\n<p>Ihr kontinuierliches Engagement bei der Bereitstellung kreativer Einkaufsl\u00f6sungen hat daf\u00fcr gesorgt, dass Thern in den kommenden Jahren ein wichtiger Bestandteil unseres Flottenangebots sein wird. Wir m\u00f6chten Ihnen pers\u00f6nlich f\u00fcr all Ihre Bem\u00fchungen in unserem Namen danken und insbesondere bei Justin McProud daf\u00fcr, dass er unsere vielen Anfragen bearbeitet und immer alles richtig gemacht hat. Dar\u00fcber hinaus muss ich auch Doug Coughlin von der Raebrooke Company daf\u00fcr loben, dass er fachkundige Vertriebs- und Marketingunterst\u00fctzung geleistet und viele Leads bereitgestellt hat, die zu Verk\u00e4ufen gef\u00fchrt haben.<\/p>\n<p>Unsere fortgesetzte Partnerschaft kann nur gro\u00dfen Erfolg bedeuten, ich danke Ihnen noch einmal.<\/p>\n<p>Mit freundlichen Gr\u00fc\u00dfen,<br \/>\nTim Bedard<br \/>\nEigent\u00fcmer<br \/>\nDave Kisel<br \/>\nVerkaufsleiter<br \/>\nMike Orzel<br \/>\nHauptgesch\u00e4ftsf\u00fchrer<br \/>\nEquipment Corps Inc.\/United Machine Tool Corp.<\/p>\n<\/div>\n<\/section>\n<p>[\/vc_column_text][vc_btn title=&#8220;Zur\u00fcck zu Erfahrungsberichten&#8220; style=&#8220;custom&#8220; custom_background=&#8220;#c71a32&#8243; custom_text=&#8220;#ffffff&#8220; shape=&#8220;square&#8220; size=&#8220;lg&#8220; align=&#8220;left&#8220; i_icon_fontawesome=&#8220;fas fa-angle-left&#8220; add_icon=&#8220;true&#8220; link=&#8220;url:%2Fde%2Ftestimonials%2F|title:Return%20to%20Testimonials&#8220;][\/vc_column][vc_column css_animation=&#8220;fadeInRight&#8220; width=&#8220;1\/2&#8243;][vc_single_image image=&#8220;22904&#8243; img_size=&#8220;full&#8220; alignment=&#8220;center&#8220;][\/vc_column][\/vc_row]<\/p>\n<\/div>","protected":false},"excerpt":{"rendered":"<p>[vc_section full_width=&#8220;stretch_row&#8220; content_placement=&#8220;bottom&#8220; css=&#8220;.vc_custom_1692299549917{padding-top: 0px !important;background-image: url(https:\/\/thern.com\/wp-content\/uploads\/2023\/07\/Asset-1.png?id=344) !important;background-position: center !important;background-repeat: no-repeat !important;background-size: cover !important;}&#8220;][vc_row full_width=&#8220;stretch_row&#8220; css=&#8220;.vc_custom_1692299519679{padding-top: 50px !important;padding-bottom: 70px !important;background-color: rgba(0,0,0,0.5) !important;*background-color: rgb(0,0,0) !important;}&#8220;][vc_column][vc_custom_heading text=&#8220;Equipcorp-United Machine Tool&#8220; font_container=&#8220;tag:h1|text_align:left|color:%23ffffff&#8220; use_theme_fonts=&#8220;yes&#8220; css_animation=&#8220;fadeInLeft&#8220;][\/vc_column][\/vc_row][\/vc_section][vc_row full_width=&#8220;stretch_row&#8220; equal_height=&#8220;yes&#8220; content_placement=&#8220;middle&#8220; css=&#8220;.vc_custom_1689180629506{padding-bottom: 35px !important;background-color: #c71a32 !important;}&#8220;][vc_column width=&#8220;2\/3&#8243;][vc_custom_heading text=&#8220;Thern \u00fcbertrifft die Erwartungen&#8220; font_container=&#8220;tag:h2|text_align:left|color:%23ffffff&#8220; use_theme_fonts=&#8220;yes&#8220; css_animation=&#8220;fadeInLeft&#8220;][\/vc_column][vc_column width=&#8220;1\/3&#8243;][\/vc_column][\/vc_row][vc_row equal_height=&#8220;yes&#8220; css=&#8220;.vc_custom_1692299451924{padding-bottom: 35px !important;}&#8220;][vc_column css_animation=&#8220;fadeInLeft&#8220; width=&#8220;1\/2&#8243;][vc_column_text] Als f\u00fchrender &#8230; <a title=\"Equipcorp-United Machine Tool\" class=\"read-more\" href=\"https:\/\/thern.com\/de\/testimonials\/equipcorp-united-machine-tool\/\" aria-label=\"More on Equipcorp-United Machine Tool\">Read more<\/a><\/p>\n","protected":false},"author":1,"featured_media":0,"parent":30064,"menu_order":0,"comment_status":"closed","ping_status":"closed","template":"","meta":{"footnotes":""},"class_list":["post-30605","page","type-page","status-publish"],"yoast_head":"<!-- This site is optimized with the Yoast SEO plugin v27.4 - https:\/\/yoast.com\/product\/yoast-seo-wordpress\/ -->\n<title>Equipment Corps \u2013 Kundenspezifische technische Projekte | Thern, Inc.<\/title>\n<meta name=\"description\" content=\"Als f\u00fchrender Anbieter von Industrievermietungen mit einem starken Fokus auf Hebe- und Windenarbeiten ist es f\u00fcr Equipment Corps von entscheidender Bedeutung, \u00fcber hochwertige Ausr\u00fcstung von Thern zu verf\u00fcgen.\" \/>\n<meta name=\"robots\" content=\"index, follow, max-snippet:-1, max-image-preview:large, max-video-preview:-1\" \/>\n<link rel=\"canonical\" href=\"https:\/\/thern.com\/de\/testimonials\/equipcorp-united-machine-tool\/\" \/>\n<meta property=\"og:locale\" content=\"de_DE\" \/>\n<meta property=\"og:type\" content=\"article\" \/>\n<meta property=\"og:title\" content=\"Equipment Corps \u2013 Kundenspezifische technische Projekte | Thern, Inc.\" \/>\n<meta property=\"og:description\" content=\"Als f\u00fchrender Anbieter von Industrievermietungen mit einem starken Fokus auf Hebe- und Windenarbeiten ist es f\u00fcr Equipment Corps von entscheidender Bedeutung, \u00fcber hochwertige Ausr\u00fcstung von Thern zu verf\u00fcgen.\" \/>\n<meta property=\"og:url\" content=\"https:\/\/thern.com\/de\/testimonials\/equipcorp-united-machine-tool\/\" \/>\n<meta property=\"og:site_name\" content=\"Thern\u00ae Winches &amp; Cranes\" \/>\n<meta property=\"article:publisher\" content=\"https:\/\/www.facebook.com\/ThernInc\/\" \/>\n<meta property=\"article:modified_time\" content=\"2023-09-27T15:08:22+00:00\" \/>\n<meta name=\"twitter:card\" content=\"summary_large_image\" \/>\n<meta name=\"twitter:label1\" content=\"Gesch\u00e4tzte Lesezeit\" \/>\n\t<meta name=\"twitter:data1\" content=\"2 Minuten\" \/>\n<script type=\"application\/ld+json\" class=\"yoast-schema-graph\">{\"@context\":\"https:\\\/\\\/schema.org\",\"@graph\":[{\"@type\":\"WebPage\",\"@id\":\"https:\\\/\\\/thern.com\\\/de\\\/testimonials\\\/equipcorp-united-machine-tool\\\/\",\"url\":\"https:\\\/\\\/thern.com\\\/de\\\/testimonials\\\/equipcorp-united-machine-tool\\\/\",\"name\":\"Equipment Corps \u2013 Kundenspezifische technische Projekte | Thern, Inc.\",\"isPartOf\":{\"@id\":\"https:\\\/\\\/thern.com\\\/de\\\/#website\"},\"datePublished\":\"2023-08-17T19:27:39+00:00\",\"dateModified\":\"2023-09-27T15:08:22+00:00\",\"description\":\"Als f\u00fchrender Anbieter von Industrievermietungen mit einem starken Fokus auf Hebe- und Windenarbeiten ist es f\u00fcr Equipment Corps von entscheidender Bedeutung, \u00fcber hochwertige Ausr\u00fcstung von Thern zu verf\u00fcgen.\",\"breadcrumb\":{\"@id\":\"https:\\\/\\\/thern.com\\\/de\\\/testimonials\\\/equipcorp-united-machine-tool\\\/#breadcrumb\"},\"inLanguage\":\"de-DE\",\"potentialAction\":[{\"@type\":\"ReadAction\",\"target\":[\"https:\\\/\\\/thern.com\\\/de\\\/testimonials\\\/equipcorp-united-machine-tool\\\/\"]}]},{\"@type\":\"BreadcrumbList\",\"@id\":\"https:\\\/\\\/thern.com\\\/de\\\/testimonials\\\/equipcorp-united-machine-tool\\\/#breadcrumb\",\"itemListElement\":[{\"@type\":\"ListItem\",\"position\":1,\"name\":\"Home\",\"item\":\"https:\\\/\\\/thern.com\\\/de\\\/\"},{\"@type\":\"ListItem\",\"position\":2,\"name\":\"Testimonials\",\"item\":\"https:\\\/\\\/thern.com\\\/de\\\/testimonials\\\/\"},{\"@type\":\"ListItem\",\"position\":3,\"name\":\"Equipcorp-United Machine Tool\"}]},{\"@type\":\"WebSite\",\"@id\":\"https:\\\/\\\/thern.com\\\/de\\\/#website\",\"url\":\"https:\\\/\\\/thern.com\\\/de\\\/\",\"name\":\"Thern\u00ae Winches &amp; Cranes\",\"description\":\"Leave the Heavy Lifting to Us\",\"publisher\":{\"@id\":\"https:\\\/\\\/thern.com\\\/de\\\/#organization\"},\"potentialAction\":[{\"@type\":\"SearchAction\",\"target\":{\"@type\":\"EntryPoint\",\"urlTemplate\":\"https:\\\/\\\/thern.com\\\/de\\\/?s={search_term_string}\"},\"query-input\":{\"@type\":\"PropertyValueSpecification\",\"valueRequired\":true,\"valueName\":\"search_term_string\"}}],\"inLanguage\":\"de-DE\"},{\"@type\":\"Organization\",\"@id\":\"https:\\\/\\\/thern.com\\\/de\\\/#organization\",\"name\":\"Thern\u00ae Winches &amp; Cranes\",\"url\":\"https:\\\/\\\/thern.com\\\/de\\\/\",\"logo\":{\"@type\":\"ImageObject\",\"inLanguage\":\"de-DE\",\"@id\":\"https:\\\/\\\/thern.com\\\/de\\\/#\\\/schema\\\/logo\\\/image\\\/\",\"url\":\"https:\\\/\\\/thern.com\\\/wp-content\\\/uploads\\\/2023\\\/11\\\/Logo_SaveForWeb-outline-FINAL-01.svg\",\"contentUrl\":\"https:\\\/\\\/thern.com\\\/wp-content\\\/uploads\\\/2023\\\/11\\\/Logo_SaveForWeb-outline-FINAL-01.svg\",\"caption\":\"Thern\u00ae Winches &amp; Cranes\"},\"image\":{\"@id\":\"https:\\\/\\\/thern.com\\\/de\\\/#\\\/schema\\\/logo\\\/image\\\/\"},\"sameAs\":[\"https:\\\/\\\/www.facebook.com\\\/ThernInc\\\/\",\"https:\\\/\\\/www.linkedin.com\\\/company\\\/thern-inc-\\\/\",\"https:\\\/\\\/www.youtube.com\\\/user\\\/ThernStage\"]}]}<\/script>\n<!-- \/ Yoast SEO plugin. -->","yoast_head_json":{"title":"Equipment Corps \u2013 Kundenspezifische technische Projekte | Thern, Inc.","description":"Als f\u00fchrender Anbieter von Industrievermietungen mit einem starken Fokus auf Hebe- und Windenarbeiten ist es f\u00fcr Equipment Corps von entscheidender Bedeutung, \u00fcber hochwertige Ausr\u00fcstung von Thern zu verf\u00fcgen.","robots":{"index":"index","follow":"follow","max-snippet":"max-snippet:-1","max-image-preview":"max-image-preview:large","max-video-preview":"max-video-preview:-1"},"canonical":"https:\/\/thern.com\/de\/testimonials\/equipcorp-united-machine-tool\/","og_locale":"de_DE","og_type":"article","og_title":"Equipment Corps \u2013 Kundenspezifische technische Projekte | Thern, Inc.","og_description":"Als f\u00fchrender Anbieter von Industrievermietungen mit einem starken Fokus auf Hebe- und Windenarbeiten ist es f\u00fcr Equipment Corps von entscheidender Bedeutung, \u00fcber hochwertige Ausr\u00fcstung von Thern zu verf\u00fcgen.","og_url":"https:\/\/thern.com\/de\/testimonials\/equipcorp-united-machine-tool\/","og_site_name":"Thern\u00ae Winches &amp; Cranes","article_publisher":"https:\/\/www.facebook.com\/ThernInc\/","article_modified_time":"2023-09-27T15:08:22+00:00","twitter_card":"summary_large_image","twitter_misc":{"Gesch\u00e4tzte Lesezeit":"2 Minuten"},"schema":{"@context":"https:\/\/schema.org","@graph":[{"@type":"WebPage","@id":"https:\/\/thern.com\/de\/testimonials\/equipcorp-united-machine-tool\/","url":"https:\/\/thern.com\/de\/testimonials\/equipcorp-united-machine-tool\/","name":"Equipment Corps \u2013 Kundenspezifische technische Projekte | Thern, Inc.","isPartOf":{"@id":"https:\/\/thern.com\/de\/#website"},"datePublished":"2023-08-17T19:27:39+00:00","dateModified":"2023-09-27T15:08:22+00:00","description":"Als f\u00fchrender Anbieter von Industrievermietungen mit einem starken Fokus auf Hebe- und Windenarbeiten ist es f\u00fcr Equipment Corps von entscheidender Bedeutung, \u00fcber hochwertige Ausr\u00fcstung von Thern zu verf\u00fcgen.","breadcrumb":{"@id":"https:\/\/thern.com\/de\/testimonials\/equipcorp-united-machine-tool\/#breadcrumb"},"inLanguage":"de-DE","potentialAction":[{"@type":"ReadAction","target":["https:\/\/thern.com\/de\/testimonials\/equipcorp-united-machine-tool\/"]}]},{"@type":"BreadcrumbList","@id":"https:\/\/thern.com\/de\/testimonials\/equipcorp-united-machine-tool\/#breadcrumb","itemListElement":[{"@type":"ListItem","position":1,"name":"Home","item":"https:\/\/thern.com\/de\/"},{"@type":"ListItem","position":2,"name":"Testimonials","item":"https:\/\/thern.com\/de\/testimonials\/"},{"@type":"ListItem","position":3,"name":"Equipcorp-United Machine Tool"}]},{"@type":"WebSite","@id":"https:\/\/thern.com\/de\/#website","url":"https:\/\/thern.com\/de\/","name":"Thern\u00ae Winches &amp; Cranes","description":"Leave the Heavy Lifting to Us","publisher":{"@id":"https:\/\/thern.com\/de\/#organization"},"potentialAction":[{"@type":"SearchAction","target":{"@type":"EntryPoint","urlTemplate":"https:\/\/thern.com\/de\/?s={search_term_string}"},"query-input":{"@type":"PropertyValueSpecification","valueRequired":true,"valueName":"search_term_string"}}],"inLanguage":"de-DE"},{"@type":"Organization","@id":"https:\/\/thern.com\/de\/#organization","name":"Thern\u00ae Winches &amp; Cranes","url":"https:\/\/thern.com\/de\/","logo":{"@type":"ImageObject","inLanguage":"de-DE","@id":"https:\/\/thern.com\/de\/#\/schema\/logo\/image\/","url":"https:\/\/thern.com\/wp-content\/uploads\/2023\/11\/Logo_SaveForWeb-outline-FINAL-01.svg","contentUrl":"https:\/\/thern.com\/wp-content\/uploads\/2023\/11\/Logo_SaveForWeb-outline-FINAL-01.svg","caption":"Thern\u00ae Winches &amp; Cranes"},"image":{"@id":"https:\/\/thern.com\/de\/#\/schema\/logo\/image\/"},"sameAs":["https:\/\/www.facebook.com\/ThernInc\/","https:\/\/www.linkedin.com\/company\/thern-inc-\/","https:\/\/www.youtube.com\/user\/ThernStage"]}]}},"_links":{"self":[{"href":"https:\/\/thern.com\/de\/wp-json\/wp\/v2\/pages\/30605","targetHints":{"allow":["GET"]}}],"collection":[{"href":"https:\/\/thern.com\/de\/wp-json\/wp\/v2\/pages"}],"about":[{"href":"https:\/\/thern.com\/de\/wp-json\/wp\/v2\/types\/page"}],"author":[{"embeddable":true,"href":"https:\/\/thern.com\/de\/wp-json\/wp\/v2\/users\/1"}],"replies":[{"embeddable":true,"href":"https:\/\/thern.com\/de\/wp-json\/wp\/v2\/comments?post=30605"}],"version-history":[{"count":0,"href":"https:\/\/thern.com\/de\/wp-json\/wp\/v2\/pages\/30605\/revisions"}],"up":[{"embeddable":true,"href":"https:\/\/thern.com\/de\/wp-json\/wp\/v2\/pages\/30064"}],"wp:attachment":[{"href":"https:\/\/thern.com\/de\/wp-json\/wp\/v2\/media?parent=30605"}],"curies":[{"name":"wp","href":"https:\/\/api.w.org\/{rel}","templated":true}]}}