{"id":30576,"date":"2023-08-17T19:15:26","date_gmt":"2023-08-17T19:15:26","guid":{"rendered":"https:\/\/therninc.wpenginepowered.com\/testimonials\/conexus-art-centre\/"},"modified":"2023-09-26T23:38:41","modified_gmt":"2023-09-26T23:38:41","slug":"conexus-art-centre","status":"publish","type":"page","link":"https:\/\/thern.com\/de\/testimonials\/conexus-art-centre\/","title":{"rendered":"Conexus Art Centre"},"content":{"rendered":"<div class=\"wpb-content-wrapper\"><p>[vc_section full_width=&#8220;stretch_row&#8220; content_placement=&#8220;bottom&#8220; css=&#8220;.vc_custom_1692299549917{padding-top: 0px !important;background-image: url(https:\/\/thern.com\/wp-content\/uploads\/2023\/07\/Asset-1.png?id=344) !important;background-position: center !important;background-repeat: no-repeat !important;background-size: cover !important;}&#8220;][vc_row full_width=&#8220;stretch_row&#8220; css=&#8220;.vc_custom_1692299519679{padding-top: 50px !important;padding-bottom: 70px !important;background-color: rgba(0,0,0,0.5) !important;*background-color: rgb(0,0,0) !important;}&#8220;][vc_column][vc_custom_heading text=&#8220;Conexus Art Centre&#8220; font_container=&#8220;tag:h1|text_align:left|color:%23ffffff&#8220; use_theme_fonts=&#8220;yes&#8220; css_animation=&#8220;fadeInLeft&#8220;][\/vc_column][\/vc_row][\/vc_section][vc_row full_width=&#8220;stretch_row&#8220; equal_height=&#8220;yes&#8220; content_placement=&#8220;middle&#8220; css=&#8220;.vc_custom_1689180629506{padding-bottom: 35px !important;background-color: #c71a32 !important;}&#8220;][vc_column css_animation=&#8220;fadeInLeft&#8220; width=&#8220;1\/2&#8243;][vc_custom_heading text=&#8220;Stage Fly System&#8220; font_container=&#8220;tag:h2|text_align:left|color:%23ffffff&#8220; use_theme_fonts=&#8220;yes&#8220; css_animation=&#8220;none&#8220;][\/vc_column][vc_column css_animation=&#8220;fadeInRight&#8220; width=&#8220;1\/2&#8243;][vc_column_text]<span style=\"color: #ffffff;\">Das Conexus Arts Center ben\u00f6tigte ein Ersatz-B\u00fchnenfliegensystem. Thern lieferte eine \u00fcberlegene, ma\u00dfgeschneiderte L\u00f6sung, um den Anforderungen des Projekts gerecht zu werden.<\/span>[\/vc_column_text][\/vc_column][\/vc_row][vc_row equal_height=&#8220;yes&#8220; css=&#8220;.vc_custom_1692299451924{padding-bottom: 35px !important;}&#8220;][vc_column css_animation=&#8220;fadeInLeft&#8220; width=&#8220;1\/2&#8243;][vc_column_text]<\/p>\n<section class=\"av_textblock_section\">\n<div class=\"avia_textblock\">\n<p><strong>Stage Fly System | Entworfen und ma\u00dfgeschneidert f\u00fcr das Conexus Art Center<\/strong><\/p>\n<p>\u201eIm August 2011 stellte das Conexus Arts Center Probleme mit dem B\u00fchnenflugsystem fest, die unserer Meinung nach behoben werden mussten. Es wurde entschieden, dass der beste Ansatz darin best\u00fcnde, einen Berater eine Bewertung des gesamten Systems durchf\u00fchren zu lassen. Jay Glerum wurde damit beauftragt, die Inspektion durchzuf\u00fchren und einen Bericht \u00fcber den Gesamtzustand des Flugsystems des Zentrums zu erstellen. Jays Bericht kam zu dem Schluss, dass ein kompletter Austausch des Flugsystems notwendig sei.<\/p>\n<p>Mit Jays Unterst\u00fctzung wurden Spezifikationen erstellt und das Ausschreibungsverfahren eingeleitet, das zu einer Reihe von Vorschl\u00e4gen interessierter Unternehmen f\u00fchrte. Nach Pr\u00fcfung der Vorschl\u00e4ge kamen wir zu dem Schluss, dass das BRICKHOUSE-System von Thern unseren Anforderungen am besten entsprach, und das Projekt wurde ausgezeichnet.<\/p>\n<p>Es wurde festgestellt, dass das einzige verf\u00fcgbare Zeitfenster f\u00fcr den Aus- und Einbau eines neuen Systems der Monat Juli 2012 sein w\u00fcrde. Zu diesem Zeitpunkt blieben nur noch etwa drei Monate f\u00fcr die Herstellung, Montage, den Versand und den Versand der Ausr\u00fcstung bereit zur Installation.<\/p>\n<p>Gespr\u00e4che mit Thern, Jay Glerum und dem Zentrum brachten gro\u00dfe Bedenken hinsichtlich der begrenzten Zeit hervor, die f\u00fcr die Herstellung und Lieferung der Ausr\u00fcstung zur Verf\u00fcgung stand. Ein weiteres gro\u00dfes Problem war die kurze Zeit, die f\u00fcr die Entfernung des alten Systems und die Installation des neuen Systems zur Verf\u00fcgung stand. Wir waren an einem Punkt angelangt, an dem wir dachten, dass das Projekt auf einen sp\u00e4teren Zeitpunkt verschoben werden m\u00fcsse, da sich herausstellte, dass der bestehende Plan kaum Aussicht auf Erfolg hatte.<\/p>\n<p>Michael Kunz von Thern engagierte sich zu diesem Zeitpunkt intensiv und entwarf einen detaillierten Zeitplan, in dem der Arbeitsumfang, der Arbeitsbedarf und die Zeitkontingente f\u00fcr jeden Aspekt des Projekts dargelegt wurden. Michael versicherte uns, dass er diesen Plan umsetzen und das Projekt p\u00fcnktlich abschlie\u00dfen k\u00f6nne. Ein Teil von Michaels Plan bestand darin, nach Regina zu kommen und die Entfernung des vorhandenen Fliegensystems pers\u00f6nlich zu \u00fcberwachen. die laut Vereinbarung in der Verantwortung des Conexus Arts Centre lag. Michael kam nach Regina und stellte ein lokales Team zusammen \u2013 einige der besten B\u00fchnentechniker und Rigger der Branche \u2013, um das Projekt abzuschlie\u00dfen.<\/p>\n<p>Durch Michaels unglaubliches Wissen, seine organisatorischen F\u00e4higkeiten und seine F\u00e4higkeit, Menschen zu f\u00fchren, verlief das Projekt von Anfang bis Ende reibungslos. Die Endkontrolle, an der Michael Kunz und das Team von Thern sowie Jay Glerum teilnahmen, wurde p\u00fcnktlich durchgef\u00fchrt und f\u00fchrte dazu, dass einige kleinere Anpassungen am System vorgenommen werden mussten.<\/p>\n<p>Ich kann Thern und sein Team nur w\u00e4rmstens empfehlen. Wir empfanden sie als sehr professionell und ihre Produkte waren in jeder Hinsicht von sehr hoher Qualit\u00e4t. Kurz gesagt, wir sind \u00e4u\u00dferst zufrieden mit dem Prozess und dem Abschluss dieses Projekts mit dem Endergebnis.\u201c \u2013\u00a0Jim McCrum,\u00a0Gesch\u00e4ftsf\u00fchrer | Conexus Arts Center<\/p>\n<\/div>\n<\/section>\n<p>[\/vc_column_text][vc_btn title=&#8220;Zur\u00fcck zu Erfahrungsberichten&#8220; style=&#8220;custom&#8220; custom_background=&#8220;#c71a32&#8243; custom_text=&#8220;#ffffff&#8220; shape=&#8220;square&#8220; size=&#8220;lg&#8220; align=&#8220;left&#8220; i_icon_fontawesome=&#8220;fas fa-angle-left&#8220; add_icon=&#8220;true&#8220; link=&#8220;url:%2Fde%2Ftestimonials%2F|title:Return%20to%20Testimonials&#8220;][\/vc_column][vc_column css_animation=&#8220;fadeInRight&#8220; width=&#8220;1\/2&#8243;][vc_single_image image=&#8220;22902&#8243; img_size=&#8220;full&#8220; alignment=&#8220;center&#8220;][\/vc_column][\/vc_row]<\/p>\n<\/div>","protected":false},"excerpt":{"rendered":"<p>[vc_section full_width=&#8220;stretch_row&#8220; content_placement=&#8220;bottom&#8220; css=&#8220;.vc_custom_1692299549917{padding-top: 0px !important;background-image: url(https:\/\/thern.com\/wp-content\/uploads\/2023\/07\/Asset-1.png?id=344) !important;background-position: center !important;background-repeat: no-repeat !important;background-size: cover !important;}&#8220;][vc_row full_width=&#8220;stretch_row&#8220; css=&#8220;.vc_custom_1692299519679{padding-top: 50px !important;padding-bottom: 70px !important;background-color: rgba(0,0,0,0.5) !important;*background-color: rgb(0,0,0) !important;}&#8220;][vc_column][vc_custom_heading text=&#8220;Conexus Art Centre&#8220; font_container=&#8220;tag:h1|text_align:left|color:%23ffffff&#8220; use_theme_fonts=&#8220;yes&#8220; css_animation=&#8220;fadeInLeft&#8220;][\/vc_column][\/vc_row][\/vc_section][vc_row full_width=&#8220;stretch_row&#8220; equal_height=&#8220;yes&#8220; content_placement=&#8220;middle&#8220; css=&#8220;.vc_custom_1689180629506{padding-bottom: 35px !important;background-color: #c71a32 !important;}&#8220;][vc_column css_animation=&#8220;fadeInLeft&#8220; width=&#8220;1\/2&#8243;][vc_custom_heading text=&#8220;Stage Fly System&#8220; font_container=&#8220;tag:h2|text_align:left|color:%23ffffff&#8220; use_theme_fonts=&#8220;yes&#8220; css_animation=&#8220;none&#8220;][\/vc_column][vc_column css_animation=&#8220;fadeInRight&#8220; width=&#8220;1\/2&#8243;][vc_column_text]Das Conexus Arts Center ben\u00f6tigte ein Ersatz-B\u00fchnenfliegensystem. Thern &#8230; <a title=\"Conexus Art Centre\" class=\"read-more\" href=\"https:\/\/thern.com\/de\/testimonials\/conexus-art-centre\/\" aria-label=\"More on Conexus Art Centre\">Read more<\/a><\/p>\n","protected":false},"author":1,"featured_media":0,"parent":30064,"menu_order":0,"comment_status":"closed","ping_status":"closed","template":"","meta":{"footnotes":""},"class_list":["post-30576","page","type-page","status-publish"],"yoast_head":"<!-- This site is optimized with the Yoast SEO plugin v27.4 - https:\/\/yoast.com\/product\/yoast-seo-wordpress\/ -->\n<title>Stage Fly System \u2013 Kundenspezifische technische Projekte | Thern, Inc.<\/title>\n<meta name=\"description\" content=\"Das Conexus Art Center ben\u00f6tigte ein Ersatz-B\u00fchnenfliegensystem. Thern lieferte eine erstklassige, ma\u00dfgeschneiderte L\u00f6sung, um den Anforderungen des Projekts gerecht zu werden.\" \/>\n<meta name=\"robots\" content=\"index, follow, max-snippet:-1, max-image-preview:large, max-video-preview:-1\" \/>\n<link rel=\"canonical\" href=\"https:\/\/thern.com\/de\/testimonials\/conexus-art-centre\/\" \/>\n<meta property=\"og:locale\" content=\"de_DE\" \/>\n<meta property=\"og:type\" content=\"article\" \/>\n<meta property=\"og:title\" content=\"Stage Fly System \u2013 Kundenspezifische technische Projekte | Thern, Inc.\" \/>\n<meta property=\"og:description\" content=\"Das Conexus Art Center ben\u00f6tigte ein Ersatz-B\u00fchnenfliegensystem. Thern lieferte eine erstklassige, ma\u00dfgeschneiderte L\u00f6sung, um den Anforderungen des Projekts gerecht zu werden.\" \/>\n<meta property=\"og:url\" content=\"https:\/\/thern.com\/de\/testimonials\/conexus-art-centre\/\" \/>\n<meta property=\"og:site_name\" content=\"Thern\u00ae Winches &amp; Cranes\" \/>\n<meta property=\"article:publisher\" content=\"https:\/\/www.facebook.com\/ThernInc\/\" \/>\n<meta property=\"article:modified_time\" content=\"2023-09-26T23:38:41+00:00\" \/>\n<meta name=\"twitter:card\" content=\"summary_large_image\" \/>\n<meta name=\"twitter:label1\" content=\"Gesch\u00e4tzte Lesezeit\" \/>\n\t<meta name=\"twitter:data1\" content=\"3 Minuten\" \/>\n<script type=\"application\/ld+json\" class=\"yoast-schema-graph\">{\"@context\":\"https:\\\/\\\/schema.org\",\"@graph\":[{\"@type\":\"WebPage\",\"@id\":\"https:\\\/\\\/thern.com\\\/de\\\/testimonials\\\/conexus-art-centre\\\/\",\"url\":\"https:\\\/\\\/thern.com\\\/de\\\/testimonials\\\/conexus-art-centre\\\/\",\"name\":\"Stage Fly System \u2013 Kundenspezifische technische Projekte | Thern, Inc.\",\"isPartOf\":{\"@id\":\"https:\\\/\\\/thern.com\\\/de\\\/#website\"},\"datePublished\":\"2023-08-17T19:15:26+00:00\",\"dateModified\":\"2023-09-26T23:38:41+00:00\",\"description\":\"Das Conexus Art Center ben\u00f6tigte ein Ersatz-B\u00fchnenfliegensystem. Thern lieferte eine erstklassige, ma\u00dfgeschneiderte L\u00f6sung, um den Anforderungen des Projekts gerecht zu werden.\",\"breadcrumb\":{\"@id\":\"https:\\\/\\\/thern.com\\\/de\\\/testimonials\\\/conexus-art-centre\\\/#breadcrumb\"},\"inLanguage\":\"de-DE\",\"potentialAction\":[{\"@type\":\"ReadAction\",\"target\":[\"https:\\\/\\\/thern.com\\\/de\\\/testimonials\\\/conexus-art-centre\\\/\"]}]},{\"@type\":\"BreadcrumbList\",\"@id\":\"https:\\\/\\\/thern.com\\\/de\\\/testimonials\\\/conexus-art-centre\\\/#breadcrumb\",\"itemListElement\":[{\"@type\":\"ListItem\",\"position\":1,\"name\":\"Home\",\"item\":\"https:\\\/\\\/thern.com\\\/de\\\/\"},{\"@type\":\"ListItem\",\"position\":2,\"name\":\"Testimonials\",\"item\":\"https:\\\/\\\/thern.com\\\/de\\\/testimonials\\\/\"},{\"@type\":\"ListItem\",\"position\":3,\"name\":\"Conexus Art Centre\"}]},{\"@type\":\"WebSite\",\"@id\":\"https:\\\/\\\/thern.com\\\/de\\\/#website\",\"url\":\"https:\\\/\\\/thern.com\\\/de\\\/\",\"name\":\"Thern\u00ae Winches &amp; Cranes\",\"description\":\"Leave the Heavy Lifting to Us\",\"publisher\":{\"@id\":\"https:\\\/\\\/thern.com\\\/de\\\/#organization\"},\"potentialAction\":[{\"@type\":\"SearchAction\",\"target\":{\"@type\":\"EntryPoint\",\"urlTemplate\":\"https:\\\/\\\/thern.com\\\/de\\\/?s={search_term_string}\"},\"query-input\":{\"@type\":\"PropertyValueSpecification\",\"valueRequired\":true,\"valueName\":\"search_term_string\"}}],\"inLanguage\":\"de-DE\"},{\"@type\":\"Organization\",\"@id\":\"https:\\\/\\\/thern.com\\\/de\\\/#organization\",\"name\":\"Thern\u00ae Winches &amp; Cranes\",\"url\":\"https:\\\/\\\/thern.com\\\/de\\\/\",\"logo\":{\"@type\":\"ImageObject\",\"inLanguage\":\"de-DE\",\"@id\":\"https:\\\/\\\/thern.com\\\/de\\\/#\\\/schema\\\/logo\\\/image\\\/\",\"url\":\"https:\\\/\\\/thern.com\\\/wp-content\\\/uploads\\\/2023\\\/11\\\/Logo_SaveForWeb-outline-FINAL-01.svg\",\"contentUrl\":\"https:\\\/\\\/thern.com\\\/wp-content\\\/uploads\\\/2023\\\/11\\\/Logo_SaveForWeb-outline-FINAL-01.svg\",\"caption\":\"Thern\u00ae Winches &amp; Cranes\"},\"image\":{\"@id\":\"https:\\\/\\\/thern.com\\\/de\\\/#\\\/schema\\\/logo\\\/image\\\/\"},\"sameAs\":[\"https:\\\/\\\/www.facebook.com\\\/ThernInc\\\/\",\"https:\\\/\\\/www.linkedin.com\\\/company\\\/thern-inc-\\\/\",\"https:\\\/\\\/www.youtube.com\\\/user\\\/ThernStage\"]}]}<\/script>\n<!-- \/ Yoast SEO plugin. -->","yoast_head_json":{"title":"Stage Fly System \u2013 Kundenspezifische technische Projekte | Thern, Inc.","description":"Das Conexus Art Center ben\u00f6tigte ein Ersatz-B\u00fchnenfliegensystem. Thern lieferte eine erstklassige, ma\u00dfgeschneiderte L\u00f6sung, um den Anforderungen des Projekts gerecht zu werden.","robots":{"index":"index","follow":"follow","max-snippet":"max-snippet:-1","max-image-preview":"max-image-preview:large","max-video-preview":"max-video-preview:-1"},"canonical":"https:\/\/thern.com\/de\/testimonials\/conexus-art-centre\/","og_locale":"de_DE","og_type":"article","og_title":"Stage Fly System \u2013 Kundenspezifische technische Projekte | Thern, Inc.","og_description":"Das Conexus Art Center ben\u00f6tigte ein Ersatz-B\u00fchnenfliegensystem. Thern lieferte eine erstklassige, ma\u00dfgeschneiderte L\u00f6sung, um den Anforderungen des Projekts gerecht zu werden.","og_url":"https:\/\/thern.com\/de\/testimonials\/conexus-art-centre\/","og_site_name":"Thern\u00ae Winches &amp; Cranes","article_publisher":"https:\/\/www.facebook.com\/ThernInc\/","article_modified_time":"2023-09-26T23:38:41+00:00","twitter_card":"summary_large_image","twitter_misc":{"Gesch\u00e4tzte Lesezeit":"3 Minuten"},"schema":{"@context":"https:\/\/schema.org","@graph":[{"@type":"WebPage","@id":"https:\/\/thern.com\/de\/testimonials\/conexus-art-centre\/","url":"https:\/\/thern.com\/de\/testimonials\/conexus-art-centre\/","name":"Stage Fly System \u2013 Kundenspezifische technische Projekte | Thern, Inc.","isPartOf":{"@id":"https:\/\/thern.com\/de\/#website"},"datePublished":"2023-08-17T19:15:26+00:00","dateModified":"2023-09-26T23:38:41+00:00","description":"Das Conexus Art Center ben\u00f6tigte ein Ersatz-B\u00fchnenfliegensystem. Thern lieferte eine erstklassige, ma\u00dfgeschneiderte L\u00f6sung, um den Anforderungen des Projekts gerecht zu werden.","breadcrumb":{"@id":"https:\/\/thern.com\/de\/testimonials\/conexus-art-centre\/#breadcrumb"},"inLanguage":"de-DE","potentialAction":[{"@type":"ReadAction","target":["https:\/\/thern.com\/de\/testimonials\/conexus-art-centre\/"]}]},{"@type":"BreadcrumbList","@id":"https:\/\/thern.com\/de\/testimonials\/conexus-art-centre\/#breadcrumb","itemListElement":[{"@type":"ListItem","position":1,"name":"Home","item":"https:\/\/thern.com\/de\/"},{"@type":"ListItem","position":2,"name":"Testimonials","item":"https:\/\/thern.com\/de\/testimonials\/"},{"@type":"ListItem","position":3,"name":"Conexus Art Centre"}]},{"@type":"WebSite","@id":"https:\/\/thern.com\/de\/#website","url":"https:\/\/thern.com\/de\/","name":"Thern\u00ae Winches &amp; Cranes","description":"Leave the Heavy Lifting to Us","publisher":{"@id":"https:\/\/thern.com\/de\/#organization"},"potentialAction":[{"@type":"SearchAction","target":{"@type":"EntryPoint","urlTemplate":"https:\/\/thern.com\/de\/?s={search_term_string}"},"query-input":{"@type":"PropertyValueSpecification","valueRequired":true,"valueName":"search_term_string"}}],"inLanguage":"de-DE"},{"@type":"Organization","@id":"https:\/\/thern.com\/de\/#organization","name":"Thern\u00ae Winches &amp; Cranes","url":"https:\/\/thern.com\/de\/","logo":{"@type":"ImageObject","inLanguage":"de-DE","@id":"https:\/\/thern.com\/de\/#\/schema\/logo\/image\/","url":"https:\/\/thern.com\/wp-content\/uploads\/2023\/11\/Logo_SaveForWeb-outline-FINAL-01.svg","contentUrl":"https:\/\/thern.com\/wp-content\/uploads\/2023\/11\/Logo_SaveForWeb-outline-FINAL-01.svg","caption":"Thern\u00ae Winches &amp; Cranes"},"image":{"@id":"https:\/\/thern.com\/de\/#\/schema\/logo\/image\/"},"sameAs":["https:\/\/www.facebook.com\/ThernInc\/","https:\/\/www.linkedin.com\/company\/thern-inc-\/","https:\/\/www.youtube.com\/user\/ThernStage"]}]}},"_links":{"self":[{"href":"https:\/\/thern.com\/de\/wp-json\/wp\/v2\/pages\/30576","targetHints":{"allow":["GET"]}}],"collection":[{"href":"https:\/\/thern.com\/de\/wp-json\/wp\/v2\/pages"}],"about":[{"href":"https:\/\/thern.com\/de\/wp-json\/wp\/v2\/types\/page"}],"author":[{"embeddable":true,"href":"https:\/\/thern.com\/de\/wp-json\/wp\/v2\/users\/1"}],"replies":[{"embeddable":true,"href":"https:\/\/thern.com\/de\/wp-json\/wp\/v2\/comments?post=30576"}],"version-history":[{"count":0,"href":"https:\/\/thern.com\/de\/wp-json\/wp\/v2\/pages\/30576\/revisions"}],"up":[{"embeddable":true,"href":"https:\/\/thern.com\/de\/wp-json\/wp\/v2\/pages\/30064"}],"wp:attachment":[{"href":"https:\/\/thern.com\/de\/wp-json\/wp\/v2\/media?parent=30576"}],"curies":[{"name":"wp","href":"https:\/\/api.w.org\/{rel}","templated":true}]}}