{"id":30467,"date":"2023-07-12T18:01:07","date_gmt":"2023-07-12T18:01:07","guid":{"rendered":"https:\/\/therninc.wpenginepowered.com\/industries\/"},"modified":"2023-11-01T18:33:11","modified_gmt":"2023-11-01T18:33:11","slug":"industries","status":"publish","type":"page","link":"https:\/\/thern.com\/de\/industries\/","title":{"rendered":"Industries"},"content":{"rendered":"<div class=\"wpb-content-wrapper\"><p>[vc_section full_width=&#8220;stretch_row&#8220; full_height=&#8220;yes&#8220; content_placement=&#8220;bottom&#8220; css=&#8220;.vc_custom_1689185033305{background-image: url(https:\/\/thern.com\/wp-content\/uploads\/2023\/07\/Thern-Inc_Industries-Hero.jpg?id=520) !important;background-position: center !important;background-repeat: no-repeat !important;background-size: cover !important;}&#8220;][vc_row full_width=&#8220;stretch_row&#8220; css=&#8220;.vc_custom_1689100740503{padding-bottom: 95px !important;background-color: rgba(0,0,0,0.5) !important;*background-color: rgb(0,0,0) !important;}&#8220;][vc_column][vc_custom_heading text=&#8220;Branchen&#8220; font_container=&#8220;tag:h1|text_align:left|color:%23ffffff&#8220; use_theme_fonts=&#8220;yes&#8220; css_animation=&#8220;fadeInLeft&#8220;][\/vc_column][\/vc_row][\/vc_section][vc_row full_width=&#8220;stretch_row&#8220; equal_height=&#8220;yes&#8220; content_placement=&#8220;middle&#8220; css=&#8220;.vc_custom_1689180629506{padding-bottom: 35px !important;background-color: #c71a32 !important;}&#8220;][vc_column css_animation=&#8220;fadeInLeft&#8220; width=&#8220;2\/3&#8243;][vc_custom_heading text=&#8220;Industrieanwendungen f\u00fcr Thern-Krane und Winden&#8220; font_container=&#8220;tag:h2|text_align:left|color:%23ffffff&#8220; use_theme_fonts=&#8220;yes&#8220;][\/vc_column][vc_column width=&#8220;1\/3&#8243;][\/vc_column][\/vc_row][vc_row equal_height=&#8220;yes&#8220; content_placement=&#8220;bottom&#8220;][vc_column css_animation=&#8220;fadeInLeft&#8220; width=&#8220;1\/3&#8243;][vc_custom_heading text=&#8220;DIESE WINDEN UND KRANE SIND IN PRAKTISCH JEDER VORSTELLBAREN BRANCHE ZUM HEBEN, ZIEHEN UND POSITIONIEREN VON LASTEN ZU FINDEN:&#8220; font_container=&#8220;tag:h6|text_align:left|color:%23990000&#8243; use_theme_fonts=&#8220;yes&#8220;][vc_column_text]Von der Luft- und Raumfahrt bis zu \u00d6l und Gas, vom Bergbau bis zur Abwasserentsorgung, von der Fertigung bis zum Baugewerbe und dar\u00fcber hinaus. Unsere tragbaren Davit-Kr\u00e4ne werden zum Heben von Tauchpumpen in Kl\u00e4ranlagen auf der ganzen Welt eingesetzt.<\/p>\n<p>Unsere industrietauglichen Handwinden erm\u00f6glichen eine schnelle Arbeit mit schweren Lasten in der Fertigung. Selbst auf unz\u00e4hligen Bohrplattformen sind unsere Hochleistungs-Luftwinden im harten Einsatz unter schwierigen Bedingungen zu finden. Ganz gleich, in welcher Branche Sie t\u00e4tig sind: Winden und Kr\u00e4ne von Thern machen jede Arbeit einfacher und effizienter. So vielf\u00e4ltig die Anwendungen auch sein m\u00f6gen, eines verbindet sie alle: Thern bringt alles vom Gro\u00dfen ins Kleine.[\/vc_column_text][\/vc_column][vc_column css_animation=&#8220;fadeInRight&#8220; width=&#8220;2\/3&#8243;][vc_single_image image=&#8220;22372&#8243; img_size=&#8220;full&#8220; alignment=&#8220;center&#8220; css=&#8220;.vc_custom_1691515491498{margin-bottom: 0px !important;}&#8220;][\/vc_column][\/vc_row][vc_section full_width=&#8220;stretch_row&#8220; css=&#8220;.vc_custom_1696003040347{background-color: #ececec !important;}&#8220; el_class=&#8220;industries-section&#8220;][vc_row css_animation=&#8220;fadeInUp&#8220;][vc_column width=&#8220;1\/4&#8243;][vc_custom_heading text=&#8220;ENTDECKEN SIE BRANCHEN UND ANWENDUNGEN&#8220; font_container=&#8220;tag:h6|text_align:left|color:%23990000&#8243; use_theme_fonts=&#8220;yes&#8220;][\/vc_column][vc_column width=&#8220;3\/4&#8243;][\/vc_column][\/vc_row][vc_row gap=&#8220;3&#8243; css_animation=&#8220;fadeInUp&#8220; el_class=&#8220;industries-row white-arrow&#8220;][vc_column width=&#8220;1\/3&#8243; css=&#8220;.vc_custom_1691512178171{background-image: url(https:\/\/thern.com\/wp-content\/uploads\/2023\/08\/Thern_Industries-WaterWastewater.jpg?id=22351) !important;background-position: center !important;background-repeat: no-repeat !important;background-size: cover !important;}&#8220;][vc_custom_heading text=&#8220;Wasser \/<br \/>\nAbwasser&#8220; font_container=&#8220;tag:h5|text_align:left|color:%23ffffff&#8220; use_theme_fonts=&#8220;yes&#8220; link=&#8220;url:%2Fde%2Findustries%2Fwater-wastewater%2F|title:View%20Water%20Wastewater%20Industry&#8220;][\/vc_column][vc_column width=&#8220;1\/3&#8243; css=&#8220;.vc_custom_1691512191088{background-image: url(https:\/\/thern.com\/wp-content\/uploads\/2023\/08\/Thern_Industries-Construction.jpg?id=22350) !important;background-position: center !important;background-repeat: no-repeat !important;background-size: cover !important;}&#8220;][vc_custom_heading text=&#8220;Konstruktion&#8220; font_container=&#8220;tag:h5|text_align:left|color:%23ffffff&#8220; use_theme_fonts=&#8220;yes&#8220; link=&#8220;url:%2Fde%2Findustries%2Fconstruction|title:View%20Construction%20Industry&#8220;][\/vc_column][vc_column width=&#8220;1\/3&#8243; css=&#8220;.vc_custom_1691513215155{background-image: url(https:\/\/thern.com\/wp-content\/uploads\/2023\/08\/Thern_Industries-Manufacturing.jpg?id=22353) !important;background-position: center !important;background-repeat: no-repeat !important;background-size: cover !important;}&#8220;][vc_custom_heading text=&#8220;Herstellung&#8220; font_container=&#8220;tag:h5|text_align:left|color:%23ffffff&#8220; use_theme_fonts=&#8220;yes&#8220; link=&#8220;url:%2Fde%2Findustries%2Fmanufacturing%2F|title:View%20Manufacturing%20Industry&#8220;][\/vc_column][\/vc_row][vc_row gap=&#8220;3&#8243; css_animation=&#8220;fadeInUp&#8220; el_class=&#8220;industries-row white-arrow&#8220;][vc_column width=&#8220;1\/3&#8243; css=&#8220;.vc_custom_1691513627295{background-image: url(https:\/\/thern.com\/wp-content\/uploads\/2023\/08\/Thern_Industries-Theater.jpg?id=22355) !important;background-position: center !important;background-repeat: no-repeat !important;background-size: cover !important;}&#8220;][vc_custom_heading text=&#8220;Theater&#8220; font_container=&#8220;tag:h5|text_align:left|color:%23ffffff&#8220; use_theme_fonts=&#8220;yes&#8220; link=&#8220;url:%2Fde%2Findustries%2Ftheater%2F|title:View%20Theater%20Industry&#8220;][\/vc_column][vc_column width=&#8220;1\/3&#8243; css=&#8220;.vc_custom_1691514238478{background-image: url(https:\/\/thern.com\/wp-content\/uploads\/2023\/08\/Thern_Industries-Bulk-Handling.jpg?id=22357) !important;background-position: center !important;background-repeat: no-repeat !important;background-size: cover !important;}&#8220;][vc_custom_heading text=&#8220;Massenhandhabung&#8220; font_container=&#8220;tag:h5|text_align:left|color:%23ffffff&#8220; use_theme_fonts=&#8220;yes&#8220; link=&#8220;url:%2Fde%2Findustries%2Fbulk-material-handling%2F|title:View%20Bulk%20Handling%20Industry&#8220;][\/vc_column][vc_column width=&#8220;1\/3&#8243; css=&#8220;.vc_custom_1691514326905{background-image: url(https:\/\/thern.com\/wp-content\/uploads\/2023\/08\/Thern_Industries-Oil-Gas.jpg?id=22359) !important;background-position: center !important;background-repeat: no-repeat !important;background-size: cover !important;}&#8220;][vc_custom_heading text=&#8220;\u00d6lbenzin&#8220; font_container=&#8220;tag:h5|text_align:left|color:%23ffffff&#8220; use_theme_fonts=&#8220;yes&#8220; link=&#8220;url:%2Fde%2Findustries%2Foil-and-gas%2F|title:View%20Oil%20%26%20Gas%20Industry&#8220;][\/vc_column][\/vc_row][vc_row gap=&#8220;3&#8243; css_animation=&#8220;fadeInUp&#8220; el_class=&#8220;industries-row white-arrow&#8220; css=&#8220;.vc_custom_1698863602076{padding-bottom: 35px !important;}&#8220;][vc_column width=&#8220;1\/3&#8243; css=&#8220;.vc_custom_1691514400825{background-image: url(https:\/\/thern.com\/wp-content\/uploads\/2023\/08\/Thern_Industries-Mining.jpg?id=22361) !important;background-position: center !important;background-repeat: no-repeat !important;background-size: cover !important;}&#8220;][vc_custom_heading text=&#8220;Bergbau&#8220; font_container=&#8220;tag:h5|text_align:left|color:%23ffffff&#8220; use_theme_fonts=&#8220;yes&#8220; link=&#8220;url:%2Fde%2Findustries%2Fmining%2F|title:View%20Mining%20Industry&#8220;][\/vc_column][vc_column width=&#8220;1\/3&#8243; css=&#8220;.vc_custom_1691514451237{background-image: url(https:\/\/thern.com\/wp-content\/uploads\/2023\/08\/Thern_Industries-Defense.jpg?id=22363) !important;background-position: center !important;background-repeat: no-repeat !important;background-size: cover !important;}&#8220;][vc_custom_heading text=&#8220;Verteidigung&#8220; font_container=&#8220;tag:h5|text_align:left|color:%23ffffff&#8220; use_theme_fonts=&#8220;yes&#8220; link=&#8220;url:%2Fde%2Findustries%2Fdefense%2F|title:View%20Defense%20Industry&#8220;][\/vc_column][vc_column width=&#8220;1\/3&#8243; css=&#8220;.vc_custom_1691514660455{background-image: url(https:\/\/thern.com\/wp-content\/uploads\/2023\/08\/Thern_Industries-OEMS.jpg?id=22365) !important;background-position: center !important;background-repeat: no-repeat !important;background-size: cover !important;}&#8220;][vc_custom_heading text=&#8220;OEMS&#8220; font_container=&#8220;tag:h5|text_align:left|color:%23ffffff&#8220; use_theme_fonts=&#8220;yes&#8220; link=&#8220;url:%2Fde%2Findustries%2Foems%2F|title:View%20OEMs%20Industry&#8220;][\/vc_column][\/vc_row][\/vc_section][vc_row css=&#8220;.vc_custom_1689183432752{padding-top: 35px !important;padding-bottom: 35px !important;}&#8220;][vc_column width=&#8220;1\/6&#8243;][\/vc_column][vc_column css_animation=&#8220;fadeInUp&#8220; width=&#8220;4\/6&#8243;][vc_custom_heading text=&#8220;Wir sind hier um zu helfen&#8220; font_container=&#8220;tag:h2|text_align:center|color:%230a0a0a&#8220; use_theme_fonts=&#8220;yes&#8220; css=&#8220;.vc_custom_1695762239118{margin-bottom: 0px !important;}&#8220;][vc_column_text]<\/p>\n<p style=\"text-align: center;\">Habe Fragen? Das freundliche und sachkundige Verkaufs- und Servicepersonal von Thern steht Ihnen gerne zur Verf\u00fcgung.<\/p>\n<p>[\/vc_column_text][vc_btn title=&#8220;Kontaktiere uns&#8220; style=&#8220;custom&#8220; custom_background=&#8220;#c71a32&#8243; custom_text=&#8220;#ffffff&#8220; shape=&#8220;square&#8220; size=&#8220;lg&#8220; align=&#8220;center&#8220; i_align=&#8220;right&#8220; i_icon_fontawesome=&#8220;fas fa-angle-right&#8220; add_icon=&#8220;true&#8220; link=&#8220;url:%2Fde%2Fcontact%2F|title:Contact&#8220;][\/vc_column][vc_column width=&#8220;1\/6&#8243;][\/vc_column][\/vc_row]<\/p>\n<\/div>","protected":false},"excerpt":{"rendered":"<p>[vc_section full_width=&#8220;stretch_row&#8220; full_height=&#8220;yes&#8220; content_placement=&#8220;bottom&#8220; css=&#8220;.vc_custom_1689185033305{background-image: url(https:\/\/thern.com\/wp-content\/uploads\/2023\/07\/Thern-Inc_Industries-Hero.jpg?id=520) !important;background-position: center !important;background-repeat: no-repeat !important;background-size: cover !important;}&#8220;][vc_row full_width=&#8220;stretch_row&#8220; css=&#8220;.vc_custom_1689100740503{padding-bottom: 95px !important;background-color: rgba(0,0,0,0.5) !important;*background-color: rgb(0,0,0) !important;}&#8220;][vc_column][vc_custom_heading text=&#8220;Branchen&#8220; font_container=&#8220;tag:h1|text_align:left|color:%23ffffff&#8220; use_theme_fonts=&#8220;yes&#8220; css_animation=&#8220;fadeInLeft&#8220;][\/vc_column][\/vc_row][\/vc_section][vc_row full_width=&#8220;stretch_row&#8220; equal_height=&#8220;yes&#8220; content_placement=&#8220;middle&#8220; css=&#8220;.vc_custom_1689180629506{padding-bottom: 35px !important;background-color: #c71a32 !important;}&#8220;][vc_column css_animation=&#8220;fadeInLeft&#8220; width=&#8220;2\/3&#8243;][vc_custom_heading text=&#8220;Industrieanwendungen f\u00fcr Thern-Krane und Winden&#8220; font_container=&#8220;tag:h2|text_align:left|color:%23ffffff&#8220; use_theme_fonts=&#8220;yes&#8220;][\/vc_column][vc_column width=&#8220;1\/3&#8243;][\/vc_column][\/vc_row][vc_row equal_height=&#8220;yes&#8220; content_placement=&#8220;bottom&#8220;][vc_column css_animation=&#8220;fadeInLeft&#8220; width=&#8220;1\/3&#8243;][vc_custom_heading text=&#8220;DIESE WINDEN UND KRANE SIND IN PRAKTISCH JEDER &#8230; <a title=\"Industries\" class=\"read-more\" href=\"https:\/\/thern.com\/de\/industries\/\" aria-label=\"More on Industries\">Read more<\/a><\/p>\n","protected":false},"author":1,"featured_media":0,"parent":0,"menu_order":0,"comment_status":"closed","ping_status":"closed","template":"","meta":{"footnotes":""},"class_list":["post-30467","page","type-page","status-publish"],"yoast_head":"<!-- This site is optimized with the Yoast SEO plugin v27.4 - https:\/\/yoast.com\/product\/yoast-seo-wordpress\/ -->\n<title>Industries &amp; Applications for Cranes &amp; Winches | Thern, Inc.<\/title>\n<meta name=\"description\" content=\"Thern winches &amp; cranes can be found lifting, pulling and positioning loads in virtually every industry imaginable. Explore the industries we serve!\" \/>\n<meta name=\"robots\" content=\"index, follow, max-snippet:-1, max-image-preview:large, max-video-preview:-1\" \/>\n<link rel=\"canonical\" href=\"https:\/\/thern.com\/de\/industries\/\" \/>\n<meta property=\"og:locale\" content=\"de_DE\" \/>\n<meta property=\"og:type\" content=\"article\" \/>\n<meta property=\"og:title\" content=\"Industries &amp; Applications for Cranes &amp; Winches | Thern, Inc.\" \/>\n<meta property=\"og:description\" content=\"Thern winches &amp; cranes can be found lifting, pulling and positioning loads in virtually every industry imaginable. Explore the industries we serve!\" \/>\n<meta property=\"og:url\" content=\"https:\/\/thern.com\/de\/industries\/\" \/>\n<meta property=\"og:site_name\" content=\"Thern\u00ae Winches &amp; Cranes\" \/>\n<meta property=\"article:publisher\" content=\"https:\/\/www.facebook.com\/ThernInc\/\" \/>\n<meta property=\"article:modified_time\" content=\"2023-11-01T18:33:11+00:00\" \/>\n<meta name=\"twitter:card\" content=\"summary_large_image\" \/>\n<meta name=\"twitter:label1\" content=\"Gesch\u00e4tzte Lesezeit\" \/>\n\t<meta name=\"twitter:data1\" content=\"2 Minuten\" \/>\n<script type=\"application\/ld+json\" class=\"yoast-schema-graph\">{\"@context\":\"https:\\\/\\\/schema.org\",\"@graph\":[{\"@type\":\"WebPage\",\"@id\":\"https:\\\/\\\/thern.com\\\/de\\\/industries\\\/\",\"url\":\"https:\\\/\\\/thern.com\\\/de\\\/industries\\\/\",\"name\":\"Industries & Applications for Cranes & Winches | Thern, Inc.\",\"isPartOf\":{\"@id\":\"https:\\\/\\\/thern.com\\\/de\\\/#website\"},\"datePublished\":\"2023-07-12T18:01:07+00:00\",\"dateModified\":\"2023-11-01T18:33:11+00:00\",\"description\":\"Thern winches & cranes can be found lifting, pulling and positioning loads in virtually every industry imaginable. Explore the industries we serve!\",\"breadcrumb\":{\"@id\":\"https:\\\/\\\/thern.com\\\/de\\\/industries\\\/#breadcrumb\"},\"inLanguage\":\"de-DE\",\"potentialAction\":[{\"@type\":\"ReadAction\",\"target\":[\"https:\\\/\\\/thern.com\\\/de\\\/industries\\\/\"]}]},{\"@type\":\"BreadcrumbList\",\"@id\":\"https:\\\/\\\/thern.com\\\/de\\\/industries\\\/#breadcrumb\",\"itemListElement\":[{\"@type\":\"ListItem\",\"position\":1,\"name\":\"Home\",\"item\":\"https:\\\/\\\/thern.com\\\/de\\\/\"},{\"@type\":\"ListItem\",\"position\":2,\"name\":\"Industries\"}]},{\"@type\":\"WebSite\",\"@id\":\"https:\\\/\\\/thern.com\\\/de\\\/#website\",\"url\":\"https:\\\/\\\/thern.com\\\/de\\\/\",\"name\":\"Thern\u00ae Winches &amp; Cranes\",\"description\":\"Leave the Heavy Lifting to Us\",\"publisher\":{\"@id\":\"https:\\\/\\\/thern.com\\\/de\\\/#organization\"},\"potentialAction\":[{\"@type\":\"SearchAction\",\"target\":{\"@type\":\"EntryPoint\",\"urlTemplate\":\"https:\\\/\\\/thern.com\\\/de\\\/?s={search_term_string}\"},\"query-input\":{\"@type\":\"PropertyValueSpecification\",\"valueRequired\":true,\"valueName\":\"search_term_string\"}}],\"inLanguage\":\"de-DE\"},{\"@type\":\"Organization\",\"@id\":\"https:\\\/\\\/thern.com\\\/de\\\/#organization\",\"name\":\"Thern\u00ae Winches &amp; Cranes\",\"url\":\"https:\\\/\\\/thern.com\\\/de\\\/\",\"logo\":{\"@type\":\"ImageObject\",\"inLanguage\":\"de-DE\",\"@id\":\"https:\\\/\\\/thern.com\\\/de\\\/#\\\/schema\\\/logo\\\/image\\\/\",\"url\":\"https:\\\/\\\/thern.com\\\/wp-content\\\/uploads\\\/2023\\\/11\\\/Logo_SaveForWeb-outline-FINAL-01.svg\",\"contentUrl\":\"https:\\\/\\\/thern.com\\\/wp-content\\\/uploads\\\/2023\\\/11\\\/Logo_SaveForWeb-outline-FINAL-01.svg\",\"caption\":\"Thern\u00ae Winches &amp; Cranes\"},\"image\":{\"@id\":\"https:\\\/\\\/thern.com\\\/de\\\/#\\\/schema\\\/logo\\\/image\\\/\"},\"sameAs\":[\"https:\\\/\\\/www.facebook.com\\\/ThernInc\\\/\",\"https:\\\/\\\/www.linkedin.com\\\/company\\\/thern-inc-\\\/\",\"https:\\\/\\\/www.youtube.com\\\/user\\\/ThernStage\"]}]}<\/script>\n<!-- \/ Yoast SEO plugin. -->","yoast_head_json":{"title":"Industries & Applications for Cranes & Winches | Thern, Inc.","description":"Thern winches & cranes can be found lifting, pulling and positioning loads in virtually every industry imaginable. Explore the industries we serve!","robots":{"index":"index","follow":"follow","max-snippet":"max-snippet:-1","max-image-preview":"max-image-preview:large","max-video-preview":"max-video-preview:-1"},"canonical":"https:\/\/thern.com\/de\/industries\/","og_locale":"de_DE","og_type":"article","og_title":"Industries & Applications for Cranes & Winches | Thern, Inc.","og_description":"Thern winches & cranes can be found lifting, pulling and positioning loads in virtually every industry imaginable. Explore the industries we serve!","og_url":"https:\/\/thern.com\/de\/industries\/","og_site_name":"Thern\u00ae Winches &amp; Cranes","article_publisher":"https:\/\/www.facebook.com\/ThernInc\/","article_modified_time":"2023-11-01T18:33:11+00:00","twitter_card":"summary_large_image","twitter_misc":{"Gesch\u00e4tzte Lesezeit":"2 Minuten"},"schema":{"@context":"https:\/\/schema.org","@graph":[{"@type":"WebPage","@id":"https:\/\/thern.com\/de\/industries\/","url":"https:\/\/thern.com\/de\/industries\/","name":"Industries & Applications for Cranes & Winches | Thern, Inc.","isPartOf":{"@id":"https:\/\/thern.com\/de\/#website"},"datePublished":"2023-07-12T18:01:07+00:00","dateModified":"2023-11-01T18:33:11+00:00","description":"Thern winches & cranes can be found lifting, pulling and positioning loads in virtually every industry imaginable. Explore the industries we serve!","breadcrumb":{"@id":"https:\/\/thern.com\/de\/industries\/#breadcrumb"},"inLanguage":"de-DE","potentialAction":[{"@type":"ReadAction","target":["https:\/\/thern.com\/de\/industries\/"]}]},{"@type":"BreadcrumbList","@id":"https:\/\/thern.com\/de\/industries\/#breadcrumb","itemListElement":[{"@type":"ListItem","position":1,"name":"Home","item":"https:\/\/thern.com\/de\/"},{"@type":"ListItem","position":2,"name":"Industries"}]},{"@type":"WebSite","@id":"https:\/\/thern.com\/de\/#website","url":"https:\/\/thern.com\/de\/","name":"Thern\u00ae Winches &amp; Cranes","description":"Leave the Heavy Lifting to Us","publisher":{"@id":"https:\/\/thern.com\/de\/#organization"},"potentialAction":[{"@type":"SearchAction","target":{"@type":"EntryPoint","urlTemplate":"https:\/\/thern.com\/de\/?s={search_term_string}"},"query-input":{"@type":"PropertyValueSpecification","valueRequired":true,"valueName":"search_term_string"}}],"inLanguage":"de-DE"},{"@type":"Organization","@id":"https:\/\/thern.com\/de\/#organization","name":"Thern\u00ae Winches &amp; Cranes","url":"https:\/\/thern.com\/de\/","logo":{"@type":"ImageObject","inLanguage":"de-DE","@id":"https:\/\/thern.com\/de\/#\/schema\/logo\/image\/","url":"https:\/\/thern.com\/wp-content\/uploads\/2023\/11\/Logo_SaveForWeb-outline-FINAL-01.svg","contentUrl":"https:\/\/thern.com\/wp-content\/uploads\/2023\/11\/Logo_SaveForWeb-outline-FINAL-01.svg","caption":"Thern\u00ae Winches &amp; Cranes"},"image":{"@id":"https:\/\/thern.com\/de\/#\/schema\/logo\/image\/"},"sameAs":["https:\/\/www.facebook.com\/ThernInc\/","https:\/\/www.linkedin.com\/company\/thern-inc-\/","https:\/\/www.youtube.com\/user\/ThernStage"]}]}},"_links":{"self":[{"href":"https:\/\/thern.com\/de\/wp-json\/wp\/v2\/pages\/30467","targetHints":{"allow":["GET"]}}],"collection":[{"href":"https:\/\/thern.com\/de\/wp-json\/wp\/v2\/pages"}],"about":[{"href":"https:\/\/thern.com\/de\/wp-json\/wp\/v2\/types\/page"}],"author":[{"embeddable":true,"href":"https:\/\/thern.com\/de\/wp-json\/wp\/v2\/users\/1"}],"replies":[{"embeddable":true,"href":"https:\/\/thern.com\/de\/wp-json\/wp\/v2\/comments?post=30467"}],"version-history":[{"count":0,"href":"https:\/\/thern.com\/de\/wp-json\/wp\/v2\/pages\/30467\/revisions"}],"wp:attachment":[{"href":"https:\/\/thern.com\/de\/wp-json\/wp\/v2\/media?parent=30467"}],"curies":[{"name":"wp","href":"https:\/\/api.w.org\/{rel}","templated":true}]}}