{"id":30091,"date":"2023-07-12T16:52:07","date_gmt":"2023-07-12T16:52:07","guid":{"rendered":"https:\/\/therninc.wpenginepowered.com\/portfolio\/"},"modified":"2023-11-01T18:41:17","modified_gmt":"2023-11-01T18:41:17","slug":"portfolio","status":"publish","type":"page","link":"https:\/\/thern.com\/de\/portfolio\/","title":{"rendered":"Portfolio"},"content":{"rendered":"<div class=\"wpb-content-wrapper\"><p>[vc_section full_width=&#8220;stretch_row&#8220; full_height=&#8220;yes&#8220; content_placement=&#8220;bottom&#8220; css=&#8220;.vc_custom_1689181163916{background-image: url(https:\/\/thern.com\/wp-content\/uploads\/2023\/07\/Thern-Inc_Portfolio-Hero.jpg?id=481) !important;background-position: center !important;background-repeat: no-repeat !important;background-size: cover !important;}&#8220;][vc_row full_width=&#8220;stretch_row&#8220; css=&#8220;.vc_custom_1689100740503{padding-bottom: 95px !important;background-color: rgba(0,0,0,0.5) !important;*background-color: rgb(0,0,0) !important;}&#8220;][vc_column][vc_custom_heading text=&#8220;Portfolio&#8220; font_container=&#8220;tag:h1|text_align:left|color:%23ffffff&#8220; use_theme_fonts=&#8220;yes&#8220; css_animation=&#8220;fadeInLeft&#8220;][\/vc_column][\/vc_row][\/vc_section][vc_row full_width=&#8220;stretch_row&#8220; equal_height=&#8220;yes&#8220; content_placement=&#8220;middle&#8220; css=&#8220;.vc_custom_1689180629506{padding-bottom: 35px !important;background-color: #c71a32 !important;}&#8220;][vc_column css_animation=&#8220;fadeInLeft&#8220; width=&#8220;1\/2&#8243;][vc_custom_heading text=&#8220;THERN\u00ae WINDEN- &amp; KRANPROJEKTE&#8220; font_container=&#8220;tag:h2|text_align:left|color:%23ffffff&#8220; use_theme_fonts=&#8220;yes&#8220;][\/vc_column][vc_column css_animation=&#8220;fadeInRight&#8220; width=&#8220;1\/2&#8243;][vc_column_text css=&#8220;.vc_custom_1695743620073{margin-bottom: 0px !important;}&#8220;]<span style=\"color: #ffffff;\">Unsere Winden und Kr\u00e4ne spielen eine essenzielle Rolle in den Herzen von Amerikas gr\u00f6\u00dften und prominentesten Projekten. Bei anspruchsvollen Projekten k\u00f6nnen Sie sich auf die Leistung von Therns Maschinen verlassen. Unsere Expertise mit kundenspezifischen Sonderbauten erlaubt es uns, Winden und Kr\u00e4ne f\u00fcr fast jede Anwendung herzustellen.<\/span>[\/vc_column_text][\/vc_column][\/vc_row][vc_row full_width=&#8220;stretch_row&#8220; equal_height=&#8220;yes&#8220; content_placement=&#8220;middle&#8220; css=&#8220;.vc_custom_1689181121051{background-color: #ececec !important;}&#8220;][vc_column css_animation=&#8220;fadeInUp&#8220; width=&#8220;1\/2&#8243;][vc_custom_heading text=&#8220;Entdecken Sie unten unsere einzigartigen, ma\u00dfgeschneiderten Hebel\u00f6sungen, die f\u00fcr eine Vielzahl von Anwendungen entworfen und implementiert wurden!&#8220; font_container=&#8220;tag:h6|text_align:left|color:%23990000&#8243; use_theme_fonts=&#8220;yes&#8220;][\/vc_column][vc_column width=&#8220;1\/2&#8243;][\/vc_column][\/vc_row][vc_section][vc_row full_width=&#8220;stretch_row&#8220; gap=&#8220;3&#8243; css_animation=&#8220;none&#8220; el_class=&#8220;industries-row white-arrow&#8220; css=&#8220;.vc_custom_1698864067853{background-color: #ececec !important;}&#8220;][vc_column css_animation=&#8220;fadeInUp&#8220; width=&#8220;1\/3&#8243; css=&#8220;.vc_custom_1695047052969{background-image: url(https:\/\/thern.com\/wp-content\/uploads\/2023\/07\/Thern-TimesSquare.jpg?id=490) !important;background-position: center !important;background-repeat: no-repeat !important;background-size: cover !important;}&#8220;][vc_custom_heading text=&#8220;Times<br \/>\nSquare&#8220; font_container=&#8220;tag:h5|text_align:left|color:%23ffffff&#8220; use_theme_fonts=&#8220;yes&#8220; link=&#8220;url:%2Fde%2Fportfolio%2Ftimes-square%2F|title:View%20Times%20Square%20Portfolio&#8220;][\/vc_column][vc_column css_animation=&#8220;fadeInUp&#8220; width=&#8220;1\/3&#8243; css=&#8220;.vc_custom_1698781803422{background-image: url(https:\/\/thern.com\/wp-content\/uploads\/2023\/10\/Thern_Germany-WW-Treatment-Plant_One.jpg?id=32616) !important;background-position: center !important;background-repeat: no-repeat !important;background-size: cover !important;}&#8220;][vc_custom_heading text=&#8220;Germany<br \/>\nWastewater<br \/>\nTreatment<br \/>\nPlant&#8220; font_container=&#8220;tag:h5|text_align:left|color:%23ffffff&#8220; use_theme_fonts=&#8220;yes&#8220; link=&#8220;url:%2Fde%2Fportfolio%2Fgermany-wastewater-treatment-plant%2F|title:View%20Germany%20Wastewater%20Treatment%20Plant&#8220;][\/vc_column][vc_column css_animation=&#8220;fadeInUp&#8220; width=&#8220;1\/3&#8243; css=&#8220;.vc_custom_1695047062315{background-image: url(https:\/\/thern.com\/wp-content\/uploads\/2023\/07\/areostatproduction1.jpg?id=494) !important;background-position: center !important;background-repeat: no-repeat !important;background-size: cover !important;}&#8220;][vc_custom_heading text=&#8220;Waupaca<br \/>\nFoundry&#8220; font_container=&#8220;tag:h5|text_align:left|color:%23ffffff&#8220; use_theme_fonts=&#8220;yes&#8220; link=&#8220;url:%2Fde%2Fportfolio%2Fwaupaca-foundry%2F|title:View%20Waepaca%20Foundry%20Portfolio&#8220;][\/vc_column][\/vc_row][vc_row full_width=&#8220;stretch_row&#8220; gap=&#8220;3&#8243; css_animation=&#8220;none&#8220; el_class=&#8220;industries-row white-arrow&#8220; css=&#8220;.vc_custom_1698864072937{background-color: #ececec !important;}&#8220;][vc_column css_animation=&#8220;fadeInUp&#8220; width=&#8220;1\/3&#8243; css=&#8220;.vc_custom_1695047111637{background-image: url(https:\/\/thern.com\/wp-content\/uploads\/2023\/07\/shuttle-pad4.jpg?id=506) !important;background-position: center !important;background-repeat: no-repeat !important;background-size: cover !important;}&#8220;][vc_custom_heading text=&#8220;NASA<br \/>\nShuttle<br \/>\nPad&#8220; font_container=&#8220;tag:h5|text_align:left|color:%23ffffff&#8220; use_theme_fonts=&#8220;yes&#8220; link=&#8220;url:%2Fde%2Fportfolio%2Fnasa-shuttle-pad%2F|title:View%20NASA%20Shuttle%20Pad%20Portfolio&#8220;][\/vc_column][vc_column css_animation=&#8220;fadeInUp&#8220; width=&#8220;1\/3&#8243; css=&#8220;.vc_custom_1695047116554{background-image: url(https:\/\/thern.com\/wp-content\/uploads\/2023\/07\/radial3.jpg?id=504) !important;background-position: center !important;background-repeat: no-repeat !important;background-size: cover !important;}&#8220;][vc_custom_heading text=&#8220;Radial<br \/>\nGravel<br \/>\nStacker&#8220; font_container=&#8220;tag:h5|text_align:left|color:%23ffffff&#8220; use_theme_fonts=&#8220;yes&#8220; link=&#8220;url:%2Fde%2Fportfolio%2Fradial-gravel-stacker%2F|title:View%20Radial%20Gravel%20Stacker%20Portfolio&#8220;][\/vc_column][vc_column css_animation=&#8220;fadeInUp&#8220; width=&#8220;1\/3&#8243; css=&#8220;.vc_custom_1695047121233{background-image: url(https:\/\/thern.com\/wp-content\/uploads\/2023\/07\/BARGE-POSITIONING4.jpg?id=500) !important;background-position: center !important;background-repeat: no-repeat !important;background-size: cover !important;}&#8220;][vc_custom_heading text=&#8220;Barge<br \/>\nPositioning&#8220; font_container=&#8220;tag:h5|text_align:left|color:%23ffffff&#8220; use_theme_fonts=&#8220;yes&#8220; link=&#8220;url:%2Fde%2Fportfolio%2Fbarge-positioning%2F|title:View%20Barge%20Positioning%20Portfolio&#8220;][\/vc_column][\/vc_row][vc_row full_width=&#8220;stretch_row&#8220; gap=&#8220;3&#8243; css_animation=&#8220;none&#8220; el_class=&#8220;industries-row white-arrow&#8220; css=&#8220;.vc_custom_1698864077753{background-color: #ececec !important;}&#8220;][vc_column css_animation=&#8220;fadeInUp&#8220; width=&#8220;1\/3&#8243; css=&#8220;.vc_custom_1698781824646{background-image: url(https:\/\/thern.com\/wp-content\/uploads\/2023\/10\/Thern_Gantry-Davit-Crane_Four.jpg?id=32690) !important;background-position: center !important;background-repeat: no-repeat !important;background-size: cover !important;}&#8220;][vc_custom_heading text=&#8220;Gantry<br \/>\nDavit Crane&#8220; font_container=&#8220;tag:h5|text_align:left|color:%23ffffff&#8220; use_theme_fonts=&#8220;yes&#8220; link=&#8220;url:%2Fde%2Fportfolio%2Fgantry-davit-crane%2F|title:View%20Gantry%20Davit%20Crane&#8220;][\/vc_column][vc_column css_animation=&#8220;fadeInUp&#8220; width=&#8220;1\/3&#8243; css=&#8220;.vc_custom_1698782107938{background-image: url(https:\/\/thern.com\/wp-content\/uploads\/2023\/10\/Thern_Winch-Aerospace_Three.jpg?id=32712) !important;background-position: center !important;background-repeat: no-repeat !important;background-size: cover !important;}&#8220;][vc_custom_heading text=&#8220;Spain Winch<br \/>\nfor Aerospace&#8220; font_container=&#8220;tag:h5|text_align:left|color:%23ffffff&#8220; use_theme_fonts=&#8220;yes&#8220; link=&#8220;url:%2Fde%2Fportfolio%2Fspain-winch-for-aerospace%2F|title:Spain%20Winch%20for%20Aerospace&#8220;][\/vc_column][vc_column css_animation=&#8220;fadeInUp&#8220; width=&#8220;1\/3&#8243; css=&#8220;.vc_custom_1698782165141{background-image: url(https:\/\/thern.com\/wp-content\/uploads\/2023\/10\/Thern_Luxemburg-Wastewater_One.jpg?id=32755) !important;background-position: center !important;background-repeat: no-repeat !important;background-size: cover !important;}&#8220;][vc_custom_heading text=&#8220;Luxemburg<br \/>\nWastewater<br \/>\nTreatment<br \/>\nPlant&#8220; font_container=&#8220;tag:h5|text_align:left|color:%23ffffff&#8220; use_theme_fonts=&#8220;yes&#8220; link=&#8220;url:%2Fde%2Fportfolio%2Fluxemburg-wastewater-treatment-plant%2F|title:Luxemburg%20Wastewater%20Treatment%20Plant&#8220;][\/vc_column][\/vc_row][vc_row full_width=&#8220;stretch_row&#8220; gap=&#8220;3&#8243; css_animation=&#8220;none&#8220; el_class=&#8220;industries-row white-arrow&#8220; css=&#8220;.vc_custom_1698864083107{background-color: #ececec !important;}&#8220;][vc_column css_animation=&#8220;fadeInUp&#8220; width=&#8220;1\/3&#8243; css=&#8220;.vc_custom_1698782213609{background-image: url(https:\/\/thern.com\/wp-content\/uploads\/2023\/10\/Thern_Nachtmanderscheid_Seven.jpg?id=32919) !important;background-position: center !important;background-repeat: no-repeat !important;background-size: cover !important;}&#8220;][vc_custom_heading text=&#8220;Luxemburg<br \/>\nWastewater<br \/>\nNachtmander-<br \/>\nscheid and<br \/>\nPutscheid&#8220; font_container=&#8220;tag:h5|text_align:left|color:%23ffffff&#8220; use_theme_fonts=&#8220;yes&#8220; link=&#8220;url:%2Fde%2Fportfolio%2Fluxemburg-wastewater-nachtmanderscheid-putscheid%2F|title:View%20Luxemburg%20Wastewater%20Nachtmanderscheid%20and%20Putscheid&#8220;][\/vc_column][vc_column css_animation=&#8220;fadeInUp&#8220; width=&#8220;1\/3&#8243; css=&#8220;.vc_custom_1698782238184{background-image: url(https:\/\/thern.com\/wp-content\/uploads\/2023\/10\/Thern_Spain-WW-Meat-Process_One.jpg?id=32973) !important;background-position: center !important;background-repeat: no-repeat !important;background-size: cover !important;}&#8220;][vc_custom_heading text=&#8220;Spain<br \/>\nWastewater<br \/>\nfor Meat<br \/>\nProcessing&#8220; font_container=&#8220;tag:h5|text_align:left|color:%23ffffff&#8220; use_theme_fonts=&#8220;yes&#8220; link=&#8220;url:%2Fde%2Fportfolio%2Fspain-wastewater-for-meat-processing%2F|title:View%20Spain%20Wastewater%20for%20Meat%20Processing&#8220;][\/vc_column][vc_column css_animation=&#8220;fadeInUp&#8220; width=&#8220;1\/3&#8243; css=&#8220;.vc_custom_1698782262751{background-image: url(https:\/\/thern.com\/wp-content\/uploads\/2023\/10\/Thern_Denmark-WW-Treatment_Seven.jpg?id=33005) !important;background-position: center !important;background-repeat: no-repeat !important;background-size: cover !important;}&#8220;][vc_custom_heading text=&#8220;Denmark<br \/>\nWastewater<br \/>\nTreatment<br \/>\nAalborg&#8220; font_container=&#8220;tag:h5|text_align:left|color:%23ffffff&#8220; use_theme_fonts=&#8220;yes&#8220; link=&#8220;url:%2Fde%2Fportfolio%2Fdenmark-wastewater-treatment-aalborg%2F|title:View%20Denmark%20Wastewater%20Treatment%20Aalborg&#8220;][\/vc_column][\/vc_row][vc_row full_width=&#8220;stretch_row&#8220; gap=&#8220;3&#8243; css_animation=&#8220;none&#8220; el_class=&#8220;industries-row white-arrow&#8220; css=&#8220;.vc_custom_1698864088107{padding-bottom: 35px !important;background-color: #ececec !important;}&#8220;][vc_column css_animation=&#8220;fadeInUp&#8220; width=&#8220;1\/3&#8243; css=&#8220;.vc_custom_1698782280131{background-image: url(https:\/\/thern.com\/wp-content\/uploads\/2023\/10\/Thern_Spain-Scotland-Renewable-Energy_Five.jpg?id=33065) !important;background-position: center !important;background-repeat: no-repeat !important;background-size: cover !important;}&#8220;][vc_custom_heading text=&#8220;Spain<br \/>\nand Scotland<br \/>\nRenewable<br \/>\nEnergy&#8220; font_container=&#8220;tag:h5|text_align:left|color:%23ffffff&#8220; use_theme_fonts=&#8220;yes&#8220; link=&#8220;url:%2Fde%2Fportfolio%2Fspain-scotland-renewable-energy%2F|title:View%20Spain%20and%20Scotland%20Renewable%20Energy&#8220;][\/vc_column][vc_column css_animation=&#8220;fadeInUp&#8220; width=&#8220;1\/3&#8243; css=&#8220;.vc_custom_1698782302025{background-image: url(https:\/\/thern.com\/wp-content\/uploads\/2023\/10\/Thern_Ireland-Atex-Rated-Zone_Two.jpg?id=33124) !important;background-position: center !important;background-repeat: no-repeat !important;background-size: cover !important;}&#8220;][vc_custom_heading text=&#8220;Ireland<br \/>\nAtex<br \/>\nRated Zone&#8220; font_container=&#8220;tag:h5|text_align:left|color:%23ffffff&#8220; use_theme_fonts=&#8220;yes&#8220; link=&#8220;url:%2Fde%2Fportfolio%2Fireland-atex-rated-zone%2F|title:View%20Ireland%20Atex%20Rated%20Zone&#8220;][\/vc_column][vc_column css_animation=&#8220;fadeInUp&#8220; width=&#8220;1\/3&#8243; css=&#8220;.vc_custom_1698782317262{background-image: url(https:\/\/thern.com\/wp-content\/uploads\/2023\/10\/Thern_United-Arab-Fire-Truck_One.jpg?id=33159) !important;background-position: center !important;background-repeat: no-repeat !important;background-size: cover !important;}&#8220;][vc_custom_heading text=&#8220;United Arab<br \/>\nEmirate<br \/>\nBristol<br \/>\nFire Truck&#8220; font_container=&#8220;tag:h5|text_align:left|color:%23ffffff&#8220; use_theme_fonts=&#8220;yes&#8220; link=&#8220;url:%2Fde%2Fportfolio%2Funited-arab-emirates-bristol-fire-truck%2F|title:View%20United%20Arab%20Emirates%20Bristol%20Fire%20Truck&#8220;][\/vc_column][\/vc_row][\/vc_section][vc_row css=&#8220;.vc_custom_1689183432752{padding-top: 35px !important;padding-bottom: 35px !important;}&#8220;][vc_column width=&#8220;1\/6&#8243;][\/vc_column][vc_column css_animation=&#8220;fadeInUp&#8220; width=&#8220;4\/6&#8243;][vc_custom_heading text=&#8220;Wir sind hier um zu helfen&#8220; font_container=&#8220;tag:h2|text_align:center|color:%230a0a0a&#8220; use_theme_fonts=&#8220;yes&#8220; css=&#8220;.vc_custom_1695755217753{margin-bottom: 0px !important;}&#8220;][vc_column_text css=&#8220;.vc_custom_1695755224139{margin-bottom: 25px !important;}&#8220;]<\/p>\n<p style=\"text-align: center;\">Habe Fragen? Das freundliche und sachkundige Verkaufs- und Servicepersonal von Thern steht Ihnen gerne zur Verf\u00fcgung.<\/p>\n<p>[\/vc_column_text][vc_btn title=&#8220;Kontaktiere uns&#8220; style=&#8220;custom&#8220; custom_background=&#8220;#c71a32&#8243; custom_text=&#8220;#ffffff&#8220; shape=&#8220;square&#8220; size=&#8220;lg&#8220; align=&#8220;center&#8220; i_align=&#8220;right&#8220; i_icon_fontawesome=&#8220;fas fa-angle-right&#8220; add_icon=&#8220;true&#8220; link=&#8220;url:https%3A%2F%2Fthern.com%2Fde%2Fcontact%2F|title:Contact&#8220;][\/vc_column][vc_column width=&#8220;1\/6&#8243;][\/vc_column][\/vc_row]<\/p>\n<\/div>","protected":false},"excerpt":{"rendered":"<p>[vc_section full_width=&#8220;stretch_row&#8220; full_height=&#8220;yes&#8220; content_placement=&#8220;bottom&#8220; css=&#8220;.vc_custom_1689181163916{background-image: url(https:\/\/thern.com\/wp-content\/uploads\/2023\/07\/Thern-Inc_Portfolio-Hero.jpg?id=481) !important;background-position: center !important;background-repeat: no-repeat !important;background-size: cover !important;}&#8220;][vc_row full_width=&#8220;stretch_row&#8220; css=&#8220;.vc_custom_1689100740503{padding-bottom: 95px !important;background-color: rgba(0,0,0,0.5) !important;*background-color: rgb(0,0,0) !important;}&#8220;][vc_column][vc_custom_heading text=&#8220;Portfolio&#8220; font_container=&#8220;tag:h1|text_align:left|color:%23ffffff&#8220; use_theme_fonts=&#8220;yes&#8220; css_animation=&#8220;fadeInLeft&#8220;][\/vc_column][\/vc_row][\/vc_section][vc_row full_width=&#8220;stretch_row&#8220; equal_height=&#8220;yes&#8220; content_placement=&#8220;middle&#8220; css=&#8220;.vc_custom_1689180629506{padding-bottom: 35px !important;background-color: #c71a32 !important;}&#8220;][vc_column css_animation=&#8220;fadeInLeft&#8220; width=&#8220;1\/2&#8243;][vc_custom_heading text=&#8220;THERN\u00ae WINDEN- &amp; KRANPROJEKTE&#8220; font_container=&#8220;tag:h2|text_align:left|color:%23ffffff&#8220; use_theme_fonts=&#8220;yes&#8220;][\/vc_column][vc_column css_animation=&#8220;fadeInRight&#8220; width=&#8220;1\/2&#8243;][vc_column_text css=&#8220;.vc_custom_1695743620073{margin-bottom: 0px !important;}&#8220;]Unsere Winden und Kr\u00e4ne spielen eine essenzielle Rolle in den &#8230; <a title=\"Portfolio\" class=\"read-more\" href=\"https:\/\/thern.com\/de\/portfolio\/\" aria-label=\"More on Portfolio\">Read more<\/a><\/p>\n","protected":false},"author":1,"featured_media":0,"parent":0,"menu_order":0,"comment_status":"closed","ping_status":"closed","template":"","meta":{"footnotes":""},"class_list":["post-30091","page","type-page","status-publish"],"yoast_head":"<!-- This site is optimized with the Yoast SEO plugin v27.3 - https:\/\/yoast.com\/product\/yoast-seo-wordpress\/ -->\n<title>Thern, Inc: Unser Portfolio \u2013 Entdecken Sie unsere Winden- und Kranprojekte<\/title>\n<meta name=\"description\" content=\"Die einzigartigen, ma\u00dfgeschneiderten Hebel\u00f6sungen von Thern wurden in einer Vielzahl von Anwendungen und Branchen entwickelt und implementiert. St\u00f6bern Sie in unseren Projekten!\" \/>\n<meta name=\"robots\" content=\"index, follow, max-snippet:-1, max-image-preview:large, max-video-preview:-1\" \/>\n<link rel=\"canonical\" href=\"https:\/\/thern.com\/de\/portfolio\/\" \/>\n<meta property=\"og:locale\" content=\"de_DE\" \/>\n<meta property=\"og:type\" content=\"article\" \/>\n<meta property=\"og:title\" content=\"Thern, Inc: Unser Portfolio \u2013 Entdecken Sie unsere Winden- und Kranprojekte\" \/>\n<meta property=\"og:description\" content=\"Die einzigartigen, ma\u00dfgeschneiderten Hebel\u00f6sungen von Thern wurden in einer Vielzahl von Anwendungen und Branchen entwickelt und implementiert. St\u00f6bern Sie in unseren Projekten!\" \/>\n<meta property=\"og:url\" content=\"https:\/\/thern.com\/de\/portfolio\/\" \/>\n<meta property=\"og:site_name\" content=\"Thern\u00ae Winches &amp; Cranes\" \/>\n<meta property=\"article:publisher\" content=\"https:\/\/www.facebook.com\/ThernInc\/\" \/>\n<meta property=\"article:modified_time\" content=\"2023-11-01T18:41:17+00:00\" \/>\n<meta name=\"twitter:card\" content=\"summary_large_image\" \/>\n<meta name=\"twitter:label1\" content=\"Gesch\u00e4tzte Lesezeit\" \/>\n\t<meta name=\"twitter:data1\" content=\"3 Minuten\" \/>\n<script type=\"application\/ld+json\" class=\"yoast-schema-graph\">{\"@context\":\"https:\\\/\\\/schema.org\",\"@graph\":[{\"@type\":\"WebPage\",\"@id\":\"https:\\\/\\\/thern.com\\\/de\\\/portfolio\\\/\",\"url\":\"https:\\\/\\\/thern.com\\\/de\\\/portfolio\\\/\",\"name\":\"Thern, Inc: Unser Portfolio \u2013 Entdecken Sie unsere Winden- und Kranprojekte\",\"isPartOf\":{\"@id\":\"https:\\\/\\\/thern.com\\\/de\\\/#website\"},\"datePublished\":\"2023-07-12T16:52:07+00:00\",\"dateModified\":\"2023-11-01T18:41:17+00:00\",\"description\":\"Die einzigartigen, ma\u00dfgeschneiderten Hebel\u00f6sungen von Thern wurden in einer Vielzahl von Anwendungen und Branchen entwickelt und implementiert. St\u00f6bern Sie in unseren Projekten!\",\"breadcrumb\":{\"@id\":\"https:\\\/\\\/thern.com\\\/de\\\/portfolio\\\/#breadcrumb\"},\"inLanguage\":\"de-DE\",\"potentialAction\":[{\"@type\":\"ReadAction\",\"target\":[\"https:\\\/\\\/thern.com\\\/de\\\/portfolio\\\/\"]}]},{\"@type\":\"BreadcrumbList\",\"@id\":\"https:\\\/\\\/thern.com\\\/de\\\/portfolio\\\/#breadcrumb\",\"itemListElement\":[{\"@type\":\"ListItem\",\"position\":1,\"name\":\"Home\",\"item\":\"https:\\\/\\\/thern.com\\\/de\\\/\"},{\"@type\":\"ListItem\",\"position\":2,\"name\":\"Portfolio\"}]},{\"@type\":\"WebSite\",\"@id\":\"https:\\\/\\\/thern.com\\\/de\\\/#website\",\"url\":\"https:\\\/\\\/thern.com\\\/de\\\/\",\"name\":\"Thern\u00ae Winches &amp; Cranes\",\"description\":\"Leave the Heavy Lifting to Us\",\"publisher\":{\"@id\":\"https:\\\/\\\/thern.com\\\/de\\\/#organization\"},\"potentialAction\":[{\"@type\":\"SearchAction\",\"target\":{\"@type\":\"EntryPoint\",\"urlTemplate\":\"https:\\\/\\\/thern.com\\\/de\\\/?s={search_term_string}\"},\"query-input\":{\"@type\":\"PropertyValueSpecification\",\"valueRequired\":true,\"valueName\":\"search_term_string\"}}],\"inLanguage\":\"de-DE\"},{\"@type\":\"Organization\",\"@id\":\"https:\\\/\\\/thern.com\\\/de\\\/#organization\",\"name\":\"Thern\u00ae Winches &amp; Cranes\",\"url\":\"https:\\\/\\\/thern.com\\\/de\\\/\",\"logo\":{\"@type\":\"ImageObject\",\"inLanguage\":\"de-DE\",\"@id\":\"https:\\\/\\\/thern.com\\\/de\\\/#\\\/schema\\\/logo\\\/image\\\/\",\"url\":\"https:\\\/\\\/thern.com\\\/wp-content\\\/uploads\\\/2023\\\/11\\\/Logo_SaveForWeb-outline-FINAL-01.svg\",\"contentUrl\":\"https:\\\/\\\/thern.com\\\/wp-content\\\/uploads\\\/2023\\\/11\\\/Logo_SaveForWeb-outline-FINAL-01.svg\",\"caption\":\"Thern\u00ae Winches &amp; Cranes\"},\"image\":{\"@id\":\"https:\\\/\\\/thern.com\\\/de\\\/#\\\/schema\\\/logo\\\/image\\\/\"},\"sameAs\":[\"https:\\\/\\\/www.facebook.com\\\/ThernInc\\\/\",\"https:\\\/\\\/www.linkedin.com\\\/company\\\/thern-inc-\\\/\",\"https:\\\/\\\/www.youtube.com\\\/user\\\/ThernStage\"]}]}<\/script>\n<!-- \/ Yoast SEO plugin. -->","yoast_head_json":{"title":"Thern, Inc: Unser Portfolio \u2013 Entdecken Sie unsere Winden- und Kranprojekte","description":"Die einzigartigen, ma\u00dfgeschneiderten Hebel\u00f6sungen von Thern wurden in einer Vielzahl von Anwendungen und Branchen entwickelt und implementiert. St\u00f6bern Sie in unseren Projekten!","robots":{"index":"index","follow":"follow","max-snippet":"max-snippet:-1","max-image-preview":"max-image-preview:large","max-video-preview":"max-video-preview:-1"},"canonical":"https:\/\/thern.com\/de\/portfolio\/","og_locale":"de_DE","og_type":"article","og_title":"Thern, Inc: Unser Portfolio \u2013 Entdecken Sie unsere Winden- und Kranprojekte","og_description":"Die einzigartigen, ma\u00dfgeschneiderten Hebel\u00f6sungen von Thern wurden in einer Vielzahl von Anwendungen und Branchen entwickelt und implementiert. St\u00f6bern Sie in unseren Projekten!","og_url":"https:\/\/thern.com\/de\/portfolio\/","og_site_name":"Thern\u00ae Winches &amp; Cranes","article_publisher":"https:\/\/www.facebook.com\/ThernInc\/","article_modified_time":"2023-11-01T18:41:17+00:00","twitter_card":"summary_large_image","twitter_misc":{"Gesch\u00e4tzte Lesezeit":"3 Minuten"},"schema":{"@context":"https:\/\/schema.org","@graph":[{"@type":"WebPage","@id":"https:\/\/thern.com\/de\/portfolio\/","url":"https:\/\/thern.com\/de\/portfolio\/","name":"Thern, Inc: Unser Portfolio \u2013 Entdecken Sie unsere Winden- und Kranprojekte","isPartOf":{"@id":"https:\/\/thern.com\/de\/#website"},"datePublished":"2023-07-12T16:52:07+00:00","dateModified":"2023-11-01T18:41:17+00:00","description":"Die einzigartigen, ma\u00dfgeschneiderten Hebel\u00f6sungen von Thern wurden in einer Vielzahl von Anwendungen und Branchen entwickelt und implementiert. St\u00f6bern Sie in unseren Projekten!","breadcrumb":{"@id":"https:\/\/thern.com\/de\/portfolio\/#breadcrumb"},"inLanguage":"de-DE","potentialAction":[{"@type":"ReadAction","target":["https:\/\/thern.com\/de\/portfolio\/"]}]},{"@type":"BreadcrumbList","@id":"https:\/\/thern.com\/de\/portfolio\/#breadcrumb","itemListElement":[{"@type":"ListItem","position":1,"name":"Home","item":"https:\/\/thern.com\/de\/"},{"@type":"ListItem","position":2,"name":"Portfolio"}]},{"@type":"WebSite","@id":"https:\/\/thern.com\/de\/#website","url":"https:\/\/thern.com\/de\/","name":"Thern\u00ae Winches &amp; Cranes","description":"Leave the Heavy Lifting to Us","publisher":{"@id":"https:\/\/thern.com\/de\/#organization"},"potentialAction":[{"@type":"SearchAction","target":{"@type":"EntryPoint","urlTemplate":"https:\/\/thern.com\/de\/?s={search_term_string}"},"query-input":{"@type":"PropertyValueSpecification","valueRequired":true,"valueName":"search_term_string"}}],"inLanguage":"de-DE"},{"@type":"Organization","@id":"https:\/\/thern.com\/de\/#organization","name":"Thern\u00ae Winches &amp; Cranes","url":"https:\/\/thern.com\/de\/","logo":{"@type":"ImageObject","inLanguage":"de-DE","@id":"https:\/\/thern.com\/de\/#\/schema\/logo\/image\/","url":"https:\/\/thern.com\/wp-content\/uploads\/2023\/11\/Logo_SaveForWeb-outline-FINAL-01.svg","contentUrl":"https:\/\/thern.com\/wp-content\/uploads\/2023\/11\/Logo_SaveForWeb-outline-FINAL-01.svg","caption":"Thern\u00ae Winches &amp; Cranes"},"image":{"@id":"https:\/\/thern.com\/de\/#\/schema\/logo\/image\/"},"sameAs":["https:\/\/www.facebook.com\/ThernInc\/","https:\/\/www.linkedin.com\/company\/thern-inc-\/","https:\/\/www.youtube.com\/user\/ThernStage"]}]}},"_links":{"self":[{"href":"https:\/\/thern.com\/de\/wp-json\/wp\/v2\/pages\/30091","targetHints":{"allow":["GET"]}}],"collection":[{"href":"https:\/\/thern.com\/de\/wp-json\/wp\/v2\/pages"}],"about":[{"href":"https:\/\/thern.com\/de\/wp-json\/wp\/v2\/types\/page"}],"author":[{"embeddable":true,"href":"https:\/\/thern.com\/de\/wp-json\/wp\/v2\/users\/1"}],"replies":[{"embeddable":true,"href":"https:\/\/thern.com\/de\/wp-json\/wp\/v2\/comments?post=30091"}],"version-history":[{"count":0,"href":"https:\/\/thern.com\/de\/wp-json\/wp\/v2\/pages\/30091\/revisions"}],"wp:attachment":[{"href":"https:\/\/thern.com\/de\/wp-json\/wp\/v2\/media?parent=30091"}],"curies":[{"name":"wp","href":"https:\/\/api.w.org\/{rel}","templated":true}]}}