{"id":30081,"date":"2023-07-11T20:25:00","date_gmt":"2023-07-11T20:25:00","guid":{"rendered":"https:\/\/therninc.wpenginepowered.com\/owners-manuals\/"},"modified":"2023-09-26T19:49:01","modified_gmt":"2023-09-26T19:49:01","slug":"owners-manuals","status":"publish","type":"page","link":"https:\/\/thern.com\/de\/resources\/owners-manuals\/","title":{"rendered":"Owner&#8217;s Manuals"},"content":{"rendered":"<div class=\"wpb-content-wrapper\"><p>[vc_section full_width=&#8220;stretch_row&#8220; content_placement=&#8220;middle&#8220; css=&#8220;.vc_custom_1692301648320{padding-top: 0px !important;background-image: url(https:\/\/thern.com\/wp-content\/uploads\/2023\/07\/Thern-Inc_Resources-Hero.jpg?id=396) !important;background-position: center !important;background-repeat: no-repeat !important;background-size: cover !important;}&#8220;][vc_row full_width=&#8220;stretch_row&#8220; css=&#8220;.vc_custom_1692301655522{padding-top: 50px !important;padding-bottom: 70px !important;background-color: rgba(0,0,0,0.5) !important;*background-color: rgb(0,0,0) !important;}&#8220;][vc_column][vc_custom_heading text=&#8220;RESSOURCEN&#8220; font_container=&#8220;tag:h1|text_align:left|color:%23ffffff&#8220; use_theme_fonts=&#8220;yes&#8220; css_animation=&#8220;fadeInLeft&#8220;][\/vc_column][\/vc_row][\/vc_section][vc_row full_width=&#8220;stretch_row&#8220; css_animation=&#8220;fadeInUp&#8220; css=&#8220;.vc_custom_1695060413313{padding-top: 70px !important;}&#8220; el_class=&#8220;resource-btn-container&#8220;][vc_column][vc_custom_heading text=&#8220;Power Winches&#8220; font_container=&#8220;tag:h3|text_align:left|color:%23990000&#8243; use_theme_fonts=&#8220;yes&#8220;][vc_raw_html]JTVCdGFibGUlMjBpZCUzRDElMjAlMkYlNUQ=[\/vc_raw_html][vc_raw_html]JTVCdGFibGUlMjBpZCUzRDIlMjAlMkYlNUQ=[\/vc_raw_html][vc_raw_html]JTVCdGFibGUlMjBpZCUzRDMlMjAlMkYlNUQ=[\/vc_raw_html][vc_raw_html]JTVCdGFibGUlMjBpZCUzRDUlMjAlMkYlNUQ=[\/vc_raw_html][\/vc_column][\/vc_row][vc_row full_width=&#8220;stretch_row&#8220; css_animation=&#8220;fadeInUp&#8220; el_class=&#8220;resource-btn-container&#8220;][vc_column][vc_custom_heading text=&#8220;Davit Cranes&#8220; font_container=&#8220;tag:h3|text_align:left|color:%23990000&#8243; use_theme_fonts=&#8220;yes&#8220;][vc_raw_html]JTVCdGFibGUlMjBpZCUzRDYlMjAlMkYlNUQ=[\/vc_raw_html][vc_raw_html]JTVCdGFibGUlMjBpZCUzRDclMjAlMkYlNUQ=[\/vc_raw_html][vc_raw_html]JTVCdGFibGUlMjBpZCUzRDglMjAlMkYlNUQ=[\/vc_raw_html][\/vc_column][\/vc_row][vc_row full_width=&#8220;stretch_row&#8220; css_animation=&#8220;fadeInUp&#8220; el_class=&#8220;resource-btn-container&#8220;][vc_column][vc_custom_heading text=&#8220;Big Red Air Winches&#8220; font_container=&#8220;tag:h3|text_align:left|color:%23990000&#8243; use_theme_fonts=&#8220;yes&#8220;][vc_raw_html]JTVCdGFibGUlMjBpZCUzRDklMjAlMkYlNUQ=[\/vc_raw_html][\/vc_column][\/vc_row][vc_row full_width=&#8220;stretch_row&#8220; css_animation=&#8220;fadeInUp&#8220; el_class=&#8220;resource-btn-container&#8220;][vc_column][vc_custom_heading text=&#8220;Hand Winches&#8220; font_container=&#8220;tag:h3|text_align:left|color:%23990000&#8243; use_theme_fonts=&#8220;yes&#8220;][vc_raw_html]JTVCdGFibGUlMjBpZCUzRDEwJTIwJTJGJTVE[\/vc_raw_html][vc_raw_html]JTVCdGFibGUlMjBpZCUzRDExJTIwJTJGJTVE[\/vc_raw_html][\/vc_column][\/vc_row][vc_row full_width=&#8220;stretch_row&#8220; css_animation=&#8220;fadeInUp&#8220; css=&#8220;.vc_custom_1695060439249{padding-top: 35px !important;padding-bottom: 35px !important;}&#8220; el_class=&#8220;resource-btn-container&#8220;][vc_column][vc_custom_heading text=&#8220;Accessories&#8220; font_container=&#8220;tag:h3|text_align:left|color:%23990000&#8243; use_theme_fonts=&#8220;yes&#8220;][vc_raw_html]JTVCdGFibGUlMjBpZCUzRDEyJTIwJTJGJTVE[\/vc_raw_html][vc_btn add_icon=&#8220;true&#8220; el_class=&#8220;do-not-show&#8220;][\/vc_column][\/vc_row]<\/p>\n<\/div>","protected":false},"excerpt":{"rendered":"<p>[vc_section full_width=&#8220;stretch_row&#8220; content_placement=&#8220;middle&#8220; css=&#8220;.vc_custom_1692301648320{padding-top: 0px !important;background-image: url(https:\/\/thern.com\/wp-content\/uploads\/2023\/07\/Thern-Inc_Resources-Hero.jpg?id=396) !important;background-position: center !important;background-repeat: no-repeat !important;background-size: cover !important;}&#8220;][vc_row full_width=&#8220;stretch_row&#8220; css=&#8220;.vc_custom_1692301655522{padding-top: 50px !important;padding-bottom: 70px !important;background-color: rgba(0,0,0,0.5) !important;*background-color: rgb(0,0,0) !important;}&#8220;][vc_column][vc_custom_heading text=&#8220;RESSOURCEN&#8220; font_container=&#8220;tag:h1|text_align:left|color:%23ffffff&#8220; use_theme_fonts=&#8220;yes&#8220; css_animation=&#8220;fadeInLeft&#8220;][\/vc_column][\/vc_row][\/vc_section][vc_row full_width=&#8220;stretch_row&#8220; css_animation=&#8220;fadeInUp&#8220; css=&#8220;.vc_custom_1695060413313{padding-top: 70px !important;}&#8220; el_class=&#8220;resource-btn-container&#8220;][vc_column][vc_custom_heading text=&#8220;Power Winches&#8220; font_container=&#8220;tag:h3|text_align:left|color:%23990000&#8243; use_theme_fonts=&#8220;yes&#8220;][vc_raw_html]JTVCdGFibGUlMjBpZCUzRDElMjAlMkYlNUQ=[\/vc_raw_html][vc_raw_html]JTVCdGFibGUlMjBpZCUzRDIlMjAlMkYlNUQ=[\/vc_raw_html][vc_raw_html]JTVCdGFibGUlMjBpZCUzRDMlMjAlMkYlNUQ=[\/vc_raw_html][vc_raw_html]JTVCdGFibGUlMjBpZCUzRDUlMjAlMkYlNUQ=[\/vc_raw_html][\/vc_column][\/vc_row][vc_row full_width=&#8220;stretch_row&#8220; css_animation=&#8220;fadeInUp&#8220; el_class=&#8220;resource-btn-container&#8220;][vc_column][vc_custom_heading text=&#8220;Davit Cranes&#8220; font_container=&#8220;tag:h3|text_align:left|color:%23990000&#8243; use_theme_fonts=&#8220;yes&#8220;][vc_raw_html]JTVCdGFibGUlMjBpZCUzRDYlMjAlMkYlNUQ=[\/vc_raw_html][vc_raw_html]JTVCdGFibGUlMjBpZCUzRDclMjAlMkYlNUQ=[\/vc_raw_html][vc_raw_html]JTVCdGFibGUlMjBpZCUzRDglMjAlMkYlNUQ=[\/vc_raw_html][\/vc_column][\/vc_row][vc_row full_width=&#8220;stretch_row&#8220; css_animation=&#8220;fadeInUp&#8220; el_class=&#8220;resource-btn-container&#8220;][vc_column][vc_custom_heading text=&#8220;Big Red Air Winches&#8220; font_container=&#8220;tag:h3|text_align:left|color:%23990000&#8243; use_theme_fonts=&#8220;yes&#8220;][vc_raw_html]JTVCdGFibGUlMjBpZCUzRDklMjAlMkYlNUQ=[\/vc_raw_html][\/vc_column][\/vc_row][vc_row full_width=&#8220;stretch_row&#8220; &#8230; <a title=\"Owner&#8217;s Manuals\" class=\"read-more\" href=\"https:\/\/thern.com\/de\/resources\/owners-manuals\/\" aria-label=\"More on Owner&#8217;s Manuals\">Read more<\/a><\/p>\n","protected":false},"author":1,"featured_media":0,"parent":30417,"menu_order":0,"comment_status":"closed","ping_status":"closed","template":"","meta":{"footnotes":""},"class_list":["post-30081","page","type-page","status-publish"],"yoast_head":"<!-- This site is optimized with the Yoast SEO plugin v27.4 - https:\/\/yoast.com\/product\/yoast-seo-wordpress\/ -->\n<title>Bedienungsanleitungen \u2013 Thern-Ressourcen \u2013 Weitere Produktinformationen erhalten | Thern, Inc<\/title>\n<meta name=\"description\" content=\"Das Thern Resource Center bietet Ihnen zus\u00e4tzliche ausf\u00fchrliche Informationen und visuelle Hilfsmittel, um mehr \u00fcber unsere Produkte zu erfahren. Entdecken Sie Ger\u00e4tehandb\u00fccher!\" \/>\n<meta name=\"robots\" content=\"index, follow, max-snippet:-1, max-image-preview:large, max-video-preview:-1\" \/>\n<link rel=\"canonical\" href=\"https:\/\/thern.com\/de\/resources\/owners-manuals\/\" \/>\n<meta property=\"og:locale\" content=\"de_DE\" \/>\n<meta property=\"og:type\" content=\"article\" \/>\n<meta property=\"og:title\" content=\"Bedienungsanleitungen \u2013 Thern-Ressourcen \u2013 Weitere Produktinformationen erhalten | Thern, Inc\" \/>\n<meta property=\"og:description\" content=\"Das Thern Resource Center bietet Ihnen zus\u00e4tzliche ausf\u00fchrliche Informationen und visuelle Hilfsmittel, um mehr \u00fcber unsere Produkte zu erfahren. Entdecken Sie Ger\u00e4tehandb\u00fccher!\" \/>\n<meta property=\"og:url\" content=\"https:\/\/thern.com\/de\/resources\/owners-manuals\/\" \/>\n<meta property=\"og:site_name\" content=\"Thern\u00ae Winches &amp; Cranes\" \/>\n<meta property=\"article:publisher\" content=\"https:\/\/www.facebook.com\/ThernInc\/\" \/>\n<meta property=\"article:modified_time\" content=\"2023-09-26T19:49:01+00:00\" \/>\n<meta name=\"twitter:card\" content=\"summary_large_image\" \/>\n<meta name=\"twitter:label1\" content=\"Gesch\u00e4tzte Lesezeit\" \/>\n\t<meta name=\"twitter:data1\" content=\"1 Minute\" \/>\n<script type=\"application\/ld+json\" class=\"yoast-schema-graph\">{\"@context\":\"https:\\\/\\\/schema.org\",\"@graph\":[{\"@type\":\"WebPage\",\"@id\":\"https:\\\/\\\/thern.com\\\/de\\\/resources\\\/owners-manuals\\\/\",\"url\":\"https:\\\/\\\/thern.com\\\/de\\\/resources\\\/owners-manuals\\\/\",\"name\":\"Bedienungsanleitungen \u2013 Thern-Ressourcen \u2013 Weitere Produktinformationen erhalten | Thern, Inc\",\"isPartOf\":{\"@id\":\"https:\\\/\\\/thern.com\\\/de\\\/#website\"},\"datePublished\":\"2023-07-11T20:25:00+00:00\",\"dateModified\":\"2023-09-26T19:49:01+00:00\",\"description\":\"Das Thern Resource Center bietet Ihnen zus\u00e4tzliche ausf\u00fchrliche Informationen und visuelle Hilfsmittel, um mehr \u00fcber unsere Produkte zu erfahren. Entdecken Sie Ger\u00e4tehandb\u00fccher!\",\"breadcrumb\":{\"@id\":\"https:\\\/\\\/thern.com\\\/de\\\/resources\\\/owners-manuals\\\/#breadcrumb\"},\"inLanguage\":\"de-DE\",\"potentialAction\":[{\"@type\":\"ReadAction\",\"target\":[\"https:\\\/\\\/thern.com\\\/de\\\/resources\\\/owners-manuals\\\/\"]}]},{\"@type\":\"BreadcrumbList\",\"@id\":\"https:\\\/\\\/thern.com\\\/de\\\/resources\\\/owners-manuals\\\/#breadcrumb\",\"itemListElement\":[{\"@type\":\"ListItem\",\"position\":1,\"name\":\"Home\",\"item\":\"https:\\\/\\\/thern.com\\\/de\\\/\"},{\"@type\":\"ListItem\",\"position\":2,\"name\":\"Resources\",\"item\":\"https:\\\/\\\/thern.com\\\/de\\\/resources\\\/\"},{\"@type\":\"ListItem\",\"position\":3,\"name\":\"Owner&#8217;s Manuals\"}]},{\"@type\":\"WebSite\",\"@id\":\"https:\\\/\\\/thern.com\\\/de\\\/#website\",\"url\":\"https:\\\/\\\/thern.com\\\/de\\\/\",\"name\":\"Thern\u00ae Winches &amp; Cranes\",\"description\":\"Leave the Heavy Lifting to Us\",\"publisher\":{\"@id\":\"https:\\\/\\\/thern.com\\\/de\\\/#organization\"},\"potentialAction\":[{\"@type\":\"SearchAction\",\"target\":{\"@type\":\"EntryPoint\",\"urlTemplate\":\"https:\\\/\\\/thern.com\\\/de\\\/?s={search_term_string}\"},\"query-input\":{\"@type\":\"PropertyValueSpecification\",\"valueRequired\":true,\"valueName\":\"search_term_string\"}}],\"inLanguage\":\"de-DE\"},{\"@type\":\"Organization\",\"@id\":\"https:\\\/\\\/thern.com\\\/de\\\/#organization\",\"name\":\"Thern\u00ae Winches &amp; Cranes\",\"url\":\"https:\\\/\\\/thern.com\\\/de\\\/\",\"logo\":{\"@type\":\"ImageObject\",\"inLanguage\":\"de-DE\",\"@id\":\"https:\\\/\\\/thern.com\\\/de\\\/#\\\/schema\\\/logo\\\/image\\\/\",\"url\":\"https:\\\/\\\/thern.com\\\/wp-content\\\/uploads\\\/2023\\\/11\\\/Logo_SaveForWeb-outline-FINAL-01.svg\",\"contentUrl\":\"https:\\\/\\\/thern.com\\\/wp-content\\\/uploads\\\/2023\\\/11\\\/Logo_SaveForWeb-outline-FINAL-01.svg\",\"caption\":\"Thern\u00ae Winches &amp; Cranes\"},\"image\":{\"@id\":\"https:\\\/\\\/thern.com\\\/de\\\/#\\\/schema\\\/logo\\\/image\\\/\"},\"sameAs\":[\"https:\\\/\\\/www.facebook.com\\\/ThernInc\\\/\",\"https:\\\/\\\/www.linkedin.com\\\/company\\\/thern-inc-\\\/\",\"https:\\\/\\\/www.youtube.com\\\/user\\\/ThernStage\"]}]}<\/script>\n<!-- \/ Yoast SEO plugin. -->","yoast_head_json":{"title":"Bedienungsanleitungen \u2013 Thern-Ressourcen \u2013 Weitere Produktinformationen erhalten | Thern, Inc","description":"Das Thern Resource Center bietet Ihnen zus\u00e4tzliche ausf\u00fchrliche Informationen und visuelle Hilfsmittel, um mehr \u00fcber unsere Produkte zu erfahren. Entdecken Sie Ger\u00e4tehandb\u00fccher!","robots":{"index":"index","follow":"follow","max-snippet":"max-snippet:-1","max-image-preview":"max-image-preview:large","max-video-preview":"max-video-preview:-1"},"canonical":"https:\/\/thern.com\/de\/resources\/owners-manuals\/","og_locale":"de_DE","og_type":"article","og_title":"Bedienungsanleitungen \u2013 Thern-Ressourcen \u2013 Weitere Produktinformationen erhalten | Thern, Inc","og_description":"Das Thern Resource Center bietet Ihnen zus\u00e4tzliche ausf\u00fchrliche Informationen und visuelle Hilfsmittel, um mehr \u00fcber unsere Produkte zu erfahren. Entdecken Sie Ger\u00e4tehandb\u00fccher!","og_url":"https:\/\/thern.com\/de\/resources\/owners-manuals\/","og_site_name":"Thern\u00ae Winches &amp; Cranes","article_publisher":"https:\/\/www.facebook.com\/ThernInc\/","article_modified_time":"2023-09-26T19:49:01+00:00","twitter_card":"summary_large_image","twitter_misc":{"Gesch\u00e4tzte Lesezeit":"1 Minute"},"schema":{"@context":"https:\/\/schema.org","@graph":[{"@type":"WebPage","@id":"https:\/\/thern.com\/de\/resources\/owners-manuals\/","url":"https:\/\/thern.com\/de\/resources\/owners-manuals\/","name":"Bedienungsanleitungen \u2013 Thern-Ressourcen \u2013 Weitere Produktinformationen erhalten | Thern, Inc","isPartOf":{"@id":"https:\/\/thern.com\/de\/#website"},"datePublished":"2023-07-11T20:25:00+00:00","dateModified":"2023-09-26T19:49:01+00:00","description":"Das Thern Resource Center bietet Ihnen zus\u00e4tzliche ausf\u00fchrliche Informationen und visuelle Hilfsmittel, um mehr \u00fcber unsere Produkte zu erfahren. Entdecken Sie Ger\u00e4tehandb\u00fccher!","breadcrumb":{"@id":"https:\/\/thern.com\/de\/resources\/owners-manuals\/#breadcrumb"},"inLanguage":"de-DE","potentialAction":[{"@type":"ReadAction","target":["https:\/\/thern.com\/de\/resources\/owners-manuals\/"]}]},{"@type":"BreadcrumbList","@id":"https:\/\/thern.com\/de\/resources\/owners-manuals\/#breadcrumb","itemListElement":[{"@type":"ListItem","position":1,"name":"Home","item":"https:\/\/thern.com\/de\/"},{"@type":"ListItem","position":2,"name":"Resources","item":"https:\/\/thern.com\/de\/resources\/"},{"@type":"ListItem","position":3,"name":"Owner&#8217;s Manuals"}]},{"@type":"WebSite","@id":"https:\/\/thern.com\/de\/#website","url":"https:\/\/thern.com\/de\/","name":"Thern\u00ae Winches &amp; Cranes","description":"Leave the Heavy Lifting to Us","publisher":{"@id":"https:\/\/thern.com\/de\/#organization"},"potentialAction":[{"@type":"SearchAction","target":{"@type":"EntryPoint","urlTemplate":"https:\/\/thern.com\/de\/?s={search_term_string}"},"query-input":{"@type":"PropertyValueSpecification","valueRequired":true,"valueName":"search_term_string"}}],"inLanguage":"de-DE"},{"@type":"Organization","@id":"https:\/\/thern.com\/de\/#organization","name":"Thern\u00ae Winches &amp; Cranes","url":"https:\/\/thern.com\/de\/","logo":{"@type":"ImageObject","inLanguage":"de-DE","@id":"https:\/\/thern.com\/de\/#\/schema\/logo\/image\/","url":"https:\/\/thern.com\/wp-content\/uploads\/2023\/11\/Logo_SaveForWeb-outline-FINAL-01.svg","contentUrl":"https:\/\/thern.com\/wp-content\/uploads\/2023\/11\/Logo_SaveForWeb-outline-FINAL-01.svg","caption":"Thern\u00ae Winches &amp; Cranes"},"image":{"@id":"https:\/\/thern.com\/de\/#\/schema\/logo\/image\/"},"sameAs":["https:\/\/www.facebook.com\/ThernInc\/","https:\/\/www.linkedin.com\/company\/thern-inc-\/","https:\/\/www.youtube.com\/user\/ThernStage"]}]}},"_links":{"self":[{"href":"https:\/\/thern.com\/de\/wp-json\/wp\/v2\/pages\/30081","targetHints":{"allow":["GET"]}}],"collection":[{"href":"https:\/\/thern.com\/de\/wp-json\/wp\/v2\/pages"}],"about":[{"href":"https:\/\/thern.com\/de\/wp-json\/wp\/v2\/types\/page"}],"author":[{"embeddable":true,"href":"https:\/\/thern.com\/de\/wp-json\/wp\/v2\/users\/1"}],"replies":[{"embeddable":true,"href":"https:\/\/thern.com\/de\/wp-json\/wp\/v2\/comments?post=30081"}],"version-history":[{"count":0,"href":"https:\/\/thern.com\/de\/wp-json\/wp\/v2\/pages\/30081\/revisions"}],"up":[{"embeddable":true,"href":"https:\/\/thern.com\/de\/wp-json\/wp\/v2\/pages\/30417"}],"wp:attachment":[{"href":"https:\/\/thern.com\/de\/wp-json\/wp\/v2\/media?parent=30081"}],"curies":[{"name":"wp","href":"https:\/\/api.w.org\/{rel}","templated":true}]}}