{"id":25944,"date":"2023-07-11T18:48:46","date_gmt":"2023-07-11T18:48:46","guid":{"rendered":"https:\/\/therninc.wpenginepowered.com\/ueber\/"},"modified":"2023-09-26T22:51:34","modified_gmt":"2023-09-26T22:51:34","slug":"about","status":"publish","type":"page","link":"https:\/\/thern.com\/de\/about\/","title":{"rendered":"About"},"content":{"rendered":"<div class=\"wpb-content-wrapper\"><p>[vc_section full_width=&#8220;stretch_row&#8220; full_height=&#8220;yes&#8220; content_placement=&#8220;bottom&#8220; css=&#8220;.vc_custom_1689101152808{background-image: url(https:\/\/thern.com\/wp-content\/uploads\/2023\/07\/Thern-Inc_About-Hero.jpg?id=343) !important;background-position: center !important;background-repeat: no-repeat !important;background-size: cover !important;}&#8220;][vc_row full_width=&#8220;stretch_row&#8220; css=&#8220;.vc_custom_1689100740503{padding-bottom: 95px !important;background-color: rgba(0,0,0,0.5) !important;*background-color: rgb(0,0,0) !important;}&#8220;][vc_column][vc_custom_heading text=&#8220;\u00dcber&#8220; font_container=&#8220;tag:h1|text_align:left|color:%23ffffff&#8220; use_theme_fonts=&#8220;yes&#8220;][\/vc_column][\/vc_row][\/vc_section][vc_row full_width=&#8220;stretch_row&#8220; equal_height=&#8220;yes&#8220; content_placement=&#8220;middle&#8220; css=&#8220;.vc_custom_1689100747582{padding-bottom: 35px !important;background-color: #c71a32 !important;}&#8220;][vc_column][vc_custom_heading text=&#8220;Thern Winden &amp; Krane&#8220; font_container=&#8220;tag:h2|text_align:left|color:%23ffffff&#8220; use_theme_fonts=&#8220;yes&#8220;][\/vc_column][\/vc_row][vc_row full_width=&#8220;stretch_row&#8220;][vc_column width=&#8220;1\/2&#8243;][vc_custom_heading text=&#8220;HEBE-L\u00d6SUNGEN VON EINEM NAMEN, DEM SIE VERTRAUEN&#8220; font_container=&#8220;tag:h6|text_align:left|color:%23990000&#8243; use_theme_fonts=&#8220;yes&#8220;][vc_column_text]Thern, Inc. ist ein Winden- und Kranhersteller in Familienbesitz, der stolz im Herzen des Mittleren Westens der USA ans\u00e4ssig ist &#8211; einem Ort, an dem harte Arbeit, Ehrlichkeit und hervorragende Leistungen nach wie vor zu den Grundwerten geh\u00f6ren. Langlebigkeit, Zuverl\u00e4ssigkeit, Qualit\u00e4t und hervorragender Service stehen bei uns im Mittelpunkt. Mit einem starken Ingenieurteam und dem Ruf f\u00fcr au\u00dfergew\u00f6hnliche Lieferzeiten kann Thern selbst die anspruchsvollsten Projekte bew\u00e4ltigen.[\/vc_column_text][\/vc_column][vc_column width=&#8220;1\/2&#8243;][vc_row_inner content_placement=&#8220;bottom&#8220; gap=&#8220;15&#8243; el_class=&#8220;white-arrow&#8220;][vc_column_inner width=&#8220;1\/2&#8243; css=&#8220;.vc_custom_1691520627954{background-image: url(https:\/\/thern.com\/wp-content\/uploads\/2023\/08\/Thern_About-History-1.jpg?id=22388) !important;background-position: center !important;background-repeat: no-repeat !important;background-size: cover !important;}&#8220;][vc_custom_heading text=&#8220;Entdecken Sie<br \/>\nUnsere Geschichte&#8220; font_container=&#8220;tag:h5|text_align:left|color:%23ffffff&#8220; use_theme_fonts=&#8220;yes&#8220; link=&#8220;url:%2Fde%2Fhistory%2F|title:Therns%20Geschichte%20ansehen&#8220;][\/vc_column_inner][vc_column_inner width=&#8220;1\/2&#8243; css=&#8220;.vc_custom_1691521628686{background-image: url(https:\/\/thern.com\/wp-content\/uploads\/2023\/08\/Thern_About-History-2.jpg?id=22392) !important;background-position: center !important;background-repeat: no-repeat !important;background-size: cover !important;}&#8220;][vc_custom_heading text=&#8220;The Thern<br \/>\nAdvantage&#8220; font_container=&#8220;tag:h5|text_align:left|color:%23ffffff&#8220; use_theme_fonts=&#8220;yes&#8220; link=&#8220;url:%2Fde%2Fthern-advantage%2F|title:Sehen%20Sie%20den%20Thern-Vorteil&#8220;][\/vc_column_inner][\/vc_row_inner][\/vc_column][\/vc_row][vc_row content_placement=&#8220;middle&#8220; css=&#8220;.vc_custom_1691522249632{padding-bottom: 15px !important;}&#8220;][vc_column width=&#8220;1\/2&#8243;][vc_row_inner content_placement=&#8220;middle&#8220; el_class=&#8220;black-arrow&#8220;][vc_column_inner width=&#8220;1\/4&#8243;][\/vc_column_inner][vc_column_inner width=&#8220;1\/2&#8243;][vc_custom_heading text=&#8220;Karriere<br \/>\nbei Thern&#8220; font_container=&#8220;tag:h5|text_align:left|color:%23000000&#8243; use_theme_fonts=&#8220;yes&#8220; link=&#8220;url:%2Fde%2Fcareers%2F|title:Bewerben%20Sie%20sich%20f%C3%BCr%20eine%20Thern-Karriere&#8220;][\/vc_column_inner][vc_column_inner width=&#8220;1\/4&#8243;][\/vc_column_inner][\/vc_row_inner][\/vc_column][vc_column width=&#8220;1\/2&#8243;][vc_row_inner content_placement=&#8220;middle&#8220; el_class=&#8220;black-arrow&#8220;][vc_column_inner width=&#8220;1\/4&#8243;][\/vc_column_inner][vc_column_inner width=&#8220;1\/2&#8243;][vc_custom_heading text=&#8220;Kunde<br \/>\nTestimonials&#8220; font_container=&#8220;tag:h5|text_align:left|color:%23000000&#8243; use_theme_fonts=&#8220;yes&#8220; link=&#8220;url:%2Fde%2Ftestimonials%2F|title:Thern%20Testimonials%20ansehen&#8220;][\/vc_column_inner][vc_column_inner width=&#8220;1\/4&#8243;][\/vc_column_inner][\/vc_row_inner][\/vc_column][\/vc_row][vc_row full_width=&#8220;stretch_row&#8220; css=&#8220;.vc_custom_1689101285854{background-image: url(https:\/\/thern.com\/wp-content\/uploads\/2023\/07\/Asset-1.png?id=344) !important;background-position: center !important;background-repeat: no-repeat !important;background-size: cover !important;}&#8220;][vc_column][vc_empty_space height=&#8220;250px&#8220;][\/vc_column][\/vc_row]<\/p>\n<\/div>","protected":false},"excerpt":{"rendered":"<p>[vc_section full_width=&#8220;stretch_row&#8220; full_height=&#8220;yes&#8220; content_placement=&#8220;bottom&#8220; css=&#8220;.vc_custom_1689101152808{background-image: url(https:\/\/thern.com\/wp-content\/uploads\/2023\/07\/Thern-Inc_About-Hero.jpg?id=343) !important;background-position: center !important;background-repeat: no-repeat !important;background-size: cover !important;}&#8220;][vc_row full_width=&#8220;stretch_row&#8220; css=&#8220;.vc_custom_1689100740503{padding-bottom: 95px !important;background-color: rgba(0,0,0,0.5) !important;*background-color: rgb(0,0,0) !important;}&#8220;][vc_column][vc_custom_heading text=&#8220;\u00dcber&#8220; font_container=&#8220;tag:h1|text_align:left|color:%23ffffff&#8220; use_theme_fonts=&#8220;yes&#8220;][\/vc_column][\/vc_row][\/vc_section][vc_row full_width=&#8220;stretch_row&#8220; equal_height=&#8220;yes&#8220; content_placement=&#8220;middle&#8220; css=&#8220;.vc_custom_1689100747582{padding-bottom: 35px !important;background-color: #c71a32 !important;}&#8220;][vc_column][vc_custom_heading text=&#8220;Thern Winden &amp; Krane&#8220; font_container=&#8220;tag:h2|text_align:left|color:%23ffffff&#8220; use_theme_fonts=&#8220;yes&#8220;][\/vc_column][\/vc_row][vc_row full_width=&#8220;stretch_row&#8220;][vc_column width=&#8220;1\/2&#8243;][vc_custom_heading text=&#8220;HEBE-L\u00d6SUNGEN VON EINEM NAMEN, DEM SIE VERTRAUEN&#8220; font_container=&#8220;tag:h6|text_align:left|color:%23990000&#8243; use_theme_fonts=&#8220;yes&#8220;][vc_column_text]Thern, Inc. ist ein Winden- und Kranhersteller &#8230; <a title=\"About\" class=\"read-more\" href=\"https:\/\/thern.com\/de\/about\/\" aria-label=\"More on About\">Read more<\/a><\/p>\n","protected":false},"author":1,"featured_media":0,"parent":0,"menu_order":0,"comment_status":"closed","ping_status":"closed","template":"","meta":{"footnotes":""},"class_list":["post-25944","page","type-page","status-publish"],"yoast_head":"<!-- This site is optimized with the Yoast SEO plugin v27.3 - https:\/\/yoast.com\/product\/yoast-seo-wordpress\/ -->\n<title>Thern, Inc.: \u00dcber uns \u2013 Hochwertige Winden und Kr\u00e4ne, hergestellt in den USA<\/title>\n<meta name=\"description\" content=\"Thern, Inc. ist ein familiengef\u00fchrter Winden- und Kranhersteller mit stolzem Sitz im Herzen des Mittleren Westens der Vereinigten Staaten.\" \/>\n<meta name=\"robots\" content=\"index, follow, max-snippet:-1, max-image-preview:large, max-video-preview:-1\" \/>\n<link rel=\"canonical\" href=\"https:\/\/thern.com\/de\/about\/\" \/>\n<meta property=\"og:locale\" content=\"de_DE\" \/>\n<meta property=\"og:type\" content=\"article\" \/>\n<meta property=\"og:title\" content=\"Thern, Inc.: \u00dcber uns \u2013 Hochwertige Winden und Kr\u00e4ne, hergestellt in den USA\" \/>\n<meta property=\"og:description\" content=\"Thern, Inc. ist ein familiengef\u00fchrter Winden- und Kranhersteller mit stolzem Sitz im Herzen des Mittleren Westens der Vereinigten Staaten.\" \/>\n<meta property=\"og:url\" content=\"https:\/\/thern.com\/de\/about\/\" \/>\n<meta property=\"og:site_name\" content=\"Thern\u00ae Winches &amp; Cranes\" \/>\n<meta property=\"article:publisher\" content=\"https:\/\/www.facebook.com\/ThernInc\/\" \/>\n<meta property=\"article:modified_time\" content=\"2023-09-26T22:51:34+00:00\" \/>\n<meta name=\"twitter:card\" content=\"summary_large_image\" \/>\n<meta name=\"twitter:label1\" content=\"Gesch\u00e4tzte Lesezeit\" \/>\n\t<meta name=\"twitter:data1\" content=\"1 Minute\" \/>\n<script type=\"application\/ld+json\" class=\"yoast-schema-graph\">{\"@context\":\"https:\\\/\\\/schema.org\",\"@graph\":[{\"@type\":\"WebPage\",\"@id\":\"https:\\\/\\\/thern.com\\\/de\\\/about\\\/\",\"url\":\"https:\\\/\\\/thern.com\\\/de\\\/about\\\/\",\"name\":\"Thern, Inc.: \u00dcber uns \u2013 Hochwertige Winden und Kr\u00e4ne, hergestellt in den USA\",\"isPartOf\":{\"@id\":\"https:\\\/\\\/thern.com\\\/de\\\/#website\"},\"datePublished\":\"2023-07-11T18:48:46+00:00\",\"dateModified\":\"2023-09-26T22:51:34+00:00\",\"description\":\"Thern, Inc. ist ein familiengef\u00fchrter Winden- und Kranhersteller mit stolzem Sitz im Herzen des Mittleren Westens der Vereinigten Staaten.\",\"breadcrumb\":{\"@id\":\"https:\\\/\\\/thern.com\\\/de\\\/about\\\/#breadcrumb\"},\"inLanguage\":\"de-DE\",\"potentialAction\":[{\"@type\":\"ReadAction\",\"target\":[\"https:\\\/\\\/thern.com\\\/de\\\/about\\\/\"]}]},{\"@type\":\"BreadcrumbList\",\"@id\":\"https:\\\/\\\/thern.com\\\/de\\\/about\\\/#breadcrumb\",\"itemListElement\":[{\"@type\":\"ListItem\",\"position\":1,\"name\":\"Home\",\"item\":\"https:\\\/\\\/thern.com\\\/de\\\/\"},{\"@type\":\"ListItem\",\"position\":2,\"name\":\"About\"}]},{\"@type\":\"WebSite\",\"@id\":\"https:\\\/\\\/thern.com\\\/de\\\/#website\",\"url\":\"https:\\\/\\\/thern.com\\\/de\\\/\",\"name\":\"Thern\u00ae Winches &amp; Cranes\",\"description\":\"Leave the Heavy Lifting to Us\",\"publisher\":{\"@id\":\"https:\\\/\\\/thern.com\\\/de\\\/#organization\"},\"potentialAction\":[{\"@type\":\"SearchAction\",\"target\":{\"@type\":\"EntryPoint\",\"urlTemplate\":\"https:\\\/\\\/thern.com\\\/de\\\/?s={search_term_string}\"},\"query-input\":{\"@type\":\"PropertyValueSpecification\",\"valueRequired\":true,\"valueName\":\"search_term_string\"}}],\"inLanguage\":\"de-DE\"},{\"@type\":\"Organization\",\"@id\":\"https:\\\/\\\/thern.com\\\/de\\\/#organization\",\"name\":\"Thern\u00ae Winches &amp; Cranes\",\"url\":\"https:\\\/\\\/thern.com\\\/de\\\/\",\"logo\":{\"@type\":\"ImageObject\",\"inLanguage\":\"de-DE\",\"@id\":\"https:\\\/\\\/thern.com\\\/de\\\/#\\\/schema\\\/logo\\\/image\\\/\",\"url\":\"https:\\\/\\\/thern.com\\\/wp-content\\\/uploads\\\/2023\\\/11\\\/Logo_SaveForWeb-outline-FINAL-01.svg\",\"contentUrl\":\"https:\\\/\\\/thern.com\\\/wp-content\\\/uploads\\\/2023\\\/11\\\/Logo_SaveForWeb-outline-FINAL-01.svg\",\"caption\":\"Thern\u00ae Winches &amp; Cranes\"},\"image\":{\"@id\":\"https:\\\/\\\/thern.com\\\/de\\\/#\\\/schema\\\/logo\\\/image\\\/\"},\"sameAs\":[\"https:\\\/\\\/www.facebook.com\\\/ThernInc\\\/\",\"https:\\\/\\\/www.linkedin.com\\\/company\\\/thern-inc-\\\/\",\"https:\\\/\\\/www.youtube.com\\\/user\\\/ThernStage\"]}]}<\/script>\n<!-- \/ Yoast SEO plugin. -->","yoast_head_json":{"title":"Thern, Inc.: \u00dcber uns \u2013 Hochwertige Winden und Kr\u00e4ne, hergestellt in den USA","description":"Thern, Inc. ist ein familiengef\u00fchrter Winden- und Kranhersteller mit stolzem Sitz im Herzen des Mittleren Westens der Vereinigten Staaten.","robots":{"index":"index","follow":"follow","max-snippet":"max-snippet:-1","max-image-preview":"max-image-preview:large","max-video-preview":"max-video-preview:-1"},"canonical":"https:\/\/thern.com\/de\/about\/","og_locale":"de_DE","og_type":"article","og_title":"Thern, Inc.: \u00dcber uns \u2013 Hochwertige Winden und Kr\u00e4ne, hergestellt in den USA","og_description":"Thern, Inc. ist ein familiengef\u00fchrter Winden- und Kranhersteller mit stolzem Sitz im Herzen des Mittleren Westens der Vereinigten Staaten.","og_url":"https:\/\/thern.com\/de\/about\/","og_site_name":"Thern\u00ae Winches &amp; Cranes","article_publisher":"https:\/\/www.facebook.com\/ThernInc\/","article_modified_time":"2023-09-26T22:51:34+00:00","twitter_card":"summary_large_image","twitter_misc":{"Gesch\u00e4tzte Lesezeit":"1 Minute"},"schema":{"@context":"https:\/\/schema.org","@graph":[{"@type":"WebPage","@id":"https:\/\/thern.com\/de\/about\/","url":"https:\/\/thern.com\/de\/about\/","name":"Thern, Inc.: \u00dcber uns \u2013 Hochwertige Winden und Kr\u00e4ne, hergestellt in den USA","isPartOf":{"@id":"https:\/\/thern.com\/de\/#website"},"datePublished":"2023-07-11T18:48:46+00:00","dateModified":"2023-09-26T22:51:34+00:00","description":"Thern, Inc. ist ein familiengef\u00fchrter Winden- und Kranhersteller mit stolzem Sitz im Herzen des Mittleren Westens der Vereinigten Staaten.","breadcrumb":{"@id":"https:\/\/thern.com\/de\/about\/#breadcrumb"},"inLanguage":"de-DE","potentialAction":[{"@type":"ReadAction","target":["https:\/\/thern.com\/de\/about\/"]}]},{"@type":"BreadcrumbList","@id":"https:\/\/thern.com\/de\/about\/#breadcrumb","itemListElement":[{"@type":"ListItem","position":1,"name":"Home","item":"https:\/\/thern.com\/de\/"},{"@type":"ListItem","position":2,"name":"About"}]},{"@type":"WebSite","@id":"https:\/\/thern.com\/de\/#website","url":"https:\/\/thern.com\/de\/","name":"Thern\u00ae Winches &amp; Cranes","description":"Leave the Heavy Lifting to Us","publisher":{"@id":"https:\/\/thern.com\/de\/#organization"},"potentialAction":[{"@type":"SearchAction","target":{"@type":"EntryPoint","urlTemplate":"https:\/\/thern.com\/de\/?s={search_term_string}"},"query-input":{"@type":"PropertyValueSpecification","valueRequired":true,"valueName":"search_term_string"}}],"inLanguage":"de-DE"},{"@type":"Organization","@id":"https:\/\/thern.com\/de\/#organization","name":"Thern\u00ae Winches &amp; Cranes","url":"https:\/\/thern.com\/de\/","logo":{"@type":"ImageObject","inLanguage":"de-DE","@id":"https:\/\/thern.com\/de\/#\/schema\/logo\/image\/","url":"https:\/\/thern.com\/wp-content\/uploads\/2023\/11\/Logo_SaveForWeb-outline-FINAL-01.svg","contentUrl":"https:\/\/thern.com\/wp-content\/uploads\/2023\/11\/Logo_SaveForWeb-outline-FINAL-01.svg","caption":"Thern\u00ae Winches &amp; Cranes"},"image":{"@id":"https:\/\/thern.com\/de\/#\/schema\/logo\/image\/"},"sameAs":["https:\/\/www.facebook.com\/ThernInc\/","https:\/\/www.linkedin.com\/company\/thern-inc-\/","https:\/\/www.youtube.com\/user\/ThernStage"]}]}},"_links":{"self":[{"href":"https:\/\/thern.com\/de\/wp-json\/wp\/v2\/pages\/25944","targetHints":{"allow":["GET"]}}],"collection":[{"href":"https:\/\/thern.com\/de\/wp-json\/wp\/v2\/pages"}],"about":[{"href":"https:\/\/thern.com\/de\/wp-json\/wp\/v2\/types\/page"}],"author":[{"embeddable":true,"href":"https:\/\/thern.com\/de\/wp-json\/wp\/v2\/users\/1"}],"replies":[{"embeddable":true,"href":"https:\/\/thern.com\/de\/wp-json\/wp\/v2\/comments?post=25944"}],"version-history":[{"count":0,"href":"https:\/\/thern.com\/de\/wp-json\/wp\/v2\/pages\/25944\/revisions"}],"wp:attachment":[{"href":"https:\/\/thern.com\/de\/wp-json\/wp\/v2\/media?parent=25944"}],"curies":[{"name":"wp","href":"https:\/\/api.w.org\/{rel}","templated":true}]}}